{"id":10117,"date":"2023-09-07T20:16:05","date_gmt":"2023-09-07T20:16:05","guid":{"rendered":"https:\/\/natus.com\/olympic-vac-pac\/"},"modified":"2024-12-20T22:10:58","modified_gmt":"2024-12-20T22:10:58","slug":"olympic-vac-pac-zur-positionierung-von-patienten","status":"publish","type":"page","link":"https:\/\/natus.com\/de\/neuro\/olympic-vac-pac-zur-positionierung-von-patienten\/","title":{"rendered":"Olympic Vac-Pac\u00ae zur Positionierung von Patienten"},"content":{"rendered":"","protected":false},"excerpt":{"rendered":"","protected":false},"author":3,"featured_media":0,"parent":10462,"menu_order":0,"comment_status":"closed","ping_status":"closed","template":"templates\/page-neuro-solutions-product-landing.php","meta":{"_acf_changed":false,"footnotes":""},"categories":[190],"tags":[],"class_list":["post-10117","page","type-page","status-publish","hentry","category-medizinisch-chirurgisch-de"],"acf":{"content_blocks":[{"acf_fc_layout":"spacer","_acfe_flexible_toggle":"","spacer":{"module_options":{"":null,"module_id":"n65145318daa50","module_class":"","module_background_type":"color","module_background_color":"#00aaa7","module_background_image":false,"module_background_video":"","activate_custom_padding":false,"padding_top_desktop":"0","padding_top_tablet":"0","padding_top_mobile":"0","padding_bottom_desktop":"0","padding_bottom_tablet":"0","padding_bottom_mobile":"0","activate_custom_margin":false,"margin_top_desktop":"0","margin_top_tablet":"0","margin_top_mobile":"0","margin_bottom_desktop":"0","margin_bottom_tablet":"0","margin_bottom_mobile":"0","disable_on":[],"content_alignment_desktop":"left","content_alignment_tablet":"left","content_alignment_mobile":"left"},"height":"270"}},{"acf_fc_layout":"intro_with_sticky_image","_acfe_flexible_toggle":"","left_content_right_image_sticky":{"module_options":{"":null,"module_id":"n65145318e0fcb","module_class":"","module_background_type":"color","module_background_color":"#f1f1f1","module_background_image":false,"module_background_video":"","activate_custom_padding":false,"padding_top_desktop":"0","padding_top_tablet":"0","padding_top_mobile":"0","padding_bottom_desktop":"0","padding_bottom_tablet":"0","padding_bottom_mobile":"0","activate_custom_margin":false,"margin_top_desktop":"0","margin_top_tablet":"0","margin_top_mobile":"0","margin_bottom_desktop":"0","margin_bottom_tablet":"0","margin_bottom_mobile":"0","disable_on":[],"content_alignment_desktop":"left","content_alignment_tablet":"left","content_alignment_mobile":"left"},"":null,"title":"Olympic Vac-Pac\u00ae zur Positionierung von Patienten","subheader":"<p>Eine sichere, schnelle Methode zur Lagerung und Positionierung von Patienten w\u00e4hrend eines chirurgischen Eingriffs. Der Olympic Vac-Pac<sup>\u00ae<\/sup>\u00a0Positionierer passt sich der Form des Patienten an und h\u00e4lt den\u00a0Patienten bei der medizinischen Versorgung ausgew\u00e4hlter K\u00f6rperregionen in einer sicheren Position.<\/p>\n<p><span style=\"font-size: 11px;\">Das Produkt ist m\u00f6glicherweise nicht in allen L\u00e4ndern erh\u00e4ltlich. L\u00e4nderspezifische Informationen erhalten Sie bei Natus.<\/span><\/p>\n","icons":false,"quick_navigation":[{"quick_link":{"type":"url","value":"#contact-neuro","url":"#contact-neuro","name":"#contact-neuro","title":"Kontakt","target":""}},{"quick_link":{"type":"url","value":"#n6514531ac4c08","url":"#n6514531ac4c08","name":"#n6514531ac4c08","title":"Mehr Details erkunden","target":""}}],"description":"","message_label":"Service und Unterst\u00fctzung","message_title":"Suchen Sie einen Neuro-Produktservice oder technische Unterst\u00fctzung?","message_link":{"type":"post","value":"8364","url":"https:\/\/natus.com\/de\/support\/","name":"Service und Support","title":"Natus Service und Unterst\u00fctzung","target":""},"right_sticky_image":{"ID":4499,"id":4499,"title":"Vac Pac Main Product Photo - 800x450","filename":"Vac-Pac-Main-Product-Photo-800x450-1.png","filesize":296719,"url":"https:\/\/natus.com\/wp-content\/uploads\/Vac-Pac-Main-Product-Photo-800x450-1.png","link":"https:\/\/natus.com\/de\/neuro\/olympic-vac-pac-zur-positionierung-von-patienten\/vac-pac-main-product-photo-800x450-2\/","alt":"Olympic Vac-Pac\u00ae for Patient Positioning","author":"2","description":"","caption":"","name":"vac-pac-main-product-photo-800x450-2","status":"inherit","uploaded_to":10117,"date":"2023-09-14 23:45:37","modified":"2024-07-29 20:21:57","menu_order":0,"mime_type":"image\/png","type":"image","subtype":"png","icon":"https:\/\/natus.com\/wp-includes\/images\/media\/default.png","width":500,"height":850,"sizes":{"thumbnail":"https:\/\/natus.com\/wp-content\/uploads\/Vac-Pac-Main-Product-Photo-800x450-1.png","thumbnail-width":56,"thumbnail-height":96,"medium":"https:\/\/natus.com\/wp-content\/uploads\/Vac-Pac-Main-Product-Photo-800x450-1.png","medium-width":500,"medium-height":850,"medium_large":"https:\/\/natus.com\/wp-content\/uploads\/Vac-Pac-Main-Product-Photo-800x450-1.png","medium_large-width":500,"medium_large-height":850,"large":"https:\/\/natus.com\/wp-content\/uploads\/Vac-Pac-Main-Product-Photo-800x450-1.png","large-width":500,"large-height":850,"1536x1536":"https:\/\/natus.com\/wp-content\/uploads\/Vac-Pac-Main-Product-Photo-800x450-1.png","1536x1536-width":500,"1536x1536-height":850,"2048x2048":"https:\/\/natus.com\/wp-content\/uploads\/Vac-Pac-Main-Product-Photo-800x450-1.png","2048x2048-width":500,"2048x2048-height":850}}}},{"acf_fc_layout":"product_details_right_image_and_left_content","_acfe_flexible_toggle":"","right_image_left_content_single_cta_landing":{"module_options":{"":null,"module_id":"n65145318e8c37","module_class":"","module_background_type":"color","module_background_color":"","module_background_image":false,"module_background_video":"","activate_custom_padding":false,"padding_top_desktop":"0","padding_top_tablet":"0","padding_top_mobile":"0","padding_bottom_desktop":"0","padding_bottom_tablet":"0","padding_bottom_mobile":"0","activate_custom_margin":false,"margin_top_desktop":"0","margin_top_tablet":"0","margin_top_mobile":"0","margin_bottom_desktop":"0","margin_bottom_tablet":"0","margin_bottom_mobile":"0","disable_on":[],"content_alignment_desktop":"left","content_alignment_tablet":"left","content_alignment_mobile":"left"},"":null,"label":"","title":"Entwickelt mit Fokus auf den Patienten","description":"<p><strong>Komfortables Design<\/strong><br \/>\nNachdem der Patient in der f\u00fcr den chirurgischen Eingriff erforderlichen Position auf dem OP-Tisch platziert wurde, werden die weichen Polster des Vac-Pac eng um den Patienten herum angelegt. Die Polster werden in nur 15 Sekunden mit einem Unterdruck beaufschlagt, um einen externen atmosph\u00e4rischen Druck zu erzeugen, der die im Inneren befindlichen Plastikkugeln aneinanderpresst. Dadurch wird der Patient auf feste und komfortable Weise gelagert und abgest\u00fctzt.<\/p>\n<p>&nbsp;<\/p>\n<p><strong>Intelligentes Design <\/strong><br \/>\nSieben verschiedene Formen und Gr\u00f6\u00dfen stehen zur Auswahl, um alle Ihre Anforderungen an die Lagerung und Positionierung von Patienten zu erf\u00fcllen. Patienten k\u00f6nnen schnell und einfach positioniert werden. Bei Bedarf k\u00f6nnen Patienten auch neu platziert werden. Jedes System kann mit einer beliebigen Vakuumquelle verwendet werden, einschlie\u00dflich Wandabsaugung und Absaugpumpen.<\/p>\n<p>&nbsp;<\/p>\n<p><strong>Sicherheit durch Design <\/strong><br \/>\nVac-Pac Positionierer k\u00f6nnen mit g\u00e4ngigen fl\u00fcssigen Desinfektionsmitteln gereinigt werden, wodurch sie viele Jahre wiederverwendbar sind. Hierzu das System einfach nach jedem Gebrauch mit einem Reinigungsmittel abwischen. Option zur Verwendung mit Vac-Pac Einweg-Abdeckungen. Die Abdeckungen sind aus nicht sterilem OP-Abdeckmaterial hergestellt und enthalten keinen Naturkautschuklatex. Weitere Preisinformationen sind unten aufgef\u00fchrt.<\/p>\n<p>&nbsp;<\/p>\n<p><strong>Vac-Pac Positionierer k\u00f6nnen bei zahlreichen Eingriffen verwendet werden, einschlie\u00dflich:<\/strong><br \/>\n\u2022 Kosmetische und Augenoperationen<br \/>\n\u2022 Schilddr\u00fcsenchirurgie<br \/>\n\u2022 Eingriffe an den Nieren<br \/>\n\u2022 Gyn\u00e4kologische und urologische Eingriffe<br \/>\n\u2022 Zugang zu den Atemwegen<br \/>\n\u2022 Arthroskopische und offene Schultereingriffe<br \/>\n\u2022 Seitenlagerung f\u00fcr H\u00fcft- und Schulterchirurgie, Thorakotomie, Nephrektomie, Liposuktion und mehr<\/p>\n","link":null,"image":{"ID":6243,"id":6243,"title":"olympic_vac-pac_product_overview_resized","filename":"olympic_vac-pac_product_overview_resized.jpg","filesize":68124,"url":"https:\/\/natus.com\/wp-content\/uploads\/olympic_vac-pac_product_overview_resized.jpg","link":"https:\/\/natus.com\/de\/neuro\/olympic-vac-pac-zur-positionierung-von-patienten\/olympic_vac-pac_product_overview_resized-2\/","alt":"Olympic Vac-Pac Infographic","author":"3","description":"","caption":"","name":"olympic_vac-pac_product_overview_resized-2","status":"inherit","uploaded_to":10117,"date":"2023-09-21 18:14:41","modified":"2024-07-26 16:54:35","menu_order":0,"mime_type":"image\/jpeg","type":"image","subtype":"jpeg","icon":"https:\/\/natus.com\/wp-includes\/images\/media\/default.png","width":800,"height":450,"sizes":{"thumbnail":"https:\/\/natus.com\/wp-content\/uploads\/olympic_vac-pac_product_overview_resized.jpg","thumbnail-width":128,"thumbnail-height":72,"medium":"https:\/\/natus.com\/wp-content\/uploads\/olympic_vac-pac_product_overview_resized.jpg","medium-width":800,"medium-height":450,"medium_large":"https:\/\/natus.com\/wp-content\/uploads\/olympic_vac-pac_product_overview_resized-768x432.jpg","medium_large-width":768,"medium_large-height":432,"large":"https:\/\/natus.com\/wp-content\/uploads\/olympic_vac-pac_product_overview_resized.jpg","large-width":800,"large-height":450,"1536x1536":"https:\/\/natus.com\/wp-content\/uploads\/olympic_vac-pac_product_overview_resized.jpg","1536x1536-width":800,"1536x1536-height":450,"2048x2048":"https:\/\/natus.com\/wp-content\/uploads\/olympic_vac-pac_product_overview_resized.jpg","2048x2048-width":800,"2048x2048-height":450}},"activate_image_caption":false,"image_caption_description":""}},{"acf_fc_layout":"product_information","_acfe_flexible_toggle":"","left_accordion_right_image_landing":{"module_options":{"":null,"module_id":"n6514531ac4c08","module_class":"","module_background_type":"color","module_background_color":"","module_background_image":false,"module_background_video":"","activate_custom_padding":false,"padding_top_desktop":"0","padding_top_tablet":"0","padding_top_mobile":"0","padding_bottom_desktop":"0","padding_bottom_tablet":"0","padding_bottom_mobile":"0","activate_custom_margin":false,"margin_top_desktop":"0","margin_top_tablet":"0","margin_top_mobile":"0","margin_bottom_desktop":"0","margin_bottom_tablet":"0","margin_bottom_mobile":"0","disable_on":[],"content_alignment_desktop":"left","content_alignment_tablet":"left","content_alignment_mobile":"left"},"intro":"Informationen zum Produkt","description":"","accordion":[{"title":"Gr\u00f6\u00dfenauswahltabelle","accordion_content":[{"acf_fc_layout":"full_content","accordion_description":"<p><strong>Vac-Pac Gr\u00f6\u00dfenauswahltabelle<\/strong><\/p>\n<table style=\"width: 75%;\" border=\"1\" cellspacing=\"0\" cellpadding=\"0\">\n<thead>\n<tr>\n<th scope=\"col\">Gr\u00f6\u00dfe<\/th>\n<th scope=\"col\">Beschreibung<\/th>\n<\/tr>\n<\/thead>\n<tbody>\n<tr>\n<td>\u00a0Gr\u00f6\u00dfe 11<\/td>\n<td>\u00a0U-f\u00f6rmig<\/td>\n<\/tr>\n<tr>\n<td>\u00a0Gr\u00f6\u00dfe 23<\/td>\n<td>\u00a0Klein mit U-f\u00f6rmigem Ausschnitt<\/td>\n<\/tr>\n<tr>\n<td>\u00a0Gr\u00f6\u00dfe 30<\/td>\n<td>\u00a0Mittelgro\u00df mit U-f\u00f6rmigem Ausschnitt<\/td>\n<\/tr>\n<tr>\n<td>\u00a0Gr\u00f6\u00dfe 31<\/td>\n<td>\u00a0Gro\u00df mit U-f\u00f6rmigem Ausschnitt<\/td>\n<\/tr>\n<tr>\n<td>\u00a0Gr\u00f6\u00dfe 32<\/td>\n<td>\u00a0Extra-gro\u00df mit U-f\u00f6rmigem Ausschnitt<\/td>\n<\/tr>\n<tr>\n<td>\u00a0Gr\u00f6\u00dfe 35<\/td>\n<td>\u00a0T-f\u00f6rmig mit Laschen<\/td>\n<\/tr>\n<tr>\n<td>\u00a0Gr\u00f6\u00dfe 40<\/td>\n<td>\u00a0Gro\u00df, rechteckig<\/td>\n<\/tr>\n<\/tbody>\n<\/table>\n<p>&nbsp;<\/p>\n<p><strong>Vac-Pac Einweg-Abdeckungen<\/strong><\/p>\n<table style=\"width: 75%;\" border=\"1\" cellspacing=\"0\" cellpadding=\"0\">\n<thead>\n<tr>\n<th scope=\"col\">Teilenummer<\/th>\n<th scope=\"col\">Gr\u00f6\u00dfe<\/th>\n<th scope=\"col\">Menge<\/th>\n<\/tr>\n<\/thead>\n<tbody>\n<tr>\n<td>\u00a0VPC30<\/td>\n<td>\u00a0Gr\u00f6\u00dfe 30<\/td>\n<td>\u00a030 pro Packung<\/td>\n<\/tr>\n<tr>\n<td>\u00a0VPC31<\/td>\n<td>\u00a0Gr\u00f6\u00dfe 31<\/td>\n<td>\u00a030 pro Packung<\/td>\n<\/tr>\n<tr>\n<td>\u00a0VPC32<\/td>\n<td>\u00a0Gr\u00f6\u00dfe 32<\/td>\n<td>\u00a030 pro Packung<\/td>\n<\/tr>\n<tr>\n<td>\u00a0VPC40<\/td>\n<td>\u00a0Gr\u00f6\u00dfe 40<\/td>\n<td>\u00a015 pro Packung<\/td>\n<\/tr>\n<\/tbody>\n<\/table>\n<p>&nbsp;<\/p>\n"}]},{"title":"Produktliteratur herunterladen","accordion_content":[{"acf_fc_layout":"full_content","accordion_description":"<p><a href=\"https:\/\/natus.bynder.com\/m\/862044c26dd00610\/original\/Olympic-Vac-Pac-Brochure.pdf\">Olympic Vac-Pac Brosch\u00fcre<\/a><\/p>\n"}]}],"image_left":false}},{"acf_fc_layout":"contact_form","_acfe_flexible_toggle":"","contact_form_landing":{"module_options":{"":null,"module_id":"contact-neuro","module_class":"","module_background_type":"color","module_background_color":"","module_background_image":false,"module_background_video":"","activate_custom_padding":false,"padding_top_desktop":"0","padding_top_tablet":"0","padding_top_mobile":"0","padding_bottom_desktop":"0","padding_bottom_tablet":"0","padding_bottom_mobile":"0","activate_custom_margin":false,"margin_top_desktop":"0","margin_top_tablet":"0","margin_top_mobile":"0","margin_bottom_desktop":"0","margin_bottom_tablet":"0","margin_bottom_mobile":"0","disable_on":[],"content_alignment_desktop":"left","content_alignment_tablet":"left","content_alignment_mobile":"left"},"":null,"activate_intro":true,"intro_text":"Kontaktieren Sie Ihren Natus-Kundenberater","intro_text_color":"#005e63","intro_link":null,"activate_description":true,"description_title":"","description_copy":"Um weitere Informationen \u00fcber dieses oder andere Produkte zu erhalten, f\u00fcllen Sie bitte das nachfolgende Formular aus.","embed_code":"<script charset=\"utf-8\" type=\"text\/javascript\" src=\"\/\/js.hsforms.net\/forms\/embed\/v2.js\"><\/script>\r\n<script>\r\n  hbspt.forms.create({\r\n    region: \"na1\",\r\n    portalId: \"3002890\",\r\n    formId: \"a630c68b-d22b-4bf1-a490-5a8d8eec62b1\"\r\n  });\r\n<\/script>"}},{"acf_fc_layout":"simple_content","_acfe_flexible_toggle":"","content_full_width_landing":{"module_options":{"":null,"module_id":"n651453207902b","module_class":"","module_background_type":"color","module_background_color":"","module_background_image":false,"module_background_video":"","activate_custom_padding":false,"padding_top_desktop":"0","padding_top_tablet":"0","padding_top_mobile":"0","padding_bottom_desktop":"0","padding_bottom_tablet":"0","padding_bottom_mobile":"0","activate_custom_margin":false,"margin_top_desktop":"0","margin_top_tablet":"0","margin_top_mobile":"0","margin_bottom_desktop":"0","margin_bottom_tablet":"0","margin_bottom_mobile":"0","disable_on":[],"content_alignment_desktop":"left","content_alignment_tablet":"left","content_alignment_mobile":"left"},"content":"<p><span style=\"font-size: 11px;\">004496 RevG<\/span><\/p>\n"}}]},"_links":{"self":[{"href":"https:\/\/natus.com\/de\/wp-json\/wp\/v2\/pages\/10117","targetHints":{"allow":["GET"]}}],"collection":[{"href":"https:\/\/natus.com\/de\/wp-json\/wp\/v2\/pages"}],"about":[{"href":"https:\/\/natus.com\/de\/wp-json\/wp\/v2\/types\/page"}],"author":[{"embeddable":true,"href":"https:\/\/natus.com\/de\/wp-json\/wp\/v2\/users\/3"}],"replies":[{"embeddable":true,"href":"https:\/\/natus.com\/de\/wp-json\/wp\/v2\/comments?post=10117"}],"version-history":[{"count":4,"href":"https:\/\/natus.com\/de\/wp-json\/wp\/v2\/pages\/10117\/revisions"}],"predecessor-version":[{"id":20560,"href":"https:\/\/natus.com\/de\/wp-json\/wp\/v2\/pages\/10117\/revisions\/20560"}],"up":[{"embeddable":true,"href":"https:\/\/natus.com\/de\/wp-json\/wp\/v2\/pages\/10462"}],"wp:attachment":[{"href":"https:\/\/natus.com\/de\/wp-json\/wp\/v2\/media?parent=10117"}],"wp:term":[{"taxonomy":"category","embeddable":true,"href":"https:\/\/natus.com\/de\/wp-json\/wp\/v2\/categories?post=10117"},{"taxonomy":"post_tag","embeddable":true,"href":"https:\/\/natus.com\/de\/wp-json\/wp\/v2\/tags?post=10117"}],"curies":[{"name":"wp","href":"https:\/\/api.w.org\/{rel}","templated":true}]}}