{"id":10905,"date":"2023-08-30T15:42:44","date_gmt":"2023-08-30T15:42:44","guid":{"rendered":"https:\/\/natus.com\/neuro\/embla-sdx-psg-amplifier\/"},"modified":"2026-01-29T18:17:29","modified_gmt":"2026-01-29T18:17:29","slug":"natus-embla-sdx-psg-verstaerker","status":"publish","type":"page","link":"https:\/\/natus.com\/de\/neuro\/natus-embla-sdx-psg-verstaerker\/","title":{"rendered":"Natus\u00ae Embla\u00ae SDx PSG-Verst\u00e4rker"},"content":{"rendered":"","protected":false},"excerpt":{"rendered":"","protected":false},"author":3,"featured_media":0,"parent":10462,"menu_order":0,"comment_status":"closed","ping_status":"closed","template":"templates\/page-neuro-solutions-product-landing.php","meta":{"_acf_changed":false,"footnotes":""},"categories":[177],"tags":[240],"class_list":["post-10905","page","type-page","status-publish","hentry","category-psg-schlafuntersuchungen-de","tag-untersuchungen-schlaflabor-de"],"acf":{"content_blocks":[{"acf_fc_layout":"spacer","_acfe_flexible_layout_title":null,"_acfe_flexible_toggle":null,"spacer":{"module_options":{"":null,"module_id":"n651476601bb22","module_class":"","module_background_type":"color","module_background_color":"#00aaa7","module_background_image":false,"module_background_video":"","activate_custom_padding":false,"padding_top_desktop":"0","padding_top_tablet":"0","padding_top_mobile":"0","padding_bottom_desktop":"0","padding_bottom_tablet":"0","padding_bottom_mobile":"0","activate_custom_margin":false,"margin_top_desktop":"0","margin_top_tablet":"0","margin_top_mobile":"0","margin_bottom_desktop":"0","margin_bottom_tablet":"0","margin_bottom_mobile":"0","disable_on":[],"content_alignment_desktop":"left","content_alignment_tablet":"left","content_alignment_mobile":"left"},"height":"270"}},{"acf_fc_layout":"intro_with_sticky_image","_acfe_flexible_layout_title":null,"_acfe_flexible_toggle":null,"left_content_right_image_sticky":{"module_options":{"":null,"module_id":"n6514766021570","module_class":"","module_background_type":"color","module_background_color":"#f1f1f1","module_background_image":false,"module_background_video":"","activate_custom_padding":false,"padding_top_desktop":"0","padding_top_tablet":"0","padding_top_mobile":"0","padding_bottom_desktop":"0","padding_bottom_tablet":"0","padding_bottom_mobile":"0","activate_custom_margin":false,"margin_top_desktop":"0","margin_top_tablet":"0","margin_top_mobile":"0","margin_bottom_desktop":"0","margin_bottom_tablet":"0","margin_bottom_mobile":"0","disable_on":[],"content_alignment_desktop":"left","content_alignment_tablet":"left","content_alignment_mobile":"left"},"":null,"title":"Natus\u00ae Embla\u00ae SDx PSG-Verst\u00e4rker","subheader":"<p>Der Natus Embla SDx \u2013 zuverl\u00e4ssige, kosteng\u00fcnstige und einfach zu verwendende Funktionen f\u00fcr die Schlafdiagnostik.\u00a0Der Natus Embla SDx bietet 38 Kan\u00e4le, einschlie\u00dflich referentieller, bipolarer, dedizierter Sensoreing\u00e4nge, eines integrierten Drucksensors und integrierter SpO<sub>2<\/sub>-Werte.\u00a0Der Verst\u00e4rker verf\u00fcgt \u00fcber die Embla XactTrace<sup>\u00ae<\/sup>\u00a0Technologie, wodurch die Einrichtung von Patienten und die Erfassung qualitativ hochwertiger Signale zum Kinderspiel wird.<\/p>\n<p><strong>Hauptmerkmale:<\/strong><\/p>\n<ul>\n<li>38 Kan\u00e4le (20 AC,\u00a0referentielle und bipolare)<\/li>\n<li>8 DC-Kan\u00e4le (6 am Natus-Basisger\u00e4t sowie 2 an der SDx-Breakout-Box)<\/li>\n<li>6 dedizierte Sensoreing\u00e4nge<\/li>\n<li>Mit eingebautem Pulsoximeter und Drucksensor<\/li>\n<li>Touchscreen-Display am Basisger\u00e4t erm\u00f6glicht Interaktion mit laufenden Untersuchungen in Echtzeit<\/li>\n<li>Sofortige Impedanzpr\u00fcfung der Elektroden \u00fcber das integrierte Touchscreen-Bedieninterface<\/li>\n<li>Durchf\u00fchrung von Bio-Kalibrierungen am Patientenbett<\/li>\n<li>Leichte Breakout-Box erh\u00f6ht die Mobilit\u00e4t des Patienten<\/li>\n<\/ul>\n<p><span style=\"font-size: 12px;\">Erfordert NeuroWorks 9.0 oder h\u00f6her. Nicht in allen L\u00e4ndern erh\u00e4ltlich. Verf\u00fcgbarkeit auf Anfrage bei Ihrem zust\u00e4ndigen Vertriebsmitarbeiter.<\/span><\/p>\n","icons":[{"icon":{"ID":2245,"id":2245,"title":"icon-channels","filename":"icon-channels.png","filesize":1062,"url":"https:\/\/natus.com\/wp-content\/uploads\/icon-channels.png","link":"https:\/\/natus.com\/de\/neuro\/icon-channels-2\/","alt":"Icon - Channels","author":"2","description":"","caption":"","name":"icon-channels-2","status":"inherit","uploaded_to":10462,"date":"2023-09-07 23:18:48","modified":"2024-07-29 21:18:55","menu_order":0,"mime_type":"image\/png","type":"image","subtype":"png","icon":"https:\/\/natus.com\/wp-includes\/images\/media\/default.png","width":58,"height":43,"sizes":{"thumbnail":"https:\/\/natus.com\/wp-content\/uploads\/icon-channels.png","thumbnail-width":58,"thumbnail-height":43,"medium":"https:\/\/natus.com\/wp-content\/uploads\/icon-channels.png","medium-width":58,"medium-height":43,"medium_large":"https:\/\/natus.com\/wp-content\/uploads\/icon-channels.png","medium_large-width":58,"medium_large-height":43,"large":"https:\/\/natus.com\/wp-content\/uploads\/icon-channels.png","large-width":58,"large-height":43,"1536x1536":"https:\/\/natus.com\/wp-content\/uploads\/icon-channels.png","1536x1536-width":58,"1536x1536-height":43,"2048x2048":"https:\/\/natus.com\/wp-content\/uploads\/icon-channels.png","2048x2048-width":58,"2048x2048-height":43}},"icon_description":"20 Kan\u00e4le <br \/>\r\n+ 8 DC"},{"icon":{"ID":2250,"id":2250,"title":"icon-rate","filename":"icon-rate.png","filesize":2246,"url":"https:\/\/natus.com\/wp-content\/uploads\/icon-rate.png","link":"https:\/\/natus.com\/de\/neuro\/icon-rate-2\/","alt":"Icon - Rate","author":"2","description":"","caption":"","name":"icon-rate-2","status":"inherit","uploaded_to":10462,"date":"2023-09-07 23:19:56","modified":"2024-07-29 21:18:51","menu_order":0,"mime_type":"image\/png","type":"image","subtype":"png","icon":"https:\/\/natus.com\/wp-includes\/images\/media\/default.png","width":61,"height":46,"sizes":{"thumbnail":"https:\/\/natus.com\/wp-content\/uploads\/icon-rate.png","thumbnail-width":61,"thumbnail-height":46,"medium":"https:\/\/natus.com\/wp-content\/uploads\/icon-rate.png","medium-width":61,"medium-height":46,"medium_large":"https:\/\/natus.com\/wp-content\/uploads\/icon-rate.png","medium_large-width":61,"medium_large-height":46,"large":"https:\/\/natus.com\/wp-content\/uploads\/icon-rate.png","large-width":61,"large-height":46,"1536x1536":"https:\/\/natus.com\/wp-content\/uploads\/icon-rate.png","1536x1536-width":61,"1536x1536-height":46,"2048x2048":"https:\/\/natus.com\/wp-content\/uploads\/icon-rate.png","2048x2048-width":61,"2048x2048-height":46}},"icon_description":"512 Hz <br \/>\r\nAbtastrate"}],"quick_navigation":[{"quick_link":{"type":"url","value":"#contact-neuro","url":"#contact-neuro","name":"#contact-neuro","title":"Kontakt","target":""}},{"quick_link":{"type":"url","value":"#n6514766029d92","url":"#n6514766029d92","name":"#n6514766029d92","title":"Mehr Details erkunden","target":""}}],"description":"","message_label":"Service und Unterst\u00fctzung","message_title":"Suchen Sie einen Neuro-Produktservice oder technische Unterst\u00fctzung?","message_link":{"type":"post","value":"8364","url":"https:\/\/natus.com\/de\/support\/","name":"Service und Support","title":"Natus Service und Unterst\u00fctzung","target":""},"right_sticky_image":{"ID":4743,"id":4743,"title":"Embla SDx Main Product Photo - 500x850","filename":"Embla-SDx_Main-Image.png","filesize":280192,"url":"https:\/\/natus.com\/wp-content\/uploads\/Embla-SDx_Main-Image.png","link":"https:\/\/natus.com\/de\/neuro\/natus-embla-sdx-psg-verstaerker\/embla-sdx-main-product-photo-500x850-2\/","alt":"Natus\u00ae Embla\u00ae SDx PSG Amplifier","author":"2","description":"","caption":"","name":"embla-sdx-main-product-photo-500x850-2","status":"inherit","uploaded_to":10905,"date":"2023-09-15 17:11:21","modified":"2024-07-29 20:19:54","menu_order":0,"mime_type":"image\/png","type":"image","subtype":"png","icon":"https:\/\/natus.com\/wp-includes\/images\/media\/default.png","width":500,"height":850,"sizes":{"thumbnail":"https:\/\/natus.com\/wp-content\/uploads\/Embla-SDx_Main-Image.png","thumbnail-width":56,"thumbnail-height":96,"medium":"https:\/\/natus.com\/wp-content\/uploads\/Embla-SDx_Main-Image.png","medium-width":500,"medium-height":850,"medium_large":"https:\/\/natus.com\/wp-content\/uploads\/Embla-SDx_Main-Image.png","medium_large-width":500,"medium_large-height":850,"large":"https:\/\/natus.com\/wp-content\/uploads\/Embla-SDx_Main-Image.png","large-width":500,"large-height":850,"1536x1536":"https:\/\/natus.com\/wp-content\/uploads\/Embla-SDx_Main-Image.png","1536x1536-width":500,"1536x1536-height":850,"2048x2048":"https:\/\/natus.com\/wp-content\/uploads\/Embla-SDx_Main-Image.png","2048x2048-width":500,"2048x2048-height":850}}}},{"acf_fc_layout":"product_information","_acfe_flexible_layout_title":null,"_acfe_flexible_toggle":null,"left_accordion_right_image_landing":{"module_options":{"":null,"module_id":"n6514766029d92","module_class":"","module_background_type":"color","module_background_color":"#f1f1f1","module_background_image":false,"module_background_video":"","activate_custom_padding":false,"padding_top_desktop":"0","padding_top_tablet":"0","padding_top_mobile":"0","padding_bottom_desktop":"0","padding_bottom_tablet":"0","padding_bottom_mobile":"0","activate_custom_margin":false,"margin_top_desktop":"0","margin_top_tablet":"0","margin_top_mobile":"0","margin_bottom_desktop":"0","margin_bottom_tablet":"0","margin_bottom_mobile":"0","disable_on":[],"content_alignment_desktop":"left","content_alignment_tablet":"left","content_alignment_mobile":"left"},"intro":"Informationen zum Produkt","description":"","accordion":[{"title":"Hardware","accordion_content":[{"acf_fc_layout":"full_content","accordion_description":"<ul>\n<li>Integrierte Nachtbeleuchtung<\/li>\n<li>Integrierter A\/D-Wandler zur Digitalisierung von Daten minimiert den Ger\u00e4uschpegel auf der Patientenseite<\/li>\n<li>Als wandmontiertes oder wagenbasiertes System verf\u00fcgbar<\/li>\n<\/ul>\n"}]},{"title":"Software","accordion_content":[{"acf_fc_layout":"full_content","accordion_description":"<p><a title=\"Natus\u00ae SleepWorks\u2122 PSG-Software\" href=\"https:\/\/natus.com\/de\/neuro\/natus-sleepworks-psg-software\/\" data-entity-substitution=\"canonical\" data-entity-type=\"node\" data-entity-uuid=\"2e557d01-eafb-46ef-ae43-976906fd1e58\">Natus SleepWorks Software<\/a>\u00a0ist eine umfangreiche, flexible und robuste Schlafdiagnostik-L\u00f6sung, die die Einrichtung, Erfassung, Auswertung, Analyse und Berichterstellung von umfassenden Schlafuntersuchungen erleichtert. HL7-Schnittstellen optimieren die Effizienz durch bidirektionale Daten\u00fcbertragung mit Systemen f\u00fcr elektronische Patientenakten. Video- und PSG-Daten k\u00f6nnen bereits w\u00e4hrend der Erfassung der Studiendaten analysiert und ausgewertet werden.<\/p>\n<ul>\n<li>Heads-Up-Display<\/li>\n<li>Erf\u00fcllt die Anforderungen der American Academy of Sleep Medicine<\/li>\n<li>Erweiterte Tools\n<ul>\n<li>Durchflussmengen-Regelkreis<\/li>\n<li>XactTrace<sup>\u2122\u00a0<\/sup>\u2013 XFlow<sup>\u2122<\/sup>, XSum<sup>\u2122<\/sup>, Phasen, RMI, XVolume- und Atemfrequenz-Kan\u00e4le<\/li>\n<li>qEEG-Analyse<\/li>\n<li>Automatisches Setzen von Markern<\/li>\n<\/ul>\n<\/li>\n<li>Streaming von Daten direkt auf einen Server erh\u00f6ht die Zuverl\u00e4ssigkeit und Sicherheit<\/li>\n<li>Import und Export mittels EDF\/EDF+<\/li>\n<li>Rollenbasierte Sicherheit durch Integration in Active Directory<\/li>\n<li>Citrix<sup>\u00ae\u00a0<\/sup>Ready-Partner<\/li>\n<li>Unterst\u00fctzung von Microsoft<sup>\u00ae\u00a0<\/sup>BitLocker<sup>\u2122\u00a0<\/sup>Laufwerk-Verschl\u00fcsselung<\/li>\n<\/ul>\n"}]},{"title":"Konnektivit\u00e4t","accordion_content":[{"acf_fc_layout":"full_content","accordion_description":"<ul>\n<li>TCP\/IP-Verbindungen\u00a0(statisch oder DHCP)<\/li>\n<li>Automatische DHCP-Erkennung<\/li>\n<li>USB<\/li>\n<\/ul>\n"}]},{"title":"Abmessungen und Gewicht","accordion_content":[{"acf_fc_layout":"full_content","accordion_description":"<p><strong>Gr\u00f6\u00dfe\u00a0<\/strong>(HxBxT):<\/p>\n<ul>\n<li><strong>Basisger\u00e4t:<\/strong>\u00a029 x 26,5 x 5\u00a0cm<\/li>\n<li><strong>Breakout-Box:<\/strong>\u00a019 x 11,4 x 3,2\u00a0cm<\/li>\n<\/ul>\n<p><strong>Gewicht:<\/strong><\/p>\n<ul>\n<li><strong>Basisger\u00e4t:<\/strong>\u00a02300 g<\/li>\n<li><strong>Breakout-Box:<\/strong>\u00a0460 g<\/li>\n<\/ul>\n"}]},{"title":"Produktliteratur herunterladen","accordion_content":[{"acf_fc_layout":"full_content","accordion_description":"<p><strong>Produktseite f\u00fcr Natus SleepWorks mit NDx, SDx und MPR<\/strong><br \/>\n<a href=\"https:\/\/natus.bynder.com\/m\/3f151ef65f949b7d\/original\/Natus-SleepWorks-Software-w-Embla-NDx-SDx-and-Embletta-MPR-Flyer.pdf\" target=\"_blank\" rel=\"noopener\">Englisch<\/a><br \/>\n<a href=\"https:\/\/natus.bynder.com\/m\/41b7cdeb58d377e0\/original\/Natus-SleepWorks-Software-w-Embla-NDx-SDx-and-Embletta-MPR-Flyer.pdf\" target=\"_blank\" rel=\"noopener\">Franz\u00f6sisch<\/a><br \/>\n<a href=\"https:\/\/natus.bynder.com\/m\/793459d804bbf3db\/original\/Natus-SleepWorks-Software-w-Embla-NDx-SDx-and-Embletta-MPR-Flyer.pdf\" target=\"_blank\" rel=\"noopener\">Deutsch<\/a><\/p>\n"}]},{"title":"Zubeh\u00f6r","accordion_content":[{"acf_fc_layout":"full_content","accordion_description":"<p>Natus Neuro bietet ein komplettes Zubeh\u00f6rangebot, um alle Anforderungen und Level der Schlafdiagnostik erf\u00fcllen zu k\u00f6nnen.<\/p>\n<p><img loading=\"lazy\" decoding=\"async\" class=\"size-full wp-image-4409 aligncenter\" src=\"https:\/\/natus.com\/wp-content\/uploads\/PSG-Supplies_500w.png\" alt=\"Natus sleep supplies for PSG testing\" width=\"500\" height=\"161\" \/><\/p>\n<ul>\n<li>Grass<sup>\u00ae\u00a0<\/sup>Original-Napfelektroden, Gold<\/li>\n<li>Einmal verwendbare Grass-Napfelektroden<\/li>\n<li>Embla<sup>\u00ae\u00a0<\/sup>XactTrace<sup>\u00ae\u00a0<\/sup>Atemanstrengungsgurte\n<ul>\n<li>Wiederverwendbar<\/li>\n<li>Einmal verwendbar<\/li>\n<li>Zuschneidbar<\/li>\n<\/ul>\n<\/li>\n<li>Physiologische Sensoren<\/li>\n<li>Kan\u00fclen<\/li>\n<li>Schnappelektroden und -leitungen<\/li>\n<li>Leitgels und -pasten f\u00fcr Elektroden<\/li>\n<li>Praktisches Online-Portal &#8211; <a href=\"https:\/\/natus.com\/de\/natus-medical-stores\/\">Natus Medical Store<\/a> (nicht in allen L\u00e4ndern verf\u00fcgbar)<\/li>\n<\/ul>\n"}]}],"image_left":false}},{"acf_fc_layout":"related_products","_acfe_flexible_layout_title":null,"_acfe_flexible_toggle":null,"tiles_3_columns_landing":{"module_options":{"":null,"module_id":"n6514766031a50","module_class":"","module_background_type":"color","module_background_color":"","module_background_image":false,"module_background_video":"","activate_custom_padding":false,"padding_top_desktop":"0","padding_top_tablet":"0","padding_top_mobile":"0","padding_bottom_desktop":"0","padding_bottom_tablet":"0","padding_bottom_mobile":"0","activate_custom_margin":false,"margin_top_desktop":"0","margin_top_tablet":"0","margin_top_mobile":"0","margin_bottom_desktop":"0","margin_bottom_tablet":"0","margin_bottom_mobile":"0","disable_on":[],"content_alignment_desktop":"left","content_alignment_tablet":"left","content_alignment_mobile":"left"},"intro_text":"Verwandte Neuro Produkte","intro_text_color":"#005e63","intro_link":{"type":"post","value":"8334","url":"https:\/\/natus.com\/de\/neuro-produkte\/","name":"Neuro-Produkte","title":"Alle Neuro-Produkte anzeigen","target":""},"tiles":[{"label":"Schlafzubeh\u00f6r","label_background_color":"#154284","image":{"ID":4326,"id":4326,"title":"XatTrace Belts Related Product Photo - 500x400","filename":"XatTrace-Belts-Related-Product-Photo-500x400-1.png","filesize":88394,"url":"https:\/\/natus.com\/wp-content\/uploads\/XatTrace-Belts-Related-Product-Photo-500x400-1.png","link":"https:\/\/natus.com\/de\/neuro\/xattrace-belts-related-product-photo-500x400-2\/","alt":"Natus\u00ae XactTrace\u00ae RIP Respiratory Effort Belts","author":"2","description":"","caption":"","name":"xattrace-belts-related-product-photo-500x400-2","status":"inherit","uploaded_to":10462,"date":"2023-09-14 18:48:15","modified":"2024-07-29 20:27:23","menu_order":0,"mime_type":"image\/png","type":"image","subtype":"png","icon":"https:\/\/natus.com\/wp-includes\/images\/media\/default.png","width":500,"height":400,"sizes":{"thumbnail":"https:\/\/natus.com\/wp-content\/uploads\/XatTrace-Belts-Related-Product-Photo-500x400-1.png","thumbnail-width":120,"thumbnail-height":96,"medium":"https:\/\/natus.com\/wp-content\/uploads\/XatTrace-Belts-Related-Product-Photo-500x400-1.png","medium-width":500,"medium-height":400,"medium_large":"https:\/\/natus.com\/wp-content\/uploads\/XatTrace-Belts-Related-Product-Photo-500x400-1.png","medium_large-width":500,"medium_large-height":400,"large":"https:\/\/natus.com\/wp-content\/uploads\/XatTrace-Belts-Related-Product-Photo-500x400-1.png","large-width":500,"large-height":400,"1536x1536":"https:\/\/natus.com\/wp-content\/uploads\/XatTrace-Belts-Related-Product-Photo-500x400-1.png","1536x1536-width":500,"1536x1536-height":400,"2048x2048":"https:\/\/natus.com\/wp-content\/uploads\/XatTrace-Belts-Related-Product-Photo-500x400-1.png","2048x2048-width":500,"2048x2048-height":400}},"title":"Natus\u00ae XactTrace \u00aeRIP Atemanstrengungsgurte","link":{"type":"post","value":"9410","url":"https:\/\/natus.com\/de\/neuro\/natus-xacttrace-rip-atemanstrengungsgurte\/","name":"Natus\u00ae XactTrace\u00ae RIP Atemanstrengungsgurte","title":"Mehr Erfahren","target":"_blank"}},{"label":"Untersuchungen im Schlaflabor","label_background_color":"#154284","image":{"ID":3558,"id":3558,"title":"Embla NDx Related Product Photo_500x400","filename":"Embla-NDx-Related-Product-500x400-1.png","filesize":198301,"url":"https:\/\/natus.com\/wp-content\/uploads\/Embla-NDx-Related-Product-500x400-1.png","link":"https:\/\/natus.com\/de\/neuro-produkte\/embla-ndx-related-product-photo_500x400-2\/","alt":"Embla NDx","author":"2","description":"","caption":"","name":"embla-ndx-related-product-photo_500x400-2","status":"inherit","uploaded_to":8334,"date":"2023-09-12 04:05:25","modified":"2024-07-29 20:58:28","menu_order":0,"mime_type":"image\/png","type":"image","subtype":"png","icon":"https:\/\/natus.com\/wp-includes\/images\/media\/default.png","width":500,"height":400,"sizes":{"thumbnail":"https:\/\/natus.com\/wp-content\/uploads\/Embla-NDx-Related-Product-500x400-1.png","thumbnail-width":120,"thumbnail-height":96,"medium":"https:\/\/natus.com\/wp-content\/uploads\/Embla-NDx-Related-Product-500x400-1.png","medium-width":500,"medium-height":400,"medium_large":"https:\/\/natus.com\/wp-content\/uploads\/Embla-NDx-Related-Product-500x400-1.png","medium_large-width":500,"medium_large-height":400,"large":"https:\/\/natus.com\/wp-content\/uploads\/Embla-NDx-Related-Product-500x400-1.png","large-width":500,"large-height":400,"1536x1536":"https:\/\/natus.com\/wp-content\/uploads\/Embla-NDx-Related-Product-500x400-1.png","1536x1536-width":500,"1536x1536-height":400,"2048x2048":"https:\/\/natus.com\/wp-content\/uploads\/Embla-NDx-Related-Product-500x400-1.png","2048x2048-width":500,"2048x2048-height":400}},"title":"Natus\u00ae Embla\u00ae NDx PSG-Verst\u00e4rker","link":{"type":"post","value":"10082","url":"https:\/\/natus.com\/de\/neuro\/natus-embla-ndx-psg-verstaerker\/","name":"Natus\u00ae Embla\u00ae NDx PSG-Verst\u00e4rker","title":"Mehr Erfahren","target":"_blank"}},{"label":"PSG-Software","label_background_color":"#154284","image":{"ID":4277,"id":4277,"title":"SleepWorks Related Product Photo - 500x400","filename":"Natus-SleepWorks-10-Related-Product-Photo-1.png","filesize":219402,"url":"https:\/\/natus.com\/wp-content\/uploads\/Natus-SleepWorks-10-Related-Product-Photo-1.png","link":"https:\/\/natus.com\/de\/neuro\/trex-eeg-system-ambulante-hd-videoueberwachung\/sleepworks-related-product-photo-500x400-2-2\/","alt":"SleepWorks Monitor","author":"2","description":"","caption":"","name":"sleepworks-related-product-photo-500x400-2-2","status":"inherit","uploaded_to":9772,"date":"2023-09-14 18:14:29","modified":"2024-08-28 16:53:50","menu_order":0,"mime_type":"image\/png","type":"image","subtype":"png","icon":"https:\/\/natus.com\/wp-includes\/images\/media\/default.png","width":500,"height":400,"sizes":{"thumbnail":"https:\/\/natus.com\/wp-content\/uploads\/Natus-SleepWorks-10-Related-Product-Photo-1.png","thumbnail-width":120,"thumbnail-height":96,"medium":"https:\/\/natus.com\/wp-content\/uploads\/Natus-SleepWorks-10-Related-Product-Photo-1.png","medium-width":500,"medium-height":400,"medium_large":"https:\/\/natus.com\/wp-content\/uploads\/Natus-SleepWorks-10-Related-Product-Photo-1.png","medium_large-width":500,"medium_large-height":400,"large":"https:\/\/natus.com\/wp-content\/uploads\/Natus-SleepWorks-10-Related-Product-Photo-1.png","large-width":500,"large-height":400,"1536x1536":"https:\/\/natus.com\/wp-content\/uploads\/Natus-SleepWorks-10-Related-Product-Photo-1.png","1536x1536-width":500,"1536x1536-height":400,"2048x2048":"https:\/\/natus.com\/wp-content\/uploads\/Natus-SleepWorks-10-Related-Product-Photo-1.png","2048x2048-width":500,"2048x2048-height":400}},"title":"Natus\u00ae SleepWorks\u2122 PSG-Software","link":{"type":"post","value":"9960","url":"https:\/\/natus.com\/de\/neuro\/natus-sleepworks-psg-software\/","name":"Natus\u00ae SleepWorks\u2122 PSG-Software","title":"Mehr Erfahren","target":"_blank"}}]}},{"acf_fc_layout":"contact_form","_acfe_flexible_layout_title":null,"_acfe_flexible_toggle":null,"contact_form_landing":{"module_options":{"":null,"module_id":"contact-neuro","module_class":"","module_background_type":"color","module_background_color":"#f1f1f1","module_background_image":false,"module_background_video":"","activate_custom_padding":false,"padding_top_desktop":"0","padding_top_tablet":"0","padding_top_mobile":"0","padding_bottom_desktop":"0","padding_bottom_tablet":"0","padding_bottom_mobile":"0","activate_custom_margin":false,"margin_top_desktop":"0","margin_top_tablet":"0","margin_top_mobile":"0","margin_bottom_desktop":"0","margin_bottom_tablet":"0","margin_bottom_mobile":"0","disable_on":[],"content_alignment_desktop":"left","content_alignment_tablet":"left","content_alignment_mobile":"left"},"":null,"activate_intro":true,"intro_text":"Kontaktieren Sie Ihren Natus-Kundenberater","intro_text_color":"#005e63","intro_link":null,"activate_description":true,"description_title":"","description_copy":"Um weitere Informationen \u00fcber dieses oder andere Produkte zu erhalten, f\u00fcllen Sie bitte das nachfolgende Formular aus.","embed_code":"<script charset=\"utf-8\" type=\"text\/javascript\" src=\"\/\/js.hsforms.net\/forms\/embed\/v2.js\"><\/script>\r\n<script>\r\n  hbspt.forms.create({\r\n    region: \"na1\",\r\n    portalId: \"3002890\",\r\n    formId: \"a630c68b-d22b-4bf1-a490-5a8d8eec62b1\"\r\n  });\r\n<\/script>"}},{"acf_fc_layout":"simple_content","_acfe_flexible_layout_title":null,"_acfe_flexible_toggle":null,"content_full_width_landing":{"module_options":{"":null,"module_id":"n6514766041645","module_class":"","module_background_type":"color","module_background_color":"","module_background_image":false,"module_background_video":"","activate_custom_padding":false,"padding_top_desktop":"0","padding_top_tablet":"0","padding_top_mobile":"0","padding_bottom_desktop":"0","padding_bottom_tablet":"0","padding_bottom_mobile":"0","activate_custom_margin":false,"margin_top_desktop":"0","margin_top_tablet":"0","margin_top_mobile":"0","margin_bottom_desktop":"0","margin_bottom_tablet":"0","margin_bottom_mobile":"0","disable_on":[],"content_alignment_desktop":"left","content_alignment_tablet":"left","content_alignment_mobile":"left"},"content":"<p><span style=\"font-size: 12px;\">035021 RevC<\/span><\/p>\n"}}],"schema_markup":[{"acf_fc_layout":"schema_markup_product","_acfe_flexible_layout_title":null,"_acfe_flexible_toggle":null,"schema_markup_product":{"enable_schema":true,"":null,"device_name":"Natus\u00ae Embla\u00ae SDx PSG-Verst\u00e4rker","device_image":"https:\/\/natus.com\/wp-content\/uploads\/Embla-SDx_Main-Image.png","device_desc":"Der Natus Embla SDx \u2013 zuverl\u00e4ssige, kosteng\u00fcnstige und einfach zu verwendende Funktionen f\u00fcr die Schlafdiagnostik. ","device_purpose":"","manufacturer_name":"Natus Medical Incorporated","manufacturer_url":"https:\/\/natus.com","brand_name":"Natus","page_url":"https:\/\/natus.com\/de\/neuro\/natus-embla-sdx-psg-verstaerker\/","in_language":"en","medical_specialty":["Neurologic"]}}]},"_links":{"self":[{"href":"https:\/\/natus.com\/de\/wp-json\/wp\/v2\/pages\/10905","targetHints":{"allow":["GET"]}}],"collection":[{"href":"https:\/\/natus.com\/de\/wp-json\/wp\/v2\/pages"}],"about":[{"href":"https:\/\/natus.com\/de\/wp-json\/wp\/v2\/types\/page"}],"author":[{"embeddable":true,"href":"https:\/\/natus.com\/de\/wp-json\/wp\/v2\/users\/3"}],"replies":[{"embeddable":true,"href":"https:\/\/natus.com\/de\/wp-json\/wp\/v2\/comments?post=10905"}],"version-history":[{"count":10,"href":"https:\/\/natus.com\/de\/wp-json\/wp\/v2\/pages\/10905\/revisions"}],"predecessor-version":[{"id":26103,"href":"https:\/\/natus.com\/de\/wp-json\/wp\/v2\/pages\/10905\/revisions\/26103"}],"up":[{"embeddable":true,"href":"https:\/\/natus.com\/de\/wp-json\/wp\/v2\/pages\/10462"}],"wp:attachment":[{"href":"https:\/\/natus.com\/de\/wp-json\/wp\/v2\/media?parent=10905"}],"wp:term":[{"taxonomy":"category","embeddable":true,"href":"https:\/\/natus.com\/de\/wp-json\/wp\/v2\/categories?post=10905"},{"taxonomy":"post_tag","embeddable":true,"href":"https:\/\/natus.com\/de\/wp-json\/wp\/v2\/tags?post=10905"}],"curies":[{"name":"wp","href":"https:\/\/api.w.org\/{rel}","templated":true}]}}