{"id":11198,"date":"2023-08-30T15:47:52","date_gmt":"2023-08-30T15:47:52","guid":{"rendered":"https:\/\/natus.com\/neuro\/natus-sleepworks-v44-psg-diagnostic-system\/"},"modified":"2026-01-29T18:25:03","modified_gmt":"2026-01-29T18:25:03","slug":"natus-sleepworks-v44-psg-diagnosesystem","status":"publish","type":"page","link":"https:\/\/natus.com\/de\/neuro\/natus-sleepworks-v44-psg-diagnosesystem\/","title":{"rendered":"Natus\u00ae SleepWorks\u2122 v44 PSG-Diagnosesystem"},"content":{"rendered":"","protected":false},"excerpt":{"rendered":"","protected":false},"author":3,"featured_media":0,"parent":10462,"menu_order":0,"comment_status":"closed","ping_status":"closed","template":"templates\/page-neuro-solutions-product-landing.php","meta":{"_acf_changed":false,"footnotes":""},"categories":[177],"tags":[240],"class_list":["post-11198","page","type-page","status-publish","hentry","category-psg-schlafuntersuchungen-de","tag-untersuchungen-schlaflabor-de"],"acf":{"content_blocks":[{"acf_fc_layout":"spacer","_acfe_flexible_layout_title":null,"_acfe_flexible_toggle":null,"spacer":{"module_options":{"":null,"module_id":"n651450dc7c23d","module_class":"","module_background_type":"color","module_background_color":"#00aaa7","module_background_image":false,"module_background_video":"","activate_custom_padding":false,"padding_top_desktop":"0","padding_top_tablet":"0","padding_top_mobile":"0","padding_bottom_desktop":"0","padding_bottom_tablet":"0","padding_bottom_mobile":"0","activate_custom_margin":false,"margin_top_desktop":"0","margin_top_tablet":"0","margin_top_mobile":"0","margin_bottom_desktop":"0","margin_bottom_tablet":"0","margin_bottom_mobile":"0","disable_on":[],"content_alignment_desktop":"left","content_alignment_tablet":"left","content_alignment_mobile":"left"},"height":"270"}},{"acf_fc_layout":"intro_with_sticky_image","_acfe_flexible_layout_title":null,"_acfe_flexible_toggle":null,"left_content_right_image_sticky":{"module_options":{"":null,"module_id":"n651450dc837b2","module_class":"","module_background_type":"color","module_background_color":"#f1f1f1","module_background_image":false,"module_background_video":"","activate_custom_padding":false,"padding_top_desktop":"0","padding_top_tablet":"0","padding_top_mobile":"0","padding_bottom_desktop":"0","padding_bottom_tablet":"0","padding_bottom_mobile":"0","activate_custom_margin":false,"margin_top_desktop":"0","margin_top_tablet":"0","margin_top_mobile":"0","margin_bottom_desktop":"0","margin_bottom_tablet":"0","margin_bottom_mobile":"0","disable_on":[],"content_alignment_desktop":"left","content_alignment_tablet":"left","content_alignment_mobile":"left"},"":null,"title":"Natus\u00ae SleepWorks\u2122 v44 PSG-Diagnosesystem","subheader":"<p>Das umfassende SleepWorks Schlafdiagnostiksystem mit v44-Verst\u00e4rker spielt bei der Diagnose von Schlafst\u00f6rungen eine bedeutende Rolle. Dieses komplette Diagnostikpaket erf\u00fcllt die Anforderungen von Privatpraxen, Schlafkliniken, Krankenh\u00e4usern und akademischen Gesundheitszentren und erm\u00f6glicht Schlaflaboren die Einhaltung der neuesten Richtlinien der American Academy of Sleep Medicine (AASM).<\/p>\n<p>Das System eignet sich f\u00fcr zahlreiche Aufgaben im Rahmen von PSG-Untersuchungen, die von der automatischen Eingabe demografischer Patientendaten \u00fcber zentrale elektronische Patientenakten zu Beginn einer Studie bis zur Titration der fortschrittlichen Therapien von heute reichen. Basierend auf diesem zuverl\u00e4ssigen und flexiblen Datenmanagement bilden die Funktionen f\u00fcr die Erfassung und Auswertung von Untersuchungen die Grundlage einer L\u00f6sung mit hoher Cybersicherheit, die die Schlafdiagnostik vereinfacht.<\/p>\n<p><strong>Hauptmerkmale:<\/strong><\/p>\n<ul>\n<li>Einfache Einrichtung, Erfassung, Auswertung, Analyse und Berichterstellung<\/li>\n<li>Einfacher Beginn von Untersuchungen mittels integrierter Datenbank<\/li>\n<li>Fortschrittliche Vernetzungsl\u00f6sungen erm\u00f6glichen das Streamen der Daten von einem beliebigen Patientenzimmer zu einem beliebigen Erfassungssystem<\/li>\n<li>Verbesserte Sicherheitsmerkmale<\/li>\n<\/ul>\n<p><span style=\"font-size: 11px;\">Nicht in allen L\u00e4ndern erh\u00e4ltlich. Verf\u00fcgbarkeit auf Anfrage bei Ihrem zust\u00e4ndigen Vertriebsmitarbeiter.<\/span><\/p>\n","icons":[{"icon":{"ID":2245,"id":2245,"title":"icon-channels","filename":"icon-channels.png","filesize":1062,"url":"https:\/\/natus.com\/wp-content\/uploads\/icon-channels.png","link":"https:\/\/natus.com\/de\/neuro\/icon-channels-2\/","alt":"Icon - Channels","author":"2","description":"","caption":"","name":"icon-channels-2","status":"inherit","uploaded_to":10462,"date":"2023-09-07 23:18:48","modified":"2024-07-29 21:18:55","menu_order":0,"mime_type":"image\/png","type":"image","subtype":"png","icon":"https:\/\/natus.com\/wp-includes\/images\/media\/default.png","width":58,"height":43,"sizes":{"thumbnail":"https:\/\/natus.com\/wp-content\/uploads\/icon-channels.png","thumbnail-width":58,"thumbnail-height":43,"medium":"https:\/\/natus.com\/wp-content\/uploads\/icon-channels.png","medium-width":58,"medium-height":43,"medium_large":"https:\/\/natus.com\/wp-content\/uploads\/icon-channels.png","medium_large-width":58,"medium_large-height":43,"large":"https:\/\/natus.com\/wp-content\/uploads\/icon-channels.png","large-width":58,"large-height":43,"1536x1536":"https:\/\/natus.com\/wp-content\/uploads\/icon-channels.png","1536x1536-width":58,"1536x1536-height":43,"2048x2048":"https:\/\/natus.com\/wp-content\/uploads\/icon-channels.png","2048x2048-width":58,"2048x2048-height":43}},"icon_description":"44 Kan\u00e4le"},{"icon":{"ID":2226,"id":2226,"title":"icon-feature","filename":"icon-feature.png","filesize":1408,"url":"https:\/\/natus.com\/wp-content\/uploads\/icon-feature.png","link":"https:\/\/natus.com\/de\/neuro\/dantec-clavis-emg-handgeraet\/icon-feature-2\/","alt":"star","author":"2","description":"Icon - Star","caption":"","name":"icon-feature-2","status":"inherit","uploaded_to":8727,"date":"2023-09-07 22:27:26","modified":"2024-07-29 21:19:16","menu_order":0,"mime_type":"image\/png","type":"image","subtype":"png","icon":"https:\/\/natus.com\/wp-includes\/images\/media\/default.png","width":43,"height":41,"sizes":{"thumbnail":"https:\/\/natus.com\/wp-content\/uploads\/icon-feature.png","thumbnail-width":43,"thumbnail-height":41,"medium":"https:\/\/natus.com\/wp-content\/uploads\/icon-feature.png","medium-width":43,"medium-height":41,"medium_large":"https:\/\/natus.com\/wp-content\/uploads\/icon-feature.png","medium_large-width":43,"medium_large-height":41,"large":"https:\/\/natus.com\/wp-content\/uploads\/icon-feature.png","large-width":43,"large-height":41,"1536x1536":"https:\/\/natus.com\/wp-content\/uploads\/icon-feature.png","1536x1536-width":43,"1536x1536-height":41,"2048x2048":"https:\/\/natus.com\/wp-content\/uploads\/icon-feature.png","2048x2048-width":43,"2048x2048-height":41}},"icon_description":"Fernauswertung <br \/>\r\nUnd -Bedienung"},{"icon":{"ID":2433,"id":2433,"title":"icon-options","filename":"icon-options.png","filesize":1971,"url":"https:\/\/natus.com\/wp-content\/uploads\/icon-options.png","link":"https:\/\/natus.com\/de\/neuro\/icon-options-2\/","alt":"Icon - Multi Option","author":"2","description":"","caption":"","name":"icon-options-2","status":"inherit","uploaded_to":10462,"date":"2023-09-08 17:24:45","modified":"2024-07-29 21:17:09","menu_order":0,"mime_type":"image\/png","type":"image","subtype":"png","icon":"https:\/\/natus.com\/wp-includes\/images\/media\/default.png","width":47,"height":47,"sizes":{"thumbnail":"https:\/\/natus.com\/wp-content\/uploads\/icon-options.png","thumbnail-width":47,"thumbnail-height":47,"medium":"https:\/\/natus.com\/wp-content\/uploads\/icon-options.png","medium-width":47,"medium-height":47,"medium_large":"https:\/\/natus.com\/wp-content\/uploads\/icon-options.png","medium_large-width":47,"medium_large-height":47,"large":"https:\/\/natus.com\/wp-content\/uploads\/icon-options.png","large-width":47,"large-height":47,"1536x1536":"https:\/\/natus.com\/wp-content\/uploads\/icon-options.png","1536x1536-width":47,"1536x1536-height":47,"2048x2048":"https:\/\/natus.com\/wp-content\/uploads\/icon-options.png","2048x2048-width":47,"2048x2048-height":47}},"icon_description":"Multimodalit\u00e4t"}],"quick_navigation":[{"quick_link":{"type":"url","value":"#contact-neuro","url":"#contact-neuro","name":"#contact-neuro","title":"Kontakt","target":""}},{"quick_link":{"type":"url","value":"#n651450dc8c30e","url":"#n651450dc8c30e","name":"#n651450dc8c30e","title":"Mehr Details erkunden","target":""}}],"description":"","message_label":"Service und Unterst\u00fctzung","message_title":"Suchen Sie einen Neuro-Produktservice oder technische Unterst\u00fctzung?","message_link":{"type":"post","value":"8364","url":"https:\/\/natus.com\/de\/support\/","name":"Service und Support","title":"Natus Service und Unterst\u00fctzung","target":""},"right_sticky_image":{"ID":4569,"id":4569,"title":"NicoletOne v44 Sleep System Main Product Photo - 500x850","filename":"NicoletOne-v44-Sleep-System-Main-Product-Photo-500x850-1.png","filesize":289293,"url":"https:\/\/natus.com\/wp-content\/uploads\/NicoletOne-v44-Sleep-System-Main-Product-Photo-500x850-1.png","link":"https:\/\/natus.com\/de\/neuro\/nicoletone-v44-sleep-system-main-product-photo-500x850-2\/","alt":"NicoletOne\u2122 v44 Sleep Diagnostic System","author":"2","description":"","caption":"","name":"nicoletone-v44-sleep-system-main-product-photo-500x850-2","status":"inherit","uploaded_to":10462,"date":"2023-09-15 01:38:43","modified":"2024-07-29 20:20:59","menu_order":0,"mime_type":"image\/png","type":"image","subtype":"png","icon":"https:\/\/natus.com\/wp-includes\/images\/media\/default.png","width":500,"height":850,"sizes":{"thumbnail":"https:\/\/natus.com\/wp-content\/uploads\/NicoletOne-v44-Sleep-System-Main-Product-Photo-500x850-1.png","thumbnail-width":56,"thumbnail-height":96,"medium":"https:\/\/natus.com\/wp-content\/uploads\/NicoletOne-v44-Sleep-System-Main-Product-Photo-500x850-1.png","medium-width":500,"medium-height":850,"medium_large":"https:\/\/natus.com\/wp-content\/uploads\/NicoletOne-v44-Sleep-System-Main-Product-Photo-500x850-1.png","medium_large-width":500,"medium_large-height":850,"large":"https:\/\/natus.com\/wp-content\/uploads\/NicoletOne-v44-Sleep-System-Main-Product-Photo-500x850-1.png","large-width":500,"large-height":850,"1536x1536":"https:\/\/natus.com\/wp-content\/uploads\/NicoletOne-v44-Sleep-System-Main-Product-Photo-500x850-1.png","1536x1536-width":500,"1536x1536-height":850,"2048x2048":"https:\/\/natus.com\/wp-content\/uploads\/NicoletOne-v44-Sleep-System-Main-Product-Photo-500x850-1.png","2048x2048-width":500,"2048x2048-height":850}}}},{"acf_fc_layout":"product_information","_acfe_flexible_layout_title":null,"_acfe_flexible_toggle":null,"left_accordion_right_image_landing":{"module_options":{"":null,"module_id":"n651450dc8c30e","module_class":"","module_background_type":"color","module_background_color":"#f1f1f1","module_background_image":false,"module_background_video":"","activate_custom_padding":false,"padding_top_desktop":"0","padding_top_tablet":"0","padding_top_mobile":"0","padding_bottom_desktop":"0","padding_bottom_tablet":"0","padding_bottom_mobile":"0","activate_custom_margin":false,"margin_top_desktop":"0","margin_top_tablet":"0","margin_top_mobile":"0","margin_bottom_desktop":"0","margin_bottom_tablet":"0","margin_bottom_mobile":"0","disable_on":[],"content_alignment_desktop":"left","content_alignment_tablet":"left","content_alignment_mobile":"left"},"intro":"Informationen zum Produkt","description":"","accordion":[{"title":"Hardware","accordion_content":[{"acf_fc_layout":"full_content","accordion_description":"<ul>\n<li>44-Kanal-Verst\u00e4rker; 24 referentiell, 8 bipolar\/referentiell umschaltbar; 12 DC, 3 SpO<sub>2<\/sub><\/li>\n<li>Abtastrate bis zu 2 kHz<\/li>\n<li>Bandbreite von 0,053 bis 500 Hz<\/li>\n<li>Integrierte SpO<sub>2<\/sub>-Funktion<\/li>\n<li>Impedanzpr\u00fcfung an der Headbox oder mittels Software<\/li>\n<\/ul>\n"}]},{"title":"Software","accordion_content":[{"acf_fc_layout":"full_content","accordion_description":"<p><a href=\"https:\/\/natus.com\/de\/neuro\/natus-sleepworks-psg-software\/\">Natus SleepWorks Software<\/a>\u00a0ist eine umfangreiche, flexible und robuste Schlafdiagnostik-L\u00f6sung, die die Einrichtung, Erfassung, Auswertung, Analyse und Berichterstellung von umfassenden Schlafuntersuchungen erleichtert. HL7-Schnittstellen optimieren die Effizienz durch bidirektionale Daten\u00fcbertragung mit Systemen f\u00fcr elektronische Patientenakten. Video- und PSG-Daten k\u00f6nnen bereits w\u00e4hrend der Erfassung der Studiendaten analysiert und ausgewertet werden.<\/p>\n<ul>\n<li>Heads-Up-Display<\/li>\n<li>Erf\u00fcllt die Anforderungen der American Academy of Sleep Medicine<\/li>\n<li>Erweiterte Tools\n<ul>\n<li>Durchflussmengen-Regelkreis<\/li>\n<li>XactTrace<sup>\u2122<\/sup>\u00a0\u2013 XFlow<sup>\u2122<\/sup>, XSum<sup>\u2122<\/sup>, Phasen, RMI, XVolume\u00a0und Atemfrequenz-Kan\u00e4le<\/li>\n<li>qEEG-Analyse<\/li>\n<li>Automatisches Setzen von Markern<\/li>\n<\/ul>\n<\/li>\n<li>Streaming von Daten direkt auf einen Server erh\u00f6ht die Zuverl\u00e4ssigkeit und Sicherheit<\/li>\n<li>Import und Export mittels EDF\/EDF+<\/li>\n<li>Rollenbasierte Sicherheit durch Integration mit Active Directory<\/li>\n<li>Citrix<sup>\u00ae<\/sup>\u00a0Ready-Partner<\/li>\n<li>Unterst\u00fctzung von Microsoft<sup>\u00ae<\/sup>\u00a0BitLocker<sup>\u2122<\/sup>\u00a0Laufwerk-Verschl\u00fcsselung<\/li>\n<\/ul>\n"}]},{"title":"Abmessungen und Gewicht","accordion_content":[{"acf_fc_layout":"full_content","accordion_description":"<p><strong>Gr\u00f6\u00dfe:<\/strong>\u00a0(HxBxT)<\/p>\n<ul>\n<li><strong>v44-Verst\u00e4rker:\u00a0\u00a0<\/strong>23 x 14 x 6\u00a0cm<\/li>\n<li><strong>HB-4-Headbox:<\/strong>\u00a0 16 x 11 x 2\u00a0cm<\/li>\n<\/ul>\n<p><strong>Gewicht:<\/strong><\/p>\n<ul>\n<li><strong>v44-Verst\u00e4rker:\u00a0 \u00a0<\/strong>0,82 kg<\/li>\n<li><strong>HB-4-Headbox:<\/strong>\u00a0 0,26 kg<\/li>\n<\/ul>\n"}]},{"title":"Zubeh\u00f6r","accordion_content":[{"acf_fc_layout":"full_content","accordion_description":"<p>Natus Neuro bietet ein komplettes Zubeh\u00f6rangebot, um alle Anforderungen und Level der Schlafdiagnostik erf\u00fcllen zu k\u00f6nnen.<\/p>\n<p><img loading=\"lazy\" decoding=\"async\" class=\"size-full wp-image-4409 aligncenter\" src=\"https:\/\/natus.com\/wp-content\/uploads\/PSG-Supplies_500w.png\" alt=\"Natus sleep supplies for PSG testing\" width=\"500\" height=\"161\" \/><\/p>\n<ul>\n<li>Grass<sup>\u00ae<\/sup>\u00a0Original-Napfelektroden, Gold<\/li>\n<li>Einmal verwendbare Grass-Napfelektroden<\/li>\n<li>Embla<sup>\u00ae<\/sup>\u00a0XactTrace<sup>\u00ae<\/sup>\u00a0Atemanstrengungsgurte\n<ul>\n<li>Wiederverwendbar<\/li>\n<li>Einmal verwendbar<\/li>\n<li>Zuschneidbar<\/li>\n<\/ul>\n<\/li>\n<li>Physiologische Sensoren<\/li>\n<li>Kan\u00fclen<\/li>\n<li>Schnappelektroden und -leitungen<\/li>\n<li>Leitgels und -pasten f\u00fcr Elektroden<\/li>\n<li>Praktisches Online-Portal &#8211; <a href=\"https:\/\/natus.com\/de\/natus-medical-stores\/\">Natus Medical Store<\/a> (nicht in allen L\u00e4ndern verf\u00fcgbar)<\/li>\n<\/ul>\n"}]}],"image_left":false}},{"acf_fc_layout":"related_products","_acfe_flexible_layout_title":null,"_acfe_flexible_toggle":null,"tiles_3_columns_landing":{"module_options":{"":null,"module_id":"n651450dc967cf","module_class":"","module_background_type":"color","module_background_color":"#f1f1f1","module_background_image":false,"module_background_video":"","activate_custom_padding":false,"padding_top_desktop":"0","padding_top_tablet":"0","padding_top_mobile":"0","padding_bottom_desktop":"0","padding_bottom_tablet":"0","padding_bottom_mobile":"0","activate_custom_margin":false,"margin_top_desktop":"0","margin_top_tablet":"0","margin_top_mobile":"0","margin_bottom_desktop":"0","margin_bottom_tablet":"0","margin_bottom_mobile":"0","disable_on":[],"content_alignment_desktop":"left","content_alignment_tablet":"left","content_alignment_mobile":"left"},"intro_text":"Verwandte Neuro Produkte","intro_text_color":"#005e63","intro_link":{"type":"post","value":"8334","url":"https:\/\/natus.com\/de\/neuro-produkte\/","name":"Neuro-Produkte","title":"Alle Neuro-Produkte anzeigen","target":""},"tiles":[{"label":"Untersuchungen im Schlaflabor","label_background_color":"#154284","image":{"ID":3558,"id":3558,"title":"Embla NDx Related Product Photo_500x400","filename":"Embla-NDx-Related-Product-500x400-1.png","filesize":198301,"url":"https:\/\/natus.com\/wp-content\/uploads\/Embla-NDx-Related-Product-500x400-1.png","link":"https:\/\/natus.com\/de\/neuro-produkte\/embla-ndx-related-product-photo_500x400-2\/","alt":"Embla NDx","author":"2","description":"","caption":"","name":"embla-ndx-related-product-photo_500x400-2","status":"inherit","uploaded_to":8334,"date":"2023-09-12 04:05:25","modified":"2024-07-29 20:58:28","menu_order":0,"mime_type":"image\/png","type":"image","subtype":"png","icon":"https:\/\/natus.com\/wp-includes\/images\/media\/default.png","width":500,"height":400,"sizes":{"thumbnail":"https:\/\/natus.com\/wp-content\/uploads\/Embla-NDx-Related-Product-500x400-1.png","thumbnail-width":120,"thumbnail-height":96,"medium":"https:\/\/natus.com\/wp-content\/uploads\/Embla-NDx-Related-Product-500x400-1.png","medium-width":500,"medium-height":400,"medium_large":"https:\/\/natus.com\/wp-content\/uploads\/Embla-NDx-Related-Product-500x400-1.png","medium_large-width":500,"medium_large-height":400,"large":"https:\/\/natus.com\/wp-content\/uploads\/Embla-NDx-Related-Product-500x400-1.png","large-width":500,"large-height":400,"1536x1536":"https:\/\/natus.com\/wp-content\/uploads\/Embla-NDx-Related-Product-500x400-1.png","1536x1536-width":500,"1536x1536-height":400,"2048x2048":"https:\/\/natus.com\/wp-content\/uploads\/Embla-NDx-Related-Product-500x400-1.png","2048x2048-width":500,"2048x2048-height":400}},"title":"Natus\u00ae Embla\u00ae NDx PSG-Verst\u00e4rker ","link":{"type":"post","value":"10082","url":"https:\/\/natus.com\/de\/neuro\/natus-embla-ndx-psg-verstaerker\/","name":"Natus\u00ae Embla\u00ae NDx PSG-Verst\u00e4rker","title":"Mehr Erfahren","target":""}},{"label":"Untersuchungen im Schlaflabor","label_background_color":"#154284","image":{"ID":3543,"id":3543,"title":"Embletta Related Product Photo_500x400","filename":"Embletta-Related-Product-Photo_500x400.png","filesize":148924,"url":"https:\/\/natus.com\/wp-content\/uploads\/Embletta-Related-Product-Photo_500x400.png","link":"https:\/\/natus.com\/de\/neuro\/schlafuntersuchungen-psg\/untersuchungen-ausserhalb-des-schlaflabors\/embletta-related-product-photo_500x400-2\/","alt":"Embletta MPR","author":"2","description":"","caption":"","name":"embletta-related-product-photo_500x400-2","status":"inherit","uploaded_to":12687,"date":"2023-09-12 04:03:33","modified":"2024-07-29 20:58:34","menu_order":0,"mime_type":"image\/png","type":"image","subtype":"png","icon":"https:\/\/natus.com\/wp-includes\/images\/media\/default.png","width":500,"height":400,"sizes":{"thumbnail":"https:\/\/natus.com\/wp-content\/uploads\/Embletta-Related-Product-Photo_500x400.png","thumbnail-width":120,"thumbnail-height":96,"medium":"https:\/\/natus.com\/wp-content\/uploads\/Embletta-Related-Product-Photo_500x400.png","medium-width":500,"medium-height":400,"medium_large":"https:\/\/natus.com\/wp-content\/uploads\/Embletta-Related-Product-Photo_500x400.png","medium_large-width":500,"medium_large-height":400,"large":"https:\/\/natus.com\/wp-content\/uploads\/Embletta-Related-Product-Photo_500x400.png","large-width":500,"large-height":400,"1536x1536":"https:\/\/natus.com\/wp-content\/uploads\/Embletta-Related-Product-Photo_500x400.png","1536x1536-width":500,"1536x1536-height":400,"2048x2048":"https:\/\/natus.com\/wp-content\/uploads\/Embletta-Related-Product-Photo_500x400.png","2048x2048-width":500,"2048x2048-height":400}},"title":"Embletta\u00ae MPR Schlafuntersuchungssystem","link":{"type":"post","value":"10901","url":"https:\/\/natus.com\/de\/neuro\/embletta-mpr-schlafuntersuchungssystem\/","name":"Embletta\u00ae MPR Schlafuntersuchungssystem","title":"Mehr Erfahren","target":""}},{"label":"Untersuchungen au\u00dferhalb des Schlaflabors","label_background_color":"#154284","image":{"ID":3677,"id":3677,"title":"Trex HDM Related Product Photo_500x400","filename":"Trex-HDM-Related-Products-Image_500x400.png","filesize":232655,"url":"https:\/\/natus.com\/wp-content\/uploads\/Trex-HDM-Related-Products-Image_500x400.png","link":"https:\/\/natus.com\/de\/neuro\/trex-hdm-related-product-photo_500x400-2\/","alt":"Trex HDM ","author":"2","description":"","caption":"","name":"trex-hdm-related-product-photo_500x400-2","status":"inherit","uploaded_to":10462,"date":"2023-09-12 18:44:25","modified":"2024-07-29 20:56:20","menu_order":0,"mime_type":"image\/png","type":"image","subtype":"png","icon":"https:\/\/natus.com\/wp-includes\/images\/media\/default.png","width":500,"height":400,"sizes":{"thumbnail":"https:\/\/natus.com\/wp-content\/uploads\/Trex-HDM-Related-Products-Image_500x400.png","thumbnail-width":120,"thumbnail-height":96,"medium":"https:\/\/natus.com\/wp-content\/uploads\/Trex-HDM-Related-Products-Image_500x400.png","medium-width":500,"medium-height":400,"medium_large":"https:\/\/natus.com\/wp-content\/uploads\/Trex-HDM-Related-Products-Image_500x400.png","medium_large-width":500,"medium_large-height":400,"large":"https:\/\/natus.com\/wp-content\/uploads\/Trex-HDM-Related-Products-Image_500x400.png","large-width":500,"large-height":400,"1536x1536":"https:\/\/natus.com\/wp-content\/uploads\/Trex-HDM-Related-Products-Image_500x400.png","1536x1536-width":500,"1536x1536-height":400,"2048x2048":"https:\/\/natus.com\/wp-content\/uploads\/Trex-HDM-Related-Products-Image_500x400.png","2048x2048-width":500,"2048x2048-height":400}},"title":"Trex\u2122 EEG-System ambulante HD-Video\u00fcberwachung","link":{"type":"post","value":"9772","url":"https:\/\/natus.com\/de\/neuro\/trex-eeg-system-ambulante-hd-videoueberwachung\/","name":"Trex HD Monitoring \u2013 Ambulantes EEG-System mit kontinuierlicher Video\u00fcberwachung","title":"Mehr Erfahren","target":""}}]}},{"acf_fc_layout":"contact_form","_acfe_flexible_layout_title":null,"_acfe_flexible_toggle":null,"contact_form_landing":{"module_options":{"":null,"module_id":"contact-neuro","module_class":"","module_background_type":"color","module_background_color":"#f1f1f1","module_background_image":false,"module_background_video":"","activate_custom_padding":false,"padding_top_desktop":"0","padding_top_tablet":"0","padding_top_mobile":"0","padding_bottom_desktop":"0","padding_bottom_tablet":"0","padding_bottom_mobile":"0","activate_custom_margin":false,"margin_top_desktop":"0","margin_top_tablet":"0","margin_top_mobile":"0","margin_bottom_desktop":"0","margin_bottom_tablet":"0","margin_bottom_mobile":"0","disable_on":[],"content_alignment_desktop":"left","content_alignment_tablet":"left","content_alignment_mobile":"left"},"":null,"activate_intro":true,"intro_text":"Kontaktieren Sie Ihren Natus-Kundenberater","intro_text_color":"#005e63","intro_link":null,"activate_description":true,"description_title":"","description_copy":"Um weitere Informationen \u00fcber dieses oder andere Produkte zu erhalten, f\u00fcllen Sie bitte das nachfolgende Formular aus.","embed_code":"<script charset=\"utf-8\" type=\"text\/javascript\" src=\"\/\/js.hsforms.net\/forms\/embed\/v2.js\"><\/script>\r\n<script>\r\n  hbspt.forms.create({\r\n    region: \"na1\",\r\n    portalId: \"3002890\",\r\n    formId: \"a630c68b-d22b-4bf1-a490-5a8d8eec62b1\"\r\n  });\r\n<\/script>"}},{"acf_fc_layout":"simple_content","_acfe_flexible_layout_title":null,"_acfe_flexible_toggle":null,"content_full_width_landing":{"module_options":{"":null,"module_id":"n651450dca4bdd","module_class":"","module_background_type":"color","module_background_color":"","module_background_image":false,"module_background_video":"","activate_custom_padding":false,"padding_top_desktop":"0","padding_top_tablet":"0","padding_top_mobile":"0","padding_bottom_desktop":"0","padding_bottom_tablet":"0","padding_bottom_mobile":"0","activate_custom_margin":false,"margin_top_desktop":"0","margin_top_tablet":"0","margin_top_mobile":"0","margin_bottom_desktop":"0","margin_bottom_tablet":"0","margin_bottom_mobile":"0","disable_on":[],"content_alignment_desktop":"left","content_alignment_tablet":"left","content_alignment_mobile":"left"},"content":"<p><span style=\"font-size: 12px;\">035028 RevA1<\/span><\/p>\n"}}],"schema_markup":[{"acf_fc_layout":"schema_markup_product","_acfe_flexible_layout_title":null,"_acfe_flexible_toggle":null,"schema_markup_product":{"enable_schema":true,"":null,"device_name":"Natus\u00ae SleepWorks\u2122 v44 PSG-Diagnosesystem","device_image":"https:\/\/natus.com\/wp-content\/uploads\/NicoletOne-v44-Sleep-System-Main-Product-Photo-500x850-1.png","device_desc":"Das umfassende SleepWorks Schlafdiagnostiksystem mit v44-Verst\u00e4rker spielt bei der Diagnose von Schlafst\u00f6rungen eine bedeutende Rolle. ","device_purpose":"","manufacturer_name":"Natus Medical Incorporated","manufacturer_url":"https:\/\/natus.com","brand_name":"Natus","page_url":"https:\/\/natus.com\/de\/neuro\/natus-sleepworks-v44-psg-diagnosesystem\/","in_language":"en","medical_specialty":["Neurologic"]}}]},"_links":{"self":[{"href":"https:\/\/natus.com\/de\/wp-json\/wp\/v2\/pages\/11198","targetHints":{"allow":["GET"]}}],"collection":[{"href":"https:\/\/natus.com\/de\/wp-json\/wp\/v2\/pages"}],"about":[{"href":"https:\/\/natus.com\/de\/wp-json\/wp\/v2\/types\/page"}],"author":[{"embeddable":true,"href":"https:\/\/natus.com\/de\/wp-json\/wp\/v2\/users\/3"}],"replies":[{"embeddable":true,"href":"https:\/\/natus.com\/de\/wp-json\/wp\/v2\/comments?post=11198"}],"version-history":[{"count":6,"href":"https:\/\/natus.com\/de\/wp-json\/wp\/v2\/pages\/11198\/revisions"}],"predecessor-version":[{"id":26109,"href":"https:\/\/natus.com\/de\/wp-json\/wp\/v2\/pages\/11198\/revisions\/26109"}],"up":[{"embeddable":true,"href":"https:\/\/natus.com\/de\/wp-json\/wp\/v2\/pages\/10462"}],"wp:attachment":[{"href":"https:\/\/natus.com\/de\/wp-json\/wp\/v2\/media?parent=11198"}],"wp:term":[{"taxonomy":"category","embeddable":true,"href":"https:\/\/natus.com\/de\/wp-json\/wp\/v2\/categories?post=11198"},{"taxonomy":"post_tag","embeddable":true,"href":"https:\/\/natus.com\/de\/wp-json\/wp\/v2\/tags?post=11198"}],"curies":[{"name":"wp","href":"https:\/\/api.w.org\/{rel}","templated":true}]}}