{"id":11289,"date":"2023-08-16T21:23:20","date_gmt":"2023-08-16T21:23:20","guid":{"rendered":"https:\/\/natus.com\/about-us\/"},"modified":"2025-09-10T14:34:34","modified_gmt":"2025-09-10T14:34:34","slug":"ueber-uns","status":"publish","type":"page","link":"https:\/\/natus.com\/de\/ueber-uns\/","title":{"rendered":"\u00dcber uns"},"content":{"rendered":"","protected":false},"excerpt":{"rendered":"","protected":false},"author":1,"featured_media":0,"parent":0,"menu_order":0,"comment_status":"closed","ping_status":"closed","template":"","meta":{"_acf_changed":false,"footnotes":""},"categories":[],"tags":[],"class_list":["post-11289","page","type-page","status-publish","hentry"],"acf":{"content_blocks":[{"acf_fc_layout":"hero1","_acfe_flexible_toggle":"","hero_locations":{"unique_id":"n6508deb73cc20","background":{"ID":928,"id":928,"title":"locations-hero","filename":"locations-hero.jpg","filesize":249977,"url":"https:\/\/natus.com\/wp-content\/uploads\/locations-hero.jpg","link":"https:\/\/natus.com\/de\/standorte\/locations-hero-2\/","alt":"","author":"1","description":"","caption":"","name":"locations-hero-2","status":"inherit","uploaded_to":8340,"date":"2023-07-30 10:59:34","modified":"2023-09-21 15:29:51","menu_order":0,"mime_type":"image\/jpeg","type":"image","subtype":"jpeg","icon":"https:\/\/natus.com\/wp-includes\/images\/media\/default.png","width":1920,"height":500,"sizes":{"thumbnail":"https:\/\/natus.com\/wp-content\/uploads\/locations-hero.jpg","thumbnail-width":128,"thumbnail-height":33,"medium":"https:\/\/natus.com\/wp-content\/uploads\/locations-hero.jpg","medium-width":1920,"medium-height":500,"medium_large":"https:\/\/natus.com\/wp-content\/uploads\/locations-hero-768x200.jpg","medium_large-width":768,"medium_large-height":200,"large":"https:\/\/natus.com\/wp-content\/uploads\/locations-hero.jpg","large-width":1920,"large-height":500,"1536x1536":"https:\/\/natus.com\/wp-content\/uploads\/locations-hero-1536x400.jpg","1536x1536-width":1536,"1536x1536-height":400,"2048x2048":"https:\/\/natus.com\/wp-content\/uploads\/locations-hero.jpg","2048x2048-width":1920,"2048x2048-height":500}},"h1":"\u00dcber Uns","description":""}},{"acf_fc_layout":"spacer","_acfe_flexible_toggle":"","spacer":{"module_options":{"":null,"module_id":"n651dd10f6d680","module_class":"","module_background_type":"color","module_background_color":"#f1f1f1","module_background_image":false,"module_background_video":"","activate_custom_padding":false,"padding_top_desktop":0,"padding_top_tablet":"","padding_top_mobile":"","padding_bottom_desktop":"","padding_bottom_tablet":"","padding_bottom_mobile":"","activate_custom_margin":false,"margin_top_desktop":"","margin_top_tablet":"","margin_top_mobile":"","margin_bottom_desktop":"","margin_bottom_tablet":"","margin_bottom_mobile":"","disable_on":[],"content_alignment_desktop":"left","content_alignment_tablet":"left","content_alignment_mobile":"left"},"height":"100"}},{"acf_fc_layout":"simple_content","_acfe_flexible_toggle":"","content_full_width_landing":{"module_options":{"":null,"module_id":"n6508e22db083b","module_class":"","module_background_type":"color","module_background_color":"rgba(0,170,167,0.9)","module_background_image":false,"module_background_video":"","activate_custom_padding":true,"padding_top_desktop":"60","padding_top_tablet":"50","padding_top_mobile":"50","padding_bottom_desktop":"60","padding_bottom_tablet":"50","padding_bottom_mobile":"50","activate_custom_margin":false,"margin_top_desktop":"0","margin_top_tablet":"0","margin_top_mobile":"0","margin_bottom_desktop":"0","margin_bottom_tablet":"0","margin_bottom_mobile":"0","disable_on":[],"content_alignment_desktop":"left","content_alignment_tablet":"left","content_alignment_mobile":"left"},"content":"<h3 style=\"text-align: left;\"><span style=\"color: #ffffff;\">Wer Wir Sind<\/span><\/h3>\n"}},{"acf_fc_layout":"right_image_left_content_single_cta","_acfe_flexible_toggle":"","right_image_left_content_single_cta_landing":{"module_options":{"":null,"module_id":"n6508e22db4acf","module_class":"","module_background_type":"color","module_background_color":"","module_background_image":false,"module_background_video":"","activate_custom_padding":false,"padding_top_desktop":"0","padding_top_tablet":"0","padding_top_mobile":"0","padding_bottom_desktop":"0","padding_bottom_tablet":"0","padding_bottom_mobile":"0","activate_custom_margin":false,"margin_top_desktop":"0","margin_top_tablet":"0","margin_top_mobile":"0","margin_bottom_desktop":"0","margin_bottom_tablet":"0","margin_bottom_mobile":"0","disable_on":[],"content_alignment_desktop":"left","content_alignment_tablet":"left","content_alignment_mobile":"left"},"":null,"label":"","title":"","description":"<h4>Die Signale des K\u00f6rpers verstehen<\/h4>\n<p>Gesundheitsdienstleister auf der ganzen Welt vertrauen auf Natus f\u00fcr die Fr\u00fcherkennung, Diagnose und Behandlung von Funktionsst\u00f6rungen des Gehirns, der Nervenbahnen und der acht sensorischen Nervensysteme.<\/p>\n<p>&nbsp;<\/p>\n<p>Unsere branchenf\u00fchrenden L\u00f6sungen, einschlie\u00dflich Service, Unterst\u00fctzung vor Ort und <a href=\"https:\/\/natus.com\/education\/\">Schulungen<\/a> erm\u00f6glichen es \u00c4rzten weltweit, Behandlungsstandards zu verbessern und so die Ergebnisse und die Lebensqualit\u00e4t der Patienten zu steigern.<\/p>\n<p><strong><a class=\"btn-v1\" href=\"https:\/\/natus.com\/de\/neuro\/\">Neuro Solutions <\/a>\u00a0 \u00a0<a class=\"btn-v1\" href=\"https:\/\/natus.com\/sensory\/\">\u00a0Sensory Solutions<\/a><\/strong><\/p>\n","link":null,"image":{"ID":5263,"id":5263,"title":"Natus Vision CTA Image","filename":"Natus-Vision-CTA-Image.png","filesize":291357,"url":"https:\/\/natus.com\/wp-content\/uploads\/Natus-Vision-CTA-Image.png","link":"https:\/\/natus.com\/de\/ueber-uns\/natus-vision-cta-image-2\/","alt":"Natus product areas logo","author":"2","description":"","caption":"","name":"natus-vision-cta-image-2","status":"inherit","uploaded_to":11289,"date":"2023-09-18 23:34:41","modified":"2024-07-26 17:07:28","menu_order":0,"mime_type":"image\/png","type":"image","subtype":"png","icon":"https:\/\/natus.com\/wp-includes\/images\/media\/default.png","width":800,"height":450,"sizes":{"thumbnail":"https:\/\/natus.com\/wp-content\/uploads\/Natus-Vision-CTA-Image.png","thumbnail-width":128,"thumbnail-height":72,"medium":"https:\/\/natus.com\/wp-content\/uploads\/Natus-Vision-CTA-Image.png","medium-width":800,"medium-height":450,"medium_large":"https:\/\/natus.com\/wp-content\/uploads\/Natus-Vision-CTA-Image-768x432.png","medium_large-width":768,"medium_large-height":432,"large":"https:\/\/natus.com\/wp-content\/uploads\/Natus-Vision-CTA-Image.png","large-width":800,"large-height":450,"1536x1536":"https:\/\/natus.com\/wp-content\/uploads\/Natus-Vision-CTA-Image.png","1536x1536-width":800,"1536x1536-height":450,"2048x2048":"https:\/\/natus.com\/wp-content\/uploads\/Natus-Vision-CTA-Image.png","2048x2048-width":800,"2048x2048-height":450}},"activate_image_caption":false,"image_caption_description":""}},{"acf_fc_layout":"simple_content","_acfe_flexible_toggle":"","content_full_width_landing":{"module_options":{"":null,"module_id":"n6508deb75af18","module_class":"","module_background_type":"color","module_background_color":"rgba(0,170,167,0.9)","module_background_image":false,"module_background_video":"","activate_custom_padding":true,"padding_top_desktop":"60","padding_top_tablet":"50","padding_top_mobile":"50","padding_bottom_desktop":"60","padding_bottom_tablet":"50","padding_bottom_mobile":"50","activate_custom_margin":false,"margin_top_desktop":"0","margin_top_tablet":"0","margin_top_mobile":"0","margin_bottom_desktop":"0","margin_bottom_tablet":"0","margin_bottom_mobile":"0","disable_on":[],"content_alignment_desktop":"left","content_alignment_tablet":"left","content_alignment_mobile":"left"},"content":"<h3><span style=\"color: #ffffff;\">Unser Ansatz<\/span><\/h3>\n"}},{"acf_fc_layout":"simple_content","_acfe_flexible_toggle":"","content_full_width_landing":{"module_options":{"":null,"module_id":"n6508deb760846","module_class":"","module_background_type":"color","module_background_color":"","module_background_image":false,"module_background_video":"","activate_custom_padding":false,"padding_top_desktop":"0","padding_top_tablet":"0","padding_top_mobile":"0","padding_bottom_desktop":"0","padding_bottom_tablet":"0","padding_bottom_mobile":"0","activate_custom_margin":false,"margin_top_desktop":"0","margin_top_tablet":"0","margin_top_mobile":"0","margin_bottom_desktop":"0","margin_bottom_tablet":"0","margin_bottom_mobile":"0","disable_on":[],"content_alignment_desktop":"left","content_alignment_tablet":"left","content_alignment_mobile":"left"},"content":"<h4 style=\"text-align: left;\">Ein gro\u00dfer Unterschied f\u00fcr Patienten und \u00c4rzte<\/h4>\n<p style=\"text-align: left;\">Wir lassen uns von positiven Patientenergebnissen inspirieren und setzen uns daf\u00fcr ein, Gesundheitsdienstleistern auf der ganzen Welt zu unterst\u00fctzen, sich auf ihre F\u00e4higkeit zu verlassen, diese Ergebnisse zu erzielen. Aus diesem Grund beziehen wir \u00c4rzte bei der Betrachtung und Entwicklung aller von uns angebotenen L\u00f6sungen mit ein.<\/p>\n<p>&nbsp;<\/p>\n<p style=\"text-align: left;\">Das Feedback aus der klinischen Praxis hilft uns, neue Wege zu finden, um die heutigen Herausforderungen im Gesundheitswesen zu meistern und die Bed\u00fcrfnisse von Gesundheitsdienstleistern in den kommenden Jahren vorauszusehen. Wir f\u00f6rdern langfristige Beziehungen und eine bessere Ausbildung in unseren Anwendungsbereichen, um Wissen austauschen und sinnvolle Fortschritte erzielen.<\/p>\n<p>&nbsp;<\/p>\n<p>Als Branchenf\u00fchrer sind wir uns unserer Verantwortung bewusst, positive Auswirkungen auf die Wirtschaft, die Gesellschaft und die Umwelt zu erzielen und gleichzeitig unseren Auftrag zu erf\u00fcllen. <a class=\"Hyperlink SCXW77468166 BCX9\" href=\"https:\/\/natus.com\/de\/ueber-uns\/esg\/\" target=\"_blank\" rel=\"noreferrer noopener\">Klicken Sie hier, um mehr \u00fcber unsere Umwelt-, Sozial- und Governance-Praktiken zu erfahren.<\/a><\/p>\n"}},{"acf_fc_layout":"video_modal","_acfe_flexible_toggle":"","video_modal":{"module_options":{"":null,"module_id":"n6508deb765dbb","module_class":"","module_background_type":"color","module_background_color":"","module_background_image":false,"module_background_video":"","activate_custom_padding":true,"padding_top_desktop":"10","padding_top_tablet":"5","padding_top_mobile":"5","padding_bottom_desktop":"60","padding_bottom_tablet":"60","padding_bottom_mobile":"60","activate_custom_margin":false,"margin_top_desktop":"0","margin_top_tablet":"0","margin_top_mobile":"0","margin_bottom_desktop":"0","margin_bottom_tablet":"0","margin_bottom_mobile":"0","disable_on":[],"content_alignment_desktop":"left","content_alignment_tablet":"left","content_alignment_mobile":"left"},"thumbnail":{"ID":11358,"id":11358,"title":"World of Difference Banner DE","filename":"World-of-Difference-Banner-DE.jpg","filesize":33425,"url":"https:\/\/natus.com\/wp-content\/uploads\/World-of-Difference-Banner-DE.jpg","link":"https:\/\/natus.com\/de\/ueber-uns\/world-of-difference-banner-de\/","alt":"","author":"2","description":"","caption":"","name":"world-of-difference-banner-de","status":"inherit","uploaded_to":11289,"date":"2023-10-04 22:37:02","modified":"2023-10-04 22:37:02","menu_order":0,"mime_type":"image\/jpeg","type":"image","subtype":"jpeg","icon":"https:\/\/natus.com\/wp-includes\/images\/media\/default.png","width":1280,"height":720,"sizes":{"thumbnail":"https:\/\/natus.com\/wp-content\/uploads\/World-of-Difference-Banner-DE.jpg","thumbnail-width":128,"thumbnail-height":72,"medium":"https:\/\/natus.com\/wp-content\/uploads\/World-of-Difference-Banner-DE.jpg","medium-width":1280,"medium-height":720,"medium_large":"https:\/\/natus.com\/wp-content\/uploads\/World-of-Difference-Banner-DE-768x432.jpg","medium_large-width":768,"medium_large-height":432,"large":"https:\/\/natus.com\/wp-content\/uploads\/World-of-Difference-Banner-DE.jpg","large-width":1280,"large-height":720,"1536x1536":"https:\/\/natus.com\/wp-content\/uploads\/World-of-Difference-Banner-DE.jpg","1536x1536-width":1280,"1536x1536-height":720,"2048x2048":"https:\/\/natus.com\/wp-content\/uploads\/World-of-Difference-Banner-DE.jpg","2048x2048-width":1280,"2048x2048-height":720}},"thumbnail_size":"auto","source":"youtube","youtube_video_id":"SuW92AE1tZQ","vimeo_video_id":""}},{"acf_fc_layout":"simple_content","_acfe_flexible_toggle":"","content_full_width_landing":{"module_options":{"":null,"module_id":"n6514377f5493c","module_class":"","module_background_type":"color","module_background_color":"rgba(0,170,167,0.9)","module_background_image":false,"module_background_video":"","activate_custom_padding":true,"padding_top_desktop":"60","padding_top_tablet":"50","padding_top_mobile":"50","padding_bottom_desktop":"60","padding_bottom_tablet":"50","padding_bottom_mobile":"50","activate_custom_margin":false,"margin_top_desktop":"0","margin_top_tablet":"0","margin_top_mobile":"0","margin_bottom_desktop":"0","margin_bottom_tablet":"0","margin_bottom_mobile":"0","disable_on":[],"content_alignment_desktop":"left","content_alignment_tablet":"left","content_alignment_mobile":"left"},"content":"<h3><span style=\"color: #ffffff;\">Kulturerbe und Geschichte<\/span><\/h3>\n"}},{"acf_fc_layout":"simple_content","_acfe_flexible_toggle":"","content_full_width_landing":{"module_options":{"":null,"module_id":"n6508deb77388e","module_class":"","module_background_type":"color","module_background_color":"","module_background_image":false,"module_background_video":"","activate_custom_padding":false,"padding_top_desktop":"0","padding_top_tablet":"0","padding_top_mobile":"0","padding_bottom_desktop":"0","padding_bottom_tablet":"0","padding_bottom_mobile":"0","activate_custom_margin":false,"margin_top_desktop":"0","margin_top_tablet":"0","margin_top_mobile":"0","margin_bottom_desktop":"0","margin_bottom_tablet":"0","margin_bottom_mobile":"0","disable_on":[],"content_alignment_desktop":"left","content_alignment_tablet":"left","content_alignment_mobile":"left"},"content":"<h4 style=\"text-align: left;\">Unser Verm\u00e4chtnis f\u00fcr eine verbesserte Gesundheitsversorgung<\/h4>\n<p style=\"text-align: left;\">Natus wurde 1987 gegr\u00fcndet und ist seitdem ein Technologief\u00fchrer und Pionier, der sich f\u00fcr die Verbesserung der Patientenversorgung einsetzt.<\/p>\n<p>&nbsp;<\/p>\n<p style=\"text-align: left;\">Seit mehr als 80 Jahren suchen wir nach den fortschrittlichsten Technologien und entwickeln diese weiter, um unsere Mission zu erf\u00fcllen und erstklassige L\u00f6sungen f\u00fcr \u00c4rzte auf der ganzen Welt zu schaffen.<\/p>\n<p>&nbsp;<\/p>\n<p><img loading=\"lazy\" decoding=\"async\" class=\"wp-image-6827 aligncenter\" src=\"https:\/\/natus.com\/wp-content\/uploads\/Timeline-About-us-transparent.png\" alt=\"Natus Medical has a longstanding history of advancing care\" width=\"967\" height=\"664\" srcset=\"https:\/\/natus.com\/wp-content\/uploads\/Timeline-About-us-transparent.png 2048w, https:\/\/natus.com\/wp-content\/uploads\/Timeline-About-us-transparent-768x528.png 768w, https:\/\/natus.com\/wp-content\/uploads\/Timeline-About-us-transparent-1536x1055.png 1536w\" sizes=\"auto, (max-width: 967px) 100vw, 967px\" \/><\/p>\n<p>&nbsp;<\/p>\n"}},{"acf_fc_layout":"simple_content","_acfe_flexible_toggle":"","content_full_width_landing":{"module_options":{"":null,"module_id":"n6508deb779400","module_class":"","module_background_type":"color","module_background_color":"rgba(0,170,167,0.9)","module_background_image":false,"module_background_video":"","activate_custom_padding":true,"padding_top_desktop":"60","padding_top_tablet":"50","padding_top_mobile":"50","padding_bottom_desktop":"60","padding_bottom_tablet":"50","padding_bottom_mobile":"50","activate_custom_margin":false,"margin_top_desktop":"0","margin_top_tablet":"0","margin_top_mobile":"0","margin_bottom_desktop":"0","margin_bottom_tablet":"0","margin_bottom_mobile":"0","disable_on":[],"content_alignment_desktop":"left","content_alignment_tablet":"left","content_alignment_mobile":"left"},"content":"<h3><span style=\"color: #ffffff;\">Unsere Unternehmenskultur<\/span><\/h3>\n"}},{"acf_fc_layout":"right_image_left_content_single_cta","_acfe_flexible_toggle":"","right_image_left_content_single_cta_landing":{"module_options":{"":null,"module_id":"n650e1771a800b","module_class":"","module_background_type":"color","module_background_color":"","module_background_image":false,"module_background_video":"","activate_custom_padding":false,"padding_top_desktop":"0","padding_top_tablet":"0","padding_top_mobile":"0","padding_bottom_desktop":"0","padding_bottom_tablet":"0","padding_bottom_mobile":"0","activate_custom_margin":false,"margin_top_desktop":"0","margin_top_tablet":"0","margin_top_mobile":"0","margin_bottom_desktop":"0","margin_bottom_tablet":"0","margin_bottom_mobile":"0","disable_on":[],"content_alignment_desktop":"left","content_alignment_tablet":"left","content_alignment_mobile":"left"},"":null,"label":"","title":"","description":"<h4 style=\"text-align: left;\">Gemeinsam etwas bewirken<\/h4>\n<p style=\"text-align: left;\">Wir arbeiten mit Leidenschaft daran, das Leben von Menschen zu verbessern. Dazu geh\u00f6ren nicht nur Patienten und Gesundheitsdienstleister, sondern auch unsere Mitarbeiter auf der ganzen Welt, auf deren Engagement der Erfolg von Natus beruht.<\/p>\n<p><a class=\"btn-v1\" href=\"https:\/\/natus.com\/careers\/\">Karriere bei Natus<\/a><\/p>\n","link":null,"image":{"ID":6632,"id":6632,"title":"We are Innovators","filename":"We-are-Innovators.png","filesize":598273,"url":"https:\/\/natus.com\/wp-content\/uploads\/We-are-Innovators.png","link":"https:\/\/natus.com\/de\/karriere\/we-are-innovators-2\/","alt":"Natus R&D team member hard at work","author":"3","description":"","caption":"","name":"we-are-innovators-2","status":"inherit","uploaded_to":11268,"date":"2023-09-22 19:15:43","modified":"2024-07-26 15:46:51","menu_order":0,"mime_type":"image\/png","type":"image","subtype":"png","icon":"https:\/\/natus.com\/wp-includes\/images\/media\/default.png","width":800,"height":450,"sizes":{"thumbnail":"https:\/\/natus.com\/wp-content\/uploads\/We-are-Innovators.png","thumbnail-width":128,"thumbnail-height":72,"medium":"https:\/\/natus.com\/wp-content\/uploads\/We-are-Innovators.png","medium-width":800,"medium-height":450,"medium_large":"https:\/\/natus.com\/wp-content\/uploads\/We-are-Innovators-768x432.png","medium_large-width":768,"medium_large-height":432,"large":"https:\/\/natus.com\/wp-content\/uploads\/We-are-Innovators.png","large-width":800,"large-height":450,"1536x1536":"https:\/\/natus.com\/wp-content\/uploads\/We-are-Innovators.png","1536x1536-width":800,"1536x1536-height":450,"2048x2048":"https:\/\/natus.com\/wp-content\/uploads\/We-are-Innovators.png","2048x2048-width":800,"2048x2048-height":450}},"activate_image_caption":false,"image_caption_description":""}},{"acf_fc_layout":"left_image_right_content_single_cta","_acfe_flexible_toggle":"","left_image_right_content_single_cta_landing":{"module_options":{"":null,"module_id":"n6508deb784c41","module_class":"","module_background_type":"color","module_background_color":"","module_background_image":false,"module_background_video":"","activate_custom_padding":false,"padding_top_desktop":"0","padding_top_tablet":"0","padding_top_mobile":"0","padding_bottom_desktop":"0","padding_bottom_tablet":"0","padding_bottom_mobile":"0","activate_custom_margin":false,"margin_top_desktop":"0","margin_top_tablet":"0","margin_top_mobile":"0","margin_bottom_desktop":"0","margin_bottom_tablet":"0","margin_bottom_mobile":"0","disable_on":[],"content_alignment_desktop":"left","content_alignment_tablet":"left","content_alignment_mobile":"left"},"":null,"image":{"ID":5258,"id":5258,"title":"World of Diff Contact - 800x450","filename":"World-of-Diff-Contact-800x450-1.jpg","filesize":336308,"url":"https:\/\/natus.com\/wp-content\/uploads\/World-of-Diff-Contact-800x450-1.jpg","link":"https:\/\/natus.com\/de\/ueber-uns\/world-of-diff-contact-800x450-2\/","alt":"Doctor image","author":"2","description":"","caption":"","name":"world-of-diff-contact-800x450-2","status":"inherit","uploaded_to":11289,"date":"2023-09-18 23:22:37","modified":"2024-07-26 17:07:44","menu_order":0,"mime_type":"image\/jpeg","type":"image","subtype":"jpeg","icon":"https:\/\/natus.com\/wp-includes\/images\/media\/default.png","width":800,"height":450,"sizes":{"thumbnail":"https:\/\/natus.com\/wp-content\/uploads\/World-of-Diff-Contact-800x450-1.jpg","thumbnail-width":128,"thumbnail-height":72,"medium":"https:\/\/natus.com\/wp-content\/uploads\/World-of-Diff-Contact-800x450-1.jpg","medium-width":800,"medium-height":450,"medium_large":"https:\/\/natus.com\/wp-content\/uploads\/World-of-Diff-Contact-800x450-1-768x432.jpg","medium_large-width":768,"medium_large-height":432,"large":"https:\/\/natus.com\/wp-content\/uploads\/World-of-Diff-Contact-800x450-1.jpg","large-width":800,"large-height":450,"1536x1536":"https:\/\/natus.com\/wp-content\/uploads\/World-of-Diff-Contact-800x450-1.jpg","1536x1536-width":800,"1536x1536-height":450,"2048x2048":"https:\/\/natus.com\/wp-content\/uploads\/World-of-Diff-Contact-800x450-1.jpg","2048x2048-width":800,"2048x2048-height":450}},"activate_image_caption":false,"image_caption_icon":false,"image_caption_title":"","image_caption_description":"","label":"Kontakt","title":"Gemeinsam ver\u00e4ndern wir die Welt f\u00fcr Patienten. ","description":"<p>We are here to help. Have questions? Reach out to a Natus representative for convenient customer support or to learn more about advancing your capabilities with our industry-leading solutions.<\/p>\n","link":{"type":"post","value":"8340","url":"https:\/\/natus.com\/de\/standorte\/","name":"Standorte","title":"Kontakt Aufnehmen","target":""}}}]},"_links":{"self":[{"href":"https:\/\/natus.com\/de\/wp-json\/wp\/v2\/pages\/11289","targetHints":{"allow":["GET"]}}],"collection":[{"href":"https:\/\/natus.com\/de\/wp-json\/wp\/v2\/pages"}],"about":[{"href":"https:\/\/natus.com\/de\/wp-json\/wp\/v2\/types\/page"}],"author":[{"embeddable":true,"href":"https:\/\/natus.com\/de\/wp-json\/wp\/v2\/users\/1"}],"replies":[{"embeddable":true,"href":"https:\/\/natus.com\/de\/wp-json\/wp\/v2\/comments?post=11289"}],"version-history":[{"count":9,"href":"https:\/\/natus.com\/de\/wp-json\/wp\/v2\/pages\/11289\/revisions"}],"predecessor-version":[{"id":24970,"href":"https:\/\/natus.com\/de\/wp-json\/wp\/v2\/pages\/11289\/revisions\/24970"}],"wp:attachment":[{"href":"https:\/\/natus.com\/de\/wp-json\/wp\/v2\/media?parent=11289"}],"wp:term":[{"taxonomy":"category","embeddable":true,"href":"https:\/\/natus.com\/de\/wp-json\/wp\/v2\/categories?post=11289"},{"taxonomy":"post_tag","embeddable":true,"href":"https:\/\/natus.com\/de\/wp-json\/wp\/v2\/tags?post=11289"}],"curies":[{"name":"wp","href":"https:\/\/api.w.org\/{rel}","templated":true}]}}