{"id":11302,"date":"2023-08-17T19:14:13","date_gmt":"2023-08-17T19:14:13","guid":{"rendered":"https:\/\/natus.com\/education\/"},"modified":"2025-09-05T09:07:49","modified_gmt":"2025-09-05T09:07:49","slug":"wissen","status":"publish","type":"page","link":"https:\/\/natus.com\/de\/wissen\/","title":{"rendered":"Wissen"},"content":{"rendered":"","protected":false},"excerpt":{"rendered":"","protected":false},"author":1,"featured_media":0,"parent":0,"menu_order":0,"comment_status":"closed","ping_status":"closed","template":"","meta":{"_acf_changed":false,"footnotes":""},"categories":[],"tags":[],"class_list":["post-11302","page","type-page","status-publish","hentry"],"acf":{"content_blocks":[{"acf_fc_layout":"hero1","_acfe_flexible_toggle":"","hero_locations":{"unique_id":"n6511ace06c94c","background":{"ID":928,"id":928,"title":"locations-hero","filename":"locations-hero.jpg","filesize":249977,"url":"https:\/\/natus.com\/wp-content\/uploads\/locations-hero.jpg","link":"https:\/\/natus.com\/de\/standorte\/locations-hero-2\/","alt":"","author":"1","description":"","caption":"","name":"locations-hero-2","status":"inherit","uploaded_to":8340,"date":"2023-07-30 10:59:34","modified":"2023-09-21 15:29:51","menu_order":0,"mime_type":"image\/jpeg","type":"image","subtype":"jpeg","icon":"https:\/\/natus.com\/wp-includes\/images\/media\/default.png","width":1920,"height":500,"sizes":{"thumbnail":"https:\/\/natus.com\/wp-content\/uploads\/locations-hero.jpg","thumbnail-width":128,"thumbnail-height":33,"medium":"https:\/\/natus.com\/wp-content\/uploads\/locations-hero.jpg","medium-width":1920,"medium-height":500,"medium_large":"https:\/\/natus.com\/wp-content\/uploads\/locations-hero-768x200.jpg","medium_large-width":768,"medium_large-height":200,"large":"https:\/\/natus.com\/wp-content\/uploads\/locations-hero.jpg","large-width":1920,"large-height":500,"1536x1536":"https:\/\/natus.com\/wp-content\/uploads\/locations-hero-1536x400.jpg","1536x1536-width":1536,"1536x1536-height":400,"2048x2048":"https:\/\/natus.com\/wp-content\/uploads\/locations-hero.jpg","2048x2048-width":1920,"2048x2048-height":500}},"h1":"Wissen","description":""}},{"acf_fc_layout":"spacer","_acfe_flexible_toggle":"","spacer":{"module_options":{"":null,"module_id":"n6514d1d199838","module_class":"","module_background_type":"color","module_background_color":"#f1f1f1","module_background_image":false,"module_background_video":"","activate_custom_padding":false,"padding_top_desktop":"0","padding_top_tablet":"0","padding_top_mobile":"0","padding_bottom_desktop":"0","padding_bottom_tablet":"0","padding_bottom_mobile":"0","activate_custom_margin":false,"margin_top_desktop":"0","margin_top_tablet":"0","margin_top_mobile":"0","margin_bottom_desktop":"0","margin_bottom_tablet":"0","margin_bottom_mobile":"0","disable_on":[],"content_alignment_desktop":"left","content_alignment_tablet":"left","content_alignment_mobile":"left"},"height":"50"}},{"acf_fc_layout":"divider","_acfe_flexible_toggle":"","divider":{"module_options":{"":null,"module_id":"n6514d1d1b66a0","module_class":"","module_background_type":"color","module_background_color":"","module_background_image":false,"module_background_video":"","activate_custom_padding":false,"padding_top_desktop":"0","padding_top_tablet":"0","padding_top_mobile":"0","padding_bottom_desktop":"0","padding_bottom_tablet":"0","padding_bottom_mobile":"0","activate_custom_margin":false,"margin_top_desktop":"0","margin_top_tablet":"0","margin_top_mobile":"0","margin_bottom_desktop":"-49","margin_bottom_tablet":"0","margin_bottom_mobile":"0","disable_on":[],"content_alignment_desktop":"left","content_alignment_tablet":"left","content_alignment_mobile":"left"},"color":"#00aaa7","height":"12"}},{"acf_fc_layout":"simple_content","_acfe_flexible_toggle":"","content_full_width_landing":{"module_options":{"":null,"module_id":"n6514d1d1bceb1","module_class":"","module_background_type":"color","module_background_color":"","module_background_image":false,"module_background_video":"","activate_custom_padding":true,"padding_top_desktop":"0","padding_top_tablet":"0","padding_top_mobile":"0","padding_bottom_desktop":"80","padding_bottom_tablet":"10","padding_bottom_mobile":"10","activate_custom_margin":false,"margin_top_desktop":"0","margin_top_tablet":"0","margin_top_mobile":"0","margin_bottom_desktop":"-95","margin_bottom_tablet":"-10","margin_bottom_mobile":"-10","disable_on":[],"content_alignment_desktop":"left","content_alignment_tablet":"left","content_alignment_mobile":"left"},"content":"<h4 style=\"text-align: center;\"><span style=\"color: #005e63;\">Ein Schritt voraus \u2013 mit unserer Akademie im Gesundheitswesen<\/span><\/h4>\n"}},{"acf_fc_layout":"content_multiple_columns","_acfe_flexible_toggle":"","content_multiple_columns":{"module_options":{"":null,"module_id":"n6511b0fddb3e1","module_class":"","module_background_type":"color","module_background_color":"","module_background_image":false,"module_background_video":"","activate_custom_padding":true,"padding_top_desktop":"100","padding_top_tablet":"20","padding_top_mobile":"20","padding_bottom_desktop":"100","padding_bottom_tablet":"20","padding_bottom_mobile":"20","activate_custom_margin":false,"margin_top_desktop":"-100","margin_top_tablet":"-20","margin_top_mobile":"-20","margin_bottom_desktop":"-100","margin_bottom_tablet":"-20","margin_bottom_mobile":"-20","disable_on":[],"content_alignment_desktop":"left","content_alignment_tablet":"left","content_alignment_mobile":"left"},"columns_per_rows_desktop":"3","columns_per_rows_tablet":"1","columns_per_rows_mobile":"1","columns":[{"column_background":"#ffffff","column_size":"one-third","column_alignment":"align-left","activate_top_right_border_radius":true,"content_type":[{"acf_fc_layout":"simple_content","content":"<p><img loading=\"lazy\" decoding=\"async\" class=\"size-full wp-image-7038 alignleft\" src=\"\/wp-content\/uploads\/registered_members_icon_teal.png\" alt=\"\" width=\"100\" height=\"100\" \/><br \/>\n<strong><span style=\"font-size: 22px;\"><span style=\"color: #008c9a;\">\u00dcber 18,000 registrierte Mitglieder<\/span><\/span><\/strong><\/p>\n"}]},{"column_background":"#ffffff","column_size":"one-third","column_alignment":"align-left","activate_top_right_border_radius":true,"content_type":[{"acf_fc_layout":"simple_content","content":"<p><img loading=\"lazy\" decoding=\"async\" class=\"size-full wp-image-7033 alignleft\" src=\"\/wp-content\/uploads\/500_courses_icon_teal.png\" alt=\"\" width=\"100\" height=\"100\" \/><\/p>\n<p>&nbsp;<\/p>\n<p><strong><span style=\"font-size: 22px;\"><span style=\"color: #008c9a;\">Akkreditierte Bildungsangebote<\/span><\/span><\/strong><\/p>\n"}]},{"column_background":"#ffffff","column_size":"one-third","column_alignment":"align-left","activate_top_right_border_radius":true,"content_type":[{"acf_fc_layout":"simple_content","content":"<p><img loading=\"lazy\" decoding=\"async\" class=\"size-full wp-image-7043 alignleft\" src=\"\/wp-content\/uploads\/product_training_icon_teal.png\" alt=\"\" width=\"100\" height=\"100\" \/><\/p>\n<p>&nbsp;<\/p>\n<p><strong><span style=\"font-size: 22px;\"><span style=\"color: #008c9a;\">\u00dcber 500 Produkt- &amp; klinische Kurse<\/span><\/span><\/strong><\/p>\n"}]}]}},{"acf_fc_layout":"content_multiple_columns","_acfe_flexible_toggle":"","content_multiple_columns":{"module_options":{"":null,"module_id":"n6511b0fdddaa0","module_class":"","module_background_type":"color","module_background_color":"","module_background_image":false,"module_background_video":"","activate_custom_padding":true,"padding_top_desktop":"40","padding_top_tablet":"0","padding_top_mobile":"0","padding_bottom_desktop":"0","padding_bottom_tablet":"0","padding_bottom_mobile":"0","activate_custom_margin":false,"margin_top_desktop":"-40","margin_top_tablet":"0","margin_top_mobile":"0","margin_bottom_desktop":"0","margin_bottom_tablet":"0","margin_bottom_mobile":"0","disable_on":[],"content_alignment_desktop":"left","content_alignment_tablet":"left","content_alignment_mobile":"left"},"columns_per_rows_desktop":"2","columns_per_rows_tablet":"1","columns_per_rows_mobile":"1","columns":[{"column_background":"#f1f1f1","column_size":"one-third","column_alignment":"align-left","activate_top_right_border_radius":false,"content_type":[{"acf_fc_layout":"simple_content","content":"<h4>Wir bieten Expertenwissen, klinisches Fachwissen und Fortbildung &#8211; unabh\u00e4ngig von Ihrer Rolle und Ihrem Arbeitsort.<\/h4>\n<p>Auf der Grundlage unseres starken Engagements f\u00fcr kontinuierliche Weiterbildung wurde das Angebot der Natus Academy speziell entwickelt, um nur Mitgliedern Zugang zu den neuesten wissenschaftlichen Fortschritten in diesem Bereich zu bieten. Diese exklusive, interaktive Gemeinschaft hilft den Mitgliedern, die neuesten Trends zu erkunden, und bietet Online-Schulungsressourcen und eingehende Produktschulungen.<\/p>\n<p>Wir bieten praktische Schulungen an, die von Branchenexperten geleitet werden. Entdecken Sie das volle Potential, das jedes Produkt zu bieten hat.<\/p>\n"}]},{"column_background":"#008b96","column_size":"one-third","column_alignment":"align-left","activate_top_right_border_radius":true,"content_type":[{"acf_fc_layout":"simple_content","content":"<p>&nbsp;<\/p>\n<h5><span style=\"color: #ffffff;\"><strong>Unsere Mission:<\/strong> Klinisches Wissen und Produktexpertise zu schaffen, zu pr\u00e4sentieren und zu verbreiten, um unsere Kunden in die Lage zu versetzen, die Patientenversorgung und die Arbeitsabl\u00e4ufe der Kliniken weiter zu verbessern und zu f\u00f6rdern.<\/span><\/h5>\n"}]}]}},{"acf_fc_layout":"simple_content","_acfe_flexible_toggle":"","content_full_width_landing":{"module_options":{"":null,"module_id":"n651464d5779e5","module_class":"","module_background_type":"color","module_background_color":"","module_background_image":false,"module_background_video":"","activate_custom_padding":false,"padding_top_desktop":"0","padding_top_tablet":"0","padding_top_mobile":"0","padding_bottom_desktop":"0","padding_bottom_tablet":"0","padding_bottom_mobile":"0","activate_custom_margin":false,"margin_top_desktop":"0","margin_top_tablet":"0","margin_top_mobile":"0","margin_bottom_desktop":"0","margin_bottom_tablet":"0","margin_bottom_mobile":"0","disable_on":[],"content_alignment_desktop":"left","content_alignment_tablet":"left","content_alignment_mobile":"left"},"content":"<p><img loading=\"lazy\" decoding=\"async\" class=\" wp-image-7146 alignleft\" src=\"https:\/\/natus.com\/wp-content\/uploads\/nta-logo.png\" alt=\"\" width=\"456\" height=\"228\" \/><\/p>\n<p>Die Natus Neuro Training Academy konzentriert sich auf Fortbildungsprogramme f\u00fcr Fachleute aus dem Bereich Neurologie, die fortgeschrittene klinische Kenntnisse und Unterst\u00fctzung f\u00fcr unsere Kunden bei der Verwendung und Optimierung von Natus Neurologie-Produkten f\u00f6rdern. Die Mitgliedschaft ist KOSTENLOS.<\/p>\n<p>&nbsp;<\/p>\n<p>Unsere Expertengruppe besteht aus \u00c4rzten, Pflegekr\u00e4ften, klinischen Anwendungsspezialisten, Ingenieuren und anderen qualifizierten Fachleuten mit jahrelanger Erfahrung in einer Vielzahl von klinischen Bereichen.<\/p>\n<p><a class=\"btn-v1\" href=\"https:\/\/neuro-training.academy\/\" target=\"_blank\" rel=\"noopener\">BESUCHEN SIE DIE NEURO TRAINING ACADEMY<\/a><\/p>\n<p>&nbsp;<\/p>\n<p>&nbsp;<\/p>\n"}}]},"_links":{"self":[{"href":"https:\/\/natus.com\/de\/wp-json\/wp\/v2\/pages\/11302","targetHints":{"allow":["GET"]}}],"collection":[{"href":"https:\/\/natus.com\/de\/wp-json\/wp\/v2\/pages"}],"about":[{"href":"https:\/\/natus.com\/de\/wp-json\/wp\/v2\/types\/page"}],"author":[{"embeddable":true,"href":"https:\/\/natus.com\/de\/wp-json\/wp\/v2\/users\/1"}],"replies":[{"embeddable":true,"href":"https:\/\/natus.com\/de\/wp-json\/wp\/v2\/comments?post=11302"}],"version-history":[{"count":10,"href":"https:\/\/natus.com\/de\/wp-json\/wp\/v2\/pages\/11302\/revisions"}],"predecessor-version":[{"id":24949,"href":"https:\/\/natus.com\/de\/wp-json\/wp\/v2\/pages\/11302\/revisions\/24949"}],"wp:attachment":[{"href":"https:\/\/natus.com\/de\/wp-json\/wp\/v2\/media?parent=11302"}],"wp:term":[{"taxonomy":"category","embeddable":true,"href":"https:\/\/natus.com\/de\/wp-json\/wp\/v2\/categories?post=11302"},{"taxonomy":"post_tag","embeddable":true,"href":"https:\/\/natus.com\/de\/wp-json\/wp\/v2\/tags?post=11302"}],"curies":[{"name":"wp","href":"https:\/\/api.w.org\/{rel}","templated":true}]}}