{"id":11811,"date":"2023-09-20T15:59:41","date_gmt":"2023-09-20T15:59:41","guid":{"rendered":"https:\/\/natus.com\/service-und-unterstuetzung\/service-programs\/natus-care\/"},"modified":"2026-01-28T16:40:41","modified_gmt":"2026-01-28T16:40:41","slug":"natus-care","status":"publish","type":"page","link":"https:\/\/natus.com\/de\/support\/service-programme\/natus-care\/","title":{"rendered":"Natus Care"},"content":{"rendered":"","protected":false},"excerpt":{"rendered":"","protected":false},"author":2,"featured_media":0,"parent":11793,"menu_order":0,"comment_status":"closed","ping_status":"closed","template":"","meta":{"_acf_changed":false,"footnotes":""},"categories":[],"tags":[],"class_list":["post-11811","page","type-page","status-publish","hentry"],"acf":{"content_blocks":[{"acf_fc_layout":"hero1","_acfe_flexible_layout_title":null,"_acfe_flexible_toggle":null,"hero_locations":{"unique_id":"n650b16edc0d1b","background":{"ID":928,"id":928,"title":"locations-hero","filename":"locations-hero.jpg","filesize":249977,"url":"https:\/\/natus.com\/wp-content\/uploads\/locations-hero.jpg","link":"https:\/\/natus.com\/de\/standorte\/locations-hero-2\/","alt":"","author":"1","description":"","caption":"","name":"locations-hero-2","status":"inherit","uploaded_to":8340,"date":"2023-07-30 10:59:34","modified":"2023-09-21 15:29:51","menu_order":0,"mime_type":"image\/jpeg","type":"image","subtype":"jpeg","icon":"https:\/\/natus.com\/wp-includes\/images\/media\/default.png","width":1920,"height":500,"sizes":{"thumbnail":"https:\/\/natus.com\/wp-content\/uploads\/locations-hero.jpg","thumbnail-width":128,"thumbnail-height":33,"medium":"https:\/\/natus.com\/wp-content\/uploads\/locations-hero.jpg","medium-width":1920,"medium-height":500,"medium_large":"https:\/\/natus.com\/wp-content\/uploads\/locations-hero-768x200.jpg","medium_large-width":768,"medium_large-height":200,"large":"https:\/\/natus.com\/wp-content\/uploads\/locations-hero.jpg","large-width":1920,"large-height":500,"1536x1536":"https:\/\/natus.com\/wp-content\/uploads\/locations-hero-1536x400.jpg","1536x1536-width":1536,"1536x1536-height":400,"2048x2048":"https:\/\/natus.com\/wp-content\/uploads\/locations-hero.jpg","2048x2048-width":1920,"2048x2048-height":500}},"h1":"Natus Care","description":""}},{"acf_fc_layout":"divider","_acfe_flexible_layout_title":null,"_acfe_flexible_toggle":null,"divider":{"module_options":{"":null,"module_id":"n651469431a294","module_class":"","module_background_type":"color","module_background_color":"","module_background_image":false,"module_background_video":"","activate_custom_padding":false,"padding_top_desktop":"0","padding_top_tablet":"0","padding_top_mobile":"0","padding_bottom_desktop":"0","padding_bottom_tablet":"0","padding_bottom_mobile":"0","activate_custom_margin":false,"margin_top_desktop":"0","margin_top_tablet":"0","margin_top_mobile":"0","margin_bottom_desktop":"0","margin_bottom_tablet":"0","margin_bottom_mobile":"0","disable_on":[],"content_alignment_desktop":"left","content_alignment_tablet":"left","content_alignment_mobile":"left"},"color":"#005e63","height":"12"}},{"acf_fc_layout":"simple_content","_acfe_flexible_layout_title":null,"_acfe_flexible_toggle":null,"content_full_width_landing":{"module_options":{"":null,"module_id":"n6514694325c04","module_class":"","module_background_type":"color","module_background_color":"","module_background_image":false,"module_background_video":"","activate_custom_padding":true,"padding_top_desktop":"0","padding_top_tablet":"0","padding_top_mobile":"0","padding_bottom_desktop":"40","padding_bottom_tablet":"20","padding_bottom_mobile":"20","activate_custom_margin":false,"margin_top_desktop":"0","margin_top_tablet":"0","margin_top_mobile":"0","margin_bottom_desktop":"-40","margin_bottom_tablet":"-20","margin_bottom_mobile":"-20","disable_on":[],"content_alignment_desktop":"left","content_alignment_tablet":"left","content_alignment_mobile":"left"},"content":"<h4><span style=\"color: #008b96;\"><img loading=\"lazy\" decoding=\"async\" class=\"alignleft size-full wp-image-6560\" src=\"https:\/\/natus.com\/wp-content\/uploads\/Natus-Care.png\" alt=\"\" width=\"200\" height=\"200\" \/>Technischer Service &amp; Support durch die Mitarbeiter, die sich am besten mit Ihren Natus-Produkten auskennen<br \/>\n<\/span><\/h4>\n<h6><\/h6>\n<p>&nbsp;<\/p>\n<p>&nbsp;<\/p>\n<p>&nbsp;<\/p>\n<h5><span style=\"color: #008b96;\"><br \/>\nSupport, mit dem Sie immer einen Schritt voraus sind<\/span><\/h5>\n<p><span dir=\"ltr\" role=\"presentation\">Wir stehen hinter der Qualit\u00e4t unserer Produkte. Jedes Ger\u00e4t, das Sie von Natus erwerben, wird mit <\/span><span dir=\"ltr\" role=\"presentation\">einer einj\u00e4hrigen eingeschr\u00e4nkten Garantie geliefert. Durch den Erwerb von Natus Care k\u00f6nnen Sie den <\/span><span dir=\"ltr\" role=\"presentation\">Deckungsschutz verl\u00e4ngern und Ihre Investition sch\u00fctzen. <\/span><\/p>\n<p>&nbsp;<\/p>\n<p><span dir=\"ltr\" role=\"presentation\">Wir bieten unseren Kunden zeitnahe, effiziente <\/span><span dir=\"ltr\" role=\"presentation\">und kompetente Betreuung mit personalisierten L\u00f6sungen. <\/span><span dir=\"ltr\" role=\"presentation\">Ihr engagierter Ansprechpartner bei Natus <\/span><span dir=\"ltr\" role=\"presentation\">kann Sie schnell und einfach an den richtigen Servicemitarbeiter vermitteln. Von Service und Wartung <\/span><span dir=\"ltr\" role=\"presentation\">\u00fcber Ger\u00e4tereparatur bis zu Unterst\u00fctzung vor Ort \u2013 wir bieten Ihnen alles aus einer Hand. <\/span><\/p>\n<p>&nbsp;<\/p>\n<p><span dir=\"ltr\" role=\"presentation\">Natus Care <\/span><span dir=\"ltr\" role=\"presentation\">sorgt daf\u00fcr, dass Ihre Ger\u00e4tetechnik zur \u00dcberwachung, Untersuchung und Beurteilung von Patienten <\/span><span dir=\"ltr\" role=\"presentation\">f\u00fcr die Zukunft ger\u00fcstet ist. \u00dcberlassen Sie Natus die Wartung Ihrer Ger\u00e4te, damit Sie mehr Zeit f\u00fcr Ihre <\/span><span dir=\"ltr\" role=\"presentation\">Patienten haben<\/span><\/p>\n"}},{"acf_fc_layout":"content_multiple_columns","_acfe_flexible_layout_title":null,"_acfe_flexible_toggle":null,"content_multiple_columns":{"module_options":{"":null,"module_id":"n650dc759ebc0c","module_class":"","module_background_type":"color","module_background_color":"","module_background_image":false,"module_background_video":"","activate_custom_padding":true,"padding_top_desktop":"0","padding_top_tablet":"0","padding_top_mobile":"0","padding_bottom_desktop":"80","padding_bottom_tablet":"10","padding_bottom_mobile":"10","activate_custom_margin":false,"margin_top_desktop":"0","margin_top_tablet":"0","margin_top_mobile":"0","margin_bottom_desktop":"-81","margin_bottom_tablet":"-10","margin_bottom_mobile":"-10","disable_on":[],"content_alignment_desktop":"left","content_alignment_tablet":"left","content_alignment_mobile":"left"},"columns_per_rows_desktop":"3","columns_per_rows_tablet":"1","columns_per_rows_mobile":"1","columns":[{"column_background":"#f1f1f1","column_size":"two-thirds","column_alignment":"align-right","activate_top_right_border_radius":false,"content_type":[{"acf_fc_layout":"simple_content","content":"<h5 style=\"text-align: left; padding-left: 120px;\"><span style=\"color: #008b96;\">Warum ben\u00f6tige ich einen Servicevertrag?<\/span><\/h5>\n<p style=\"text-align: left; padding-left: 120px;\">Unser Versprechen, hervorragende Leistungen zu bieten, endet nicht mit Ihrem Kauf eines Ger\u00e4ts. Dies ist erst der Anfang unseres kontinuierlichen Supports f\u00fcr Sie<\/p>\n<ul>\n<li style=\"list-style-type: none;\">\n<ul>\n<li style=\"list-style-type: none;\">\n<ul>\n<li style=\"list-style-type: none;\">\n<ul style=\"list-style-type: disc;\">\n<li style=\"text-align: left;\">Sie k\u00f6nnen zuversichtlich sein, dass Ihr Ger\u00e4t ordnungsgem\u00e4\u00df gewartet wird<\/li>\n<li style=\"text-align: left;\">Sie k\u00f6nnen sicher sein, dass Unterst\u00fctzung nur einen Telefonanruf entfernt ist<\/li>\n<li style=\"text-align: left;\">W\u00e4hrend der gesamten Laufzeit Ihres Servicevertrags steht Ihnen ein kompetenter Ansprechpartner zur Seite<\/li>\n<li style=\"text-align: left;\">Wenn ein Produkt besch\u00e4digt oder defekt ist, bedeutet ein schnell gelieferter Austausch, dass Sie die<br \/>\nVersorgung ohne Unterbrechung fortsetzen k\u00f6nnen<\/li>\n<\/ul>\n<\/li>\n<\/ul>\n<\/li>\n<\/ul>\n<\/li>\n<\/ul>\n"}]},{"column_background":"#f1f1f1","column_size":"one-third","column_alignment":"align-left","activate_top_right_border_radius":false,"content_type":[{"acf_fc_layout":"simple_content","content":"<p><img loading=\"lazy\" decoding=\"async\" class=\"wp-image-6545 aligncenter\" src=\"\/wp-content\/uploads\/Natus_Care_4xSeals-1-1.png\" alt=\"Natus Care ensures your equipment will continue to provide quality patient screening and assessment.\" width=\"285\" height=\"551\" \/><\/p>\n"}]}]}},{"acf_fc_layout":"simple_content","_acfe_flexible_layout_title":null,"_acfe_flexible_toggle":null,"content_full_width_landing":{"module_options":{"":null,"module_id":"n6514694347e4f","module_class":"","module_background_type":"color","module_background_color":"","module_background_image":false,"module_background_video":"","activate_custom_padding":true,"padding_top_desktop":"60","padding_top_tablet":"0","padding_top_mobile":"0","padding_bottom_desktop":"20","padding_bottom_tablet":"10","padding_bottom_mobile":"10","activate_custom_margin":false,"margin_top_desktop":"-60","margin_top_tablet":"0","margin_top_mobile":"0","margin_bottom_desktop":"-20","margin_bottom_tablet":"-10","margin_bottom_mobile":"-10","disable_on":[],"content_alignment_desktop":"left","content_alignment_tablet":"left","content_alignment_mobile":"left"},"content":"<h5><span style=\"color: #008b96;\">W\u00e4hlen Sie Ihre gew\u00fcnschte Natus Care L\u00f6sung<\/span><\/h5>\n<p>Unsere flexiblen Pakete bieten Ihnen von vollumf\u00e4nglicher oder teilweiser Abdeckung bis zu vorbeugender Wartung genau das Supportniveau, das Sie f\u00fcr eine gleichbleibende Qualit\u00e4t ben\u00f6tigen. Die meisten Probleme k\u00f6nnen mit einem einzigen Telefonanruf gel\u00f6st werden<\/p>\n<p>&nbsp;<\/p>\n<p><img loading=\"lazy\" decoding=\"async\" class=\"alignleft wp-image-12804 size-full\" src=\"https:\/\/natus.com\/wp-content\/uploads\/Natus-Care-DE.png\" alt=\"\" width=\"1879\" height=\"1304\" \/><\/p>\n<p>&nbsp;<\/p>\n<p>&nbsp;<\/p>\n<p>&nbsp;<\/p>\n"}},{"acf_fc_layout":"contact_form","_acfe_flexible_layout_title":null,"_acfe_flexible_toggle":null,"contact_form_landing":{"module_options":{"":null,"module_id":"n651469435679d","module_class":"","module_background_type":"color","module_background_color":"","module_background_image":false,"module_background_video":"","activate_custom_padding":false,"padding_top_desktop":"0","padding_top_tablet":"0","padding_top_mobile":"0","padding_bottom_desktop":"0","padding_bottom_tablet":"0","padding_bottom_mobile":"0","activate_custom_margin":false,"margin_top_desktop":"0","margin_top_tablet":"0","margin_top_mobile":"0","margin_bottom_desktop":"0","margin_bottom_tablet":"0","margin_bottom_mobile":"0","disable_on":[],"content_alignment_desktop":"left","content_alignment_tablet":"left","content_alignment_mobile":"left"},"":null,"activate_intro":true,"intro_text":"Kontakt","intro_text_color":"#005e63","intro_link":null,"activate_description":true,"description_title":"","description_copy":"Weitere Informationen erhalten Sie bei Ihrem \u00f6rtlichen Natus-Vertriebspartner.","embed_code":"<script charset=\"utf-8\" type=\"text\/javascript\" src=\"\/\/js.hsforms.net\/forms\/embed\/v2.js\"><\/script>\r\n<script>\r\n  hbspt.forms.create({\r\n    region: \"na1\",\r\n    portalId: \"3002890\",\r\n    formId: \"b4bc8240-2146-47ab-aaba-43a5fdd12f46\"\r\n  });\r\n<\/script>"}},{"acf_fc_layout":"simple_content","_acfe_flexible_layout_title":null,"_acfe_flexible_toggle":null,"content_full_width_landing":{"module_options":{"":null,"module_id":"n6514694369785","module_class":"","module_background_type":"color","module_background_color":"","module_background_image":false,"module_background_video":"","activate_custom_padding":false,"padding_top_desktop":"0","padding_top_tablet":"0","padding_top_mobile":"0","padding_bottom_desktop":"0","padding_bottom_tablet":"0","padding_bottom_mobile":"0","activate_custom_margin":false,"margin_top_desktop":"0","margin_top_tablet":"0","margin_top_mobile":"0","margin_bottom_desktop":"0","margin_bottom_tablet":"0","margin_bottom_mobile":"0","disable_on":[],"content_alignment_desktop":"left","content_alignment_tablet":"left","content_alignment_mobile":"left"},"content":"<p><span style=\"font-size: 11px;\">045245 RevB<\/span><\/p>\n"}}]},"_links":{"self":[{"href":"https:\/\/natus.com\/de\/wp-json\/wp\/v2\/pages\/11811","targetHints":{"allow":["GET"]}}],"collection":[{"href":"https:\/\/natus.com\/de\/wp-json\/wp\/v2\/pages"}],"about":[{"href":"https:\/\/natus.com\/de\/wp-json\/wp\/v2\/types\/page"}],"author":[{"embeddable":true,"href":"https:\/\/natus.com\/de\/wp-json\/wp\/v2\/users\/2"}],"replies":[{"embeddable":true,"href":"https:\/\/natus.com\/de\/wp-json\/wp\/v2\/comments?post=11811"}],"version-history":[{"count":8,"href":"https:\/\/natus.com\/de\/wp-json\/wp\/v2\/pages\/11811\/revisions"}],"predecessor-version":[{"id":26087,"href":"https:\/\/natus.com\/de\/wp-json\/wp\/v2\/pages\/11811\/revisions\/26087"}],"up":[{"embeddable":true,"href":"https:\/\/natus.com\/de\/wp-json\/wp\/v2\/pages\/11793"}],"wp:attachment":[{"href":"https:\/\/natus.com\/de\/wp-json\/wp\/v2\/media?parent=11811"}],"wp:term":[{"taxonomy":"category","embeddable":true,"href":"https:\/\/natus.com\/de\/wp-json\/wp\/v2\/categories?post=11811"},{"taxonomy":"post_tag","embeddable":true,"href":"https:\/\/natus.com\/de\/wp-json\/wp\/v2\/tags?post=11811"}],"curies":[{"name":"wp","href":"https:\/\/api.w.org\/{rel}","templated":true}]}}