{"id":11888,"date":"2023-05-22T11:38:58","date_gmt":"2023-05-22T11:38:58","guid":{"rendered":"https:\/\/natus.com\/contact-us\/"},"modified":"2025-03-27T16:42:11","modified_gmt":"2025-03-27T16:42:11","slug":"kontakt","status":"publish","type":"page","link":"https:\/\/natus.com\/de\/kontakt\/","title":{"rendered":"Kontakt"},"content":{"rendered":"","protected":false},"excerpt":{"rendered":"","protected":false},"author":1,"featured_media":0,"parent":0,"menu_order":0,"comment_status":"closed","ping_status":"closed","template":"","meta":{"_acf_changed":false,"footnotes":""},"categories":[],"tags":[],"class_list":["post-11888","page","type-page","status-publish","hentry"],"acf":{"content_blocks":[{"acf_fc_layout":"hero1","_acfe_flexible_toggle":"","hero_locations":{"unique_id":"n6512175b73bae","background":{"ID":928,"id":928,"title":"locations-hero","filename":"locations-hero.jpg","filesize":249977,"url":"https:\/\/natus.com\/wp-content\/uploads\/locations-hero.jpg","link":"https:\/\/natus.com\/de\/standorte\/locations-hero-2\/","alt":"","author":"1","description":"","caption":"","name":"locations-hero-2","status":"inherit","uploaded_to":8340,"date":"2023-07-30 10:59:34","modified":"2023-09-21 15:29:51","menu_order":0,"mime_type":"image\/jpeg","type":"image","subtype":"jpeg","icon":"https:\/\/natus.com\/wp-includes\/images\/media\/default.png","width":1920,"height":500,"sizes":{"thumbnail":"https:\/\/natus.com\/wp-content\/uploads\/locations-hero.jpg","thumbnail-width":128,"thumbnail-height":33,"medium":"https:\/\/natus.com\/wp-content\/uploads\/locations-hero.jpg","medium-width":1920,"medium-height":500,"medium_large":"https:\/\/natus.com\/wp-content\/uploads\/locations-hero-768x200.jpg","medium_large-width":768,"medium_large-height":200,"large":"https:\/\/natus.com\/wp-content\/uploads\/locations-hero.jpg","large-width":1920,"large-height":500,"1536x1536":"https:\/\/natus.com\/wp-content\/uploads\/locations-hero-1536x400.jpg","1536x1536-width":1536,"1536x1536-height":400,"2048x2048":"https:\/\/natus.com\/wp-content\/uploads\/locations-hero.jpg","2048x2048-width":1920,"2048x2048-height":500}},"h1":"Kontakt","description":""}},{"acf_fc_layout":"spacer","_acfe_flexible_toggle":"","spacer":{"module_options":{"":null,"module_id":"n6514c6201c933","module_class":"","module_background_type":"color","module_background_color":"#f1f1f1","module_background_image":false,"module_background_video":"","activate_custom_padding":false,"padding_top_desktop":"0","padding_top_tablet":"0","padding_top_mobile":"0","padding_bottom_desktop":"0","padding_bottom_tablet":"0","padding_bottom_mobile":"0","activate_custom_margin":false,"margin_top_desktop":"0","margin_top_tablet":"0","margin_top_mobile":"0","margin_bottom_desktop":"0","margin_bottom_tablet":"0","margin_bottom_mobile":"0","disable_on":[],"content_alignment_desktop":"left","content_alignment_tablet":"left","content_alignment_mobile":"left"},"height":"70"}},{"acf_fc_layout":"contact_form","_acfe_flexible_toggle":"","contact_form_landing":{"module_options":{"":null,"module_id":"n6514c620265d5","module_class":"","module_background_type":"color","module_background_color":"","module_background_image":false,"module_background_video":"","activate_custom_padding":false,"padding_top_desktop":"0","padding_top_tablet":"0","padding_top_mobile":"0","padding_bottom_desktop":"0","padding_bottom_tablet":"0","padding_bottom_mobile":"0","activate_custom_margin":false,"margin_top_desktop":"0","margin_top_tablet":"0","margin_top_mobile":"0","margin_bottom_desktop":"0","margin_bottom_tablet":"0","margin_bottom_mobile":"0","disable_on":[],"content_alignment_desktop":"left","content_alignment_tablet":"left","content_alignment_mobile":"left"},"":null,"activate_intro":true,"intro_text":"Wir sind stets f\u00fcr Sie da.","intro_text_color":"#005e63","intro_link":null,"activate_description":true,"description_title":"","description_copy":"Senden Sie uns Ihre Anfrage \u00fcber unser Kontaktformular. Wir freuen uns darauf, Sie unterst\u00fctzen zu d\u00fcrfen.","embed_code":"<script charset=\"utf-8\" type=\"text\/javascript\" src=\"\/\/js.hsforms.net\/forms\/embed\/v2.js\"><\/script>\r\n<script>\r\n  hbspt.forms.create({\r\n    region: \"na1\",\r\n    portalId: \"3002890\",\r\n    formId: \"908f7c1d-382e-4165-b6f4-a0c5aa2a23f3\"\r\n  });\r\n<\/script>"}}]},"_links":{"self":[{"href":"https:\/\/natus.com\/de\/wp-json\/wp\/v2\/pages\/11888","targetHints":{"allow":["GET"]}}],"collection":[{"href":"https:\/\/natus.com\/de\/wp-json\/wp\/v2\/pages"}],"about":[{"href":"https:\/\/natus.com\/de\/wp-json\/wp\/v2\/types\/page"}],"author":[{"embeddable":true,"href":"https:\/\/natus.com\/de\/wp-json\/wp\/v2\/users\/1"}],"replies":[{"embeddable":true,"href":"https:\/\/natus.com\/de\/wp-json\/wp\/v2\/comments?post=11888"}],"version-history":[{"count":2,"href":"https:\/\/natus.com\/de\/wp-json\/wp\/v2\/pages\/11888\/revisions"}],"predecessor-version":[{"id":11898,"href":"https:\/\/natus.com\/de\/wp-json\/wp\/v2\/pages\/11888\/revisions\/11898"}],"wp:attachment":[{"href":"https:\/\/natus.com\/de\/wp-json\/wp\/v2\/media?parent=11888"}],"wp:term":[{"taxonomy":"category","embeddable":true,"href":"https:\/\/natus.com\/de\/wp-json\/wp\/v2\/categories?post=11888"},{"taxonomy":"post_tag","embeddable":true,"href":"https:\/\/natus.com\/de\/wp-json\/wp\/v2\/tags?post=11888"}],"curies":[{"name":"wp","href":"https:\/\/api.w.org\/{rel}","templated":true}]}}