{"id":11958,"date":"2023-09-22T20:20:12","date_gmt":"2023-09-22T20:20:12","guid":{"rendered":"https:\/\/natus.com\/legal-notice\/"},"modified":"2024-11-19T21:31:25","modified_gmt":"2024-11-19T21:31:25","slug":"rechtshinweis","status":"publish","type":"page","link":"https:\/\/natus.com\/de\/rechtshinweis\/","title":{"rendered":"Rechtshinweis"},"content":{"rendered":"","protected":false},"excerpt":{"rendered":"","protected":false},"author":3,"featured_media":0,"parent":0,"menu_order":0,"comment_status":"closed","ping_status":"closed","template":"","meta":{"_acf_changed":false,"footnotes":""},"categories":[],"tags":[],"class_list":["post-11958","page","type-page","status-publish","hentry"],"acf":{"content_blocks":[{"acf_fc_layout":"hero1","_acfe_flexible_toggle":"","hero_locations":{"unique_id":"n650dfe5965a7e","background":{"ID":928,"id":928,"title":"locations-hero","filename":"locations-hero.jpg","filesize":249977,"url":"https:\/\/natus.com\/wp-content\/uploads\/locations-hero.jpg","link":"https:\/\/natus.com\/de\/standorte\/locations-hero-2\/","alt":"","author":"1","description":"","caption":"","name":"locations-hero-2","status":"inherit","uploaded_to":8340,"date":"2023-07-30 10:59:34","modified":"2023-09-21 15:29:51","menu_order":0,"mime_type":"image\/jpeg","type":"image","subtype":"jpeg","icon":"https:\/\/natus.com\/wp-includes\/images\/media\/default.png","width":1920,"height":500,"sizes":{"thumbnail":"https:\/\/natus.com\/wp-content\/uploads\/locations-hero.jpg","thumbnail-width":128,"thumbnail-height":33,"medium":"https:\/\/natus.com\/wp-content\/uploads\/locations-hero.jpg","medium-width":1920,"medium-height":500,"medium_large":"https:\/\/natus.com\/wp-content\/uploads\/locations-hero-768x200.jpg","medium_large-width":768,"medium_large-height":200,"large":"https:\/\/natus.com\/wp-content\/uploads\/locations-hero.jpg","large-width":1920,"large-height":500,"1536x1536":"https:\/\/natus.com\/wp-content\/uploads\/locations-hero-1536x400.jpg","1536x1536-width":1536,"1536x1536-height":400,"2048x2048":"https:\/\/natus.com\/wp-content\/uploads\/locations-hero.jpg","2048x2048-width":1920,"2048x2048-height":500}},"h1":"Rechtshinweis","description":""}},{"acf_fc_layout":"spacer","_acfe_flexible_toggle":"","spacer":{"module_options":{"":null,"module_id":"n6514c945ac306","module_class":"","module_background_type":"color","module_background_color":"#f1f1f1","module_background_image":false,"module_background_video":"","activate_custom_padding":false,"padding_top_desktop":"0","padding_top_tablet":"0","padding_top_mobile":"0","padding_bottom_desktop":"0","padding_bottom_tablet":"0","padding_bottom_mobile":"0","activate_custom_margin":false,"margin_top_desktop":"0","margin_top_tablet":"0","margin_top_mobile":"0","margin_bottom_desktop":"0","margin_bottom_tablet":"0","margin_bottom_mobile":"0","disable_on":[],"content_alignment_desktop":"left","content_alignment_tablet":"left","content_alignment_mobile":"left"},"height":"30"}},{"acf_fc_layout":"divider","_acfe_flexible_toggle":"","divider":{"module_options":{"":null,"module_id":"n6514c945b2b9b","module_class":"","module_background_type":"color","module_background_color":"","module_background_image":false,"module_background_video":"","activate_custom_padding":false,"padding_top_desktop":"0","padding_top_tablet":"0","padding_top_mobile":"0","padding_bottom_desktop":"0","padding_bottom_tablet":"0","padding_bottom_mobile":"0","activate_custom_margin":false,"margin_top_desktop":"0","margin_top_tablet":"0","margin_top_mobile":"0","margin_bottom_desktop":"-50","margin_bottom_tablet":"0","margin_bottom_mobile":"0","disable_on":[],"content_alignment_desktop":"left","content_alignment_tablet":"left","content_alignment_mobile":"left"},"color":"#00aaa7","height":"12"}},{"acf_fc_layout":"simple_content","_acfe_flexible_toggle":"","content_full_width_landing":{"module_options":{"":null,"module_id":"n6514c8b74eda8","module_class":"","module_background_type":"color","module_background_color":"","module_background_image":false,"module_background_video":"","activate_custom_padding":false,"padding_top_desktop":"0","padding_top_tablet":"0","padding_top_mobile":"0","padding_bottom_desktop":"0","padding_bottom_tablet":"0","padding_bottom_mobile":"0","activate_custom_margin":false,"margin_top_desktop":"0","margin_top_tablet":"0","margin_top_mobile":"0","margin_bottom_desktop":"0","margin_bottom_tablet":"0","margin_bottom_mobile":"0","disable_on":[],"content_alignment_desktop":"left","content_alignment_tablet":"left","content_alignment_mobile":"left"},"content":"<p>Marketing, technologische Verbesserungen und Produktentwicklung, unsere Absicht, Vereinbarungen mit Einkaufsgemeinschaften abzuschlie\u00dfen, unsere Absicht, neue Produkte einzuf\u00fchren und bestehende Produktlinien zu erweitern, unsere Absicht, strategische Gesch\u00e4ftspartner zu finden, unsere \u00dcberzeugung, dass wir Produkte auf effiziente Weise auf den Markt bringen, die Entwicklung von Technologien zu erfolgreichen Produkten, unsere Einsch\u00e4tzung der Laufzeit von erteilten Patenten, die Identit\u00e4t unserer Mitbewerber und Faktoren in Bezug auf den Wettbewerb, unsere Konformit\u00e4t mit aufsichtsrechtlichen Anforderungen und Gesetzen sowie unser Plan f\u00fcr die Verfolgung der Zulassung unser Produkte zum Verkauf in weiteren L\u00e4ndern.<\/p>\n<p>&nbsp;<\/p>\n<p>Zukunftsgerichtete Aussagen sind keine Garantien f\u00fcr zuk\u00fcnftige Performance und unterliegen erheblichen Risiken und Unw\u00e4gbarkeiten, die dazu f\u00fchren k\u00f6nnen, dass die tats\u00e4chlichen Ergebnisse von den in zukunftsgerichteten Aussagen vorhergesagten sowie unsere zuk\u00fcnftige(n) finanzielle(n) Lage und Ergebnisse des Gesch\u00e4ftsbetriebs wesentlich von unseren bisherigen Ergebnissen oder von den zurzeit erwarteten Ergebnissen abweichen. Investoren sollten die unter der \u00dcberschrift \u201eRisk Factors\u201c (Risikofaktoren) in unserem Jahresbericht auf Form 10-K f\u00fcr das am 31. Dezember 2005 zu Ende gegangene Jahr, in unseren Quartalsberichten auf Form 10-Q sowie in anderen von Natus von Zeit zu Zeit bei der Securities and Exchange Commission der USA eingereichten Berichten enthaltenen Informationen sorgf\u00e4ltig lesen. Alle zukunftsgerichteten Aussagen basieren auf Informationen, die uns zum Zeitpunkt, zu dem solche Aussagen get\u00e4tigt werden, zur Verf\u00fcgung standen, und wir \u00fcbernehmen keine Verpflichtungen zur Aktualisierung von zukunftsgerichteten Aussagen.<\/p>\n<p>&nbsp;<\/p>\n<p>Auf dieser Website enthaltene Markenzeichen, Logos und Dienstleistungsmarken sind eingetragene oder nicht eingetragene Marken von Natus Medical Incorporated, seinen Lizenzgebern, Content-Anbieter oder Drittparteien. Alle dieser Markenzeichen, Logos und Dienstleistungsmarken sind das Eigentum der jeweiligen Rechtsinhaber. Keine Inhalte dieser Website k\u00f6nnen als Gew\u00e4hrung von Genehmigungen oder Rechten verstanden werden, sei es durch Implikation, Klagehemmung oder auf andere Weise, die auf dieser Website enthaltenen Markenzeichen, Logos oder Dienstleistungsmarken ohne die vorherige schriftliche Genehmigung des Rechtsinhabers zu verwenden, soweit in diesen Bedingungen nichts anderes festgelegt ist. Natus beh\u00e4lt sich alle Rechte an der Website und deren Inhalten vor, die nicht ausdr\u00fccklich gew\u00e4hrt werden. Diese Website und der gesamte Inhalt, einschlie\u00dflich, aber nicht beschr\u00e4nkt auf Text, Design, Grafiken, Schnittstellen und Softwarecode, sowie die Auswahl und die Anordnung dieser, sind als Sammlung nach den Urheberrechtsgesetzen der Vereinigten Staaten und anderer L\u00e4nder gesch\u00fctzt.<\/p>\n<p>Jegliche personenbezogenen Daten im Rahmen der elektronischen Kommunikation mit dieser Website unterliegen der Datenschutzrichtlinie dieser Website. Natus Medical Incorporated hat das Recht, alle anderen Informationen in solchen Kommunikationen, einschlie\u00dflich darin enthaltener Ideen, Erfindungen, Konzepte, Techniken oder Fachkenntnisse, zu jeglichem Zweck zu nutzen. Zu solchen Zwecken geh\u00f6rt auch die Weitergabe an Dritte und\/oder die Entwicklung, Herstellung und\/oder Vermarktung von Produkten oder Dienstleistungen.<\/p>\n<p>Der Sender solcher Kommunikationen, durch diese Website oder auf sonstige Weise, an Natus Medical Incorporated ist allein f\u00fcr die darin enthaltenen Inhalte und Informationen verantwortlich, einschlie\u00dflich deren Richtigkeit und Genauigkeit.<\/p>\n"}}]},"_links":{"self":[{"href":"https:\/\/natus.com\/de\/wp-json\/wp\/v2\/pages\/11958","targetHints":{"allow":["GET"]}}],"collection":[{"href":"https:\/\/natus.com\/de\/wp-json\/wp\/v2\/pages"}],"about":[{"href":"https:\/\/natus.com\/de\/wp-json\/wp\/v2\/types\/page"}],"author":[{"embeddable":true,"href":"https:\/\/natus.com\/de\/wp-json\/wp\/v2\/users\/3"}],"replies":[{"embeddable":true,"href":"https:\/\/natus.com\/de\/wp-json\/wp\/v2\/comments?post=11958"}],"version-history":[{"count":3,"href":"https:\/\/natus.com\/de\/wp-json\/wp\/v2\/pages\/11958\/revisions"}],"predecessor-version":[{"id":14429,"href":"https:\/\/natus.com\/de\/wp-json\/wp\/v2\/pages\/11958\/revisions\/14429"}],"wp:attachment":[{"href":"https:\/\/natus.com\/de\/wp-json\/wp\/v2\/media?parent=11958"}],"wp:term":[{"taxonomy":"category","embeddable":true,"href":"https:\/\/natus.com\/de\/wp-json\/wp\/v2\/categories?post=11958"},{"taxonomy":"post_tag","embeddable":true,"href":"https:\/\/natus.com\/de\/wp-json\/wp\/v2\/tags?post=11958"}],"curies":[{"name":"wp","href":"https:\/\/api.w.org\/{rel}","templated":true}]}}