{"id":12619,"date":"2023-09-19T20:09:09","date_gmt":"2023-09-19T20:09:09","guid":{"rendered":"https:\/\/natus.com\/neuro\/eeg-aeeg\/long-term-monitoring\/"},"modified":"2026-01-21T19:57:08","modified_gmt":"2026-01-21T19:57:08","slug":"loesungen-fuer-das-langzeit-monitoring-ltm","status":"publish","type":"page","link":"https:\/\/natus.com\/de\/neuro\/eeg-aeeg\/loesungen-fuer-das-langzeit-monitoring-ltm\/","title":{"rendered":"L\u00f6sungen f\u00fcr das Langzeit-Monitoring (LTM)"},"content":{"rendered":"","protected":false},"excerpt":{"rendered":"","protected":false},"author":3,"featured_media":0,"parent":11404,"menu_order":0,"comment_status":"closed","ping_status":"closed","template":"templates\/page-neuro-solutions-category-landing.php","meta":{"_acf_changed":false,"footnotes":""},"categories":[],"tags":[],"class_list":["post-12619","page","type-page","status-publish","hentry"],"acf":{"content_blocks":[{"acf_fc_layout":"hero","_acfe_flexible_layout_title":null,"_acfe_flexible_toggle":null,"hero_locations":{"unique_id":"n64e940f42a11a","background":{"ID":1246,"id":1246,"title":"neuro-products-hero","filename":"neuro-products-hero.jpg","filesize":353779,"url":"https:\/\/natus.com\/wp-content\/uploads\/neuro-products-hero.jpg","link":"https:\/\/natus.com\/de\/neuro-produkte\/neuro-products-hero-2\/","alt":"","author":"1","description":"","caption":"","name":"neuro-products-hero-2","status":"inherit","uploaded_to":8334,"date":"2023-08-14 16:56:09","modified":"2023-08-14 16:56:09","menu_order":0,"mime_type":"image\/jpeg","type":"image","subtype":"jpeg","icon":"https:\/\/natus.com\/wp-includes\/images\/media\/default.png","width":1920,"height":500,"sizes":{"thumbnail":"https:\/\/natus.com\/wp-content\/uploads\/neuro-products-hero.jpg","thumbnail-width":128,"thumbnail-height":33,"medium":"https:\/\/natus.com\/wp-content\/uploads\/neuro-products-hero.jpg","medium-width":1920,"medium-height":500,"medium_large":"https:\/\/natus.com\/wp-content\/uploads\/neuro-products-hero-768x200.jpg","medium_large-width":768,"medium_large-height":200,"large":"https:\/\/natus.com\/wp-content\/uploads\/neuro-products-hero.jpg","large-width":1920,"large-height":500,"1536x1536":"https:\/\/natus.com\/wp-content\/uploads\/neuro-products-hero-1536x400.jpg","1536x1536-width":1536,"1536x1536-height":400,"2048x2048":"https:\/\/natus.com\/wp-content\/uploads\/neuro-products-hero.jpg","2048x2048-width":1920,"2048x2048-height":500}},"h1":"L\u00f6sungen f\u00fcr das Langzeit-Monitoring (LTM)","description":""}},{"acf_fc_layout":"product_tiles","_acfe_flexible_layout_title":null,"_acfe_flexible_toggle":null,"neuro_product_tiles":{"module_options":{"":null,"module_id":"n65149c3642103","module_class":"","module_background_type":"color","module_background_color":"","module_background_image":false,"module_background_video":"","activate_custom_padding":false,"padding_top_desktop":"0","padding_top_tablet":"0","padding_top_mobile":"0","padding_bottom_desktop":"0","padding_bottom_tablet":"0","padding_bottom_mobile":"0","activate_custom_margin":false,"margin_top_desktop":"0","margin_top_tablet":"0","margin_top_mobile":"0","margin_bottom_desktop":"0","margin_bottom_tablet":"0","margin_bottom_mobile":"0","disable_on":[],"content_alignment_desktop":"left","content_alignment_tablet":"left","content_alignment_mobile":"left"},"products":[{"category_title":"","subcategories":[{"subcategory_title":"L\u00f6sungen f\u00fcr das Langzeit-Monitoring (LTM)","subcategory_products":[{"label":"","image":{"ID":4267,"id":4267,"title":"NeuroWorks Related Product Photo - 500x400","filename":"Neuroworks-10-Related-Product-Photo-500x400-1.png","filesize":211965,"url":"https:\/\/natus.com\/wp-content\/uploads\/Neuroworks-10-Related-Product-Photo-500x400-1.png","link":"https:\/\/natus.com\/de\/neuro\/trex-eeg-system-ambulante-hd-videoueberwachung\/neuroworks-related-product-photo-500x400-2\/","alt":"","author":"2","description":"","caption":"","name":"neuroworks-related-product-photo-500x400-2","status":"inherit","uploaded_to":9772,"date":"2023-09-14 18:10:52","modified":"2023-09-28 20:08:52","menu_order":0,"mime_type":"image\/png","type":"image","subtype":"png","icon":"https:\/\/natus.com\/wp-includes\/images\/media\/default.png","width":500,"height":400,"sizes":{"thumbnail":"https:\/\/natus.com\/wp-content\/uploads\/Neuroworks-10-Related-Product-Photo-500x400-1.png","thumbnail-width":120,"thumbnail-height":96,"medium":"https:\/\/natus.com\/wp-content\/uploads\/Neuroworks-10-Related-Product-Photo-500x400-1.png","medium-width":500,"medium-height":400,"medium_large":"https:\/\/natus.com\/wp-content\/uploads\/Neuroworks-10-Related-Product-Photo-500x400-1.png","medium_large-width":500,"medium_large-height":400,"large":"https:\/\/natus.com\/wp-content\/uploads\/Neuroworks-10-Related-Product-Photo-500x400-1.png","large-width":500,"large-height":400,"1536x1536":"https:\/\/natus.com\/wp-content\/uploads\/Neuroworks-10-Related-Product-Photo-500x400-1.png","1536x1536-width":500,"1536x1536-height":400,"2048x2048":"https:\/\/natus.com\/wp-content\/uploads\/Neuroworks-10-Related-Product-Photo-500x400-1.png","2048x2048-width":500,"2048x2048-height":400}},"title":"Natus\u00ae NeuroWorks\u00ae EEG-Software","link":{"type":"post","value":"9422","url":"https:\/\/natus.com\/de\/neuro\/neuroworks-eeg-software\/","name":"Natus\u00ae NeuroWorks\u00ae EEG-Software","title":"Mehr Erfahren","target":""}},{"label":"","image":{"ID":4225,"id":4225,"title":"Quantum LTM Related Product Photo - 500x400","filename":"Quantum-main-image-10-16-B.png","filesize":169525,"url":"https:\/\/natus.com\/wp-content\/uploads\/Quantum-main-image-10-16-B.png","link":"https:\/\/natus.com\/de\/neuro\/neuroworks-eeg-software\/quantum-ltm-related-product-photo-500x400-2\/","alt":"Quantum LTM","author":"2","description":"","caption":"","name":"quantum-ltm-related-product-photo-500x400-2","status":"inherit","uploaded_to":9422,"date":"2023-09-14 15:28:51","modified":"2024-07-29 20:33:52","menu_order":0,"mime_type":"image\/png","type":"image","subtype":"png","icon":"https:\/\/natus.com\/wp-includes\/images\/media\/default.png","width":500,"height":400,"sizes":{"thumbnail":"https:\/\/natus.com\/wp-content\/uploads\/Quantum-main-image-10-16-B.png","thumbnail-width":120,"thumbnail-height":96,"medium":"https:\/\/natus.com\/wp-content\/uploads\/Quantum-main-image-10-16-B.png","medium-width":500,"medium-height":400,"medium_large":"https:\/\/natus.com\/wp-content\/uploads\/Quantum-main-image-10-16-B.png","medium_large-width":500,"medium_large-height":400,"large":"https:\/\/natus.com\/wp-content\/uploads\/Quantum-main-image-10-16-B.png","large-width":500,"large-height":400,"1536x1536":"https:\/\/natus.com\/wp-content\/uploads\/Quantum-main-image-10-16-B.png","1536x1536-width":500,"1536x1536-height":400,"2048x2048":"https:\/\/natus.com\/wp-content\/uploads\/Quantum-main-image-10-16-B.png","2048x2048-width":500,"2048x2048-height":400}},"title":"Natus\u00ae Quantum\u00ae LTM-Verst\u00e4rker","link":{"type":"post","value":"9486","url":"https:\/\/natus.com\/de\/neuro\/natus-quantum-ltm-verstaerker\/","name":"Natus\u00ae Quantum\u00ae LTM-Verst\u00e4rker","title":"Mehr Erfahren","target":""}},{"label":"","image":{"ID":4555,"id":4555,"title":"EMU40EX Related Product Photo -500x400","filename":"EMU40-related-product-500x400-1.png","filesize":191407,"url":"https:\/\/natus.com\/wp-content\/uploads\/EMU40-related-product-500x400-1.png","link":"https:\/\/natus.com\/de\/neuro\/natus-quantum-ltm-verstaerker\/emu40ex-related-product-photo-500x400-2\/","alt":"EMU40EX Related Product Photo -500x400","author":"2","description":"","caption":"","name":"emu40ex-related-product-photo-500x400-2","status":"inherit","uploaded_to":9486,"date":"2023-09-15 01:09:52","modified":"2025-11-14 21:18:44","menu_order":0,"mime_type":"image\/png","type":"image","subtype":"png","icon":"https:\/\/natus.com\/wp-includes\/images\/media\/default.png","width":500,"height":400,"sizes":{"thumbnail":"https:\/\/natus.com\/wp-content\/uploads\/EMU40-related-product-500x400-1.png","thumbnail-width":120,"thumbnail-height":96,"medium":"https:\/\/natus.com\/wp-content\/uploads\/EMU40-related-product-500x400-1.png","medium-width":500,"medium-height":400,"medium_large":"https:\/\/natus.com\/wp-content\/uploads\/EMU40-related-product-500x400-1.png","medium_large-width":500,"medium_large-height":400,"large":"https:\/\/natus.com\/wp-content\/uploads\/EMU40-related-product-500x400-1.png","large-width":500,"large-height":400,"1536x1536":"https:\/\/natus.com\/wp-content\/uploads\/EMU40-related-product-500x400-1.png","1536x1536-width":500,"1536x1536-height":400,"2048x2048":"https:\/\/natus.com\/wp-content\/uploads\/EMU40-related-product-500x400-1.png","2048x2048-width":500,"2048x2048-height":400}},"title":"Drahtloser Natus\u00ae EMU40EX\u2122 LTM-Verst\u00e4rker","link":{"type":"post","value":"9480","url":"https:\/\/natus.com\/de\/neuro\/drahtloser-natus-emu40ex-ltm-verstaerker\/","name":"Drahtloser Natus\u00ae EMU40EX\u2122 LTM-Verst\u00e4rker","title":"Mehr Erfahren","target":""}},{"label":"","image":{"ID":5423,"id":5423,"title":"Cotrical Stimulator Related Product Photo - 500x400","filename":"Cort-Stim-500x400-2.png","filesize":119135,"url":"https:\/\/natus.com\/wp-content\/uploads\/Cort-Stim-500x400-2.png","link":"https:\/\/natus.com\/de\/neuro\/eeg-aeeg\/loesungen-fuer-das-langzeit-monitoring-ltm\/cotrical-stimulator-related-product-photo-500x400-2\/","alt":"Nicolet Cortical Stimulator","author":"2","description":"","caption":"","name":"cotrical-stimulator-related-product-photo-500x400-2","status":"inherit","uploaded_to":12619,"date":"2023-09-19 20:21:52","modified":"2024-07-26 17:06:48","menu_order":0,"mime_type":"image\/png","type":"image","subtype":"png","icon":"https:\/\/natus.com\/wp-includes\/images\/media\/default.png","width":500,"height":400,"sizes":{"thumbnail":"https:\/\/natus.com\/wp-content\/uploads\/Cort-Stim-500x400-2.png","thumbnail-width":120,"thumbnail-height":96,"medium":"https:\/\/natus.com\/wp-content\/uploads\/Cort-Stim-500x400-2.png","medium-width":500,"medium-height":400,"medium_large":"https:\/\/natus.com\/wp-content\/uploads\/Cort-Stim-500x400-2.png","medium_large-width":500,"medium_large-height":400,"large":"https:\/\/natus.com\/wp-content\/uploads\/Cort-Stim-500x400-2.png","large-width":500,"large-height":400,"1536x1536":"https:\/\/natus.com\/wp-content\/uploads\/Cort-Stim-500x400-2.png","1536x1536-width":500,"1536x1536-height":400,"2048x2048":"https:\/\/natus.com\/wp-content\/uploads\/Cort-Stim-500x400-2.png","2048x2048-width":500,"2048x2048-height":400}},"title":"Nicolet\u00ae Cortical Stimulator","link":{"type":"post","value":"9501","url":"https:\/\/natus.com\/de\/neuro\/nicolet-cortical-stimulator\/","name":"Nicolet\u00ae Cortical Stimulator","title":"Mehr Erfahren","target":""}},{"label":"","image":{"ID":5451,"id":5451,"title":"Brainquick LTM Related Product Photo - 500x400 (1)","filename":"Brainquick-LTM-Related-Product-Photo-500x400-1-1.png","filesize":148543,"url":"https:\/\/natus.com\/wp-content\/uploads\/Brainquick-LTM-Related-Product-Photo-500x400-1-1.png","link":"https:\/\/natus.com\/de\/neuro\/eeg-aeeg\/loesungen-fuer-das-langzeit-monitoring-ltm\/brainquick-ltm-related-product-photo-500x400-1-2\/","alt":"BRAIN QUICK LTM","author":"2","description":"","caption":"","name":"brainquick-ltm-related-product-photo-500x400-1-2","status":"inherit","uploaded_to":12619,"date":"2023-09-19 21:02:12","modified":"2024-07-26 17:06:26","menu_order":0,"mime_type":"image\/png","type":"image","subtype":"png","icon":"https:\/\/natus.com\/wp-includes\/images\/media\/default.png","width":500,"height":400,"sizes":{"thumbnail":"https:\/\/natus.com\/wp-content\/uploads\/Brainquick-LTM-Related-Product-Photo-500x400-1-1.png","thumbnail-width":120,"thumbnail-height":96,"medium":"https:\/\/natus.com\/wp-content\/uploads\/Brainquick-LTM-Related-Product-Photo-500x400-1-1.png","medium-width":500,"medium-height":400,"medium_large":"https:\/\/natus.com\/wp-content\/uploads\/Brainquick-LTM-Related-Product-Photo-500x400-1-1.png","medium_large-width":500,"medium_large-height":400,"large":"https:\/\/natus.com\/wp-content\/uploads\/Brainquick-LTM-Related-Product-Photo-500x400-1-1.png","large-width":500,"large-height":400,"1536x1536":"https:\/\/natus.com\/wp-content\/uploads\/Brainquick-LTM-Related-Product-Photo-500x400-1-1.png","1536x1536-width":500,"1536x1536-height":400,"2048x2048":"https:\/\/natus.com\/wp-content\/uploads\/Brainquick-LTM-Related-Product-Photo-500x400-1-1.png","2048x2048-width":500,"2048x2048-height":400}},"title":"BRAIN QUICK\u00ae LTM-System","link":{"type":"post","value":"9315","url":"https:\/\/natus.com\/de\/neuro\/brain-quick-ltm\/","name":"BRAIN QUICK\u00ae LTM-System","title":"Mehr Erfahren","target":""}},{"label":"","image":{"ID":4272,"id":4272,"title":"Brainquick Software Related Product Photo - 500x400","filename":"Brain-quick-EEG-Software-Related-Product-Photo-500x400-1.png","filesize":184768,"url":"https:\/\/natus.com\/wp-content\/uploads\/Brain-quick-EEG-Software-Related-Product-Photo-500x400-1.png","link":"https:\/\/natus.com\/de\/neuro\/neurokritische-versorgung-und-hirnverletzung\/eeg-auf-der-intensivstation\/brainquick-software-related-product-photo-500x400-2\/","alt":"BRAIN QUICK EEG Software","author":"2","description":"","caption":"","name":"brainquick-software-related-product-photo-500x400-2","status":"inherit","uploaded_to":12706,"date":"2023-09-14 18:13:12","modified":"2024-07-29 20:32:45","menu_order":0,"mime_type":"image\/png","type":"image","subtype":"png","icon":"https:\/\/natus.com\/wp-includes\/images\/media\/default.png","width":500,"height":400,"sizes":{"thumbnail":"https:\/\/natus.com\/wp-content\/uploads\/Brain-quick-EEG-Software-Related-Product-Photo-500x400-1.png","thumbnail-width":120,"thumbnail-height":96,"medium":"https:\/\/natus.com\/wp-content\/uploads\/Brain-quick-EEG-Software-Related-Product-Photo-500x400-1.png","medium-width":500,"medium-height":400,"medium_large":"https:\/\/natus.com\/wp-content\/uploads\/Brain-quick-EEG-Software-Related-Product-Photo-500x400-1.png","medium_large-width":500,"medium_large-height":400,"large":"https:\/\/natus.com\/wp-content\/uploads\/Brain-quick-EEG-Software-Related-Product-Photo-500x400-1.png","large-width":500,"large-height":400,"1536x1536":"https:\/\/natus.com\/wp-content\/uploads\/Brain-quick-EEG-Software-Related-Product-Photo-500x400-1.png","1536x1536-width":500,"1536x1536-height":400,"2048x2048":"https:\/\/natus.com\/wp-content\/uploads\/Brain-quick-EEG-Software-Related-Product-Photo-500x400-1.png","2048x2048-width":500,"2048x2048-height":400}},"title":"BRAIN QUICK\u00ae-EEG-Software","link":{"type":"post","value":"9303","url":"https:\/\/natus.com\/de\/neuro\/brain-quick-eeg-software\/","name":"BRAIN QUICK\u00ae EEG Software","title":"Mehr Erfahren","target":""}}]}]}]}},{"acf_fc_layout":"contact","_acfe_flexible_layout_title":null,"_acfe_flexible_toggle":null,"left_image_right_content_single_cta_landing":{"module_options":{"":null,"module_id":"n64e942b4323a5","module_class":"","module_background_type":"color","module_background_color":"","module_background_image":false,"module_background_video":"","activate_custom_padding":false,"padding_top_desktop":"0","padding_top_tablet":"0","padding_top_mobile":"0","padding_bottom_desktop":"0","padding_bottom_tablet":"0","padding_bottom_mobile":"0","activate_custom_margin":false,"margin_top_desktop":"0","margin_top_tablet":"0","margin_top_mobile":"0","margin_bottom_desktop":"0","margin_bottom_tablet":"0","margin_bottom_mobile":"0","disable_on":[],"content_alignment_desktop":"left","content_alignment_tablet":"left","content_alignment_mobile":"left"},"":null,"image":{"ID":3845,"id":3845,"title":"NTA banner_800x450","filename":"NTA-banner_800x450.png","filesize":390422,"url":"https:\/\/natus.com\/wp-content\/uploads\/NTA-banner_800x450.png","link":"https:\/\/natus.com\/de\/neuro\/eeg-aeeg\/nta-banner_800x450-2\/","alt":"NTA Banner image","author":"2","description":"","caption":"","name":"nta-banner_800x450-2","status":"inherit","uploaded_to":11404,"date":"2023-09-13 17:16:26","modified":"2024-07-29 20:42:14","menu_order":0,"mime_type":"image\/png","type":"image","subtype":"png","icon":"https:\/\/natus.com\/wp-includes\/images\/media\/default.png","width":800,"height":450,"sizes":{"thumbnail":"https:\/\/natus.com\/wp-content\/uploads\/NTA-banner_800x450.png","thumbnail-width":128,"thumbnail-height":72,"medium":"https:\/\/natus.com\/wp-content\/uploads\/NTA-banner_800x450.png","medium-width":800,"medium-height":450,"medium_large":"https:\/\/natus.com\/wp-content\/uploads\/NTA-banner_800x450-768x432.png","medium_large-width":768,"medium_large-height":432,"large":"https:\/\/natus.com\/wp-content\/uploads\/NTA-banner_800x450.png","large-width":800,"large-height":450,"1536x1536":"https:\/\/natus.com\/wp-content\/uploads\/NTA-banner_800x450.png","1536x1536-width":800,"1536x1536-height":450,"2048x2048":"https:\/\/natus.com\/wp-content\/uploads\/NTA-banner_800x450.png","2048x2048-width":800,"2048x2048-height":450}},"activate_image_caption":false,"image_caption_icon":false,"image_caption_title":"","image_caption_description":"","label":"Wissen","title":"Neuro Training Academy","description":"<p>Wenn Sie Ihr klinisches Wissen erweitern, Ihre F\u00e4higkeiten verbessern und das Beste aus Ihren Neuro-L\u00f6sungen von Natus herausholen m\u00f6chten, sollten Sie die Angebote in unserer Neuro Training Academy erkunden. Informieren Sie sich \u00fcber die aktuellen wissenschaftlichen und technologischen Erkenntnisse von f\u00fchrenden Experten auf diesem Gebiet, damit Sie mehr f\u00fcr Ihre Patienten bewirken k\u00f6nnen.<\/p>\n","link":{"type":"url","value":"https:\/\/neuro-training.academy","url":"https:\/\/neuro-training.academy","name":"https:\/\/neuro-training.academy","title":"Weitere Informationen","target":"_blank"}}},{"acf_fc_layout":"contact","_acfe_flexible_layout_title":null,"_acfe_flexible_toggle":null,"left_image_right_content_single_cta_landing":{"module_options":{"":null,"module_id":"n64e942b43af35","module_class":"","module_background_type":"color","module_background_color":"#f1f1f1","module_background_image":false,"module_background_video":"","activate_custom_padding":false,"padding_top_desktop":"0","padding_top_tablet":"0","padding_top_mobile":"0","padding_bottom_desktop":"0","padding_bottom_tablet":"0","padding_bottom_mobile":"0","activate_custom_margin":false,"margin_top_desktop":"0","margin_top_tablet":"0","margin_top_mobile":"0","margin_bottom_desktop":"0","margin_bottom_tablet":"0","margin_bottom_mobile":"0","disable_on":[],"content_alignment_desktop":"left","content_alignment_tablet":"left","content_alignment_mobile":"left"},"":null,"image":{"ID":4239,"id":4239,"title":"Contact Us 800x450","filename":"Contact-Us-800x450-1.png","filesize":437541,"url":"https:\/\/natus.com\/wp-content\/uploads\/Contact-Us-800x450-1.png","link":"https:\/\/natus.com\/de\/neuro\/contact-us-800x450-2\/","alt":"Shaking Hands - Contact Us","author":"2","description":"","caption":"","name":"contact-us-800x450-2","status":"inherit","uploaded_to":10462,"date":"2023-09-14 17:35:31","modified":"2024-07-29 20:33:28","menu_order":0,"mime_type":"image\/png","type":"image","subtype":"png","icon":"https:\/\/natus.com\/wp-includes\/images\/media\/default.png","width":800,"height":450,"sizes":{"thumbnail":"https:\/\/natus.com\/wp-content\/uploads\/Contact-Us-800x450-1.png","thumbnail-width":128,"thumbnail-height":72,"medium":"https:\/\/natus.com\/wp-content\/uploads\/Contact-Us-800x450-1.png","medium-width":800,"medium-height":450,"medium_large":"https:\/\/natus.com\/wp-content\/uploads\/Contact-Us-800x450-1-768x432.png","medium_large-width":768,"medium_large-height":432,"large":"https:\/\/natus.com\/wp-content\/uploads\/Contact-Us-800x450-1.png","large-width":800,"large-height":450,"1536x1536":"https:\/\/natus.com\/wp-content\/uploads\/Contact-Us-800x450-1.png","1536x1536-width":800,"1536x1536-height":450,"2048x2048":"https:\/\/natus.com\/wp-content\/uploads\/Contact-Us-800x450-1.png","2048x2048-width":800,"2048x2048-height":450}},"activate_image_caption":false,"image_caption_icon":false,"image_caption_title":"","image_caption_description":"","label":"Kontaktieren Sie Ihren Natus Neuro Ansprechpartner","title":"M\u00f6chten Sie mehr \u00fcber Natus erfahren?","description":"<p>Wenn Sie mehr \u00fcber unsere branchenf\u00fchrenden Neuro-L\u00f6sungen wissen m\u00f6chten, oder, wie wir Sie dabei unterst\u00fctzen k\u00f6nnen, Ihre Pflegestandards zu erh\u00f6hen, wenden Sie sich an einen Natus-Ansprechpartner.<\/p>\n","link":{"type":"post","value":"8340","url":"https:\/\/natus.com\/de\/standorte\/","name":"Standorte","title":"Kontakt aufnehmen","target":""}}}]},"_links":{"self":[{"href":"https:\/\/natus.com\/de\/wp-json\/wp\/v2\/pages\/12619","targetHints":{"allow":["GET"]}}],"collection":[{"href":"https:\/\/natus.com\/de\/wp-json\/wp\/v2\/pages"}],"about":[{"href":"https:\/\/natus.com\/de\/wp-json\/wp\/v2\/types\/page"}],"author":[{"embeddable":true,"href":"https:\/\/natus.com\/de\/wp-json\/wp\/v2\/users\/3"}],"replies":[{"embeddable":true,"href":"https:\/\/natus.com\/de\/wp-json\/wp\/v2\/comments?post=12619"}],"version-history":[{"count":3,"href":"https:\/\/natus.com\/de\/wp-json\/wp\/v2\/pages\/12619\/revisions"}],"predecessor-version":[{"id":21843,"href":"https:\/\/natus.com\/de\/wp-json\/wp\/v2\/pages\/12619\/revisions\/21843"}],"up":[{"embeddable":true,"href":"https:\/\/natus.com\/de\/wp-json\/wp\/v2\/pages\/11404"}],"wp:attachment":[{"href":"https:\/\/natus.com\/de\/wp-json\/wp\/v2\/media?parent=12619"}],"wp:term":[{"taxonomy":"category","embeddable":true,"href":"https:\/\/natus.com\/de\/wp-json\/wp\/v2\/categories?post=12619"},{"taxonomy":"post_tag","embeddable":true,"href":"https:\/\/natus.com\/de\/wp-json\/wp\/v2\/tags?post=12619"}],"curies":[{"name":"wp","href":"https:\/\/api.w.org\/{rel}","templated":true}]}}