{"id":12687,"date":"2023-09-19T20:24:17","date_gmt":"2023-09-19T20:24:17","guid":{"rendered":"https:\/\/natus.com\/neuro\/schlafuntersuchungen-psg\/out-of-center-sleep-testing\/"},"modified":"2026-01-21T20:17:25","modified_gmt":"2026-01-21T20:17:25","slug":"untersuchungen-ausserhalb-des-schlaflabors","status":"publish","type":"page","link":"https:\/\/natus.com\/de\/neuro\/schlafuntersuchungen-psg\/untersuchungen-ausserhalb-des-schlaflabors\/","title":{"rendered":"Untersuchungen au\u00dferhalb des Schlaflabors"},"content":{"rendered":"","protected":false},"excerpt":{"rendered":"","protected":false},"author":3,"featured_media":0,"parent":11410,"menu_order":0,"comment_status":"closed","ping_status":"closed","template":"templates\/page-neuro-solutions-category-landing.php","meta":{"_acf_changed":false,"footnotes":""},"categories":[],"tags":[],"class_list":["post-12687","page","type-page","status-publish","hentry"],"acf":{"content_blocks":[{"acf_fc_layout":"hero","_acfe_flexible_layout_title":null,"_acfe_flexible_toggle":null,"hero_locations":{"unique_id":"n64e940f42a11a","background":{"ID":1246,"id":1246,"title":"neuro-products-hero","filename":"neuro-products-hero.jpg","filesize":353779,"url":"https:\/\/natus.com\/wp-content\/uploads\/neuro-products-hero.jpg","link":"https:\/\/natus.com\/de\/neuro-produkte\/neuro-products-hero-2\/","alt":"","author":"1","description":"","caption":"","name":"neuro-products-hero-2","status":"inherit","uploaded_to":8334,"date":"2023-08-14 16:56:09","modified":"2023-08-14 16:56:09","menu_order":0,"mime_type":"image\/jpeg","type":"image","subtype":"jpeg","icon":"https:\/\/natus.com\/wp-includes\/images\/media\/default.png","width":1920,"height":500,"sizes":{"thumbnail":"https:\/\/natus.com\/wp-content\/uploads\/neuro-products-hero.jpg","thumbnail-width":128,"thumbnail-height":33,"medium":"https:\/\/natus.com\/wp-content\/uploads\/neuro-products-hero.jpg","medium-width":1920,"medium-height":500,"medium_large":"https:\/\/natus.com\/wp-content\/uploads\/neuro-products-hero-768x200.jpg","medium_large-width":768,"medium_large-height":200,"large":"https:\/\/natus.com\/wp-content\/uploads\/neuro-products-hero.jpg","large-width":1920,"large-height":500,"1536x1536":"https:\/\/natus.com\/wp-content\/uploads\/neuro-products-hero-1536x400.jpg","1536x1536-width":1536,"1536x1536-height":400,"2048x2048":"https:\/\/natus.com\/wp-content\/uploads\/neuro-products-hero.jpg","2048x2048-width":1920,"2048x2048-height":500}},"h1":"Untersuchungen au\u00dferhalb des Schlaflabors","description":""}},{"acf_fc_layout":"product_tiles","_acfe_flexible_layout_title":null,"_acfe_flexible_toggle":null,"neuro_product_tiles":{"module_options":{"":null,"module_id":"n65146fb1ecb39","module_class":"","module_background_type":"color","module_background_color":"","module_background_image":false,"module_background_video":"","activate_custom_padding":false,"padding_top_desktop":"0","padding_top_tablet":"0","padding_top_mobile":"0","padding_bottom_desktop":"0","padding_bottom_tablet":"0","padding_bottom_mobile":"0","activate_custom_margin":false,"margin_top_desktop":"0","margin_top_tablet":"0","margin_top_mobile":"0","margin_bottom_desktop":"0","margin_bottom_tablet":"0","margin_bottom_mobile":"0","disable_on":[],"content_alignment_desktop":"left","content_alignment_tablet":"left","content_alignment_mobile":"left"},"products":[{"category_title":"","subcategories":[{"subcategory_title":"Untersuchungen au\u00dferhalb des Schlaflabors","subcategory_products":[{"label":"","image":{"ID":3677,"id":3677,"title":"Trex HDM Related Product Photo_500x400","filename":"Trex-HDM-Related-Products-Image_500x400.png","filesize":232655,"url":"https:\/\/natus.com\/wp-content\/uploads\/Trex-HDM-Related-Products-Image_500x400.png","link":"https:\/\/natus.com\/de\/neuro\/trex-hdm-related-product-photo_500x400-2\/","alt":"Trex HDM ","author":"2","description":"","caption":"","name":"trex-hdm-related-product-photo_500x400-2","status":"inherit","uploaded_to":10462,"date":"2023-09-12 18:44:25","modified":"2024-07-29 20:56:20","menu_order":0,"mime_type":"image\/png","type":"image","subtype":"png","icon":"https:\/\/natus.com\/wp-includes\/images\/media\/default.png","width":500,"height":400,"sizes":{"thumbnail":"https:\/\/natus.com\/wp-content\/uploads\/Trex-HDM-Related-Products-Image_500x400.png","thumbnail-width":120,"thumbnail-height":96,"medium":"https:\/\/natus.com\/wp-content\/uploads\/Trex-HDM-Related-Products-Image_500x400.png","medium-width":500,"medium-height":400,"medium_large":"https:\/\/natus.com\/wp-content\/uploads\/Trex-HDM-Related-Products-Image_500x400.png","medium_large-width":500,"medium_large-height":400,"large":"https:\/\/natus.com\/wp-content\/uploads\/Trex-HDM-Related-Products-Image_500x400.png","large-width":500,"large-height":400,"1536x1536":"https:\/\/natus.com\/wp-content\/uploads\/Trex-HDM-Related-Products-Image_500x400.png","1536x1536-width":500,"1536x1536-height":400,"2048x2048":"https:\/\/natus.com\/wp-content\/uploads\/Trex-HDM-Related-Products-Image_500x400.png","2048x2048-width":500,"2048x2048-height":400}},"title":"Trex\u2122 EEG-System ambulante HD-Video\u00fcberwachung ","link":{"type":"post","value":"9772","url":"https:\/\/natus.com\/de\/neuro\/trex-eeg-system-ambulante-hd-videoueberwachung\/","name":"Trex HD Monitoring \u2013 Ambulantes EEG-System mit kontinuierlicher Video\u00fcberwachung","title":"Mehr Erfahren","target":""}},{"label":"","image":{"ID":3543,"id":3543,"title":"Embletta Related Product Photo_500x400","filename":"Embletta-Related-Product-Photo_500x400.png","filesize":148924,"url":"https:\/\/natus.com\/wp-content\/uploads\/Embletta-Related-Product-Photo_500x400.png","link":"https:\/\/natus.com\/de\/neuro\/schlafuntersuchungen-psg\/untersuchungen-ausserhalb-des-schlaflabors\/embletta-related-product-photo_500x400-2\/","alt":"Embletta MPR","author":"2","description":"","caption":"","name":"embletta-related-product-photo_500x400-2","status":"inherit","uploaded_to":12687,"date":"2023-09-12 04:03:33","modified":"2024-07-29 20:58:34","menu_order":0,"mime_type":"image\/png","type":"image","subtype":"png","icon":"https:\/\/natus.com\/wp-includes\/images\/media\/default.png","width":500,"height":400,"sizes":{"thumbnail":"https:\/\/natus.com\/wp-content\/uploads\/Embletta-Related-Product-Photo_500x400.png","thumbnail-width":120,"thumbnail-height":96,"medium":"https:\/\/natus.com\/wp-content\/uploads\/Embletta-Related-Product-Photo_500x400.png","medium-width":500,"medium-height":400,"medium_large":"https:\/\/natus.com\/wp-content\/uploads\/Embletta-Related-Product-Photo_500x400.png","medium_large-width":500,"medium_large-height":400,"large":"https:\/\/natus.com\/wp-content\/uploads\/Embletta-Related-Product-Photo_500x400.png","large-width":500,"large-height":400,"1536x1536":"https:\/\/natus.com\/wp-content\/uploads\/Embletta-Related-Product-Photo_500x400.png","1536x1536-width":500,"1536x1536-height":400,"2048x2048":"https:\/\/natus.com\/wp-content\/uploads\/Embletta-Related-Product-Photo_500x400.png","2048x2048-width":500,"2048x2048-height":400}},"title":"Embletta\u00ae MPR Schlafuntersuchungssystem","link":{"type":"post","value":"10901","url":"https:\/\/natus.com\/de\/neuro\/embletta-mpr-schlafuntersuchungssystem\/","name":"Embletta\u00ae MPR Schlafuntersuchungssystem","title":"Mehr Erfahren","target":""}}]}]}]}},{"acf_fc_layout":"contact","_acfe_flexible_layout_title":null,"_acfe_flexible_toggle":null,"left_image_right_content_single_cta_landing":{"module_options":{"":null,"module_id":"n64e942b4323a5","module_class":"","module_background_type":"color","module_background_color":"","module_background_image":false,"module_background_video":"","activate_custom_padding":false,"padding_top_desktop":"0","padding_top_tablet":"0","padding_top_mobile":"0","padding_bottom_desktop":"0","padding_bottom_tablet":"0","padding_bottom_mobile":"0","activate_custom_margin":false,"margin_top_desktop":"0","margin_top_tablet":"0","margin_top_mobile":"0","margin_bottom_desktop":"0","margin_bottom_tablet":"0","margin_bottom_mobile":"0","disable_on":[],"content_alignment_desktop":"left","content_alignment_tablet":"left","content_alignment_mobile":"left"},"":null,"image":{"ID":3845,"id":3845,"title":"NTA banner_800x450","filename":"NTA-banner_800x450.png","filesize":390422,"url":"https:\/\/natus.com\/wp-content\/uploads\/NTA-banner_800x450.png","link":"https:\/\/natus.com\/de\/neuro\/eeg-aeeg\/nta-banner_800x450-2\/","alt":"NTA Banner image","author":"2","description":"","caption":"","name":"nta-banner_800x450-2","status":"inherit","uploaded_to":11404,"date":"2023-09-13 17:16:26","modified":"2024-07-29 20:42:14","menu_order":0,"mime_type":"image\/png","type":"image","subtype":"png","icon":"https:\/\/natus.com\/wp-includes\/images\/media\/default.png","width":800,"height":450,"sizes":{"thumbnail":"https:\/\/natus.com\/wp-content\/uploads\/NTA-banner_800x450.png","thumbnail-width":128,"thumbnail-height":72,"medium":"https:\/\/natus.com\/wp-content\/uploads\/NTA-banner_800x450.png","medium-width":800,"medium-height":450,"medium_large":"https:\/\/natus.com\/wp-content\/uploads\/NTA-banner_800x450-768x432.png","medium_large-width":768,"medium_large-height":432,"large":"https:\/\/natus.com\/wp-content\/uploads\/NTA-banner_800x450.png","large-width":800,"large-height":450,"1536x1536":"https:\/\/natus.com\/wp-content\/uploads\/NTA-banner_800x450.png","1536x1536-width":800,"1536x1536-height":450,"2048x2048":"https:\/\/natus.com\/wp-content\/uploads\/NTA-banner_800x450.png","2048x2048-width":800,"2048x2048-height":450}},"activate_image_caption":false,"image_caption_icon":false,"image_caption_title":"","image_caption_description":"","label":"Wissen","title":"Neuro Training Academy","description":"<p>Wenn Sie Ihr klinisches Wissen erweitern, Ihre F\u00e4higkeiten verbessern und das Beste aus Ihren Neuro-L\u00f6sungen von Natus herausholen m\u00f6chten, sollten Sie die Angebote in unserer Neuro Training Academy erkunden. Informieren Sie sich \u00fcber die aktuellen wissenschaftlichen und technologischen Erkenntnisse von f\u00fchrenden Experten auf diesem Gebiet, damit Sie mehr f\u00fcr Ihre Patienten bewirken k\u00f6nnen.<\/p>\n","link":{"type":"url","value":"https:\/\/neuro-training.academy","url":"https:\/\/neuro-training.academy","name":"https:\/\/neuro-training.academy","title":"Weitere Informationen","target":"_blank"}}},{"acf_fc_layout":"contact","_acfe_flexible_layout_title":null,"_acfe_flexible_toggle":null,"left_image_right_content_single_cta_landing":{"module_options":{"":null,"module_id":"n64e942b43af35","module_class":"","module_background_type":"color","module_background_color":"#f1f1f1","module_background_image":false,"module_background_video":"","activate_custom_padding":false,"padding_top_desktop":"0","padding_top_tablet":"0","padding_top_mobile":"0","padding_bottom_desktop":"0","padding_bottom_tablet":"0","padding_bottom_mobile":"0","activate_custom_margin":false,"margin_top_desktop":"0","margin_top_tablet":"0","margin_top_mobile":"0","margin_bottom_desktop":"0","margin_bottom_tablet":"0","margin_bottom_mobile":"0","disable_on":[],"content_alignment_desktop":"left","content_alignment_tablet":"left","content_alignment_mobile":"left"},"":null,"image":{"ID":4239,"id":4239,"title":"Contact Us 800x450","filename":"Contact-Us-800x450-1.png","filesize":437541,"url":"https:\/\/natus.com\/wp-content\/uploads\/Contact-Us-800x450-1.png","link":"https:\/\/natus.com\/de\/neuro\/contact-us-800x450-2\/","alt":"Shaking Hands - Contact Us","author":"2","description":"","caption":"","name":"contact-us-800x450-2","status":"inherit","uploaded_to":10462,"date":"2023-09-14 17:35:31","modified":"2024-07-29 20:33:28","menu_order":0,"mime_type":"image\/png","type":"image","subtype":"png","icon":"https:\/\/natus.com\/wp-includes\/images\/media\/default.png","width":800,"height":450,"sizes":{"thumbnail":"https:\/\/natus.com\/wp-content\/uploads\/Contact-Us-800x450-1.png","thumbnail-width":128,"thumbnail-height":72,"medium":"https:\/\/natus.com\/wp-content\/uploads\/Contact-Us-800x450-1.png","medium-width":800,"medium-height":450,"medium_large":"https:\/\/natus.com\/wp-content\/uploads\/Contact-Us-800x450-1-768x432.png","medium_large-width":768,"medium_large-height":432,"large":"https:\/\/natus.com\/wp-content\/uploads\/Contact-Us-800x450-1.png","large-width":800,"large-height":450,"1536x1536":"https:\/\/natus.com\/wp-content\/uploads\/Contact-Us-800x450-1.png","1536x1536-width":800,"1536x1536-height":450,"2048x2048":"https:\/\/natus.com\/wp-content\/uploads\/Contact-Us-800x450-1.png","2048x2048-width":800,"2048x2048-height":450}},"activate_image_caption":false,"image_caption_icon":false,"image_caption_title":"","image_caption_description":"","label":"Kontaktieren Sie Ihren Natus Neuro Ansprechpartner","title":"M\u00f6chten Sie mehr \u00fcber Natus erfahren?","description":"<p>Wenn Sie mehr \u00fcber unsere branchenf\u00fchrenden Neuro-L\u00f6sungen wissen m\u00f6chten, oder, wie wir Sie dabei unterst\u00fctzen k\u00f6nnen, Ihre Pflegestandards zu erh\u00f6hen, wenden Sie sich an einen Natus-Ansprechpartner.<\/p>\n","link":{"type":"post","value":"8340","url":"https:\/\/natus.com\/de\/standorte\/","name":"Standorte","title":"Kontakt aufnehmen","target":""}}}]},"_links":{"self":[{"href":"https:\/\/natus.com\/de\/wp-json\/wp\/v2\/pages\/12687","targetHints":{"allow":["GET"]}}],"collection":[{"href":"https:\/\/natus.com\/de\/wp-json\/wp\/v2\/pages"}],"about":[{"href":"https:\/\/natus.com\/de\/wp-json\/wp\/v2\/types\/page"}],"author":[{"embeddable":true,"href":"https:\/\/natus.com\/de\/wp-json\/wp\/v2\/users\/3"}],"replies":[{"embeddable":true,"href":"https:\/\/natus.com\/de\/wp-json\/wp\/v2\/comments?post=12687"}],"version-history":[{"count":3,"href":"https:\/\/natus.com\/de\/wp-json\/wp\/v2\/pages\/12687\/revisions"}],"predecessor-version":[{"id":21657,"href":"https:\/\/natus.com\/de\/wp-json\/wp\/v2\/pages\/12687\/revisions\/21657"}],"up":[{"embeddable":true,"href":"https:\/\/natus.com\/de\/wp-json\/wp\/v2\/pages\/11410"}],"wp:attachment":[{"href":"https:\/\/natus.com\/de\/wp-json\/wp\/v2\/media?parent=12687"}],"wp:term":[{"taxonomy":"category","embeddable":true,"href":"https:\/\/natus.com\/de\/wp-json\/wp\/v2\/categories?post=12687"},{"taxonomy":"post_tag","embeddable":true,"href":"https:\/\/natus.com\/de\/wp-json\/wp\/v2\/tags?post=12687"}],"curies":[{"name":"wp","href":"https:\/\/api.w.org\/{rel}","templated":true}]}}