{"id":12769,"date":"2023-09-22T20:22:36","date_gmt":"2023-09-22T20:22:36","guid":{"rendered":"https:\/\/natus.com\/weee-statement\/"},"modified":"2024-12-26T19:26:41","modified_gmt":"2024-12-26T19:26:41","slug":"weee-richtlinie","status":"publish","type":"page","link":"https:\/\/natus.com\/de\/weee-richtlinie\/","title":{"rendered":"WEEE-Richtlinie"},"content":{"rendered":"","protected":false},"excerpt":{"rendered":"","protected":false},"author":3,"featured_media":0,"parent":0,"menu_order":0,"comment_status":"closed","ping_status":"closed","template":"","meta":{"_acf_changed":false,"footnotes":""},"categories":[],"tags":[],"class_list":["post-12769","page","type-page","status-publish","hentry"],"acf":{"content_blocks":[{"acf_fc_layout":"hero1","_acfe_flexible_toggle":"","hero_locations":{"unique_id":"n6511a22557b37","background":{"ID":928,"id":928,"title":"locations-hero","filename":"locations-hero.jpg","filesize":249977,"url":"https:\/\/natus.com\/wp-content\/uploads\/locations-hero.jpg","link":"https:\/\/natus.com\/de\/standorte\/locations-hero-2\/","alt":"","author":"1","description":"","caption":"","name":"locations-hero-2","status":"inherit","uploaded_to":8340,"date":"2023-07-30 10:59:34","modified":"2023-09-21 15:29:51","menu_order":0,"mime_type":"image\/jpeg","type":"image","subtype":"jpeg","icon":"https:\/\/natus.com\/wp-includes\/images\/media\/default.png","width":1920,"height":500,"sizes":{"thumbnail":"https:\/\/natus.com\/wp-content\/uploads\/locations-hero.jpg","thumbnail-width":128,"thumbnail-height":33,"medium":"https:\/\/natus.com\/wp-content\/uploads\/locations-hero.jpg","medium-width":1920,"medium-height":500,"medium_large":"https:\/\/natus.com\/wp-content\/uploads\/locations-hero-768x200.jpg","medium_large-width":768,"medium_large-height":200,"large":"https:\/\/natus.com\/wp-content\/uploads\/locations-hero.jpg","large-width":1920,"large-height":500,"1536x1536":"https:\/\/natus.com\/wp-content\/uploads\/locations-hero-1536x400.jpg","1536x1536-width":1536,"1536x1536-height":400,"2048x2048":"https:\/\/natus.com\/wp-content\/uploads\/locations-hero.jpg","2048x2048-width":1920,"2048x2048-height":500}},"h1":"WEEE-Richtlinie","description":""}},{"acf_fc_layout":"spacer","_acfe_flexible_toggle":"","spacer":{"module_options":{"":null,"module_id":"n6514a4f9b141d","module_class":"","module_background_type":"color","module_background_color":"#f1f1f1","module_background_image":false,"module_background_video":"","activate_custom_padding":false,"padding_top_desktop":"0","padding_top_tablet":"0","padding_top_mobile":"0","padding_bottom_desktop":"0","padding_bottom_tablet":"0","padding_bottom_mobile":"0","activate_custom_margin":false,"margin_top_desktop":"0","margin_top_tablet":"0","margin_top_mobile":"0","margin_bottom_desktop":"0","margin_bottom_tablet":"0","margin_bottom_mobile":"0","disable_on":[],"content_alignment_desktop":"left","content_alignment_tablet":"left","content_alignment_mobile":"left"},"height":"20"}},{"acf_fc_layout":"divider","_acfe_flexible_toggle":"","divider":{"module_options":{"":null,"module_id":"n6514a4f9b6de0","module_class":"","module_background_type":"color","module_background_color":"#f1f1f1","module_background_image":false,"module_background_video":"","activate_custom_padding":false,"padding_top_desktop":"0","padding_top_tablet":"0","padding_top_mobile":"0","padding_bottom_desktop":"0","padding_bottom_tablet":"0","padding_bottom_mobile":"0","activate_custom_margin":false,"margin_top_desktop":"0","margin_top_tablet":"0","margin_top_mobile":"0","margin_bottom_desktop":"-50","margin_bottom_tablet":"0","margin_bottom_mobile":"0","disable_on":[],"content_alignment_desktop":"left","content_alignment_tablet":"left","content_alignment_mobile":"left"},"color":"#00aaa7","height":"12"}},{"acf_fc_layout":"simple_content","_acfe_flexible_toggle":"","content_full_width_landing":{"module_options":{"":null,"module_id":"n6514a45e97e73","module_class":"","module_background_type":"color","module_background_color":"","module_background_image":false,"module_background_video":"","activate_custom_padding":false,"padding_top_desktop":"0","padding_top_tablet":"0","padding_top_mobile":"0","padding_bottom_desktop":"0","padding_bottom_tablet":"0","padding_bottom_mobile":"0","activate_custom_margin":false,"margin_top_desktop":"0","margin_top_tablet":"0","margin_top_mobile":"0","margin_bottom_desktop":"0","margin_bottom_tablet":"0","margin_bottom_mobile":"0","disable_on":[],"content_alignment_desktop":"left","content_alignment_tablet":"left","content_alignment_mobile":"left"},"content":"<h2>Umweltengagement<\/h2>\n<p>&nbsp;<\/p>\n<h3>Abf\u00e4lle<\/h3>\n<p>Natus setzt sich f\u00fcr die Entwicklung von bzw. Teilnahme an Initiativen zur Reduzierung von Abf\u00e4llen ein.<\/p>\n<p>&nbsp;<\/p>\n<p>&nbsp;<\/p>\n<h3>WEEE-Richtlinie der Europ\u00e4ischen Union<\/h3>\n<p>Die Europ\u00e4ischen Union (EU) hat die WEEE-Richtlinie \u00fcber Elektro- und Elektronik-Altger\u00e4te (engl. Waste Electrical and Electronic Equipment) entwickelt, die daf\u00fcr sorgt, dass Systeme f\u00fcr Sammlung, Behandlung und Recycling elektronischer Abf\u00e4lle in der gesamten Europ\u00e4ischen Union verf\u00fcgbar sind. W\u00e4hrend die WEEE-Richtlinie f\u00fcr die meisten Produkte von Natus zur Anwendung kommt, gilt sie nicht f\u00fcr erwartungsgem\u00e4\u00df vor Ende der Lebensdauer infekti\u00f6s werdende Medizinprodukte sowie nicht f\u00fcr aktive implantierbare Medizinprodukte. Der WEEE-Ausschluss gilt nur f\u00fcr medizinische Ausr\u00fcstung und Zubeh\u00f6rteile, die f\u00fcr den Einmalgebrauch bestimmt sind (z. B. Nadeln, Katheter, selbsthaftende Elektroden, Einweg-Schlafuntersuchungsgurte), von denen erwartet wird, dass sie vor Ende der Lebensdauer infekti\u00f6s werden, und die gew\u00f6hnlich im Rahmen eines Programms zur Vermeidung infekti\u00f6ser Gesundheitsgefahren gesammelt und behandelt werden (klinische Abf\u00e4lle).<\/p>\n<p>Von der Europ\u00e4ischen Kommission herausgegebene Informationen \u00fcber die WEEE-Richtlinie finden Sie\u00a0<a href=\"https:\/\/environment.ec.europa.eu\/topics\/waste-and-recycling\/waste-electrical-and-electronic-equipment-weee_en\" target=\"_blank\" rel=\"noopener nofollow\">hier.<\/a><\/p>\n<p>&nbsp;<\/p>\n<p>&nbsp;<\/p>\n<h3>Natus-Stellungnahme zur WEEE-Richtlinie<\/h3>\n<p>Natus setzt sich f\u00fcr die Einhaltung der Anforderungen der WEEE-Richtlinie ein. Diese Richtlinie verpflichtet Hersteller von Elektro- und Elektronikger\u00e4ten, die in L\u00e4nder der EU verkauft werden, die ordnungsgem\u00e4\u00dfe Entsorgung der Ausr\u00fcstung auf einem Etikett anzugeben und Verbraucher solcher Ger\u00e4te zu ermutigen, die Ausr\u00fcstung am Ende der Lebensdauer auf geeignete Weise zu recyceln.<\/p>\n<p>Natus implementiert nun in jedem Mitgliedstaat, in dem das Unternehmen gesch\u00e4ftlich t\u00e4tig ist, ein Verfahren und wird einem nationalen Compliance-System oder einem anderen f\u00fcr dieses Land autorisierten Compliance-System beitreten<\/p>\n<p>Aktuelle Informationen werden bei Verf\u00fcgbarkeit auf dieser Webseite ver\u00f6ffentlicht. In der Zwischenzeit k\u00f6nnen Sie sich mit Fragen oder bez\u00fcglich Informationen gerne an uns wenden.<\/p>\n<p>&nbsp;<\/p>\n<p>&nbsp;<\/p>\n<h3>Anweisungen f\u00fcr die Entsorgung von Altger\u00e4ten<\/h3>\n<p>Die WEEE-Vorschriften (engl. Waste Electrical and Electronic Equipment) der Europ\u00e4ischen Union aus dem Jahr 2014 besagen, dass Elektro- und Elektronik-Altger\u00e4te zur ordnungsgem\u00e4\u00dfen Handhabung und Verwertung getrennt gesammelt werden m\u00fcssen, um die sichere Wiederverwendung oder das sichere Recycling von Elektro- und Elektronik-Altger\u00e4ten zu gew\u00e4hrleisten. Dementsprechend kann Natus die Verpflichtung zur R\u00fccknahme und zum Recycling an den Endnutzer \u00fcbertragen, sofern keine anderen Vorkehrungen getroffen wurden. Einzelheiten zu Sammelstellen und Wiederverwertungssystemen, die in Ihrer Region zur Verf\u00fcgung stehen, erhalten Sie von Natus.<\/p>\n<p>&nbsp;<\/p>\n<p>Elektro- und Elektronikger\u00e4te (EEE) enthalten Materialien, Komponenten und Stoffe, die gef\u00e4hrlich sein und eine Gefahr f\u00fcr die menschliche Gesundheit und die Umwelt darstellen k\u00f6nnen, wenn WEEE nicht richtig gehandhabt werden. Daher haben auch die Endanwender die Verpflichtung sicherzustellen, dass WEEE wiederverwendet und sicher recycelt werden. Die Anwender von Elektro- und Elektronikger\u00e4ten d\u00fcrfen WEEE nicht zusammen mit anderem M\u00fcll entsorgen. Die Nutzer m\u00fcssen die st\u00e4dtischen Sammelsysteme oder den lizenzierten Abfallspediteur verwenden oder sich die R\u00fccknahmepflicht der Hersteller\/Importeure zunutze machen, um nachteilige Auswirkungen auf die Umwelt im Zusammenhang mit der Entsorgung von elektrischen und elektronischen Ger\u00e4ten zu verringern und mehr M\u00f6glichkeiten zur Wiederverwendung, zum Recycling und zur Wiederverwertung von Elektro- und Elektronikaltger\u00e4ten zu schaffen.<\/p>\n<p>Mit dem Symbol einer durchkreuzten M\u00fclltonne auf R\u00e4dern markierte Ger\u00e4te sind Elektro- und Elektronikger\u00e4te. Die durchkreuzte M\u00fclltonne auf R\u00e4dern symbolisiert, dass Elektro- und Elektronik-Altger\u00e4te nicht zusammen mit unsortiertem M\u00fcll entsorgt werden d\u00fcrfen, sondern separat gesammelt werden m\u00fcssen.<\/p>\n<p>Sie k\u00f6nnen sich gerne untert\u00a0<a class=\"mailto\" href=\"mailto:Blanca.Maldonado@natus.com\" data-extlink=\"\">Blanca.Maldonado@natus.com<\/a>\u00a0mit Fragen oder bez\u00fcglich Informationen an uns wenden.<\/p>\n"}}]},"_links":{"self":[{"href":"https:\/\/natus.com\/de\/wp-json\/wp\/v2\/pages\/12769","targetHints":{"allow":["GET"]}}],"collection":[{"href":"https:\/\/natus.com\/de\/wp-json\/wp\/v2\/pages"}],"about":[{"href":"https:\/\/natus.com\/de\/wp-json\/wp\/v2\/types\/page"}],"author":[{"embeddable":true,"href":"https:\/\/natus.com\/de\/wp-json\/wp\/v2\/users\/3"}],"replies":[{"embeddable":true,"href":"https:\/\/natus.com\/de\/wp-json\/wp\/v2\/comments?post=12769"}],"version-history":[{"count":4,"href":"https:\/\/natus.com\/de\/wp-json\/wp\/v2\/pages\/12769\/revisions"}],"predecessor-version":[{"id":22070,"href":"https:\/\/natus.com\/de\/wp-json\/wp\/v2\/pages\/12769\/revisions\/22070"}],"wp:attachment":[{"href":"https:\/\/natus.com\/de\/wp-json\/wp\/v2\/media?parent=12769"}],"wp:term":[{"taxonomy":"category","embeddable":true,"href":"https:\/\/natus.com\/de\/wp-json\/wp\/v2\/categories?post=12769"},{"taxonomy":"post_tag","embeddable":true,"href":"https:\/\/natus.com\/de\/wp-json\/wp\/v2\/tags?post=12769"}],"curies":[{"name":"wp","href":"https:\/\/api.w.org\/{rel}","templated":true}]}}