{"id":1583,"date":"2023-05-05T11:12:33","date_gmt":"2023-05-05T11:12:33","guid":{"rendered":"https:\/\/natus.com\/home\/"},"modified":"2025-09-22T11:21:30","modified_gmt":"2025-09-22T11:21:30","slug":"natus-medical","status":"publish","type":"page","link":"https:\/\/natus.com\/de\/","title":{"rendered":"Natus Medical Incorporated"},"content":{"rendered":"","protected":false},"excerpt":{"rendered":"","protected":false},"author":1,"featured_media":0,"parent":0,"menu_order":0,"comment_status":"closed","ping_status":"open","template":"templates\/page-home.php","meta":{"_acf_changed":false,"footnotes":""},"categories":[],"tags":[],"class_list":["post-1583","page","type-page","status-publish","hentry"],"acf":{"content_blocks":[{"acf_fc_layout":"hero","_acfe_flexible_layout_title":"Hero Home","_acfe_flexible_toggle":"","hero_home":{"unique_id":"n64de2afc9cb04","background_type":"video","background_image":{"ID":181,"id":181,"title":"home-hero-bg-v1","filename":"home-hero-bg-v1.jpg","filesize":236063,"url":"https:\/\/natus.com\/wp-content\/uploads\/home-hero-bg-v1.jpg","link":"https:\/\/natus.com\/de\/natus-medical\/home-hero-bg-v1-2\/","alt":"Eye Imaging","author":"1","description":"","caption":"","name":"home-hero-bg-v1-2","status":"inherit","uploaded_to":1583,"date":"2023-06-12 12:42:35","modified":"2024-07-26 15:07:53","menu_order":0,"mime_type":"image\/jpeg","type":"image","subtype":"jpeg","icon":"https:\/\/natus.com\/wp-includes\/images\/media\/default.png","width":1920,"height":1000,"sizes":{"thumbnail":"https:\/\/natus.com\/wp-content\/uploads\/home-hero-bg-v1.jpg","thumbnail-width":128,"thumbnail-height":67,"medium":"https:\/\/natus.com\/wp-content\/uploads\/home-hero-bg-v1.jpg","medium-width":1920,"medium-height":1000,"medium_large":"https:\/\/natus.com\/wp-content\/uploads\/home-hero-bg-v1-768x400.jpg","medium_large-width":768,"medium_large-height":400,"large":"https:\/\/natus.com\/wp-content\/uploads\/home-hero-bg-v1.jpg","large-width":1920,"large-height":1000,"1536x1536":"https:\/\/natus.com\/wp-content\/uploads\/home-hero-bg-v1-1536x800.jpg","1536x1536-width":1536,"1536x1536-height":800,"2048x2048":"https:\/\/natus.com\/wp-content\/uploads\/home-hero-bg-v1.jpg","2048x2048-width":1920,"2048x2048-height":1000}},"background_video":"https:\/\/player.vimeo.com\/progressive_redirect\/playback\/855423395\/rendition\/360p\/file.mp4?loc=external&log_user=0&signature=bbc13a86dfce78041c9b7815b77644156ec8c2c8f3f1603dfb1c6dc2ef49f8bf","h1":"Die Signale des <br \/>\r\nK\u00f6rpers verstehen","description":"Wir vereinfachen den Pflegealltag und die<br \/>\r\nErforschung der komplexesten Systeme des <br \/>\r\nK\u00f6rpers, damit Sie sich ganz auf die Behandlung <br \/>\r\nIhrer Patienten konzentrieren k\u00f6nnen. <br \/>\r\n","links":[{"link":{"type":"post","value":"10462","url":"https:\/\/natus.com\/de\/neuro\/","name":"Neuro L\u00f6sungen","title":"Neuro L\u00f6sungen","target":""},"arrow_color":"#154284"},{"link":{"type":"url","value":"https:\/\/natussensory.com\/de\/","url":"https:\/\/natussensory.com\/de\/","name":"https:\/\/natussensory.com\/de\/","title":"Sensory website","target":"_blank"},"arrow_color":"#f0b21c"}]}},{"acf_fc_layout":"intro","_acfe_flexible_toggle":"","intro_2_columns_home":{"module_options":{"":null,"module_id":"n6514d54c1602b","module_class":"","module_background_type":"color","module_background_color":"","module_background_image":false,"module_background_video":"","activate_custom_padding":false,"padding_top_desktop":"0","padding_top_tablet":"0","padding_top_mobile":"0","padding_bottom_desktop":"0","padding_bottom_tablet":"0","padding_bottom_mobile":"0","activate_custom_margin":false,"margin_top_desktop":"0","margin_top_tablet":"0","margin_top_mobile":"0","margin_bottom_desktop":"0","margin_bottom_tablet":"0","margin_bottom_mobile":"0","disable_on":[],"content_alignment_desktop":"left","content_alignment_tablet":"left","content_alignment_mobile":"left"},"unique_id":"not-in-use","h2":"Hervorragende L\u00f6sungen<br \/>\r\nf\u00fchren zu besseren Antworten <br \/>\r\n","links":[{"link_colour":"#154284","label":"Neuro","description":"Diagnose und Behandlung von Erkrankungen des Gehirns, der Nerven und der Muskeln.","link":{"type":"post","value":"10462","url":"https:\/\/natus.com\/de\/neuro\/","name":"Neuro L\u00f6sungen","title":"Entdecken Neuro","target":""}},{"link_colour":"#f0b21c","label":"Sensory","description":"Diagnostik und Unterst\u00fctzung bei Augen-, <br \/>\r\nOhren- und Gleichgewichts- <br \/>\r\nst\u00f6rungen","link":{"type":"url","value":"https:\/\/natussensory.com\/de\/","url":"https:\/\/natussensory.com\/de\/","name":"https:\/\/natussensory.com\/de\/","title":"Besuchen Sie natussensory.com","target":"_blank"}}]}},{"acf_fc_layout":"solutions_slider","_acfe_flexible_toggle":"","slider_home_with_links":{"module_options":{"":null,"module_id":"n6514d54e2f32f","module_class":"","module_background_type":"color","module_background_color":"","module_background_image":false,"module_background_video":"","activate_custom_padding":false,"padding_top_desktop":"0","padding_top_tablet":"0","padding_top_mobile":"0","padding_bottom_desktop":"0","padding_bottom_tablet":"0","padding_bottom_mobile":"0","activate_custom_margin":false,"margin_top_desktop":"0","margin_top_tablet":"0","margin_top_mobile":"0","margin_bottom_desktop":"0","margin_bottom_tablet":"0","margin_bottom_mobile":"0","disable_on":[],"content_alignment_desktop":"left","content_alignment_tablet":"left","content_alignment_mobile":"left"},"autoplay":"true","autoplay_interval":"2500","slider":[{"slide_type":"video","image":false,"video":"https:\/\/player.vimeo.com\/progressive_redirect\/playback\/859047259\/rendition\/1080p\/file.mp4?loc=external&log_user=0&signature=d0008be80ad4438e24c97a6adebf08839ad42dc7e08f8e39b2d50d9ddd2f6e9f","title":"L\u00f6sungen, die Ihnen in Ihrer Praxis weiterhelfen","description":"<p>Wir lassen uns von positiven Patientenergebnissen inspirieren und setzen uns daf\u00fcr ein, dass Gesundheitsdienstleister auf der ganzen Welt sicher sein k\u00f6nnen, dass sie die bestm\u00f6glichen Ergebnisse erzielen k\u00f6nnen. Seit mehr als 80\u202fJahren bietet Natus branchenf\u00fchrende Technologie, fachkundigen Service und Schulungen an, um \u00c4rzte dabei zu unterst\u00fctzen, das Leben ihrer Patienten zu verbessern.<\/p>\n","links":[{"link":{"type":"post","value":"10462","url":"https:\/\/natus.com\/de\/neuro\/","name":"Neuro L\u00f6sungen","title":"Neuro L\u00f6sungen","target":""}},{"link":{"type":"url","value":"https:\/\/natussensory.com\/de\/","url":"https:\/\/natussensory.com\/de\/","name":"https:\/\/natussensory.com\/de\/","title":"Sensory website","target":"_blank"}},{"link":{"type":"post","value":"8364","url":"https:\/\/natus.com\/de\/support\/","name":"Service und Support","title":"Service & Support","target":""}},{"link":{"type":"post","value":"11302","url":"https:\/\/natus.com\/de\/wissen\/","name":"Wissen","title":"Wissen","target":""}}],"interval":""},{"slide_type":"video","image":{"ID":181,"id":181,"title":"home-hero-bg-v1","filename":"home-hero-bg-v1.jpg","filesize":236063,"url":"https:\/\/natus.com\/wp-content\/uploads\/home-hero-bg-v1.jpg","link":"https:\/\/natus.com\/de\/natus-medical\/home-hero-bg-v1-2\/","alt":"Eye Imaging","author":"1","description":"","caption":"","name":"home-hero-bg-v1-2","status":"inherit","uploaded_to":1583,"date":"2023-06-12 12:42:35","modified":"2024-07-26 15:07:53","menu_order":0,"mime_type":"image\/jpeg","type":"image","subtype":"jpeg","icon":"https:\/\/natus.com\/wp-includes\/images\/media\/default.png","width":1920,"height":1000,"sizes":{"thumbnail":"https:\/\/natus.com\/wp-content\/uploads\/home-hero-bg-v1.jpg","thumbnail-width":128,"thumbnail-height":67,"medium":"https:\/\/natus.com\/wp-content\/uploads\/home-hero-bg-v1.jpg","medium-width":1920,"medium-height":1000,"medium_large":"https:\/\/natus.com\/wp-content\/uploads\/home-hero-bg-v1-768x400.jpg","medium_large-width":768,"medium_large-height":400,"large":"https:\/\/natus.com\/wp-content\/uploads\/home-hero-bg-v1.jpg","large-width":1920,"large-height":1000,"1536x1536":"https:\/\/natus.com\/wp-content\/uploads\/home-hero-bg-v1-1536x800.jpg","1536x1536-width":1536,"1536x1536-height":800,"2048x2048":"https:\/\/natus.com\/wp-content\/uploads\/home-hero-bg-v1.jpg","2048x2048-width":1920,"2048x2048-height":1000}},"video":"https:\/\/player.vimeo.com\/progressive_redirect\/playback\/859047259\/rendition\/1080p\/file.mp4?loc=external&log_user=0&signature=d0008be80ad4438e24c97a6adebf08839ad42dc7e08f8e39b2d50d9ddd2f6e9f","title":"Produkte","description":"<p>Wir denken bei der Betrachtung und Entwicklung aller von uns angebotenen L\u00f6sungen in erster Linie an die Bed\u00fcrfnisse von \u00c4rzten.\u202fWir liefern innovative und bew\u00e4hrte L\u00f6sungen f\u00fcr Screening, Diagnose und Behandlung von Funktionsst\u00f6rungen des Gehirns, der Nervenbahnen und der acht sensorischen Nervensysteme.<\/p>\n","links":[{"link":{"type":"post","value":"8334","url":"https:\/\/natus.com\/de\/neuro-produkte\/","name":"Neuro-Produkte","title":"Neuro-Produkte","target":""}},{"link":{"type":"url","value":"https:\/\/natussensory.com\/de\/","url":"https:\/\/natussensory.com\/de\/","name":"https:\/\/natussensory.com\/de\/","title":"Sensory website","target":"_blank"}}],"interval":""},{"slide_type":"video","image":{"ID":181,"id":181,"title":"home-hero-bg-v1","filename":"home-hero-bg-v1.jpg","filesize":236063,"url":"https:\/\/natus.com\/wp-content\/uploads\/home-hero-bg-v1.jpg","link":"https:\/\/natus.com\/de\/natus-medical\/home-hero-bg-v1-2\/","alt":"Eye Imaging","author":"1","description":"","caption":"","name":"home-hero-bg-v1-2","status":"inherit","uploaded_to":1583,"date":"2023-06-12 12:42:35","modified":"2024-07-26 15:07:53","menu_order":0,"mime_type":"image\/jpeg","type":"image","subtype":"jpeg","icon":"https:\/\/natus.com\/wp-includes\/images\/media\/default.png","width":1920,"height":1000,"sizes":{"thumbnail":"https:\/\/natus.com\/wp-content\/uploads\/home-hero-bg-v1.jpg","thumbnail-width":128,"thumbnail-height":67,"medium":"https:\/\/natus.com\/wp-content\/uploads\/home-hero-bg-v1.jpg","medium-width":1920,"medium-height":1000,"medium_large":"https:\/\/natus.com\/wp-content\/uploads\/home-hero-bg-v1-768x400.jpg","medium_large-width":768,"medium_large-height":400,"large":"https:\/\/natus.com\/wp-content\/uploads\/home-hero-bg-v1.jpg","large-width":1920,"large-height":1000,"1536x1536":"https:\/\/natus.com\/wp-content\/uploads\/home-hero-bg-v1-1536x800.jpg","1536x1536-width":1536,"1536x1536-height":800,"2048x2048":"https:\/\/natus.com\/wp-content\/uploads\/home-hero-bg-v1.jpg","2048x2048-width":1920,"2048x2048-height":1000}},"video":"https:\/\/player.vimeo.com\/progressive_redirect\/playback\/859047259\/rendition\/1080p\/file.mp4?loc=external&log_user=0&signature=d0008be80ad4438e24c97a6adebf08839ad42dc7e08f8e39b2d50d9ddd2f6e9f","title":"Service & Support","description":"<p>Wir sind bestrebt, einen unvergleichlichen Service zu bieten, um eine nahtlose Erfahrung zu gew\u00e4hrleisten und unseren Partnern zu helfen, den h\u00f6chsten Pflegestandard zu bieten und die bestm\u00f6glichen Behandlungsergebnisse f\u00fcr die Patienten zu erzielen.<\/p>\n","links":[{"link":{"type":"post","value":"8364","url":"https:\/\/natus.com\/de\/support\/","name":"Service und Support","title":"Service & Support","target":""}}],"interval":""},{"slide_type":"video","image":{"ID":181,"id":181,"title":"home-hero-bg-v1","filename":"home-hero-bg-v1.jpg","filesize":236063,"url":"https:\/\/natus.com\/wp-content\/uploads\/home-hero-bg-v1.jpg","link":"https:\/\/natus.com\/de\/natus-medical\/home-hero-bg-v1-2\/","alt":"Eye Imaging","author":"1","description":"","caption":"","name":"home-hero-bg-v1-2","status":"inherit","uploaded_to":1583,"date":"2023-06-12 12:42:35","modified":"2024-07-26 15:07:53","menu_order":0,"mime_type":"image\/jpeg","type":"image","subtype":"jpeg","icon":"https:\/\/natus.com\/wp-includes\/images\/media\/default.png","width":1920,"height":1000,"sizes":{"thumbnail":"https:\/\/natus.com\/wp-content\/uploads\/home-hero-bg-v1.jpg","thumbnail-width":128,"thumbnail-height":67,"medium":"https:\/\/natus.com\/wp-content\/uploads\/home-hero-bg-v1.jpg","medium-width":1920,"medium-height":1000,"medium_large":"https:\/\/natus.com\/wp-content\/uploads\/home-hero-bg-v1-768x400.jpg","medium_large-width":768,"medium_large-height":400,"large":"https:\/\/natus.com\/wp-content\/uploads\/home-hero-bg-v1.jpg","large-width":1920,"large-height":1000,"1536x1536":"https:\/\/natus.com\/wp-content\/uploads\/home-hero-bg-v1-1536x800.jpg","1536x1536-width":1536,"1536x1536-height":800,"2048x2048":"https:\/\/natus.com\/wp-content\/uploads\/home-hero-bg-v1.jpg","2048x2048-width":1920,"2048x2048-height":1000}},"video":"https:\/\/player.vimeo.com\/progressive_redirect\/playback\/859047259\/rendition\/1080p\/file.mp4?loc=external&log_user=0&signature=d0008be80ad4438e24c97a6adebf08839ad42dc7e08f8e39b2d50d9ddd2f6e9f","title":"Wissen","description":"<p>Wir setzen uns daf\u00fcr ein, dass Gesundheitsdienstleister auf der ganzen Welt sicher sein k\u00f6nnen, dass sie die bestm\u00f6glichen Ergebnisse erzielen k\u00f6nnen. Natus-Akademien stellen Fachwissen, klinische Expertise und Weiterbildung bereit, unabh\u00e4ngig von Ihrer Rolle und Ihrem Arbeitsort.<\/p>\n","links":[{"link":{"type":"url","value":"https:\/\/neuro-training.academy","url":"https:\/\/neuro-training.academy","name":"https:\/\/neuro-training.academy","title":"Neuro Training Academy","target":"_blank"}}],"interval":""}]}},{"acf_fc_layout":"products_slider","_acfe_flexible_toggle":"","slider_with_thumbnail_navigation_landing":{"module_options":{"":null,"module_id":"n6514d55070576","module_class":"","module_background_type":"color","module_background_color":"","module_background_image":false,"module_background_video":"","activate_custom_padding":false,"padding_top_desktop":"0","padding_top_tablet":"0","padding_top_mobile":"0","padding_bottom_desktop":"0","padding_bottom_tablet":"0","padding_bottom_mobile":"0","activate_custom_margin":false,"margin_top_desktop":"0","margin_top_tablet":"0","margin_top_mobile":"0","margin_bottom_desktop":"0","margin_bottom_tablet":"0","margin_bottom_mobile":"0","disable_on":[],"content_alignment_desktop":"left","content_alignment_tablet":"left","content_alignment_mobile":"left"},"intro_text":"","intro_text_color":"","intro_link":null,"autoplay":"true","autoplay_interval":"2500","slider":[{"label":"Neuro","label_color":"#154284","title":"UltraPro\u00ae S100 EMG-\/ENG-\/EP-Neurodiagnosesystem","description":"UltraPro kombiniert benutzerfreundliche Bedienelemente und Arbeitsabl\u00e4ufe mit \u00fcberragender Signalqualit\u00e4t, um die Durchf\u00fchrung neuromuskul\u00e4rer Beurteilungen mit einem h\u00f6heren Grad an Sicherheit zu erm\u00f6glichen.","link":{"type":"post","value":"8725","url":"https:\/\/natus.com\/de\/neuro\/ultrapro-s100-emg\/","name":"UltraPro\u00ae S100 EMG-\/ENG-\/EP-Neurodiagnosesystem","title":"ERFAHREN SIE MEHR \u00dcBER UltraPro\u00ae S100","target":""},"image":{"ID":7549,"id":7549,"title":"UltraPro Product Feature Image","filename":"UltraPro-Product-Feature-Image.png","filesize":557387,"url":"https:\/\/natus.com\/wp-content\/uploads\/UltraPro-Product-Feature-Image.png","link":"https:\/\/natus.com\/de\/neuro\/ultrapro-product-feature-image-2\/","alt":"UltraPro S100","author":"2","description":"","caption":"","name":"ultrapro-product-feature-image-2","status":"inherit","uploaded_to":10462,"date":"2023-09-26 23:29:09","modified":"2024-07-26 15:29:03","menu_order":0,"mime_type":"image\/png","type":"image","subtype":"png","icon":"https:\/\/natus.com\/wp-includes\/images\/media\/default.png","width":650,"height":750,"sizes":{"thumbnail":"https:\/\/natus.com\/wp-content\/uploads\/UltraPro-Product-Feature-Image.png","thumbnail-width":83,"thumbnail-height":96,"medium":"https:\/\/natus.com\/wp-content\/uploads\/UltraPro-Product-Feature-Image.png","medium-width":650,"medium-height":750,"medium_large":"https:\/\/natus.com\/wp-content\/uploads\/UltraPro-Product-Feature-Image.png","medium_large-width":650,"medium_large-height":750,"large":"https:\/\/natus.com\/wp-content\/uploads\/UltraPro-Product-Feature-Image.png","large-width":650,"large-height":750,"1536x1536":"https:\/\/natus.com\/wp-content\/uploads\/UltraPro-Product-Feature-Image.png","1536x1536-width":650,"1536x1536-height":750,"2048x2048":"https:\/\/natus.com\/wp-content\/uploads\/UltraPro-Product-Feature-Image.png","2048x2048-width":650,"2048x2048-height":750}},"thumbnail":{"ID":7590,"id":7590,"title":"UltraPro Product Thumbmail","filename":"UltraPro-Product-Thumbmail.png","filesize":15589,"url":"https:\/\/natus.com\/wp-content\/uploads\/UltraPro-Product-Thumbmail.png","link":"https:\/\/natus.com\/de\/neuro\/ultrapro-product-thumbmail-2\/","alt":"UltraPro S100","author":"2","description":"","caption":"","name":"ultrapro-product-thumbmail-2","status":"inherit","uploaded_to":10462,"date":"2023-09-27 00:28:14","modified":"2024-07-26 15:23:59","menu_order":0,"mime_type":"image\/png","type":"image","subtype":"png","icon":"https:\/\/natus.com\/wp-includes\/images\/media\/default.png","width":100,"height":100,"sizes":{"thumbnail":"https:\/\/natus.com\/wp-content\/uploads\/UltraPro-Product-Thumbmail.png","thumbnail-width":96,"thumbnail-height":96,"medium":"https:\/\/natus.com\/wp-content\/uploads\/UltraPro-Product-Thumbmail.png","medium-width":100,"medium-height":100,"medium_large":"https:\/\/natus.com\/wp-content\/uploads\/UltraPro-Product-Thumbmail.png","medium_large-width":100,"medium_large-height":100,"large":"https:\/\/natus.com\/wp-content\/uploads\/UltraPro-Product-Thumbmail.png","large-width":100,"large-height":100,"1536x1536":"https:\/\/natus.com\/wp-content\/uploads\/UltraPro-Product-Thumbmail.png","1536x1536-width":100,"1536x1536-height":100,"2048x2048":"https:\/\/natus.com\/wp-content\/uploads\/UltraPro-Product-Thumbmail.png","2048x2048-width":100,"2048x2048-height":100}},"interval":""},{"label":"Neuro","label_color":"#154284","title":"Natus\u00ae NeuroWorks\u00ae EEG-Software ","description":"Die Natus Neuroworks-Plattform vereinfacht die erfassung, \u00fcberwachung, trenderstellung und verwaltung von daten f\u00fcr normale eeg-untersuchungen, ambulantes eeg, langzeit-monitoring, \u00fcberwachungsverfahren auf der intensivstation und forschungsstudien.","link":{"type":"post","value":"9422","url":"https:\/\/natus.com\/de\/neuro\/neuroworks-eeg-software\/","name":"Natus\u00ae NeuroWorks\u00ae EEG-Software","title":"ERFAHREN SIE MEHR \u00dcBER NeuroWorks\u00ae EEG-Software","target":""},"image":{"ID":7585,"id":7585,"title":"Neuroworks computer screen 850x750","filename":"Neuroworks-computer-screen-850x750-1.png","filesize":554219,"url":"https:\/\/natus.com\/wp-content\/uploads\/Neuroworks-computer-screen-850x750-1.png","link":"https:\/\/natus.com\/de\/neuro\/neuroworks-computer-screen-850x750-2\/","alt":"Neuroworks EEG","author":"2","description":"","caption":"","name":"neuroworks-computer-screen-850x750-2","status":"inherit","uploaded_to":10462,"date":"2023-09-27 00:26:31","modified":"2024-07-26 15:28:06","menu_order":0,"mime_type":"image\/png","type":"image","subtype":"png","icon":"https:\/\/natus.com\/wp-includes\/images\/media\/default.png","width":650,"height":750,"sizes":{"thumbnail":"https:\/\/natus.com\/wp-content\/uploads\/Neuroworks-computer-screen-850x750-1.png","thumbnail-width":83,"thumbnail-height":96,"medium":"https:\/\/natus.com\/wp-content\/uploads\/Neuroworks-computer-screen-850x750-1.png","medium-width":650,"medium-height":750,"medium_large":"https:\/\/natus.com\/wp-content\/uploads\/Neuroworks-computer-screen-850x750-1.png","medium_large-width":650,"medium_large-height":750,"large":"https:\/\/natus.com\/wp-content\/uploads\/Neuroworks-computer-screen-850x750-1.png","large-width":650,"large-height":750,"1536x1536":"https:\/\/natus.com\/wp-content\/uploads\/Neuroworks-computer-screen-850x750-1.png","1536x1536-width":650,"1536x1536-height":750,"2048x2048":"https:\/\/natus.com\/wp-content\/uploads\/Neuroworks-computer-screen-850x750-1.png","2048x2048-width":650,"2048x2048-height":750}},"thumbnail":{"ID":7580,"id":7580,"title":"Neuroworks computer screen 100x100","filename":"Neuroworks-computer-screen-100x100-1.png","filesize":17391,"url":"https:\/\/natus.com\/wp-content\/uploads\/Neuroworks-computer-screen-100x100-1.png","link":"https:\/\/natus.com\/de\/neuro\/neuroworks-computer-screen-100x100-2\/","alt":"Neuroworks EEG ","author":"2","description":"","caption":"","name":"neuroworks-computer-screen-100x100-2","status":"inherit","uploaded_to":10462,"date":"2023-09-27 00:25:45","modified":"2024-07-26 15:28:37","menu_order":0,"mime_type":"image\/png","type":"image","subtype":"png","icon":"https:\/\/natus.com\/wp-includes\/images\/media\/default.png","width":100,"height":100,"sizes":{"thumbnail":"https:\/\/natus.com\/wp-content\/uploads\/Neuroworks-computer-screen-100x100-1.png","thumbnail-width":96,"thumbnail-height":96,"medium":"https:\/\/natus.com\/wp-content\/uploads\/Neuroworks-computer-screen-100x100-1.png","medium-width":100,"medium-height":100,"medium_large":"https:\/\/natus.com\/wp-content\/uploads\/Neuroworks-computer-screen-100x100-1.png","medium_large-width":100,"medium_large-height":100,"large":"https:\/\/natus.com\/wp-content\/uploads\/Neuroworks-computer-screen-100x100-1.png","large-width":100,"large-height":100,"1536x1536":"https:\/\/natus.com\/wp-content\/uploads\/Neuroworks-computer-screen-100x100-1.png","1536x1536-width":100,"1536x1536-height":100,"2048x2048":"https:\/\/natus.com\/wp-content\/uploads\/Neuroworks-computer-screen-100x100-1.png","2048x2048-width":100,"2048x2048-height":100}},"interval":""}]}}]},"_links":{"self":[{"href":"https:\/\/natus.com\/de\/wp-json\/wp\/v2\/pages\/1583","targetHints":{"allow":["GET"]}}],"collection":[{"href":"https:\/\/natus.com\/de\/wp-json\/wp\/v2\/pages"}],"about":[{"href":"https:\/\/natus.com\/de\/wp-json\/wp\/v2\/types\/page"}],"author":[{"embeddable":true,"href":"https:\/\/natus.com\/de\/wp-json\/wp\/v2\/users\/1"}],"replies":[{"embeddable":true,"href":"https:\/\/natus.com\/de\/wp-json\/wp\/v2\/comments?post=1583"}],"version-history":[{"count":10,"href":"https:\/\/natus.com\/de\/wp-json\/wp\/v2\/pages\/1583\/revisions"}],"predecessor-version":[{"id":24983,"href":"https:\/\/natus.com\/de\/wp-json\/wp\/v2\/pages\/1583\/revisions\/24983"}],"wp:attachment":[{"href":"https:\/\/natus.com\/de\/wp-json\/wp\/v2\/media?parent=1583"}],"wp:term":[{"taxonomy":"category","embeddable":true,"href":"https:\/\/natus.com\/de\/wp-json\/wp\/v2\/categories?post=1583"},{"taxonomy":"post_tag","embeddable":true,"href":"https:\/\/natus.com\/de\/wp-json\/wp\/v2\/tags?post=1583"}],"curies":[{"name":"wp","href":"https:\/\/api.w.org\/{rel}","templated":true}]}}