{"id":24665,"date":"2025-05-29T14:02:18","date_gmt":"2025-05-29T14:02:18","guid":{"rendered":"https:\/\/natus.com\/?page_id=24665"},"modified":"2025-11-25T20:24:28","modified_gmt":"2025-11-25T20:24:28","slug":"micromed-sd-plus-flexi-eeg-verstaerker","status":"publish","type":"page","link":"https:\/\/natus.com\/de\/neuro\/micromed-sd-plus-flexi-eeg-verstaerker\/","title":{"rendered":"Micromed\u00ae SD PLUS FLEXI EEG-Verst\u00e4rker"},"content":{"rendered":"","protected":false},"excerpt":{"rendered":"","protected":false},"author":3,"featured_media":0,"parent":10462,"menu_order":0,"comment_status":"closed","ping_status":"closed","template":"templates\/page-neuro-solutions-product-landing.php","meta":{"_acf_changed":false,"footnotes":""},"categories":[158],"tags":[224,159,160],"class_list":["post-24665","page","type-page","status-publish","hentry","category-elektroenzephalografie-eeg-aeeg-de","tag-eeg-auf-der-intensivstation-de","tag-icu-uberwachung-de","tag-routine-eeg-de"],"acf":{"content_blocks":[{"acf_fc_layout":"spacer","_acfe_flexible_toggle":"","spacer":{"module_options":{"":null,"module_id":"n6514e87cedd36","module_class":"","module_background_type":"color","module_background_color":"#00aaa7","module_background_image":false,"module_background_video":"","activate_custom_padding":false,"padding_top_desktop":"0","padding_top_tablet":"0","padding_top_mobile":"0","padding_bottom_desktop":"0","padding_bottom_tablet":"0","padding_bottom_mobile":"0","activate_custom_margin":false,"margin_top_desktop":"0","margin_top_tablet":"0","margin_top_mobile":"0","margin_bottom_desktop":"0","margin_bottom_tablet":"0","margin_bottom_mobile":"0","disable_on":[],"content_alignment_desktop":"left","content_alignment_tablet":"left","content_alignment_mobile":"left"},"height":"270"}},{"acf_fc_layout":"intro_with_sticky_image","_acfe_flexible_toggle":"","left_content_right_image_sticky":{"module_options":{"":null,"module_id":"n6514e87d00aeb","module_class":"","module_background_type":"color","module_background_color":"#f1f1f1","module_background_image":false,"module_background_video":"","activate_custom_padding":false,"padding_top_desktop":"0","padding_top_tablet":"0","padding_top_mobile":"0","padding_bottom_desktop":"0","padding_bottom_tablet":"0","padding_bottom_mobile":"0","activate_custom_margin":false,"margin_top_desktop":"0","margin_top_tablet":"0","margin_top_mobile":"0","margin_bottom_desktop":"0","margin_bottom_tablet":"0","margin_bottom_mobile":"0","disable_on":[],"content_alignment_desktop":"left","content_alignment_tablet":"left","content_alignment_mobile":"left"},"":null,"title":"Micromed<sup>\u00ae<\/sup> SD PLUS FLEXI EEG-Verst\u00e4rker","subheader":"<p>Die fortschrittliche EEG-Technologie des SD PLUS FLEXI wurde entwickelt, um die Patientenversorgung und klinische Effizienz zu verbessern, und ist auf die Bed\u00fcrfnisse von medizinischen Fachkr\u00e4ften zugeschnitten. Das kompakte, tragbare Design erleichtert den Einsatz am Patientenbett, und die benutzerfreundliche Oberfl\u00e4che vereinfacht die Bedienung und verbessert die Arbeitsabl\u00e4ufe.<\/p>\n<p>In Fortf\u00fchrung der jahrzehntelangen Erfahrung von Micromed bei der Entwicklung revolution\u00e4rer EEG-Hardware gew\u00e4hrleistet SD PLUS FLEXI modernste Leistungsf\u00e4higkeit f\u00fcr die meisten klinischen Einsatzm\u00f6glichkeiten in der EEG-Diagnostik.<\/p>\n<p><strong>Hauptmerkmale:<\/strong><\/p>\n<ul>\n<li>Verf\u00fcgbar mit BRAIN QUICK Software oder NeuroWorks-Software<\/li>\n<li>Insgesamt 36 Eing\u00e4nge, mit der M\u00f6glichkeit, bis zu 38 Kan\u00e4le aufzuzeichnen: 24 referentielle Eing\u00e4nge, 8 referentielle\/bipolare Eing\u00e4nge, 2 zus\u00e4tzliche bipolare Eing\u00e4nge, Oximetrieeingang (SpO2, Puls, Herzfrequenz), 1 Markereingang<\/li>\n<li>Hohe Abtastrate und rauscharme Eing\u00e4nge<\/li>\n<li>USB- oder Netzwerkschnittstellenoptionen bieten flexible Konnektivit\u00e4t in allen Situationen, wie etwa bei Wagen-basierten oder entfernten Patientenzimmer-Setups.<\/li>\n<li>Konfigurierbarer Hardware-Niederfrequenzfilter, Eingangsbereich und A\/D-Aufl\u00f6sung f\u00fcr optimale Aufzeichnung der DC-Verschiebung auf der Intensivstation<\/li>\n<li>Bereit f\u00fcr den Operationsaal \u2013 kompatibel mit Elektrokauterisierungsger\u00e4ten<\/li>\n<li>Bereit f\u00fcr die Intensivstation \u2013 Rauschpegel unter 1,8 \u00b5Vpp<\/li>\n<\/ul>\n<p><span style=\"font-size: 12px;\">Die Verf\u00fcgbarkeit von Produkten und Konfigurationen variiert je nach Markt.. Bitte kontaktieren Sie Ihren Natus-Vertreter bez\u00fcglich der Verf\u00fcgbarkeit. <\/span><\/p>\n","icons":[{"icon":{"ID":2245,"id":2245,"title":"icon-channels","filename":"icon-channels.png","filesize":1062,"url":"https:\/\/natus.com\/wp-content\/uploads\/icon-channels.png","link":"https:\/\/natus.com\/de\/neuro\/icon-channels-2\/","alt":"Icon - Channels","author":"2","description":"","caption":"","name":"icon-channels-2","status":"inherit","uploaded_to":10462,"date":"2023-09-07 23:18:48","modified":"2024-07-29 21:18:55","menu_order":0,"mime_type":"image\/png","type":"image","subtype":"png","icon":"https:\/\/natus.com\/wp-includes\/images\/media\/default.png","width":58,"height":43,"sizes":{"thumbnail":"https:\/\/natus.com\/wp-content\/uploads\/icon-channels.png","thumbnail-width":58,"thumbnail-height":43,"medium":"https:\/\/natus.com\/wp-content\/uploads\/icon-channels.png","medium-width":58,"medium-height":43,"medium_large":"https:\/\/natus.com\/wp-content\/uploads\/icon-channels.png","medium_large-width":58,"medium_large-height":43,"large":"https:\/\/natus.com\/wp-content\/uploads\/icon-channels.png","large-width":58,"large-height":43,"1536x1536":"https:\/\/natus.com\/wp-content\/uploads\/icon-channels.png","1536x1536-width":58,"1536x1536-height":43,"2048x2048":"https:\/\/natus.com\/wp-content\/uploads\/icon-channels.png","2048x2048-width":58,"2048x2048-height":43}},"icon_description":"Aufzeichnung <br \/>\r\nvon bis zu <br \/>\r\n38 Kan\u00e4len"},{"icon":{"ID":2250,"id":2250,"title":"icon-rate","filename":"icon-rate.png","filesize":2246,"url":"https:\/\/natus.com\/wp-content\/uploads\/icon-rate.png","link":"https:\/\/natus.com\/de\/neuro\/icon-rate-2\/","alt":"Icon - Rate","author":"2","description":"","caption":"","name":"icon-rate-2","status":"inherit","uploaded_to":10462,"date":"2023-09-07 23:19:56","modified":"2024-07-29 21:18:51","menu_order":0,"mime_type":"image\/png","type":"image","subtype":"png","icon":"https:\/\/natus.com\/wp-includes\/images\/media\/default.png","width":61,"height":46,"sizes":{"thumbnail":"https:\/\/natus.com\/wp-content\/uploads\/icon-rate.png","thumbnail-width":61,"thumbnail-height":46,"medium":"https:\/\/natus.com\/wp-content\/uploads\/icon-rate.png","medium-width":61,"medium-height":46,"medium_large":"https:\/\/natus.com\/wp-content\/uploads\/icon-rate.png","medium_large-width":61,"medium_large-height":46,"large":"https:\/\/natus.com\/wp-content\/uploads\/icon-rate.png","large-width":61,"large-height":46,"1536x1536":"https:\/\/natus.com\/wp-content\/uploads\/icon-rate.png","1536x1536-width":61,"1536x1536-height":46,"2048x2048":"https:\/\/natus.com\/wp-content\/uploads\/icon-rate.png","2048x2048-width":61,"2048x2048-height":46}},"icon_description":"Flexible <br \/>\r\nBefestigungs- <br \/>\r\noptionen"},{"icon":{"ID":23641,"id":23641,"title":"60x60-embedded-integrated-icon","filename":"60x60-embedded-integrated-icon.png","filesize":1229,"url":"https:\/\/natus.com\/wp-content\/uploads\/60x60-embedded-integrated-icon.png","link":"https:\/\/natus.com\/de\/neuro\/micromed-sd-plus-flexi-eeg-verstaerker\/60x60-embedded-integrated-icon-2\/","alt":"60x60-embedded-integrated-icon","author":"1","description":"","caption":"","name":"60x60-embedded-integrated-icon-2","status":"inherit","uploaded_to":24665,"date":"2025-05-01 19:51:52","modified":"2025-08-13 20:14:12","menu_order":0,"mime_type":"image\/png","type":"image","subtype":"png","icon":"https:\/\/natus.com\/wp-includes\/images\/media\/default.png","width":60,"height":60,"sizes":{"thumbnail":"https:\/\/natus.com\/wp-content\/uploads\/60x60-embedded-integrated-icon.png","thumbnail-width":60,"thumbnail-height":60,"medium":"https:\/\/natus.com\/wp-content\/uploads\/60x60-embedded-integrated-icon.png","medium-width":60,"medium-height":60,"medium_large":"https:\/\/natus.com\/wp-content\/uploads\/60x60-embedded-integrated-icon.png","medium_large-width":60,"medium_large-height":60,"large":"https:\/\/natus.com\/wp-content\/uploads\/60x60-embedded-integrated-icon.png","large-width":60,"large-height":60,"1536x1536":"https:\/\/natus.com\/wp-content\/uploads\/60x60-embedded-integrated-icon.png","1536x1536-width":60,"1536x1536-height":60,"2048x2048":"https:\/\/natus.com\/wp-content\/uploads\/60x60-embedded-integrated-icon.png","2048x2048-width":60,"2048x2048-height":60}},"icon_description":"Verf\u00fcgbar mit <br \/>\r\nNeuroWorks\u00ae und <br \/>\r\nBRAIN QUICK\u00ae"}],"quick_navigation":[{"quick_link":{"type":"url","value":"#contact-neuro","url":"#contact-neuro","name":"#contact-neuro","title":"Kontakt","target":""}},{"quick_link":{"type":"url","value":"#n6514e87d12389","url":"#n6514e87d12389","name":"#n6514e87d12389","title":"Mehr Details erkunden","target":""}}],"description":"<p><span style=\"font-size: 15px; color: #008b96;\"><strong>Smartes, einfaches und leistungsstarkes EEG.<\/strong><\/span><\/p>\n<ul>\n<li><span style=\"font-size: 15px;\">Robuste Datenerfassung f\u00fcr umfassende Patientenbewertungen, entworfen sowohl f\u00fcr klinisches EEG als auch f\u00fcr Intensivstationen<\/span><\/li>\n<li><span style=\"font-size: 15px;\">Benutzerfreundliche LED-Anzeige f\u00fcr Echtzeit-Untersuchungsinformationen und Benachrichtigungen<\/span><\/li>\n<li><span style=\"font-size: 15px;\">Flexible Montageoptionen zur Integration in verschiedene klinische Umgebungen, einschlie\u00dflich Natus ErgoJust-Wagen, Tischklemmen und Bodenst\u00e4nder<\/span><\/li>\n<\/ul>\n<p>&nbsp;<\/p>\n<p><span style=\"font-size: 15px; color: #008b96;\"><strong>Eine starke Grundlage f\u00fcr EEG-Innovation.<\/strong><\/span><\/p>\n<p><span style=\"font-size: 15px;\">Die Natus NeuroWorks- und Micromed BRAIN QUICK Software sind die weltweit am meisten vertrauten und genutzten EEG-Softwareplattformen. Natus bringt die fortschrittlichste Technologie voran, um benutzerfreundliche L\u00f6sungen zur Verbesserung der Patientenversorgung zu schaffen. <\/span><\/p>\n","message_label":"Service und Unterst\u00fctzung","message_title":"Suchen Sie einen Neuro-Produktservice oder technische Unterst\u00fctzung?","message_link":{"type":"post","value":"883","url":"https:\/\/natus.com\/support\/","name":"Service &#038; Support","title":"Natus Service und Unterst\u00fctzung","target":""},"right_sticky_image":{"ID":23687,"id":23687,"title":"SD PLUS FLEXI_Main Product Image 500x370","filename":"SD-PLUS-FLEXI_Main-Product-Image-500x370-1.png","filesize":179857,"url":"https:\/\/natus.com\/wp-content\/uploads\/SD-PLUS-FLEXI_Main-Product-Image-500x370-1.png","link":"https:\/\/natus.com\/de\/neuro\/micromed-sd-plus-flexi-eeg-verstaerker\/sd-plus-flexi_main-product-image-500x370-2\/","alt":"SD PLUS FLEXI Main Product Image","author":"3","description":"","caption":"","name":"sd-plus-flexi_main-product-image-500x370-2","status":"inherit","uploaded_to":24665,"date":"2025-05-05 21:25:04","modified":"2025-05-05 21:27:22","menu_order":0,"mime_type":"image\/png","type":"image","subtype":"png","icon":"https:\/\/natus.com\/wp-includes\/images\/media\/default.png","width":500,"height":370,"sizes":{"thumbnail":"https:\/\/natus.com\/wp-content\/uploads\/SD-PLUS-FLEXI_Main-Product-Image-500x370-1.png","thumbnail-width":128,"thumbnail-height":96,"medium":"https:\/\/natus.com\/wp-content\/uploads\/SD-PLUS-FLEXI_Main-Product-Image-500x370-1.png","medium-width":500,"medium-height":370,"medium_large":"https:\/\/natus.com\/wp-content\/uploads\/SD-PLUS-FLEXI_Main-Product-Image-500x370-1.png","medium_large-width":500,"medium_large-height":370,"large":"https:\/\/natus.com\/wp-content\/uploads\/SD-PLUS-FLEXI_Main-Product-Image-500x370-1.png","large-width":500,"large-height":370,"1536x1536":"https:\/\/natus.com\/wp-content\/uploads\/SD-PLUS-FLEXI_Main-Product-Image-500x370-1.png","1536x1536-width":500,"1536x1536-height":370,"2048x2048":"https:\/\/natus.com\/wp-content\/uploads\/SD-PLUS-FLEXI_Main-Product-Image-500x370-1.png","2048x2048-width":500,"2048x2048-height":370}}}},{"acf_fc_layout":"product_information","_acfe_flexible_toggle":"","left_accordion_right_image_landing":{"module_options":{"":null,"module_id":"n6514e87d12389","module_class":"","module_background_type":"color","module_background_color":"#f1f1f1","module_background_image":false,"module_background_video":"","activate_custom_padding":false,"padding_top_desktop":"0","padding_top_tablet":"0","padding_top_mobile":"0","padding_bottom_desktop":"0","padding_bottom_tablet":"0","padding_bottom_mobile":"0","activate_custom_margin":false,"margin_top_desktop":"0","margin_top_tablet":"0","margin_top_mobile":"0","margin_bottom_desktop":"0","margin_bottom_tablet":"0","margin_bottom_mobile":"0","disable_on":[],"content_alignment_desktop":"left","content_alignment_tablet":"left","content_alignment_mobile":"left"},"intro":"Produktinformationen","description":"","accordion":[{"title":"Software","accordion_content":[{"acf_fc_layout":"full_content","accordion_description":"<p>Die <a href=\"https:\/\/natus.com\/neuro\/neuroworks-eeg-software\/\">Natus NeuroWorks EEG-Software<\/a> vereinfacht den Prozess der Erfassung, \u00dcberwachung, Trenderstellung und Verwaltung von EEG-Testdaten, sodass Gesundheitsdienstleister Zeit sparen und sich auf die Bereitstellung der bestm\u00f6glichen Pflege konzentrieren k\u00f6nnen.<\/p>\n<p>&nbsp;<\/p>\n<p>Als das EEG-Plattform, dem immer mehr Gesundheitssysteme und kleine Praxen auf der ganzen Welt vertrauen, hat NeuroWorks seine Zuverl\u00e4ssigkeit im klinischen Umfeld bewiesen, darunter bei Routine-EEG-Untersuchungen, ambulanten EEG, Langzeit-Monitoring (LTM), \u00dcberwachungsverfahren auf der Intensivstation und Forschungsstudien.<\/p>\n"},{"acf_fc_layout":"full_content","accordion_description":"<p>Die umfassenden und anpassbaren L\u00f6sungen der <a href=\"https:\/\/natus.com\/neuro\/brain-quick-eeg-software\/\">BRAIN QUICK Software<\/a> vereinfachen die EEG-Befundung und -Berichtserstellung, von Routineanwendungen bis zur Intensivstation und dar\u00fcber hinaus.<\/p>\n<p>Als eine der f\u00fchrenden und vertrauensw\u00fcrdigsten Softwareplattformen verf\u00fcgt die BRAIN QUICK Software \u00fcber ausgefeilte Tools und fortschrittliche Funktionen, die in verschiedenen klinischen Umgebungen skalierbar sind.<\/p>\n"}]},{"title":"Produktliteratur herunterladen","accordion_content":[{"acf_fc_layout":"full_content","accordion_description":"<p><strong>SD PLUS FLEXI-Flyer <\/strong><br \/>\n<a href=\"https:\/\/partner.natus.com\/m\/49a1bbeccfe84b09\/original\/SD-PLUS-FLEXI-Flyer.pdf\" target=\"_blank\" rel=\"noopener\">Englisch<\/a><\/p>\n"}]},{"title":"Zubeh\u00f6r","accordion_content":[{"acf_fc_layout":"full_content","accordion_description":"<p>Natus bietet ein komplettes Zubeh\u00f6rangebot, um alle Ihre EEG-Anforderungen zu erf\u00fcllen.<\/p>\n<ul>\n<li>Praktisches Online-Portal \u2013 <a href=\"https:\/\/natus.com\/natus-medical-stores\/\">Natus Medical Store<\/a> (verf\u00fcgbar in ausgew\u00e4hlten M\u00e4rkten)<\/li>\n<\/ul>\n<p>&nbsp;<\/p>\n<p><img loading=\"lazy\" decoding=\"async\" class=\"alignleft size-full wp-image-3991\" src=\"https:\/\/natus.com\/wp-content\/uploads\/EEG-Supplies_500w.png\" alt=\"\" width=\"500\" height=\"293\" \/><\/p>\n"}]}],"image_left":false}},{"acf_fc_layout":"related_products","_acfe_flexible_toggle":"","tiles_3_columns_landing":{"module_options":{"":null,"module_id":"n6514e87d1bd86","module_class":"","module_background_type":"color","module_background_color":"#f1f1f1","module_background_image":false,"module_background_video":"","activate_custom_padding":false,"padding_top_desktop":"0","padding_top_tablet":"0","padding_top_mobile":"0","padding_bottom_desktop":"0","padding_bottom_tablet":"0","padding_bottom_mobile":"0","activate_custom_margin":false,"margin_top_desktop":"0","margin_top_tablet":"0","margin_top_mobile":"0","margin_bottom_desktop":"0","margin_bottom_tablet":"0","margin_bottom_mobile":"0","disable_on":[],"content_alignment_desktop":"left","content_alignment_tablet":"left","content_alignment_mobile":"left"},"intro_text":"Verwandte Neuro Produkte","intro_text_color":"#005e63","intro_link":{"type":"post","value":"885","url":"https:\/\/natus.com\/neuro-products\/","name":"Neuro Products","title":"Alle Neuro-Produkte anzeigen","target":""},"tiles":[{"label":"EEG Software","label_background_color":"#154284","image":{"ID":4267,"id":4267,"title":"NeuroWorks Related Product Photo - 500x400","filename":"Neuroworks-10-Related-Product-Photo-500x400-1.png","filesize":211965,"url":"https:\/\/natus.com\/wp-content\/uploads\/Neuroworks-10-Related-Product-Photo-500x400-1.png","link":"https:\/\/natus.com\/de\/neuro\/trex-eeg-system-ambulante-hd-videoueberwachung\/neuroworks-related-product-photo-500x400-2\/","alt":"","author":"2","description":"","caption":"","name":"neuroworks-related-product-photo-500x400-2","status":"inherit","uploaded_to":9772,"date":"2023-09-14 18:10:52","modified":"2023-09-28 20:08:52","menu_order":0,"mime_type":"image\/png","type":"image","subtype":"png","icon":"https:\/\/natus.com\/wp-includes\/images\/media\/default.png","width":500,"height":400,"sizes":{"thumbnail":"https:\/\/natus.com\/wp-content\/uploads\/Neuroworks-10-Related-Product-Photo-500x400-1.png","thumbnail-width":120,"thumbnail-height":96,"medium":"https:\/\/natus.com\/wp-content\/uploads\/Neuroworks-10-Related-Product-Photo-500x400-1.png","medium-width":500,"medium-height":400,"medium_large":"https:\/\/natus.com\/wp-content\/uploads\/Neuroworks-10-Related-Product-Photo-500x400-1.png","medium_large-width":500,"medium_large-height":400,"large":"https:\/\/natus.com\/wp-content\/uploads\/Neuroworks-10-Related-Product-Photo-500x400-1.png","large-width":500,"large-height":400,"1536x1536":"https:\/\/natus.com\/wp-content\/uploads\/Neuroworks-10-Related-Product-Photo-500x400-1.png","1536x1536-width":500,"1536x1536-height":400,"2048x2048":"https:\/\/natus.com\/wp-content\/uploads\/Neuroworks-10-Related-Product-Photo-500x400-1.png","2048x2048-width":500,"2048x2048-height":400}},"title":"Natus\u00ae NeuroWorks\u00ae EEG-Software","link":{"type":"post","value":"2210","url":"https:\/\/natus.com\/neuro\/neuroworks-eeg-software\/","name":"Natus\u00ae NeuroWorks\u00ae EEG Software","title":"Mehr Erfahren","target":"_blank"}},{"label":"EEG-Software","label_background_color":"#154284","image":{"ID":4272,"id":4272,"title":"Brainquick Software Related Product Photo - 500x400","filename":"Brain-quick-EEG-Software-Related-Product-Photo-500x400-1.png","filesize":184768,"url":"https:\/\/natus.com\/wp-content\/uploads\/Brain-quick-EEG-Software-Related-Product-Photo-500x400-1.png","link":"https:\/\/natus.com\/de\/neuro\/neurokritische-versorgung-und-hirnverletzung\/eeg-auf-der-intensivstation\/brainquick-software-related-product-photo-500x400-2\/","alt":"BRAIN QUICK EEG Software","author":"2","description":"","caption":"","name":"brainquick-software-related-product-photo-500x400-2","status":"inherit","uploaded_to":12706,"date":"2023-09-14 18:13:12","modified":"2024-07-29 20:32:45","menu_order":0,"mime_type":"image\/png","type":"image","subtype":"png","icon":"https:\/\/natus.com\/wp-includes\/images\/media\/default.png","width":500,"height":400,"sizes":{"thumbnail":"https:\/\/natus.com\/wp-content\/uploads\/Brain-quick-EEG-Software-Related-Product-Photo-500x400-1.png","thumbnail-width":120,"thumbnail-height":96,"medium":"https:\/\/natus.com\/wp-content\/uploads\/Brain-quick-EEG-Software-Related-Product-Photo-500x400-1.png","medium-width":500,"medium-height":400,"medium_large":"https:\/\/natus.com\/wp-content\/uploads\/Brain-quick-EEG-Software-Related-Product-Photo-500x400-1.png","medium_large-width":500,"medium_large-height":400,"large":"https:\/\/natus.com\/wp-content\/uploads\/Brain-quick-EEG-Software-Related-Product-Photo-500x400-1.png","large-width":500,"large-height":400,"1536x1536":"https:\/\/natus.com\/wp-content\/uploads\/Brain-quick-EEG-Software-Related-Product-Photo-500x400-1.png","1536x1536-width":500,"1536x1536-height":400,"2048x2048":"https:\/\/natus.com\/wp-content\/uploads\/Brain-quick-EEG-Software-Related-Product-Photo-500x400-1.png","2048x2048-width":500,"2048x2048-height":400}},"title":"BRAIN QUICK\u00ae EEG Software","link":{"type":"post","value":"2575","url":"https:\/\/natus.com\/neuro\/brain-quick-eeg-software\/","name":"BRAIN QUICK\u00ae EEG Software for Ambulatory \/ LTM \/ ICU \/ NICU | Natus","title":"Mehr Erfahren","target":"_blank"}},{"label":"Routine EEG","label_background_color":"#154284","image":{"ID":5559,"id":5559,"title":"Brain Quick EEG Related Product Photo - 500x400","filename":"BQ-EEG-with-SD-PLUS-FLEXI_Related-Products-Image-500x400-1.png","filesize":157525,"url":"https:\/\/natus.com\/wp-content\/uploads\/BQ-EEG-with-SD-PLUS-FLEXI_Related-Products-Image-500x400-1.png","link":"https:\/\/natus.com\/de\/neuro\/brain-quick-ltm\/brain-quick-eeg-related-product-photo-500x400-2\/","alt":"Brain Quick EEG ","author":"2","description":"","caption":"","name":"brain-quick-eeg-related-product-photo-500x400-2","status":"inherit","uploaded_to":9315,"date":"2023-09-19 23:40:32","modified":"2024-07-26 17:05:13","menu_order":0,"mime_type":"image\/png","type":"image","subtype":"png","icon":"https:\/\/natus.com\/wp-includes\/images\/media\/default.png","width":500,"height":400,"sizes":{"thumbnail":"https:\/\/natus.com\/wp-content\/uploads\/BQ-EEG-with-SD-PLUS-FLEXI_Related-Products-Image-500x400-1.png","thumbnail-width":120,"thumbnail-height":96,"medium":"https:\/\/natus.com\/wp-content\/uploads\/BQ-EEG-with-SD-PLUS-FLEXI_Related-Products-Image-500x400-1.png","medium-width":500,"medium-height":400,"medium_large":"https:\/\/natus.com\/wp-content\/uploads\/BQ-EEG-with-SD-PLUS-FLEXI_Related-Products-Image-500x400-1.png","medium_large-width":500,"medium_large-height":400,"large":"https:\/\/natus.com\/wp-content\/uploads\/BQ-EEG-with-SD-PLUS-FLEXI_Related-Products-Image-500x400-1.png","large-width":500,"large-height":400,"1536x1536":"https:\/\/natus.com\/wp-content\/uploads\/BQ-EEG-with-SD-PLUS-FLEXI_Related-Products-Image-500x400-1.png","1536x1536-width":500,"1536x1536-height":400,"2048x2048":"https:\/\/natus.com\/wp-content\/uploads\/BQ-EEG-with-SD-PLUS-FLEXI_Related-Products-Image-500x400-1.png","2048x2048-width":500,"2048x2048-height":400}},"title":"BRAIN QUICK\u00ae EEG System","link":{"type":"post","value":"2677","url":"https:\/\/natus.com\/neuro\/brain-quick-eeg-system\/","name":"BRAIN QUICK\u00ae EEG System &#8211; Video EEG Monitoring | Natus","title":"Mehr Erfahren","target":"_blank"}}]}},{"acf_fc_layout":"contact_form","_acfe_flexible_toggle":"","contact_form_landing":{"module_options":{"":null,"module_id":"contact-neuro","module_class":"","module_background_type":"color","module_background_color":"#f1f1f1","module_background_image":false,"module_background_video":"","activate_custom_padding":false,"padding_top_desktop":"0","padding_top_tablet":"0","padding_top_mobile":"0","padding_bottom_desktop":"0","padding_bottom_tablet":"0","padding_bottom_mobile":"0","activate_custom_margin":false,"margin_top_desktop":"0","margin_top_tablet":"0","margin_top_mobile":"0","margin_bottom_desktop":"0","margin_bottom_tablet":"0","margin_bottom_mobile":"0","disable_on":[],"content_alignment_desktop":"left","content_alignment_tablet":"left","content_alignment_mobile":"left"},"":null,"activate_intro":true,"intro_text":"Kontaktieren Sie Ihren Natus-Vertreter","intro_text_color":"#005e63","intro_link":null,"activate_description":true,"description_title":"","description_copy":"Um weitere Informationen \u00fcber dieses oder andere Produkte zu erhalten, f\u00fcllen Sie bitte das nachfolgende Formular aus.","embed_code":"<script charset=\"utf-8\" type=\"text\/javascript\" src=\"\/\/js.hsforms.net\/forms\/embed\/v2.js\"><\/script>\r\n<script>\r\n  hbspt.forms.create({\r\n    region: \"na1\",\r\n    portalId: \"3002890\",\r\n    formId: \"a630c68b-d22b-4bf1-a490-5a8d8eec62b1\"\r\n  });\r\n<\/script>"}},{"acf_fc_layout":"simple_content","_acfe_flexible_toggle":"","content_full_width_landing":{"module_options":{"":null,"module_id":"n6514e87d2c178","module_class":"","module_background_type":"color","module_background_color":"","module_background_image":false,"module_background_video":"","activate_custom_padding":false,"padding_top_desktop":"0","padding_top_tablet":"0","padding_top_mobile":"0","padding_bottom_desktop":"0","padding_bottom_tablet":"0","padding_bottom_mobile":"0","activate_custom_margin":false,"margin_top_desktop":"0","margin_top_tablet":"0","margin_top_mobile":"0","margin_bottom_desktop":"0","margin_bottom_tablet":"0","margin_bottom_mobile":"0","disable_on":[],"content_alignment_desktop":"left","content_alignment_tablet":"left","content_alignment_mobile":"left"},"content":"<p><span style=\"font-size: 11px;\">049188 RevA<\/span><\/p>\n"}}],"schema_markup":[{"acf_fc_layout":"schema_markup_product","_acfe_flexible_toggle":"","schema_markup_product":{"enable_schema":true,"":null,"device_name":"Micromed\u00ae SD PLUS FLEXI EEG-Verst\u00e4rker","device_image":"https:\/\/natus.com\/wp-content\/uploads\/SD-PLUS-FLEXI_Related-Product-Image_500x400.png","device_desc":"Entdecken Sie den Micromed SD PLUS & FLEXI EEG-Verst\u00e4rker von Natus \u2013 fortschrittliche, leistungsstarke L\u00f6sungen f\u00fcr EEG-, LTM-, Intensivpflege- und Forschungsanwendungen. Kompakt, flexibel und f\u00fcr zuverl\u00e4ssige neurodiagnostische \u00dcberwachung konzipiert.","device_purpose":"","manufacturer_name":"Natus Medical Incorporated","manufacturer_url":"https:\/\/natus.com","brand_name":"Natus","page_url":"https:\/\/natus.com\/de\/neuro\/micromed-sd-plus-flexi-eeg-verstaerker\/","in_language":"de","medical_specialty":[]}}]},"_links":{"self":[{"href":"https:\/\/natus.com\/de\/wp-json\/wp\/v2\/pages\/24665","targetHints":{"allow":["GET"]}}],"collection":[{"href":"https:\/\/natus.com\/de\/wp-json\/wp\/v2\/pages"}],"about":[{"href":"https:\/\/natus.com\/de\/wp-json\/wp\/v2\/types\/page"}],"author":[{"embeddable":true,"href":"https:\/\/natus.com\/de\/wp-json\/wp\/v2\/users\/3"}],"replies":[{"embeddable":true,"href":"https:\/\/natus.com\/de\/wp-json\/wp\/v2\/comments?post=24665"}],"version-history":[{"count":7,"href":"https:\/\/natus.com\/de\/wp-json\/wp\/v2\/pages\/24665\/revisions"}],"predecessor-version":[{"id":25507,"href":"https:\/\/natus.com\/de\/wp-json\/wp\/v2\/pages\/24665\/revisions\/25507"}],"up":[{"embeddable":true,"href":"https:\/\/natus.com\/de\/wp-json\/wp\/v2\/pages\/10462"}],"wp:attachment":[{"href":"https:\/\/natus.com\/de\/wp-json\/wp\/v2\/media?parent=24665"}],"wp:term":[{"taxonomy":"category","embeddable":true,"href":"https:\/\/natus.com\/de\/wp-json\/wp\/v2\/categories?post=24665"},{"taxonomy":"post_tag","embeddable":true,"href":"https:\/\/natus.com\/de\/wp-json\/wp\/v2\/tags?post=24665"}],"curies":[{"name":"wp","href":"https:\/\/api.w.org\/{rel}","templated":true}]}}