{"id":8364,"date":"2023-07-26T14:53:54","date_gmt":"2023-07-26T14:53:54","guid":{"rendered":"https:\/\/natus.com\/support\/"},"modified":"2024-07-19T14:36:34","modified_gmt":"2024-07-19T14:36:34","slug":"support","status":"publish","type":"page","link":"https:\/\/natus.com\/de\/support\/","title":{"rendered":"Service und Support"},"content":{"rendered":"","protected":false},"excerpt":{"rendered":"","protected":false},"author":1,"featured_media":0,"parent":0,"menu_order":0,"comment_status":"closed","ping_status":"closed","template":"templates\/page-service-support.php","meta":{"_acf_changed":false,"footnotes":""},"categories":[],"tags":[],"class_list":["post-8364","page","type-page","status-publish","hentry"],"acf":{"content_blocks":[{"acf_fc_layout":"spacer","_acfe_flexible_toggle":"","spacer":{"module_options":{"":null,"module_id":"n6514b834e094f","module_class":"","module_background_type":"color","module_background_color":"#00aaa7","module_background_image":false,"module_background_video":"","activate_custom_padding":false,"padding_top_desktop":"0","padding_top_tablet":"0","padding_top_mobile":"0","padding_bottom_desktop":"0","padding_bottom_tablet":"0","padding_bottom_mobile":"0","activate_custom_margin":false,"margin_top_desktop":"0","margin_top_tablet":"0","margin_top_mobile":"0","margin_bottom_desktop":"0","margin_bottom_tablet":"0","margin_bottom_mobile":"0","disable_on":[],"content_alignment_desktop":"left","content_alignment_tablet":"left","content_alignment_mobile":"left"},"height":"300"}},{"acf_fc_layout":"service_and_support_tiles","_acfe_flexible_toggle":"","service_and_support_tiles":{"module_options":{"":null,"module_id":"n6514b834e65ab","module_class":"","module_background_type":"color","module_background_color":"","module_background_image":false,"module_background_video":"","activate_custom_padding":false,"padding_top_desktop":"0","padding_top_tablet":"0","padding_top_mobile":"0","padding_bottom_desktop":"0","padding_bottom_tablet":"0","padding_bottom_mobile":"0","activate_custom_margin":false,"margin_top_desktop":"0","margin_top_tablet":"0","margin_top_mobile":"0","margin_bottom_desktop":"0","margin_bottom_tablet":"0","margin_bottom_mobile":"0","disable_on":[],"content_alignment_desktop":"left","content_alignment_tablet":"left","content_alignment_mobile":"left"},"intro_title":"Natus Service & Support","intro_description":"Das Versprechen von Natus, hervorragende Leistungen zu erbringen, endet nicht mit dem Kauf eines Ger\u00e4ts durch den Kunden. Dieser Moment ist nur der Anfang unserer kontinuierlichen Unterst\u00fctzung. <br \/>\r\n<br \/>\r\nAls globales Unternehmen mit mehr als 80\u202fJahren Erfahrung darin, die Bed\u00fcrfnisse von \u00c4rzten auf der ganzen Welt zu erf\u00fcllen, steht Natus f\u00fcr die Qualit\u00e4t ihrer Produkte und unterst\u00fctzt durch au\u00dfergew\u00f6hnlichen Kundendienst und kontinuierlichen Support ihre Kunden bei der erfolgreichen Einf\u00fchrung und Nutzung dieser Produkte. ","tiles":[{"icon":{"ID":1065,"id":1065,"title":"customer-support-icon","filename":"customer-support-icon.svg","filesize":2419,"url":"https:\/\/natus.com\/wp-content\/uploads\/customer-support-icon.svg","link":"https:\/\/natus.com\/de\/support\/customer-support-icon-2\/","alt":"Icon - People","author":"1","description":"","caption":"","name":"customer-support-icon-2","status":"inherit","uploaded_to":8364,"date":"2023-08-07 16:05:58","modified":"2024-07-26 15:19:58","menu_order":0,"mime_type":"image\/svg+xml","type":"image","subtype":"svg+xml","icon":"https:\/\/natus.com\/wp-includes\/images\/media\/default.png","width":160,"height":160,"sizes":{"thumbnail":"https:\/\/natus.com\/wp-content\/uploads\/customer-support-icon.svg","thumbnail-width":160,"thumbnail-height":160,"medium":"https:\/\/natus.com\/wp-content\/uploads\/customer-support-icon.svg","medium-width":160,"medium-height":160,"medium_large":"https:\/\/natus.com\/wp-content\/uploads\/customer-support-icon.svg","medium_large-width":160,"medium_large-height":160,"large":"https:\/\/natus.com\/wp-content\/uploads\/customer-support-icon.svg","large-width":160,"large-height":160,"1536x1536":"https:\/\/natus.com\/wp-content\/uploads\/customer-support-icon.svg","1536x1536-width":160,"1536x1536-height":160,"2048x2048":"https:\/\/natus.com\/wp-content\/uploads\/customer-support-icon.svg","2048x2048-width":160,"2048x2048-height":160}},"title":"Kundendienst","description":"Fragen zu Ihrem Konto oder Servicevertrag, Informationen \u00fcber Natus-Produkte oder allgemeine Anfragen ","link":{"type":"post","value":"11779","url":"https:\/\/natus.com\/de\/support\/kundendienst\/","name":"Kundendienst","title":"ERSTE SCHRITTE ","target":""}},{"icon":{"ID":1071,"id":1071,"title":"technical-service-icon","filename":"technical-service-icon.svg","filesize":1368,"url":"https:\/\/natus.com\/wp-content\/uploads\/technical-service-icon.svg","link":"https:\/\/natus.com\/de\/support\/technical-service-icon-2\/","alt":"Icon - Tools","author":"1","description":"","caption":"","name":"technical-service-icon-2","status":"inherit","uploaded_to":8364,"date":"2023-08-07 16:16:54","modified":"2024-07-26 15:19:52","menu_order":0,"mime_type":"image\/svg+xml","type":"image","subtype":"svg+xml","icon":"https:\/\/natus.com\/wp-includes\/images\/media\/default.png","width":160,"height":160,"sizes":{"thumbnail":"https:\/\/natus.com\/wp-content\/uploads\/technical-service-icon.svg","thumbnail-width":160,"thumbnail-height":160,"medium":"https:\/\/natus.com\/wp-content\/uploads\/technical-service-icon.svg","medium-width":160,"medium-height":160,"medium_large":"https:\/\/natus.com\/wp-content\/uploads\/technical-service-icon.svg","medium_large-width":160,"medium_large-height":160,"large":"https:\/\/natus.com\/wp-content\/uploads\/technical-service-icon.svg","large-width":160,"large-height":160,"1536x1536":"https:\/\/natus.com\/wp-content\/uploads\/technical-service-icon.svg","1536x1536-width":160,"1536x1536-height":160,"2048x2048":"https:\/\/natus.com\/wp-content\/uploads\/technical-service-icon.svg","2048x2048-width":160,"2048x2048-height":160}},"title":"Technischer Service","description":"Fragen zu Ihrem Produkt, support f\u00fcr Ihr Natus-Produkt, einsicht in Produktgarantien","link":{"type":"post","value":"11789","url":"https:\/\/natus.com\/de\/support\/technischer-service\/","name":"Technischer Service","title":"ERSTE SCHRITTE ","target":""}},{"icon":{"ID":1076,"id":1076,"title":"service-programs-icon","filename":"service-programs-icon.svg","filesize":123258,"url":"https:\/\/natus.com\/wp-content\/uploads\/service-programs-icon.svg","link":"https:\/\/natus.com\/de\/support\/service-programs-icon-2\/","alt":"Icon - Natus Care Wax Seal","author":"1","description":"","caption":"","name":"service-programs-icon-2","status":"inherit","uploaded_to":8364,"date":"2023-08-07 16:17:09","modified":"2024-07-26 15:19:38","menu_order":0,"mime_type":"image\/svg+xml","type":"image","subtype":"svg+xml","icon":"https:\/\/natus.com\/wp-includes\/images\/media\/default.png","width":160,"height":160,"sizes":{"thumbnail":"https:\/\/natus.com\/wp-content\/uploads\/service-programs-icon.svg","thumbnail-width":160,"thumbnail-height":160,"medium":"https:\/\/natus.com\/wp-content\/uploads\/service-programs-icon.svg","medium-width":160,"medium-height":160,"medium_large":"https:\/\/natus.com\/wp-content\/uploads\/service-programs-icon.svg","medium_large-width":160,"medium_large-height":160,"large":"https:\/\/natus.com\/wp-content\/uploads\/service-programs-icon.svg","large-width":160,"large-height":160,"1536x1536":"https:\/\/natus.com\/wp-content\/uploads\/service-programs-icon.svg","1536x1536-width":160,"1536x1536-height":160,"2048x2048":"https:\/\/natus.com\/wp-content\/uploads\/service-programs-icon.svg","2048x2048-width":160,"2048x2048-height":160}},"title":"Service-Programme","description":"Erfahren Sie mehr \u00fcber die Natus FlexSelect Abonnement- und Natus Care Serviceprogramme ","link":{"type":"post","value":"11793","url":"https:\/\/natus.com\/de\/support\/service-programme\/","name":"Service-Programme","title":"ERSTE SCHRITTE ","target":""}},{"icon":{"ID":1081,"id":1081,"title":"natus-trust-center-icon","filename":"natus-trust-center-icon.svg","filesize":2718,"url":"https:\/\/natus.com\/wp-content\/uploads\/natus-trust-center-icon.svg","link":"https:\/\/natus.com\/de\/support\/natus-trust-center-icon-2\/","alt":"Icon - Shaking Hands","author":"1","description":"","caption":"","name":"natus-trust-center-icon-2","status":"inherit","uploaded_to":8364,"date":"2023-08-07 16:17:25","modified":"2024-07-26 15:19:15","menu_order":0,"mime_type":"image\/svg+xml","type":"image","subtype":"svg+xml","icon":"https:\/\/natus.com\/wp-includes\/images\/media\/default.png","width":160,"height":160,"sizes":{"thumbnail":"https:\/\/natus.com\/wp-content\/uploads\/natus-trust-center-icon.svg","thumbnail-width":160,"thumbnail-height":160,"medium":"https:\/\/natus.com\/wp-content\/uploads\/natus-trust-center-icon.svg","medium-width":160,"medium-height":160,"medium_large":"https:\/\/natus.com\/wp-content\/uploads\/natus-trust-center-icon.svg","medium_large-width":160,"medium_large-height":160,"large":"https:\/\/natus.com\/wp-content\/uploads\/natus-trust-center-icon.svg","large-width":160,"large-height":160,"1536x1536":"https:\/\/natus.com\/wp-content\/uploads\/natus-trust-center-icon.svg","1536x1536-width":160,"1536x1536-height":160,"2048x2048":"https:\/\/natus.com\/wp-content\/uploads\/natus-trust-center-icon.svg","2048x2048-width":160,"2048x2048-height":160}},"title":"Natus Trust Center","description":"Erfahren Sie mehr \u00fcber das Natus Product Security Program, laden Sie Sicherheits-Bulletins herunter ","link":{"type":"post","value":"11797","url":"https:\/\/natus.com\/de\/support\/natus-trust-center\/","name":"Natus Trust Center","title":"ERSTE SCHRITTE","target":""}},{"icon":{"ID":1086,"id":1086,"title":"product-knowledge-center-icon","filename":"product-knowledge-center-icon.svg","filesize":1320,"url":"https:\/\/natus.com\/wp-content\/uploads\/product-knowledge-center-icon.svg","link":"https:\/\/natus.com\/de\/support\/product-knowledge-center-icon-2\/","alt":"Document Page Icon","author":"1","description":"","caption":"","name":"product-knowledge-center-icon-2","status":"inherit","uploaded_to":8364,"date":"2023-08-07 16:17:42","modified":"2024-07-26 15:18:57","menu_order":0,"mime_type":"image\/svg+xml","type":"image","subtype":"svg+xml","icon":"https:\/\/natus.com\/wp-includes\/images\/media\/default.png","width":160,"height":160,"sizes":{"thumbnail":"https:\/\/natus.com\/wp-content\/uploads\/product-knowledge-center-icon.svg","thumbnail-width":160,"thumbnail-height":160,"medium":"https:\/\/natus.com\/wp-content\/uploads\/product-knowledge-center-icon.svg","medium-width":160,"medium-height":160,"medium_large":"https:\/\/natus.com\/wp-content\/uploads\/product-knowledge-center-icon.svg","medium_large-width":160,"medium_large-height":160,"large":"https:\/\/natus.com\/wp-content\/uploads\/product-knowledge-center-icon.svg","large-width":160,"large-height":160,"1536x1536":"https:\/\/natus.com\/wp-content\/uploads\/product-knowledge-center-icon.svg","1536x1536-width":160,"1536x1536-height":160,"2048x2048":"https:\/\/natus.com\/wp-content\/uploads\/product-knowledge-center-icon.svg","2048x2048-width":160,"2048x2048-height":160}},"title":"Product Knowledge Center","description":"Finden Sie Informationen \u00fcber Ihr Produkt, rufen Sie die Gebrauchsanweisung auf ","link":{"type":"url","value":"https:\/\/natus.bynder.com\/web\/3109238f80bad185\/product-knowledge-center\/","url":"https:\/\/natus.bynder.com\/web\/3109238f80bad185\/product-knowledge-center\/","name":"https:\/\/natus.bynder.com\/web\/3109238f80bad185\/product-knowledge-center\/","title":"ERSTE SCHRITTE ","target":""}},{"icon":{"ID":1091,"id":1091,"title":"software-download-center-icon","filename":"software-download-center-icon.svg","filesize":823,"url":"https:\/\/natus.com\/wp-content\/uploads\/software-download-center-icon.svg","link":"https:\/\/natus.com\/de\/support\/software-download-center-icon-2\/","alt":"Software Download Icon","author":"1","description":"","caption":"","name":"software-download-center-icon-2","status":"inherit","uploaded_to":8364,"date":"2023-08-07 16:17:58","modified":"2024-07-26 15:18:39","menu_order":0,"mime_type":"image\/svg+xml","type":"image","subtype":"svg+xml","icon":"https:\/\/natus.com\/wp-includes\/images\/media\/default.png","width":160,"height":160,"sizes":{"thumbnail":"https:\/\/natus.com\/wp-content\/uploads\/software-download-center-icon.svg","thumbnail-width":160,"thumbnail-height":160,"medium":"https:\/\/natus.com\/wp-content\/uploads\/software-download-center-icon.svg","medium-width":160,"medium-height":160,"medium_large":"https:\/\/natus.com\/wp-content\/uploads\/software-download-center-icon.svg","medium_large-width":160,"medium_large-height":160,"large":"https:\/\/natus.com\/wp-content\/uploads\/software-download-center-icon.svg","large-width":160,"large-height":160,"1536x1536":"https:\/\/natus.com\/wp-content\/uploads\/software-download-center-icon.svg","1536x1536-width":160,"1536x1536-height":160,"2048x2048":"https:\/\/natus.com\/wp-content\/uploads\/software-download-center-icon.svg","2048x2048-width":160,"2048x2048-height":160}},"title":"Software Download Center","description":"Laden Sie die neuesten Softwareversionen f\u00fcr Ihr Natus-Produkt herunter ","link":{"type":"url","value":"https:\/\/natus.bynder.com\/web\/276e6331d0e588c8\/resource-library-software\/","url":"https:\/\/natus.bynder.com\/web\/276e6331d0e588c8\/resource-library-software\/","name":"https:\/\/natus.bynder.com\/web\/276e6331d0e588c8\/resource-library-software\/","title":"ERSTE SCHRITTE","target":"_blank"}}]}},{"acf_fc_layout":"product_manuals_eifus","_acfe_flexible_toggle":"","left_image_right_content_single_cta_landing":{"module_options":{"":null,"module_id":"n6514b8371d569","module_class":"","module_background_type":"color","module_background_color":"","module_background_image":false,"module_background_video":"","activate_custom_padding":false,"padding_top_desktop":"0","padding_top_tablet":"0","padding_top_mobile":"0","padding_bottom_desktop":"0","padding_bottom_tablet":"0","padding_bottom_mobile":"0","activate_custom_margin":false,"margin_top_desktop":"0","margin_top_tablet":"0","margin_top_mobile":"0","margin_bottom_desktop":"0","margin_bottom_tablet":"0","margin_bottom_mobile":"0","disable_on":[],"content_alignment_desktop":"left","content_alignment_tablet":"left","content_alignment_mobile":"left"},"":null,"image":{"ID":4337,"id":4337,"title":"Doctor on a tablet 800x450","filename":"Doctor-on-a-tablet-800x450-1.png","filesize":433489,"url":"https:\/\/natus.com\/wp-content\/uploads\/Doctor-on-a-tablet-800x450-1.png","link":"https:\/\/natus.com\/de\/support\/doctor-on-a-tablet-800x450-2\/","alt":"Doctor on a tablet","author":"2","description":"","caption":"","name":"doctor-on-a-tablet-800x450-2","status":"inherit","uploaded_to":8364,"date":"2023-09-14 19:11:09","modified":"2024-07-29 20:27:08","menu_order":0,"mime_type":"image\/png","type":"image","subtype":"png","icon":"https:\/\/natus.com\/wp-includes\/images\/media\/default.png","width":800,"height":450,"sizes":{"thumbnail":"https:\/\/natus.com\/wp-content\/uploads\/Doctor-on-a-tablet-800x450-1.png","thumbnail-width":128,"thumbnail-height":72,"medium":"https:\/\/natus.com\/wp-content\/uploads\/Doctor-on-a-tablet-800x450-1.png","medium-width":800,"medium-height":450,"medium_large":"https:\/\/natus.com\/wp-content\/uploads\/Doctor-on-a-tablet-800x450-1-768x432.png","medium_large-width":768,"medium_large-height":432,"large":"https:\/\/natus.com\/wp-content\/uploads\/Doctor-on-a-tablet-800x450-1.png","large-width":800,"large-height":450,"1536x1536":"https:\/\/natus.com\/wp-content\/uploads\/Doctor-on-a-tablet-800x450-1.png","1536x1536-width":800,"1536x1536-height":450,"2048x2048":"https:\/\/natus.com\/wp-content\/uploads\/Doctor-on-a-tablet-800x450-1.png","2048x2048-width":800,"2048x2048-height":450}},"activate_image_caption":false,"image_caption_icon":false,"image_caption_title":"","image_caption_description":"","label":"Downloads","title":"Product Knowledge Center","description":"<p>Suchen Sie nach Produkthandb\u00fcchern oder Gebrauchsanweisungen f\u00fcr Ihr Natus-Produkt? Besuchen Sie unser Produkt-Wissenszentrum.<\/p>\n<p>&nbsp;<\/p>\n<p><a href=\"https:\/\/natus.bynder.com\/web\/6b2b59adbe92f133\/archived-product-manuals-\/\">Um fr\u00fchere Versionen der eIFUs f\u00fcr Produkte einzusehen, klicken Sie hier.<\/a><\/p>\n","link":{"type":"url","value":"https:\/\/natus.bynder.com\/web\/3109238f80bad185\/product-knowledge-center\/","url":"https:\/\/natus.bynder.com\/web\/3109238f80bad185\/product-knowledge-center\/","name":"https:\/\/natus.bynder.com\/web\/3109238f80bad185\/product-knowledge-center\/","title":"ZUGANG","target":"_blank"}}},{"acf_fc_layout":"product_manuals_eifus","_acfe_flexible_toggle":"","left_image_right_content_single_cta_landing":{"module_options":{"":null,"module_id":"n6514b837563ca","module_class":"","module_background_type":"color","module_background_color":"","module_background_image":false,"module_background_video":"","activate_custom_padding":false,"padding_top_desktop":"0","padding_top_tablet":"0","padding_top_mobile":"0","padding_bottom_desktop":"0","padding_bottom_tablet":"0","padding_bottom_mobile":"0","activate_custom_margin":false,"margin_top_desktop":"0","margin_top_tablet":"0","margin_top_mobile":"0","margin_bottom_desktop":"0","margin_bottom_tablet":"0","margin_bottom_mobile":"0","disable_on":[],"content_alignment_desktop":"left","content_alignment_tablet":"left","content_alignment_mobile":"left"},"":null,"image":{"ID":7507,"id":7507,"title":"Doctors collaboration 2 800x450","filename":"Doctors-collaboration-2-800x450-1.png","filesize":548713,"url":"https:\/\/natus.com\/wp-content\/uploads\/Doctors-collaboration-2-800x450-1.png","link":"https:\/\/natus.com\/de\/support\/doctors-collaboration-2-800x450-2\/","alt":"Doctors collaboration 2","author":"2","description":"","caption":"","name":"doctors-collaboration-2-800x450-2","status":"inherit","uploaded_to":8364,"date":"2023-09-26 21:43:28","modified":"2024-07-26 15:29:50","menu_order":0,"mime_type":"image\/png","type":"image","subtype":"png","icon":"https:\/\/natus.com\/wp-includes\/images\/media\/default.png","width":800,"height":450,"sizes":{"thumbnail":"https:\/\/natus.com\/wp-content\/uploads\/Doctors-collaboration-2-800x450-1.png","thumbnail-width":128,"thumbnail-height":72,"medium":"https:\/\/natus.com\/wp-content\/uploads\/Doctors-collaboration-2-800x450-1.png","medium-width":800,"medium-height":450,"medium_large":"https:\/\/natus.com\/wp-content\/uploads\/Doctors-collaboration-2-800x450-1-768x432.png","medium_large-width":768,"medium_large-height":432,"large":"https:\/\/natus.com\/wp-content\/uploads\/Doctors-collaboration-2-800x450-1.png","large-width":800,"large-height":450,"1536x1536":"https:\/\/natus.com\/wp-content\/uploads\/Doctors-collaboration-2-800x450-1.png","1536x1536-width":800,"1536x1536-height":450,"2048x2048":"https:\/\/natus.com\/wp-content\/uploads\/Doctors-collaboration-2-800x450-1.png","2048x2048-width":800,"2048x2048-height":450}},"activate_image_caption":false,"image_caption_icon":false,"image_caption_title":"","image_caption_description":"","label":"Downloads","title":"Produktgarantien","description":"<p>M\u00f6chten Sie auf Produktgarantien zugreifen oder die Allgemeinen Gesch\u00e4ftsbedingungen von Natus einsehen?<\/p>\n","link":{"type":"post","value":"11879","url":"https:\/\/natus.com\/de\/support\/produktgarantien\/","name":"Produktgarantien","title":"ZUGANG","target":"_blank"}}},{"acf_fc_layout":"carousel_slider","_acfe_flexible_toggle":"","slider_2columns_landing":{"module_options":{"":null,"module_id":"n6514b837cce13","module_class":"","module_background_type":"color","module_background_color":"","module_background_image":false,"module_background_video":"","activate_custom_padding":false,"padding_top_desktop":"0","padding_top_tablet":"0","padding_top_mobile":"0","padding_bottom_desktop":"0","padding_bottom_tablet":"0","padding_bottom_mobile":"0","activate_custom_margin":false,"margin_top_desktop":"0","margin_top_tablet":"0","margin_top_mobile":"0","margin_bottom_desktop":"0","margin_bottom_tablet":"0","margin_bottom_mobile":"0","disable_on":[],"content_alignment_desktop":"left","content_alignment_tablet":"left","content_alignment_mobile":"left"},"autoplay":"true","autoplay_interval":"2500","slider":[{"slide":[{"acf_fc_layout":"text","label":"Natus","title":"Natus Service-Exzellenz","description":"Eine F\u00fchrungsrolle in einer Branche erfordert Innovation. Wir haben unseren Kundendienst erheblich verbessert, damit Sie sich darauf verlassen k\u00f6nnen, dass Natus Ihnen vollstes Vertrauen in die Leistung Ihres Systems gibt, ganz gleich, wo Sie praktizieren. ","link":{"type":"post","value":"6685","url":"https:\/\/natus.com\/service-excellence\/","name":"Service Excellence","title":"Mehr Erfahren","target":"_blank"}},{"acf_fc_layout":"image","image":{"ID":6569,"id":6569,"title":"Service Excellence Carousel Image","filename":"Service-Excellence-Carousel-Image.png","filesize":377242,"url":"https:\/\/natus.com\/wp-content\/uploads\/Service-Excellence-Carousel-Image.png","link":"https:\/\/natus.com\/de\/support\/service-excellence-carousel-image-2\/","alt":"Global image","author":"2","description":"","caption":"","name":"service-excellence-carousel-image-2","status":"inherit","uploaded_to":8364,"date":"2023-09-22 17:43:51","modified":"2024-07-26 16:10:07","menu_order":0,"mime_type":"image\/png","type":"image","subtype":"png","icon":"https:\/\/natus.com\/wp-includes\/images\/media\/default.png","width":630,"height":440,"sizes":{"thumbnail":"https:\/\/natus.com\/wp-content\/uploads\/Service-Excellence-Carousel-Image.png","thumbnail-width":128,"thumbnail-height":89,"medium":"https:\/\/natus.com\/wp-content\/uploads\/Service-Excellence-Carousel-Image.png","medium-width":630,"medium-height":440,"medium_large":"https:\/\/natus.com\/wp-content\/uploads\/Service-Excellence-Carousel-Image.png","medium_large-width":630,"medium_large-height":440,"large":"https:\/\/natus.com\/wp-content\/uploads\/Service-Excellence-Carousel-Image.png","large-width":630,"large-height":440,"1536x1536":"https:\/\/natus.com\/wp-content\/uploads\/Service-Excellence-Carousel-Image.png","1536x1536-width":630,"1536x1536-height":440,"2048x2048":"https:\/\/natus.com\/wp-content\/uploads\/Service-Excellence-Carousel-Image.png","2048x2048-width":630,"2048x2048-height":440}}}],"interval":""}]}},{"acf_fc_layout":"contact_form","_acfe_flexible_toggle":"","contact_form_landing":{"module_options":{"":null,"module_id":"n6514b839d64c3","module_class":"","module_background_type":"color","module_background_color":"","module_background_image":false,"module_background_video":"","activate_custom_padding":false,"padding_top_desktop":"0","padding_top_tablet":"0","padding_top_mobile":"0","padding_bottom_desktop":"0","padding_bottom_tablet":"0","padding_bottom_mobile":"0","activate_custom_margin":false,"margin_top_desktop":"0","margin_top_tablet":"0","margin_top_mobile":"0","margin_bottom_desktop":"0","margin_bottom_tablet":"0","margin_bottom_mobile":"0","disable_on":[],"content_alignment_desktop":"left","content_alignment_tablet":"left","content_alignment_mobile":"left"},"":null,"activate_intro":false,"intro_text":"","intro_text_color":"","intro_link":null,"activate_description":true,"description_title":"Sie finden nicht das, wonach Sie suchen? ","description_copy":"Wir sind stets f\u00fcr Sie da. Bitte f\u00fcllen Sie das nachstehende Formular aus. Ein Natus-Mitarbeiter wird sich mit Ihnen in Verbindung setzen. ","embed_code":"<script charset=\"utf-8\" type=\"text\/javascript\" src=\"\/\/js.hsforms.net\/forms\/embed\/v2.js\"><\/script>\r\n<script>\r\n  hbspt.forms.create({\r\n    region: \"na1\",\r\n    portalId: \"3002890\",\r\n    formId: \"908f7c1d-382e-4165-b6f4-a0c5aa2a23f3\"\r\n  });\r\n<\/script>"}}]},"_links":{"self":[{"href":"https:\/\/natus.com\/de\/wp-json\/wp\/v2\/pages\/8364","targetHints":{"allow":["GET"]}}],"collection":[{"href":"https:\/\/natus.com\/de\/wp-json\/wp\/v2\/pages"}],"about":[{"href":"https:\/\/natus.com\/de\/wp-json\/wp\/v2\/types\/page"}],"author":[{"embeddable":true,"href":"https:\/\/natus.com\/de\/wp-json\/wp\/v2\/users\/1"}],"replies":[{"embeddable":true,"href":"https:\/\/natus.com\/de\/wp-json\/wp\/v2\/comments?post=8364"}],"version-history":[{"count":6,"href":"https:\/\/natus.com\/de\/wp-json\/wp\/v2\/pages\/8364\/revisions"}],"predecessor-version":[{"id":20819,"href":"https:\/\/natus.com\/de\/wp-json\/wp\/v2\/pages\/8364\/revisions\/20819"}],"wp:attachment":[{"href":"https:\/\/natus.com\/de\/wp-json\/wp\/v2\/media?parent=8364"}],"wp:term":[{"taxonomy":"category","embeddable":true,"href":"https:\/\/natus.com\/de\/wp-json\/wp\/v2\/categories?post=8364"},{"taxonomy":"post_tag","embeddable":true,"href":"https:\/\/natus.com\/de\/wp-json\/wp\/v2\/tags?post=8364"}],"curies":[{"name":"wp","href":"https:\/\/api.w.org\/{rel}","templated":true}]}}