{"id":8734,"date":"2023-09-08T19:35:21","date_gmt":"2023-09-08T19:35:21","guid":{"rendered":"https:\/\/natus.com\/natus-ultra-disposable-monopolar-needle-electrodes\/"},"modified":"2024-07-02T19:17:44","modified_gmt":"2024-07-02T19:17:44","slug":"natus-ultra-einmal-verwendbare-monopolare-nadelelektroden-mit-angeschlossenem-kabel","status":"publish","type":"page","link":"https:\/\/natus.com\/de\/neuro\/natus-ultra-einmal-verwendbare-monopolare-nadelelektroden-mit-angeschlossenem-kabel\/","title":{"rendered":"Natus\u00ae Ultra einmal verwendbare monopolare Nadelelektroden mit angeschlossenem Kabel"},"content":{"rendered":"","protected":false},"excerpt":{"rendered":"","protected":false},"author":3,"featured_media":0,"parent":10462,"menu_order":0,"comment_status":"closed","ping_status":"closed","template":"templates\/page-neuro-solutions-product-landing.php","meta":{"_acf_changed":false,"footnotes":""},"categories":[169,202],"tags":[460,186],"class_list":["post-8734","page","type-page","status-publish","hentry","category-elektromyografie-emg-de","category-neurodiagnostik-bedarf-de","tag-emg-supplies-de","tag-emg-lieferungen"],"acf":{"content_blocks":[{"acf_fc_layout":"spacer","_acfe_flexible_toggle":"","spacer":{"module_options":{"":null,"module_id":"n64babb6de86c1","module_class":"","module_background_type":"color","module_background_color":"#00aaa7","module_background_image":false,"module_background_video":"","activate_custom_padding":false,"padding_top_desktop":"0","padding_top_tablet":"0","padding_top_mobile":"0","padding_bottom_desktop":"0","padding_bottom_tablet":"0","padding_bottom_mobile":"0","activate_custom_margin":false,"margin_top_desktop":"0","margin_top_tablet":"0","margin_top_mobile":"0","margin_bottom_desktop":"0","margin_bottom_tablet":"0","margin_bottom_mobile":"0","disable_on":[],"content_alignment_desktop":"left","content_alignment_tablet":"left","content_alignment_mobile":"left"},"height":"270"}},{"acf_fc_layout":"intro_with_sticky_image","_acfe_flexible_toggle":"","left_content_right_image_sticky":{"module_options":{"":null,"module_id":"n64bfe3c147dc3","module_class":"","module_background_type":"color","module_background_color":"#f1f1f1","module_background_image":false,"module_background_video":"","activate_custom_padding":false,"padding_top_desktop":"0","padding_top_tablet":"0","padding_top_mobile":"0","padding_bottom_desktop":"0","padding_bottom_tablet":"0","padding_bottom_mobile":"0","activate_custom_margin":false,"margin_top_desktop":"0","margin_top_tablet":"0","margin_top_mobile":"0","margin_bottom_desktop":"0","margin_bottom_tablet":"0","margin_bottom_mobile":"0","disable_on":[],"content_alignment_desktop":"left","content_alignment_tablet":"left","content_alignment_mobile":"left"},"":null,"title":"Natus\u00ae Ultra einmal verwendbare monopolare Nadelelektroden mit angeschlossenem Kabel","subheader":"<p>Einmal verwendbare, monopolare Natus Ultra EMG-Nadelelektroden sind f\u00fcr den Einsatz mit Aufzeichnungs-, \u00dcberwachungs- und Stimulations-\/Aufzeichnungsger\u00e4ten bei der Stimulation\/Aufzeichnung von Biopotentialsignalen einschlie\u00dflich Elektromyographie- (EMG),\u00a0Nervenpotential- und Elektroenzephalographiesignalen (EEG) vorgesehen. Die angeschlossenen Kabel f\u00f6rdern die klinische Effizienz und Infektionskontrolle.<\/p>\n<ul>\n<li>Komplett entsorgbar; angeschlossenes Kabel reduziert die Einrichtungszeit und das Infektionspotential<\/li>\n<li>Beschichtete Edelstahlnadel mit ultrascharfer Spitze erleichtert den Einstich und erh\u00f6ht den Patientenkomfort<\/li>\n<li>Reibungsarme Beschichtung erm\u00f6glicht einfache Neupositionierung<\/li>\n<li>Farbcodierung nach Nadelgr\u00f6\u00dfe sorgt f\u00fcr einfache Identifikation<\/li>\n<li>Steril; einzeln verpackt in versiegelten Beuteln<\/li>\n<li>Praktisches Online-Portal &#8211; <a href=\"https:\/\/natus.com\/de\/natus-medical-stores\/\">Natus Medical Store<\/a> (nicht in allen L\u00e4ndern verf\u00fcgbar)<\/li>\n<\/ul>\n<p><span style=\"font-size: 11px;\">Nicht in allen L\u00e4ndern erh\u00e4ltlich. Verf\u00fcgbarkeit auf Anfrage bei Ihrem zust\u00e4ndigen Vertriebsmitarbeiter.<\/span><\/p>\n","icons":[{"icon":{"ID":2226,"id":2226,"title":"icon-feature","filename":"icon-feature.png","filesize":1408,"url":"https:\/\/natus.com\/wp-content\/uploads\/icon-feature.png","link":"https:\/\/natus.com\/de\/neuro\/dantec-clavis-emg-handgeraet\/icon-feature-2\/","alt":"star","author":"2","description":"Icon - Star","caption":"","name":"icon-feature-2","status":"inherit","uploaded_to":8727,"date":"2023-09-07 22:27:26","modified":"2024-07-29 21:19:16","menu_order":0,"mime_type":"image\/png","type":"image","subtype":"png","icon":"https:\/\/natus.com\/wp-includes\/images\/media\/default.png","width":43,"height":41,"sizes":{"thumbnail":"https:\/\/natus.com\/wp-content\/uploads\/icon-feature.png","thumbnail-width":43,"thumbnail-height":41,"medium":"https:\/\/natus.com\/wp-content\/uploads\/icon-feature.png","medium-width":43,"medium-height":41,"medium_large":"https:\/\/natus.com\/wp-content\/uploads\/icon-feature.png","medium_large-width":43,"medium_large-height":41,"large":"https:\/\/natus.com\/wp-content\/uploads\/icon-feature.png","large-width":43,"large-height":41,"1536x1536":"https:\/\/natus.com\/wp-content\/uploads\/icon-feature.png","1536x1536-width":43,"1536x1536-height":41,"2048x2048":"https:\/\/natus.com\/wp-content\/uploads\/icon-feature.png","2048x2048-width":43,"2048x2048-height":41}},"icon_description":"Farbcodierte <br \/>\r\nNabe"},{"icon":{"ID":1942,"id":1942,"title":"icon-flag","filename":"icon-flag.png","filesize":664,"url":"https:\/\/natus.com\/wp-content\/uploads\/icon-flag.png","link":"https:\/\/natus.com\/de\/neuro\/dantec-clavis-emg-handgeraet\/icon-flag-2\/","alt":"Icon - Flag","author":"2","description":"","caption":"","name":"icon-flag-2","status":"inherit","uploaded_to":8727,"date":"2023-09-01 19:14:05","modified":"2024-07-29 21:19:56","menu_order":0,"mime_type":"image\/png","type":"image","subtype":"png","icon":"https:\/\/natus.com\/wp-includes\/images\/media\/default.png","width":30,"height":42,"sizes":{"thumbnail":"https:\/\/natus.com\/wp-content\/uploads\/icon-flag.png","thumbnail-width":30,"thumbnail-height":42,"medium":"https:\/\/natus.com\/wp-content\/uploads\/icon-flag.png","medium-width":30,"medium-height":42,"medium_large":"https:\/\/natus.com\/wp-content\/uploads\/icon-flag.png","medium_large-width":30,"medium_large-height":42,"large":"https:\/\/natus.com\/wp-content\/uploads\/icon-flag.png","large-width":30,"large-height":42,"1536x1536":"https:\/\/natus.com\/wp-content\/uploads\/icon-flag.png","1536x1536-width":30,"1536x1536-height":42,"2048x2048":"https:\/\/natus.com\/wp-content\/uploads\/icon-flag.png","2048x2048-width":30,"2048x2048-height":42}},"icon_description":"Sterilisiert"},{"icon":{"ID":2387,"id":2387,"title":"icon-database","filename":"icon-database.png","filesize":1665,"url":"https:\/\/natus.com\/wp-content\/uploads\/icon-database.png","link":"https:\/\/natus.com\/de\/neuro\/icon-database-2\/","alt":"Icon - Database","author":"2","description":"","caption":"","name":"icon-database-2","status":"inherit","uploaded_to":10462,"date":"2023-09-08 16:17:27","modified":"2024-07-29 21:17:23","menu_order":0,"mime_type":"image\/png","type":"image","subtype":"png","icon":"https:\/\/natus.com\/wp-includes\/images\/media\/default.png","width":35,"height":44,"sizes":{"thumbnail":"https:\/\/natus.com\/wp-content\/uploads\/icon-database.png","thumbnail-width":35,"thumbnail-height":44,"medium":"https:\/\/natus.com\/wp-content\/uploads\/icon-database.png","medium-width":35,"medium-height":44,"medium_large":"https:\/\/natus.com\/wp-content\/uploads\/icon-database.png","medium_large-width":35,"medium_large-height":44,"large":"https:\/\/natus.com\/wp-content\/uploads\/icon-database.png","large-width":35,"large-height":44,"1536x1536":"https:\/\/natus.com\/wp-content\/uploads\/icon-database.png","1536x1536-width":35,"1536x1536-height":44,"2048x2048":"https:\/\/natus.com\/wp-content\/uploads\/icon-database.png","2048x2048-width":35,"2048x2048-height":44}},"icon_description":"Komplett <br \/>\r\nEntsorgbar"}],"quick_navigation":[{"quick_link":{"type":"url","value":"#n64bfae7691acd","url":"#n64bfae7691acd","name":"#n64bfae7691acd","title":"Kontaktieren Sie Ihren Natus-Vertreter","target":""}},{"quick_link":{"type":"url","value":"#n64be98eed01eb","url":"#n64be98eed01eb","name":"#n64be98eed01eb","title":"Mehr Details erkunden","target":""}}],"description":"","message_label":"Service und Unterst\u00fctzung","message_title":"Suchen Sie einen Neuro-Produktservice oder technische Unterst\u00fctzung?","message_link":{"type":"post","value":"8364","url":"https:\/\/natus.com\/de\/support\/","name":"Service und Support","title":"Natus Service und Unterst\u00fctzung","target":""},"right_sticky_image":{"ID":3321,"id":3321,"title":"Ultra-Disp-with-Leads_Main-Image-1","filename":"Ultra-Disp-with-Leads_Main-Image-1.png","filesize":37314,"url":"https:\/\/natus.com\/wp-content\/uploads\/Ultra-Disp-with-Leads_Main-Image-1.png","link":"https:\/\/natus.com\/de\/neuro\/natus-ultra-einmal-verwendbare-monopolare-nadelelektroden-mit-angeschlossenem-kabel\/ultra-disp-with-leads_main-image-1\/","alt":"Natus Monopolar Needles ","author":"2","description":"","caption":"","name":"ultra-disp-with-leads_main-image-1","status":"inherit","uploaded_to":8734,"date":"2023-09-12 03:51:24","modified":"2024-07-29 21:02:53","menu_order":0,"mime_type":"image\/png","type":"image","subtype":"png","icon":"https:\/\/natus.com\/wp-includes\/images\/media\/default.png","width":500,"height":403,"sizes":{"thumbnail":"https:\/\/natus.com\/wp-content\/uploads\/Ultra-Disp-with-Leads_Main-Image-1.png","thumbnail-width":119,"thumbnail-height":96,"medium":"https:\/\/natus.com\/wp-content\/uploads\/Ultra-Disp-with-Leads_Main-Image-1.png","medium-width":500,"medium-height":403,"medium_large":"https:\/\/natus.com\/wp-content\/uploads\/Ultra-Disp-with-Leads_Main-Image-1.png","medium_large-width":500,"medium_large-height":403,"large":"https:\/\/natus.com\/wp-content\/uploads\/Ultra-Disp-with-Leads_Main-Image-1.png","large-width":500,"large-height":403,"1536x1536":"https:\/\/natus.com\/wp-content\/uploads\/Ultra-Disp-with-Leads_Main-Image-1.png","1536x1536-width":500,"1536x1536-height":403,"2048x2048":"https:\/\/natus.com\/wp-content\/uploads\/Ultra-Disp-with-Leads_Main-Image-1.png","2048x2048-width":500,"2048x2048-height":403}}}},{"acf_fc_layout":"product_information","_acfe_flexible_toggle":"","left_accordion_right_image_landing":{"module_options":{"":null,"module_id":"n64be98eed01eb","module_class":"","module_background_type":"color","module_background_color":"#f1f1f1","module_background_image":false,"module_background_video":"","activate_custom_padding":false,"padding_top_desktop":"0","padding_top_tablet":"0","padding_top_mobile":"0","padding_bottom_desktop":"0","padding_bottom_tablet":"0","padding_bottom_mobile":"0","activate_custom_margin":false,"margin_top_desktop":"0","margin_top_tablet":"0","margin_top_mobile":"0","margin_bottom_desktop":"0","margin_bottom_tablet":"0","margin_bottom_mobile":"0","disable_on":[],"content_alignment_desktop":"left","content_alignment_tablet":"left","content_alignment_mobile":"left"},"intro":"Informationen zum Produkt","description":"","accordion":[{"title":"Spezifikationen","accordion_content":[{"acf_fc_layout":"left_content_right_image","accordion_description":"<p><strong>Elektrode<\/strong><\/p>\n<ul>\n<li><strong>Nadel:<\/strong>\u00a0Edelstahl<\/li>\n<li><strong>Nadelbeschichtung:<\/strong>\u00a0PTFE gr\u00fcn<\/li>\n<li><strong>Ansatz:<\/strong>\u00a0Gold, Messing, vernickelt<\/li>\n<li><strong>Farbige Ansatzabdeckung:<\/strong>\u00a0PA-6<\/li>\n<li><strong>Schutzh\u00fclse:<\/strong>\u00a0Polyethylen<\/li>\n<li><strong>Kabelader:<\/strong>\u00a0Kupfer<\/li>\n<li><strong>Kabelisolation:<\/strong>\u00a0PVC<\/li>\n<li><strong>Steckertyp:<\/strong>\u00a01,5 mm ber\u00fchrungssicherer Anschluss, isoliert (DIN 42802)<\/li>\n<\/ul>\n<p><strong>Verpackung<\/strong><\/p>\n<ul>\n<li><strong>Menge:<\/strong>\u00a024 Nadeln\/Karton<\/li>\n<\/ul>\n<p><img loading=\"lazy\" decoding=\"async\" class=\"alignnone size-full wp-image-2523\" src=\"https:\/\/natus.com\/wp-content\/uploads\/natus_ultra_disposable_needle_electrode.jpg\" alt=\"\" width=\"431\" height=\"306\" \/><\/p>\n","accordion_image":{"ID":2530,"id":2530,"title":"natus_ultra_disposable_needle_electrode_tip","filename":"natus_ultra_disposable_needle_electrode_tip.jpg","filesize":45074,"url":"https:\/\/natus.com\/wp-content\/uploads\/natus_ultra_disposable_needle_electrode_tip.jpg","link":"https:\/\/natus.com\/de\/neuro\/natus-ultra-einmal-verwendbare-monopolare-nadelelektroden-mit-angeschlossenem-kabel\/natus_ultra_disposable_needle_electrode_tip-2\/","alt":"Natus\u00ae Ultra Disposable Monopolar Needle Electrode  tip","author":"3","description":"","caption":"","name":"natus_ultra_disposable_needle_electrode_tip-2","status":"inherit","uploaded_to":8734,"date":"2023-09-08 19:33:38","modified":"2024-07-29 21:15:35","menu_order":0,"mime_type":"image\/jpeg","type":"image","subtype":"jpeg","icon":"https:\/\/natus.com\/wp-includes\/images\/media\/default.png","width":247,"height":246,"sizes":{"thumbnail":"https:\/\/natus.com\/wp-content\/uploads\/natus_ultra_disposable_needle_electrode_tip.jpg","thumbnail-width":96,"thumbnail-height":96,"medium":"https:\/\/natus.com\/wp-content\/uploads\/natus_ultra_disposable_needle_electrode_tip.jpg","medium-width":247,"medium-height":246,"medium_large":"https:\/\/natus.com\/wp-content\/uploads\/natus_ultra_disposable_needle_electrode_tip.jpg","medium_large-width":247,"medium_large-height":246,"large":"https:\/\/natus.com\/wp-content\/uploads\/natus_ultra_disposable_needle_electrode_tip.jpg","large-width":247,"large-height":246,"1536x1536":"https:\/\/natus.com\/wp-content\/uploads\/natus_ultra_disposable_needle_electrode_tip.jpg","1536x1536-width":247,"1536x1536-height":246,"2048x2048":"https:\/\/natus.com\/wp-content\/uploads\/natus_ultra_disposable_needle_electrode_tip.jpg","2048x2048-width":247,"2048x2048-height":246}}}]},{"title":"Produktliteratur herunterladen","accordion_content":[{"acf_fc_layout":"full_content","accordion_description":"<p><strong>Produktseite f\u00fcr einmal verwendbare, monopolare Natus Ultra Nadeln<\/strong><br \/>\n<a href=\"https:\/\/natus.bynder.com\/m\/357fc004cb0cacdb\/original\/Natus-Ultra-Disposable-Monopolar-Needle-Electrodes-Flyer.pdf\" target=\"_blank\" rel=\"noopener\">Englisch<\/a><br \/>\n<a href=\"https:\/\/natus.bynder.com\/m\/84b1fadd2a46166e\/original\/Natus-Ultra-Disposable-Monopolar-Needle-Electrodes-Flyer.pdf\">Franz\u00f6sisch<\/a><br \/>\n<a href=\"https:\/\/natus.bynder.com\/m\/e3fd4b0694eff1f2\/original\/Natus-Ultra-Disposable-Monopolar-Needle-Electrodes-Flyer.pdf\">Deutsch<\/a><br \/>\n<a href=\"https:\/\/natus.bynder.com\/m\/aa3970cd2a0881c8\/original\/Natus-Ultra-Disposable-Monopolar-Needle-Electrodes-Flyer.pdf\">Italienisch<\/a><\/p>\n<p><strong>Natus Katalog f\u00fcr neurodiagnostisches Zubeh\u00f6r<\/strong><br \/>\n<a href=\"https:\/\/natus.bynder.com\/m\/990029e101bebd22\/original\/Natus-Neurodiagnostic-Supplies-Catalog.pdf\">Englisch<\/a><br \/>\n<a href=\"https:\/\/natus.bynder.com\/m\/158d8472457a8340\/original\/Natus-Neurodiagnostic-Supplies-Catalog.pdf\">Franz\u00f6sisch<\/a><br \/>\n<a href=\"https:\/\/natus.bynder.com\/m\/2af7bff78ece1e68\/original\/Natus-Neurodiagnostic-Supplies-Catalog.pdf\">Deutsch<\/a><br \/>\n<a href=\"https:\/\/natus.bynder.com\/m\/381843ac1f7e9034\/original\/Natus-Neurodiagnostic-Supplies-Catalog.pdf\">Spanisch<\/a><\/p>\n"}]}],"image_left":false}},{"acf_fc_layout":"related_products","_acfe_flexible_toggle":"","tiles_3_columns_landing":{"module_options":{"":null,"module_id":"n64bf9a7609a1f","module_class":"","module_background_type":"color","module_background_color":"#f1f1f1","module_background_image":false,"module_background_video":"","activate_custom_padding":false,"padding_top_desktop":"0","padding_top_tablet":"0","padding_top_mobile":"0","padding_bottom_desktop":"0","padding_bottom_tablet":"0","padding_bottom_mobile":"0","activate_custom_margin":false,"margin_top_desktop":"0","margin_top_tablet":"0","margin_top_mobile":"0","margin_bottom_desktop":"0","margin_bottom_tablet":"0","margin_bottom_mobile":"0","disable_on":[],"content_alignment_desktop":"left","content_alignment_tablet":"left","content_alignment_mobile":"left"},"intro_text":"Verwandte Neuro Produkte","intro_text_color":"#005e63","intro_link":{"type":"post","value":"8334","url":"https:\/\/natus.com\/de\/neuro-produkte\/","name":"Neuro-Produkte","title":"Alle Neuro-Produkte anzeigen","target":""},"tiles":[{"label":"EMG-Lieferungen","label_background_color":"#154284","image":{"ID":2783,"id":2783,"title":"natus_ultra_monopolar_needle_electrodes (1)","filename":"natus_ultra_monopolar_needle_electrodes-1.jpg","filesize":20097,"url":"https:\/\/natus.com\/wp-content\/uploads\/natus_ultra_monopolar_needle_electrodes-1.jpg","link":"https:\/\/natus.com\/de\/neuro\/nicolet-edx\/natus_ultra_monopolar_needle_electrodes-1-2\/","alt":"Natus Monopolar EMG Needles ","author":"2","description":"","caption":"","name":"natus_ultra_monopolar_needle_electrodes-1-2","status":"inherit","uploaded_to":8729,"date":"2023-09-09 15:45:16","modified":"2024-07-29 21:10:24","menu_order":0,"mime_type":"image\/jpeg","type":"image","subtype":"jpeg","icon":"https:\/\/natus.com\/wp-includes\/images\/media\/default.png","width":500,"height":400,"sizes":{"thumbnail":"https:\/\/natus.com\/wp-content\/uploads\/natus_ultra_monopolar_needle_electrodes-1.jpg","thumbnail-width":120,"thumbnail-height":96,"medium":"https:\/\/natus.com\/wp-content\/uploads\/natus_ultra_monopolar_needle_electrodes-1.jpg","medium-width":500,"medium-height":400,"medium_large":"https:\/\/natus.com\/wp-content\/uploads\/natus_ultra_monopolar_needle_electrodes-1.jpg","medium_large-width":500,"medium_large-height":400,"large":"https:\/\/natus.com\/wp-content\/uploads\/natus_ultra_monopolar_needle_electrodes-1.jpg","large-width":500,"large-height":400,"1536x1536":"https:\/\/natus.com\/wp-content\/uploads\/natus_ultra_monopolar_needle_electrodes-1.jpg","1536x1536-width":500,"1536x1536-height":400,"2048x2048":"https:\/\/natus.com\/wp-content\/uploads\/natus_ultra_monopolar_needle_electrodes-1.jpg","2048x2048-width":500,"2048x2048-height":400}},"title":"TECA\u00ae Elite einmal verwendbare konzentrische Nadelelektroden","link":{"type":"post","value":"8562","url":"https:\/\/natus.com\/de\/neuro\/teca-elite-einmal-verwendbare-konzentrische-nadelelektroden\/","name":"TECA\u00ae Elite einmal verwendbare konzentrische Nadelelektroden","title":"Mehr Erfahren","target":"_blank"}},{"label":"EMG-Lieferungen","label_background_color":"#154284","image":{"ID":3274,"id":3274,"title":"Natus Adhesive Electrodes Related Product Photo - 500x400","filename":"Natus-Adhesive-Electrodes-Related-Product-Photo-500x400-1.jpg","filesize":134861,"url":"https:\/\/natus.com\/wp-content\/uploads\/Natus-Adhesive-Electrodes-Related-Product-Photo-500x400-1.jpg","link":"https:\/\/natus.com\/de\/neuro\/dantec-clavis-emg-handgeraet\/natus-adhesive-electrodes-related-product-photo-500x400-2\/","alt":"Natus Adhesive Electrodes ","author":"2","description":"","caption":"Disposable","name":"natus-adhesive-electrodes-related-product-photo-500x400-2","status":"inherit","uploaded_to":8727,"date":"2023-09-11 21:58:17","modified":"2024-07-29 21:03:29","menu_order":0,"mime_type":"image\/jpeg","type":"image","subtype":"jpeg","icon":"https:\/\/natus.com\/wp-includes\/images\/media\/default.png","width":500,"height":400,"sizes":{"thumbnail":"https:\/\/natus.com\/wp-content\/uploads\/Natus-Adhesive-Electrodes-Related-Product-Photo-500x400-1.jpg","thumbnail-width":120,"thumbnail-height":96,"medium":"https:\/\/natus.com\/wp-content\/uploads\/Natus-Adhesive-Electrodes-Related-Product-Photo-500x400-1.jpg","medium-width":500,"medium-height":400,"medium_large":"https:\/\/natus.com\/wp-content\/uploads\/Natus-Adhesive-Electrodes-Related-Product-Photo-500x400-1.jpg","medium_large-width":500,"medium_large-height":400,"large":"https:\/\/natus.com\/wp-content\/uploads\/Natus-Adhesive-Electrodes-Related-Product-Photo-500x400-1.jpg","large-width":500,"large-height":400,"1536x1536":"https:\/\/natus.com\/wp-content\/uploads\/Natus-Adhesive-Electrodes-Related-Product-Photo-500x400-1.jpg","1536x1536-width":500,"1536x1536-height":400,"2048x2048":"https:\/\/natus.com\/wp-content\/uploads\/Natus-Adhesive-Electrodes-Related-Product-Photo-500x400-1.jpg","2048x2048-width":500,"2048x2048-height":400}},"title":"Natus\u00ae selbsthaftende einmal verwendbare Elektroden","link":{"type":"post","value":"8770","url":"https:\/\/natus.com\/de\/neuro\/natus-selbsthaftende-einmal-verwendbare-elektroden\/","name":"Natus\u00ae selbsthaftende einmal verwendbare Elektroden","title":"Mehr Erfahren","target":"_blank"}},{"label":"EMG-Lieferungen","label_background_color":"#154284","image":{"ID":3269,"id":3269,"title":"Boject DHN Needle Related Product Image_500x400","filename":"boject-tan-9013S0422-500x400-1.jpg","filesize":129245,"url":"https:\/\/natus.com\/wp-content\/uploads\/boject-tan-9013S0422-500x400-1.jpg","link":"https:\/\/natus.com\/de\/neuro\/dantec-clavis-emg-handgeraet\/boject-dhn-needle-related-product-image_500x400-2\/","alt":"Bo-ject DHN Needle ","author":"2","description":"","caption":"","name":"boject-dhn-needle-related-product-image_500x400-2","status":"inherit","uploaded_to":8727,"date":"2023-09-11 21:53:05","modified":"2024-07-29 21:03:39","menu_order":0,"mime_type":"image\/png","type":"image","subtype":"png","icon":"https:\/\/natus.com\/wp-includes\/images\/media\/default.png","width":500,"height":400,"sizes":{"thumbnail":"https:\/\/natus.com\/wp-content\/uploads\/boject-tan-9013S0422-500x400-1.jpg","thumbnail-width":120,"thumbnail-height":96,"medium":"https:\/\/natus.com\/wp-content\/uploads\/boject-tan-9013S0422-500x400-1.jpg","medium-width":500,"medium-height":400,"medium_large":"https:\/\/natus.com\/wp-content\/uploads\/boject-tan-9013S0422-500x400-1.jpg","medium_large-width":500,"medium_large-height":400,"large":"https:\/\/natus.com\/wp-content\/uploads\/boject-tan-9013S0422-500x400-1.jpg","large-width":500,"large-height":400,"1536x1536":"https:\/\/natus.com\/wp-content\/uploads\/boject-tan-9013S0422-500x400-1.jpg","1536x1536-width":500,"1536x1536-height":400,"2048x2048":"https:\/\/natus.com\/wp-content\/uploads\/boject-tan-9013S0422-500x400-1.jpg","2048x2048-width":500,"2048x2048-height":400}},"title":"Bo-ject\u00ae DHN einmal verwendbare Injektionsnadelelektroden","link":{"type":"post","value":"8773","url":"https:\/\/natus.com\/de\/neuro\/bo-ject-dhn-einmal-verwendbare-injektionsnadelelektroden\/","name":"Bo-ject\u00ae DHN einmal verwendbare Injektionsnadelelektroden","title":"Mehr Erfahren","target":"_blank"}}]}},{"acf_fc_layout":"contact_form","_acfe_flexible_toggle":"","contact_form_landing":{"module_options":{"":null,"module_id":"n64bfae7691acd","module_class":"","module_background_type":"color","module_background_color":"#f1f1f1","module_background_image":false,"module_background_video":"","activate_custom_padding":false,"padding_top_desktop":"0","padding_top_tablet":"0","padding_top_mobile":"0","padding_bottom_desktop":"0","padding_bottom_tablet":"0","padding_bottom_mobile":"0","activate_custom_margin":false,"margin_top_desktop":"0","margin_top_tablet":"0","margin_top_mobile":"0","margin_bottom_desktop":"0","margin_bottom_tablet":"0","margin_bottom_mobile":"0","disable_on":[],"content_alignment_desktop":"left","content_alignment_tablet":"left","content_alignment_mobile":"left"},"":null,"activate_intro":true,"intro_text":"Kontaktieren Sie Ihren Natus-Kundenberater","intro_text_color":"#005e63","intro_link":null,"activate_description":true,"description_title":"","description_copy":"Um weitere Informationen \u00fcber dieses oder andere Produkte zu erhalten, f\u00fcllen Sie bitte das nachfolgende Formular aus.","embed_code":"<script charset=\"utf-8\" type=\"text\/javascript\" src=\"\/\/js.hsforms.net\/forms\/embed\/v2.js\"><\/script>\r\n<script>\r\n  hbspt.forms.create({\r\n    region: \"na1\",\r\n    portalId: \"3002890\",\r\n    formId: \"a630c68b-d22b-4bf1-a490-5a8d8eec62b1\"\r\n  });\r\n<\/script>"}},{"acf_fc_layout":"simple_content","_acfe_flexible_toggle":"","content_full_width_landing":{"module_options":{"":null,"module_id":"n64f8afcd677a5","module_class":"","module_background_type":"color","module_background_color":"","module_background_image":false,"module_background_video":"","activate_custom_padding":false,"padding_top_desktop":"0","padding_top_tablet":"0","padding_top_mobile":"0","padding_bottom_desktop":"0","padding_bottom_tablet":"0","padding_bottom_mobile":"0","activate_custom_margin":false,"margin_top_desktop":"0","margin_top_tablet":"0","margin_top_mobile":"0","margin_bottom_desktop":"0","margin_bottom_tablet":"0","margin_bottom_mobile":"0","disable_on":[],"content_alignment_desktop":"left","content_alignment_tablet":"left","content_alignment_mobile":"left"},"content":"<p><span style=\"font-size: 11px;\">035227 RevA<\/span><\/p>\n"}}]},"_links":{"self":[{"href":"https:\/\/natus.com\/de\/wp-json\/wp\/v2\/pages\/8734","targetHints":{"allow":["GET"]}}],"collection":[{"href":"https:\/\/natus.com\/de\/wp-json\/wp\/v2\/pages"}],"about":[{"href":"https:\/\/natus.com\/de\/wp-json\/wp\/v2\/types\/page"}],"author":[{"embeddable":true,"href":"https:\/\/natus.com\/de\/wp-json\/wp\/v2\/users\/3"}],"replies":[{"embeddable":true,"href":"https:\/\/natus.com\/de\/wp-json\/wp\/v2\/comments?post=8734"}],"version-history":[{"count":5,"href":"https:\/\/natus.com\/de\/wp-json\/wp\/v2\/pages\/8734\/revisions"}],"predecessor-version":[{"id":20683,"href":"https:\/\/natus.com\/de\/wp-json\/wp\/v2\/pages\/8734\/revisions\/20683"}],"up":[{"embeddable":true,"href":"https:\/\/natus.com\/de\/wp-json\/wp\/v2\/pages\/10462"}],"wp:attachment":[{"href":"https:\/\/natus.com\/de\/wp-json\/wp\/v2\/media?parent=8734"}],"wp:term":[{"taxonomy":"category","embeddable":true,"href":"https:\/\/natus.com\/de\/wp-json\/wp\/v2\/categories?post=8734"},{"taxonomy":"post_tag","embeddable":true,"href":"https:\/\/natus.com\/de\/wp-json\/wp\/v2\/tags?post=8734"}],"curies":[{"name":"wp","href":"https:\/\/api.w.org\/{rel}","templated":true}]}}