{"id":8770,"date":"2023-09-08T19:43:52","date_gmt":"2023-09-08T19:43:52","guid":{"rendered":"https:\/\/natus.com\/natus-disposable-adhesive-electrodes\/"},"modified":"2026-01-29T22:00:16","modified_gmt":"2026-01-29T22:00:16","slug":"natus-selbsthaftende-einmal-verwendbare-elektroden","status":"publish","type":"page","link":"https:\/\/natus.com\/de\/neuro\/natus-selbsthaftende-einmal-verwendbare-elektroden\/","title":{"rendered":"Natus\u00ae selbsthaftende einmal verwendbare Elektroden"},"content":{"rendered":"","protected":false},"excerpt":{"rendered":"","protected":false},"author":3,"featured_media":0,"parent":10462,"menu_order":0,"comment_status":"closed","ping_status":"closed","template":"templates\/page-neuro-solutions-product-landing.php","meta":{"_acf_changed":false,"footnotes":""},"categories":[169,183,202,177],"tags":[460,464,245,270],"class_list":["post-8770","page","type-page","status-publish","hentry","category-elektromyografie-emg-de","category-iom-de","category-neurodiagnostik-bedarf-de","category-psg-schlafuntersuchungen-de","tag-emg-supplies-de","tag-emg-lieferungen-de","tag-iom-lieferungen-de","tag-schlafzubehor-de"],"acf":{"content_blocks":[{"acf_fc_layout":"spacer","_acfe_flexible_layout_title":null,"_acfe_flexible_toggle":null,"spacer":{"module_options":{"":null,"module_id":"n6514f26fe3f4d","module_class":"","module_background_type":"color","module_background_color":"#00aaa7","module_background_image":false,"module_background_video":"","activate_custom_padding":false,"padding_top_desktop":"0","padding_top_tablet":"0","padding_top_mobile":"0","padding_bottom_desktop":"0","padding_bottom_tablet":"0","padding_bottom_mobile":"0","activate_custom_margin":false,"margin_top_desktop":"0","margin_top_tablet":"0","margin_top_mobile":"0","margin_bottom_desktop":"0","margin_bottom_tablet":"0","margin_bottom_mobile":"0","disable_on":[],"content_alignment_desktop":"left","content_alignment_tablet":"left","content_alignment_mobile":"left"},"height":"270"}},{"acf_fc_layout":"intro_with_sticky_image","_acfe_flexible_layout_title":null,"_acfe_flexible_toggle":null,"left_content_right_image_sticky":{"module_options":{"":null,"module_id":"n6514f26febf02","module_class":"","module_background_type":"color","module_background_color":"","module_background_image":false,"module_background_video":"","activate_custom_padding":false,"padding_top_desktop":"0","padding_top_tablet":"0","padding_top_mobile":"0","padding_bottom_desktop":"0","padding_bottom_tablet":"0","padding_bottom_mobile":"0","activate_custom_margin":false,"margin_top_desktop":"0","margin_top_tablet":"0","margin_top_mobile":"0","margin_bottom_desktop":"0","margin_bottom_tablet":"0","margin_bottom_mobile":"0","disable_on":[],"content_alignment_desktop":"left","content_alignment_tablet":"left","content_alignment_mobile":"left"},"":null,"title":"Natus\u00ae selbsthaftende einmal verwendbare Elektroden","subheader":"<p>Einmal verwendbare Natus selbsthaftende Elektroden bieten Premium-Qualit\u00e4t f\u00fcr nachhaltige Leistung.<\/p>\n<ul>\n<li>Ausgezeichnete Haftung f\u00fcr anspruchsvolle klinische Anforderungen, einschlie\u00dflich mehrfacher Neupositionierung<\/li>\n<li>Optionen zur Erf\u00fcllung von EMG-, SEP-, IOM-, PSG- und ENG-Untersuchungsanforderungen<\/li>\n<li>Gelbeschichtete Elektroden trennen sich sauber von der Unterlage, ohne R\u00fcckst\u00e4nde zu hinterlassen<\/li>\n<li>Modelle mit Kabeln sind farbcodiert und enden in ber\u00fchrungssicheren Steckern<\/li>\n<li>Qualit\u00e4tsversiegelt in Folienbeuteln f\u00fcr optimale\u00a0sterilit\u00e4t<\/li>\n<li>Praktisches Online-Portal &#8211; <a href=\"https:\/\/natus.com\/de\/natus-medical-stores\/\">Natus Medical Store<\/a> (nicht in allen L\u00e4ndern verf\u00fcgbar)<\/li>\n<\/ul>\n<p><span style=\"font-size: 12px;\">Nicht in allen L\u00e4ndern erh\u00e4ltlich. Verf\u00fcgbarkeit auf Anfrage bei Ihrem zust\u00e4ndigen Vertriebsmitarbeiter.<\/span><\/p>\n","icons":[{"icon":{"ID":2226,"id":2226,"title":"icon-feature","filename":"icon-feature.png","filesize":1408,"url":"https:\/\/natus.com\/wp-content\/uploads\/icon-feature.png","link":"https:\/\/natus.com\/de\/neuro\/dantec-clavis-emg-handgeraet\/icon-feature-2\/","alt":"star","author":"2","description":"Icon - Star","caption":"","name":"icon-feature-2","status":"inherit","uploaded_to":8727,"date":"2023-09-07 22:27:26","modified":"2024-07-29 21:19:16","menu_order":0,"mime_type":"image\/png","type":"image","subtype":"png","icon":"https:\/\/natus.com\/wp-includes\/images\/media\/default.png","width":43,"height":41,"sizes":{"thumbnail":"https:\/\/natus.com\/wp-content\/uploads\/icon-feature.png","thumbnail-width":43,"thumbnail-height":41,"medium":"https:\/\/natus.com\/wp-content\/uploads\/icon-feature.png","medium-width":43,"medium-height":41,"medium_large":"https:\/\/natus.com\/wp-content\/uploads\/icon-feature.png","medium_large-width":43,"medium_large-height":41,"large":"https:\/\/natus.com\/wp-content\/uploads\/icon-feature.png","large-width":43,"large-height":41,"1536x1536":"https:\/\/natus.com\/wp-content\/uploads\/icon-feature.png","1536x1536-width":43,"1536x1536-height":41,"2048x2048":"https:\/\/natus.com\/wp-content\/uploads\/icon-feature.png","2048x2048-width":43,"2048x2048-height":41}},"icon_description":"Mit & Ohne<br \/>\r\nKabel"},{"icon":{"ID":1942,"id":1942,"title":"icon-flag","filename":"icon-flag.png","filesize":664,"url":"https:\/\/natus.com\/wp-content\/uploads\/icon-flag.png","link":"https:\/\/natus.com\/de\/neuro\/dantec-clavis-emg-handgeraet\/icon-flag-2\/","alt":"Icon - Flag","author":"2","description":"","caption":"","name":"icon-flag-2","status":"inherit","uploaded_to":8727,"date":"2023-09-01 19:14:05","modified":"2024-07-29 21:19:56","menu_order":0,"mime_type":"image\/png","type":"image","subtype":"png","icon":"https:\/\/natus.com\/wp-includes\/images\/media\/default.png","width":30,"height":42,"sizes":{"thumbnail":"https:\/\/natus.com\/wp-content\/uploads\/icon-flag.png","thumbnail-width":30,"thumbnail-height":42,"medium":"https:\/\/natus.com\/wp-content\/uploads\/icon-flag.png","medium-width":30,"medium-height":42,"medium_large":"https:\/\/natus.com\/wp-content\/uploads\/icon-flag.png","medium_large-width":30,"medium_large-height":42,"large":"https:\/\/natus.com\/wp-content\/uploads\/icon-flag.png","large-width":30,"large-height":42,"1536x1536":"https:\/\/natus.com\/wp-content\/uploads\/icon-flag.png","1536x1536-width":30,"1536x1536-height":42,"2048x2048":"https:\/\/natus.com\/wp-content\/uploads\/icon-flag.png","2048x2048-width":30,"2048x2048-height":42}},"icon_description":"Gegelte <br \/>\r\nAg\/AgCl"},{"icon":{"ID":2433,"id":2433,"title":"icon-options","filename":"icon-options.png","filesize":1971,"url":"https:\/\/natus.com\/wp-content\/uploads\/icon-options.png","link":"https:\/\/natus.com\/de\/neuro\/icon-options-2\/","alt":"Icon - Multi Option","author":"2","description":"","caption":"","name":"icon-options-2","status":"inherit","uploaded_to":10462,"date":"2023-09-08 17:24:45","modified":"2024-07-29 21:17:09","menu_order":0,"mime_type":"image\/png","type":"image","subtype":"png","icon":"https:\/\/natus.com\/wp-includes\/images\/media\/default.png","width":47,"height":47,"sizes":{"thumbnail":"https:\/\/natus.com\/wp-content\/uploads\/icon-options.png","thumbnail-width":47,"thumbnail-height":47,"medium":"https:\/\/natus.com\/wp-content\/uploads\/icon-options.png","medium-width":47,"medium-height":47,"medium_large":"https:\/\/natus.com\/wp-content\/uploads\/icon-options.png","medium_large-width":47,"medium_large-height":47,"large":"https:\/\/natus.com\/wp-content\/uploads\/icon-options.png","large-width":47,"large-height":47,"1536x1536":"https:\/\/natus.com\/wp-content\/uploads\/icon-options.png","1536x1536-width":47,"1536x1536-height":47,"2048x2048":"https:\/\/natus.com\/wp-content\/uploads\/icon-options.png","2048x2048-width":47,"2048x2048-height":47}},"icon_description":"Viele <br \/>\r\nGr\u00f6ssen &<br \/>\r\nTypen"}],"quick_navigation":[{"quick_link":{"type":"url","value":"#contact-neuro","url":"#contact-neuro","name":"#contact-neuro","title":"Kontakt","target":""}},{"quick_link":{"type":"url","value":"#n6514f27002c7f","url":"#n6514f27002c7f","name":"#n6514f27002c7f","title":"Mehr Details erkunden","target":""}}],"description":"","message_label":"Service und Unterst\u00fctzung","message_title":"Suchen Sie einen Neuro-Produktservice oder technische Unterst\u00fctzung?","message_link":{"type":"post","value":"8364","url":"https:\/\/natus.com\/de\/support\/","name":"Service und Support","title":"Natus Service und Unterst\u00fctzung","target":""},"right_sticky_image":{"ID":5144,"id":5144,"title":"Adhesive Electrodes Main Product Photo - 500x850","filename":"Adhesives_Main-Image.png","filesize":266033,"url":"https:\/\/natus.com\/wp-content\/uploads\/Adhesives_Main-Image.png","link":"https:\/\/natus.com\/de\/neuro\/natus-selbsthaftende-einmal-verwendbare-elektroden\/adhesive-electrodes-main-product-photo-500x850-2\/","alt":"Natus\u00ae Disposable Adhesive Electrodes","author":"2","description":"","caption":"","name":"adhesive-electrodes-main-product-photo-500x850-2","status":"inherit","uploaded_to":8770,"date":"2023-09-18 18:48:22","modified":"2024-07-26 17:09:23","menu_order":0,"mime_type":"image\/png","type":"image","subtype":"png","icon":"https:\/\/natus.com\/wp-includes\/images\/media\/default.png","width":500,"height":850,"sizes":{"thumbnail":"https:\/\/natus.com\/wp-content\/uploads\/Adhesives_Main-Image.png","thumbnail-width":56,"thumbnail-height":96,"medium":"https:\/\/natus.com\/wp-content\/uploads\/Adhesives_Main-Image.png","medium-width":500,"medium-height":850,"medium_large":"https:\/\/natus.com\/wp-content\/uploads\/Adhesives_Main-Image.png","medium_large-width":500,"medium_large-height":850,"large":"https:\/\/natus.com\/wp-content\/uploads\/Adhesives_Main-Image.png","large-width":500,"large-height":850,"1536x1536":"https:\/\/natus.com\/wp-content\/uploads\/Adhesives_Main-Image.png","1536x1536-width":500,"1536x1536-height":850,"2048x2048":"https:\/\/natus.com\/wp-content\/uploads\/Adhesives_Main-Image.png","2048x2048-width":500,"2048x2048-height":850}}}},{"acf_fc_layout":"product_information","_acfe_flexible_layout_title":null,"_acfe_flexible_toggle":null,"left_accordion_right_image_landing":{"module_options":{"":null,"module_id":"n6514f27002c7f","module_class":"","module_background_type":"color","module_background_color":"","module_background_image":false,"module_background_video":"","activate_custom_padding":false,"padding_top_desktop":"0","padding_top_tablet":"0","padding_top_mobile":"0","padding_bottom_desktop":"0","padding_bottom_tablet":"0","padding_bottom_mobile":"0","activate_custom_margin":false,"margin_top_desktop":"0","margin_top_tablet":"0","margin_top_mobile":"0","margin_bottom_desktop":"0","margin_bottom_tablet":"0","margin_bottom_mobile":"0","disable_on":[],"content_alignment_desktop":"left","content_alignment_tablet":"left","content_alignment_mobile":"left"},"intro":"Informationen zum Produkt","description":"","accordion":[{"title":"Elektroden mit ber\u00fchrungssicheren 1,5-mm-Steckern","accordion_content":[{"acf_fc_layout":"full_content","accordion_description":"<p><img loading=\"lazy\" decoding=\"async\" class=\"alignnone size-full wp-image-2560\" src=\"https:\/\/natus.com\/wp-content\/uploads\/disposable_adhesive_electrodes_with_1.5mm_leads.jpg\" alt=\"\" width=\"859\" height=\"565\" srcset=\"https:\/\/natus.com\/wp-content\/uploads\/disposable_adhesive_electrodes_with_1.5mm_leads.jpg 859w, https:\/\/natus.com\/wp-content\/uploads\/disposable_adhesive_electrodes_with_1.5mm_leads-768x505.jpg 768w\" sizes=\"auto, (max-width: 859px) 100vw, 859px\" \/><\/p>\n"}]},{"title":"Elektroden mit ber\u00fchrungssicheren 0,7-mm-Steckern","accordion_content":[{"acf_fc_layout":"full_content","accordion_description":"<p><img loading=\"lazy\" decoding=\"async\" class=\"alignnone wp-image-2555\" src=\"https:\/\/natus.com\/wp-content\/uploads\/disposable_adhesive_electrodes_with_0.7mm_leads.jpg\" alt=\"\" width=\"533\" height=\"87\" \/><\/p>\n"}]},{"title":"Elektroden ohne Kabel (erfordern wiederverwendbare Anschlusskabel mit Krokodilklemmen)","accordion_content":[{"acf_fc_layout":"full_content","accordion_description":"<p><img loading=\"lazy\" decoding=\"async\" class=\"alignnone size-full wp-image-2565\" src=\"https:\/\/natus.com\/wp-content\/uploads\/disposable_adhesive_electrodes_without_leads.jpg\" alt=\"\" width=\"801\" height=\"191\" srcset=\"https:\/\/natus.com\/wp-content\/uploads\/disposable_adhesive_electrodes_without_leads.jpg 801w, https:\/\/natus.com\/wp-content\/uploads\/disposable_adhesive_electrodes_without_leads-768x183.jpg 768w\" sizes=\"auto, (max-width: 801px) 100vw, 801px\" \/><\/p>\n"}]},{"title":"Produktliteratur herunterladen","accordion_content":[{"acf_fc_layout":"full_content","accordion_description":"<p><strong>Flyer f\u00fcr Natus selbsthaftende Elektroden<\/strong><br \/>\n<a href=\"https:\/\/natus.bynder.com\/m\/9a8485625a9da432\/original\/Natus-Disposable-Adhesive-Electrodes-Flyer.pdf\" target=\"_blank\" rel=\"noopener\">Englisch<\/a><br \/>\n<a href=\"https:\/\/natus.bynder.com\/m\/a634b1720977f466\/original\/Natus-Disposable-Adhesive-Electrodes-Flyer.pdf\" target=\"_blank\" rel=\"noopener\">Franz\u00f6sisch<\/a><br \/>\n<a href=\"https:\/\/natus.bynder.com\/m\/925904218e73210f\/original\/Natus-Disposable-Adhesive-Electrodes-Flyer.pdf\" target=\"_blank\" rel=\"noopener\">Deutsch<\/a><br \/>\n<a href=\"https:\/\/natus.bynder.com\/m\/a59e9199ec5185c5\/original\/Natus-Disposable-Adhesive-Electrodes-Flyer.pdf\">Italienisch<\/a><\/p>\n<p><strong>Natus Katalog f\u00fcr neurodiagnostisches Zubeh\u00f6r<\/strong><br \/>\n<a href=\"https:\/\/natus.bynder.com\/m\/990029e101bebd22\/original\/Natus-Neurodiagnostic-Supplies-Catalog.pdf\">Englisch<\/a><br \/>\n<a href=\"https:\/\/natus.bynder.com\/m\/158d8472457a8340\/original\/Natus-Neurodiagnostic-Supplies-Catalog.pdf\">Franz\u00f6sisch<\/a><br \/>\n<a href=\"https:\/\/natus.bynder.com\/m\/2af7bff78ece1e68\/original\/Natus-Neurodiagnostic-Supplies-Catalog.pdf\">Deutsch<\/a><br \/>\n<a href=\"https:\/\/natus.bynder.com\/m\/381843ac1f7e9034\/original\/Natus-Neurodiagnostic-Supplies-Catalog.pdf\">Spanisch<\/a><\/p>\n"}]}],"image_left":false}},{"acf_fc_layout":"related_products","_acfe_flexible_layout_title":null,"_acfe_flexible_toggle":null,"tiles_3_columns_landing":{"module_options":{"":null,"module_id":"n6514f2700c856","module_class":"","module_background_type":"color","module_background_color":"#f1f1f1","module_background_image":false,"module_background_video":"","activate_custom_padding":false,"padding_top_desktop":"0","padding_top_tablet":"0","padding_top_mobile":"0","padding_bottom_desktop":"0","padding_bottom_tablet":"0","padding_bottom_mobile":"0","activate_custom_margin":false,"margin_top_desktop":"0","margin_top_tablet":"0","margin_top_mobile":"0","margin_bottom_desktop":"0","margin_bottom_tablet":"0","margin_bottom_mobile":"0","disable_on":[],"content_alignment_desktop":"left","content_alignment_tablet":"left","content_alignment_mobile":"left"},"intro_text":"Verwandte Neuro Produkte","intro_text_color":"#005e63","intro_link":{"type":"post","value":"8334","url":"https:\/\/natus.com\/de\/neuro-produkte\/","name":"Neuro-Produkte","title":"Alle Neuro-Produkte anzeigen","target":""},"tiles":[{"label":"Schlafzubeh\u00f6r","label_background_color":"#154284","image":{"ID":4326,"id":4326,"title":"XatTrace Belts Related Product Photo - 500x400","filename":"XatTrace-Belts-Related-Product-Photo-500x400-1.png","filesize":88394,"url":"https:\/\/natus.com\/wp-content\/uploads\/XatTrace-Belts-Related-Product-Photo-500x400-1.png","link":"https:\/\/natus.com\/de\/neuro\/xattrace-belts-related-product-photo-500x400-2\/","alt":"Natus\u00ae XactTrace\u00ae RIP Respiratory Effort Belts","author":"2","description":"","caption":"","name":"xattrace-belts-related-product-photo-500x400-2","status":"inherit","uploaded_to":10462,"date":"2023-09-14 18:48:15","modified":"2024-07-29 20:27:23","menu_order":0,"mime_type":"image\/png","type":"image","subtype":"png","icon":"https:\/\/natus.com\/wp-includes\/images\/media\/default.png","width":500,"height":400,"sizes":{"thumbnail":"https:\/\/natus.com\/wp-content\/uploads\/XatTrace-Belts-Related-Product-Photo-500x400-1.png","thumbnail-width":120,"thumbnail-height":96,"medium":"https:\/\/natus.com\/wp-content\/uploads\/XatTrace-Belts-Related-Product-Photo-500x400-1.png","medium-width":500,"medium-height":400,"medium_large":"https:\/\/natus.com\/wp-content\/uploads\/XatTrace-Belts-Related-Product-Photo-500x400-1.png","medium_large-width":500,"medium_large-height":400,"large":"https:\/\/natus.com\/wp-content\/uploads\/XatTrace-Belts-Related-Product-Photo-500x400-1.png","large-width":500,"large-height":400,"1536x1536":"https:\/\/natus.com\/wp-content\/uploads\/XatTrace-Belts-Related-Product-Photo-500x400-1.png","1536x1536-width":500,"1536x1536-height":400,"2048x2048":"https:\/\/natus.com\/wp-content\/uploads\/XatTrace-Belts-Related-Product-Photo-500x400-1.png","2048x2048-width":500,"2048x2048-height":400}},"title":"Natus\u00ae XactTrace \u00aeRIP Atemanstrengungsgurte ","link":{"type":"post","value":"9410","url":"https:\/\/natus.com\/de\/neuro\/natus-xacttrace-rip-atemanstrengungsgurte\/","name":"Natus\u00ae XactTrace\u00ae RIP Atemanstrengungsgurte","title":"Mehr Erfahren","target":"_blank"}},{"label":"EMG-Lieferungen","label_background_color":"#154284","image":{"ID":5137,"id":5137,"title":"Natus Monopolar Needles Related Product Photo - 500x400","filename":"Natus-Monopolar-Needles-Related-Product-Photo-500x400-1.png","filesize":65053,"url":"https:\/\/natus.com\/wp-content\/uploads\/Natus-Monopolar-Needles-Related-Product-Photo-500x400-1.png","link":"https:\/\/natus.com\/de\/neuro\/natus-ultra-einmal-verwendbare-subdermal-nadelelektroden\/natus-monopolar-needles-related-product-photo-500x400-2\/","alt":"Natus\u00ae Ultra Disposable Subdermal Needle Electrodes","author":"2","description":"","caption":"","name":"natus-monopolar-needles-related-product-photo-500x400-2","status":"inherit","uploaded_to":9527,"date":"2023-09-18 18:42:21","modified":"2024-07-26 17:09:29","menu_order":0,"mime_type":"image\/png","type":"image","subtype":"png","icon":"https:\/\/natus.com\/wp-includes\/images\/media\/default.png","width":500,"height":400,"sizes":{"thumbnail":"https:\/\/natus.com\/wp-content\/uploads\/Natus-Monopolar-Needles-Related-Product-Photo-500x400-1.png","thumbnail-width":120,"thumbnail-height":96,"medium":"https:\/\/natus.com\/wp-content\/uploads\/Natus-Monopolar-Needles-Related-Product-Photo-500x400-1.png","medium-width":500,"medium-height":400,"medium_large":"https:\/\/natus.com\/wp-content\/uploads\/Natus-Monopolar-Needles-Related-Product-Photo-500x400-1.png","medium_large-width":500,"medium_large-height":400,"large":"https:\/\/natus.com\/wp-content\/uploads\/Natus-Monopolar-Needles-Related-Product-Photo-500x400-1.png","large-width":500,"large-height":400,"1536x1536":"https:\/\/natus.com\/wp-content\/uploads\/Natus-Monopolar-Needles-Related-Product-Photo-500x400-1.png","1536x1536-width":500,"1536x1536-height":400,"2048x2048":"https:\/\/natus.com\/wp-content\/uploads\/Natus-Monopolar-Needles-Related-Product-Photo-500x400-1.png","2048x2048-width":500,"2048x2048-height":400}},"title":"Natus\u00ae Ultra einmal verwendbare monopolare Nadelelektroden mit angeschlossenem Kabel","link":{"type":"post","value":"8734","url":"https:\/\/natus.com\/de\/neuro\/natus-ultra-einmal-verwendbare-monopolare-nadelelektroden-mit-angeschlossenem-kabel\/","name":"Natus\u00ae Ultra einmal verwendbare monopolare Nadelelektroden mit angeschlossenem Kabel","title":"Mehr Erfahren","target":"_blank"}},{"label":"EEG-Lieferungen","label_background_color":"#154284","image":{"ID":4777,"id":4777,"title":"Grass Standard Cup EEG Electrodes Related Product Photo -500x400","filename":"Grass-Disposable-Standard-Cup-EEG-Electrodes-Related-Product-Photo-500x400-1.png","filesize":221785,"url":"https:\/\/natus.com\/wp-content\/uploads\/Grass-Disposable-Standard-Cup-EEG-Electrodes-Related-Product-Photo-500x400-1.png","link":"https:\/\/natus.com\/de\/neuro\/eeg-aeeg\/eeg-zubehor\/grass-standard-cup-eeg-electrodes-related-product-photo-500x400-2\/","alt":"Grass Disposable Standard Cup EEG Electrodes","author":"2","description":"","caption":"","name":"grass-standard-cup-eeg-electrodes-related-product-photo-500x400-2","status":"inherit","uploaded_to":12643,"date":"2023-09-15 18:42:55","modified":"2024-07-26 19:14:59","menu_order":0,"mime_type":"image\/png","type":"image","subtype":"png","icon":"https:\/\/natus.com\/wp-includes\/images\/media\/default.png","width":500,"height":400,"sizes":{"thumbnail":"https:\/\/natus.com\/wp-content\/uploads\/Grass-Disposable-Standard-Cup-EEG-Electrodes-Related-Product-Photo-500x400-1.png","thumbnail-width":120,"thumbnail-height":96,"medium":"https:\/\/natus.com\/wp-content\/uploads\/Grass-Disposable-Standard-Cup-EEG-Electrodes-Related-Product-Photo-500x400-1.png","medium-width":500,"medium-height":400,"medium_large":"https:\/\/natus.com\/wp-content\/uploads\/Grass-Disposable-Standard-Cup-EEG-Electrodes-Related-Product-Photo-500x400-1.png","medium_large-width":500,"medium_large-height":400,"large":"https:\/\/natus.com\/wp-content\/uploads\/Grass-Disposable-Standard-Cup-EEG-Electrodes-Related-Product-Photo-500x400-1.png","large-width":500,"large-height":400,"1536x1536":"https:\/\/natus.com\/wp-content\/uploads\/Grass-Disposable-Standard-Cup-EEG-Electrodes-Related-Product-Photo-500x400-1.png","1536x1536-width":500,"1536x1536-height":400,"2048x2048":"https:\/\/natus.com\/wp-content\/uploads\/Grass-Disposable-Standard-Cup-EEG-Electrodes-Related-Product-Photo-500x400-1.png","2048x2048-width":500,"2048x2048-height":400}},"title":"Grass\u00ae einmal verwendbare EEG-Napfelektroden","link":{"type":"post","value":"9585","url":"https:\/\/natus.com\/de\/neuro\/grass-einmal-verwendbare-eeg-napfelektroden\/","name":"Grass\u00ae einmal verwendbare EEG-Napfelektroden","title":"Mehr Erfahren","target":"_blank"}}]}},{"acf_fc_layout":"contact_form","_acfe_flexible_layout_title":null,"_acfe_flexible_toggle":null,"contact_form_landing":{"module_options":{"":null,"module_id":"contact-neuro","module_class":"","module_background_type":"color","module_background_color":"#f1f1f1","module_background_image":false,"module_background_video":"","activate_custom_padding":false,"padding_top_desktop":"0","padding_top_tablet":"0","padding_top_mobile":"0","padding_bottom_desktop":"0","padding_bottom_tablet":"0","padding_bottom_mobile":"0","activate_custom_margin":false,"margin_top_desktop":"0","margin_top_tablet":"0","margin_top_mobile":"0","margin_bottom_desktop":"0","margin_bottom_tablet":"0","margin_bottom_mobile":"0","disable_on":[],"content_alignment_desktop":"left","content_alignment_tablet":"left","content_alignment_mobile":"left"},"":null,"activate_intro":true,"intro_text":"Kontaktieren Sie Ihren Natus-Kundenberater","intro_text_color":"#005e63","intro_link":null,"activate_description":true,"description_title":"","description_copy":"Um weitere Informationen \u00fcber dieses oder andere Produkte zu erhalten, f\u00fcllen Sie bitte das nachfolgende Formular aus.","embed_code":"<script charset=\"utf-8\" type=\"text\/javascript\" src=\"\/\/js.hsforms.net\/forms\/embed\/v2.js\"><\/script>\r\n<script>\r\n  hbspt.forms.create({\r\n    region: \"na1\",\r\n    portalId: \"3002890\",\r\n    formId: \"a630c68b-d22b-4bf1-a490-5a8d8eec62b1\"\r\n  });\r\n<\/script>"}},{"acf_fc_layout":"simple_content","_acfe_flexible_layout_title":null,"_acfe_flexible_toggle":null,"content_full_width_landing":{"module_options":{"":null,"module_id":"n6514f2701c05b","module_class":"","module_background_type":"color","module_background_color":"","module_background_image":false,"module_background_video":"","activate_custom_padding":false,"padding_top_desktop":"0","padding_top_tablet":"0","padding_top_mobile":"0","padding_bottom_desktop":"0","padding_bottom_tablet":"0","padding_bottom_mobile":"0","activate_custom_margin":false,"margin_top_desktop":"0","margin_top_tablet":"0","margin_top_mobile":"0","margin_bottom_desktop":"0","margin_bottom_tablet":"0","margin_bottom_mobile":"0","disable_on":[],"content_alignment_desktop":"left","content_alignment_tablet":"left","content_alignment_mobile":"left"},"content":"<p><span style=\"font-size: 11px;\">035220 RevA<\/span><\/p>\n"}}],"schema_markup":[{"acf_fc_layout":"schema_markup_product","_acfe_flexible_layout_title":null,"_acfe_flexible_toggle":null,"schema_markup_product":{"enable_schema":true,"":null,"device_name":"Natus\u00ae selbsthaftende einmal verwendbare Elektroden","device_image":"https:\/\/natus.com\/wp-content\/uploads\/Natus-Adhesive-Electrodes-Related-Product-Photo-500x400-1.jpg","device_desc":"Einmal verwendbare Natus selbsthaftende Elektroden bieten Premium-Qualit\u00e4t f\u00fcr nachhaltige Leistung.","device_purpose":"","manufacturer_name":"Natus Medical Incorporated","manufacturer_url":"https:\/\/natus.com","brand_name":"Natus","page_url":"https:\/\/natus.com\/de\/neuro\/natus-selbsthaftende-einmal-verwendbare-elektroden\/","in_language":"en","medical_specialty":["Neurologic"]}}]},"_links":{"self":[{"href":"https:\/\/natus.com\/de\/wp-json\/wp\/v2\/pages\/8770","targetHints":{"allow":["GET"]}}],"collection":[{"href":"https:\/\/natus.com\/de\/wp-json\/wp\/v2\/pages"}],"about":[{"href":"https:\/\/natus.com\/de\/wp-json\/wp\/v2\/types\/page"}],"author":[{"embeddable":true,"href":"https:\/\/natus.com\/de\/wp-json\/wp\/v2\/users\/3"}],"replies":[{"embeddable":true,"href":"https:\/\/natus.com\/de\/wp-json\/wp\/v2\/comments?post=8770"}],"version-history":[{"count":7,"href":"https:\/\/natus.com\/de\/wp-json\/wp\/v2\/pages\/8770\/revisions"}],"predecessor-version":[{"id":26130,"href":"https:\/\/natus.com\/de\/wp-json\/wp\/v2\/pages\/8770\/revisions\/26130"}],"up":[{"embeddable":true,"href":"https:\/\/natus.com\/de\/wp-json\/wp\/v2\/pages\/10462"}],"wp:attachment":[{"href":"https:\/\/natus.com\/de\/wp-json\/wp\/v2\/media?parent=8770"}],"wp:term":[{"taxonomy":"category","embeddable":true,"href":"https:\/\/natus.com\/de\/wp-json\/wp\/v2\/categories?post=8770"},{"taxonomy":"post_tag","embeddable":true,"href":"https:\/\/natus.com\/de\/wp-json\/wp\/v2\/tags?post=8770"}],"curies":[{"name":"wp","href":"https:\/\/api.w.org\/{rel}","templated":true}]}}