{"id":8773,"date":"2023-09-11T20:40:35","date_gmt":"2023-09-11T20:40:35","guid":{"rendered":"https:\/\/natus.com\/bo-ject-disposable-injectable-needle-electrodes\/"},"modified":"2024-07-02T19:33:09","modified_gmt":"2024-07-02T19:33:09","slug":"bo-ject-dhn-einmal-verwendbare-injektionsnadelelektroden","status":"publish","type":"page","link":"https:\/\/natus.com\/de\/neuro\/bo-ject-dhn-einmal-verwendbare-injektionsnadelelektroden\/","title":{"rendered":"Bo-ject\u00ae DHN einmal verwendbare Injektionsnadelelektroden"},"content":{"rendered":"","protected":false},"excerpt":{"rendered":"","protected":false},"author":3,"featured_media":0,"parent":10462,"menu_order":0,"comment_status":"closed","ping_status":"closed","template":"templates\/page-neuro-solutions-product-landing.php","meta":{"_acf_changed":false,"footnotes":""},"categories":[169,202],"tags":[460,186],"class_list":["post-8773","page","type-page","status-publish","hentry","category-elektromyografie-emg-de","category-neurodiagnostik-bedarf-de","tag-emg-supplies-de","tag-emg-lieferungen"],"acf":{"content_blocks":[{"acf_fc_layout":"spacer","_acfe_flexible_toggle":"","spacer":{"module_options":{"":null,"module_id":"n651445809a8d2","module_class":"","module_background_type":"color","module_background_color":"#00aaa7","module_background_image":false,"module_background_video":"","activate_custom_padding":false,"padding_top_desktop":"0","padding_top_tablet":"0","padding_top_mobile":"0","padding_bottom_desktop":"0","padding_bottom_tablet":"0","padding_bottom_mobile":"0","activate_custom_margin":false,"margin_top_desktop":"0","margin_top_tablet":"0","margin_top_mobile":"0","margin_bottom_desktop":"0","margin_bottom_tablet":"0","margin_bottom_mobile":"0","disable_on":[],"content_alignment_desktop":"left","content_alignment_tablet":"left","content_alignment_mobile":"left"},"height":"270"}},{"acf_fc_layout":"intro_with_sticky_image","_acfe_flexible_toggle":"","left_content_right_image_sticky":{"module_options":{"":null,"module_id":"n651445809fe59","module_class":"","module_background_type":"color","module_background_color":"#f1f1f1","module_background_image":false,"module_background_video":"","activate_custom_padding":false,"padding_top_desktop":"0","padding_top_tablet":"0","padding_top_mobile":"0","padding_bottom_desktop":"0","padding_bottom_tablet":"0","padding_bottom_mobile":"0","activate_custom_margin":false,"margin_top_desktop":"0","margin_top_tablet":"0","margin_top_mobile":"0","margin_bottom_desktop":"0","margin_bottom_tablet":"0","margin_bottom_mobile":"0","disable_on":[],"content_alignment_desktop":"left","content_alignment_tablet":"left","content_alignment_mobile":"left"},"":null,"title":"Bo-ject\u00ae DHN einmal verwendbare Injektionsnadelelektroden","subheader":"<p>Die einmal verwendbare, Bo-ject\u00a0DHN Nadelelektrode wird in EMG-Anwendungen zum Aufzeichnen von EMG-Aktivit\u00e4ten verwendet, w\u00e4hrend gleichzeitig Medikamente injiziert werden k\u00f6nnen.<\/p>\n<p>&nbsp;<\/p>\n<ul>\n<li>Edelstahl-Injektionsnadel mit konsistent scharfer Spitze<\/li>\n<li>Beschichtung mit reibungsarmem Isolator erleichtert den Einstich<\/li>\n<li>Erm\u00f6glicht Anschluss an Spritzen mit Luer-Lock- und Slip-Fit-Konnektor<\/li>\n<li>Farbcodierte Kabel sorgen f\u00fcr einfache Identifikation<\/li>\n<li>90 cm\u00a0langes Kabel mit ber\u00fchrungssicherem 1,5-mm-Anschluss<\/li>\n<li>Steril<\/li>\n<li>Praktisches Online-Portal &#8211; <a href=\"https:\/\/natus.com\/de\/natus-medical-stores\/\">Natus Medical Store<\/a> (nicht in allen L\u00e4ndern verf\u00fcgbar)<\/li>\n<\/ul>\n<p><span style=\"font-size: 11px;\">Nicht in allen L\u00e4ndern erh\u00e4ltlich. Verf\u00fcgbarkeit auf Anfrage bei Ihrem zust\u00e4ndigen Vertriebsmitarbeiter.<\/span><\/p>\n","icons":[{"icon":{"ID":2226,"id":2226,"title":"icon-feature","filename":"icon-feature.png","filesize":1408,"url":"https:\/\/natus.com\/wp-content\/uploads\/icon-feature.png","link":"https:\/\/natus.com\/de\/neuro\/dantec-clavis-emg-handgeraet\/icon-feature-2\/","alt":"star","author":"2","description":"Icon - Star","caption":"","name":"icon-feature-2","status":"inherit","uploaded_to":8727,"date":"2023-09-07 22:27:26","modified":"2024-07-29 21:19:16","menu_order":0,"mime_type":"image\/png","type":"image","subtype":"png","icon":"https:\/\/natus.com\/wp-includes\/images\/media\/default.png","width":43,"height":41,"sizes":{"thumbnail":"https:\/\/natus.com\/wp-content\/uploads\/icon-feature.png","thumbnail-width":43,"thumbnail-height":41,"medium":"https:\/\/natus.com\/wp-content\/uploads\/icon-feature.png","medium-width":43,"medium-height":41,"medium_large":"https:\/\/natus.com\/wp-content\/uploads\/icon-feature.png","medium_large-width":43,"medium_large-height":41,"large":"https:\/\/natus.com\/wp-content\/uploads\/icon-feature.png","large-width":43,"large-height":41,"1536x1536":"https:\/\/natus.com\/wp-content\/uploads\/icon-feature.png","1536x1536-width":43,"1536x1536-height":41,"2048x2048":"https:\/\/natus.com\/wp-content\/uploads\/icon-feature.png","2048x2048-width":43,"2048x2048-height":41}},"icon_description":"Farbcodierte <br \/>\r\nKabel"},{"icon":{"ID":1942,"id":1942,"title":"icon-flag","filename":"icon-flag.png","filesize":664,"url":"https:\/\/natus.com\/wp-content\/uploads\/icon-flag.png","link":"https:\/\/natus.com\/de\/neuro\/dantec-clavis-emg-handgeraet\/icon-flag-2\/","alt":"Icon - Flag","author":"2","description":"","caption":"","name":"icon-flag-2","status":"inherit","uploaded_to":8727,"date":"2023-09-01 19:14:05","modified":"2024-07-29 21:19:56","menu_order":0,"mime_type":"image\/png","type":"image","subtype":"png","icon":"https:\/\/natus.com\/wp-includes\/images\/media\/default.png","width":30,"height":42,"sizes":{"thumbnail":"https:\/\/natus.com\/wp-content\/uploads\/icon-flag.png","thumbnail-width":30,"thumbnail-height":42,"medium":"https:\/\/natus.com\/wp-content\/uploads\/icon-flag.png","medium-width":30,"medium-height":42,"medium_large":"https:\/\/natus.com\/wp-content\/uploads\/icon-flag.png","medium_large-width":30,"medium_large-height":42,"large":"https:\/\/natus.com\/wp-content\/uploads\/icon-flag.png","large-width":30,"large-height":42,"1536x1536":"https:\/\/natus.com\/wp-content\/uploads\/icon-flag.png","1536x1536-width":30,"1536x1536-height":42,"2048x2048":"https:\/\/natus.com\/wp-content\/uploads\/icon-flag.png","2048x2048-width":30,"2048x2048-height":42}},"icon_description":"Sterilisiert"},{"icon":{"ID":2433,"id":2433,"title":"icon-options","filename":"icon-options.png","filesize":1971,"url":"https:\/\/natus.com\/wp-content\/uploads\/icon-options.png","link":"https:\/\/natus.com\/de\/neuro\/icon-options-2\/","alt":"Icon - Multi Option","author":"2","description":"","caption":"","name":"icon-options-2","status":"inherit","uploaded_to":10462,"date":"2023-09-08 17:24:45","modified":"2024-07-29 21:17:09","menu_order":0,"mime_type":"image\/png","type":"image","subtype":"png","icon":"https:\/\/natus.com\/wp-includes\/images\/media\/default.png","width":47,"height":47,"sizes":{"thumbnail":"https:\/\/natus.com\/wp-content\/uploads\/icon-options.png","thumbnail-width":47,"thumbnail-height":47,"medium":"https:\/\/natus.com\/wp-content\/uploads\/icon-options.png","medium-width":47,"medium-height":47,"medium_large":"https:\/\/natus.com\/wp-content\/uploads\/icon-options.png","medium_large-width":47,"medium_large-height":47,"large":"https:\/\/natus.com\/wp-content\/uploads\/icon-options.png","large-width":47,"large-height":47,"1536x1536":"https:\/\/natus.com\/wp-content\/uploads\/icon-options.png","1536x1536-width":47,"1536x1536-height":47,"2048x2048":"https:\/\/natus.com\/wp-content\/uploads\/icon-options.png","2048x2048-width":47,"2048x2048-height":47}},"icon_description":"Luer Lock \/ <br \/>\r\nSlip Fit <br \/>\r\nKonnektor"}],"quick_navigation":[{"quick_link":{"type":"url","value":"#contact-neuro","url":"#contact-neuro","name":"#contact-neuro","title":"Kontakt","target":""}},{"quick_link":{"type":"url","value":"#n65144580a8640","url":"#n65144580a8640","name":"#n65144580a8640","title":"Mehr Details erkunden","target":""}}],"description":"","message_label":"Service und Unterst\u00fctzung","message_title":"Suchen Sie einen Neuro-Produktservice oder technische Unterst\u00fctzung?","message_link":{"type":"post","value":"8364","url":"https:\/\/natus.com\/de\/support\/","name":"Service und Support","title":"Natus Service und Unterst\u00fctzung","target":""},"right_sticky_image":{"ID":3313,"id":3313,"title":"Boject DHN Main Product Photo_500x850","filename":"boject-tan-9013S0422-400x850-rev2.png","filesize":215545,"url":"https:\/\/natus.com\/wp-content\/uploads\/boject-tan-9013S0422-400x850-rev2.png","link":"https:\/\/natus.com\/de\/neuro\/bo-ject-dhn-einmal-verwendbare-injektionsnadelelektroden\/boject-dhn-main-product-photo_500x850-2\/","alt":"Bo-ject\u00ae DHN Disposable Hypodermic Injectable Needle Electrodes","author":"2","description":"","caption":"","name":"boject-dhn-main-product-photo_500x850-2","status":"inherit","uploaded_to":8773,"date":"2023-09-12 03:23:51","modified":"2024-07-22 16:51:49","menu_order":0,"mime_type":"image\/png","type":"image","subtype":"png","icon":"https:\/\/natus.com\/wp-includes\/images\/media\/default.png","width":500,"height":850,"sizes":{"thumbnail":"https:\/\/natus.com\/wp-content\/uploads\/boject-tan-9013S0422-400x850-rev2.png","thumbnail-width":56,"thumbnail-height":96,"medium":"https:\/\/natus.com\/wp-content\/uploads\/boject-tan-9013S0422-400x850-rev2.png","medium-width":500,"medium-height":850,"medium_large":"https:\/\/natus.com\/wp-content\/uploads\/boject-tan-9013S0422-400x850-rev2.png","medium_large-width":500,"medium_large-height":850,"large":"https:\/\/natus.com\/wp-content\/uploads\/boject-tan-9013S0422-400x850-rev2.png","large-width":500,"large-height":850,"1536x1536":"https:\/\/natus.com\/wp-content\/uploads\/boject-tan-9013S0422-400x850-rev2.png","1536x1536-width":500,"1536x1536-height":850,"2048x2048":"https:\/\/natus.com\/wp-content\/uploads\/boject-tan-9013S0422-400x850-rev2.png","2048x2048-width":500,"2048x2048-height":850}}}},{"acf_fc_layout":"product_information","_acfe_flexible_toggle":"","left_accordion_right_image_landing":{"module_options":{"":null,"module_id":"n65144580a8640","module_class":"","module_background_type":"color","module_background_color":"","module_background_image":false,"module_background_video":"","activate_custom_padding":false,"padding_top_desktop":"0","padding_top_tablet":"0","padding_top_mobile":"0","padding_bottom_desktop":"0","padding_bottom_tablet":"0","padding_bottom_mobile":"0","activate_custom_margin":false,"margin_top_desktop":"0","margin_top_tablet":"0","margin_top_mobile":"0","margin_bottom_desktop":"0","margin_bottom_tablet":"0","margin_bottom_mobile":"0","disable_on":[],"content_alignment_desktop":"left","content_alignment_tablet":"left","content_alignment_mobile":"left"},"intro":"Informationen zum Produkt","description":"","accordion":[{"title":"Spezifikationen","accordion_content":[{"acf_fc_layout":"left_content_right_image","accordion_description":"<p><strong>Elektrode<\/strong><\/p>\n<ul>\n<li><strong>Kan\u00fcle:<\/strong>\u00a0Edelstahl<\/li>\n<li><strong>Beschichtung:<\/strong>\u00a0PTFE<\/li>\n<li><strong>Nabe:<\/strong>\u00a0Polypropylen<\/li>\n<li><strong>Schutzh\u00fclse:<\/strong>\u00a0Polypropylen<\/li>\n<\/ul>\n<p><strong>Verpackung<\/strong><\/p>\n<ul>\n<li><strong>Menge:<\/strong>\u00a010 Nadeln\/Karton<\/li>\n<\/ul>\n","accordion_image":{"ID":2461,"id":2461,"title":"bo-ject_needle_tip","filename":"bo-ject_needle_tip.jpg","filesize":48245,"url":"https:\/\/natus.com\/wp-content\/uploads\/bo-ject_needle_tip.jpg","link":"https:\/\/natus.com\/de\/neuro\/teca-myoject-einmal-verwendbare-luer-lock-injektionsnadelelektroden\/bo-ject_needle_tip-2\/","alt":"Bo-ject needle tip","author":"3","description":"","caption":"","name":"bo-ject_needle_tip-2","status":"inherit","uploaded_to":9233,"date":"2023-09-08 18:32:22","modified":"2024-07-29 21:16:35","menu_order":0,"mime_type":"image\/jpeg","type":"image","subtype":"jpeg","icon":"https:\/\/natus.com\/wp-includes\/images\/media\/default.png","width":265,"height":296,"sizes":{"thumbnail":"https:\/\/natus.com\/wp-content\/uploads\/bo-ject_needle_tip.jpg","thumbnail-width":86,"thumbnail-height":96,"medium":"https:\/\/natus.com\/wp-content\/uploads\/bo-ject_needle_tip.jpg","medium-width":265,"medium-height":296,"medium_large":"https:\/\/natus.com\/wp-content\/uploads\/bo-ject_needle_tip.jpg","medium_large-width":265,"medium_large-height":296,"large":"https:\/\/natus.com\/wp-content\/uploads\/bo-ject_needle_tip.jpg","large-width":265,"large-height":296,"1536x1536":"https:\/\/natus.com\/wp-content\/uploads\/bo-ject_needle_tip.jpg","1536x1536-width":265,"1536x1536-height":296,"2048x2048":"https:\/\/natus.com\/wp-content\/uploads\/bo-ject_needle_tip.jpg","2048x2048-width":265,"2048x2048-height":296}}}]},{"title":"Produktliteratur herunterladen","accordion_content":[{"acf_fc_layout":"full_content","accordion_description":"<p><strong>Flyer f\u00fcr einmal verwendbare Dantec Bo-ject DHN Nadelelektroden<\/strong><br \/>\n<a href=\"https:\/\/natus.bynder.com\/m\/c82d69097d43d557\/original\/Dantec-Bo-Ject-DHN-Disposable-Needle-Electrodes-Flyer.pdf\" target=\"_blank\" rel=\"noopener\">Englisch<\/a><br \/>\n<a href=\"https:\/\/natus.bynder.com\/m\/eafeeaf045c7cb63\/original\/Dantec-Bo-Ject-DHN-Disposable-Needle-Electrodes-Flyer.pdf\" target=\"_blank\" rel=\"noopener\">Franz\u00f6sisch<\/a><br \/>\n<a href=\"https:\/\/natus.bynder.com\/m\/0a6ce3be3434b43a\/original\/Dantec-Bo-Ject-DHN-Disposable-Needle-Electrodes-Flyer.pdf\" target=\"_blank\" rel=\"noopener\">Deutsch<\/a><br \/>\n<a href=\"https:\/\/natus.bynder.com\/m\/df63efa40f671450\/original\/Dantec-Bo-Ject-DHN-Disposable-Needle-Electrodes-Flyer.pdf\">Italienisch<\/a><br \/>\n<a href=\"https:\/\/natus.bynder.com\/m\/7b1a6c6630b77b82\/original\/Dantec-Bo-Ject-DHN-Disposable-Needle-Electrodes-Flyer.pdf\" target=\"_blank\" rel=\"noopener\">Chinesisch<\/a><\/p>\n<p>&nbsp;<\/p>\n<p><strong>Natus Katalog f\u00fcr neurodiagnostisches Zubeh\u00f6r<\/strong><br \/>\n<a href=\"https:\/\/natus.bynder.com\/m\/990029e101bebd22\/original\/Natus-Neurodiagnostic-Supplies-Catalog.pdf\">Englisch<\/a><br \/>\n<a href=\"https:\/\/natus.bynder.com\/m\/158d8472457a8340\/original\/Natus-Neurodiagnostic-Supplies-Catalog.pdf\">Franz\u00f6sisch<\/a><br \/>\n<a href=\"https:\/\/natus.bynder.com\/m\/2af7bff78ece1e68\/original\/Natus-Neurodiagnostic-Supplies-Catalog.pdf\">Deutsch<\/a><br \/>\n<a href=\"https:\/\/natus.bynder.com\/m\/381843ac1f7e9034\/original\/Natus-Neurodiagnostic-Supplies-Catalog.pdf\">Spanisch<\/a><\/p>\n"}]}],"image_left":false}},{"acf_fc_layout":"related_products","_acfe_flexible_toggle":"","tiles_3_columns_landing":{"module_options":{"":null,"module_id":"n65144580afd5d","module_class":"","module_background_type":"color","module_background_color":"","module_background_image":false,"module_background_video":"","activate_custom_padding":false,"padding_top_desktop":"0","padding_top_tablet":"0","padding_top_mobile":"0","padding_bottom_desktop":"0","padding_bottom_tablet":"0","padding_bottom_mobile":"0","activate_custom_margin":false,"margin_top_desktop":"0","margin_top_tablet":"0","margin_top_mobile":"0","margin_bottom_desktop":"0","margin_bottom_tablet":"0","margin_bottom_mobile":"0","disable_on":[],"content_alignment_desktop":"left","content_alignment_tablet":"left","content_alignment_mobile":"left"},"intro_text":"Verwandte Neuro Produkte","intro_text_color":"#005e63","intro_link":{"type":"post","value":"8334","url":"https:\/\/natus.com\/de\/neuro-produkte\/","name":"Neuro-Produkte","title":"Alle Neuro-Produkte anzeigen","target":""},"tiles":[{"label":"EMG-Handger\u00e4t","label_background_color":"#154284","image":{"ID":3298,"id":3298,"title":"Dantec Clavis Related Product Photo_500x400","filename":"Dantec-Clavis-Related-Product-Photo_500x400.png","filesize":207103,"url":"https:\/\/natus.com\/wp-content\/uploads\/Dantec-Clavis-Related-Product-Photo_500x400.png","link":"https:\/\/natus.com\/de\/neuro\/bo-ject-dhn-einmal-verwendbare-injektionsnadelelektroden\/dantec-clavis-related-product-photo_500x400-2\/","alt":"Dantec Clavis ","author":"2","description":"","caption":"","name":"dantec-clavis-related-product-photo_500x400-2","status":"inherit","uploaded_to":8773,"date":"2023-09-12 03:11:31","modified":"2024-07-29 21:03:12","menu_order":0,"mime_type":"image\/png","type":"image","subtype":"png","icon":"https:\/\/natus.com\/wp-includes\/images\/media\/default.png","width":500,"height":400,"sizes":{"thumbnail":"https:\/\/natus.com\/wp-content\/uploads\/Dantec-Clavis-Related-Product-Photo_500x400.png","thumbnail-width":120,"thumbnail-height":96,"medium":"https:\/\/natus.com\/wp-content\/uploads\/Dantec-Clavis-Related-Product-Photo_500x400.png","medium-width":500,"medium-height":400,"medium_large":"https:\/\/natus.com\/wp-content\/uploads\/Dantec-Clavis-Related-Product-Photo_500x400.png","medium_large-width":500,"medium_large-height":400,"large":"https:\/\/natus.com\/wp-content\/uploads\/Dantec-Clavis-Related-Product-Photo_500x400.png","large-width":500,"large-height":400,"1536x1536":"https:\/\/natus.com\/wp-content\/uploads\/Dantec-Clavis-Related-Product-Photo_500x400.png","1536x1536-width":500,"1536x1536-height":400,"2048x2048":"https:\/\/natus.com\/wp-content\/uploads\/Dantec-Clavis-Related-Product-Photo_500x400.png","2048x2048-width":500,"2048x2048-height":400}},"title":"Dantec\u00ae Clavis\u2122 EMG-Handger\u00e4t","link":{"type":"post","value":"8727","url":"https:\/\/natus.com\/de\/neuro\/dantec-clavis-emg-handgeraet\/","name":"Dantec\u00ae Clavis\u2122 EMG-Handger\u00e4t","title":"Mehr Erfahren","target":"_blank"}},{"label":"EMG-Lieferungen","label_background_color":"#154284","image":{"ID":3308,"id":3308,"title":"Teca Myoject Luer Lock Related Product Photo_500x400","filename":"TECA-Myoject-GRN-MJT-3726-LL-500x400-1.jpg","filesize":104869,"url":"https:\/\/natus.com\/wp-content\/uploads\/TECA-Myoject-GRN-MJT-3726-LL-500x400-1.jpg","link":"https:\/\/natus.com\/de\/neuro\/bo-ject-dhn-einmal-verwendbare-injektionsnadelelektroden\/teca-myoject-luer-lock-related-product-photo_500x400-2\/","alt":"Teca Myoject Luer Lock ","author":"2","description":"","caption":"","name":"teca-myoject-luer-lock-related-product-photo_500x400-2","status":"inherit","uploaded_to":8773,"date":"2023-09-12 03:23:13","modified":"2024-07-29 21:03:00","menu_order":0,"mime_type":"image\/png","type":"image","subtype":"png","icon":"https:\/\/natus.com\/wp-includes\/images\/media\/default.png","width":500,"height":400,"sizes":{"thumbnail":"https:\/\/natus.com\/wp-content\/uploads\/TECA-Myoject-GRN-MJT-3726-LL-500x400-1.jpg","thumbnail-width":120,"thumbnail-height":96,"medium":"https:\/\/natus.com\/wp-content\/uploads\/TECA-Myoject-GRN-MJT-3726-LL-500x400-1.jpg","medium-width":500,"medium-height":400,"medium_large":"https:\/\/natus.com\/wp-content\/uploads\/TECA-Myoject-GRN-MJT-3726-LL-500x400-1.jpg","medium_large-width":500,"medium_large-height":400,"large":"https:\/\/natus.com\/wp-content\/uploads\/TECA-Myoject-GRN-MJT-3726-LL-500x400-1.jpg","large-width":500,"large-height":400,"1536x1536":"https:\/\/natus.com\/wp-content\/uploads\/TECA-Myoject-GRN-MJT-3726-LL-500x400-1.jpg","1536x1536-width":500,"1536x1536-height":400,"2048x2048":"https:\/\/natus.com\/wp-content\/uploads\/TECA-Myoject-GRN-MJT-3726-LL-500x400-1.jpg","2048x2048-width":500,"2048x2048-height":400}},"title":"TECA\u00ae MyoJect\u00ae Einmal Verwendbare Luer-Lock-Injektionsnadelelektroden","link":{"type":"post","value":"9233","url":"https:\/\/natus.com\/de\/neuro\/teca-myoject-einmal-verwendbare-luer-lock-injektionsnadelelektroden\/","name":"TECA\u00ae MyoJect\u00ae Einmal Verwendbare Luer-Lock-Injektionsnadelelektroden","title":"Mehr Erfahren","target":"_blank"}},{"label":"EMG-Lieferungen","label_background_color":"#154284","image":{"ID":3303,"id":3303,"title":"Teca Concentric Needles Related Product Photo_500x400","filename":"Teca-Concentric-Needles-Related-Product-Photo_500x400.png","filesize":54481,"url":"https:\/\/natus.com\/wp-content\/uploads\/Teca-Concentric-Needles-Related-Product-Photo_500x400.png","link":"https:\/\/natus.com\/de\/neuro\/bo-ject-dhn-einmal-verwendbare-injektionsnadelelektroden\/teca-concentric-needles-related-product-photo_500x400-2\/","alt":"Teca Concentric Needles","author":"2","description":"","caption":"","name":"teca-concentric-needles-related-product-photo_500x400-2","status":"inherit","uploaded_to":8773,"date":"2023-09-12 03:19:29","modified":"2024-07-29 21:03:07","menu_order":0,"mime_type":"image\/png","type":"image","subtype":"png","icon":"https:\/\/natus.com\/wp-includes\/images\/media\/default.png","width":500,"height":400,"sizes":{"thumbnail":"https:\/\/natus.com\/wp-content\/uploads\/Teca-Concentric-Needles-Related-Product-Photo_500x400.png","thumbnail-width":120,"thumbnail-height":96,"medium":"https:\/\/natus.com\/wp-content\/uploads\/Teca-Concentric-Needles-Related-Product-Photo_500x400.png","medium-width":500,"medium-height":400,"medium_large":"https:\/\/natus.com\/wp-content\/uploads\/Teca-Concentric-Needles-Related-Product-Photo_500x400.png","medium_large-width":500,"medium_large-height":400,"large":"https:\/\/natus.com\/wp-content\/uploads\/Teca-Concentric-Needles-Related-Product-Photo_500x400.png","large-width":500,"large-height":400,"1536x1536":"https:\/\/natus.com\/wp-content\/uploads\/Teca-Concentric-Needles-Related-Product-Photo_500x400.png","1536x1536-width":500,"1536x1536-height":400,"2048x2048":"https:\/\/natus.com\/wp-content\/uploads\/Teca-Concentric-Needles-Related-Product-Photo_500x400.png","2048x2048-width":500,"2048x2048-height":400}},"title":"TECA\u00ae Elite einmal verwendbare konzentrische Nadelelektroden","link":{"type":"post","value":"8562","url":"https:\/\/natus.com\/de\/neuro\/teca-elite-einmal-verwendbare-konzentrische-nadelelektroden\/","name":"TECA\u00ae Elite einmal verwendbare konzentrische Nadelelektroden","title":"Mehr Erfahren","target":"_blank"}}]}},{"acf_fc_layout":"contact_form","_acfe_flexible_toggle":"","contact_form_landing":{"module_options":{"":null,"module_id":"contact-neuro","module_class":"","module_background_type":"color","module_background_color":"#f1f1f1","module_background_image":false,"module_background_video":"","activate_custom_padding":false,"padding_top_desktop":"0","padding_top_tablet":"0","padding_top_mobile":"0","padding_bottom_desktop":"0","padding_bottom_tablet":"0","padding_bottom_mobile":"0","activate_custom_margin":false,"margin_top_desktop":"0","margin_top_tablet":"0","margin_top_mobile":"0","margin_bottom_desktop":"0","margin_bottom_tablet":"0","margin_bottom_mobile":"0","disable_on":[],"content_alignment_desktop":"left","content_alignment_tablet":"left","content_alignment_mobile":"left"},"":null,"activate_intro":true,"intro_text":"Kontaktieren Sie Ihren Natus-Kundenberater","intro_text_color":"#005e63","intro_link":null,"activate_description":true,"description_title":"","description_copy":"Um weitere Informationen \u00fcber dieses oder andere Produkte zu erhalten, f\u00fcllen Sie bitte das nachfolgende Formular aus.","embed_code":"<script charset=\"utf-8\" type=\"text\/javascript\" src=\"\/\/js.hsforms.net\/forms\/embed\/v2.js\"><\/script>\r\n<script>\r\n  hbspt.forms.create({\r\n    region: \"na1\",\r\n    portalId: \"3002890\",\r\n    formId: \"a630c68b-d22b-4bf1-a490-5a8d8eec62b1\"\r\n  });\r\n<\/script>"}},{"acf_fc_layout":"simple_content","_acfe_flexible_toggle":"","content_full_width_landing":{"module_options":{"":null,"module_id":"n65144580bdbd9","module_class":"","module_background_type":"color","module_background_color":"","module_background_image":false,"module_background_video":"","activate_custom_padding":false,"padding_top_desktop":"0","padding_top_tablet":"0","padding_top_mobile":"0","padding_bottom_desktop":"0","padding_bottom_tablet":"0","padding_bottom_mobile":"0","activate_custom_margin":false,"margin_top_desktop":"0","margin_top_tablet":"0","margin_top_mobile":"0","margin_bottom_desktop":"0","margin_bottom_tablet":"0","margin_bottom_mobile":"0","disable_on":[],"content_alignment_desktop":"left","content_alignment_tablet":"left","content_alignment_mobile":"left"},"content":"<p><span style=\"font-size: 11px;\">035213 RevA<\/span><\/p>\n"}}]},"_links":{"self":[{"href":"https:\/\/natus.com\/de\/wp-json\/wp\/v2\/pages\/8773","targetHints":{"allow":["GET"]}}],"collection":[{"href":"https:\/\/natus.com\/de\/wp-json\/wp\/v2\/pages"}],"about":[{"href":"https:\/\/natus.com\/de\/wp-json\/wp\/v2\/types\/page"}],"author":[{"embeddable":true,"href":"https:\/\/natus.com\/de\/wp-json\/wp\/v2\/users\/3"}],"replies":[{"embeddable":true,"href":"https:\/\/natus.com\/de\/wp-json\/wp\/v2\/comments?post=8773"}],"version-history":[{"count":7,"href":"https:\/\/natus.com\/de\/wp-json\/wp\/v2\/pages\/8773\/revisions"}],"predecessor-version":[{"id":20691,"href":"https:\/\/natus.com\/de\/wp-json\/wp\/v2\/pages\/8773\/revisions\/20691"}],"up":[{"embeddable":true,"href":"https:\/\/natus.com\/de\/wp-json\/wp\/v2\/pages\/10462"}],"wp:attachment":[{"href":"https:\/\/natus.com\/de\/wp-json\/wp\/v2\/media?parent=8773"}],"wp:term":[{"taxonomy":"category","embeddable":true,"href":"https:\/\/natus.com\/de\/wp-json\/wp\/v2\/categories?post=8773"},{"taxonomy":"post_tag","embeddable":true,"href":"https:\/\/natus.com\/de\/wp-json\/wp\/v2\/tags?post=8773"}],"curies":[{"name":"wp","href":"https:\/\/api.w.org\/{rel}","templated":true}]}}