{"id":9417,"date":"2023-09-08T15:09:55","date_gmt":"2023-09-08T15:09:55","guid":{"rendered":"https:\/\/natus.com\/natus-brain-monitor-eeg-amplifier\/"},"modified":"2025-12-01T20:51:06","modified_gmt":"2025-12-01T20:51:06","slug":"natus-brain-monitor-eeg-verstaerker","status":"publish","type":"page","link":"https:\/\/natus.com\/de\/neuro\/natus-brain-monitor-eeg-verstaerker\/","title":{"rendered":"Natus\u00ae Brain Monitor EEG-Verst\u00e4rker"},"content":{"rendered":"","protected":false},"excerpt":{"rendered":"","protected":false},"author":2,"featured_media":0,"parent":10462,"menu_order":0,"comment_status":"closed","ping_status":"closed","template":"templates\/page-neuro-solutions-product-landing.php","meta":{"_acf_changed":false,"footnotes":""},"categories":[158],"tags":[224,159,160],"class_list":["post-9417","page","type-page","status-publish","hentry","category-elektroenzephalografie-eeg-aeeg-de","tag-eeg-auf-der-intensivstation-de","tag-icu-uberwachung-de","tag-routine-eeg-de"],"acf":{"content_blocks":[{"acf_fc_layout":"spacer","_acfe_flexible_layout_title":null,"_acfe_flexible_toggle":null,"spacer":{"module_options":{"":null,"module_id":"n6514e87cedd36","module_class":"","module_background_type":"color","module_background_color":"#00aaa7","module_background_image":false,"module_background_video":"","activate_custom_padding":false,"padding_top_desktop":"0","padding_top_tablet":"0","padding_top_mobile":"0","padding_bottom_desktop":"0","padding_bottom_tablet":"0","padding_bottom_mobile":"0","activate_custom_margin":false,"margin_top_desktop":"0","margin_top_tablet":"0","margin_top_mobile":"0","margin_bottom_desktop":"0","margin_bottom_tablet":"0","margin_bottom_mobile":"0","disable_on":[],"content_alignment_desktop":"left","content_alignment_tablet":"left","content_alignment_mobile":"left"},"height":"270"}},{"acf_fc_layout":"intro_with_sticky_image","_acfe_flexible_layout_title":null,"_acfe_flexible_toggle":null,"left_content_right_image_sticky":{"module_options":{"":null,"module_id":"n6514e87d00aeb","module_class":"","module_background_type":"color","module_background_color":"#f1f1f1","module_background_image":false,"module_background_video":"","activate_custom_padding":false,"padding_top_desktop":"0","padding_top_tablet":"0","padding_top_mobile":"0","padding_bottom_desktop":"0","padding_bottom_tablet":"0","padding_bottom_mobile":"0","activate_custom_margin":false,"margin_top_desktop":"0","margin_top_tablet":"0","margin_top_mobile":"0","margin_bottom_desktop":"0","margin_bottom_tablet":"0","margin_bottom_mobile":"0","disable_on":[],"content_alignment_desktop":"left","content_alignment_tablet":"left","content_alignment_mobile":"left"},"":null,"title":"Natus<sup>\u00ae<\/sup> Brain Monitor EEG-Verst\u00e4rker","subheader":"<p>Der Natus Brain Monitor ist ein erweiterter Verst\u00e4rker der n\u00e4chsten Generation f\u00fcr EEG-Untersuchungen, Langzeit-Monitoring und \u00dcberwachungsverfahren auf der Intensivstation. Die h\u00f6heren Abtastraten, die gr\u00f6\u00dfere Signalbandbreite und zus\u00e4tzliche konfigurierbare Eing\u00e4nge machen diesen Verst\u00e4rker zur perfekten Wahl f\u00fcr praktisch alle klinischen Umgebungen wie EEG, LTM und ICU.<\/p>\n<p>\u00a0<\/p>\n<p>Der Natus Brain Monitor bietet 64 referentielle Kan\u00e4le f\u00fcr Oberfl\u00e4chen- und intrakranielle EEG-Untersuchungen. Die Verwendung des gleichen Basisger\u00e4ts wie beim Natus Quantum-Verst\u00e4rker erm\u00f6glicht die einfache Umstellung der Einrichtung zwischen Aufzeichnungen auf der Kopfhaut mittels Natus Brain Monitor und intrakraniellen Untersuchungen mittels Natus Quantum.<\/p>\n<p>\u00a0<\/p>\n<p><strong>Hauptmerkmale:<\/strong><\/p>\n<ul>\n<li>Bis zu 64 AC-Kan\u00e4le (konfigurierbar als 40\u00a0referentielle und 24\u00a0referentielle\/differentielle Eing\u00e4nge)<\/li>\n<li>Bis zu 16 DC-Kan\u00e4le (12 am Natus-Basisger\u00e4t sowie 4 an der Brain Monitor-Breakout-Box)<\/li>\n<li>Bis zu 4 kHz Abtastrate<\/li>\n<li>Eingebautes Pulsoximeter<\/li>\n<li>Touchscreen-Display am Basisger\u00e4t erm\u00f6glicht Interaktion mit laufenden Untersuchungen in Echtzeit<\/li>\n<li>Sofortige Impedanzpr\u00fcfung der Elektroden \u00fcber das integrierte Touchscreen-Bedieninterface<\/li>\n<li>Bio-Kalibrierungen am Patientenbett<\/li>\n<li>Leichte Breakout-Box erh\u00f6ht die Mobilit\u00e4t des Patienten<\/li>\n<li>Integrierter 8-Bit-Trigger zur Synchronisierung externer Ereignisse<\/li>\n<li>Basisger\u00e4t mit Natus Quantum und EMU40EX kompatibel<\/li>\n<li>Integrierte Nachtbeleuchtung<\/li>\n<li>Integrierter A\/D-Wandler zur Digitalisierung von Daten minimiert den Ger\u00e4uschpegel auf der Patientenseite<\/li>\n<li>Als wandmontiertes oder wagenbasiertes System verf\u00fcgbar<\/li>\n<\/ul>\n<p><span style=\"font-size: 12px;\">Erfordert NeuroWorks 9.0 oder h\u00f6her. Nicht in allen L\u00e4ndern erh\u00e4ltlich. Verf\u00fcgbarkeit auf Anfrage bei Ihrem zust\u00e4ndigen Vertriebsmitarbeiter.<\/span><\/p>\n","icons":[{"icon":{"ID":2245,"id":2245,"title":"icon-channels","filename":"icon-channels.png","filesize":1062,"url":"https:\/\/natus.com\/wp-content\/uploads\/icon-channels.png","link":"https:\/\/natus.com\/de\/neuro\/icon-channels-2\/","alt":"Icon - Channels","author":"2","description":"","caption":"","name":"icon-channels-2","status":"inherit","uploaded_to":10462,"date":"2023-09-07 23:18:48","modified":"2024-07-29 21:18:55","menu_order":0,"mime_type":"image\/png","type":"image","subtype":"png","icon":"https:\/\/natus.com\/wp-includes\/images\/media\/default.png","width":58,"height":43,"sizes":{"thumbnail":"https:\/\/natus.com\/wp-content\/uploads\/icon-channels.png","thumbnail-width":58,"thumbnail-height":43,"medium":"https:\/\/natus.com\/wp-content\/uploads\/icon-channels.png","medium-width":58,"medium-height":43,"medium_large":"https:\/\/natus.com\/wp-content\/uploads\/icon-channels.png","medium_large-width":58,"medium_large-height":43,"large":"https:\/\/natus.com\/wp-content\/uploads\/icon-channels.png","large-width":58,"large-height":43,"1536x1536":"https:\/\/natus.com\/wp-content\/uploads\/icon-channels.png","1536x1536-width":58,"1536x1536-height":43,"2048x2048":"https:\/\/natus.com\/wp-content\/uploads\/icon-channels.png","2048x2048-width":58,"2048x2048-height":43}},"icon_description":"64<br \/>\r\nKan\u00e4le "},{"icon":{"ID":2250,"id":2250,"title":"icon-rate","filename":"icon-rate.png","filesize":2246,"url":"https:\/\/natus.com\/wp-content\/uploads\/icon-rate.png","link":"https:\/\/natus.com\/de\/neuro\/icon-rate-2\/","alt":"Icon - Rate","author":"2","description":"","caption":"","name":"icon-rate-2","status":"inherit","uploaded_to":10462,"date":"2023-09-07 23:19:56","modified":"2024-07-29 21:18:51","menu_order":0,"mime_type":"image\/png","type":"image","subtype":"png","icon":"https:\/\/natus.com\/wp-includes\/images\/media\/default.png","width":61,"height":46,"sizes":{"thumbnail":"https:\/\/natus.com\/wp-content\/uploads\/icon-rate.png","thumbnail-width":61,"thumbnail-height":46,"medium":"https:\/\/natus.com\/wp-content\/uploads\/icon-rate.png","medium-width":61,"medium-height":46,"medium_large":"https:\/\/natus.com\/wp-content\/uploads\/icon-rate.png","medium_large-width":61,"medium_large-height":46,"large":"https:\/\/natus.com\/wp-content\/uploads\/icon-rate.png","large-width":61,"large-height":46,"1536x1536":"https:\/\/natus.com\/wp-content\/uploads\/icon-rate.png","1536x1536-width":61,"1536x1536-height":46,"2048x2048":"https:\/\/natus.com\/wp-content\/uploads\/icon-rate.png","2048x2048-width":61,"2048x2048-height":46}},"icon_description":"4 kHz <br \/>\r\nAbtastrate"}],"quick_navigation":[{"quick_link":{"type":"url","value":"#contact-neuro","url":"#contact-neuro","name":"#contact-neuro","title":"Kontakt","target":""}},{"quick_link":{"type":"url","value":"#n6514e87d12389","url":"#n6514e87d12389","name":"#n6514e87d12389","title":"Mehr Details erkunden","target":""}}],"description":"","message_label":"Service und Unterst\u00fctzung","message_title":"Suchen Sie einen Neuro-Produktservice oder technische Unterst\u00fctzung?","message_link":{"type":"post","value":"8364","url":"https:\/\/natus.com\/de\/support\/","name":"Service und Support","title":"Natus Service und Unterst\u00fctzung","target":""},"right_sticky_image":{"ID":5019,"id":5019,"title":"Natus Brain Monitor Amp Main Product Photo - 500x850","filename":"Brain-Monitor_Main-Image.png","filesize":297426,"url":"https:\/\/natus.com\/wp-content\/uploads\/Brain-Monitor_Main-Image.png","link":"https:\/\/natus.com\/de\/neuro\/natus-brain-monitor-eeg-verstaerker\/natus-brain-monitor-amp-main-product-photo-500x850-2\/","alt":"Natus\u00ae Brain Monitor EEG Amplifier","author":"2","description":"","caption":"","name":"natus-brain-monitor-amp-main-product-photo-500x850-2","status":"inherit","uploaded_to":9417,"date":"2023-09-18 15:37:55","modified":"2024-07-26 18:59:40","menu_order":0,"mime_type":"image\/png","type":"image","subtype":"png","icon":"https:\/\/natus.com\/wp-includes\/images\/media\/default.png","width":500,"height":850,"sizes":{"thumbnail":"https:\/\/natus.com\/wp-content\/uploads\/Brain-Monitor_Main-Image.png","thumbnail-width":56,"thumbnail-height":96,"medium":"https:\/\/natus.com\/wp-content\/uploads\/Brain-Monitor_Main-Image.png","medium-width":500,"medium-height":850,"medium_large":"https:\/\/natus.com\/wp-content\/uploads\/Brain-Monitor_Main-Image.png","medium_large-width":500,"medium_large-height":850,"large":"https:\/\/natus.com\/wp-content\/uploads\/Brain-Monitor_Main-Image.png","large-width":500,"large-height":850,"1536x1536":"https:\/\/natus.com\/wp-content\/uploads\/Brain-Monitor_Main-Image.png","1536x1536-width":500,"1536x1536-height":850,"2048x2048":"https:\/\/natus.com\/wp-content\/uploads\/Brain-Monitor_Main-Image.png","2048x2048-width":500,"2048x2048-height":850}}}},{"acf_fc_layout":"product_information","_acfe_flexible_layout_title":null,"_acfe_flexible_toggle":null,"left_accordion_right_image_landing":{"module_options":{"":null,"module_id":"n6514e87d12389","module_class":"","module_background_type":"color","module_background_color":"#f1f1f1","module_background_image":false,"module_background_video":"","activate_custom_padding":false,"padding_top_desktop":"0","padding_top_tablet":"0","padding_top_mobile":"0","padding_bottom_desktop":"0","padding_bottom_tablet":"0","padding_bottom_mobile":"0","activate_custom_margin":false,"margin_top_desktop":"0","margin_top_tablet":"0","margin_top_mobile":"0","margin_bottom_desktop":"0","margin_bottom_tablet":"0","margin_bottom_mobile":"0","disable_on":[],"content_alignment_desktop":"left","content_alignment_tablet":"left","content_alignment_mobile":"left"},"intro":"Informationen zum Produkt","description":"","accordion":[{"title":"Software","accordion_content":[{"acf_fc_layout":"full_content","accordion_description":"<p>Die <a href=\"https:\/\/natus.com\/de\/neuro\/neuroworks-eeg-software\/\">Natus NeuroWorks EEG-Software<\/a> vereinfacht den Prozess der Erfassung, \u00dcberwachung, Erstellung von Trends und Verwaltung von EEG-Daten, so dass Sie Zeit sparen und sich auf die bestm\u00f6gliche Pflege konzentrieren k\u00f6nnen.<\/p>\n<p>Als die EEG-Plattform, der mehr Gesundheit-Dienstleister und Praxen auf der ganzen Welt vertrauen, hat NeuroWorks seine Zuverl\u00e4ssigkeit in allen klinischen Umgebungen bewiesen, einschlie\u00dflich Routine-EEG-Tests, ambulantes EEG, Langzeit\u00fcberwachung (LTM), \u00dcberwachung auf der Intensivstation und Forschungsstudien.<\/p>\n"}]},{"title":"Produktliteratur Herunterladen","accordion_content":[{"acf_fc_layout":"full_content","accordion_description":"<p><strong>Brosch\u00fcre\u00a0f\u00fcr Natus NeuroWorks mit Quantum, Brain Monitor, EMU40EX, und Trex HDM<\/strong><br \/>\n<a href=\"https:\/\/partner.natus.com\/m\/20ec46d568b7b45a\/original\/Natus-NeuroWorks-with-Quantum-Brain-Monitor-EMU40EX-EEG32U-Trex-Flyer.pdf\" target=\"_blank\" rel=\"noopener\">Englisch<\/a><br \/>\n<a href=\"https:\/\/natus.bynder.com\/m\/2f81f77777cec526\/original\/Natus-NeuroWorks-with-Quantum-Brain-Monitor-EMU40EX-EEG32U-Trex-Flyer.pdf\" target=\"_blank\" rel=\"noopener\">Franz\u00f6sisch<\/a><br \/>\n<a href=\"https:\/\/natus.bynder.com\/m\/4a3a299cf4e21694\/original\/Natus-NeuroWorks-with-Quantum-Brain-Monitor-EMU40EX-EEG32U-Trex-Flyer.pdf\" target=\"_blank\" rel=\"noopener\">Deutsch<\/a><\/p>\n<p><strong>Brosch\u00fcre f\u00fcr Natus NeuroWorks EEG-L\u00f6sungen<\/strong><br \/>\n<a href=\"https:\/\/natus.bynder.com\/m\/39c501248902d32c\/original\/Natus-NeuroWorks-EEG-Solutions-with-Brain-Monitor-EEG32U-Brochure.pdf\" target=\"_blank\" rel=\"noopener\">Englisch<\/a><br \/>\n<a href=\"https:\/\/natus.bynder.com\/m\/ee96de165d2baa4b\/original\/Natus-NeuroWorks-EEG-Solutions-with-Brain-Monitor-EEG32U-Brochure.pdf\" target=\"_blank\" rel=\"noopener\">Franz\u00f6sisch<\/a><br \/>\n<a href=\"https:\/\/natus.bynder.com\/m\/74acc1a1b58bb0ca\/original\/Natus-NeuroWorks-EEG-Solutions-with-Brain-Monitor-EEG32U-Brochure.pdf\" target=\"_blank\" rel=\"noopener\">Deutsch<\/a><\/p>\n<p><strong>Brosch\u00fcre f\u00fcr Natus NeuroWorks ICU-L\u00f6sungen<\/strong><br \/>\n<a href=\"https:\/\/natus.bynder.com\/m\/d08eab22d7c135a2\/original\/Natus-NeuroWorks-ICU-with-Brain-Monitor-EMU40EX-Solutions-Brochure.pdf\" target=\"_blank\" rel=\"noopener\">Englisch<\/a><br \/>\n<a href=\"https:\/\/natus.bynder.com\/m\/a83d884eb54e8bb5\/original\/Natus-NeuroWorks-ICU-with-Brain-Monitor-EMU40EX-Solutions-Brochure.pdf\" target=\"_blank\" rel=\"noopener\">Franz\u00f6sisch<\/a><br \/>\n<a href=\"https:\/\/natus.bynder.com\/m\/37476ba04a314fc9\/original\/Natus-NeuroWorks-ICU-with-Brain-Monitor-EMU40EX-Solutions-Brochure.pdf\" target=\"_blank\" rel=\"noopener\">Deutsch<\/a><\/p>\n"}]},{"title":"Zubeh\u00f6r","accordion_content":[{"acf_fc_layout":"full_content","accordion_description":"<p>Natus bietet ein komplettes Zubeh\u00f6rangebot, um alle Ihre EEG-Anforderungen zu erf\u00fcllen.<\/p>\n<p><img loading=\"lazy\" decoding=\"async\" class=\"alignleft size-full wp-image-3991\" src=\"https:\/\/natus.com\/wp-content\/uploads\/EEG-Supplies_500w.png\" alt=\"\" width=\"500\" height=\"293\" \/><\/p>\n<ul>\n<li>Wiederverwendbare, originale Grass<sup>\u00ae<\/sup>\u00a0EEG-Napfelektroden<\/li>\n<li>Wiederverwendbare, gestanzte Grass EEG-Napfelektroden<\/li>\n<li>Einmal verwendbare Grass EEG-Napfelektroden und Elektroden mit tiefem Napf<\/li>\n<li><strong>wave<\/strong>guard<sup>\u2122<\/sup>\u00a0original Elektrodenkappen<\/li>\n<li><strong>wave<\/strong>guard connect Elektrodenkappen<\/li>\n<li>Produkte f\u00fcr die Elektrodenapplikation<\/li>\n<li>Praktisches Online-Portal &#8211; <a href=\"https:\/\/natus.com\/de\/natus-medical-stores\/\">Natus Medical Store<\/a> (nicht in allen L\u00e4ndern verf\u00fcgbar)<\/li>\n<\/ul>\n"}]}],"image_left":false}},{"acf_fc_layout":"related_products","_acfe_flexible_layout_title":null,"_acfe_flexible_toggle":null,"tiles_3_columns_landing":{"module_options":{"":null,"module_id":"n6514e87d1bd86","module_class":"","module_background_type":"color","module_background_color":"#f1f1f1","module_background_image":false,"module_background_video":"","activate_custom_padding":false,"padding_top_desktop":"0","padding_top_tablet":"0","padding_top_mobile":"0","padding_bottom_desktop":"0","padding_bottom_tablet":"0","padding_bottom_mobile":"0","activate_custom_margin":false,"margin_top_desktop":"0","margin_top_tablet":"0","margin_top_mobile":"0","margin_bottom_desktop":"0","margin_bottom_tablet":"0","margin_bottom_mobile":"0","disable_on":[],"content_alignment_desktop":"left","content_alignment_tablet":"left","content_alignment_mobile":"left"},"intro_text":"Verwandte Neuro Produkte","intro_text_color":"#005e63","intro_link":{"type":"post","value":"8334","url":"https:\/\/natus.com\/de\/neuro-produkte\/","name":"Neuro-Produkte","title":"Alle Neuro-Produkte anzeigen","target":""},"tiles":[{"label":"L\u00f6sungen f\u00fcr das Langzeit-Monitoring (LTM)v","label_background_color":"#154284","image":{"ID":4225,"id":4225,"title":"Quantum LTM Related Product Photo - 500x400","filename":"Quantum-main-image-10-16-B.png","filesize":169525,"url":"https:\/\/natus.com\/wp-content\/uploads\/Quantum-main-image-10-16-B.png","link":"https:\/\/natus.com\/de\/neuro\/neuroworks-eeg-software\/quantum-ltm-related-product-photo-500x400-2\/","alt":"Quantum LTM","author":"2","description":"","caption":"","name":"quantum-ltm-related-product-photo-500x400-2","status":"inherit","uploaded_to":9422,"date":"2023-09-14 15:28:51","modified":"2024-07-29 20:33:52","menu_order":0,"mime_type":"image\/png","type":"image","subtype":"png","icon":"https:\/\/natus.com\/wp-includes\/images\/media\/default.png","width":500,"height":400,"sizes":{"thumbnail":"https:\/\/natus.com\/wp-content\/uploads\/Quantum-main-image-10-16-B.png","thumbnail-width":120,"thumbnail-height":96,"medium":"https:\/\/natus.com\/wp-content\/uploads\/Quantum-main-image-10-16-B.png","medium-width":500,"medium-height":400,"medium_large":"https:\/\/natus.com\/wp-content\/uploads\/Quantum-main-image-10-16-B.png","medium_large-width":500,"medium_large-height":400,"large":"https:\/\/natus.com\/wp-content\/uploads\/Quantum-main-image-10-16-B.png","large-width":500,"large-height":400,"1536x1536":"https:\/\/natus.com\/wp-content\/uploads\/Quantum-main-image-10-16-B.png","1536x1536-width":500,"1536x1536-height":400,"2048x2048":"https:\/\/natus.com\/wp-content\/uploads\/Quantum-main-image-10-16-B.png","2048x2048-width":500,"2048x2048-height":400}},"title":"Natus\u00ae Quantum\u00ae LTM-Verst\u00e4rker","link":{"type":"post","value":"9486","url":"https:\/\/natus.com\/de\/neuro\/natus-quantum-ltm-verstaerker\/","name":"Natus\u00ae Quantum\u00ae LTM-Verst\u00e4rker","title":"Mehr Erfahren","target":"_blank"}},{"label":"EEG-Software","label_background_color":"#154284","image":{"ID":4267,"id":4267,"title":"NeuroWorks Related Product Photo - 500x400","filename":"Neuroworks-10-Related-Product-Photo-500x400-1.png","filesize":211965,"url":"https:\/\/natus.com\/wp-content\/uploads\/Neuroworks-10-Related-Product-Photo-500x400-1.png","link":"https:\/\/natus.com\/de\/neuro\/trex-eeg-system-ambulante-hd-videoueberwachung\/neuroworks-related-product-photo-500x400-2\/","alt":"","author":"2","description":"","caption":"","name":"neuroworks-related-product-photo-500x400-2","status":"inherit","uploaded_to":9772,"date":"2023-09-14 18:10:52","modified":"2023-09-28 20:08:52","menu_order":0,"mime_type":"image\/png","type":"image","subtype":"png","icon":"https:\/\/natus.com\/wp-includes\/images\/media\/default.png","width":500,"height":400,"sizes":{"thumbnail":"https:\/\/natus.com\/wp-content\/uploads\/Neuroworks-10-Related-Product-Photo-500x400-1.png","thumbnail-width":120,"thumbnail-height":96,"medium":"https:\/\/natus.com\/wp-content\/uploads\/Neuroworks-10-Related-Product-Photo-500x400-1.png","medium-width":500,"medium-height":400,"medium_large":"https:\/\/natus.com\/wp-content\/uploads\/Neuroworks-10-Related-Product-Photo-500x400-1.png","medium_large-width":500,"medium_large-height":400,"large":"https:\/\/natus.com\/wp-content\/uploads\/Neuroworks-10-Related-Product-Photo-500x400-1.png","large-width":500,"large-height":400,"1536x1536":"https:\/\/natus.com\/wp-content\/uploads\/Neuroworks-10-Related-Product-Photo-500x400-1.png","1536x1536-width":500,"1536x1536-height":400,"2048x2048":"https:\/\/natus.com\/wp-content\/uploads\/Neuroworks-10-Related-Product-Photo-500x400-1.png","2048x2048-width":500,"2048x2048-height":400}},"title":"Natus\u00ae NeuroWorks\u00ae EEG-Software","link":{"type":"post","value":"9422","url":"https:\/\/natus.com\/de\/neuro\/neuroworks-eeg-software\/","name":"Natus\u00ae NeuroWorks\u00ae EEG-Software","title":"Mehr Erfahren","target":"_blank"}},{"label":"L\u00f6sungen f\u00fcr das Langzeit-Monitoring (LTM)v","label_background_color":"#154284","image":{"ID":4555,"id":4555,"title":"EMU40EX Related Product Photo -500x400","filename":"EMU40-related-product-500x400-1.png","filesize":191407,"url":"https:\/\/natus.com\/wp-content\/uploads\/EMU40-related-product-500x400-1.png","link":"https:\/\/natus.com\/de\/neuro\/natus-quantum-ltm-verstaerker\/emu40ex-related-product-photo-500x400-2\/","alt":"EMU40EX Related Product Photo -500x400","author":"2","description":"","caption":"","name":"emu40ex-related-product-photo-500x400-2","status":"inherit","uploaded_to":9486,"date":"2023-09-15 01:09:52","modified":"2025-11-14 21:18:44","menu_order":0,"mime_type":"image\/png","type":"image","subtype":"png","icon":"https:\/\/natus.com\/wp-includes\/images\/media\/default.png","width":500,"height":400,"sizes":{"thumbnail":"https:\/\/natus.com\/wp-content\/uploads\/EMU40-related-product-500x400-1.png","thumbnail-width":120,"thumbnail-height":96,"medium":"https:\/\/natus.com\/wp-content\/uploads\/EMU40-related-product-500x400-1.png","medium-width":500,"medium-height":400,"medium_large":"https:\/\/natus.com\/wp-content\/uploads\/EMU40-related-product-500x400-1.png","medium_large-width":500,"medium_large-height":400,"large":"https:\/\/natus.com\/wp-content\/uploads\/EMU40-related-product-500x400-1.png","large-width":500,"large-height":400,"1536x1536":"https:\/\/natus.com\/wp-content\/uploads\/EMU40-related-product-500x400-1.png","1536x1536-width":500,"1536x1536-height":400,"2048x2048":"https:\/\/natus.com\/wp-content\/uploads\/EMU40-related-product-500x400-1.png","2048x2048-width":500,"2048x2048-height":400}},"title":"Drahtloser Natus\u00ae EMU40EX\u2122 LTM-Verst\u00e4rker","link":{"type":"post","value":"9480","url":"https:\/\/natus.com\/de\/neuro\/drahtloser-natus-emu40ex-ltm-verstaerker\/","name":"Drahtloser Natus\u00ae EMU40EX\u2122 LTM-Verst\u00e4rker","title":"Mehr Erfahren","target":"_blank"}}]}},{"acf_fc_layout":"contact_form","_acfe_flexible_layout_title":null,"_acfe_flexible_toggle":null,"contact_form_landing":{"module_options":{"":null,"module_id":"contact-neuro","module_class":"","module_background_type":"color","module_background_color":"#f1f1f1","module_background_image":false,"module_background_video":"","activate_custom_padding":false,"padding_top_desktop":"0","padding_top_tablet":"0","padding_top_mobile":"0","padding_bottom_desktop":"0","padding_bottom_tablet":"0","padding_bottom_mobile":"0","activate_custom_margin":false,"margin_top_desktop":"0","margin_top_tablet":"0","margin_top_mobile":"0","margin_bottom_desktop":"0","margin_bottom_tablet":"0","margin_bottom_mobile":"0","disable_on":[],"content_alignment_desktop":"left","content_alignment_tablet":"left","content_alignment_mobile":"left"},"":null,"activate_intro":true,"intro_text":"Kontaktieren Sie Ihren Natus-Kundenberater","intro_text_color":"#005e63","intro_link":null,"activate_description":true,"description_title":"","description_copy":"Um weitere Informationen \u00fcber dieses oder andere Produkte zu erhalten, f\u00fcllen Sie bitte das nachfolgende Formular aus.","embed_code":"<script charset=\"utf-8\" type=\"text\/javascript\" src=\"\/\/js.hsforms.net\/forms\/embed\/v2.js\"><\/script>\r\n<script>\r\n  hbspt.forms.create({\r\n    region: \"na1\",\r\n    portalId: \"3002890\",\r\n    formId: \"a630c68b-d22b-4bf1-a490-5a8d8eec62b1\"\r\n  });\r\n<\/script>"}},{"acf_fc_layout":"simple_content","_acfe_flexible_layout_title":null,"_acfe_flexible_toggle":null,"content_full_width_landing":{"module_options":{"":null,"module_id":"n6514e87d2c178","module_class":"","module_background_type":"color","module_background_color":"","module_background_image":false,"module_background_video":"","activate_custom_padding":false,"padding_top_desktop":"0","padding_top_tablet":"0","padding_top_mobile":"0","padding_bottom_desktop":"0","padding_bottom_tablet":"0","padding_bottom_mobile":"0","activate_custom_margin":false,"margin_top_desktop":"0","margin_top_tablet":"0","margin_top_mobile":"0","margin_bottom_desktop":"0","margin_bottom_tablet":"0","margin_bottom_mobile":"0","disable_on":[],"content_alignment_desktop":"left","content_alignment_tablet":"left","content_alignment_mobile":"left"},"content":"<p><span style=\"font-size: 11px;\">034902 RevC<\/span><\/p>\n"}}],"schema_markup":[{"acf_fc_layout":"schema_markup_product","_acfe_flexible_layout_title":null,"_acfe_flexible_toggle":null,"schema_markup_product":{"enable_schema":true,"":null,"device_name":"Natus\u00ae Brain Monitor EEG-Verst\u00e4rker","device_image":"https:\/\/natus.com\/wp-content\/uploads\/Natus-Brain-monitor_315px.png","device_desc":"Der Natus Brain Monitor ist ein erweiterter Verst\u00e4rker der n\u00e4chsten Generation f\u00fcr EEG-Untersuchungen, Langzeit-Monitoring und \u00dcberwachungsverfahren auf der Intensivstation.","device_purpose":"","manufacturer_name":"Natus Medical Incorporated","manufacturer_url":"https:\/\/natus.com","brand_name":"Natus","page_url":"https:\/\/natus.com\/de\/neuro\/natus-brain-monitor-eeg-verstaerker\/","in_language":"de","medical_specialty":["Neurologic"]}}]},"_links":{"self":[{"href":"https:\/\/natus.com\/de\/wp-json\/wp\/v2\/pages\/9417","targetHints":{"allow":["GET"]}}],"collection":[{"href":"https:\/\/natus.com\/de\/wp-json\/wp\/v2\/pages"}],"about":[{"href":"https:\/\/natus.com\/de\/wp-json\/wp\/v2\/types\/page"}],"author":[{"embeddable":true,"href":"https:\/\/natus.com\/de\/wp-json\/wp\/v2\/users\/2"}],"replies":[{"embeddable":true,"href":"https:\/\/natus.com\/de\/wp-json\/wp\/v2\/comments?post=9417"}],"version-history":[{"count":10,"href":"https:\/\/natus.com\/de\/wp-json\/wp\/v2\/pages\/9417\/revisions"}],"predecessor-version":[{"id":25544,"href":"https:\/\/natus.com\/de\/wp-json\/wp\/v2\/pages\/9417\/revisions\/25544"}],"up":[{"embeddable":true,"href":"https:\/\/natus.com\/de\/wp-json\/wp\/v2\/pages\/10462"}],"wp:attachment":[{"href":"https:\/\/natus.com\/de\/wp-json\/wp\/v2\/media?parent=9417"}],"wp:term":[{"taxonomy":"category","embeddable":true,"href":"https:\/\/natus.com\/de\/wp-json\/wp\/v2\/categories?post=9417"},{"taxonomy":"post_tag","embeddable":true,"href":"https:\/\/natus.com\/de\/wp-json\/wp\/v2\/tags?post=9417"}],"curies":[{"name":"wp","href":"https:\/\/api.w.org\/{rel}","templated":true}]}}