{"id":9466,"date":"2023-09-08T20:18:02","date_gmt":"2023-09-08T20:18:02","guid":{"rendered":"https:\/\/natus.com\/genuine-grass-reusable-subdermal-needle-electrodes\/"},"modified":"2024-07-02T19:53:27","modified_gmt":"2024-07-02T19:53:27","slug":"originale-grass-wiederverwendbare-subdermal-nadelelektroden","status":"publish","type":"page","link":"https:\/\/natus.com\/de\/neuro\/originale-grass-wiederverwendbare-subdermal-nadelelektroden\/","title":{"rendered":"Originale Grass\u00ae Wiederverwendbare Subdermal-Nadelelektroden"},"content":{"rendered":"","protected":false},"excerpt":{"rendered":"","protected":false},"author":3,"featured_media":0,"parent":10462,"menu_order":0,"comment_status":"closed","ping_status":"closed","template":"templates\/page-neuro-solutions-product-landing.php","meta":{"_acf_changed":false,"footnotes":""},"categories":[183,202],"tags":[245],"class_list":["post-9466","page","type-page","status-publish","hentry","category-iom-de","category-neurodiagnostik-bedarf-de","tag-iom-lieferungen-de"],"acf":{"content_blocks":[{"acf_fc_layout":"spacer","_acfe_flexible_toggle":"","spacer":{"module_options":{"":null,"module_id":"n64babb6de86c1","module_class":"","module_background_type":"color","module_background_color":"#00aaa7","module_background_image":false,"module_background_video":"","activate_custom_padding":false,"padding_top_desktop":"0","padding_top_tablet":"0","padding_top_mobile":"0","padding_bottom_desktop":"0","padding_bottom_tablet":"0","padding_bottom_mobile":"0","activate_custom_margin":false,"margin_top_desktop":"0","margin_top_tablet":"0","margin_top_mobile":"0","margin_bottom_desktop":"0","margin_bottom_tablet":"0","margin_bottom_mobile":"0","disable_on":[],"content_alignment_desktop":"left","content_alignment_tablet":"left","content_alignment_mobile":"left"},"height":"270"}},{"acf_fc_layout":"intro_with_sticky_image","_acfe_flexible_toggle":"","left_content_right_image_sticky":{"module_options":{"":null,"module_id":"n6514e6c91464b","module_class":"","module_background_type":"color","module_background_color":"#f1f1f1","module_background_image":false,"module_background_video":"","activate_custom_padding":false,"padding_top_desktop":"0","padding_top_tablet":"0","padding_top_mobile":"0","padding_bottom_desktop":"0","padding_bottom_tablet":"0","padding_bottom_mobile":"0","activate_custom_margin":false,"margin_top_desktop":"0","margin_top_tablet":"0","margin_top_mobile":"0","margin_bottom_desktop":"0","margin_bottom_tablet":"0","margin_bottom_mobile":"0","disable_on":[],"content_alignment_desktop":"left","content_alignment_tablet":"left","content_alignment_mobile":"left"},"":null,"title":"Originale Grass\u00ae Wiederverwendbare Subdermal-Nadelelektroden","subheader":"<p>Wiederverwendbare, originale Grass Subdermal-Nadelelektroden werden umfassend auf ihre mechanischen und elektrischen Eigenschaften getestet, um eine lange Lebensdauer sowie \u00fcberragende Klarheit und Zuverl\u00e4ssigkeit der Aufzeichnung zu gew\u00e4hrleisten.<\/p>\n<p>&nbsp;<\/p>\n<ul>\n<li>Fein gesch\u00e4rfte, monopolare Platin-Nadel mit niedrigem Profil der Verbindung zwischen Nadel und Draht<\/li>\n<li>Mehrfarbige, biegsame Elektrodenkabel mit Teflon<sup>\u00ae<\/sup>-Beschichtung und ber\u00fchrungssicherem 1,5-mm-Anschluss<\/li>\n<li>Vor dem Gebrauch sterilisieren; Sterilisation mit Dampf oder EtO m\u00f6glich<\/li>\n<li>10 Elektroden pro Karton mit unterschiedlichen Kabelfarben: braun, rot, orange, gelb, gr\u00fcn, blau, violett, grau, wei\u00df, gelbbraun<\/li>\n<li>Praktisches Online-Portal &#8211; <a href=\"https:\/\/natus.com\/de\/natus-medical-stores\/\">Natus Medical Store<\/a> (nicht in allen L\u00e4ndern verf\u00fcgbar)<\/li>\n<\/ul>\n<p><span style=\"font-size: 12px;\">Nicht in allen L\u00e4ndern erh\u00e4ltlich. Verf\u00fcgbarkeit auf Anfrage bei Ihrem zust\u00e4ndigen Vertriebsmitarbeiter.<\/span><\/p>\n","icons":[{"icon":{"ID":2226,"id":2226,"title":"icon-feature","filename":"icon-feature.png","filesize":1408,"url":"https:\/\/natus.com\/wp-content\/uploads\/icon-feature.png","link":"https:\/\/natus.com\/de\/neuro\/dantec-clavis-emg-handgeraet\/icon-feature-2\/","alt":"star","author":"2","description":"Icon - Star","caption":"","name":"icon-feature-2","status":"inherit","uploaded_to":8727,"date":"2023-09-07 22:27:26","modified":"2024-07-29 21:19:16","menu_order":0,"mime_type":"image\/png","type":"image","subtype":"png","icon":"https:\/\/natus.com\/wp-includes\/images\/media\/default.png","width":43,"height":41,"sizes":{"thumbnail":"https:\/\/natus.com\/wp-content\/uploads\/icon-feature.png","thumbnail-width":43,"thumbnail-height":41,"medium":"https:\/\/natus.com\/wp-content\/uploads\/icon-feature.png","medium-width":43,"medium-height":41,"medium_large":"https:\/\/natus.com\/wp-content\/uploads\/icon-feature.png","medium_large-width":43,"medium_large-height":41,"large":"https:\/\/natus.com\/wp-content\/uploads\/icon-feature.png","large-width":43,"large-height":41,"1536x1536":"https:\/\/natus.com\/wp-content\/uploads\/icon-feature.png","1536x1536-width":43,"1536x1536-height":41,"2048x2048":"https:\/\/natus.com\/wp-content\/uploads\/icon-feature.png","2048x2048-width":43,"2048x2048-height":41}},"icon_description":"Platinum"},{"icon":{"ID":1942,"id":1942,"title":"icon-flag","filename":"icon-flag.png","filesize":664,"url":"https:\/\/natus.com\/wp-content\/uploads\/icon-flag.png","link":"https:\/\/natus.com\/de\/neuro\/dantec-clavis-emg-handgeraet\/icon-flag-2\/","alt":"Icon - Flag","author":"2","description":"","caption":"","name":"icon-flag-2","status":"inherit","uploaded_to":8727,"date":"2023-09-01 19:14:05","modified":"2024-07-29 21:19:56","menu_order":0,"mime_type":"image\/png","type":"image","subtype":"png","icon":"https:\/\/natus.com\/wp-includes\/images\/media\/default.png","width":30,"height":42,"sizes":{"thumbnail":"https:\/\/natus.com\/wp-content\/uploads\/icon-flag.png","thumbnail-width":30,"thumbnail-height":42,"medium":"https:\/\/natus.com\/wp-content\/uploads\/icon-flag.png","medium-width":30,"medium-height":42,"medium_large":"https:\/\/natus.com\/wp-content\/uploads\/icon-flag.png","medium_large-width":30,"medium_large-height":42,"large":"https:\/\/natus.com\/wp-content\/uploads\/icon-flag.png","large-width":30,"large-height":42,"1536x1536":"https:\/\/natus.com\/wp-content\/uploads\/icon-flag.png","1536x1536-width":30,"1536x1536-height":42,"2048x2048":"https:\/\/natus.com\/wp-content\/uploads\/icon-flag.png","2048x2048-width":30,"2048x2048-height":42}},"icon_description":"Vor Dem <br \/>\r\nGebrauch <br \/>\r\nSterilisieren"}],"quick_navigation":[{"quick_link":{"type":"url","value":"#contact-neuro","url":"#contact-neuro","name":"#contact-neuro","title":"Kontakt","target":""}},{"quick_link":{"type":"url","value":"#n64be98eed01eb","url":"#n64be98eed01eb","name":"#n64be98eed01eb","title":"Mehr Details erkunden","target":""}}],"description":"","message_label":"Service und Unterst\u00fctzung","message_title":"Suchen Sie einen Neuro-Produktservice oder technische Unterst\u00fctzung?","message_link":{"type":"post","value":"8364","url":"https:\/\/natus.com\/de\/support\/","name":"Service und Support","title":"Natus Service und Unterst\u00fctzung","target":""},"right_sticky_image":{"ID":5123,"id":5123,"title":"Grass Subdermal Electrodes Main Product Photo - 500x850","filename":"Grass-Subdermal-Electrodes-Main-Product-Photo-500x850-1.png","filesize":379973,"url":"https:\/\/natus.com\/wp-content\/uploads\/Grass-Subdermal-Electrodes-Main-Product-Photo-500x850-1.png","link":"https:\/\/natus.com\/de\/neuro\/originale-grass-wiederverwendbare-subdermal-nadelelektroden\/grass-subdermal-electrodes-main-product-photo-500x850-2\/","alt":"Grass Subdermal Electrodes ","author":"2","description":"","caption":"","name":"grass-subdermal-electrodes-main-product-photo-500x850-2","status":"inherit","uploaded_to":9466,"date":"2023-09-18 18:24:07","modified":"2024-07-26 17:09:39","menu_order":0,"mime_type":"image\/png","type":"image","subtype":"png","icon":"https:\/\/natus.com\/wp-includes\/images\/media\/default.png","width":500,"height":850,"sizes":{"thumbnail":"https:\/\/natus.com\/wp-content\/uploads\/Grass-Subdermal-Electrodes-Main-Product-Photo-500x850-1.png","thumbnail-width":56,"thumbnail-height":96,"medium":"https:\/\/natus.com\/wp-content\/uploads\/Grass-Subdermal-Electrodes-Main-Product-Photo-500x850-1.png","medium-width":500,"medium-height":850,"medium_large":"https:\/\/natus.com\/wp-content\/uploads\/Grass-Subdermal-Electrodes-Main-Product-Photo-500x850-1.png","medium_large-width":500,"medium_large-height":850,"large":"https:\/\/natus.com\/wp-content\/uploads\/Grass-Subdermal-Electrodes-Main-Product-Photo-500x850-1.png","large-width":500,"large-height":850,"1536x1536":"https:\/\/natus.com\/wp-content\/uploads\/Grass-Subdermal-Electrodes-Main-Product-Photo-500x850-1.png","1536x1536-width":500,"1536x1536-height":850,"2048x2048":"https:\/\/natus.com\/wp-content\/uploads\/Grass-Subdermal-Electrodes-Main-Product-Photo-500x850-1.png","2048x2048-width":500,"2048x2048-height":850}}}},{"acf_fc_layout":"product_information","_acfe_flexible_toggle":"","left_accordion_right_image_landing":{"module_options":{"":null,"module_id":"n64be98eed01eb","module_class":"","module_background_type":"color","module_background_color":"#f1f1f1","module_background_image":false,"module_background_video":"","activate_custom_padding":false,"padding_top_desktop":"0","padding_top_tablet":"0","padding_top_mobile":"0","padding_bottom_desktop":"0","padding_bottom_tablet":"0","padding_bottom_mobile":"0","activate_custom_margin":false,"margin_top_desktop":"0","margin_top_tablet":"0","margin_top_mobile":"0","margin_bottom_desktop":"0","margin_bottom_tablet":"0","margin_bottom_mobile":"0","disable_on":[],"content_alignment_desktop":"left","content_alignment_tablet":"left","content_alignment_mobile":"left"},"intro":"Informationen zum Produkt","description":"","accordion":[{"title":"Produktliteratur herunterladen","accordion_content":[{"acf_fc_layout":"full_content","accordion_description":"<p><strong>Natus Katalog f\u00fcr neurodiagnostisches Zubeh\u00f6r<\/strong><br \/>\n<a href=\"https:\/\/natus.bynder.com\/m\/990029e101bebd22\/original\/Natus-Neurodiagnostic-Supplies-Catalog.pdf\">Englisch<\/a><br \/>\n<a href=\"https:\/\/natus.bynder.com\/m\/158d8472457a8340\/original\/Natus-Neurodiagnostic-Supplies-Catalog.pdf\">Franz\u00f6sisch<\/a><br \/>\n<a href=\"https:\/\/natus.bynder.com\/m\/2af7bff78ece1e68\/original\/Natus-Neurodiagnostic-Supplies-Catalog.pdf\">Deutsch<\/a><br \/>\n<a href=\"https:\/\/natus.bynder.com\/m\/381843ac1f7e9034\/original\/Natus-Neurodiagnostic-Supplies-Catalog.pdf\">Spanisch<\/a><\/p>\n"}]}],"image_left":false}},{"acf_fc_layout":"related_products","_acfe_flexible_toggle":"","tiles_3_columns_landing":{"module_options":{"":null,"module_id":"n64bf9a7609a1f","module_class":"","module_background_type":"color","module_background_color":"#f1f1f1","module_background_image":false,"module_background_video":"","activate_custom_padding":false,"padding_top_desktop":"0","padding_top_tablet":"0","padding_top_mobile":"0","padding_bottom_desktop":"0","padding_bottom_tablet":"0","padding_bottom_mobile":"0","activate_custom_margin":false,"margin_top_desktop":"0","margin_top_tablet":"0","margin_top_mobile":"0","margin_bottom_desktop":"0","margin_bottom_tablet":"0","margin_bottom_mobile":"0","disable_on":[],"content_alignment_desktop":"left","content_alignment_tablet":"left","content_alignment_mobile":"left"},"intro_text":"Verwandte Neuro Produkte","intro_text_color":"#005e63","intro_link":{"type":"post","value":"8334","url":"https:\/\/natus.com\/de\/neuro-produkte\/","name":"Neuro-Produkte","title":"Alle Neuro-Produkte anzeigen","target":""},"tiles":[{"label":"IOM-Lieferungen","label_background_color":"#154284","image":{"ID":3274,"id":3274,"title":"Natus Adhesive Electrodes Related Product Photo - 500x400","filename":"Natus-Adhesive-Electrodes-Related-Product-Photo-500x400-1.jpg","filesize":134861,"url":"https:\/\/natus.com\/wp-content\/uploads\/Natus-Adhesive-Electrodes-Related-Product-Photo-500x400-1.jpg","link":"https:\/\/natus.com\/de\/neuro\/dantec-clavis-emg-handgeraet\/natus-adhesive-electrodes-related-product-photo-500x400-2\/","alt":"Natus Adhesive Electrodes ","author":"2","description":"","caption":"Disposable","name":"natus-adhesive-electrodes-related-product-photo-500x400-2","status":"inherit","uploaded_to":8727,"date":"2023-09-11 21:58:17","modified":"2024-07-29 21:03:29","menu_order":0,"mime_type":"image\/jpeg","type":"image","subtype":"jpeg","icon":"https:\/\/natus.com\/wp-includes\/images\/media\/default.png","width":500,"height":400,"sizes":{"thumbnail":"https:\/\/natus.com\/wp-content\/uploads\/Natus-Adhesive-Electrodes-Related-Product-Photo-500x400-1.jpg","thumbnail-width":120,"thumbnail-height":96,"medium":"https:\/\/natus.com\/wp-content\/uploads\/Natus-Adhesive-Electrodes-Related-Product-Photo-500x400-1.jpg","medium-width":500,"medium-height":400,"medium_large":"https:\/\/natus.com\/wp-content\/uploads\/Natus-Adhesive-Electrodes-Related-Product-Photo-500x400-1.jpg","medium_large-width":500,"medium_large-height":400,"large":"https:\/\/natus.com\/wp-content\/uploads\/Natus-Adhesive-Electrodes-Related-Product-Photo-500x400-1.jpg","large-width":500,"large-height":400,"1536x1536":"https:\/\/natus.com\/wp-content\/uploads\/Natus-Adhesive-Electrodes-Related-Product-Photo-500x400-1.jpg","1536x1536-width":500,"1536x1536-height":400,"2048x2048":"https:\/\/natus.com\/wp-content\/uploads\/Natus-Adhesive-Electrodes-Related-Product-Photo-500x400-1.jpg","2048x2048-width":500,"2048x2048-height":400}},"title":"Natus\u00ae selbsthaftende einmal verwendbare Elektroden","link":{"type":"post","value":"8770","url":"https:\/\/natus.com\/de\/neuro\/natus-selbsthaftende-einmal-verwendbare-elektroden\/","name":"Natus\u00ae selbsthaftende einmal verwendbare Elektroden","title":"Mehr Erfahren","target":"_blank"}},{"label":"IOM-Lieferungen","label_background_color":"#154284","image":{"ID":4711,"id":4711,"title":"Natus Ultra Subdermal Electrodes Related Product Photo - 500x400","filename":"Natus-Ultra-Subdermal-Electrodes-Related-Product-Photo-500x400-1.png","filesize":131432,"url":"https:\/\/natus.com\/wp-content\/uploads\/Natus-Ultra-Subdermal-Electrodes-Related-Product-Photo-500x400-1.png","link":"https:\/\/natus.com\/de\/neuro\/iom\/iom-zubehoer\/natus-ultra-subdermal-electrodes-related-product-photo-500x400-2\/","alt":"Natus Ultra Subdermal Electrodes","author":"2","description":"","caption":"","name":"natus-ultra-subdermal-electrodes-related-product-photo-500x400-2","status":"inherit","uploaded_to":12701,"date":"2023-09-15 16:30:14","modified":"2024-07-29 20:20:14","menu_order":0,"mime_type":"image\/png","type":"image","subtype":"png","icon":"https:\/\/natus.com\/wp-includes\/images\/media\/default.png","width":500,"height":400,"sizes":{"thumbnail":"https:\/\/natus.com\/wp-content\/uploads\/Natus-Ultra-Subdermal-Electrodes-Related-Product-Photo-500x400-1.png","thumbnail-width":120,"thumbnail-height":96,"medium":"https:\/\/natus.com\/wp-content\/uploads\/Natus-Ultra-Subdermal-Electrodes-Related-Product-Photo-500x400-1.png","medium-width":500,"medium-height":400,"medium_large":"https:\/\/natus.com\/wp-content\/uploads\/Natus-Ultra-Subdermal-Electrodes-Related-Product-Photo-500x400-1.png","medium_large-width":500,"medium_large-height":400,"large":"https:\/\/natus.com\/wp-content\/uploads\/Natus-Ultra-Subdermal-Electrodes-Related-Product-Photo-500x400-1.png","large-width":500,"large-height":400,"1536x1536":"https:\/\/natus.com\/wp-content\/uploads\/Natus-Ultra-Subdermal-Electrodes-Related-Product-Photo-500x400-1.png","1536x1536-width":500,"1536x1536-height":400,"2048x2048":"https:\/\/natus.com\/wp-content\/uploads\/Natus-Ultra-Subdermal-Electrodes-Related-Product-Photo-500x400-1.png","2048x2048-width":500,"2048x2048-height":400}},"title":"Natus\u00ae Ultra einmal verwendbare Subdermal-Nadelelektroden","link":{"type":"post","value":"9527","url":"https:\/\/natus.com\/de\/neuro\/natus-ultra-einmal-verwendbare-subdermal-nadelelektroden\/","name":"Natus\u00ae Ultra einmal verwendbare Subdermal-Nadelelektroden","title":"Mehr Erfahren","target":"_blank"}},{"label":"EMG-Lieferungen","label_background_color":"#154284","image":{"ID":4252,"id":4252,"title":"Dantec DCN EMG Electrodes Related Product Photo - 500x400","filename":"Dantec-DCN-EMG-Electrodes-Related-Product-Photo-500x400-1.png","filesize":52202,"url":"https:\/\/natus.com\/wp-content\/uploads\/Dantec-DCN-EMG-Electrodes-Related-Product-Photo-500x400-1.png","link":"https:\/\/natus.com\/de\/neuro\/emg\/emg-zubehoer\/dantec-dcn-emg-electrodes-related-product-photo-500x400-2\/","alt":"Dantec DCN EMG Electrodes ","author":"2","description":"","caption":"","name":"dantec-dcn-emg-electrodes-related-product-photo-500x400-2","status":"inherit","uploaded_to":12657,"date":"2023-09-14 17:57:57","modified":"2024-07-29 20:33:11","menu_order":0,"mime_type":"image\/png","type":"image","subtype":"png","icon":"https:\/\/natus.com\/wp-includes\/images\/media\/default.png","width":500,"height":400,"sizes":{"thumbnail":"https:\/\/natus.com\/wp-content\/uploads\/Dantec-DCN-EMG-Electrodes-Related-Product-Photo-500x400-1.png","thumbnail-width":120,"thumbnail-height":96,"medium":"https:\/\/natus.com\/wp-content\/uploads\/Dantec-DCN-EMG-Electrodes-Related-Product-Photo-500x400-1.png","medium-width":500,"medium-height":400,"medium_large":"https:\/\/natus.com\/wp-content\/uploads\/Dantec-DCN-EMG-Electrodes-Related-Product-Photo-500x400-1.png","medium_large-width":500,"medium_large-height":400,"large":"https:\/\/natus.com\/wp-content\/uploads\/Dantec-DCN-EMG-Electrodes-Related-Product-Photo-500x400-1.png","large-width":500,"large-height":400,"1536x1536":"https:\/\/natus.com\/wp-content\/uploads\/Dantec-DCN-EMG-Electrodes-Related-Product-Photo-500x400-1.png","1536x1536-width":500,"1536x1536-height":400,"2048x2048":"https:\/\/natus.com\/wp-content\/uploads\/Dantec-DCN-EMG-Electrodes-Related-Product-Photo-500x400-1.png","2048x2048-width":500,"2048x2048-height":400}},"title":"Dantec\u00ae DCN einmal verwendbare konzentrische Nadelelektroden","link":{"type":"post","value":"8602","url":"https:\/\/natus.com\/de\/neuro\/dantec-dcn-einmal-verwendbare-konzentrische-nadelelektroden\/","name":"Dantec\u00ae DCN einmal verwendbare konzentrische Nadelelektroden","title":"Mehr Erfahren","target":"_blank"}}]}},{"acf_fc_layout":"contact_form","_acfe_flexible_toggle":"","contact_form_landing":{"module_options":{"":null,"module_id":"contact-neuro","module_class":"","module_background_type":"color","module_background_color":"#f1f1f1","module_background_image":false,"module_background_video":"","activate_custom_padding":false,"padding_top_desktop":"0","padding_top_tablet":"0","padding_top_mobile":"0","padding_bottom_desktop":"0","padding_bottom_tablet":"0","padding_bottom_mobile":"0","activate_custom_margin":false,"margin_top_desktop":"0","margin_top_tablet":"0","margin_top_mobile":"0","margin_bottom_desktop":"0","margin_bottom_tablet":"0","margin_bottom_mobile":"0","disable_on":[],"content_alignment_desktop":"left","content_alignment_tablet":"left","content_alignment_mobile":"left"},"":null,"activate_intro":true,"intro_text":"Kontaktieren Sie Ihren Natus-Kundenberater","intro_text_color":"#005e63","intro_link":null,"activate_description":true,"description_title":"","description_copy":"Um weitere Informationen \u00fcber dieses oder andere Produkte zu erhalten, f\u00fcllen Sie bitte das nachfolgende Formular aus.","embed_code":"<script charset=\"utf-8\" type=\"text\/javascript\" src=\"\/\/js.hsforms.net\/forms\/embed\/v2.js\"><\/script>\r\n<script>\r\n  hbspt.forms.create({\r\n    region: \"na1\",\r\n    portalId: \"3002890\",\r\n    formId: \"a630c68b-d22b-4bf1-a490-5a8d8eec62b1\"\r\n  });\r\n<\/script>"}},{"acf_fc_layout":"simple_content","_acfe_flexible_toggle":"","content_full_width_landing":{"module_options":{"":null,"module_id":"n64f8afcd677a5","module_class":"","module_background_type":"color","module_background_color":"","module_background_image":false,"module_background_video":"","activate_custom_padding":false,"padding_top_desktop":"0","padding_top_tablet":"0","padding_top_mobile":"0","padding_bottom_desktop":"0","padding_bottom_tablet":"0","padding_bottom_mobile":"0","activate_custom_margin":false,"margin_top_desktop":"0","margin_top_tablet":"0","margin_top_mobile":"0","margin_bottom_desktop":"0","margin_bottom_tablet":"0","margin_bottom_mobile":"0","disable_on":[],"content_alignment_desktop":"left","content_alignment_tablet":"left","content_alignment_mobile":"left"},"content":"<p><span style=\"font-size: 11px;\">035245 RevA<\/span><\/p>\n"}}]},"_links":{"self":[{"href":"https:\/\/natus.com\/de\/wp-json\/wp\/v2\/pages\/9466","targetHints":{"allow":["GET"]}}],"collection":[{"href":"https:\/\/natus.com\/de\/wp-json\/wp\/v2\/pages"}],"about":[{"href":"https:\/\/natus.com\/de\/wp-json\/wp\/v2\/types\/page"}],"author":[{"embeddable":true,"href":"https:\/\/natus.com\/de\/wp-json\/wp\/v2\/users\/3"}],"replies":[{"embeddable":true,"href":"https:\/\/natus.com\/de\/wp-json\/wp\/v2\/comments?post=9466"}],"version-history":[{"count":5,"href":"https:\/\/natus.com\/de\/wp-json\/wp\/v2\/pages\/9466\/revisions"}],"predecessor-version":[{"id":20700,"href":"https:\/\/natus.com\/de\/wp-json\/wp\/v2\/pages\/9466\/revisions\/20700"}],"up":[{"embeddable":true,"href":"https:\/\/natus.com\/de\/wp-json\/wp\/v2\/pages\/10462"}],"wp:attachment":[{"href":"https:\/\/natus.com\/de\/wp-json\/wp\/v2\/media?parent=9466"}],"wp:term":[{"taxonomy":"category","embeddable":true,"href":"https:\/\/natus.com\/de\/wp-json\/wp\/v2\/categories?post=9466"},{"taxonomy":"post_tag","embeddable":true,"href":"https:\/\/natus.com\/de\/wp-json\/wp\/v2\/tags?post=9466"}],"curies":[{"name":"wp","href":"https:\/\/api.w.org\/{rel}","templated":true}]}}