{"id":9654,"date":"2023-09-08T18:15:27","date_gmt":"2023-09-08T18:15:27","guid":{"rendered":"https:\/\/natus.com\/grass-reusable-stamped-cup-eeg-electrodes\/"},"modified":"2024-06-28T20:44:02","modified_gmt":"2024-06-28T20:44:02","slug":"grass-gestanzte-eeg-elektroden","status":"publish","type":"page","link":"https:\/\/natus.com\/de\/neuro\/grass-gestanzte-eeg-elektroden\/","title":{"rendered":"Grass\u00ae gestanzte EEG-Elektroden"},"content":{"rendered":"","protected":false},"excerpt":{"rendered":"","protected":false},"author":3,"featured_media":0,"parent":10462,"menu_order":0,"comment_status":"closed","ping_status":"closed","template":"templates\/page-neuro-solutions-product-landing.php","meta":{"_acf_changed":false,"footnotes":""},"categories":[158,202],"tags":[235],"class_list":["post-9654","page","type-page","status-publish","hentry","category-elektroenzephalografie-eeg-aeeg-de","category-neurodiagnostik-bedarf-de","tag-eeg-lieferungen-de"],"acf":{"content_blocks":[{"acf_fc_layout":"spacer","_acfe_flexible_toggle":"","spacer":{"module_options":{"":null,"module_id":"n6514e824aeeb7","module_class":"","module_background_type":"color","module_background_color":"#00aaa7","module_background_image":false,"module_background_video":"","activate_custom_padding":false,"padding_top_desktop":"0","padding_top_tablet":"0","padding_top_mobile":"0","padding_bottom_desktop":"0","padding_bottom_tablet":"0","padding_bottom_mobile":"0","activate_custom_margin":false,"margin_top_desktop":"0","margin_top_tablet":"0","margin_top_mobile":"0","margin_bottom_desktop":"0","margin_bottom_tablet":"0","margin_bottom_mobile":"0","disable_on":[],"content_alignment_desktop":"left","content_alignment_tablet":"left","content_alignment_mobile":"left"},"height":"270"}},{"acf_fc_layout":"intro_with_sticky_image","_acfe_flexible_toggle":"","left_content_right_image_sticky":{"module_options":{"":null,"module_id":"n6514e824b4fc7","module_class":"","module_background_type":"color","module_background_color":"","module_background_image":false,"module_background_video":"","activate_custom_padding":false,"padding_top_desktop":"0","padding_top_tablet":"0","padding_top_mobile":"0","padding_bottom_desktop":"0","padding_bottom_tablet":"0","padding_bottom_mobile":"0","activate_custom_margin":false,"margin_top_desktop":"0","margin_top_tablet":"0","margin_top_mobile":"0","margin_bottom_desktop":"0","margin_bottom_tablet":"0","margin_bottom_mobile":"0","disable_on":[],"content_alignment_desktop":"left","content_alignment_tablet":"left","content_alignment_mobile":"left"},"":null,"title":"Grass\u00ae gestanzte EEG-Elektroden","subheader":"<p>Wiederverwendbare, gestanzte Grass<sup>\u00ae<\/sup>\u00a0EEG-Elektroden sind in Gold, Silber oder Ag\/AgCl mit einem 10\u00a0mm oder 6\u00a0mm tiefen Napf erh\u00e4ltlich.<\/p>\n<p>&nbsp;<\/p>\n<ul>\n<li>Zu den Auswahlm\u00f6glichkeiten geh\u00f6ren Gold-, Silber- oder Ag\/AgCl-N\u00e4pfe mit 10\u00a0mm Durchmesser<\/li>\n<li>6 mm Ag\/AgCl-Napf f\u00fcr Kinder erh\u00e4ltlich<\/li>\n<li>Fest haftender, an die Patientenkontur anpassbarer Napf mit flachem Profil<\/li>\n<li>Ber\u00fchrungssicherer 1,5-mm-Stecker aus Kunststoff-Spritzguss<\/li>\n<li>Sechs Kabelfarben (jeweils zwei): gr\u00fcn, blau, gelb, grau, rot, violett<\/li>\n<li>Praktisches Online-Portal &#8211; <a href=\"https:\/\/natus.com\/de\/natus-medical-stores\/\">Natus Medical Store<\/a> (nicht in allen L\u00e4ndern verf\u00fcgbar)<\/li>\n<\/ul>\n<p><span style=\"font-size: 11px;\">Nicht in allen L\u00e4ndern erh\u00e4ltlich. Verf\u00fcgbarkeit auf Anfrage bei Ihrem zust\u00e4ndigen Vertriebsmitarbeiter.<\/span><\/p>\n","icons":[{"icon":{"ID":2226,"id":2226,"title":"icon-feature","filename":"icon-feature.png","filesize":1408,"url":"https:\/\/natus.com\/wp-content\/uploads\/icon-feature.png","link":"https:\/\/natus.com\/de\/neuro\/dantec-clavis-emg-handgeraet\/icon-feature-2\/","alt":"star","author":"2","description":"Icon - Star","caption":"","name":"icon-feature-2","status":"inherit","uploaded_to":8727,"date":"2023-09-07 22:27:26","modified":"2024-07-29 21:19:16","menu_order":0,"mime_type":"image\/png","type":"image","subtype":"png","icon":"https:\/\/natus.com\/wp-includes\/images\/media\/default.png","width":43,"height":41,"sizes":{"thumbnail":"https:\/\/natus.com\/wp-content\/uploads\/icon-feature.png","thumbnail-width":43,"thumbnail-height":41,"medium":"https:\/\/natus.com\/wp-content\/uploads\/icon-feature.png","medium-width":43,"medium-height":41,"medium_large":"https:\/\/natus.com\/wp-content\/uploads\/icon-feature.png","medium_large-width":43,"medium_large-height":41,"large":"https:\/\/natus.com\/wp-content\/uploads\/icon-feature.png","large-width":43,"large-height":41,"1536x1536":"https:\/\/natus.com\/wp-content\/uploads\/icon-feature.png","1536x1536-width":43,"1536x1536-height":41,"2048x2048":"https:\/\/natus.com\/wp-content\/uploads\/icon-feature.png","2048x2048-width":43,"2048x2048-height":41}},"icon_description":"Gold, Silber <br \/>\r\nOder Ag\/AgCl <br \/>\r\nNapf"},{"icon":{"ID":1942,"id":1942,"title":"icon-flag","filename":"icon-flag.png","filesize":664,"url":"https:\/\/natus.com\/wp-content\/uploads\/icon-flag.png","link":"https:\/\/natus.com\/de\/neuro\/dantec-clavis-emg-handgeraet\/icon-flag-2\/","alt":"Icon - Flag","author":"2","description":"","caption":"","name":"icon-flag-2","status":"inherit","uploaded_to":8727,"date":"2023-09-01 19:14:05","modified":"2024-07-29 21:19:56","menu_order":0,"mime_type":"image\/png","type":"image","subtype":"png","icon":"https:\/\/natus.com\/wp-includes\/images\/media\/default.png","width":30,"height":42,"sizes":{"thumbnail":"https:\/\/natus.com\/wp-content\/uploads\/icon-flag.png","thumbnail-width":30,"thumbnail-height":42,"medium":"https:\/\/natus.com\/wp-content\/uploads\/icon-flag.png","medium-width":30,"medium-height":42,"medium_large":"https:\/\/natus.com\/wp-content\/uploads\/icon-flag.png","medium_large-width":30,"medium_large-height":42,"large":"https:\/\/natus.com\/wp-content\/uploads\/icon-flag.png","large-width":30,"large-height":42,"1536x1536":"https:\/\/natus.com\/wp-content\/uploads\/icon-flag.png","1536x1536-width":30,"1536x1536-height":42,"2048x2048":"https:\/\/natus.com\/wp-content\/uploads\/icon-flag.png","2048x2048-width":30,"2048x2048-height":42}},"icon_description":"10 & 6 <br \/>\r\nmm Napf"}],"quick_navigation":[{"quick_link":{"type":"url","value":"#contact-neuro","url":"#contact-neuro","name":"#contact-neuro","title":"Kontakt","target":""}},{"quick_link":{"type":"url","value":"#n64be98eed01eb","url":"#n64be98eed01eb","name":"#n64be98eed01eb","title":"Mehr Details erkunden","target":""}}],"description":"","message_label":"Service und Unterst\u00fctzung","message_title":"Suchen Sie einen Neuro-Produktservice oder technische Unterst\u00fctzung?","message_link":{"type":"post","value":"8364","url":"https:\/\/natus.com\/de\/support\/","name":"Service und Support","title":"Natus Service und Unterst\u00fctzung","target":""},"right_sticky_image":{"ID":5192,"id":5192,"title":"Grass Reuseable Gold Cup Stamped Electrodes Group_WPI (1)","filename":"Grass-Reuseable-Gold-Cup-Stamped-Electrodes-Group_WPI-1.png","filesize":210680,"url":"https:\/\/natus.com\/wp-content\/uploads\/Grass-Reuseable-Gold-Cup-Stamped-Electrodes-Group_WPI-1.png","link":"https:\/\/natus.com\/de\/neuro\/grass-gestanzte-eeg-elektroden\/grass-reuseable-gold-cup-stamped-electrodes-group_wpi-1-2\/","alt":"Grass Reuseable Gold Cup Stamped Electrodes","author":"2","description":"","caption":"","name":"grass-reuseable-gold-cup-stamped-electrodes-group_wpi-1-2","status":"inherit","uploaded_to":9654,"date":"2023-09-18 19:43:29","modified":"2024-07-26 17:08:49","menu_order":0,"mime_type":"image\/png","type":"image","subtype":"png","icon":"https:\/\/natus.com\/wp-includes\/images\/media\/default.png","width":500,"height":454,"sizes":{"thumbnail":"https:\/\/natus.com\/wp-content\/uploads\/Grass-Reuseable-Gold-Cup-Stamped-Electrodes-Group_WPI-1.png","thumbnail-width":106,"thumbnail-height":96,"medium":"https:\/\/natus.com\/wp-content\/uploads\/Grass-Reuseable-Gold-Cup-Stamped-Electrodes-Group_WPI-1.png","medium-width":500,"medium-height":454,"medium_large":"https:\/\/natus.com\/wp-content\/uploads\/Grass-Reuseable-Gold-Cup-Stamped-Electrodes-Group_WPI-1.png","medium_large-width":500,"medium_large-height":454,"large":"https:\/\/natus.com\/wp-content\/uploads\/Grass-Reuseable-Gold-Cup-Stamped-Electrodes-Group_WPI-1.png","large-width":500,"large-height":454,"1536x1536":"https:\/\/natus.com\/wp-content\/uploads\/Grass-Reuseable-Gold-Cup-Stamped-Electrodes-Group_WPI-1.png","1536x1536-width":500,"1536x1536-height":454,"2048x2048":"https:\/\/natus.com\/wp-content\/uploads\/Grass-Reuseable-Gold-Cup-Stamped-Electrodes-Group_WPI-1.png","2048x2048-width":500,"2048x2048-height":454}}}},{"acf_fc_layout":"product_information","_acfe_flexible_toggle":"","left_accordion_right_image_landing":{"module_options":{"":null,"module_id":"n64be98eed01eb","module_class":"","module_background_type":"color","module_background_color":"","module_background_image":false,"module_background_video":"","activate_custom_padding":false,"padding_top_desktop":"0","padding_top_tablet":"0","padding_top_mobile":"0","padding_bottom_desktop":"0","padding_bottom_tablet":"0","padding_bottom_mobile":"0","activate_custom_margin":false,"margin_top_desktop":"0","margin_top_tablet":"0","margin_top_mobile":"0","margin_bottom_desktop":"0","margin_bottom_tablet":"0","margin_bottom_mobile":"0","disable_on":[],"content_alignment_desktop":"left","content_alignment_tablet":"left","content_alignment_mobile":"left"},"intro":"Informationen zum Produkt","description":"","accordion":[{"title":"Spezifikationen","accordion_content":[{"acf_fc_layout":"full_content","accordion_description":"<p><strong>Elektrode<\/strong><\/p>\n<ul>\n<li>Gold, Silber oder Silber\/Silberchlorid<\/li>\n<\/ul>\n<p><strong>Anschlusskabel<\/strong><\/p>\n<ul>\n<li><strong>Kern:<\/strong>Kevlar und versilbertes Kupfer<\/li>\n<li><strong>Mantel:<\/strong>TPU<\/li>\n<\/ul>\n<p><strong>Ber\u00fchrungssicherer Anschluss, 1,5-mm-Stecker (DIN 42802)<\/strong><\/p>\n<ul>\n<li><strong>Anschluss:<\/strong>Vergoldetes Messing<\/li>\n<li><strong>Isolierung:<\/strong>PVC<\/li>\n<\/ul>\n<p><strong>Verpackung:<\/strong><\/p>\n<ul>\n<li><strong>Menge:<\/strong>\u00a012 Elektroden pro Packung<\/li>\n<\/ul>\n"}]},{"title":"Produktliteratur herunterladen","accordion_content":[{"acf_fc_layout":"full_content","accordion_description":"<p><strong>Produktseite f\u00fcr gestanzte Grass EEG-Napfelektroden<\/strong><br \/>\n<a href=\"https:\/\/natus.bynder.com\/m\/b2492cf48680d08c\/original\/Grass-Reusable-Tangle-Free-Cup-Electrodes-Flyer.pdf\" target=\"_blank\" rel=\"noopener\">Englisch<\/a><br \/>\n<a href=\"https:\/\/natus.bynder.com\/m\/0eefe547be8c2fef\/original\/Grass-Reusable-Tangle-Free-Cup-Electrodes-Flyer.pdf\" target=\"_blank\" rel=\"noopener\">Franz\u00f6sisch<\/a><br \/>\n<a href=\"https:\/\/natus.bynder.com\/m\/8d444499c9a8076b\/original\/Grass-Reusable-Tangle-Free-Cup-Electrodes-Flyer.pdf\" target=\"_blank\" rel=\"noopener\">Deutsch<\/a><\/p>\n<p>&nbsp;<\/p>\n<p><strong>Natus Katalog f\u00fcr neurodiagnostisches Zubeh\u00f6r<\/strong><br \/>\n<a href=\"https:\/\/natus.bynder.com\/m\/990029e101bebd22\/original\/Natus-Neurodiagnostic-Supplies-Catalog.pdf\">Englisch<\/a><br \/>\n<a href=\"https:\/\/natus.bynder.com\/m\/158d8472457a8340\/original\/Natus-Neurodiagnostic-Supplies-Catalog.pdf\">Franz\u00f6sisch<\/a><br \/>\n<a href=\"https:\/\/natus.bynder.com\/m\/2af7bff78ece1e68\/original\/Natus-Neurodiagnostic-Supplies-Catalog.pdf\">Deutsch<\/a><br \/>\n<a href=\"https:\/\/natus.bynder.com\/m\/381843ac1f7e9034\/original\/Natus-Neurodiagnostic-Supplies-Catalog.pdf\">Spanisch<\/a><\/p>\n"}]}],"image_left":{"ID":5162,"id":5162,"title":"EEG_0074_clinical_RETv1-0","filename":"EEG_0074_clinical_RETv1-0.png","filesize":315008,"url":"https:\/\/natus.com\/wp-content\/uploads\/EEG_0074_clinical_RETv1-0.png","link":"https:\/\/natus.com\/de\/neuro\/originale-grass-wiederverwendbare-eeg-napfelektroden\/eeg_0074_clinical_retv1-0-2\/","alt":"Man with electrodes on his scalp","author":"2","description":"","caption":"","name":"eeg_0074_clinical_retv1-0-2","status":"inherit","uploaded_to":9543,"date":"2023-09-18 19:22:21","modified":"2024-07-26 17:09:09","menu_order":0,"mime_type":"image\/png","type":"image","subtype":"png","icon":"https:\/\/natus.com\/wp-includes\/images\/media\/default.png","width":525,"height":350,"sizes":{"thumbnail":"https:\/\/natus.com\/wp-content\/uploads\/EEG_0074_clinical_RETv1-0.png","thumbnail-width":128,"thumbnail-height":85,"medium":"https:\/\/natus.com\/wp-content\/uploads\/EEG_0074_clinical_RETv1-0.png","medium-width":525,"medium-height":350,"medium_large":"https:\/\/natus.com\/wp-content\/uploads\/EEG_0074_clinical_RETv1-0.png","medium_large-width":525,"medium_large-height":350,"large":"https:\/\/natus.com\/wp-content\/uploads\/EEG_0074_clinical_RETv1-0.png","large-width":525,"large-height":350,"1536x1536":"https:\/\/natus.com\/wp-content\/uploads\/EEG_0074_clinical_RETv1-0.png","1536x1536-width":525,"1536x1536-height":350,"2048x2048":"https:\/\/natus.com\/wp-content\/uploads\/EEG_0074_clinical_RETv1-0.png","2048x2048-width":525,"2048x2048-height":350}}}},{"acf_fc_layout":"related_products","_acfe_flexible_toggle":"","tiles_3_columns_landing":{"module_options":{"":null,"module_id":"n6514e824c58f7","module_class":"","module_background_type":"color","module_background_color":"","module_background_image":false,"module_background_video":"","activate_custom_padding":false,"padding_top_desktop":"0","padding_top_tablet":"0","padding_top_mobile":"0","padding_bottom_desktop":"0","padding_bottom_tablet":"0","padding_bottom_mobile":"0","activate_custom_margin":false,"margin_top_desktop":"0","margin_top_tablet":"0","margin_top_mobile":"0","margin_bottom_desktop":"0","margin_bottom_tablet":"0","margin_bottom_mobile":"0","disable_on":[],"content_alignment_desktop":"left","content_alignment_tablet":"left","content_alignment_mobile":"left"},"intro_text":"Verwandte Neuro Produkte","intro_text_color":"#005e63","intro_link":{"type":"post","value":"8334","url":"https:\/\/natus.com\/de\/neuro-produkte\/","name":"Neuro-Produkte","title":"Alle Neuro-Produkte anzeigen","target":""},"tiles":[{"label":"EEG-Lieferungen","label_background_color":"#154284","image":{"ID":4777,"id":4777,"title":"Grass Standard Cup EEG Electrodes Related Product Photo -500x400","filename":"Grass-Disposable-Standard-Cup-EEG-Electrodes-Related-Product-Photo-500x400-1.png","filesize":221785,"url":"https:\/\/natus.com\/wp-content\/uploads\/Grass-Disposable-Standard-Cup-EEG-Electrodes-Related-Product-Photo-500x400-1.png","link":"https:\/\/natus.com\/de\/neuro\/eeg-aeeg\/eeg-zubehor\/grass-standard-cup-eeg-electrodes-related-product-photo-500x400-2\/","alt":"Grass Disposable Standard Cup EEG Electrodes","author":"2","description":"","caption":"","name":"grass-standard-cup-eeg-electrodes-related-product-photo-500x400-2","status":"inherit","uploaded_to":12643,"date":"2023-09-15 18:42:55","modified":"2024-07-26 19:14:59","menu_order":0,"mime_type":"image\/png","type":"image","subtype":"png","icon":"https:\/\/natus.com\/wp-includes\/images\/media\/default.png","width":500,"height":400,"sizes":{"thumbnail":"https:\/\/natus.com\/wp-content\/uploads\/Grass-Disposable-Standard-Cup-EEG-Electrodes-Related-Product-Photo-500x400-1.png","thumbnail-width":120,"thumbnail-height":96,"medium":"https:\/\/natus.com\/wp-content\/uploads\/Grass-Disposable-Standard-Cup-EEG-Electrodes-Related-Product-Photo-500x400-1.png","medium-width":500,"medium-height":400,"medium_large":"https:\/\/natus.com\/wp-content\/uploads\/Grass-Disposable-Standard-Cup-EEG-Electrodes-Related-Product-Photo-500x400-1.png","medium_large-width":500,"medium_large-height":400,"large":"https:\/\/natus.com\/wp-content\/uploads\/Grass-Disposable-Standard-Cup-EEG-Electrodes-Related-Product-Photo-500x400-1.png","large-width":500,"large-height":400,"1536x1536":"https:\/\/natus.com\/wp-content\/uploads\/Grass-Disposable-Standard-Cup-EEG-Electrodes-Related-Product-Photo-500x400-1.png","1536x1536-width":500,"1536x1536-height":400,"2048x2048":"https:\/\/natus.com\/wp-content\/uploads\/Grass-Disposable-Standard-Cup-EEG-Electrodes-Related-Product-Photo-500x400-1.png","2048x2048-width":500,"2048x2048-height":400}},"title":"Grass\u00ae einmal verwendbare EEG-Napfelektroden","link":{"type":"post","value":"9585","url":"https:\/\/natus.com\/de\/neuro\/grass-einmal-verwendbare-eeg-napfelektroden\/","name":"Grass\u00ae einmal verwendbare EEG-Napfelektroden","title":"Mehr Erfahren","target":"_blank"}},{"label":"EEG-Lieferungen","label_background_color":"#154284","image":{"ID":4838,"id":4838,"title":"Grass Reusable Cup EEG Electrodes Related Product Photo - 500x400","filename":"Grass-Reusable-Cup-EEG-Electrodes-Related-Product-Photo-500x400-1.png","filesize":153118,"url":"https:\/\/natus.com\/wp-content\/uploads\/Grass-Reusable-Cup-EEG-Electrodes-Related-Product-Photo-500x400-1.png","link":"https:\/\/natus.com\/de\/neuro\/eeg-aeeg\/eeg-zubehor\/grass-reusable-cup-eeg-electrodes-related-product-photo-500x400-2\/","alt":"Grass Reusable Cup EEG Electrodes","author":"2","description":"","caption":"","name":"grass-reusable-cup-eeg-electrodes-related-product-photo-500x400-2","status":"inherit","uploaded_to":12643,"date":"2023-09-15 19:32:46","modified":"2024-07-26 19:12:35","menu_order":0,"mime_type":"image\/png","type":"image","subtype":"png","icon":"https:\/\/natus.com\/wp-includes\/images\/media\/default.png","width":500,"height":400,"sizes":{"thumbnail":"https:\/\/natus.com\/wp-content\/uploads\/Grass-Reusable-Cup-EEG-Electrodes-Related-Product-Photo-500x400-1.png","thumbnail-width":120,"thumbnail-height":96,"medium":"https:\/\/natus.com\/wp-content\/uploads\/Grass-Reusable-Cup-EEG-Electrodes-Related-Product-Photo-500x400-1.png","medium-width":500,"medium-height":400,"medium_large":"https:\/\/natus.com\/wp-content\/uploads\/Grass-Reusable-Cup-EEG-Electrodes-Related-Product-Photo-500x400-1.png","medium_large-width":500,"medium_large-height":400,"large":"https:\/\/natus.com\/wp-content\/uploads\/Grass-Reusable-Cup-EEG-Electrodes-Related-Product-Photo-500x400-1.png","large-width":500,"large-height":400,"1536x1536":"https:\/\/natus.com\/wp-content\/uploads\/Grass-Reusable-Cup-EEG-Electrodes-Related-Product-Photo-500x400-1.png","1536x1536-width":500,"1536x1536-height":400,"2048x2048":"https:\/\/natus.com\/wp-content\/uploads\/Grass-Reusable-Cup-EEG-Electrodes-Related-Product-Photo-500x400-1.png","2048x2048-width":500,"2048x2048-height":400}},"title":"Originale Grass\u00ae wiederverwendbare EEG-Napfelektroden","link":{"type":"post","value":"9543","url":"https:\/\/natus.com\/de\/neuro\/originale-grass-wiederverwendbare-eeg-napfelektroden\/","name":"Originale Grass\u00ae wiederverwendbare EEG-Napfelektroden","title":"Mehr Erfahren","target":"_blank"}},{"label":"EEG-Lieferungen","label_background_color":"#154284","image":{"ID":4771,"id":4771,"title":"Grass Deep Cup EEG Electrodes Related Product Photo - 500x400","filename":"Grass-Disposable-Deep-Cup-Electrodes-Related-Product-Photo-500x400-2.png","filesize":246279,"url":"https:\/\/natus.com\/wp-content\/uploads\/Grass-Disposable-Deep-Cup-Electrodes-Related-Product-Photo-500x400-2.png","link":"https:\/\/natus.com\/de\/neuro\/eeg-aeeg\/eeg-zubehor\/grass-deep-cup-eeg-electrodes-related-product-photo-500x400-2\/","alt":"Grass Disposable Deep Cup Electrodes","author":"2","description":"","caption":"","name":"grass-deep-cup-eeg-electrodes-related-product-photo-500x400-2","status":"inherit","uploaded_to":12643,"date":"2023-09-15 18:38:42","modified":"2024-07-29 20:19:26","menu_order":0,"mime_type":"image\/png","type":"image","subtype":"png","icon":"https:\/\/natus.com\/wp-includes\/images\/media\/default.png","width":500,"height":400,"sizes":{"thumbnail":"https:\/\/natus.com\/wp-content\/uploads\/Grass-Disposable-Deep-Cup-Electrodes-Related-Product-Photo-500x400-2.png","thumbnail-width":120,"thumbnail-height":96,"medium":"https:\/\/natus.com\/wp-content\/uploads\/Grass-Disposable-Deep-Cup-Electrodes-Related-Product-Photo-500x400-2.png","medium-width":500,"medium-height":400,"medium_large":"https:\/\/natus.com\/wp-content\/uploads\/Grass-Disposable-Deep-Cup-Electrodes-Related-Product-Photo-500x400-2.png","medium_large-width":500,"medium_large-height":400,"large":"https:\/\/natus.com\/wp-content\/uploads\/Grass-Disposable-Deep-Cup-Electrodes-Related-Product-Photo-500x400-2.png","large-width":500,"large-height":400,"1536x1536":"https:\/\/natus.com\/wp-content\/uploads\/Grass-Disposable-Deep-Cup-Electrodes-Related-Product-Photo-500x400-2.png","1536x1536-width":500,"1536x1536-height":400,"2048x2048":"https:\/\/natus.com\/wp-content\/uploads\/Grass-Disposable-Deep-Cup-Electrodes-Related-Product-Photo-500x400-2.png","2048x2048-width":500,"2048x2048-height":400}},"title":"Grass\u00ae einmal verwendbare EEG-Elektroden mit tiefem Napf \r\n","link":{"type":"post","value":"9642","url":"https:\/\/natus.com\/de\/neuro\/grass-einmal-verwendbare-eeg-elektroden-mit-tiefem-napf\/","name":"Grass\u00ae einmal verwendbare EEG-Elektroden mit tiefem Napf","title":"Mehr Erfahren","target":"_blank"}}]}},{"acf_fc_layout":"contact_form","_acfe_flexible_toggle":"","contact_form_landing":{"module_options":{"":null,"module_id":"contact-neuro","module_class":"","module_background_type":"color","module_background_color":"#f1f1f1","module_background_image":false,"module_background_video":"","activate_custom_padding":false,"padding_top_desktop":"0","padding_top_tablet":"0","padding_top_mobile":"0","padding_bottom_desktop":"0","padding_bottom_tablet":"0","padding_bottom_mobile":"0","activate_custom_margin":false,"margin_top_desktop":"0","margin_top_tablet":"0","margin_top_mobile":"0","margin_bottom_desktop":"0","margin_bottom_tablet":"0","margin_bottom_mobile":"0","disable_on":[],"content_alignment_desktop":"left","content_alignment_tablet":"left","content_alignment_mobile":"left"},"":null,"activate_intro":true,"intro_text":"Kontaktieren Sie Ihren Natus-Kundenberater","intro_text_color":"#005e63","intro_link":null,"activate_description":true,"description_title":"","description_copy":"Um weitere Informationen \u00fcber dieses oder andere Produkte zu erhalten, f\u00fcllen Sie bitte das nachfolgende Formular aus.","embed_code":"<script charset=\"utf-8\" type=\"text\/javascript\" src=\"\/\/js.hsforms.net\/forms\/embed\/v2.js\"><\/script>\r\n<script>\r\n  hbspt.forms.create({\r\n    region: \"na1\",\r\n    portalId: \"3002890\",\r\n    formId: \"a630c68b-d22b-4bf1-a490-5a8d8eec62b1\"\r\n  });\r\n<\/script>"}},{"acf_fc_layout":"simple_content","_acfe_flexible_toggle":"","content_full_width_landing":{"module_options":{"":null,"module_id":"n6514e824d4759","module_class":"","module_background_type":"color","module_background_color":"","module_background_image":false,"module_background_video":"","activate_custom_padding":false,"padding_top_desktop":"0","padding_top_tablet":"0","padding_top_mobile":"0","padding_bottom_desktop":"0","padding_bottom_tablet":"0","padding_bottom_mobile":"0","activate_custom_margin":false,"margin_top_desktop":"0","margin_top_tablet":"0","margin_top_mobile":"0","margin_bottom_desktop":"0","margin_bottom_tablet":"0","margin_bottom_mobile":"0","disable_on":[],"content_alignment_desktop":"left","content_alignment_tablet":"left","content_alignment_mobile":"left"},"content":"<p><span style=\"font-size: 11px;\">035242 RevA<\/span><\/p>\n"}}]},"_links":{"self":[{"href":"https:\/\/natus.com\/de\/wp-json\/wp\/v2\/pages\/9654","targetHints":{"allow":["GET"]}}],"collection":[{"href":"https:\/\/natus.com\/de\/wp-json\/wp\/v2\/pages"}],"about":[{"href":"https:\/\/natus.com\/de\/wp-json\/wp\/v2\/types\/page"}],"author":[{"embeddable":true,"href":"https:\/\/natus.com\/de\/wp-json\/wp\/v2\/users\/3"}],"replies":[{"embeddable":true,"href":"https:\/\/natus.com\/de\/wp-json\/wp\/v2\/comments?post=9654"}],"version-history":[{"count":6,"href":"https:\/\/natus.com\/de\/wp-json\/wp\/v2\/pages\/9654\/revisions"}],"predecessor-version":[{"id":20623,"href":"https:\/\/natus.com\/de\/wp-json\/wp\/v2\/pages\/9654\/revisions\/20623"}],"up":[{"embeddable":true,"href":"https:\/\/natus.com\/de\/wp-json\/wp\/v2\/pages\/10462"}],"wp:attachment":[{"href":"https:\/\/natus.com\/de\/wp-json\/wp\/v2\/media?parent=9654"}],"wp:term":[{"taxonomy":"category","embeddable":true,"href":"https:\/\/natus.com\/de\/wp-json\/wp\/v2\/categories?post=9654"},{"taxonomy":"post_tag","embeddable":true,"href":"https:\/\/natus.com\/de\/wp-json\/wp\/v2\/tags?post=9654"}],"curies":[{"name":"wp","href":"https:\/\/api.w.org\/{rel}","templated":true}]}}