{"id":9726,"date":"2023-09-08T17:40:41","date_gmt":"2023-09-08T17:40:41","guid":{"rendered":"https:\/\/natus.com\/natus-quantum-ar-amplifier\/"},"modified":"2025-12-02T17:58:51","modified_gmt":"2025-12-02T17:58:51","slug":"natus-quantum-ar-verstaerker","status":"publish","type":"page","link":"https:\/\/natus.com\/de\/neuro\/natus-quantum-ar-verstaerker\/","title":{"rendered":"Natus\u00ae Quantum\u00ae AR-Verst\u00e4rker"},"content":{"rendered":"","protected":false},"excerpt":{"rendered":"","protected":false},"author":2,"featured_media":0,"parent":10462,"menu_order":0,"comment_status":"closed","ping_status":"closed","template":"templates\/page-neuro-solutions-product-landing.php","meta":{"_acf_changed":false,"footnotes":""},"categories":[158],"tags":[219],"class_list":["post-9726","page","type-page","status-publish","hentry","category-elektroenzephalografie-eeg-aeeg-de","tag-eeg-fur-tieranwendungen-de"],"acf":{"content_blocks":[{"acf_fc_layout":"spacer","_acfe_flexible_layout_title":null,"_acfe_flexible_toggle":null,"spacer":{"module_options":{"":null,"module_id":"n64babb6de86c1","module_class":"","module_background_type":"color","module_background_color":"#00aaa7","module_background_image":false,"module_background_video":"","activate_custom_padding":false,"padding_top_desktop":"0","padding_top_tablet":"0","padding_top_mobile":"0","padding_bottom_desktop":"0","padding_bottom_tablet":"0","padding_bottom_mobile":"0","activate_custom_margin":false,"margin_top_desktop":"0","margin_top_tablet":"0","margin_top_mobile":"0","margin_bottom_desktop":"0","margin_bottom_tablet":"0","margin_bottom_mobile":"0","disable_on":[],"content_alignment_desktop":"left","content_alignment_tablet":"left","content_alignment_mobile":"left"},"height":"270"}},{"acf_fc_layout":"intro_with_sticky_image","_acfe_flexible_layout_title":null,"_acfe_flexible_toggle":null,"left_content_right_image_sticky":{"module_options":{"":null,"module_id":"n64bfe3c147dc3","module_class":"","module_background_type":"color","module_background_color":"#f1f1f1","module_background_image":false,"module_background_video":"","activate_custom_padding":false,"padding_top_desktop":"0","padding_top_tablet":"0","padding_top_mobile":"0","padding_bottom_desktop":"0","padding_bottom_tablet":"0","padding_bottom_mobile":"0","activate_custom_margin":false,"margin_top_desktop":"0","margin_top_tablet":"0","margin_top_mobile":"0","margin_bottom_desktop":"0","margin_bottom_tablet":"0","margin_bottom_mobile":"0","disable_on":[],"content_alignment_desktop":"left","content_alignment_tablet":"left","content_alignment_mobile":"left"},"":null,"title":"Natus<sup>\u00ae<\/sup> Quantum<sup>\u2122<\/sup> Natus\u00ae Quantum\u00ae AR-Verst\u00e4rker","subheader":"<p>Der Natus\u00a0Quantum\u00a0AR-Verst\u00e4rker\u00a0wurde speziell f\u00fcr die Tierforschung entwickelt und bietet bis zu sieben unabh\u00e4ngige Referenzeing\u00e4nge, um die Flexibilit\u00e4t und Genauigkeit der Datenerfassung zu verbessern.<\/p>\n<p><span style=\"font-size: 12px;\"><br \/>\nNicht in allen L\u00e4ndern erh\u00e4ltlich. Verf\u00fcgbarkeit auf Anfrage bei Ihrem zust\u00e4ndigen Vertriebsmitarbeiter.<\/span><\/p>\n<p>&nbsp;<\/p>\n","icons":[{"icon":{"ID":2226,"id":2226,"title":"icon-feature","filename":"icon-feature.png","filesize":1408,"url":"https:\/\/natus.com\/wp-content\/uploads\/icon-feature.png","link":"https:\/\/natus.com\/de\/neuro\/dantec-clavis-emg-handgeraet\/icon-feature-2\/","alt":"star","author":"2","description":"Icon - Star","caption":"","name":"icon-feature-2","status":"inherit","uploaded_to":8727,"date":"2023-09-07 22:27:26","modified":"2024-07-29 21:19:16","menu_order":0,"mime_type":"image\/png","type":"image","subtype":"png","icon":"https:\/\/natus.com\/wp-includes\/images\/media\/default.png","width":43,"height":41,"sizes":{"thumbnail":"https:\/\/natus.com\/wp-content\/uploads\/icon-feature.png","thumbnail-width":43,"thumbnail-height":41,"medium":"https:\/\/natus.com\/wp-content\/uploads\/icon-feature.png","medium-width":43,"medium-height":41,"medium_large":"https:\/\/natus.com\/wp-content\/uploads\/icon-feature.png","medium_large-width":43,"medium_large-height":41,"large":"https:\/\/natus.com\/wp-content\/uploads\/icon-feature.png","large-width":43,"large-height":41,"1536x1536":"https:\/\/natus.com\/wp-content\/uploads\/icon-feature.png","1536x1536-width":43,"1536x1536-height":41,"2048x2048":"https:\/\/natus.com\/wp-content\/uploads\/icon-feature.png","2048x2048-width":43,"2048x2048-height":41}},"icon_description":"HD<br \/>\r\nVideo"},{"icon":{"ID":2250,"id":2250,"title":"icon-rate","filename":"icon-rate.png","filesize":2246,"url":"https:\/\/natus.com\/wp-content\/uploads\/icon-rate.png","link":"https:\/\/natus.com\/de\/neuro\/icon-rate-2\/","alt":"Icon - Rate","author":"2","description":"","caption":"","name":"icon-rate-2","status":"inherit","uploaded_to":10462,"date":"2023-09-07 23:19:56","modified":"2024-07-29 21:18:51","menu_order":0,"mime_type":"image\/png","type":"image","subtype":"png","icon":"https:\/\/natus.com\/wp-includes\/images\/media\/default.png","width":61,"height":46,"sizes":{"thumbnail":"https:\/\/natus.com\/wp-content\/uploads\/icon-rate.png","thumbnail-width":61,"thumbnail-height":46,"medium":"https:\/\/natus.com\/wp-content\/uploads\/icon-rate.png","medium-width":61,"medium-height":46,"medium_large":"https:\/\/natus.com\/wp-content\/uploads\/icon-rate.png","medium_large-width":61,"medium_large-height":46,"large":"https:\/\/natus.com\/wp-content\/uploads\/icon-rate.png","large-width":61,"large-height":46,"1536x1536":"https:\/\/natus.com\/wp-content\/uploads\/icon-rate.png","1536x1536-width":61,"1536x1536-height":46,"2048x2048":"https:\/\/natus.com\/wp-content\/uploads\/icon-rate.png","2048x2048-width":61,"2048x2048-height":46}},"icon_description":"16 <br \/>\r\nkHz<br \/>\r\nAbtastrate"},{"icon":{"ID":2245,"id":2245,"title":"icon-channels","filename":"icon-channels.png","filesize":1062,"url":"https:\/\/natus.com\/wp-content\/uploads\/icon-channels.png","link":"https:\/\/natus.com\/de\/neuro\/icon-channels-2\/","alt":"Icon - Channels","author":"2","description":"","caption":"","name":"icon-channels-2","status":"inherit","uploaded_to":10462,"date":"2023-09-07 23:18:48","modified":"2024-07-29 21:18:55","menu_order":0,"mime_type":"image\/png","type":"image","subtype":"png","icon":"https:\/\/natus.com\/wp-includes\/images\/media\/default.png","width":58,"height":43,"sizes":{"thumbnail":"https:\/\/natus.com\/wp-content\/uploads\/icon-channels.png","thumbnail-width":58,"thumbnail-height":43,"medium":"https:\/\/natus.com\/wp-content\/uploads\/icon-channels.png","medium-width":58,"medium-height":43,"medium_large":"https:\/\/natus.com\/wp-content\/uploads\/icon-channels.png","medium_large-width":58,"medium_large-height":43,"large":"https:\/\/natus.com\/wp-content\/uploads\/icon-channels.png","large-width":58,"large-height":43,"1536x1536":"https:\/\/natus.com\/wp-content\/uploads\/icon-channels.png","1536x1536-width":58,"1536x1536-height":43,"2048x2048":"https:\/\/natus.com\/wp-content\/uploads\/icon-channels.png","2048x2048-width":58,"2048x2048-height":43}},"icon_description":"64<br \/>\r\nKan\u00e4le <br \/>\r\n+ 16 Dc"}],"quick_navigation":[{"quick_link":{"type":"url","value":"#contact-neuro","url":"#contact-neuro","name":"#contact-neuro","title":"Kontakt","target":""}},{"quick_link":{"type":"url","value":"#n64be98eed01eb","url":"#n64be98eed01eb","name":"#n64be98eed01eb","title":"Mehr Details erkunden","target":""}}],"description":"<p>Der Quantum AR verf\u00fcgt \u00fcber qualitativ hochwertige Merkmale wie HD-Video mit digitalem Zoom, Abtastraten bis zu 16\u00a0kHz sowie Spike- und Anfallserkennung und wird durch die intuitive\u00a0<a title=\"Natus\u00ae NeuroWorks\u00ae EEG-Software \" href=\"https:\/\/natus.com\/de\/neuroworks-eeg-software\/\" data-entity-substitution=\"canonical\" data-entity-type=\"node\" data-entity-uuid=\"e22da8f4-4c74-476a-89af-747a983439a2\">NeuroWorks<sup>\u00ae<\/sup><\/a>\u00a0Software gesteuert. Dieses System kann in Datenanalyse-Software von Drittanbietern integriert werden. Ein Software Development Kit erm\u00f6glicht direkten Datenzugriff.<\/p>\n<p>&nbsp;<\/p>\n<p><strong>Hauptmerkmale:<\/strong><\/p>\n<ul>\n<li><span style=\"font-size: 15px;\">64 referentielle Kan\u00e4le; 16 DC<\/span><\/li>\n<li><span style=\"font-size: 15px;\">7 unabh\u00e4ngige Referenzeing\u00e4nge<\/span><\/li>\n<li><span style=\"font-size: 15px;\">Abtastfrequenz bis zu 16\u00a0kHz mit einer gro\u00dfen Bandbreite von 0,01\u00a0Hz bis\u00a04\u00a0kHz<\/span><\/li>\n<li><span style=\"font-size: 15px;\">Hochaufl\u00f6sendes Video erm\u00f6glicht Forschern die Einrichtung einer einzelnen Kamera f\u00fcr mehrere Teilnehmer und die digitale Vergr\u00f6\u00dferung der einzelnen Teilnehmer.<\/span><\/li>\n<li><span style=\"font-size: 15px;\">Software Development Kit bietet direkten Datenzugriff<\/span><\/li>\n<li><span style=\"font-size: 15px;\">Analysesoftware<\/span><\/li>\n<li><span style=\"font-size: 15px;\">Import und Export mittels EDF\/EDF+<\/span><\/li>\n<li><span style=\"font-size: 15px;\">M\u00f6glichkeit zur Aufzeichnung von Video von mehreren Kameras<\/span><\/li>\n<li><span style=\"font-size: 15px;\">Externer 8-Bit-Trigger zur Synchronisierung externer Ereignisse<\/span><\/li>\n<\/ul>\n","message_label":"Service und Unterst\u00fctzung","message_title":"Suchen Sie einen Neuro-Produktservice oder technische Unterst\u00fctzung?","message_link":{"type":"post","value":"8364","url":"https:\/\/natus.com\/de\/support\/","name":"Service und Support","title":"Natus Service und Unterst\u00fctzung","target":""},"right_sticky_image":{"ID":5043,"id":5043,"title":"Quantum AR Main Product Photo - 500x850","filename":"Quantum-AR_Main-Image.png","filesize":270371,"url":"https:\/\/natus.com\/wp-content\/uploads\/Quantum-AR_Main-Image.png","link":"https:\/\/natus.com\/de\/neuro\/natus-quantum-ar-verstaerker\/quantum-ar-main-product-photo-500x850-2\/","alt":"Natus\u00ae Quantum\u00ae AR Amplifier for Animal Research","author":"2","description":"","caption":"","name":"quantum-ar-main-product-photo-500x850-2","status":"inherit","uploaded_to":9726,"date":"2023-09-18 15:49:28","modified":"2024-07-26 18:48:58","menu_order":0,"mime_type":"image\/png","type":"image","subtype":"png","icon":"https:\/\/natus.com\/wp-includes\/images\/media\/default.png","width":500,"height":850,"sizes":{"thumbnail":"https:\/\/natus.com\/wp-content\/uploads\/Quantum-AR_Main-Image.png","thumbnail-width":56,"thumbnail-height":96,"medium":"https:\/\/natus.com\/wp-content\/uploads\/Quantum-AR_Main-Image.png","medium-width":500,"medium-height":850,"medium_large":"https:\/\/natus.com\/wp-content\/uploads\/Quantum-AR_Main-Image.png","medium_large-width":500,"medium_large-height":850,"large":"https:\/\/natus.com\/wp-content\/uploads\/Quantum-AR_Main-Image.png","large-width":500,"large-height":850,"1536x1536":"https:\/\/natus.com\/wp-content\/uploads\/Quantum-AR_Main-Image.png","1536x1536-width":500,"1536x1536-height":850,"2048x2048":"https:\/\/natus.com\/wp-content\/uploads\/Quantum-AR_Main-Image.png","2048x2048-width":500,"2048x2048-height":850}}}},{"acf_fc_layout":"product_information","_acfe_flexible_layout_title":null,"_acfe_flexible_toggle":null,"left_accordion_right_image_landing":{"module_options":{"":null,"module_id":"n64be98eed01eb","module_class":"","module_background_type":"color","module_background_color":"#f1f1f1","module_background_image":false,"module_background_video":"","activate_custom_padding":false,"padding_top_desktop":"0","padding_top_tablet":"0","padding_top_mobile":"0","padding_bottom_desktop":"0","padding_bottom_tablet":"0","padding_bottom_mobile":"0","activate_custom_margin":false,"margin_top_desktop":"0","margin_top_tablet":"0","margin_top_mobile":"0","margin_bottom_desktop":"0","margin_bottom_tablet":"0","margin_bottom_mobile":"0","disable_on":[],"content_alignment_desktop":"left","content_alignment_tablet":"left","content_alignment_mobile":"left"},"intro":"Informationen zum Produkt","description":"","accordion":[{"title":"Software","accordion_content":[{"acf_fc_layout":"full_content","accordion_description":"<p>Die\u00a0<a title=\"Natus\u00ae NeuroWorks\u00ae EEG-Software \" href=\"https:\/\/natus.com\/de\/neuroworks-eeg-software\/\" data-entity-substitution=\"canonical\" data-entity-type=\"node\" data-entity-uuid=\"e22da8f4-4c74-476a-89af-747a983439a2\">Natus NeuroWorks<sup>\u00ae<\/sup>\u00a0Plattform<\/a>\u00a0erm\u00f6glicht ein nahtloses Teilnehmer- und Studienmanagement mit zuverl\u00e4ssigen und flexiblen Funktionen f\u00fcr die Erfassung und Auswertung von Studien. Diese Merkmale bilden die Grundlage einer sicheren L\u00f6sung, die die EEG-Forschung vereinfacht.<\/p>\n<ul>\n<li>Mit Windows<sup>\u00ae<\/sup>\u00a010 kompatibel<\/li>\n<li>Verbesserte Sicherheitsmerkmale<\/li>\n<li>Leistungsstarke qEEG-Trends<\/li>\n<li>Mehrere M\u00f6glichkeiten zur Spike- und Ereignisanalyse<\/li>\n<li>Voll synchronisiertes HD-Video<\/li>\n<li>Skalierbarer Fernzugriff mittels Citrix Provisioning<\/li>\n<\/ul>\n"}]},{"title":"Abmessungen und Gewicht","accordion_content":[{"acf_fc_layout":"full_content","accordion_description":"<p><strong>Gr\u00f6\u00dfe:\u00a0<\/strong>(HxBxT)<\/p>\n<ul>\n<li><strong>Base Unit:<\/strong>\u00a029,2 x 26,6 x 5,2\u00a0cm<\/li>\n<li><strong>Breakout-Box:<\/strong>\u00a023,7 x 13,3 x 5,4\u00a0cm<\/li>\n<\/ul>\n<p><strong>Gewicht:<\/strong><\/p>\n<ul>\n<li><strong>Base Unit:\u00a0\u00a0<\/strong>2,14 kg<\/li>\n<li><strong>Breakout-Box:<\/strong>\u00a00,48 kg<\/li>\n<\/ul>\n"}]},{"title":"Produktliteratur Herunterladen","accordion_content":[{"acf_fc_layout":"full_content","accordion_description":"<p><strong>Produktseite f\u00fcr Natus\u00a0Quantum\u00a0AR-Verst\u00e4rker f\u00fcr die Tierforschung<\/strong><\/p>\n<p><a href=\"https:\/\/natus.bynder.com\/m\/634633610c7b35d0\/original\/Natus-Quantum-AR-Amplifier-Flyer.pdf\" target=\"_blank\" rel=\"noopener\">Englisch<\/a><\/p>\n"}]},{"title":"Zubeh\u00f6r","accordion_content":[{"acf_fc_layout":"full_content","accordion_description":"<p>Natus Neuro bietet ein komplettes Zubeh\u00f6rangebot, um alle Ihre Anforderungen f\u00fcr EEG-Aufzeichnungen zu erf\u00fcllen.<\/p>\n<p><img loading=\"lazy\" decoding=\"async\" class=\"alignleft size-full wp-image-3991\" src=\"https:\/\/natus.com\/wp-content\/uploads\/EEG-Supplies_500w.png\" alt=\"\" width=\"500\" height=\"293\" \/><\/p>\n<p>&nbsp;<\/p>\n<ul>\n<li>Wiederverwendbare, originale Grass<sup>\u00ae<\/sup>\u00a0EEG-Napfelektroden<\/li>\n<li>Wiederverwendbare, gestanzte Grass EEG-Napfelektroden<\/li>\n<li>Einmal verwendbare Grass<sup>\u00ae<\/sup>\u00a0EEG-Napfelektroden und Elektroden mit tiefem Napf<\/li>\n<li>Wiederverwendbare, originale Grass<sup>\u00ae<\/sup>\u00a0Platin Subdermal-Nadelelektroden<\/li>\n<li>Einmal verwendbare Natus<sup>\u00ae<\/sup>\u00a0Ultra und Classic Subdermal-Nadelelektroden<\/li>\n<li>Produkte f\u00fcr die Elektrodenapplikation<\/li>\n<li>Praktisches Online-Portal &#8211; <a href=\"https:\/\/natus.com\/de\/natus-medical-stores\/\">Natus Medical Store<\/a> (nicht in allen L\u00e4ndern verf\u00fcgbar)<\/li>\n<\/ul>\n"}]}],"image_left":false}},{"acf_fc_layout":"related_products","_acfe_flexible_layout_title":null,"_acfe_flexible_toggle":null,"tiles_3_columns_landing":{"module_options":{"":null,"module_id":"n64bf9a7609a1f","module_class":"","module_background_type":"color","module_background_color":"#f1f1f1","module_background_image":false,"module_background_video":"","activate_custom_padding":false,"padding_top_desktop":"0","padding_top_tablet":"0","padding_top_mobile":"0","padding_bottom_desktop":"0","padding_bottom_tablet":"0","padding_bottom_mobile":"0","activate_custom_margin":false,"margin_top_desktop":"0","margin_top_tablet":"0","margin_top_mobile":"0","margin_bottom_desktop":"0","margin_bottom_tablet":"0","margin_bottom_mobile":"0","disable_on":[],"content_alignment_desktop":"left","content_alignment_tablet":"left","content_alignment_mobile":"left"},"intro_text":"Verwandte Neuro Produkte","intro_text_color":"#005e63","intro_link":{"type":"post","value":"8334","url":"https:\/\/natus.com\/de\/neuro-produkte\/","name":"Neuro-Produkte","title":"Alle Neuro-Produkte anzeigen","target":""},"tiles":[{"label":"EEG-Software ","label_background_color":"#154284","image":{"ID":4267,"id":4267,"title":"NeuroWorks Related Product Photo - 500x400","filename":"Neuroworks-10-Related-Product-Photo-500x400-1.png","filesize":211965,"url":"https:\/\/natus.com\/wp-content\/uploads\/Neuroworks-10-Related-Product-Photo-500x400-1.png","link":"https:\/\/natus.com\/de\/neuro\/trex-eeg-system-ambulante-hd-videoueberwachung\/neuroworks-related-product-photo-500x400-2\/","alt":"","author":"2","description":"","caption":"","name":"neuroworks-related-product-photo-500x400-2","status":"inherit","uploaded_to":9772,"date":"2023-09-14 18:10:52","modified":"2023-09-28 20:08:52","menu_order":0,"mime_type":"image\/png","type":"image","subtype":"png","icon":"https:\/\/natus.com\/wp-includes\/images\/media\/default.png","width":500,"height":400,"sizes":{"thumbnail":"https:\/\/natus.com\/wp-content\/uploads\/Neuroworks-10-Related-Product-Photo-500x400-1.png","thumbnail-width":120,"thumbnail-height":96,"medium":"https:\/\/natus.com\/wp-content\/uploads\/Neuroworks-10-Related-Product-Photo-500x400-1.png","medium-width":500,"medium-height":400,"medium_large":"https:\/\/natus.com\/wp-content\/uploads\/Neuroworks-10-Related-Product-Photo-500x400-1.png","medium_large-width":500,"medium_large-height":400,"large":"https:\/\/natus.com\/wp-content\/uploads\/Neuroworks-10-Related-Product-Photo-500x400-1.png","large-width":500,"large-height":400,"1536x1536":"https:\/\/natus.com\/wp-content\/uploads\/Neuroworks-10-Related-Product-Photo-500x400-1.png","1536x1536-width":500,"1536x1536-height":400,"2048x2048":"https:\/\/natus.com\/wp-content\/uploads\/Neuroworks-10-Related-Product-Photo-500x400-1.png","2048x2048-width":500,"2048x2048-height":400}},"title":"Natus\u00ae NeuroWorks\u00ae EEG-Software ","link":{"type":"post","value":"9422","url":"https:\/\/natus.com\/de\/neuro\/neuroworks-eeg-software\/","name":"Natus\u00ae NeuroWorks\u00ae EEG-Software","title":"Mehr Erfahren","target":"_blank"}}]}},{"acf_fc_layout":"contact_form","_acfe_flexible_layout_title":null,"_acfe_flexible_toggle":null,"contact_form_landing":{"module_options":{"":null,"module_id":"contact-neuro","module_class":"","module_background_type":"color","module_background_color":"#f1f1f1","module_background_image":false,"module_background_video":"","activate_custom_padding":false,"padding_top_desktop":"0","padding_top_tablet":"0","padding_top_mobile":"0","padding_bottom_desktop":"0","padding_bottom_tablet":"0","padding_bottom_mobile":"0","activate_custom_margin":false,"margin_top_desktop":"0","margin_top_tablet":"0","margin_top_mobile":"0","margin_bottom_desktop":"0","margin_bottom_tablet":"0","margin_bottom_mobile":"0","disable_on":[],"content_alignment_desktop":"left","content_alignment_tablet":"left","content_alignment_mobile":"left"},"":null,"activate_intro":true,"intro_text":"Kontaktieren Sie Ihren Natus-Kundenberater","intro_text_color":"#005e63","intro_link":null,"activate_description":true,"description_title":"","description_copy":"Um weitere Informationen \u00fcber dieses oder andere Produkte zu erhalten, f\u00fcllen Sie bitte das nachfolgende Formular aus.","embed_code":"<script charset=\"utf-8\" type=\"text\/javascript\" src=\"\/\/js.hsforms.net\/forms\/embed\/v2.js\"><\/script>\r\n<script>\r\n  hbspt.forms.create({\r\n    region: \"na1\",\r\n    portalId: \"3002890\",\r\n    formId: \"a630c68b-d22b-4bf1-a490-5a8d8eec62b1\"\r\n  });\r\n<\/script>"}},{"acf_fc_layout":"simple_content","_acfe_flexible_layout_title":null,"_acfe_flexible_toggle":null,"content_full_width_landing":{"module_options":{"":null,"module_id":"n64f769f3689a2","module_class":"","module_background_type":"color","module_background_color":"","module_background_image":false,"module_background_video":"","activate_custom_padding":false,"padding_top_desktop":"0","padding_top_tablet":"0","padding_top_mobile":"0","padding_bottom_desktop":"0","padding_bottom_tablet":"0","padding_bottom_mobile":"0","activate_custom_margin":false,"margin_top_desktop":"0","margin_top_tablet":"0","margin_top_mobile":"0","margin_bottom_desktop":"0","margin_bottom_tablet":"0","margin_bottom_mobile":"0","disable_on":[],"content_alignment_desktop":"left","content_alignment_tablet":"left","content_alignment_mobile":"left"},"content":"<p><span style=\"font-size: 11px;\">034919 RevA<\/span><\/p>\n"}}],"schema_markup":[{"acf_fc_layout":"schema_markup_product","_acfe_flexible_layout_title":null,"_acfe_flexible_toggle":null,"schema_markup_product":{"enable_schema":true,"":null,"device_name":"Natus\u00ae Quantum\u00ae AR-Verst\u00e4rker","device_image":"https:\/\/natus.com\/wp-content\/uploads\/Quantum-AR_Main-Image.png","device_desc":"Der AR-Verst\u00e4rker wurde speziell f\u00fcr die Tierforschung entwickelt und bietet bis zu 7 unabh\u00e4ngige Referenzeing\u00e4nge, um die Flexibilit\u00e4t und Genauigkeit der Datenerfassung zu verbessern.","device_purpose":"","manufacturer_name":"Natus Medical Incorporated","manufacturer_url":"https:\/\/natus.com","brand_name":"Natus","page_url":"https:\/\/natus.com\/de\/neuro\/natus-quantum-ar-verstaerker\/","in_language":"de","medical_specialty":["Neurologic"]}}]},"_links":{"self":[{"href":"https:\/\/natus.com\/de\/wp-json\/wp\/v2\/pages\/9726","targetHints":{"allow":["GET"]}}],"collection":[{"href":"https:\/\/natus.com\/de\/wp-json\/wp\/v2\/pages"}],"about":[{"href":"https:\/\/natus.com\/de\/wp-json\/wp\/v2\/types\/page"}],"author":[{"embeddable":true,"href":"https:\/\/natus.com\/de\/wp-json\/wp\/v2\/users\/2"}],"replies":[{"embeddable":true,"href":"https:\/\/natus.com\/de\/wp-json\/wp\/v2\/comments?post=9726"}],"version-history":[{"count":7,"href":"https:\/\/natus.com\/de\/wp-json\/wp\/v2\/pages\/9726\/revisions"}],"predecessor-version":[{"id":25581,"href":"https:\/\/natus.com\/de\/wp-json\/wp\/v2\/pages\/9726\/revisions\/25581"}],"up":[{"embeddable":true,"href":"https:\/\/natus.com\/de\/wp-json\/wp\/v2\/pages\/10462"}],"wp:attachment":[{"href":"https:\/\/natus.com\/de\/wp-json\/wp\/v2\/media?parent=9726"}],"wp:term":[{"taxonomy":"category","embeddable":true,"href":"https:\/\/natus.com\/de\/wp-json\/wp\/v2\/categories?post=9726"},{"taxonomy":"post_tag","embeddable":true,"href":"https:\/\/natus.com\/de\/wp-json\/wp\/v2\/tags?post=9726"}],"curies":[{"name":"wp","href":"https:\/\/api.w.org\/{rel}","templated":true}]}}