{"id":10119,"date":"2023-09-07T20:16:05","date_gmt":"2023-09-07T20:16:05","guid":{"rendered":"https:\/\/natus.com\/olympic-vac-pac\/"},"modified":"2024-12-20T22:13:42","modified_gmt":"2024-12-20T22:13:42","slug":"olympic-vac-pac-para-posicionamiento-de-los-pacientes","status":"publish","type":"page","link":"https:\/\/natus.com\/es\/neuro\/olympic-vac-pac-para-posicionamiento-de-los-pacientes\/","title":{"rendered":"Olympic Vac-Pac\u00ae para posicionamiento de los pacientes"},"content":{"rendered":"","protected":false},"excerpt":{"rendered":"","protected":false},"author":3,"featured_media":0,"parent":10464,"menu_order":0,"comment_status":"closed","ping_status":"closed","template":"templates\/page-neuro-solutions-product-landing.php","meta":{"_acf_changed":false,"footnotes":""},"categories":[191],"tags":[],"class_list":["post-10119","page","type-page","status-publish","hentry","category-medico-quirurgico-es"],"acf":{"content_blocks":[{"acf_fc_layout":"spacer","_acfe_flexible_toggle":"","spacer":{"module_options":{"":null,"module_id":"n65145318daa50","module_class":"","module_background_type":"color","module_background_color":"#00aaa7","module_background_image":false,"module_background_video":"","activate_custom_padding":false,"padding_top_desktop":"0","padding_top_tablet":"0","padding_top_mobile":"0","padding_bottom_desktop":"0","padding_bottom_tablet":"0","padding_bottom_mobile":"0","activate_custom_margin":false,"margin_top_desktop":"0","margin_top_tablet":"0","margin_top_mobile":"0","margin_bottom_desktop":"0","margin_bottom_tablet":"0","margin_bottom_mobile":"0","disable_on":[],"content_alignment_desktop":"left","content_alignment_tablet":"left","content_alignment_mobile":"left"},"height":"270"}},{"acf_fc_layout":"intro_with_sticky_image","_acfe_flexible_toggle":"","left_content_right_image_sticky":{"module_options":{"":null,"module_id":"n65145318e0fcb","module_class":"","module_background_type":"color","module_background_color":"#f1f1f1","module_background_image":false,"module_background_video":"","activate_custom_padding":false,"padding_top_desktop":"0","padding_top_tablet":"0","padding_top_mobile":"0","padding_bottom_desktop":"0","padding_bottom_tablet":"0","padding_bottom_mobile":"0","activate_custom_margin":false,"margin_top_desktop":"0","margin_top_tablet":"0","margin_top_mobile":"0","margin_bottom_desktop":"0","margin_bottom_tablet":"0","margin_bottom_mobile":"0","disable_on":[],"content_alignment_desktop":"left","content_alignment_tablet":"left","content_alignment_mobile":"left"},"":null,"title":"Olympic Vac-Pac\u00ae para posicionamiento de los pacientes","subheader":"<p>Un m\u00e9todo seguro y r\u00e1pido de posicionamiento de los pacientes que van a someterse a cirug\u00eda. La Olympic Vac-Pac<sup>\u00ae<\/sup>\u00a0se amolda al contorno del cuerpo de los pacientes sujet\u00e1ndolos de manera segura y coloc\u00e1ndolos en su lugar\u00a0al mismo tiempo que se proporcionan cuidados m\u00e9dicos en las \u00e1reas del cuerpo seleccionadas.<\/p>\n<p><span style=\"font-size: 11px;\">Es posible que este producto no est\u00e9 disponible en todos los pa\u00edses. P\u00f3ngase en contacto con Natus para obtener informaci\u00f3n espec\u00edfica sobre la disponibilidad del producto en su pa\u00eds.<\/span><\/p>\n","icons":false,"quick_navigation":[{"quick_link":{"type":"url","value":"#contact-neuro","url":"#contact-neuro","name":"#contact-neuro","title":"Contactarnos ","target":""}},{"quick_link":{"type":"url","value":"#n6514531ac4c08","url":"#n6514531ac4c08","name":"#n6514531ac4c08","title":"Explore m\u00e1s detalles","target":""}}],"description":"","message_label":"Servicio y Soporte","message_title":"\u00bfBusca un servicio de neuro productos o asistencia t\u00e9cnica?","message_link":{"type":"post","value":"8369","url":"https:\/\/natus.com\/es\/soporte\/","name":"Servicio y Soporte","title":"Servicio y Soporte de Natus","target":""},"right_sticky_image":{"ID":4501,"id":4501,"title":"Vac Pac Main Product Photo - 800x450","filename":"Vac-Pac-Main-Product-Photo-800x450-1.png","filesize":296719,"url":"https:\/\/natus.com\/wp-content\/uploads\/Vac-Pac-Main-Product-Photo-800x450-1.png","link":"https:\/\/natus.com\/es\/neuro\/olympic-vac-pac-para-posicionamiento-de-los-pacientes\/vac-pac-main-product-photo-800x450-2\/","alt":"Olympic Vac-Pac\u00ae for Patient Positioning","author":"2","description":"","caption":"","name":"vac-pac-main-product-photo-800x450-2","status":"inherit","uploaded_to":10119,"date":"2023-09-14 23:45:37","modified":"2024-07-29 20:21:57","menu_order":0,"mime_type":"image\/png","type":"image","subtype":"png","icon":"https:\/\/natus.com\/wp-includes\/images\/media\/default.png","width":500,"height":850,"sizes":{"thumbnail":"https:\/\/natus.com\/wp-content\/uploads\/Vac-Pac-Main-Product-Photo-800x450-1.png","thumbnail-width":56,"thumbnail-height":96,"medium":"https:\/\/natus.com\/wp-content\/uploads\/Vac-Pac-Main-Product-Photo-800x450-1.png","medium-width":500,"medium-height":850,"medium_large":"https:\/\/natus.com\/wp-content\/uploads\/Vac-Pac-Main-Product-Photo-800x450-1.png","medium_large-width":500,"medium_large-height":850,"large":"https:\/\/natus.com\/wp-content\/uploads\/Vac-Pac-Main-Product-Photo-800x450-1.png","large-width":500,"large-height":850,"1536x1536":"https:\/\/natus.com\/wp-content\/uploads\/Vac-Pac-Main-Product-Photo-800x450-1.png","1536x1536-width":500,"1536x1536-height":850,"2048x2048":"https:\/\/natus.com\/wp-content\/uploads\/Vac-Pac-Main-Product-Photo-800x450-1.png","2048x2048-width":500,"2048x2048-height":850}}}},{"acf_fc_layout":"product_details_right_image_and_left_content","_acfe_flexible_toggle":"","right_image_left_content_single_cta_landing":{"module_options":{"":null,"module_id":"n65145318e8c37","module_class":"","module_background_type":"color","module_background_color":"","module_background_image":false,"module_background_video":"","activate_custom_padding":false,"padding_top_desktop":"0","padding_top_tablet":"0","padding_top_mobile":"0","padding_bottom_desktop":"0","padding_bottom_tablet":"0","padding_bottom_mobile":"0","activate_custom_margin":false,"margin_top_desktop":"0","margin_top_tablet":"0","margin_top_mobile":"0","margin_bottom_desktop":"0","margin_bottom_tablet":"0","margin_bottom_mobile":"0","disable_on":[],"content_alignment_desktop":"left","content_alignment_tablet":"left","content_alignment_mobile":"left"},"":null,"label":"","title":"Dise\u00f1ada pensando en el paciente","description":"<p><strong>Dise\u00f1o c\u00f3modo<\/strong><br \/>\nUna vez que el paciente queda colocado y orientado en la mesa de quir\u00f3fano en la posici\u00f3n necesaria para la operaci\u00f3n, las almohadillas blandas se amoldan al contorno del paciente. En 15 segundos, las almohadillas se succionan creando una presi\u00f3n atmosf\u00e9rica externa que fuerza la uni\u00f3n de las cuentas. De esta manera se crea un envoltorio anat\u00f3mico firme que sujeta de manera c\u00f3moda al paciente.<\/p>\n<p>&nbsp;<\/p>\n<p><strong>Dise\u00f1o inteligente <\/strong><br \/>\nPuede elegir entre siete formas y tama\u00f1os diferentes para que le ayuden en el posicionamiento de los pacientes seg\u00fan sus necesidades. Los pacientes se pueden colocar de manera r\u00e1pida y sencilla. Tambi\u00e9n puede recolocar a los pacientes en caso de que sea necesario. Cada sistema se puede utilizar con cualquier fuente de vac\u00edo, incluyendo succi\u00f3n de pared y bombas aspiradoras.<\/p>\n<p>&nbsp;<\/p>\n<p><strong>Dise\u00f1o seguro \u00a0<\/strong><br \/>\nLas Vac-Pac se limpian f\u00e1cilmente con desinfectantes l\u00edquidos habituales para que puedan seguir utiliz\u00e1ndose durante muchos a\u00f1os. Solamente tiene que limpiar el sistema con un producto de limpieza despu\u00e9s de cada uso. Tiene la opci\u00f3n de usar fundas desechables Vac-Pac. Est\u00e1n fabricadas con un material envolvente quir\u00fargico no esterilizado y no contienen l\u00e1tex de goma natural. Consulte la lista de precios adicionales a continuaci\u00f3n.<\/p>\n<p>&nbsp;<\/p>\n<p><strong>Las Vac-Pac pueden ayudarle en distintos procedimientos, entre los que se incluyen:<\/strong><br \/>\n\u2022\u00a0\u00a0 \u00a0Operaciones quir\u00fargicas oftalmol\u00f3gicas y pl\u00e1sticas<br \/>\n\u2022\u00a0\u00a0 \u00a0Cirug\u00eda de tiroides<br \/>\n\u2022\u00a0\u00a0 \u00a0Procedimientos quir\u00fargicos renales<br \/>\n\u2022\u00a0\u00a0 \u00a0Procedimientos quir\u00fargicos de obstetricia y ginecolog\u00eda y urol\u00f3gicos<br \/>\n\u2022\u00a0\u00a0 \u00a0Acceso a \u00e1reas respiratorias<br \/>\n\u2022\u00a0\u00a0 \u00a0Procedimientos de artroscopia o cirug\u00eda abierta del hombro<br \/>\n\u2022\u00a0\u00a0 \u00a0Dec\u00fabito lateral para cirug\u00eda de la cadera, hombro, toracotom\u00eda, nefrectom\u00eda, liposucci\u00f3n y otras<\/p>\n","link":null,"image":{"ID":6245,"id":6245,"title":"olympic_vac-pac_product_overview_resized","filename":"olympic_vac-pac_product_overview_resized.jpg","filesize":68124,"url":"https:\/\/natus.com\/wp-content\/uploads\/olympic_vac-pac_product_overview_resized.jpg","link":"https:\/\/natus.com\/es\/neuro\/olympic-vac-pac-para-posicionamiento-de-los-pacientes\/olympic_vac-pac_product_overview_resized-2\/","alt":"Olympic Vac-Pac Infographic","author":"3","description":"","caption":"","name":"olympic_vac-pac_product_overview_resized-2","status":"inherit","uploaded_to":10119,"date":"2023-09-21 18:14:41","modified":"2024-07-26 16:54:35","menu_order":0,"mime_type":"image\/jpeg","type":"image","subtype":"jpeg","icon":"https:\/\/natus.com\/wp-includes\/images\/media\/default.png","width":800,"height":450,"sizes":{"thumbnail":"https:\/\/natus.com\/wp-content\/uploads\/olympic_vac-pac_product_overview_resized.jpg","thumbnail-width":128,"thumbnail-height":72,"medium":"https:\/\/natus.com\/wp-content\/uploads\/olympic_vac-pac_product_overview_resized.jpg","medium-width":800,"medium-height":450,"medium_large":"https:\/\/natus.com\/wp-content\/uploads\/olympic_vac-pac_product_overview_resized-768x432.jpg","medium_large-width":768,"medium_large-height":432,"large":"https:\/\/natus.com\/wp-content\/uploads\/olympic_vac-pac_product_overview_resized.jpg","large-width":800,"large-height":450,"1536x1536":"https:\/\/natus.com\/wp-content\/uploads\/olympic_vac-pac_product_overview_resized.jpg","1536x1536-width":800,"1536x1536-height":450,"2048x2048":"https:\/\/natus.com\/wp-content\/uploads\/olympic_vac-pac_product_overview_resized.jpg","2048x2048-width":800,"2048x2048-height":450}},"activate_image_caption":false,"image_caption_description":""}},{"acf_fc_layout":"product_information","_acfe_flexible_toggle":"","left_accordion_right_image_landing":{"module_options":{"":null,"module_id":"n6514531ac4c08","module_class":"","module_background_type":"color","module_background_color":"","module_background_image":false,"module_background_video":"","activate_custom_padding":false,"padding_top_desktop":"0","padding_top_tablet":"0","padding_top_mobile":"0","padding_bottom_desktop":"0","padding_bottom_tablet":"0","padding_bottom_mobile":"0","activate_custom_margin":false,"margin_top_desktop":"0","margin_top_tablet":"0","margin_top_mobile":"0","margin_bottom_desktop":"0","margin_bottom_tablet":"0","margin_bottom_mobile":"0","disable_on":[],"content_alignment_desktop":"left","content_alignment_tablet":"left","content_alignment_mobile":"left"},"intro":"Informaci\u00f3n del Producto","description":"","accordion":[{"title":"Tabla de tallas","accordion_content":[{"acf_fc_layout":"full_content","accordion_description":"<p><strong>Diagrama de tama\u00f1os<\/strong><\/p>\n<table style=\"width: 75%;\" border=\"1\" cellspacing=\"0\" cellpadding=\"0\">\n<thead>\n<tr>\n<th scope=\"col\">Tama\u00f1o<\/th>\n<th scope=\"col\">Descripci\u00f3n<\/th>\n<\/tr>\n<\/thead>\n<tbody>\n<tr>\n<td>\u00a0Tama\u00f1o 11<\/td>\n<td>\u00a0Forma en U<\/td>\n<\/tr>\n<tr>\n<td>\u00a0Tama\u00f1o 23<\/td>\n<td>\u00a0Peque\u00f1o, con corte con forma en U<\/td>\n<\/tr>\n<tr>\n<td>\u00a0Tama\u00f1o 30<\/td>\n<td>\u00a0Mediano, con corte con forma en U<\/td>\n<\/tr>\n<tr>\n<td>\u00a0Tama\u00f1o 31<\/td>\n<td>\u00a0Grande, con corte con forma en U<\/td>\n<\/tr>\n<tr>\n<td>\u00a0Tama\u00f1o 32<\/td>\n<td>\u00a0Extragrande, con corte con forma en U<\/td>\n<\/tr>\n<tr>\n<td>\u00a0Tama\u00f1o 35<\/td>\n<td>\u00a0Forma en T con solapas<\/td>\n<\/tr>\n<tr>\n<td>\u00a0Tama\u00f1o 40<\/td>\n<td>\u00a0Rect\u00e1ngulo grande<\/td>\n<\/tr>\n<\/tbody>\n<\/table>\n<p>&nbsp;<\/p>\n<p><strong>Fundas desechables Vac-Pac<\/strong><\/p>\n<table style=\"width: 75%;\" border=\"1\" cellspacing=\"0\" cellpadding=\"0\">\n<thead>\n<tr>\n<th scope=\"col\">N\u00famero de referencia<\/th>\n<th scope=\"col\">Tama\u00f1o<\/th>\n<th scope=\"col\">Cantidad<\/th>\n<\/tr>\n<\/thead>\n<tbody>\n<tr>\n<td>\u00a0VPC30<\/td>\n<td>\u00a0Tama\u00f1o 30<\/td>\n<td>\u00a030 por caja<\/td>\n<\/tr>\n<tr>\n<td>\u00a0VPC31<\/td>\n<td>\u00a0Tama\u00f1o 31<\/td>\n<td>\u00a030 por caja<\/td>\n<\/tr>\n<tr>\n<td>\u00a0VPC32<\/td>\n<td>\u00a0Tama\u00f1o 32<\/td>\n<td>\u00a030 por caja<\/td>\n<\/tr>\n<tr>\n<td>\u00a0VPC40<\/td>\n<td>\u00a0Tama\u00f1o 40<\/td>\n<td>\u00a015 por caja<\/td>\n<\/tr>\n<\/tbody>\n<\/table>\n<p>&nbsp;<\/p>\n"}]},{"title":"Descargar documentaci\u00f3n sobre el producto","accordion_content":[{"acf_fc_layout":"full_content","accordion_description":"<p><a href=\"https:\/\/natus.bynder.com\/m\/862044c26dd00610\/original\/Olympic-Vac-Pac-Brochure.pdf\">Folleto de Olympic Vac-Pac<\/a><\/p>\n"}]}],"image_left":false}},{"acf_fc_layout":"contact_form","_acfe_flexible_toggle":"","contact_form_landing":{"module_options":{"":null,"module_id":"contact-neuro","module_class":"","module_background_type":"color","module_background_color":"","module_background_image":false,"module_background_video":"","activate_custom_padding":false,"padding_top_desktop":"0","padding_top_tablet":"0","padding_top_mobile":"0","padding_bottom_desktop":"0","padding_bottom_tablet":"0","padding_bottom_mobile":"0","activate_custom_margin":false,"margin_top_desktop":"0","margin_top_tablet":"0","margin_top_mobile":"0","margin_bottom_desktop":"0","margin_bottom_tablet":"0","margin_bottom_mobile":"0","disable_on":[],"content_alignment_desktop":"left","content_alignment_tablet":"left","content_alignment_mobile":"left"},"":null,"activate_intro":true,"intro_text":"P\u00f3ngase en contacto con su representante Natus","intro_text_color":"#005e63","intro_link":null,"activate_description":true,"description_title":"","description_copy":"Para obtener m\u00e1s informaci\u00f3n sobre este o cualquier producto, env\u00edenos un mensaje a trav\u00e9s del siguiente formulario.","embed_code":"<script charset=\"utf-8\" type=\"text\/javascript\" src=\"\/\/js.hsforms.net\/forms\/embed\/v2.js\"><\/script>\r\n<script>\r\n  hbspt.forms.create({\r\n    region: \"na1\",\r\n    portalId: \"3002890\",\r\n    formId: \"19994ddf-5157-44b4-99ac-309f46ef293a\"\r\n  });\r\n<\/script>"}},{"acf_fc_layout":"simple_content","_acfe_flexible_toggle":"","content_full_width_landing":{"module_options":{"":null,"module_id":"n651453207902b","module_class":"","module_background_type":"color","module_background_color":"","module_background_image":false,"module_background_video":"","activate_custom_padding":false,"padding_top_desktop":"0","padding_top_tablet":"0","padding_top_mobile":"0","padding_bottom_desktop":"0","padding_bottom_tablet":"0","padding_bottom_mobile":"0","activate_custom_margin":false,"margin_top_desktop":"0","margin_top_tablet":"0","margin_top_mobile":"0","margin_bottom_desktop":"0","margin_bottom_tablet":"0","margin_bottom_mobile":"0","disable_on":[],"content_alignment_desktop":"left","content_alignment_tablet":"left","content_alignment_mobile":"left"},"content":"<p><span style=\"font-size: 11px;\">004494 RevG<\/span><\/p>\n"}}]},"_links":{"self":[{"href":"https:\/\/natus.com\/es\/wp-json\/wp\/v2\/pages\/10119","targetHints":{"allow":["GET"]}}],"collection":[{"href":"https:\/\/natus.com\/es\/wp-json\/wp\/v2\/pages"}],"about":[{"href":"https:\/\/natus.com\/es\/wp-json\/wp\/v2\/types\/page"}],"author":[{"embeddable":true,"href":"https:\/\/natus.com\/es\/wp-json\/wp\/v2\/users\/3"}],"replies":[{"embeddable":true,"href":"https:\/\/natus.com\/es\/wp-json\/wp\/v2\/comments?post=10119"}],"version-history":[{"count":6,"href":"https:\/\/natus.com\/es\/wp-json\/wp\/v2\/pages\/10119\/revisions"}],"predecessor-version":[{"id":13646,"href":"https:\/\/natus.com\/es\/wp-json\/wp\/v2\/pages\/10119\/revisions\/13646"}],"up":[{"embeddable":true,"href":"https:\/\/natus.com\/es\/wp-json\/wp\/v2\/pages\/10464"}],"wp:attachment":[{"href":"https:\/\/natus.com\/es\/wp-json\/wp\/v2\/media?parent=10119"}],"wp:term":[{"taxonomy":"category","embeddable":true,"href":"https:\/\/natus.com\/es\/wp-json\/wp\/v2\/categories?post=10119"},{"taxonomy":"post_tag","embeddable":true,"href":"https:\/\/natus.com\/es\/wp-json\/wp\/v2\/tags?post=10119"}],"curies":[{"name":"wp","href":"https:\/\/api.w.org\/{rel}","templated":true}]}}