{"id":10907,"date":"2023-08-30T15:42:44","date_gmt":"2023-08-30T15:42:44","guid":{"rendered":"https:\/\/natus.com\/neuro\/embla-sdx-psg-amplifier\/"},"modified":"2026-01-29T18:19:38","modified_gmt":"2026-01-29T18:19:38","slug":"amplificador-de-psg-natus-embla-sdx","status":"publish","type":"page","link":"https:\/\/natus.com\/es\/neuro\/amplificador-de-psg-natus-embla-sdx\/","title":{"rendered":"Amplificador de PSG Natus\u00ae Embla\u00ae SDx"},"content":{"rendered":"","protected":false},"excerpt":{"rendered":"","protected":false},"author":3,"featured_media":0,"parent":10464,"menu_order":0,"comment_status":"closed","ping_status":"closed","template":"templates\/page-neuro-solutions-product-landing.php","meta":{"_acf_changed":false,"footnotes":""},"categories":[173],"tags":[243],"class_list":["post-10907","page","type-page","status-publish","hentry","category-psg-polisomnografia-es","tag-pruebas-laboratorio-es"],"acf":{"content_blocks":[{"acf_fc_layout":"spacer","_acfe_flexible_layout_title":null,"_acfe_flexible_toggle":null,"spacer":{"module_options":{"":null,"module_id":"n651476601bb22","module_class":"","module_background_type":"color","module_background_color":"#00aaa7","module_background_image":false,"module_background_video":"","activate_custom_padding":false,"padding_top_desktop":"0","padding_top_tablet":"0","padding_top_mobile":"0","padding_bottom_desktop":"0","padding_bottom_tablet":"0","padding_bottom_mobile":"0","activate_custom_margin":false,"margin_top_desktop":"0","margin_top_tablet":"0","margin_top_mobile":"0","margin_bottom_desktop":"0","margin_bottom_tablet":"0","margin_bottom_mobile":"0","disable_on":[],"content_alignment_desktop":"left","content_alignment_tablet":"left","content_alignment_mobile":"left"},"height":"270"}},{"acf_fc_layout":"intro_with_sticky_image","_acfe_flexible_layout_title":null,"_acfe_flexible_toggle":null,"left_content_right_image_sticky":{"module_options":{"":null,"module_id":"n6514766021570","module_class":"","module_background_type":"color","module_background_color":"#f1f1f1","module_background_image":false,"module_background_video":"","activate_custom_padding":false,"padding_top_desktop":"0","padding_top_tablet":"0","padding_top_mobile":"0","padding_bottom_desktop":"0","padding_bottom_tablet":"0","padding_bottom_mobile":"0","activate_custom_margin":false,"margin_top_desktop":"0","margin_top_tablet":"0","margin_top_mobile":"0","margin_bottom_desktop":"0","margin_bottom_tablet":"0","margin_bottom_mobile":"0","disable_on":[],"content_alignment_desktop":"left","content_alignment_tablet":"left","content_alignment_mobile":"left"},"":null,"title":"Amplificador de PSG Natus\u00ae Embla\u00ae SDx","subheader":"<p>Natus Embla SDx: diagn\u00f3sticos del sue\u00f1o fiables, asequibles y f\u00e1ciles de usar.\u00a0Natus Embla SDx dispone de 38 canales entre los que se incluyen referenciales, bipolares, entradas de sensor dedicadas y un sensor de presi\u00f3n integrado, e integra SpO<sub>2<\/sub>.\u00a0El amplificador incluye la tecnolog\u00eda Embla XactTrace<sup>\u00ae<\/sup>, lo que permite que la configuraci\u00f3n del paciente y la adquisici\u00f3n de se\u00f1ales de alta calidad sean una tarea sencilla.<\/p>\n<p>&nbsp;<\/p>\n<p><strong>Caracter\u00edsticas principales:<\/strong><\/p>\n<ul>\n<li>38 canales (20 de CA,\u00a0referenciales y bipolares)<\/li>\n<li>6 canales de CC (6 en la unidad base de Natus y 2 en la caja de conexiones de SDx)<\/li>\n<li>6 entradas de sensor dedicadas<\/li>\n<li>Ox\u00edmetro de pulso y sensor de presi\u00f3n integrados<\/li>\n<li>Pantalla t\u00e1ctil en unidad base con interacci\u00f3n en tiempo real con estudios en curso<\/li>\n<li>Comprobaci\u00f3n instant\u00e1nea de la impedancia de los electrodos utilizando la pantalla t\u00e1ctil integrada<\/li>\n<li>Realizaci\u00f3n de biocalibraciones al pie de la cama del paciente<\/li>\n<li>El poco peso de la caja de conexiones ayuda a ofrecer una gran movilidad al paciente<\/li>\n<\/ul>\n<p><span style=\"font-size: 12px;\">Se necesita NeuroWorks 9.0 o posterior. No disponible en todos los pa\u00edses. P\u00f3ngase en contacto con su representante de ventas local para conocer la disponibilidad.<\/span><\/p>\n","icons":[{"icon":{"ID":2247,"id":2247,"title":"icon-channels","filename":"icon-channels.png","filesize":1062,"url":"https:\/\/natus.com\/wp-content\/uploads\/icon-channels.png","link":"https:\/\/natus.com\/es\/neuro\/icon-channels-2\/","alt":"Icon - Channels","author":"2","description":"","caption":"","name":"icon-channels-2","status":"inherit","uploaded_to":10464,"date":"2023-09-07 23:18:48","modified":"2024-07-29 21:18:55","menu_order":0,"mime_type":"image\/png","type":"image","subtype":"png","icon":"https:\/\/natus.com\/wp-includes\/images\/media\/default.png","width":58,"height":43,"sizes":{"thumbnail":"https:\/\/natus.com\/wp-content\/uploads\/icon-channels.png","thumbnail-width":58,"thumbnail-height":43,"medium":"https:\/\/natus.com\/wp-content\/uploads\/icon-channels.png","medium-width":58,"medium-height":43,"medium_large":"https:\/\/natus.com\/wp-content\/uploads\/icon-channels.png","medium_large-width":58,"medium_large-height":43,"large":"https:\/\/natus.com\/wp-content\/uploads\/icon-channels.png","large-width":58,"large-height":43,"1536x1536":"https:\/\/natus.com\/wp-content\/uploads\/icon-channels.png","1536x1536-width":58,"1536x1536-height":43,"2048x2048":"https:\/\/natus.com\/wp-content\/uploads\/icon-channels.png","2048x2048-width":58,"2048x2048-height":43}},"icon_description":"20 Canales <br \/>\r\n+ 8 CC"},{"icon":{"ID":2252,"id":2252,"title":"icon-rate","filename":"icon-rate.png","filesize":2246,"url":"https:\/\/natus.com\/wp-content\/uploads\/icon-rate.png","link":"https:\/\/natus.com\/es\/neuro\/icon-rate-2\/","alt":"Icon - Rate","author":"2","description":"","caption":"","name":"icon-rate-2","status":"inherit","uploaded_to":10464,"date":"2023-09-07 23:19:56","modified":"2024-07-29 21:18:51","menu_order":0,"mime_type":"image\/png","type":"image","subtype":"png","icon":"https:\/\/natus.com\/wp-includes\/images\/media\/default.png","width":61,"height":46,"sizes":{"thumbnail":"https:\/\/natus.com\/wp-content\/uploads\/icon-rate.png","thumbnail-width":61,"thumbnail-height":46,"medium":"https:\/\/natus.com\/wp-content\/uploads\/icon-rate.png","medium-width":61,"medium-height":46,"medium_large":"https:\/\/natus.com\/wp-content\/uploads\/icon-rate.png","medium_large-width":61,"medium_large-height":46,"large":"https:\/\/natus.com\/wp-content\/uploads\/icon-rate.png","large-width":61,"large-height":46,"1536x1536":"https:\/\/natus.com\/wp-content\/uploads\/icon-rate.png","1536x1536-width":61,"1536x1536-height":46,"2048x2048":"https:\/\/natus.com\/wp-content\/uploads\/icon-rate.png","2048x2048-width":61,"2048x2048-height":46}},"icon_description":"Velocidad De <br \/>\r\nMuestreo De <br \/>\r\n512 Hz"}],"quick_navigation":[{"quick_link":{"type":"url","value":"#contact-neuro","url":"#contact-neuro","name":"#contact-neuro","title":"Contactarnos ","target":""}},{"quick_link":{"type":"url","value":"#n6514766029d92","url":"#n6514766029d92","name":"#n6514766029d92","title":"Explore m\u00e1s detalles","target":""}}],"description":"","message_label":"Servicio y Soporte","message_title":"\u00bfBusca un servicio de neuro productos o asistencia t\u00e9cnica?","message_link":{"type":"post","value":"8369","url":"https:\/\/natus.com\/es\/soporte\/","name":"Servicio y Soporte","title":"Servicio y soporte de Natus","target":""},"right_sticky_image":{"ID":4745,"id":4745,"title":"Embla SDx Main Product Photo - 500x850","filename":"Embla-SDx_Main-Image.png","filesize":280192,"url":"https:\/\/natus.com\/wp-content\/uploads\/Embla-SDx_Main-Image.png","link":"https:\/\/natus.com\/es\/neuro\/amplificador-de-psg-natus-embla-sdx\/embla-sdx-main-product-photo-500x850-2\/","alt":"Natus\u00ae Embla\u00ae SDx PSG Amplifier","author":"2","description":"","caption":"","name":"embla-sdx-main-product-photo-500x850-2","status":"inherit","uploaded_to":10907,"date":"2023-09-15 17:11:21","modified":"2024-07-29 20:19:54","menu_order":0,"mime_type":"image\/png","type":"image","subtype":"png","icon":"https:\/\/natus.com\/wp-includes\/images\/media\/default.png","width":500,"height":850,"sizes":{"thumbnail":"https:\/\/natus.com\/wp-content\/uploads\/Embla-SDx_Main-Image.png","thumbnail-width":56,"thumbnail-height":96,"medium":"https:\/\/natus.com\/wp-content\/uploads\/Embla-SDx_Main-Image.png","medium-width":500,"medium-height":850,"medium_large":"https:\/\/natus.com\/wp-content\/uploads\/Embla-SDx_Main-Image.png","medium_large-width":500,"medium_large-height":850,"large":"https:\/\/natus.com\/wp-content\/uploads\/Embla-SDx_Main-Image.png","large-width":500,"large-height":850,"1536x1536":"https:\/\/natus.com\/wp-content\/uploads\/Embla-SDx_Main-Image.png","1536x1536-width":500,"1536x1536-height":850,"2048x2048":"https:\/\/natus.com\/wp-content\/uploads\/Embla-SDx_Main-Image.png","2048x2048-width":500,"2048x2048-height":850}}}},{"acf_fc_layout":"product_information","_acfe_flexible_layout_title":null,"_acfe_flexible_toggle":null,"left_accordion_right_image_landing":{"module_options":{"":null,"module_id":"n6514766029d92","module_class":"","module_background_type":"color","module_background_color":"#f1f1f1","module_background_image":false,"module_background_video":"","activate_custom_padding":false,"padding_top_desktop":"0","padding_top_tablet":"0","padding_top_mobile":"0","padding_bottom_desktop":"0","padding_bottom_tablet":"0","padding_bottom_mobile":"0","activate_custom_margin":false,"margin_top_desktop":"0","margin_top_tablet":"0","margin_top_mobile":"0","margin_bottom_desktop":"0","margin_bottom_tablet":"0","margin_bottom_mobile":"0","disable_on":[],"content_alignment_desktop":"left","content_alignment_tablet":"left","content_alignment_mobile":"left"},"intro":"Informaci\u00f3n del Producto","description":"","accordion":[{"title":"Hardware","accordion_content":[{"acf_fc_layout":"full_content","accordion_description":"<ul>\n<li>Luz de noche incorporada<\/li>\n<li>El ruido se minimiza con la ayuda de un convertidor de A\/D integrado que digitaliza los datos al lado del paciente<\/li>\n<li>Disponible en configuraciones de montaje sobre carro o pared<\/li>\n<\/ul>\n"}]},{"title":"Software","accordion_content":[{"acf_fc_layout":"full_content","accordion_description":"<p>El\u00a0<a title=\"Software de PSG Natus\u00ae SleepWorks\u2122\" href=\"https:\/\/natus.com\/es\/neuro\/software-de-psg-natus-sleepworks\/\" data-entity-substitution=\"canonical\" data-entity-type=\"node\" data-entity-uuid=\"2e557d01-eafb-46ef-ae43-976906fd1e58\">Software Natus SleepWorks<\/a>\u00a0es una soluci\u00f3n de diagn\u00f3stico para el sue\u00f1o amplia, flexible y robusta que simplifica la configuraci\u00f3n, recopilaci\u00f3n, revisi\u00f3n, an\u00e1lisis y elaboraci\u00f3n de informes en exhaustivos estudios del sue\u00f1o. Su eficiencia se ha optimizando gracias al uso de interfaces HL7 para el intercambio de datos bidireccional con sistemas de expedientes m\u00e9dicos electr\u00f3nicos. Los datos de v\u00eddeo y PSG pueden analizarse y revisarse mientras se recopila el estudio.<\/p>\n<ul>\n<li>Pantalla de notificaciones<\/li>\n<li>Cumple con las directrices de la American Academy of Sleep Medicine<\/li>\n<li>Herramientas avanzadas\n<ul>\n<li>Bucle de volumen de flujo<\/li>\n<li>XactTrace<sup>\u2122\u00a0<\/sup>\u2013 XFlow<sup>\u2122<\/sup>, XSum<sup>\u2122<\/sup>, Phase, RMI, XVolume y canales de frecuencia respiratoria<\/li>\n<li>An\u00e1lisis qEEG<\/li>\n<li>Marcaje automatizado de eventos<\/li>\n<\/ul>\n<\/li>\n<li>Transmita los datos directamente a un servidor para que sigan siendo fiables y est\u00e9n seguros<\/li>\n<li>Importaci\u00f3n\/Exportaci\u00f3n de EDF\/EDF+<\/li>\n<li>Seguridad basada en roles con integraci\u00f3n de Active Directory<\/li>\n<li>Socio de Citrix<sup>\u00ae\u00a0<\/sup>Ready<\/li>\n<li>Admite el cifrado de unidad Microsoft<sup>\u00ae\u00a0<\/sup>BitLocker<sup>\u2122\u00a0<\/sup><\/li>\n<\/ul>\n"}]},{"title":"Conectividad","accordion_content":[{"acf_fc_layout":"full_content","accordion_description":"<ul>\n<li>Conectividad TCP\/IP\u00a0(est\u00e1tico o DHCP)<\/li>\n<li>Detecci\u00f3n de DHCP autom\u00e1tica<\/li>\n<li>USB<\/li>\n<\/ul>\n"}]},{"title":"Especificaciones f\u00edsicas","accordion_content":[{"acf_fc_layout":"full_content","accordion_description":"<p><strong>Tama\u00f1o\u00a0<\/strong>(Alto x Ancho x Prof.):<\/p>\n<ul>\n<li><strong>Unidad base:<\/strong>\u00a029 cm x 26,5 cm x 5 cm (11,4&#8243; x 10,4&#8243; x 2\u201d)<\/li>\n<li><strong>Caja de conexiones:<\/strong>\u00a019 cm x 11,4 cm x 3,2 cm (7,5&#8243; x 4,5&#8243; x 1,25\u201d)<\/li>\n<\/ul>\n<p><strong>Peso:<\/strong><\/p>\n<ul>\n<li><strong>Unidad base:<\/strong>\u00a02300 g (5,1 lb)<\/li>\n<li><strong>Caja de conexiones:<\/strong>\u00a0460 g (1 lb)<\/li>\n<\/ul>\n"}]},{"title":"Descargar documentaci\u00f3n sobre el producto","accordion_content":[{"acf_fc_layout":"full_content","accordion_description":"<p><strong>P\u00e1gina del producto Natus SleepWorks con NDx, SDx y MPR<\/strong><br \/>\n<a href=\"https:\/\/natus.bynder.com\/m\/3f151ef65f949b7d\/original\/Natus-SleepWorks-Software-w-Embla-NDx-SDx-and-Embletta-MPR-Flyer.pdf\" target=\"_blank\" rel=\"noopener\">Ingl\u00e9s<\/a><br \/>\n<a href=\"https:\/\/natus.bynder.com\/m\/41b7cdeb58d377e0\/original\/Natus-SleepWorks-Software-w-Embla-NDx-SDx-and-Embletta-MPR-Flyer.pdf\" target=\"_blank\" rel=\"noopener\">Franc\u00e9s <\/a><br \/>\n<a href=\"https:\/\/natus.bynder.com\/m\/793459d804bbf3db\/original\/Natus-SleepWorks-Software-w-Embla-NDx-SDx-and-Embletta-MPR-Flyer.pdf\" target=\"_blank\" rel=\"noopener\">Alem\u00e1n<\/a><\/p>\n"}]},{"title":"Suministros","accordion_content":[{"acf_fc_layout":"full_content","accordion_description":"<p>Natus Neuro ofrece una l\u00ednea completa de suministros para satisfacer cualquier tipo de diagn\u00f3stico del sue\u00f1o.<\/p>\n<p><img loading=\"lazy\" decoding=\"async\" class=\"size-full wp-image-4409 aligncenter\" src=\"https:\/\/natus.com\/wp-content\/uploads\/PSG-Supplies_500w.png\" alt=\"Natus sleep supplies for PSG testing\" width=\"500\" height=\"161\" \/><\/p>\n<ul>\n<li>Electrodos de copa dorados Grass<sup>\u00ae\u00a0<\/sup>Genuine<\/li>\n<li>Electrodos de copa Grass desechables<\/li>\n<li>Cinturones para medir el esfuerzo respiratorio Embla<sup>\u00ae\u00a0<\/sup>XactTrace<sup>\u00ae\u00a0<\/sup>\n<ul>\n<li>Reutilizables<\/li>\n<li>Desechables<\/li>\n<li>A medida<\/li>\n<\/ul>\n<\/li>\n<li>Sensores fisiol\u00f3gicos<\/li>\n<li>C\u00e1nulas<\/li>\n<li>Electrodos a presi\u00f3n y cables<\/li>\n<li>Geles y cremas conductivos para los electrodos<\/li>\n<li>C\u00f3modo portal en l\u00ednea &#8211; <a href=\"https:\/\/natusmedicalstore.com\/\">Natus Medical Store<\/a> (disponible en algunos mercados)<\/li>\n<\/ul>\n"}]}],"image_left":false}},{"acf_fc_layout":"related_products","_acfe_flexible_layout_title":null,"_acfe_flexible_toggle":null,"tiles_3_columns_landing":{"module_options":{"":null,"module_id":"n6514766031a50","module_class":"","module_background_type":"color","module_background_color":"","module_background_image":false,"module_background_video":"","activate_custom_padding":false,"padding_top_desktop":"0","padding_top_tablet":"0","padding_top_mobile":"0","padding_bottom_desktop":"0","padding_bottom_tablet":"0","padding_bottom_mobile":"0","activate_custom_margin":false,"margin_top_desktop":"0","margin_top_tablet":"0","margin_top_mobile":"0","margin_bottom_desktop":"0","margin_bottom_tablet":"0","margin_bottom_mobile":"0","disable_on":[],"content_alignment_desktop":"left","content_alignment_tablet":"left","content_alignment_mobile":"left"},"intro_text":"Productos Neuro Relacionados","intro_text_color":"#005e63","intro_link":{"type":"post","value":"8356","url":"https:\/\/natus.com\/es\/productos-neuro\/","name":"Productos Neuro","title":"Ver todos los productos Neuro","target":""},"tiles":[{"label":"Productos para el sue\u00f1o","label_background_color":"#154284","image":{"ID":4328,"id":4328,"title":"XatTrace Belts Related Product Photo - 500x400","filename":"XatTrace-Belts-Related-Product-Photo-500x400-1.png","filesize":88394,"url":"https:\/\/natus.com\/wp-content\/uploads\/XatTrace-Belts-Related-Product-Photo-500x400-1.png","link":"https:\/\/natus.com\/es\/?attachment_id=4328","alt":"Natus\u00ae XactTrace\u00ae RIP Respiratory Effort Belts","author":"2","description":"","caption":"","name":"xattrace-belts-related-product-photo-500x400-2","status":"inherit","uploaded_to":9938,"date":"2023-09-14 18:48:15","modified":"2024-07-29 20:27:23","menu_order":0,"mime_type":"image\/png","type":"image","subtype":"png","icon":"https:\/\/natus.com\/wp-includes\/images\/media\/default.png","width":500,"height":400,"sizes":{"thumbnail":"https:\/\/natus.com\/wp-content\/uploads\/XatTrace-Belts-Related-Product-Photo-500x400-1.png","thumbnail-width":120,"thumbnail-height":96,"medium":"https:\/\/natus.com\/wp-content\/uploads\/XatTrace-Belts-Related-Product-Photo-500x400-1.png","medium-width":500,"medium-height":400,"medium_large":"https:\/\/natus.com\/wp-content\/uploads\/XatTrace-Belts-Related-Product-Photo-500x400-1.png","medium_large-width":500,"medium_large-height":400,"large":"https:\/\/natus.com\/wp-content\/uploads\/XatTrace-Belts-Related-Product-Photo-500x400-1.png","large-width":500,"large-height":400,"1536x1536":"https:\/\/natus.com\/wp-content\/uploads\/XatTrace-Belts-Related-Product-Photo-500x400-1.png","1536x1536-width":500,"1536x1536-height":400,"2048x2048":"https:\/\/natus.com\/wp-content\/uploads\/XatTrace-Belts-Related-Product-Photo-500x400-1.png","2048x2048-width":500,"2048x2048-height":400}},"title":"Cinturones para medir el esfuerzo respiratorio RIP Natus\u00ae XactTrace\u00ae ","link":{"type":"post","value":"9412","url":"https:\/\/natus.com\/es\/neuro\/cinturones-para-medir-el-esfuerzo-respiratorio-rip-natus-xacttrace\/","name":"Cinturones para medir el esfuerzo respiratorio RIP Natus\u00ae XactTrace\u00ae","title":"Saber M\u00e1s","target":"_blank"}},{"label":"Pruebas en laboratorio","label_background_color":"#154284","image":{"ID":3560,"id":3560,"title":"Embla NDx Related Product Photo_500x400","filename":"Embla-NDx-Related-Product-500x400-1.png","filesize":198301,"url":"https:\/\/natus.com\/wp-content\/uploads\/Embla-NDx-Related-Product-500x400-1.png","link":"https:\/\/natus.com\/es\/productos-neuro\/embla-ndx-related-product-photo_500x400-2\/","alt":"Embla NDx","author":"2","description":"","caption":"","name":"embla-ndx-related-product-photo_500x400-2","status":"inherit","uploaded_to":8356,"date":"2023-09-12 04:05:25","modified":"2024-07-29 20:58:28","menu_order":0,"mime_type":"image\/png","type":"image","subtype":"png","icon":"https:\/\/natus.com\/wp-includes\/images\/media\/default.png","width":500,"height":400,"sizes":{"thumbnail":"https:\/\/natus.com\/wp-content\/uploads\/Embla-NDx-Related-Product-500x400-1.png","thumbnail-width":120,"thumbnail-height":96,"medium":"https:\/\/natus.com\/wp-content\/uploads\/Embla-NDx-Related-Product-500x400-1.png","medium-width":500,"medium-height":400,"medium_large":"https:\/\/natus.com\/wp-content\/uploads\/Embla-NDx-Related-Product-500x400-1.png","medium_large-width":500,"medium_large-height":400,"large":"https:\/\/natus.com\/wp-content\/uploads\/Embla-NDx-Related-Product-500x400-1.png","large-width":500,"large-height":400,"1536x1536":"https:\/\/natus.com\/wp-content\/uploads\/Embla-NDx-Related-Product-500x400-1.png","1536x1536-width":500,"1536x1536-height":400,"2048x2048":"https:\/\/natus.com\/wp-content\/uploads\/Embla-NDx-Related-Product-500x400-1.png","2048x2048-width":500,"2048x2048-height":400}},"title":"Amplificador de PSG NDx Natus\u00ae Embla\u00ae ","link":{"type":"post","value":"10084","url":"https:\/\/natus.com\/es\/neuro\/amplificador-de-psg-ndx-natus-embla\/","name":"Amplificador de PSG NDx Natus\u00ae Embla\u00ae","title":"Saber M\u00e1s","target":"_blank"}},{"label":"Software PSG","label_background_color":"#154284","image":{"ID":4279,"id":4279,"title":"SleepWorks Related Product Photo - 500x400","filename":"Natus-SleepWorks-10-Related-Product-Photo-1.png","filesize":219402,"url":"https:\/\/natus.com\/wp-content\/uploads\/Natus-SleepWorks-10-Related-Product-Photo-1.png","link":"https:\/\/natus.com\/es\/neuro\/sistema-eeg-ambulatorio-video-continuo-trex-hd\/sleepworks-related-product-photo-500x400-2-2\/","alt":"SleepWorks Monitor","author":"2","description":"","caption":"","name":"sleepworks-related-product-photo-500x400-2-2","status":"inherit","uploaded_to":9774,"date":"2023-09-14 18:14:29","modified":"2024-08-28 16:53:50","menu_order":0,"mime_type":"image\/png","type":"image","subtype":"png","icon":"https:\/\/natus.com\/wp-includes\/images\/media\/default.png","width":500,"height":400,"sizes":{"thumbnail":"https:\/\/natus.com\/wp-content\/uploads\/Natus-SleepWorks-10-Related-Product-Photo-1.png","thumbnail-width":120,"thumbnail-height":96,"medium":"https:\/\/natus.com\/wp-content\/uploads\/Natus-SleepWorks-10-Related-Product-Photo-1.png","medium-width":500,"medium-height":400,"medium_large":"https:\/\/natus.com\/wp-content\/uploads\/Natus-SleepWorks-10-Related-Product-Photo-1.png","medium_large-width":500,"medium_large-height":400,"large":"https:\/\/natus.com\/wp-content\/uploads\/Natus-SleepWorks-10-Related-Product-Photo-1.png","large-width":500,"large-height":400,"1536x1536":"https:\/\/natus.com\/wp-content\/uploads\/Natus-SleepWorks-10-Related-Product-Photo-1.png","1536x1536-width":500,"1536x1536-height":400,"2048x2048":"https:\/\/natus.com\/wp-content\/uploads\/Natus-SleepWorks-10-Related-Product-Photo-1.png","2048x2048-width":500,"2048x2048-height":400}},"title":"Software de PSG Natus\u00ae SleepWorks\u2122 ","link":{"type":"post","value":"9962","url":"https:\/\/natus.com\/es\/neuro\/software-de-psg-natus-sleepworks\/","name":"Software de PSG Natus\u00ae SleepWorks\u2122","title":"Saber M\u00e1s","target":"_blank"}}]}},{"acf_fc_layout":"contact_form","_acfe_flexible_layout_title":null,"_acfe_flexible_toggle":null,"contact_form_landing":{"module_options":{"":null,"module_id":"contact-neuro","module_class":"","module_background_type":"color","module_background_color":"#f1f1f1","module_background_image":false,"module_background_video":"","activate_custom_padding":false,"padding_top_desktop":"0","padding_top_tablet":"0","padding_top_mobile":"0","padding_bottom_desktop":"0","padding_bottom_tablet":"0","padding_bottom_mobile":"0","activate_custom_margin":false,"margin_top_desktop":"0","margin_top_tablet":"0","margin_top_mobile":"0","margin_bottom_desktop":"0","margin_bottom_tablet":"0","margin_bottom_mobile":"0","disable_on":[],"content_alignment_desktop":"left","content_alignment_tablet":"left","content_alignment_mobile":"left"},"":null,"activate_intro":true,"intro_text":"P\u00f3ngase en contacto con su representante Natus","intro_text_color":"#005e63","intro_link":null,"activate_description":true,"description_title":"","description_copy":"Para obtener m\u00e1s informaci\u00f3n sobre este o cualquier producto, env\u00edenos un mensaje a trav\u00e9s del siguiente formulario.","embed_code":"<script charset=\"utf-8\" type=\"text\/javascript\" src=\"\/\/js.hsforms.net\/forms\/embed\/v2.js\"><\/script>\r\n<script>\r\n  hbspt.forms.create({\r\n    region: \"na1\",\r\n    portalId: \"3002890\",\r\n    formId: \"19994ddf-5157-44b4-99ac-309f46ef293a\"\r\n  });\r\n<\/script>"}},{"acf_fc_layout":"simple_content","_acfe_flexible_layout_title":null,"_acfe_flexible_toggle":null,"content_full_width_landing":{"module_options":{"":null,"module_id":"n6514766041645","module_class":"","module_background_type":"color","module_background_color":"","module_background_image":false,"module_background_video":"","activate_custom_padding":false,"padding_top_desktop":"0","padding_top_tablet":"0","padding_top_mobile":"0","padding_bottom_desktop":"0","padding_bottom_tablet":"0","padding_bottom_mobile":"0","activate_custom_margin":false,"margin_top_desktop":"0","margin_top_tablet":"0","margin_top_mobile":"0","margin_bottom_desktop":"0","margin_bottom_tablet":"0","margin_bottom_mobile":"0","disable_on":[],"content_alignment_desktop":"left","content_alignment_tablet":"left","content_alignment_mobile":"left"},"content":"<p><span style=\"font-size: 12px;\">035022 RevC<\/span><\/p>\n"}}],"schema_markup":[{"acf_fc_layout":"schema_markup_product","_acfe_flexible_layout_title":null,"_acfe_flexible_toggle":null,"schema_markup_product":{"enable_schema":true,"":null,"device_name":"Amplificador de PSG Natus\u00ae Embla\u00ae SDx","device_image":"https:\/\/natus.com\/wp-content\/uploads\/Embla-SDx_Main-Image.png","device_desc":"Natus Embla SDx: diagn\u00f3sticos del sue\u00f1o fiables, asequibles y f\u00e1ciles de usar. ","device_purpose":"","manufacturer_name":"Natus Medical Incorporated","manufacturer_url":"https:\/\/natus.com","brand_name":"Natus","page_url":"https:\/\/natus.com\/es\/neuro\/amplificador-de-psg-natus-embla-sdx\/","in_language":"en","medical_specialty":["Neurologic"]}}]},"_links":{"self":[{"href":"https:\/\/natus.com\/es\/wp-json\/wp\/v2\/pages\/10907","targetHints":{"allow":["GET"]}}],"collection":[{"href":"https:\/\/natus.com\/es\/wp-json\/wp\/v2\/pages"}],"about":[{"href":"https:\/\/natus.com\/es\/wp-json\/wp\/v2\/types\/page"}],"author":[{"embeddable":true,"href":"https:\/\/natus.com\/es\/wp-json\/wp\/v2\/users\/3"}],"replies":[{"embeddable":true,"href":"https:\/\/natus.com\/es\/wp-json\/wp\/v2\/comments?post=10907"}],"version-history":[{"count":10,"href":"https:\/\/natus.com\/es\/wp-json\/wp\/v2\/pages\/10907\/revisions"}],"predecessor-version":[{"id":26106,"href":"https:\/\/natus.com\/es\/wp-json\/wp\/v2\/pages\/10907\/revisions\/26106"}],"up":[{"embeddable":true,"href":"https:\/\/natus.com\/es\/wp-json\/wp\/v2\/pages\/10464"}],"wp:attachment":[{"href":"https:\/\/natus.com\/es\/wp-json\/wp\/v2\/media?parent=10907"}],"wp:term":[{"taxonomy":"category","embeddable":true,"href":"https:\/\/natus.com\/es\/wp-json\/wp\/v2\/categories?post=10907"},{"taxonomy":"post_tag","embeddable":true,"href":"https:\/\/natus.com\/es\/wp-json\/wp\/v2\/tags?post=10907"}],"curies":[{"name":"wp","href":"https:\/\/api.w.org\/{rel}","templated":true}]}}