{"id":11109,"date":"2023-09-06T20:58:33","date_gmt":"2023-09-06T20:58:33","guid":{"rendered":"https:\/\/natus.com\/neuro\/camino-1104hm-series-catheters\/"},"modified":"2023-10-10T20:34:07","modified_gmt":"2023-10-10T20:34:07","slug":"cateteres-serie-camino-1104hm-para-el-camino-icp-monitor","status":"publish","type":"page","link":"https:\/\/natus.com\/es\/neuro\/cateteres-serie-camino-1104hm-para-el-camino-icp-monitor\/","title":{"rendered":"Cat\u00e9teres serie Camino\u00ae 1104HM para el Camino ICP Monitor"},"content":{"rendered":"","protected":false},"excerpt":{"rendered":"","protected":false},"author":3,"featured_media":0,"parent":10464,"menu_order":0,"comment_status":"closed","ping_status":"closed","template":"templates\/page-neuro-solutions-product-landing.php","meta":{"_acf_changed":false,"footnotes":""},"categories":[195],"tags":[244],"class_list":["post-11109","page","type-page","status-publish","hentry","category-neurointensivos-lesion-cerebral-es","tag-temperatura-intracraneal-cateteres-es"],"acf":{"content_blocks":[{"acf_fc_layout":"spacer","_acfe_flexible_toggle":"","spacer":{"module_options":{"":null,"module_id":"n6514d9f6ea572","module_class":"","module_background_type":"color","module_background_color":"#00aaa7","module_background_image":false,"module_background_video":"","activate_custom_padding":false,"padding_top_desktop":"0","padding_top_tablet":"0","padding_top_mobile":"0","padding_bottom_desktop":"0","padding_bottom_tablet":"0","padding_bottom_mobile":"0","activate_custom_margin":false,"margin_top_desktop":"0","margin_top_tablet":"0","margin_top_mobile":"0","margin_bottom_desktop":"0","margin_bottom_tablet":"0","margin_bottom_mobile":"0","disable_on":[],"content_alignment_desktop":"left","content_alignment_tablet":"left","content_alignment_mobile":"left"},"height":"270"}},{"acf_fc_layout":"intro_with_sticky_image","_acfe_flexible_toggle":"","left_content_right_image_sticky":{"module_options":{"":null,"module_id":"n6514d9f6f0780","module_class":"","module_background_type":"color","module_background_color":"","module_background_image":false,"module_background_video":"","activate_custom_padding":false,"padding_top_desktop":"0","padding_top_tablet":"0","padding_top_mobile":"0","padding_bottom_desktop":"0","padding_bottom_tablet":"0","padding_bottom_mobile":"0","activate_custom_margin":false,"margin_top_desktop":"0","margin_top_tablet":"0","margin_top_mobile":"0","margin_bottom_desktop":"0","margin_bottom_tablet":"0","margin_bottom_mobile":"0","disable_on":[],"content_alignment_desktop":"left","content_alignment_tablet":"left","content_alignment_mobile":"left"},"":null,"title":"Cat\u00e9teres serie Camino\u00ae 1104HM para el Camino ICP Monitor","subheader":"<p>Los modelos 1104HM y 1104HMT son cat\u00e9teres con pernos ventriculares de fibra \u00f3ptica que se utilizan con el monitor de presi\u00f3n\u00a0intracraneal Camino. El cat\u00e9ter 1104HMT proporciona la opci\u00f3n de medir la temperatura cerebral.<\/p>\n<p>&nbsp;<\/p>\n<p><strong>Caracter\u00edsticas principales:<\/strong><\/p>\n<ul>\n<li>Colocaci\u00f3n: Ventr\u00edculos<\/li>\n<li>Colocaci\u00f3n sencilla, r\u00e1pida y segura<\/li>\n<li>Forma de onda y medici\u00f3n de presi\u00f3n intracraneal continua inmediata y fiable<\/li>\n<li>Lectura precisa independientemente de la posici\u00f3n del paciente<\/li>\n<li>Envase individual, est\u00e9ril<\/li>\n<\/ul>\n<p>&nbsp;<\/p>\n<p>Se utiliza con\u00a0<a href=\"https:\/\/natus.com\/es\/neuro\/monitor-de-presion-intracraneal-camino\/\">Monitor de presi\u00f3n intracraneal Camino\u00ae<\/a> y CAMCABL<\/p>\n<p><span style=\"font-size: 12px;\">No disponible en todos los pa\u00edses. P\u00f3ngase en contacto con su representante de ventas local para conocer la disponibilidad.<\/span><\/p>\n","icons":[{"icon":{"ID":2435,"id":2435,"title":"icon-options","filename":"icon-options.png","filesize":1971,"url":"https:\/\/natus.com\/wp-content\/uploads\/icon-options.png","link":"https:\/\/natus.com\/es\/neuro\/icon-options-2\/","alt":"Icon - Multi Option","author":"2","description":"","caption":"","name":"icon-options-2","status":"inherit","uploaded_to":10464,"date":"2023-09-08 17:24:45","modified":"2024-07-29 21:17:09","menu_order":0,"mime_type":"image\/png","type":"image","subtype":"png","icon":"https:\/\/natus.com\/wp-includes\/images\/media\/default.png","width":47,"height":47,"sizes":{"thumbnail":"https:\/\/natus.com\/wp-content\/uploads\/icon-options.png","thumbnail-width":47,"thumbnail-height":47,"medium":"https:\/\/natus.com\/wp-content\/uploads\/icon-options.png","medium-width":47,"medium-height":47,"medium_large":"https:\/\/natus.com\/wp-content\/uploads\/icon-options.png","medium_large-width":47,"medium_large-height":47,"large":"https:\/\/natus.com\/wp-content\/uploads\/icon-options.png","large-width":47,"large-height":47,"1536x1536":"https:\/\/natus.com\/wp-content\/uploads\/icon-options.png","1536x1536-width":47,"1536x1536-height":47,"2048x2048":"https:\/\/natus.com\/wp-content\/uploads\/icon-options.png","2048x2048-width":47,"2048x2048-height":47}},"icon_description":"Opci\u00f3n De <br \/>\r\nTemperatura <br \/>\r\nCerebral"},{"icon":{"ID":3109,"id":3109,"title":"icon - number-1","filename":"icon-number-1.png","filesize":374,"url":"https:\/\/natus.com\/wp-content\/uploads\/icon-number-1.png","link":"https:\/\/natus.com\/es\/neuro\/cateteres-serie-camino-1104hm-para-el-camino-icp-monitor\/icon-number-1-2\/","alt":"icon - number 1","author":"3","description":"","caption":"","name":"icon-number-1-2","status":"inherit","uploaded_to":11109,"date":"2023-09-11 19:24:05","modified":"2024-07-29 21:07:29","menu_order":0,"mime_type":"image\/png","type":"image","subtype":"png","icon":"https:\/\/natus.com\/wp-includes\/images\/media\/default.png","width":19,"height":42,"sizes":{"thumbnail":"https:\/\/natus.com\/wp-content\/uploads\/icon-number-1.png","thumbnail-width":19,"thumbnail-height":42,"medium":"https:\/\/natus.com\/wp-content\/uploads\/icon-number-1.png","medium-width":19,"medium-height":42,"medium_large":"https:\/\/natus.com\/wp-content\/uploads\/icon-number-1.png","medium_large-width":19,"medium_large-height":42,"large":"https:\/\/natus.com\/wp-content\/uploads\/icon-number-1.png","large-width":19,"large-height":42,"1536x1536":"https:\/\/natus.com\/wp-content\/uploads\/icon-number-1.png","1536x1536-width":19,"1536x1536-height":42,"2048x2048":"https:\/\/natus.com\/wp-content\/uploads\/icon-number-1.png","2048x2048-width":19,"2048x2048-height":42}},"icon_description":"Puesta A Cero <br \/>\r\nDel Tiempo"},{"icon":{"ID":2252,"id":2252,"title":"icon-rate","filename":"icon-rate.png","filesize":2246,"url":"https:\/\/natus.com\/wp-content\/uploads\/icon-rate.png","link":"https:\/\/natus.com\/es\/neuro\/icon-rate-2\/","alt":"Icon - Rate","author":"2","description":"","caption":"","name":"icon-rate-2","status":"inherit","uploaded_to":10464,"date":"2023-09-07 23:19:56","modified":"2024-07-29 21:18:51","menu_order":0,"mime_type":"image\/png","type":"image","subtype":"png","icon":"https:\/\/natus.com\/wp-includes\/images\/media\/default.png","width":61,"height":46,"sizes":{"thumbnail":"https:\/\/natus.com\/wp-content\/uploads\/icon-rate.png","thumbnail-width":61,"thumbnail-height":46,"medium":"https:\/\/natus.com\/wp-content\/uploads\/icon-rate.png","medium-width":61,"medium-height":46,"medium_large":"https:\/\/natus.com\/wp-content\/uploads\/icon-rate.png","medium_large-width":61,"medium_large-height":46,"large":"https:\/\/natus.com\/wp-content\/uploads\/icon-rate.png","large-width":61,"large-height":46,"1536x1536":"https:\/\/natus.com\/wp-content\/uploads\/icon-rate.png","1536x1536-width":61,"1536x1536-height":46,"2048x2048":"https:\/\/natus.com\/wp-content\/uploads\/icon-rate.png","2048x2048-width":61,"2048x2048-height":46}},"icon_description":"Icono-Velocidad <br \/>\r\nFormas De Onda <br \/>\r\nDe Pic Continuas"}],"quick_navigation":[{"quick_link":{"type":"url","value":"#contact-neuro","url":"#contact-neuro","name":"#contact-neuro","title":"Contactarnos ","target":""}},{"quick_link":{"type":"url","value":"#n64be98eed01eb","url":"#n64be98eed01eb","name":"#n64be98eed01eb","title":"Explore m\u00e1s detalles","target":""}}],"description":"","message_label":"Servicio y Soporte","message_title":"\u00bfBusca un servicio de neuro productos o asistencia t\u00e9cnica?","message_link":{"type":"post","value":"8369","url":"https:\/\/natus.com\/es\/soporte\/","name":"Servicio y Soporte","title":"Servicio y Soporte de Natus","target":""},"right_sticky_image":{"ID":5071,"id":5071,"title":"Camino 1104HM Catheter Main Product Photo - 500x850","filename":"1104HM-Cath_Main-Image.png","filesize":141084,"url":"https:\/\/natus.com\/wp-content\/uploads\/1104HM-Cath_Main-Image.png","link":"https:\/\/natus.com\/es\/neuro\/cateteres-serie-camino-1104hm-para-el-camino-icp-monitor\/camino-1104hm-catheter-main-product-photo-500x850-2\/","alt":" Camino\u00ae 1104HM Series Catheters for the Camino ICP Monitor","author":"2","description":"","caption":"","name":"camino-1104hm-catheter-main-product-photo-500x850-2","status":"inherit","uploaded_to":11109,"date":"2023-09-18 16:39:50","modified":"2024-10-18 20:03:38","menu_order":0,"mime_type":"image\/png","type":"image","subtype":"png","icon":"https:\/\/natus.com\/wp-includes\/images\/media\/default.png","width":500,"height":850,"sizes":{"thumbnail":"https:\/\/natus.com\/wp-content\/uploads\/1104HM-Cath_Main-Image.png","thumbnail-width":56,"thumbnail-height":96,"medium":"https:\/\/natus.com\/wp-content\/uploads\/1104HM-Cath_Main-Image.png","medium-width":500,"medium-height":850,"medium_large":"https:\/\/natus.com\/wp-content\/uploads\/1104HM-Cath_Main-Image.png","medium_large-width":500,"medium_large-height":850,"large":"https:\/\/natus.com\/wp-content\/uploads\/1104HM-Cath_Main-Image.png","large-width":500,"large-height":850,"1536x1536":"https:\/\/natus.com\/wp-content\/uploads\/1104HM-Cath_Main-Image.png","1536x1536-width":500,"1536x1536-height":850,"2048x2048":"https:\/\/natus.com\/wp-content\/uploads\/1104HM-Cath_Main-Image.png","2048x2048-width":500,"2048x2048-height":850}}}},{"acf_fc_layout":"product_information","_acfe_flexible_toggle":"","left_accordion_right_image_landing":{"module_options":{"":null,"module_id":"n64be98eed01eb","module_class":"","module_background_type":"color","module_background_color":"","module_background_image":false,"module_background_video":"","activate_custom_padding":false,"padding_top_desktop":"0","padding_top_tablet":"0","padding_top_mobile":"0","padding_bottom_desktop":"0","padding_bottom_tablet":"0","padding_bottom_mobile":"0","activate_custom_margin":false,"margin_top_desktop":"0","margin_top_tablet":"0","margin_top_mobile":"0","margin_bottom_desktop":"0","margin_bottom_tablet":"0","margin_bottom_mobile":"0","disable_on":[],"content_alignment_desktop":"left","content_alignment_tablet":"left","content_alignment_mobile":"left"},"intro":"Informaci\u00f3n del Producto","description":"","accordion":[{"title":"Kit de cat\u00e9ter","accordion_content":[{"acf_fc_layout":"full_content","accordion_description":"<p><img loading=\"lazy\" decoding=\"async\" class=\"size-full wp-image-3110 aligncenter\" src=\"https:\/\/natus.com\/wp-content\/uploads\/1104hm_catheter_kit.jpg\" alt=\"\" width=\"684\" height=\"291\" \/><\/p>\n<p>&nbsp;<\/p>\n<table style=\"width: 100%;\" cellspacing=\"0\" cellpadding=\"0\">\n<tbody>\n<tr>\n<td><strong>Componentes del kit<\/strong><\/td>\n<td><\/td>\n<\/tr>\n<tr>\n<td>Cat\u00e9ter con punta con un transductor<\/td>\n<td>4Fr \/ 1,35 mm<\/td>\n<\/tr>\n<tr>\n<td>Cat\u00e9ter ventricular con perno<br \/>\n\u2013 Di\u00e1metro externo<br \/>\n\u2013 Di\u00e1metro interno<br \/>\n\u2013 Longitud<\/td>\n<td>&nbsp;<\/p>\n<p>11Fr \/ 3,7 mm<br \/>\n7Fr \/ 2,2 mm<br \/>\n6-8 cm (ajustable)<\/td>\n<\/tr>\n<tr>\n<td>Broca helicoidal con tope de seguridad<\/td>\n<td>16Fr \/ 5,3 mm<\/td>\n<\/tr>\n<tr>\n<td>Llave hexagonal<\/td>\n<td>Para ajustar el tope de seguridad<\/td>\n<\/tr>\n<tr>\n<td>Tap\u00f3n luer<\/td>\n<td>Previene la fuga de l\u00edquido cefalorraqu\u00eddeo<\/td>\n<\/tr>\n<tr>\n<td>Herramienta para ajustar a cero<\/td>\n<td>Para ajustar el transductor a cero<\/td>\n<\/tr>\n<\/tbody>\n<\/table>\n<p>&nbsp;<\/p>\n"}]},{"title":"Kit de cat\u00e9ter con opci\u00f3n de temperatura","accordion_content":[{"acf_fc_layout":"full_content","accordion_description":"<p><img loading=\"lazy\" decoding=\"async\" class=\" wp-image-3117 alignleft\" src=\"https:\/\/natus.com\/wp-content\/uploads\/1104hmt_catheter_kit.jpg\" alt=\"\" width=\"598\" height=\"256\" \/><br \/>\n<img loading=\"lazy\" decoding=\"async\" class=\"size-full wp-image-3094 alignright\" src=\"https:\/\/natus.com\/wp-content\/uploads\/camino_1104hmt_catheter.jpg\" alt=\"\" width=\"220\" height=\"220\" \/><\/p>\n<p>&nbsp;<\/p>\n<table style=\"width: 100%;\" cellspacing=\"0\" cellpadding=\"0\">\n<tbody>\n<tr>\n<td><strong>Componentes del kit<\/strong><\/td>\n<td><\/td>\n<\/tr>\n<tr>\n<td>1 cat\u00e9ter con punta con un transductor\u00a0con termistor<\/td>\n<td>4Fr \/ 1,35 mm<\/td>\n<\/tr>\n<tr>\n<td>Cat\u00e9ter ventricular con perno<br \/>\n\u2013 Di\u00e1metro externo<br \/>\n\u2013 Di\u00e1metro interno<br \/>\n\u2013 Longitud<\/td>\n<td>&nbsp;<\/p>\n<p>11Fr \/ 3,7 mm<br \/>\n7Fr \/ 2,2 mm<br \/>\n6-8 cm (ajustable)<\/td>\n<\/tr>\n<tr>\n<td>Broca helicoidal con tope de seguridad<\/td>\n<td>16Fr \/ 5,3 mm<\/td>\n<\/tr>\n<tr>\n<td>Llave hexagonal<\/td>\n<td>Para ajustar el tope de seguridad<\/td>\n<\/tr>\n<tr>\n<td>Tap\u00f3n luer<\/td>\n<td>Previene la fuga de l\u00edquido cefalorraqu\u00eddeo<\/td>\n<\/tr>\n<tr>\n<td>Herramienta para ajustar a cero<\/td>\n<td>Para ajustar el transductor a cero<\/td>\n<\/tr>\n<\/tbody>\n<\/table>\n"}]}],"image_left":false}},{"acf_fc_layout":"related_products","_acfe_flexible_toggle":"","tiles_3_columns_landing":{"module_options":{"":null,"module_id":"n6514d9f70e03c","module_class":"","module_background_type":"color","module_background_color":"","module_background_image":false,"module_background_video":"","activate_custom_padding":false,"padding_top_desktop":"0","padding_top_tablet":"0","padding_top_mobile":"0","padding_bottom_desktop":"0","padding_bottom_tablet":"0","padding_bottom_mobile":"0","activate_custom_margin":false,"margin_top_desktop":"0","margin_top_tablet":"0","margin_top_mobile":"0","margin_bottom_desktop":"0","margin_bottom_tablet":"0","margin_bottom_mobile":"0","disable_on":[],"content_alignment_desktop":"left","content_alignment_tablet":"left","content_alignment_mobile":"left"},"intro_text":"Productos Neuro Relacionados","intro_text_color":"#005e63","intro_link":{"type":"post","value":"8356","url":"https:\/\/natus.com\/es\/productos-neuro\/","name":"Productos Neuro","title":"Ver todos los productos Neuro","target":""},"tiles":[{"label":"Gesti\u00f3n del l\u00edquido espinal cerebral","label_background_color":"#154284","image":{"ID":3639,"id":3639,"title":"EDS3 Related Product Image - 500x400","filename":"EDS3-Related-Product-Image-500x400-1.jpg","filesize":110481,"url":"https:\/\/natus.com\/wp-content\/uploads\/EDS3-Related-Product-Image-500x400-1.jpg","link":"https:\/\/natus.com\/es\/productos-neuro\/eds3-related-product-image-500x400-2\/","alt":"EDS 3 ","author":"2","description":"","caption":"","name":"eds3-related-product-image-500x400-2","status":"inherit","uploaded_to":8356,"date":"2023-09-12 17:24:30","modified":"2024-07-29 20:57:20","menu_order":0,"mime_type":"image\/jpeg","type":"image","subtype":"jpeg","icon":"https:\/\/natus.com\/wp-includes\/images\/media\/default.png","width":500,"height":400,"sizes":{"thumbnail":"https:\/\/natus.com\/wp-content\/uploads\/EDS3-Related-Product-Image-500x400-1.jpg","thumbnail-width":120,"thumbnail-height":96,"medium":"https:\/\/natus.com\/wp-content\/uploads\/EDS3-Related-Product-Image-500x400-1.jpg","medium-width":500,"medium-height":400,"medium_large":"https:\/\/natus.com\/wp-content\/uploads\/EDS3-Related-Product-Image-500x400-1.jpg","medium_large-width":500,"medium_large-height":400,"large":"https:\/\/natus.com\/wp-content\/uploads\/EDS3-Related-Product-Image-500x400-1.jpg","large-width":500,"large-height":400,"1536x1536":"https:\/\/natus.com\/wp-content\/uploads\/EDS3-Related-Product-Image-500x400-1.jpg","1536x1536-width":500,"1536x1536-height":400,"2048x2048":"https:\/\/natus.com\/wp-content\/uploads\/EDS3-Related-Product-Image-500x400-1.jpg","2048x2048-width":500,"2048x2048-height":400}},"title":"Sistema de drenaje externo Natus\u00ae EDS 3\u00ae","link":{"type":"post","value":"11119","url":"https:\/\/natus.com\/es\/neuro\/sistema-de-drenaje-externo-natus-eds-3\/","name":"Sistema de drenaje externo Natus\u00ae EDS 3\u00ae","title":"Saber M\u00e1s","target":"_blank"}},{"label":"Sistema de monitorizaci\u00f3n de presi\u00f3n y temperatura intracraneal y cat\u00e9teres","label_background_color":"#154284","image":{"ID":3574,"id":3574,"title":"Camino ICP Monitor - CAM02 Related Product Photo - 500x400","filename":"CAM03-Related-Product-Photo-500x400-2.png","filesize":273788,"url":"https:\/\/natus.com\/wp-content\/uploads\/CAM03-Related-Product-Photo-500x400-2.png","link":"https:\/\/natus.com\/es\/neuro\/sistema-de-drenaje-externo-natus-eds-3\/camino-icp-monitor-cam02-related-product-photo-500x400-2\/","alt":"","author":"2","description":"","caption":"","name":"camino-icp-monitor-cam02-related-product-photo-500x400-2","status":"inherit","uploaded_to":11119,"date":"2023-09-12 14:41:08","modified":"2023-10-04 15:24:56","menu_order":0,"mime_type":"image\/png","type":"image","subtype":"png","icon":"https:\/\/natus.com\/wp-includes\/images\/media\/default.png","width":500,"height":400,"sizes":{"thumbnail":"https:\/\/natus.com\/wp-content\/uploads\/CAM03-Related-Product-Photo-500x400-2.png","thumbnail-width":120,"thumbnail-height":96,"medium":"https:\/\/natus.com\/wp-content\/uploads\/CAM03-Related-Product-Photo-500x400-2.png","medium-width":500,"medium-height":400,"medium_large":"https:\/\/natus.com\/wp-content\/uploads\/CAM03-Related-Product-Photo-500x400-2.png","medium_large-width":500,"medium_large-height":400,"large":"https:\/\/natus.com\/wp-content\/uploads\/CAM03-Related-Product-Photo-500x400-2.png","large-width":500,"large-height":400,"1536x1536":"https:\/\/natus.com\/wp-content\/uploads\/CAM03-Related-Product-Photo-500x400-2.png","1536x1536-width":500,"1536x1536-height":400,"2048x2048":"https:\/\/natus.com\/wp-content\/uploads\/CAM03-Related-Product-Photo-500x400-2.png","2048x2048-width":500,"2048x2048-height":400}},"title":"Monitor de presi\u00f3n intracraneal Camino\u00ae","link":{"type":"post","value":"10939","url":"https:\/\/natus.com\/es\/neuro\/monitor-de-presion-intracraneal-camino\/","name":"Monitor de presi\u00f3n intracraneal Camino\u00ae","title":"Saber M\u00e1s","target":"_blank"}},{"label":"Kits de acceso craneal","label_background_color":"#154284","image":{"ID":3579,"id":3579,"title":"CRAK Kit - Drill and Drill Bits","filename":"CRAK-Kit-Drill-and-Drill-Bits.jpg","filesize":65748,"url":"https:\/\/natus.com\/wp-content\/uploads\/CRAK-Kit-Drill-and-Drill-Bits.jpg","link":"https:\/\/natus.com\/es\/neuro\/sistema-de-drenaje-externo-natus-eds-3\/crak-kit-drill-and-drill-bits-2\/","alt":"Natus Cranial Access Kit","author":"2","description":"","caption":"","name":"crak-kit-drill-and-drill-bits-2","status":"inherit","uploaded_to":11119,"date":"2023-09-12 15:03:34","modified":"2024-07-29 20:58:15","menu_order":0,"mime_type":"image\/jpeg","type":"image","subtype":"jpeg","icon":"https:\/\/natus.com\/wp-includes\/images\/media\/default.png","width":500,"height":400,"sizes":{"thumbnail":"https:\/\/natus.com\/wp-content\/uploads\/CRAK-Kit-Drill-and-Drill-Bits.jpg","thumbnail-width":120,"thumbnail-height":96,"medium":"https:\/\/natus.com\/wp-content\/uploads\/CRAK-Kit-Drill-and-Drill-Bits.jpg","medium-width":500,"medium-height":400,"medium_large":"https:\/\/natus.com\/wp-content\/uploads\/CRAK-Kit-Drill-and-Drill-Bits.jpg","medium_large-width":500,"medium_large-height":400,"large":"https:\/\/natus.com\/wp-content\/uploads\/CRAK-Kit-Drill-and-Drill-Bits.jpg","large-width":500,"large-height":400,"1536x1536":"https:\/\/natus.com\/wp-content\/uploads\/CRAK-Kit-Drill-and-Drill-Bits.jpg","1536x1536-width":500,"1536x1536-height":400,"2048x2048":"https:\/\/natus.com\/wp-content\/uploads\/CRAK-Kit-Drill-and-Drill-Bits.jpg","2048x2048-width":500,"2048x2048-height":400}},"title":"Kits de acceso craneal","link":{"type":"post","value":"11124","url":"https:\/\/natus.com\/es\/neuro\/kits-de-acceso-craneal\/","name":"Kits de acceso craneal (CRAK)","title":"Saber M\u00e1s","target":"_blank"}}]}},{"acf_fc_layout":"contact_form","_acfe_flexible_toggle":"","contact_form_landing":{"module_options":{"":null,"module_id":"contact-neuro","module_class":"","module_background_type":"color","module_background_color":"#f1f1f1","module_background_image":false,"module_background_video":"","activate_custom_padding":false,"padding_top_desktop":"0","padding_top_tablet":"0","padding_top_mobile":"0","padding_bottom_desktop":"0","padding_bottom_tablet":"0","padding_bottom_mobile":"0","activate_custom_margin":false,"margin_top_desktop":"0","margin_top_tablet":"0","margin_top_mobile":"0","margin_bottom_desktop":"0","margin_bottom_tablet":"0","margin_bottom_mobile":"0","disable_on":[],"content_alignment_desktop":"left","content_alignment_tablet":"left","content_alignment_mobile":"left"},"":null,"activate_intro":true,"intro_text":"P\u00f3ngase en contacto con su representante Natus","intro_text_color":"#005e63","intro_link":null,"activate_description":true,"description_title":"","description_copy":"Para obtener m\u00e1s informaci\u00f3n sobre este o cualquier producto, env\u00edenos un mensaje a trav\u00e9s del siguiente formulario.","embed_code":"<script charset=\"utf-8\" type=\"text\/javascript\" src=\"\/\/js.hsforms.net\/forms\/embed\/v2.js\"><\/script>\r\n<script>\r\n  hbspt.forms.create({\r\n    region: \"na1\",\r\n    portalId: \"3002890\",\r\n    formId: \"19994ddf-5157-44b4-99ac-309f46ef293a\"\r\n  });\r\n<\/script>"}},{"acf_fc_layout":"simple_content","_acfe_flexible_toggle":"","content_full_width_landing":{"module_options":{"":null,"module_id":"n6514d9f71d34a","module_class":"","module_background_type":"color","module_background_color":"","module_background_image":false,"module_background_video":"","activate_custom_padding":false,"padding_top_desktop":"0","padding_top_tablet":"0","padding_top_mobile":"0","padding_bottom_desktop":"0","padding_bottom_tablet":"0","padding_bottom_mobile":"0","activate_custom_margin":false,"margin_top_desktop":"0","margin_top_tablet":"0","margin_top_mobile":"0","margin_bottom_desktop":"0","margin_bottom_tablet":"0","margin_bottom_mobile":"0","disable_on":[],"content_alignment_desktop":"left","content_alignment_tablet":"left","content_alignment_mobile":"left"},"content":"<p><span style=\"font-size: 11px;\">033763 RevA<\/span><\/p>\n"}}]},"_links":{"self":[{"href":"https:\/\/natus.com\/es\/wp-json\/wp\/v2\/pages\/11109","targetHints":{"allow":["GET"]}}],"collection":[{"href":"https:\/\/natus.com\/es\/wp-json\/wp\/v2\/pages"}],"about":[{"href":"https:\/\/natus.com\/es\/wp-json\/wp\/v2\/types\/page"}],"author":[{"embeddable":true,"href":"https:\/\/natus.com\/es\/wp-json\/wp\/v2\/users\/3"}],"replies":[{"embeddable":true,"href":"https:\/\/natus.com\/es\/wp-json\/wp\/v2\/comments?post=11109"}],"version-history":[{"count":5,"href":"https:\/\/natus.com\/es\/wp-json\/wp\/v2\/pages\/11109\/revisions"}],"predecessor-version":[{"id":13614,"href":"https:\/\/natus.com\/es\/wp-json\/wp\/v2\/pages\/11109\/revisions\/13614"}],"up":[{"embeddable":true,"href":"https:\/\/natus.com\/es\/wp-json\/wp\/v2\/pages\/10464"}],"wp:attachment":[{"href":"https:\/\/natus.com\/es\/wp-json\/wp\/v2\/media?parent=11109"}],"wp:term":[{"taxonomy":"category","embeddable":true,"href":"https:\/\/natus.com\/es\/wp-json\/wp\/v2\/categories?post=11109"},{"taxonomy":"post_tag","embeddable":true,"href":"https:\/\/natus.com\/es\/wp-json\/wp\/v2\/tags?post=11109"}],"curies":[{"name":"wp","href":"https:\/\/api.w.org\/{rel}","templated":true}]}}