{"id":11124,"date":"2023-09-07T19:41:24","date_gmt":"2023-09-07T19:41:24","guid":{"rendered":"https:\/\/natus.com\/neuro\/cranial-access-kits\/"},"modified":"2024-08-16T20:51:21","modified_gmt":"2024-08-16T20:51:21","slug":"kits-de-acceso-craneal","status":"publish","type":"page","link":"https:\/\/natus.com\/es\/neuro\/kits-de-acceso-craneal\/","title":{"rendered":"Kits de acceso craneal (CRAK)"},"content":{"rendered":"","protected":false},"excerpt":{"rendered":"","protected":false},"author":3,"featured_media":0,"parent":10464,"menu_order":0,"comment_status":"closed","ping_status":"closed","template":"templates\/page-neuro-solutions-product-landing.php","meta":{"_acf_changed":false,"footnotes":""},"categories":[195],"tags":[223],"class_list":["post-11124","page","type-page","status-publish","hentry","category-neurointensivos-lesion-cerebral-es","tag-kits-de-acceso-craneal"],"acf":{"content_blocks":[{"acf_fc_layout":"spacer","_acfe_flexible_toggle":"","spacer":{"module_options":{"":null,"module_id":"n6514df0200a0c","module_class":"","module_background_type":"color","module_background_color":"#00aaa7","module_background_image":false,"module_background_video":"","activate_custom_padding":false,"padding_top_desktop":"0","padding_top_tablet":"0","padding_top_mobile":"0","padding_bottom_desktop":"0","padding_bottom_tablet":"0","padding_bottom_mobile":"0","activate_custom_margin":false,"margin_top_desktop":"0","margin_top_tablet":"0","margin_top_mobile":"0","margin_bottom_desktop":"0","margin_bottom_tablet":"0","margin_bottom_mobile":"0","disable_on":[],"content_alignment_desktop":"left","content_alignment_tablet":"left","content_alignment_mobile":"left"},"height":"270"}},{"acf_fc_layout":"intro_with_sticky_image","_acfe_flexible_toggle":"","left_content_right_image_sticky":{"module_options":{"":null,"module_id":"n6514df0207be7","module_class":"","module_background_type":"color","module_background_color":"","module_background_image":false,"module_background_video":"","activate_custom_padding":false,"padding_top_desktop":"0","padding_top_tablet":"0","padding_top_mobile":"0","padding_bottom_desktop":"0","padding_bottom_tablet":"0","padding_bottom_mobile":"0","activate_custom_margin":false,"margin_top_desktop":"0","margin_top_tablet":"0","margin_top_mobile":"0","margin_bottom_desktop":"0","margin_bottom_tablet":"0","margin_bottom_mobile":"0","disable_on":[],"content_alignment_desktop":"left","content_alignment_tablet":"left","content_alignment_mobile":"left"},"":null,"title":"Kits de acceso craneal","subheader":"<p>Como parte de nuestro conjunto de soluciones de cuidados neurocr\u00edticos fiables, probadas y de confianza, los proveedores conf\u00edan en los kits de acceso craneal de Natus para realizar procedimientos craneales seguros y est\u00e9riles. Al someter a pruebas pirog\u00e9nicas los componentes de cada kit que tienen m\u00e1s probabilidades de entrar en contacto con el LCR, los kits de acceso craneal de Natus ofrecen una mayor protecci\u00f3n frente a endo y exotoxinas, lo que ayuda a reducir el riesgo de inflamaci\u00f3n y fiebre y le da m\u00e1s confianza en los procedimientos m\u00e1s cr\u00edticos.\u00a0Los kits de acceso craneal est\u00e1n disponibles con o sin f\u00e1rmacos y est\u00e1n preenvasados est\u00e9riles.<\/p>\n<p>Empaquetados para mayor comodidad, los kits de acceso craneal de Natus proporcionan un f\u00e1cil acceso, manteni\u00e9ndole preparado para reducir la presi\u00f3n intracraneal, ayudar a proporcionar un drenaje temporal del LCR, monitorizar la PIC y proteger la salud de sus pacientes durante todo el procedimiento.<\/p>\n<p><span style=\"font-size: 12px;\">Disponible solamente en Estados Unidos<\/span><\/p>\n","icons":[{"icon":{"ID":2435,"id":2435,"title":"icon-options","filename":"icon-options.png","filesize":1971,"url":"https:\/\/natus.com\/wp-content\/uploads\/icon-options.png","link":"https:\/\/natus.com\/es\/neuro\/icon-options-2\/","alt":"Icon - Multi Option","author":"2","description":"","caption":"","name":"icon-options-2","status":"inherit","uploaded_to":10464,"date":"2023-09-08 17:24:45","modified":"2024-07-29 21:17:09","menu_order":0,"mime_type":"image\/png","type":"image","subtype":"png","icon":"https:\/\/natus.com\/wp-includes\/images\/media\/default.png","width":47,"height":47,"sizes":{"thumbnail":"https:\/\/natus.com\/wp-content\/uploads\/icon-options.png","thumbnail-width":47,"thumbnail-height":47,"medium":"https:\/\/natus.com\/wp-content\/uploads\/icon-options.png","medium-width":47,"medium-height":47,"medium_large":"https:\/\/natus.com\/wp-content\/uploads\/icon-options.png","medium_large-width":47,"medium_large-height":47,"large":"https:\/\/natus.com\/wp-content\/uploads\/icon-options.png","large-width":47,"large-height":47,"1536x1536":"https:\/\/natus.com\/wp-content\/uploads\/icon-options.png","1536x1536-width":47,"1536x1536-height":47,"2048x2048":"https:\/\/natus.com\/wp-content\/uploads\/icon-options.png","2048x2048-width":47,"2048x2048-height":47}},"icon_description":"Varias Opciones <br \/>\r\nY Accesorios"},{"icon":{"ID":1944,"id":1944,"title":"icon-flag","filename":"icon-flag.png","filesize":664,"url":"https:\/\/natus.com\/wp-content\/uploads\/icon-flag.png","link":"https:\/\/natus.com\/es\/neuro\/emg-portatil-dantec-clavis\/icon-flag-2\/","alt":"Icon - Flag","author":"2","description":"","caption":"","name":"icon-flag-2","status":"inherit","uploaded_to":8545,"date":"2023-09-01 19:14:05","modified":"2024-07-29 21:19:56","menu_order":0,"mime_type":"image\/png","type":"image","subtype":"png","icon":"https:\/\/natus.com\/wp-includes\/images\/media\/default.png","width":30,"height":42,"sizes":{"thumbnail":"https:\/\/natus.com\/wp-content\/uploads\/icon-flag.png","thumbnail-width":30,"thumbnail-height":42,"medium":"https:\/\/natus.com\/wp-content\/uploads\/icon-flag.png","medium-width":30,"medium-height":42,"medium_large":"https:\/\/natus.com\/wp-content\/uploads\/icon-flag.png","medium_large-width":30,"medium_large-height":42,"large":"https:\/\/natus.com\/wp-content\/uploads\/icon-flag.png","large-width":30,"large-height":42,"1536x1536":"https:\/\/natus.com\/wp-content\/uploads\/icon-flag.png","1536x1536-width":30,"1536x1536-height":42,"2048x2048":"https:\/\/natus.com\/wp-content\/uploads\/icon-flag.png","2048x2048-width":30,"2048x2048-height":42}},"icon_description":"Preenvasado <br \/>\r\nEst\u00e9ril"}],"quick_navigation":[{"quick_link":{"type":"url","value":"#contact-neuro","url":"#contact-neuro","name":"#contact-neuro","title":"Contactarnos ","target":""}},{"quick_link":{"type":"url","value":"#n650889533e130","url":"#n650889533e130","name":"#n650889533e130","title":"Explora m\u00e1s detalles","target":""}}],"description":"","message_label":"Servicio y Soporte","message_title":"\u00bfBusca un servicio de neuro productos o asistencia t\u00e9cnica?","message_link":{"type":"post","value":"8369","url":"https:\/\/natus.com\/es\/soporte\/","name":"Servicio y Soporte","title":"Servicio y Soporte de Natus","target":""},"right_sticky_image":{"ID":5102,"id":5102,"title":"CRAK Kit Main Product Photo - 500x850","filename":"CRAK-Kit-Main-Product-Photo-500x850-1.png","filesize":147793,"url":"https:\/\/natus.com\/wp-content\/uploads\/CRAK-Kit-Main-Product-Photo-500x850-1.png","link":"https:\/\/natus.com\/es\/neuro\/kits-de-acceso-craneal\/crak-kit-main-product-photo-500x850-2\/","alt":"Cranial Access Kit","author":"2","description":"","caption":"","name":"crak-kit-main-product-photo-500x850-2","status":"inherit","uploaded_to":11124,"date":"2023-09-18 17:18:02","modified":"2024-09-24 20:51:08","menu_order":0,"mime_type":"image\/png","type":"image","subtype":"png","icon":"https:\/\/natus.com\/wp-includes\/images\/media\/default.png","width":500,"height":850,"sizes":{"thumbnail":"https:\/\/natus.com\/wp-content\/uploads\/CRAK-Kit-Main-Product-Photo-500x850-1.png","thumbnail-width":56,"thumbnail-height":96,"medium":"https:\/\/natus.com\/wp-content\/uploads\/CRAK-Kit-Main-Product-Photo-500x850-1.png","medium-width":500,"medium-height":850,"medium_large":"https:\/\/natus.com\/wp-content\/uploads\/CRAK-Kit-Main-Product-Photo-500x850-1.png","medium_large-width":500,"medium_large-height":850,"large":"https:\/\/natus.com\/wp-content\/uploads\/CRAK-Kit-Main-Product-Photo-500x850-1.png","large-width":500,"large-height":850,"1536x1536":"https:\/\/natus.com\/wp-content\/uploads\/CRAK-Kit-Main-Product-Photo-500x850-1.png","1536x1536-width":500,"1536x1536-height":850,"2048x2048":"https:\/\/natus.com\/wp-content\/uploads\/CRAK-Kit-Main-Product-Photo-500x850-1.png","2048x2048-width":500,"2048x2048-height":850}}}},{"acf_fc_layout":"contact","_acfe_flexible_toggle":"","left_image_right_content_single_cta_landing":{"module_options":{"":null,"module_id":"n650889533e130","module_class":"","module_background_type":"color","module_background_color":"","module_background_image":false,"module_background_video":"","activate_custom_padding":false,"padding_top_desktop":"0","padding_top_tablet":"0","padding_top_mobile":"0","padding_bottom_desktop":"0","padding_bottom_tablet":"0","padding_bottom_mobile":"0","activate_custom_margin":false,"margin_top_desktop":"0","margin_top_tablet":"0","margin_top_mobile":"0","margin_bottom_desktop":"0","margin_bottom_tablet":"0","margin_bottom_mobile":"0","disable_on":[],"content_alignment_desktop":"left","content_alignment_tablet":"left","content_alignment_mobile":"left"},"":null,"image":{"ID":5109,"id":5109,"title":"Camino_1102_clinical_RETv1-0","filename":"CRAK-Kit-Product-Feature-images-800x450-1-1.png","filesize":485409,"url":"https:\/\/natus.com\/wp-content\/uploads\/CRAK-Kit-Product-Feature-images-800x450-1-1.png","link":"https:\/\/natus.com\/es\/neuro\/kits-de-acceso-craneal\/camino_1102_clinical_retv1-0-2\/","alt":"Cranial access kits for use in the ICU","author":"2","description":"","caption":"","name":"camino_1102_clinical_retv1-0-2","status":"inherit","uploaded_to":11124,"date":"2023-09-18 17:30:16","modified":"2024-09-24 20:51:41","menu_order":0,"mime_type":"image\/png","type":"image","subtype":"png","icon":"https:\/\/natus.com\/wp-includes\/images\/media\/default.png","width":800,"height":450,"sizes":{"thumbnail":"https:\/\/natus.com\/wp-content\/uploads\/CRAK-Kit-Product-Feature-images-800x450-1-1.png","thumbnail-width":128,"thumbnail-height":72,"medium":"https:\/\/natus.com\/wp-content\/uploads\/CRAK-Kit-Product-Feature-images-800x450-1-1.png","medium-width":800,"medium-height":450,"medium_large":"https:\/\/natus.com\/wp-content\/uploads\/Camino_1102_clinical_RETv1-0-768x432.png","medium_large-width":768,"medium_large-height":432,"large":"https:\/\/natus.com\/wp-content\/uploads\/CRAK-Kit-Product-Feature-images-800x450-1-1.png","large-width":800,"large-height":450,"1536x1536":"https:\/\/natus.com\/wp-content\/uploads\/CRAK-Kit-Product-Feature-images-800x450-1-1.png","1536x1536-width":800,"1536x1536-height":450,"2048x2048":"https:\/\/natus.com\/wp-content\/uploads\/CRAK-Kit-Product-Feature-images-800x450-1-1.png","2048x2048-width":800,"2048x2048-height":450}},"activate_image_caption":false,"image_caption_icon":false,"image_caption_title":"","image_caption_description":"","label":"","title":"","description":"<h5><strong>Completo y c\u00f3modo<\/strong><\/h5>\n<p>Todos los kits de acceso craneal Natus* contienen los componentes necesarios para el acceso al espacio subaracnoideo o ventr\u00edculos laterales del cerebro, entre otros:<\/p>\n<ul>\n<li>Instrumental de alta calidad<\/li>\n<li>Cera \u00f3sea<\/li>\n<li>Esponjas extra<\/li>\n<li>Tintura de benzo\u00edna<\/li>\n<li>Tijeras extra<\/li>\n<li>Ap\u00f3sito de pel\u00edcula<\/li>\n<\/ul>\n<p><em><span style=\"font-size: 12px;\">*Consulte los detalles del producto m\u00e1s abajo para el contenido completo del kit y las especificaciones<\/span><\/em><\/p>\n<p>&nbsp;<\/p>\n<h5><strong>Est\u00e9ril<\/strong><\/h5>\n<p>Los 5 componentes con m\u00e1s probabilidades de entrar en contacto con el LCR (brocas, aguja espinal y escalpelos) se someten a pruebas pirog\u00e9nicas para superar los requisitos de esterilidad est\u00e1ndar y reducir el riesgo de contaminaci\u00f3n e inflamaci\u00f3n.<\/p>\n","link":null}},{"acf_fc_layout":"related_products","_acfe_flexible_toggle":"","tiles_3_columns_landing":{"module_options":{"":null,"module_id":"n6514df021a7b0","module_class":"","module_background_type":"color","module_background_color":"","module_background_image":false,"module_background_video":"","activate_custom_padding":false,"padding_top_desktop":"0","padding_top_tablet":"0","padding_top_mobile":"0","padding_bottom_desktop":"0","padding_bottom_tablet":"0","padding_bottom_mobile":"0","activate_custom_margin":false,"margin_top_desktop":"0","margin_top_tablet":"0","margin_top_mobile":"0","margin_bottom_desktop":"0","margin_bottom_tablet":"0","margin_bottom_mobile":"0","disable_on":[],"content_alignment_desktop":"left","content_alignment_tablet":"left","content_alignment_mobile":"left"},"intro_text":"Productos Neuro Relacionados","intro_text_color":"#005e63","intro_link":{"type":"post","value":"8356","url":"https:\/\/natus.com\/es\/productos-neuro\/","name":"Productos Neuro","title":"Ver todos los productos Neuro","target":""},"tiles":[{"label":"Sistema de monitorizaci\u00f3n de presi\u00f3n y temperatura intracraneal y cat\u00e9teres","label_background_color":"#154284","image":{"ID":3604,"id":3604,"title":"Camino 1104B Catherter Related Product Photo - 500x400","filename":"Camino-1104B-Catherter-Related-Product-Photo-500x400-1.png","filesize":52074,"url":"https:\/\/natus.com\/wp-content\/uploads\/Camino-1104B-Catherter-Related-Product-Photo-500x400-1.png","link":"https:\/\/natus.com\/es\/neuro\/cuidados-neurointensivos-y-lesion-cerebral\/camino-1104b-catherter-related-product-photo-500x400-2\/","alt":"Natus\u00ae EDS 3\u00ae External Drainage System","author":"2","description":"","caption":"","name":"camino-1104b-catherter-related-product-photo-500x400-2","status":"inherit","uploaded_to":11416,"date":"2023-09-12 15:19:40","modified":"2024-07-29 20:57:50","menu_order":0,"mime_type":"image\/png","type":"image","subtype":"png","icon":"https:\/\/natus.com\/wp-includes\/images\/media\/default.png","width":500,"height":400,"sizes":{"thumbnail":"https:\/\/natus.com\/wp-content\/uploads\/Camino-1104B-Catherter-Related-Product-Photo-500x400-1.png","thumbnail-width":120,"thumbnail-height":96,"medium":"https:\/\/natus.com\/wp-content\/uploads\/Camino-1104B-Catherter-Related-Product-Photo-500x400-1.png","medium-width":500,"medium-height":400,"medium_large":"https:\/\/natus.com\/wp-content\/uploads\/Camino-1104B-Catherter-Related-Product-Photo-500x400-1.png","medium_large-width":500,"medium_large-height":400,"large":"https:\/\/natus.com\/wp-content\/uploads\/Camino-1104B-Catherter-Related-Product-Photo-500x400-1.png","large-width":500,"large-height":400,"1536x1536":"https:\/\/natus.com\/wp-content\/uploads\/Camino-1104B-Catherter-Related-Product-Photo-500x400-1.png","1536x1536-width":500,"1536x1536-height":400,"2048x2048":"https:\/\/natus.com\/wp-content\/uploads\/Camino-1104B-Catherter-Related-Product-Photo-500x400-1.png","2048x2048-width":500,"2048x2048-height":400}},"title":"Cat\u00e9teres serie Camino\u00ae 1104B para el Camino ICP Monitor","link":{"type":"post","value":"11095","url":"https:\/\/natus.com\/es\/neuro\/cateteres-serie-camino-1104b-para-el-camino-icp-monitor\/","name":"Cat\u00e9teres serie Camino\u00ae 1104B para el Camino ICP Monitor","title":"Aprenda M\u00e1s","target":"_blank"}},{"label":"Sistema de monitorizaci\u00f3n de presi\u00f3n y temperatura intracraneal y cat\u00e9teres","label_background_color":"#154284","image":{"ID":3574,"id":3574,"title":"Camino ICP Monitor - CAM02 Related Product Photo - 500x400","filename":"CAM03-Related-Product-Photo-500x400-2.png","filesize":273788,"url":"https:\/\/natus.com\/wp-content\/uploads\/CAM03-Related-Product-Photo-500x400-2.png","link":"https:\/\/natus.com\/es\/neuro\/sistema-de-drenaje-externo-natus-eds-3\/camino-icp-monitor-cam02-related-product-photo-500x400-2\/","alt":"","author":"2","description":"","caption":"","name":"camino-icp-monitor-cam02-related-product-photo-500x400-2","status":"inherit","uploaded_to":11119,"date":"2023-09-12 14:41:08","modified":"2023-10-04 15:24:56","menu_order":0,"mime_type":"image\/png","type":"image","subtype":"png","icon":"https:\/\/natus.com\/wp-includes\/images\/media\/default.png","width":500,"height":400,"sizes":{"thumbnail":"https:\/\/natus.com\/wp-content\/uploads\/CAM03-Related-Product-Photo-500x400-2.png","thumbnail-width":120,"thumbnail-height":96,"medium":"https:\/\/natus.com\/wp-content\/uploads\/CAM03-Related-Product-Photo-500x400-2.png","medium-width":500,"medium-height":400,"medium_large":"https:\/\/natus.com\/wp-content\/uploads\/CAM03-Related-Product-Photo-500x400-2.png","medium_large-width":500,"medium_large-height":400,"large":"https:\/\/natus.com\/wp-content\/uploads\/CAM03-Related-Product-Photo-500x400-2.png","large-width":500,"large-height":400,"1536x1536":"https:\/\/natus.com\/wp-content\/uploads\/CAM03-Related-Product-Photo-500x400-2.png","1536x1536-width":500,"1536x1536-height":400,"2048x2048":"https:\/\/natus.com\/wp-content\/uploads\/CAM03-Related-Product-Photo-500x400-2.png","2048x2048-width":500,"2048x2048-height":400}},"title":"Monitor de presi\u00f3n intracraneal Camino\u00ae","link":{"type":"post","value":"10939","url":"https:\/\/natus.com\/es\/neuro\/monitor-de-presion-intracraneal-camino\/","name":"Monitor de presi\u00f3n intracraneal Camino\u00ae","title":"Aprenda M\u00e1s","target":"_blank"}},{"label":"Gesti\u00f3n del l\u00edquido espinal cerebral","label_background_color":"#154284","image":{"ID":3639,"id":3639,"title":"EDS3 Related Product Image - 500x400","filename":"EDS3-Related-Product-Image-500x400-1.jpg","filesize":110481,"url":"https:\/\/natus.com\/wp-content\/uploads\/EDS3-Related-Product-Image-500x400-1.jpg","link":"https:\/\/natus.com\/es\/productos-neuro\/eds3-related-product-image-500x400-2\/","alt":"EDS 3 ","author":"2","description":"","caption":"","name":"eds3-related-product-image-500x400-2","status":"inherit","uploaded_to":8356,"date":"2023-09-12 17:24:30","modified":"2024-07-29 20:57:20","menu_order":0,"mime_type":"image\/jpeg","type":"image","subtype":"jpeg","icon":"https:\/\/natus.com\/wp-includes\/images\/media\/default.png","width":500,"height":400,"sizes":{"thumbnail":"https:\/\/natus.com\/wp-content\/uploads\/EDS3-Related-Product-Image-500x400-1.jpg","thumbnail-width":120,"thumbnail-height":96,"medium":"https:\/\/natus.com\/wp-content\/uploads\/EDS3-Related-Product-Image-500x400-1.jpg","medium-width":500,"medium-height":400,"medium_large":"https:\/\/natus.com\/wp-content\/uploads\/EDS3-Related-Product-Image-500x400-1.jpg","medium_large-width":500,"medium_large-height":400,"large":"https:\/\/natus.com\/wp-content\/uploads\/EDS3-Related-Product-Image-500x400-1.jpg","large-width":500,"large-height":400,"1536x1536":"https:\/\/natus.com\/wp-content\/uploads\/EDS3-Related-Product-Image-500x400-1.jpg","1536x1536-width":500,"1536x1536-height":400,"2048x2048":"https:\/\/natus.com\/wp-content\/uploads\/EDS3-Related-Product-Image-500x400-1.jpg","2048x2048-width":500,"2048x2048-height":400}},"title":"Sistema de drenaje externo Natus\u00ae EDS 3\u00ae","link":{"type":"post","value":"11119","url":"https:\/\/natus.com\/es\/neuro\/sistema-de-drenaje-externo-natus-eds-3\/","name":"Sistema de drenaje externo Natus\u00ae EDS 3\u00ae","title":"Aprenda M\u00e1s","target":"_blank"}}]}},{"acf_fc_layout":"product_information","_acfe_flexible_toggle":"","left_accordion_right_image_landing":{"module_options":{"":null,"module_id":"n6514df022301f","module_class":"","module_background_type":"color","module_background_color":"","module_background_image":false,"module_background_video":"","activate_custom_padding":false,"padding_top_desktop":"0","padding_top_tablet":"0","padding_top_mobile":"0","padding_bottom_desktop":"0","padding_bottom_tablet":"0","padding_bottom_mobile":"0","activate_custom_margin":false,"margin_top_desktop":"0","margin_top_tablet":"0","margin_top_mobile":"0","margin_bottom_desktop":"0","margin_bottom_tablet":"0","margin_bottom_mobile":"0","disable_on":[],"content_alignment_desktop":"left","content_alignment_tablet":"left","content_alignment_mobile":"left"},"intro":"Informaci\u00f3n del Producto","description":"","accordion":[{"title":"Accesorios y componentes del kit","accordion_content":[{"acf_fc_layout":"full_content","accordion_description":"<p><img loading=\"lazy\" decoding=\"async\" class=\"alignnone size-full wp-image-2199\" src=\"https:\/\/natus.com\/wp-content\/uploads\/CRAK-table.png\" alt=\"\" width=\"1095\" height=\"955\" srcset=\"https:\/\/natus.com\/wp-content\/uploads\/CRAK-table.png 1095w, https:\/\/natus.com\/wp-content\/uploads\/CRAK-table-768x670.png 768w\" sizes=\"auto, (max-width: 1095px) 100vw, 1095px\" \/><\/p>\n"}]},{"title":"Descargar documentaci\u00f3n sobre el producto","accordion_content":[{"acf_fc_layout":"full_content","accordion_description":"<p><a href=\"https:\/\/natus.bynder.com\/m\/f62c5bb4adb703f3\/original\/Natus-Cranial-Access-Kits-CRAK-Flyer.pdf\" target=\"_blank\" rel=\"noopener\"><strong>Hoja informativa de kits de acceso craneal<\/strong><\/a><\/p>\n"}]}],"image_left":false}},{"acf_fc_layout":"contact_form","_acfe_flexible_toggle":"","contact_form_landing":{"module_options":{"":null,"module_id":"contact-neuro","module_class":"","module_background_type":"color","module_background_color":"#f1f1f1","module_background_image":false,"module_background_video":"","activate_custom_padding":false,"padding_top_desktop":"0","padding_top_tablet":"0","padding_top_mobile":"0","padding_bottom_desktop":"0","padding_bottom_tablet":"0","padding_bottom_mobile":"0","activate_custom_margin":false,"margin_top_desktop":"0","margin_top_tablet":"0","margin_top_mobile":"0","margin_bottom_desktop":"0","margin_bottom_tablet":"0","margin_bottom_mobile":"0","disable_on":[],"content_alignment_desktop":"left","content_alignment_tablet":"left","content_alignment_mobile":"left"},"":null,"activate_intro":true,"intro_text":"P\u00f3ngase en contacto con su representante Natus","intro_text_color":"#005e63","intro_link":null,"activate_description":true,"description_title":"","description_copy":"Para obtener m\u00e1s informaci\u00f3n sobre este o cualquier producto, env\u00edenos un mensaje a trav\u00e9s del siguiente formulario.","embed_code":"<script charset=\"utf-8\" type=\"text\/javascript\" src=\"\/\/js.hsforms.net\/forms\/embed\/v2.js\"><\/script>\r\n<script>\r\n  hbspt.forms.create({\r\n    region: \"na1\",\r\n    portalId: \"3002890\",\r\n    formId: \"19994ddf-5157-44b4-99ac-309f46ef293a\"\r\n  });\r\n<\/script>"}},{"acf_fc_layout":"simple_content","_acfe_flexible_toggle":"","content_full_width_landing":{"module_options":{"":null,"module_id":"n6514df02389ce","module_class":"","module_background_type":"color","module_background_color":"","module_background_image":false,"module_background_video":"","activate_custom_padding":false,"padding_top_desktop":"0","padding_top_tablet":"0","padding_top_mobile":"0","padding_bottom_desktop":"0","padding_bottom_tablet":"0","padding_bottom_mobile":"0","activate_custom_margin":false,"margin_top_desktop":"0","margin_top_tablet":"0","margin_top_mobile":"0","margin_bottom_desktop":"0","margin_bottom_tablet":"0","margin_bottom_mobile":"0","disable_on":[],"content_alignment_desktop":"left","content_alignment_tablet":"left","content_alignment_mobile":"left"},"content":"<p><span style=\"font-size: 11px;\">033748 RevD<\/span><\/p>\n"}}]},"_links":{"self":[{"href":"https:\/\/natus.com\/es\/wp-json\/wp\/v2\/pages\/11124","targetHints":{"allow":["GET"]}}],"collection":[{"href":"https:\/\/natus.com\/es\/wp-json\/wp\/v2\/pages"}],"about":[{"href":"https:\/\/natus.com\/es\/wp-json\/wp\/v2\/types\/page"}],"author":[{"embeddable":true,"href":"https:\/\/natus.com\/es\/wp-json\/wp\/v2\/users\/3"}],"replies":[{"embeddable":true,"href":"https:\/\/natus.com\/es\/wp-json\/wp\/v2\/comments?post=11124"}],"version-history":[{"count":7,"href":"https:\/\/natus.com\/es\/wp-json\/wp\/v2\/pages\/11124\/revisions"}],"predecessor-version":[{"id":21198,"href":"https:\/\/natus.com\/es\/wp-json\/wp\/v2\/pages\/11124\/revisions\/21198"}],"up":[{"embeddable":true,"href":"https:\/\/natus.com\/es\/wp-json\/wp\/v2\/pages\/10464"}],"wp:attachment":[{"href":"https:\/\/natus.com\/es\/wp-json\/wp\/v2\/media?parent=11124"}],"wp:term":[{"taxonomy":"category","embeddable":true,"href":"https:\/\/natus.com\/es\/wp-json\/wp\/v2\/categories?post=11124"},{"taxonomy":"post_tag","embeddable":true,"href":"https:\/\/natus.com\/es\/wp-json\/wp\/v2\/tags?post=11124"}],"curies":[{"name":"wp","href":"https:\/\/api.w.org\/{rel}","templated":true}]}}