{"id":11200,"date":"2023-08-30T15:47:52","date_gmt":"2023-08-30T15:47:52","guid":{"rendered":"https:\/\/natus.com\/neuro\/natus-sleepworks-v44-psg-diagnostic-system\/"},"modified":"2026-01-29T19:30:18","modified_gmt":"2026-01-29T19:30:18","slug":"sistema-de-diagnostico-de-psg-natus-sleepworks-v44","status":"publish","type":"page","link":"https:\/\/natus.com\/es\/neuro\/sistema-de-diagnostico-de-psg-natus-sleepworks-v44\/","title":{"rendered":"Sistema de diagn\u00f3stico de PSG Natus\u00ae SleepWorks\u2122 v44"},"content":{"rendered":"","protected":false},"excerpt":{"rendered":"","protected":false},"author":3,"featured_media":0,"parent":10464,"menu_order":0,"comment_status":"closed","ping_status":"closed","template":"templates\/page-neuro-solutions-product-landing.php","meta":{"_acf_changed":false,"footnotes":""},"categories":[173],"tags":[243],"class_list":["post-11200","page","type-page","status-publish","hentry","category-psg-polisomnografia-es","tag-pruebas-laboratorio-es"],"acf":{"content_blocks":[{"acf_fc_layout":"spacer","_acfe_flexible_layout_title":null,"_acfe_flexible_toggle":null,"spacer":{"module_options":{"":null,"module_id":"n651450dc7c23d","module_class":"","module_background_type":"color","module_background_color":"#00aaa7","module_background_image":false,"module_background_video":"","activate_custom_padding":false,"padding_top_desktop":"0","padding_top_tablet":"0","padding_top_mobile":"0","padding_bottom_desktop":"0","padding_bottom_tablet":"0","padding_bottom_mobile":"0","activate_custom_margin":false,"margin_top_desktop":"0","margin_top_tablet":"0","margin_top_mobile":"0","margin_bottom_desktop":"0","margin_bottom_tablet":"0","margin_bottom_mobile":"0","disable_on":[],"content_alignment_desktop":"left","content_alignment_tablet":"left","content_alignment_mobile":"left"},"height":"270"}},{"acf_fc_layout":"intro_with_sticky_image","_acfe_flexible_layout_title":null,"_acfe_flexible_toggle":null,"left_content_right_image_sticky":{"module_options":{"":null,"module_id":"n651450dc837b2","module_class":"","module_background_type":"color","module_background_color":"#f1f1f1","module_background_image":false,"module_background_video":"","activate_custom_padding":false,"padding_top_desktop":"0","padding_top_tablet":"0","padding_top_mobile":"0","padding_bottom_desktop":"0","padding_bottom_tablet":"0","padding_bottom_mobile":"0","activate_custom_margin":false,"margin_top_desktop":"0","margin_top_tablet":"0","margin_top_mobile":"0","margin_bottom_desktop":"0","margin_bottom_tablet":"0","margin_bottom_mobile":"0","disable_on":[],"content_alignment_desktop":"left","content_alignment_tablet":"left","content_alignment_mobile":"left"},"":null,"title":"Sistema de diagn\u00f3stico de PSG Natus\u00ae SleepWorks\u2122 v44","subheader":"<p>El sistema de diagn\u00f3stico del sue\u00f1o SleepWorks totalmente equipado con el amplificador V44 desempe\u00f1a un papel importante en el diagn\u00f3stico de trastornos del sue\u00f1o. Este completo paquete de diagn\u00f3stico est\u00e1 dise\u00f1ado para satisfacer las necesidades de las cl\u00ednicas privadas, cl\u00ednicas del sue\u00f1o, hospitales y grandes centros de ense\u00f1anza, y permite el cumplimiento por parte del laboratorio de las directrices m\u00e1s recientes publicadas por la Academia Americana de Medicina del Sue\u00f1o (AASM).<\/p>\n<p>&nbsp;<\/p>\n<p>Desde el inicio de un estudio con datos demogr\u00e1ficos del paciente que se cumplimentan autom\u00e1ticamente mediante el sistema de expedientes m\u00e9dicos electr\u00f3nicos de las instalaciones hasta la valoraci\u00f3n de las terapias avanzadas de hoy en d\u00eda, este sistema ser\u00e1 capaz de satisfacer la demandas de cualquier PSG. A pesar de la fiabilidad y flexibilidad de la gesti\u00f3n de los datos, sus funciones para adquirir y revisar estudios son la base de una soluci\u00f3n cibersegura que simplifica el diagn\u00f3stico del sue\u00f1o.<\/p>\n<p>&nbsp;<\/p>\n<p><strong>Caracter\u00edsticas principales:<\/strong><\/p>\n<ul>\n<li>Configuraci\u00f3n, recogida, revisi\u00f3n y an\u00e1lisis de datos sencilla, y f\u00e1cil elaboraci\u00f3n de informes<\/li>\n<li>Facilidad para iniciar estudios desde la base de datos integrada<\/li>\n<li>Gracias al uso de soluciones de red avanzadas, es posible transmitir los datos desde la habitaci\u00f3n de un paciente a cualquier sistema de adquisici\u00f3n<\/li>\n<li>Funciones de seguridad mejoradas<\/li>\n<\/ul>\n<p><span style=\"font-size: 11px;\">No disponible en todos los pa\u00edses. P\u00f3ngase en contacto con su representante de ventas local para conocer la disponibilidad.<\/span><\/p>\n","icons":[{"icon":{"ID":2247,"id":2247,"title":"icon-channels","filename":"icon-channels.png","filesize":1062,"url":"https:\/\/natus.com\/wp-content\/uploads\/icon-channels.png","link":"https:\/\/natus.com\/es\/neuro\/icon-channels-2\/","alt":"Icon - Channels","author":"2","description":"","caption":"","name":"icon-channels-2","status":"inherit","uploaded_to":10464,"date":"2023-09-07 23:18:48","modified":"2024-07-29 21:18:55","menu_order":0,"mime_type":"image\/png","type":"image","subtype":"png","icon":"https:\/\/natus.com\/wp-includes\/images\/media\/default.png","width":58,"height":43,"sizes":{"thumbnail":"https:\/\/natus.com\/wp-content\/uploads\/icon-channels.png","thumbnail-width":58,"thumbnail-height":43,"medium":"https:\/\/natus.com\/wp-content\/uploads\/icon-channels.png","medium-width":58,"medium-height":43,"medium_large":"https:\/\/natus.com\/wp-content\/uploads\/icon-channels.png","medium_large-width":58,"medium_large-height":43,"large":"https:\/\/natus.com\/wp-content\/uploads\/icon-channels.png","large-width":58,"large-height":43,"1536x1536":"https:\/\/natus.com\/wp-content\/uploads\/icon-channels.png","1536x1536-width":58,"1536x1536-height":43,"2048x2048":"https:\/\/natus.com\/wp-content\/uploads\/icon-channels.png","2048x2048-width":58,"2048x2048-height":43}},"icon_description":"44 Canales"},{"icon":{"ID":2228,"id":2228,"title":"icon-feature","filename":"icon-feature.png","filesize":1408,"url":"https:\/\/natus.com\/wp-content\/uploads\/icon-feature.png","link":"https:\/\/natus.com\/es\/neuro\/emg-portatil-dantec-clavis\/icon-feature-2\/","alt":"star","author":"2","description":"Icon - Star","caption":"","name":"icon-feature-2","status":"inherit","uploaded_to":8545,"date":"2023-09-07 22:27:26","modified":"2024-07-29 21:19:16","menu_order":0,"mime_type":"image\/png","type":"image","subtype":"png","icon":"https:\/\/natus.com\/wp-includes\/images\/media\/default.png","width":43,"height":41,"sizes":{"thumbnail":"https:\/\/natus.com\/wp-content\/uploads\/icon-feature.png","thumbnail-width":43,"thumbnail-height":41,"medium":"https:\/\/natus.com\/wp-content\/uploads\/icon-feature.png","medium-width":43,"medium-height":41,"medium_large":"https:\/\/natus.com\/wp-content\/uploads\/icon-feature.png","medium_large-width":43,"medium_large-height":41,"large":"https:\/\/natus.com\/wp-content\/uploads\/icon-feature.png","large-width":43,"large-height":41,"1536x1536":"https:\/\/natus.com\/wp-content\/uploads\/icon-feature.png","1536x1536-width":43,"1536x1536-height":41,"2048x2048":"https:\/\/natus.com\/wp-content\/uploads\/icon-feature.png","2048x2048-width":43,"2048x2048-height":41}},"icon_description":"Revisi\u00f3n Y <br \/>\r\nControl <br \/>\r\nRemotos"},{"icon":{"ID":2435,"id":2435,"title":"icon-options","filename":"icon-options.png","filesize":1971,"url":"https:\/\/natus.com\/wp-content\/uploads\/icon-options.png","link":"https:\/\/natus.com\/es\/neuro\/icon-options-2\/","alt":"Icon - Multi Option","author":"2","description":"","caption":"","name":"icon-options-2","status":"inherit","uploaded_to":10464,"date":"2023-09-08 17:24:45","modified":"2024-07-29 21:17:09","menu_order":0,"mime_type":"image\/png","type":"image","subtype":"png","icon":"https:\/\/natus.com\/wp-includes\/images\/media\/default.png","width":47,"height":47,"sizes":{"thumbnail":"https:\/\/natus.com\/wp-content\/uploads\/icon-options.png","thumbnail-width":47,"thumbnail-height":47,"medium":"https:\/\/natus.com\/wp-content\/uploads\/icon-options.png","medium-width":47,"medium-height":47,"medium_large":"https:\/\/natus.com\/wp-content\/uploads\/icon-options.png","medium_large-width":47,"medium_large-height":47,"large":"https:\/\/natus.com\/wp-content\/uploads\/icon-options.png","large-width":47,"large-height":47,"1536x1536":"https:\/\/natus.com\/wp-content\/uploads\/icon-options.png","1536x1536-width":47,"1536x1536-height":47,"2048x2048":"https:\/\/natus.com\/wp-content\/uploads\/icon-options.png","2048x2048-width":47,"2048x2048-height":47}},"icon_description":"Multimodalidad"}],"quick_navigation":[{"quick_link":{"type":"url","value":"#contact-neuro","url":"#contact-neuro","name":"#contact-neuro","title":"Contactarnos ","target":""}},{"quick_link":{"type":"url","value":"#n651450dc8c30e","url":"#n651450dc8c30e","name":"#n651450dc8c30e","title":"Explore m\u00e1s detalles","target":""}}],"description":"","message_label":"Servicio y Soporte","message_title":"\u00bfBusca un servicio de neuro productos o asistencia t\u00e9cnica?","message_link":{"type":"post","value":"8369","url":"https:\/\/natus.com\/es\/soporte\/","name":"Servicio y Soporte","title":"Servicio y soporte de Natus","target":""},"right_sticky_image":{"ID":4571,"id":4571,"title":"NicoletOne v44 Sleep System Main Product Photo - 500x850","filename":"NicoletOne-v44-Sleep-System-Main-Product-Photo-500x850-1.png","filesize":289293,"url":"https:\/\/natus.com\/wp-content\/uploads\/NicoletOne-v44-Sleep-System-Main-Product-Photo-500x850-1.png","link":"https:\/\/natus.com\/es\/neuro\/nicoletone-v44-sleep-system-main-product-photo-500x850-2\/","alt":"NicoletOne\u2122 v44 Sleep Diagnostic System","author":"2","description":"","caption":"","name":"nicoletone-v44-sleep-system-main-product-photo-500x850-2","status":"inherit","uploaded_to":10464,"date":"2023-09-15 01:38:43","modified":"2024-07-29 20:20:59","menu_order":0,"mime_type":"image\/png","type":"image","subtype":"png","icon":"https:\/\/natus.com\/wp-includes\/images\/media\/default.png","width":500,"height":850,"sizes":{"thumbnail":"https:\/\/natus.com\/wp-content\/uploads\/NicoletOne-v44-Sleep-System-Main-Product-Photo-500x850-1.png","thumbnail-width":56,"thumbnail-height":96,"medium":"https:\/\/natus.com\/wp-content\/uploads\/NicoletOne-v44-Sleep-System-Main-Product-Photo-500x850-1.png","medium-width":500,"medium-height":850,"medium_large":"https:\/\/natus.com\/wp-content\/uploads\/NicoletOne-v44-Sleep-System-Main-Product-Photo-500x850-1.png","medium_large-width":500,"medium_large-height":850,"large":"https:\/\/natus.com\/wp-content\/uploads\/NicoletOne-v44-Sleep-System-Main-Product-Photo-500x850-1.png","large-width":500,"large-height":850,"1536x1536":"https:\/\/natus.com\/wp-content\/uploads\/NicoletOne-v44-Sleep-System-Main-Product-Photo-500x850-1.png","1536x1536-width":500,"1536x1536-height":850,"2048x2048":"https:\/\/natus.com\/wp-content\/uploads\/NicoletOne-v44-Sleep-System-Main-Product-Photo-500x850-1.png","2048x2048-width":500,"2048x2048-height":850}}}},{"acf_fc_layout":"product_information","_acfe_flexible_layout_title":null,"_acfe_flexible_toggle":null,"left_accordion_right_image_landing":{"module_options":{"":null,"module_id":"n651450dc8c30e","module_class":"","module_background_type":"color","module_background_color":"#f1f1f1","module_background_image":false,"module_background_video":"","activate_custom_padding":false,"padding_top_desktop":"0","padding_top_tablet":"0","padding_top_mobile":"0","padding_bottom_desktop":"0","padding_bottom_tablet":"0","padding_bottom_mobile":"0","activate_custom_margin":false,"margin_top_desktop":"0","margin_top_tablet":"0","margin_top_mobile":"0","margin_bottom_desktop":"0","margin_bottom_tablet":"0","margin_bottom_mobile":"0","disable_on":[],"content_alignment_desktop":"left","content_alignment_tablet":"left","content_alignment_mobile":"left"},"intro":"Informaci\u00f3n del Producto","description":"","accordion":[{"title":"Hardware","accordion_content":[{"acf_fc_layout":"full_content","accordion_description":"<ul>\n<li>Amplificador de 44 canales; 24 referenciales, 8 bipolares\/referenciales intercambiables; 12 de CC, 3 SpO<sub>2<\/sub><\/li>\n<li>Velocidad de muestreo de hasta 2 kHz<\/li>\n<li>Ancho de banda de 0,053 a 500 Hz<\/li>\n<li>SpO<sub>2<\/sub>\u00a0integrada<\/li>\n<li>Verificaci\u00f3n de impedancia desde la caja amplificadora o el software<\/li>\n<\/ul>\n"}]},{"title":"Software","accordion_content":[{"acf_fc_layout":"full_content","accordion_description":"<p>El\u00a0<a href=\"https:\/\/natus.com\/es\/neuro\/software-de-psg-natus-sleepworks\/\">Software Natus SleepWorks<\/a>\u00a0es una soluci\u00f3n de diagn\u00f3stico para el sue\u00f1o amplia, flexible y robusta que simplifica la configuraci\u00f3n, recopilaci\u00f3n, revisi\u00f3n, an\u00e1lisis y elaboraci\u00f3n de informes en exhaustivos estudios del sue\u00f1o. Su eficiencia se ha optimizando gracias al uso de interfaces HL7 para el intercambio de datos bidireccional con sistemas de expedientes m\u00e9dicos electr\u00f3nicos. Los datos de v\u00eddeo y PSG pueden analizarse y revisarse mientras se recopila el estudio.<\/p>\n<ul>\n<li>Pantalla de notificaciones<\/li>\n<li>Cumple con las directrices de la American Academy of Sleep Medicine<\/li>\n<li>Herramientas avanzadas\n<ul>\n<li>Bucle de volumen de flujo<\/li>\n<li>XactTrace<sup>\u2122<\/sup>\u00a0\u2013 XFlow<sup>\u2122<\/sup>, XSum<sup>\u2122<\/sup>, Phase, RMI, XVolume y canales de frecuencia respiratoria<\/li>\n<li>An\u00e1lisis qEEG<\/li>\n<li>Marcaje automatizado de eventos<\/li>\n<\/ul>\n<\/li>\n<li>Transmita los datos directamente a un servidor para que sigan siendo fiables y est\u00e9n seguros<\/li>\n<li>Importaci\u00f3n\/Exportaci\u00f3n de EDF\/EDF+<\/li>\n<li>Seguridad basada en roles con integraci\u00f3n de Active Directory<\/li>\n<li>Socio de Citrix<sup>\u00ae<\/sup>\u00a0Ready<\/li>\n<li>Admite el cifrado de unidad Microsoft<sup>\u00ae<\/sup>\u00a0BitLocker<sup>\u2122<\/sup><\/li>\n<\/ul>\n"}]},{"title":"Especificaciones f\u00edsicas","accordion_content":[{"acf_fc_layout":"full_content","accordion_description":"<p><strong>Tama\u00f1o:<\/strong>\u00a0(H x A x P)<\/p>\n<ul>\n<li><strong>Amplificador v44:\u00a0\u00a0<\/strong>23 cm x 14 cm x 6 cm (9&#8243; x 5,5&#8243; x 2,25\u201d)<\/li>\n<li><strong>Caja amplificadora HB-4:<\/strong>\u00a0 16 cm x 11 cm x 2 cm\u00a0 (6,5&#8243; x 4,5&#8243; x 0,75\u201d)<\/li>\n<\/ul>\n<p><strong>Peso<\/strong>:<\/p>\n<ul>\n<li><strong>Amplificador v44:\u00a0 \u00a0<\/strong>0,82 kg (1,8 lbs)<\/li>\n<li><strong>Caja amplificadora HB-4:<\/strong>\u00a0 0,6 lbs (0,26 kg)<\/li>\n<\/ul>\n"}]},{"title":"Suministros","accordion_content":[{"acf_fc_layout":"full_content","accordion_description":"<p>Natus Neuro ofrece una l\u00ednea completa de suministros para satisfacer cualquier tipo de diagn\u00f3stico del sue\u00f1o.<\/p>\n<p><img loading=\"lazy\" decoding=\"async\" class=\"size-full wp-image-4409 aligncenter\" src=\"https:\/\/natus.com\/wp-content\/uploads\/PSG-Supplies_500w.png\" alt=\"Natus sleep supplies for PSG testing\" width=\"500\" height=\"161\" \/><\/p>\n<ul>\n<li>Electrodos de copa dorados Grass<sup>\u00ae<\/sup>\u00a0Genuine<\/li>\n<li>Electrodos de copa Grass desechables<\/li>\n<li>Cinturones para medir el esfuerzo respiratorio Embla<sup>\u00ae<\/sup>\u00a0XactTrace<sup>\u00ae<\/sup>\n<ul>\n<li>Reutilizables<\/li>\n<li>Desechables<\/li>\n<li>A medida<\/li>\n<\/ul>\n<\/li>\n<li>Sensores fisiol\u00f3gicos<\/li>\n<li>C\u00e1nulas<\/li>\n<li>Electrodos a presi\u00f3n y cables<\/li>\n<li>Geles y cremas conductivos para los electrodos<\/li>\n<li>C\u00f3modo portal en l\u00ednea &#8211; <a href=\"https:\/\/natusmedicalstore.com\/\">Natus Medical Store<\/a> (disponible en algunos mercados)<\/li>\n<\/ul>\n"}]}],"image_left":false}},{"acf_fc_layout":"related_products","_acfe_flexible_layout_title":null,"_acfe_flexible_toggle":null,"tiles_3_columns_landing":{"module_options":{"":null,"module_id":"n651450dc967cf","module_class":"","module_background_type":"color","module_background_color":"#f1f1f1","module_background_image":false,"module_background_video":"","activate_custom_padding":false,"padding_top_desktop":"0","padding_top_tablet":"0","padding_top_mobile":"0","padding_bottom_desktop":"0","padding_bottom_tablet":"0","padding_bottom_mobile":"0","activate_custom_margin":false,"margin_top_desktop":"0","margin_top_tablet":"0","margin_top_mobile":"0","margin_bottom_desktop":"0","margin_bottom_tablet":"0","margin_bottom_mobile":"0","disable_on":[],"content_alignment_desktop":"left","content_alignment_tablet":"left","content_alignment_mobile":"left"},"intro_text":"Productos Neuro Relacionados","intro_text_color":"#005e63","intro_link":{"type":"post","value":"8356","url":"https:\/\/natus.com\/es\/productos-neuro\/","name":"Productos Neuro","title":"Ver todos los productos Neuro","target":""},"tiles":[{"label":"Pruebas en laboratorio","label_background_color":"#154284","image":{"ID":3560,"id":3560,"title":"Embla NDx Related Product Photo_500x400","filename":"Embla-NDx-Related-Product-500x400-1.png","filesize":198301,"url":"https:\/\/natus.com\/wp-content\/uploads\/Embla-NDx-Related-Product-500x400-1.png","link":"https:\/\/natus.com\/es\/productos-neuro\/embla-ndx-related-product-photo_500x400-2\/","alt":"Embla NDx","author":"2","description":"","caption":"","name":"embla-ndx-related-product-photo_500x400-2","status":"inherit","uploaded_to":8356,"date":"2023-09-12 04:05:25","modified":"2024-07-29 20:58:28","menu_order":0,"mime_type":"image\/png","type":"image","subtype":"png","icon":"https:\/\/natus.com\/wp-includes\/images\/media\/default.png","width":500,"height":400,"sizes":{"thumbnail":"https:\/\/natus.com\/wp-content\/uploads\/Embla-NDx-Related-Product-500x400-1.png","thumbnail-width":120,"thumbnail-height":96,"medium":"https:\/\/natus.com\/wp-content\/uploads\/Embla-NDx-Related-Product-500x400-1.png","medium-width":500,"medium-height":400,"medium_large":"https:\/\/natus.com\/wp-content\/uploads\/Embla-NDx-Related-Product-500x400-1.png","medium_large-width":500,"medium_large-height":400,"large":"https:\/\/natus.com\/wp-content\/uploads\/Embla-NDx-Related-Product-500x400-1.png","large-width":500,"large-height":400,"1536x1536":"https:\/\/natus.com\/wp-content\/uploads\/Embla-NDx-Related-Product-500x400-1.png","1536x1536-width":500,"1536x1536-height":400,"2048x2048":"https:\/\/natus.com\/wp-content\/uploads\/Embla-NDx-Related-Product-500x400-1.png","2048x2048-width":500,"2048x2048-height":400}},"title":"Amplificador de PSG NDx Natus\u00ae Embla\u00ae ","link":{"type":"post","value":"10084","url":"https:\/\/natus.com\/es\/neuro\/amplificador-de-psg-ndx-natus-embla\/","name":"Amplificador de PSG NDx Natus\u00ae Embla\u00ae","title":"Saber M\u00e1s","target":""}},{"label":"Pruebas en laboratorio","label_background_color":"#154284","image":{"ID":3545,"id":3545,"title":"Embletta Related Product Photo_500x400","filename":"Embletta-Related-Product-Photo_500x400.png","filesize":148924,"url":"https:\/\/natus.com\/wp-content\/uploads\/Embletta-Related-Product-Photo_500x400.png","link":"https:\/\/natus.com\/es\/neuro\/polisomnografia-psg\/pruebas-sueno-fuera-laboratorio\/embletta-related-product-photo_500x400-2\/","alt":"Embletta MPR","author":"2","description":"","caption":"","name":"embletta-related-product-photo_500x400-2","status":"inherit","uploaded_to":12689,"date":"2023-09-12 04:03:33","modified":"2024-07-29 20:58:34","menu_order":0,"mime_type":"image\/png","type":"image","subtype":"png","icon":"https:\/\/natus.com\/wp-includes\/images\/media\/default.png","width":500,"height":400,"sizes":{"thumbnail":"https:\/\/natus.com\/wp-content\/uploads\/Embletta-Related-Product-Photo_500x400.png","thumbnail-width":120,"thumbnail-height":96,"medium":"https:\/\/natus.com\/wp-content\/uploads\/Embletta-Related-Product-Photo_500x400.png","medium-width":500,"medium-height":400,"medium_large":"https:\/\/natus.com\/wp-content\/uploads\/Embletta-Related-Product-Photo_500x400.png","medium_large-width":500,"medium_large-height":400,"large":"https:\/\/natus.com\/wp-content\/uploads\/Embletta-Related-Product-Photo_500x400.png","large-width":500,"large-height":400,"1536x1536":"https:\/\/natus.com\/wp-content\/uploads\/Embletta-Related-Product-Photo_500x400.png","1536x1536-width":500,"1536x1536-height":400,"2048x2048":"https:\/\/natus.com\/wp-content\/uploads\/Embletta-Related-Product-Photo_500x400.png","2048x2048-width":500,"2048x2048-height":400}},"title":"Sistema de sue\u00f1o Embletta\u00ae MPR ","link":{"type":"post","value":"10903","url":"https:\/\/natus.com\/es\/neuro\/sistema-de-sueno-embletta-mpr\/","name":"Sistema de sue\u00f1o Embletta\u00ae MPR","title":"Saber M\u00e1s","target":""}},{"label":"Pruebas del sue\u00f1o fuera del laboratorio","label_background_color":"#154284","image":{"ID":3679,"id":3679,"title":"Trex HDM Related Product Photo_500x400","filename":"Trex-HDM-Related-Products-Image_500x400.png","filesize":232655,"url":"https:\/\/natus.com\/wp-content\/uploads\/Trex-HDM-Related-Products-Image_500x400.png","link":"https:\/\/natus.com\/es\/neuro\/trex-hdm-related-product-photo_500x400-2\/","alt":"Trex HDM ","author":"2","description":"","caption":"","name":"trex-hdm-related-product-photo_500x400-2","status":"inherit","uploaded_to":10464,"date":"2023-09-12 18:44:25","modified":"2024-07-29 20:56:20","menu_order":0,"mime_type":"image\/png","type":"image","subtype":"png","icon":"https:\/\/natus.com\/wp-includes\/images\/media\/default.png","width":500,"height":400,"sizes":{"thumbnail":"https:\/\/natus.com\/wp-content\/uploads\/Trex-HDM-Related-Products-Image_500x400.png","thumbnail-width":120,"thumbnail-height":96,"medium":"https:\/\/natus.com\/wp-content\/uploads\/Trex-HDM-Related-Products-Image_500x400.png","medium-width":500,"medium-height":400,"medium_large":"https:\/\/natus.com\/wp-content\/uploads\/Trex-HDM-Related-Products-Image_500x400.png","medium_large-width":500,"medium_large-height":400,"large":"https:\/\/natus.com\/wp-content\/uploads\/Trex-HDM-Related-Products-Image_500x400.png","large-width":500,"large-height":400,"1536x1536":"https:\/\/natus.com\/wp-content\/uploads\/Trex-HDM-Related-Products-Image_500x400.png","1536x1536-width":500,"1536x1536-height":400,"2048x2048":"https:\/\/natus.com\/wp-content\/uploads\/Trex-HDM-Related-Products-Image_500x400.png","2048x2048-width":500,"2048x2048-height":400}},"title":"Sistema de EEG ambulatorio con v\u00eddeo continuo Trex\u2122 HD","link":{"type":"post","value":"9774","url":"https:\/\/natus.com\/es\/neuro\/sistema-eeg-ambulatorio-video-continuo-trex-hd\/","name":"Sistema de EEG ambulatorio con v\u00eddeo continuo Trex\u2122 HD","title":"Saber M\u00e1s","target":""}}]}},{"acf_fc_layout":"contact_form","_acfe_flexible_layout_title":null,"_acfe_flexible_toggle":null,"contact_form_landing":{"module_options":{"":null,"module_id":"contact-neuro","module_class":"","module_background_type":"color","module_background_color":"#f1f1f1","module_background_image":false,"module_background_video":"","activate_custom_padding":false,"padding_top_desktop":"0","padding_top_tablet":"0","padding_top_mobile":"0","padding_bottom_desktop":"0","padding_bottom_tablet":"0","padding_bottom_mobile":"0","activate_custom_margin":false,"margin_top_desktop":"0","margin_top_tablet":"0","margin_top_mobile":"0","margin_bottom_desktop":"0","margin_bottom_tablet":"0","margin_bottom_mobile":"0","disable_on":[],"content_alignment_desktop":"left","content_alignment_tablet":"left","content_alignment_mobile":"left"},"":null,"activate_intro":true,"intro_text":"P\u00f3ngase en contacto con su representante Natus","intro_text_color":"#005e63","intro_link":null,"activate_description":true,"description_title":"","description_copy":"Para obtener m\u00e1s informaci\u00f3n sobre este o cualquier producto, env\u00edenos un mensaje a trav\u00e9s del siguiente formulario.","embed_code":"<script charset=\"utf-8\" type=\"text\/javascript\" src=\"\/\/js.hsforms.net\/forms\/embed\/v2.js\"><\/script>\r\n<script>\r\n  hbspt.forms.create({\r\n    region: \"na1\",\r\n    portalId: \"3002890\",\r\n    formId: \"19994ddf-5157-44b4-99ac-309f46ef293a\"\r\n  });\r\n<\/script>"}},{"acf_fc_layout":"simple_content","_acfe_flexible_layout_title":null,"_acfe_flexible_toggle":null,"content_full_width_landing":{"module_options":{"":null,"module_id":"n651450dca4bdd","module_class":"","module_background_type":"color","module_background_color":"","module_background_image":false,"module_background_video":"","activate_custom_padding":false,"padding_top_desktop":"0","padding_top_tablet":"0","padding_top_mobile":"0","padding_bottom_desktop":"0","padding_bottom_tablet":"0","padding_bottom_mobile":"0","activate_custom_margin":false,"margin_top_desktop":"0","margin_top_tablet":"0","margin_top_mobile":"0","margin_bottom_desktop":"0","margin_bottom_tablet":"0","margin_bottom_mobile":"0","disable_on":[],"content_alignment_desktop":"left","content_alignment_tablet":"left","content_alignment_mobile":"left"},"content":"<p><span style=\"font-size: 12px;\">035029 RevB1<\/span><\/p>\n"}}],"schema_markup":[{"acf_fc_layout":"schema_markup_product","_acfe_flexible_layout_title":null,"_acfe_flexible_toggle":null,"schema_markup_product":{"enable_schema":true,"":null,"device_name":"Sistema de diagn\u00f3stico de PSG Natus\u00ae SleepWorks\u2122 v44","device_image":"https:\/\/natus.com\/wp-content\/uploads\/NicoletOne-v44-Sleep-System-Main-Product-Photo-500x850-1.png","device_desc":"El sistema de diagn\u00f3stico del sue\u00f1o SleepWorks totalmente equipado con el amplificador V44 desempe\u00f1a un papel importante en el diagn\u00f3stico de trastornos del sue\u00f1o.","device_purpose":"","manufacturer_name":"Natus Medical Incorporated","manufacturer_url":"https:\/\/natus.com","brand_name":"Natus","page_url":"https:\/\/natus.com\/es\/neuro\/sistema-de-diagnostico-de-psg-natus-sleepworks-v44\/","in_language":"en","medical_specialty":["Neurologic"]}}]},"_links":{"self":[{"href":"https:\/\/natus.com\/es\/wp-json\/wp\/v2\/pages\/11200","targetHints":{"allow":["GET"]}}],"collection":[{"href":"https:\/\/natus.com\/es\/wp-json\/wp\/v2\/pages"}],"about":[{"href":"https:\/\/natus.com\/es\/wp-json\/wp\/v2\/types\/page"}],"author":[{"embeddable":true,"href":"https:\/\/natus.com\/es\/wp-json\/wp\/v2\/users\/3"}],"replies":[{"embeddable":true,"href":"https:\/\/natus.com\/es\/wp-json\/wp\/v2\/comments?post=11200"}],"version-history":[{"count":7,"href":"https:\/\/natus.com\/es\/wp-json\/wp\/v2\/pages\/11200\/revisions"}],"predecessor-version":[{"id":26111,"href":"https:\/\/natus.com\/es\/wp-json\/wp\/v2\/pages\/11200\/revisions\/26111"}],"up":[{"embeddable":true,"href":"https:\/\/natus.com\/es\/wp-json\/wp\/v2\/pages\/10464"}],"wp:attachment":[{"href":"https:\/\/natus.com\/es\/wp-json\/wp\/v2\/media?parent=11200"}],"wp:term":[{"taxonomy":"category","embeddable":true,"href":"https:\/\/natus.com\/es\/wp-json\/wp\/v2\/categories?post=11200"},{"taxonomy":"post_tag","embeddable":true,"href":"https:\/\/natus.com\/es\/wp-json\/wp\/v2\/tags?post=11200"}],"curies":[{"name":"wp","href":"https:\/\/api.w.org\/{rel}","templated":true}]}}