{"id":11252,"date":"2023-08-16T21:23:20","date_gmt":"2023-08-16T21:23:20","guid":{"rendered":"https:\/\/natus.com\/about-us\/"},"modified":"2025-03-27T16:51:33","modified_gmt":"2025-03-27T16:51:33","slug":"quienes-somos","status":"publish","type":"page","link":"https:\/\/natus.com\/es\/quienes-somos\/","title":{"rendered":"Qui\u00e9nes Somos"},"content":{"rendered":"","protected":false},"excerpt":{"rendered":"","protected":false},"author":1,"featured_media":0,"parent":0,"menu_order":0,"comment_status":"closed","ping_status":"closed","template":"","meta":{"_acf_changed":false,"footnotes":""},"categories":[],"tags":[],"class_list":["post-11252","page","type-page","status-publish","hentry"],"acf":{"content_blocks":[{"acf_fc_layout":"hero1","_acfe_flexible_toggle":"","hero_locations":{"unique_id":"n6508deb73cc20","background":{"ID":930,"id":930,"title":"locations-hero","filename":"locations-hero.jpg","filesize":249977,"url":"https:\/\/natus.com\/wp-content\/uploads\/locations-hero.jpg","link":"https:\/\/natus.com\/es\/ubicaciones\/locations-hero-2\/","alt":"","author":"1","description":"","caption":"","name":"locations-hero-2","status":"inherit","uploaded_to":8346,"date":"2023-07-30 10:59:34","modified":"2023-09-21 15:29:51","menu_order":0,"mime_type":"image\/jpeg","type":"image","subtype":"jpeg","icon":"https:\/\/natus.com\/wp-includes\/images\/media\/default.png","width":1920,"height":500,"sizes":{"thumbnail":"https:\/\/natus.com\/wp-content\/uploads\/locations-hero.jpg","thumbnail-width":128,"thumbnail-height":33,"medium":"https:\/\/natus.com\/wp-content\/uploads\/locations-hero.jpg","medium-width":1920,"medium-height":500,"medium_large":"https:\/\/natus.com\/wp-content\/uploads\/locations-hero-768x200.jpg","medium_large-width":768,"medium_large-height":200,"large":"https:\/\/natus.com\/wp-content\/uploads\/locations-hero.jpg","large-width":1920,"large-height":500,"1536x1536":"https:\/\/natus.com\/wp-content\/uploads\/locations-hero-1536x400.jpg","1536x1536-width":1536,"1536x1536-height":400,"2048x2048":"https:\/\/natus.com\/wp-content\/uploads\/locations-hero.jpg","2048x2048-width":1920,"2048x2048-height":500}},"h1":"Qui\u00e9nes Somos","description":""}},{"acf_fc_layout":"spacer","_acfe_flexible_toggle":"","spacer":{"module_options":{"":null,"module_id":"n651dd10f6d680","module_class":"","module_background_type":"color","module_background_color":"#f1f1f1","module_background_image":false,"module_background_video":"","activate_custom_padding":false,"padding_top_desktop":0,"padding_top_tablet":"","padding_top_mobile":"","padding_bottom_desktop":"","padding_bottom_tablet":"","padding_bottom_mobile":"","activate_custom_margin":false,"margin_top_desktop":"","margin_top_tablet":"","margin_top_mobile":"","margin_bottom_desktop":"","margin_bottom_tablet":"","margin_bottom_mobile":"","disable_on":[],"content_alignment_desktop":"left","content_alignment_tablet":"left","content_alignment_mobile":"left"},"height":"100"}},{"acf_fc_layout":"simple_content","_acfe_flexible_toggle":"","content_full_width_landing":{"module_options":{"":null,"module_id":"n6508e22db083b","module_class":"","module_background_type":"color","module_background_color":"rgba(0,170,167,0.9)","module_background_image":false,"module_background_video":"","activate_custom_padding":true,"padding_top_desktop":"60","padding_top_tablet":"50","padding_top_mobile":"50","padding_bottom_desktop":"60","padding_bottom_tablet":"50","padding_bottom_mobile":"50","activate_custom_margin":false,"margin_top_desktop":"0","margin_top_tablet":"0","margin_top_mobile":"0","margin_bottom_desktop":"0","margin_bottom_tablet":"0","margin_bottom_mobile":"0","disable_on":[],"content_alignment_desktop":"left","content_alignment_tablet":"left","content_alignment_mobile":"left"},"content":"<h3 style=\"text-align: left;\"><span style=\"color: #ffffff;\">Acerca de Natus <\/span><\/h3>\n"}},{"acf_fc_layout":"right_image_left_content_single_cta","_acfe_flexible_toggle":"","right_image_left_content_single_cta_landing":{"module_options":{"":null,"module_id":"n6508e22db4acf","module_class":"","module_background_type":"color","module_background_color":"","module_background_image":false,"module_background_video":"","activate_custom_padding":false,"padding_top_desktop":"0","padding_top_tablet":"0","padding_top_mobile":"0","padding_bottom_desktop":"0","padding_bottom_tablet":"0","padding_bottom_mobile":"0","activate_custom_margin":false,"margin_top_desktop":"0","margin_top_tablet":"0","margin_top_mobile":"0","margin_bottom_desktop":"0","margin_bottom_tablet":"0","margin_bottom_mobile":"0","disable_on":[],"content_alignment_desktop":"left","content_alignment_tablet":"left","content_alignment_mobile":"left"},"":null,"label":"","title":"","description":"<p><strong>Evaluando las se\u00f1ales sensoriales\u00a0<\/strong><\/p>\n<p>Los profesionales sanitarios conf\u00edan en Natus como fuente de soluciones para detectar, diagnosticar y tratar los trastornos que afectan al cerebro, las v\u00edas neuronales y los ocho sistemas nerviosos sensoriales.<\/p>\n<p>Nuestras soluciones, las mejores de su clase, incluyen servicio, asistencia t\u00e9cnica y\u00a0<a href=\"https:\/\/natus.com\/es\/educacion\/\">formaci\u00f3n<\/a> permiten a los m\u00e9dicos avanzar en su est\u00e1ndar de atenci\u00f3n, mejorando los resultados de los pacientes y la calidad de vida, en todo el mundo.<\/p>\n<p><strong><a class=\"btn-v1\" href=\"https:\/\/natus.com\/es\/neuro\/\">Soluciones Neuro<\/a>\u00a0 \u00a0<a class=\"btn-v1\" href=\"https:\/\/natus.com\/sensory\/\">Soluciones Sensory<\/a><\/strong><\/p>\n","link":null,"image":{"ID":5265,"id":5265,"title":"Natus Vision CTA Image","filename":"Natus-Vision-CTA-Image.png","filesize":291357,"url":"https:\/\/natus.com\/wp-content\/uploads\/Natus-Vision-CTA-Image.png","link":"https:\/\/natus.com\/es\/quienes-somos\/natus-vision-cta-image-2\/","alt":"Natus product areas logo","author":"2","description":"","caption":"","name":"natus-vision-cta-image-2","status":"inherit","uploaded_to":11252,"date":"2023-09-18 23:34:41","modified":"2024-07-26 17:07:28","menu_order":0,"mime_type":"image\/png","type":"image","subtype":"png","icon":"https:\/\/natus.com\/wp-includes\/images\/media\/default.png","width":800,"height":450,"sizes":{"thumbnail":"https:\/\/natus.com\/wp-content\/uploads\/Natus-Vision-CTA-Image.png","thumbnail-width":128,"thumbnail-height":72,"medium":"https:\/\/natus.com\/wp-content\/uploads\/Natus-Vision-CTA-Image.png","medium-width":800,"medium-height":450,"medium_large":"https:\/\/natus.com\/wp-content\/uploads\/Natus-Vision-CTA-Image-768x432.png","medium_large-width":768,"medium_large-height":432,"large":"https:\/\/natus.com\/wp-content\/uploads\/Natus-Vision-CTA-Image.png","large-width":800,"large-height":450,"1536x1536":"https:\/\/natus.com\/wp-content\/uploads\/Natus-Vision-CTA-Image.png","1536x1536-width":800,"1536x1536-height":450,"2048x2048":"https:\/\/natus.com\/wp-content\/uploads\/Natus-Vision-CTA-Image.png","2048x2048-width":800,"2048x2048-height":450}},"activate_image_caption":false,"image_caption_description":""}},{"acf_fc_layout":"simple_content","_acfe_flexible_toggle":"","content_full_width_landing":{"module_options":{"":null,"module_id":"n6508deb75af18","module_class":"","module_background_type":"color","module_background_color":"rgba(0,170,167,0.9)","module_background_image":false,"module_background_video":"","activate_custom_padding":true,"padding_top_desktop":"60","padding_top_tablet":"50","padding_top_mobile":"50","padding_bottom_desktop":"60","padding_bottom_tablet":"50","padding_bottom_mobile":"50","activate_custom_margin":false,"margin_top_desktop":"0","margin_top_tablet":"0","margin_top_mobile":"0","margin_bottom_desktop":"0","margin_bottom_tablet":"0","margin_bottom_mobile":"0","disable_on":[],"content_alignment_desktop":"left","content_alignment_tablet":"left","content_alignment_mobile":"left"},"content":"<h3><span style=\"color: #ffffff;\">Nuestro Enfoque<\/span><\/h3>\n"}},{"acf_fc_layout":"simple_content","_acfe_flexible_toggle":"","content_full_width_landing":{"module_options":{"":null,"module_id":"n6508deb760846","module_class":"","module_background_type":"color","module_background_color":"","module_background_image":false,"module_background_video":"","activate_custom_padding":false,"padding_top_desktop":"0","padding_top_tablet":"0","padding_top_mobile":"0","padding_bottom_desktop":"0","padding_bottom_tablet":"0","padding_bottom_mobile":"0","activate_custom_margin":false,"margin_top_desktop":"0","margin_top_tablet":"0","margin_top_mobile":"0","margin_bottom_desktop":"0","margin_bottom_tablet":"0","margin_bottom_mobile":"0","disable_on":[],"content_alignment_desktop":"left","content_alignment_tablet":"left","content_alignment_mobile":"left"},"content":"<p><strong>Marcar la diferencia para pacientes y proveedores<\/strong><\/p>\n<p>Nos inspiran los resultados positivos en los pacientes y nos comprometemos a ayudar a los profesionales sanitarios de todo el mundo a confiar en su capacidad para lograr esos resultados. Por eso ponemos a los m\u00e9dicos en primer lugar a la hora de considerar y desarrollar cada una de las soluciones que ofrecemos.<\/p>\n<p>Los comentarios de los m\u00e9dicos reales nos ayudan a innovar para superar los retos sanitarios actuales y anticiparnos a las necesidades de los profesionales en los pr\u00f3ximos a\u00f1os. Fomentando las relaciones a largo plazo y una mejor educaci\u00f3n en nuestros campos, podemos compartir conocimientos y crear avances significativos.<\/p>\n<p>Como l\u00edderes del sector, reconocemos nuestra responsabilidad de tener un impacto econ\u00f3mico, social y medioambiental positivo al tiempo que avanzamos en nuestra misi\u00f3n. <a href=\"https:\/\/natus.com\/es\/quienes-somos\/esg\/\">Haga clic aqu\u00ed para obtener m\u00e1s informaci\u00f3n sobre nuestras pr\u00e1cticas medioambientales, sociales y de gobernanza.<\/a><\/p>\n"}},{"acf_fc_layout":"video_modal","_acfe_flexible_toggle":"","video_modal":{"module_options":{"":null,"module_id":"n6508deb765dbb","module_class":"","module_background_type":"color","module_background_color":"","module_background_image":false,"module_background_video":"","activate_custom_padding":true,"padding_top_desktop":"10","padding_top_tablet":"5","padding_top_mobile":"5","padding_bottom_desktop":"60","padding_bottom_tablet":"60","padding_bottom_mobile":"60","activate_custom_margin":false,"margin_top_desktop":"0","margin_top_tablet":"0","margin_top_mobile":"0","margin_bottom_desktop":"0","margin_bottom_tablet":"0","margin_bottom_mobile":"0","disable_on":[],"content_alignment_desktop":"left","content_alignment_tablet":"left","content_alignment_mobile":"left"},"thumbnail":{"ID":11277,"id":11277,"title":"World of Difference Video Bannes - ES","filename":"World-of-Difference-Video-Bannes-ES.jpg","filesize":35880,"url":"https:\/\/natus.com\/wp-content\/uploads\/World-of-Difference-Video-Bannes-ES.jpg","link":"https:\/\/natus.com\/es\/quienes-somos\/world-of-difference-video-bannes-es\/","alt":"","author":"2","description":"","caption":"","name":"world-of-difference-video-bannes-es","status":"inherit","uploaded_to":11252,"date":"2023-10-04 21:14:41","modified":"2023-10-04 21:14:41","menu_order":0,"mime_type":"image\/jpeg","type":"image","subtype":"jpeg","icon":"https:\/\/natus.com\/wp-includes\/images\/media\/default.png","width":1280,"height":720,"sizes":{"thumbnail":"https:\/\/natus.com\/wp-content\/uploads\/World-of-Difference-Video-Bannes-ES.jpg","thumbnail-width":128,"thumbnail-height":72,"medium":"https:\/\/natus.com\/wp-content\/uploads\/World-of-Difference-Video-Bannes-ES.jpg","medium-width":1280,"medium-height":720,"medium_large":"https:\/\/natus.com\/wp-content\/uploads\/World-of-Difference-Video-Bannes-ES-768x432.jpg","medium_large-width":768,"medium_large-height":432,"large":"https:\/\/natus.com\/wp-content\/uploads\/World-of-Difference-Video-Bannes-ES.jpg","large-width":1280,"large-height":720,"1536x1536":"https:\/\/natus.com\/wp-content\/uploads\/World-of-Difference-Video-Bannes-ES.jpg","1536x1536-width":1280,"1536x1536-height":720,"2048x2048":"https:\/\/natus.com\/wp-content\/uploads\/World-of-Difference-Video-Bannes-ES.jpg","2048x2048-width":1280,"2048x2048-height":720}},"thumbnail_size":"auto","source":"youtube","youtube_video_id":"tjYorpZme60","vimeo_video_id":""}},{"acf_fc_layout":"simple_content","_acfe_flexible_toggle":"","content_full_width_landing":{"module_options":{"":null,"module_id":"n6514377f5493c","module_class":"","module_background_type":"color","module_background_color":"rgba(0,170,167,0.9)","module_background_image":false,"module_background_video":"","activate_custom_padding":true,"padding_top_desktop":"60","padding_top_tablet":"50","padding_top_mobile":"50","padding_bottom_desktop":"60","padding_bottom_tablet":"50","padding_bottom_mobile":"50","activate_custom_margin":false,"margin_top_desktop":"0","margin_top_tablet":"0","margin_top_mobile":"0","margin_bottom_desktop":"0","margin_bottom_tablet":"0","margin_bottom_mobile":"0","disable_on":[],"content_alignment_desktop":"left","content_alignment_tablet":"left","content_alignment_mobile":"left"},"content":"<h3><span style=\"color: #ffffff;\">Patrimonio e Historia<\/span><\/h3>\n"}},{"acf_fc_layout":"simple_content","_acfe_flexible_toggle":"","content_full_width_landing":{"module_options":{"":null,"module_id":"n6508deb77388e","module_class":"","module_background_type":"color","module_background_color":"","module_background_image":false,"module_background_video":"","activate_custom_padding":false,"padding_top_desktop":"0","padding_top_tablet":"0","padding_top_mobile":"0","padding_bottom_desktop":"0","padding_bottom_tablet":"0","padding_bottom_mobile":"0","activate_custom_margin":false,"margin_top_desktop":"0","margin_top_tablet":"0","margin_top_mobile":"0","margin_bottom_desktop":"0","margin_bottom_tablet":"0","margin_bottom_mobile":"0","disable_on":[],"content_alignment_desktop":"left","content_alignment_tablet":"left","content_alignment_mobile":"left"},"content":"<p><strong>Nuestro legado ha logrado avances en la atenci\u00f3n\u00a0<\/strong><\/p>\n<p>Natus ha sido l\u00edder y pionera en tecnolog\u00eda, comprometida con elevar el nivel de la atenci\u00f3n al paciente.<\/p>\n<p>Durante m\u00e1s de 80 a\u00f1os, hemos seguido buscando e innovando en las tecnolog\u00edas m\u00e1s avanzadas para cumplir nuestra misi\u00f3n, creando las mejores soluciones para los m\u00e9dicos de todo el mundo.<\/p>\n<p><img loading=\"lazy\" decoding=\"async\" class=\"wp-image-6827 aligncenter\" src=\"https:\/\/natus.com\/wp-content\/uploads\/Timeline-About-us-transparent.png\" alt=\"Natus Medical has a longstanding history of advancing care\" width=\"967\" height=\"664\" srcset=\"https:\/\/natus.com\/wp-content\/uploads\/Timeline-About-us-transparent.png 2048w, https:\/\/natus.com\/wp-content\/uploads\/Timeline-About-us-transparent-768x528.png 768w, https:\/\/natus.com\/wp-content\/uploads\/Timeline-About-us-transparent-1536x1055.png 1536w\" sizes=\"auto, (max-width: 967px) 100vw, 967px\" \/><\/p>\n<p>&nbsp;<\/p>\n"}},{"acf_fc_layout":"simple_content","_acfe_flexible_toggle":"","content_full_width_landing":{"module_options":{"":null,"module_id":"n6508deb779400","module_class":"","module_background_type":"color","module_background_color":"rgba(0,170,167,0.9)","module_background_image":false,"module_background_video":"","activate_custom_padding":true,"padding_top_desktop":"60","padding_top_tablet":"50","padding_top_mobile":"50","padding_bottom_desktop":"60","padding_bottom_tablet":"50","padding_bottom_mobile":"50","activate_custom_margin":false,"margin_top_desktop":"0","margin_top_tablet":"0","margin_top_mobile":"0","margin_bottom_desktop":"0","margin_bottom_tablet":"0","margin_bottom_mobile":"0","disable_on":[],"content_alignment_desktop":"left","content_alignment_tablet":"left","content_alignment_mobile":"left"},"content":"<h3><span style=\"color: #ffffff;\">Cultura Natus<\/span><\/h3>\n"}},{"acf_fc_layout":"right_image_left_content_single_cta","_acfe_flexible_toggle":"","right_image_left_content_single_cta_landing":{"module_options":{"":null,"module_id":"n650e1771a800b","module_class":"","module_background_type":"color","module_background_color":"","module_background_image":false,"module_background_video":"","activate_custom_padding":false,"padding_top_desktop":"0","padding_top_tablet":"0","padding_top_mobile":"0","padding_bottom_desktop":"0","padding_bottom_tablet":"0","padding_bottom_mobile":"0","activate_custom_margin":false,"margin_top_desktop":"0","margin_top_tablet":"0","margin_top_mobile":"0","margin_bottom_desktop":"0","margin_bottom_tablet":"0","margin_bottom_mobile":"0","disable_on":[],"content_alignment_desktop":"left","content_alignment_tablet":"left","content_alignment_mobile":"left"},"":null,"label":"","title":"","description":"<p><strong>Trabajar juntos para marcar la diferencia<\/strong><\/p>\n<p>Nos apasiona marcar la diferencia en la vida de las personas. No solo los pacientes y los profesionales sanitarios, sino tambi\u00e9n nuestros compa\u00f1eros de todo el mundo, cuya dedicaci\u00f3n impulsa nuestro \u00e9xito.<\/p>\n<p><a class=\"btn-v1\" href=\"https:\/\/natus.com\/careers\/\">Explorar las carreras profesionales en Natus<\/a><\/p>\n","link":null,"image":{"ID":6634,"id":6634,"title":"We are Innovators","filename":"We-are-Innovators.png","filesize":598273,"url":"https:\/\/natus.com\/wp-content\/uploads\/We-are-Innovators.png","link":"https:\/\/natus.com\/es\/carreras\/we-are-innovators-2\/","alt":"Natus R&D team member hard at work","author":"3","description":"","caption":"","name":"we-are-innovators-2","status":"inherit","uploaded_to":11270,"date":"2023-09-22 19:15:43","modified":"2024-07-26 15:46:51","menu_order":0,"mime_type":"image\/png","type":"image","subtype":"png","icon":"https:\/\/natus.com\/wp-includes\/images\/media\/default.png","width":800,"height":450,"sizes":{"thumbnail":"https:\/\/natus.com\/wp-content\/uploads\/We-are-Innovators.png","thumbnail-width":128,"thumbnail-height":72,"medium":"https:\/\/natus.com\/wp-content\/uploads\/We-are-Innovators.png","medium-width":800,"medium-height":450,"medium_large":"https:\/\/natus.com\/wp-content\/uploads\/We-are-Innovators-768x432.png","medium_large-width":768,"medium_large-height":432,"large":"https:\/\/natus.com\/wp-content\/uploads\/We-are-Innovators.png","large-width":800,"large-height":450,"1536x1536":"https:\/\/natus.com\/wp-content\/uploads\/We-are-Innovators.png","1536x1536-width":800,"1536x1536-height":450,"2048x2048":"https:\/\/natus.com\/wp-content\/uploads\/We-are-Innovators.png","2048x2048-width":800,"2048x2048-height":450}},"activate_image_caption":false,"image_caption_description":""}},{"acf_fc_layout":"left_image_right_content_single_cta","_acfe_flexible_toggle":"","left_image_right_content_single_cta_landing":{"module_options":{"":null,"module_id":"n6508deb784c41","module_class":"","module_background_type":"color","module_background_color":"","module_background_image":false,"module_background_video":"","activate_custom_padding":false,"padding_top_desktop":"0","padding_top_tablet":"0","padding_top_mobile":"0","padding_bottom_desktop":"0","padding_bottom_tablet":"0","padding_bottom_mobile":"0","activate_custom_margin":false,"margin_top_desktop":"0","margin_top_tablet":"0","margin_top_mobile":"0","margin_bottom_desktop":"0","margin_bottom_tablet":"0","margin_bottom_mobile":"0","disable_on":[],"content_alignment_desktop":"left","content_alignment_tablet":"left","content_alignment_mobile":"left"},"":null,"image":{"ID":5260,"id":5260,"title":"World of Diff Contact - 800x450","filename":"World-of-Diff-Contact-800x450-1.jpg","filesize":336308,"url":"https:\/\/natus.com\/wp-content\/uploads\/World-of-Diff-Contact-800x450-1.jpg","link":"https:\/\/natus.com\/es\/quienes-somos\/world-of-diff-contact-800x450-2\/","alt":"Doctor image","author":"2","description":"","caption":"","name":"world-of-diff-contact-800x450-2","status":"inherit","uploaded_to":11252,"date":"2023-09-18 23:22:37","modified":"2024-07-26 17:07:44","menu_order":0,"mime_type":"image\/jpeg","type":"image","subtype":"jpeg","icon":"https:\/\/natus.com\/wp-includes\/images\/media\/default.png","width":800,"height":450,"sizes":{"thumbnail":"https:\/\/natus.com\/wp-content\/uploads\/World-of-Diff-Contact-800x450-1.jpg","thumbnail-width":128,"thumbnail-height":72,"medium":"https:\/\/natus.com\/wp-content\/uploads\/World-of-Diff-Contact-800x450-1.jpg","medium-width":800,"medium-height":450,"medium_large":"https:\/\/natus.com\/wp-content\/uploads\/World-of-Diff-Contact-800x450-1-768x432.jpg","medium_large-width":768,"medium_large-height":432,"large":"https:\/\/natus.com\/wp-content\/uploads\/World-of-Diff-Contact-800x450-1.jpg","large-width":800,"large-height":450,"1536x1536":"https:\/\/natus.com\/wp-content\/uploads\/World-of-Diff-Contact-800x450-1.jpg","1536x1536-width":800,"1536x1536-height":450,"2048x2048":"https:\/\/natus.com\/wp-content\/uploads\/World-of-Diff-Contact-800x450-1.jpg","2048x2048-width":800,"2048x2048-height":450}},"activate_image_caption":false,"image_caption_icon":false,"image_caption_title":"","image_caption_description":"","label":"Contacto","title":"Marquemos la diferencia para los pacientes. ","description":"<p>Estamos aqu\u00ed para ayudar. P\u00f3ngase en contacto con un representante de Natus para obtener un c\u00f3modo servicio de atenci\u00f3n al cliente o para obtener m\u00e1s informaci\u00f3n sobre c\u00f3mo mejorar sus capacidades con nuestras soluciones l\u00edderes en la industria.<\/p>\n","link":{"type":"post","value":"8346","url":"https:\/\/natus.com\/es\/ubicaciones\/","name":"Ubicaciones","title":"P\u00f3ngase Contacto Con Nosotros","target":""}}}]},"_links":{"self":[{"href":"https:\/\/natus.com\/es\/wp-json\/wp\/v2\/pages\/11252","targetHints":{"allow":["GET"]}}],"collection":[{"href":"https:\/\/natus.com\/es\/wp-json\/wp\/v2\/pages"}],"about":[{"href":"https:\/\/natus.com\/es\/wp-json\/wp\/v2\/types\/page"}],"author":[{"embeddable":true,"href":"https:\/\/natus.com\/es\/wp-json\/wp\/v2\/users\/1"}],"replies":[{"embeddable":true,"href":"https:\/\/natus.com\/es\/wp-json\/wp\/v2\/comments?post=11252"}],"version-history":[{"count":10,"href":"https:\/\/natus.com\/es\/wp-json\/wp\/v2\/pages\/11252\/revisions"}],"predecessor-version":[{"id":21902,"href":"https:\/\/natus.com\/es\/wp-json\/wp\/v2\/pages\/11252\/revisions\/21902"}],"wp:attachment":[{"href":"https:\/\/natus.com\/es\/wp-json\/wp\/v2\/media?parent=11252"}],"wp:term":[{"taxonomy":"category","embeddable":true,"href":"https:\/\/natus.com\/es\/wp-json\/wp\/v2\/categories?post=11252"},{"taxonomy":"post_tag","embeddable":true,"href":"https:\/\/natus.com\/es\/wp-json\/wp\/v2\/tags?post=11252"}],"curies":[{"name":"wp","href":"https:\/\/api.w.org\/{rel}","templated":true}]}}