{"id":11372,"date":"2023-09-25T18:47:32","date_gmt":"2023-09-25T18:47:32","guid":{"rendered":"https:\/\/natus.com\/micromed-joins-natus\/"},"modified":"2023-10-16T21:03:32","modified_gmt":"2023-10-16T21:03:32","slug":"micromed-une-natus","status":"publish","type":"page","link":"https:\/\/natus.com\/es\/micromed-une-natus\/","title":{"rendered":"Micromed se une a Natus"},"content":{"rendered":"","protected":false},"excerpt":{"rendered":"","protected":false},"author":3,"featured_media":0,"parent":0,"menu_order":0,"comment_status":"closed","ping_status":"closed","template":"","meta":{"_acf_changed":false,"footnotes":""},"categories":[],"tags":[],"class_list":["post-11372","page","type-page","status-publish","hentry"],"acf":{"content_blocks":[{"acf_fc_layout":"hero1","_acfe_flexible_toggle":"","hero_locations":{"unique_id":"n6511d7299d5ed","background":{"ID":11373,"id":11373,"title":"Micromed CoBrand Banner","filename":"Micromed-CoBrand-Banner.png","filesize":564518,"url":"https:\/\/natus.com\/wp-content\/uploads\/Micromed-CoBrand-Banner.png","link":"https:\/\/natus.com\/es\/micromed-une-natus\/micromed-cobrand-banner\/","alt":"","author":"2","description":"","caption":"","name":"micromed-cobrand-banner","status":"inherit","uploaded_to":11372,"date":"2023-10-04 23:06:29","modified":"2023-10-04 23:06:29","menu_order":0,"mime_type":"image\/png","type":"image","subtype":"png","icon":"https:\/\/natus.com\/wp-includes\/images\/media\/default.png","width":1920,"height":500,"sizes":{"thumbnail":"https:\/\/natus.com\/wp-content\/uploads\/Micromed-CoBrand-Banner.png","thumbnail-width":128,"thumbnail-height":33,"medium":"https:\/\/natus.com\/wp-content\/uploads\/Micromed-CoBrand-Banner.png","medium-width":1920,"medium-height":500,"medium_large":"https:\/\/natus.com\/wp-content\/uploads\/Micromed-CoBrand-Banner-768x200.png","medium_large-width":768,"medium_large-height":200,"large":"https:\/\/natus.com\/wp-content\/uploads\/Micromed-CoBrand-Banner.png","large-width":1920,"large-height":500,"1536x1536":"https:\/\/natus.com\/wp-content\/uploads\/Micromed-CoBrand-Banner-1536x400.png","1536x1536-width":1536,"1536x1536-height":400,"2048x2048":"https:\/\/natus.com\/wp-content\/uploads\/Micromed-CoBrand-Banner.png","2048x2048-width":1920,"2048x2048-height":500}},"h1":"Micromed se une a Natus<br \/>\r\n","description":""}},{"acf_fc_layout":"spacer","_acfe_flexible_toggle":"","spacer":{"module_options":{"":null,"module_id":"n6514d8ea654f6","module_class":"","module_background_type":"color","module_background_color":"#f1f1f1","module_background_image":false,"module_background_video":"","activate_custom_padding":false,"padding_top_desktop":"0","padding_top_tablet":"0","padding_top_mobile":"0","padding_bottom_desktop":"0","padding_bottom_tablet":"0","padding_bottom_mobile":"0","activate_custom_margin":false,"margin_top_desktop":"0","margin_top_tablet":"0","margin_top_mobile":"0","margin_bottom_desktop":"0","margin_bottom_tablet":"0","margin_bottom_mobile":"0","disable_on":[],"content_alignment_desktop":"left","content_alignment_tablet":"left","content_alignment_mobile":"left"},"height":"50"}},{"acf_fc_layout":"divider","_acfe_flexible_toggle":"","divider":{"module_options":{"":null,"module_id":"n6514d8ea8b939","module_class":"","module_background_type":"color","module_background_color":"","module_background_image":false,"module_background_video":"","activate_custom_padding":false,"padding_top_desktop":"0","padding_top_tablet":"0","padding_top_mobile":"0","padding_bottom_desktop":"0","padding_bottom_tablet":"0","padding_bottom_mobile":"0","activate_custom_margin":false,"margin_top_desktop":"0","margin_top_tablet":"0","margin_top_mobile":"0","margin_bottom_desktop":"0","margin_bottom_tablet":"0","margin_bottom_mobile":"0","disable_on":[],"content_alignment_desktop":"left","content_alignment_tablet":"left","content_alignment_mobile":"left"},"color":"#00aaa7","height":"12"}},{"acf_fc_layout":"simple_content","_acfe_flexible_toggle":"","content_full_width_landing":{"module_options":{"":null,"module_id":"n6514619ba87e0","module_class":"","module_background_type":"color","module_background_color":"","module_background_image":false,"module_background_video":"","activate_custom_padding":true,"padding_top_desktop":"75","padding_top_tablet":"75","padding_top_mobile":"75","padding_bottom_desktop":"75","padding_bottom_tablet":"75","padding_bottom_mobile":"75","activate_custom_margin":false,"margin_top_desktop":"0","margin_top_tablet":"0","margin_top_mobile":"0","margin_bottom_desktop":"0","margin_bottom_tablet":"0","margin_bottom_mobile":"0","disable_on":[],"content_alignment_desktop":"left","content_alignment_tablet":"left","content_alignment_mobile":"left"},"content":"<h4><span style=\"color: #008c9a;\">Natus se enorgullece de dar la bienvenida al Grupo Micromed a la familia de productos Natus.<\/span><\/h4>\n<p>&nbsp;<\/p>\n<p>La adquisici\u00f3n de Micromed nos permite aunar la experiencia innovadora en neurodiagn\u00f3stico y neuromonitorizaci\u00f3n de ambas empresas, ofreciendo a nuestros clientes una gama a\u00fan m\u00e1s amplia de productos, servicios y asistencia.<\/p>\n<p>&nbsp;<\/p>\n<p>El legado de Natus de m\u00e1s de 85 a\u00f1os de liderazgo en neurodiagn\u00f3stico a trav\u00e9s de marcas como NeuroWorks<sup>\u00ae<\/sup>\/ SleepWorks<sup>\u2122<\/sup>, Natus Quantum<sup>\u00ae<\/sup>, Grass\u00a0<sup>\u00ae<\/sup>, Nicolet<sup>\u00ae<\/sup>, Xltek<sup>\u00ae<\/sup>, Embla<sup>\u00ae<\/sup>, Dantec<sup>\u2122<\/sup>\u00a0TECA<sup>\u00ae<\/sup>\u00a0se une ahora a la l\u00ednea completa de soluciones Micromed, que incluye BRAIN QUICK<sup>\u00ae<\/sup>\/MYOQUICK<sup>\u00ae<\/sup>, NEUROWERK<sup>\u00ae<\/sup>, SleepRT<sup>\u00ae<\/sup>\u00a0y MOBERG.<\/p>\n<p>Juntos, Natus y Micromed proporcionan a los clientes la mejor cartera de soluciones de neurodiagn\u00f3stico y neuromonitorizaci\u00f3n de su clase. Las l\u00edneas de productos combinadas ofrecen la mejor plataforma para el desarrollo de nuevos productos de monitorizaci\u00f3n de EEG, PSG, EMG y UCI mediante la integraci\u00f3n de los mejores aspectos de ambas carteras de productos, incluida la compatibilidad con versiones anteriores.<\/p>\n<p>&nbsp;<\/p>\n<p><a class=\"btn-v1\" href=\"https:\/\/www.prnewswire.com\/news-releases\/natus-medical-incorporated-announces-closing-of-acquisition-of-micromed-holding-sas-301723718.html\">Aprender sobre la adquisici\u00f3n<\/a><\/p>\n"}},{"acf_fc_layout":"divider","_acfe_flexible_toggle":"","divider":{"module_options":{"":null,"module_id":"n6514d8ea8b939","module_class":"","module_background_type":"color","module_background_color":"","module_background_image":false,"module_background_video":"","activate_custom_padding":false,"padding_top_desktop":0,"padding_top_tablet":"","padding_top_mobile":"","padding_bottom_desktop":"","padding_bottom_tablet":"","padding_bottom_mobile":"","activate_custom_margin":false,"margin_top_desktop":"","margin_top_tablet":"","margin_top_mobile":"","margin_bottom_desktop":"","margin_bottom_tablet":"","margin_bottom_mobile":"","disable_on":[],"content_alignment_desktop":"left","content_alignment_tablet":"left","content_alignment_mobile":"left"},"color":"#00aaa7","height":"12"}},{"acf_fc_layout":"content_multiple_columns","_acfe_flexible_layout_title":null,"_acfe_flexible_toggle":"","content_multiple_columns":{"module_options":{"":null,"module_id":null,"module_class":"","module_background_type":"","module_background_color":"","module_background_image":false,"module_background_video":"","activate_custom_padding":false,"padding_top_desktop":0,"padding_top_tablet":"","padding_top_mobile":"","padding_bottom_desktop":"","padding_bottom_tablet":"","padding_bottom_mobile":"","activate_custom_margin":false,"margin_top_desktop":"","margin_top_tablet":"","margin_top_mobile":"","margin_bottom_desktop":"","margin_bottom_tablet":"","margin_bottom_mobile":"","disable_on":[],"content_alignment_desktop":false,"content_alignment_tablet":"left","content_alignment_mobile":"left"},"columns_per_rows_desktop":"","columns_per_rows_tablet":"","columns_per_rows_mobile":"1","columns":false}}]},"_links":{"self":[{"href":"https:\/\/natus.com\/es\/wp-json\/wp\/v2\/pages\/11372","targetHints":{"allow":["GET"]}}],"collection":[{"href":"https:\/\/natus.com\/es\/wp-json\/wp\/v2\/pages"}],"about":[{"href":"https:\/\/natus.com\/es\/wp-json\/wp\/v2\/types\/page"}],"author":[{"embeddable":true,"href":"https:\/\/natus.com\/es\/wp-json\/wp\/v2\/users\/3"}],"replies":[{"embeddable":true,"href":"https:\/\/natus.com\/es\/wp-json\/wp\/v2\/comments?post=11372"}],"version-history":[{"count":5,"href":"https:\/\/natus.com\/es\/wp-json\/wp\/v2\/pages\/11372\/revisions"}],"predecessor-version":[{"id":15917,"href":"https:\/\/natus.com\/es\/wp-json\/wp\/v2\/pages\/11372\/revisions\/15917"}],"wp:attachment":[{"href":"https:\/\/natus.com\/es\/wp-json\/wp\/v2\/media?parent=11372"}],"wp:term":[{"taxonomy":"category","embeddable":true,"href":"https:\/\/natus.com\/es\/wp-json\/wp\/v2\/categories?post=11372"},{"taxonomy":"post_tag","embeddable":true,"href":"https:\/\/natus.com\/es\/wp-json\/wp\/v2\/tags?post=11372"}],"curies":[{"name":"wp","href":"https:\/\/api.w.org\/{rel}","templated":true}]}}