{"id":11813,"date":"2023-09-20T15:59:41","date_gmt":"2023-09-20T15:59:41","guid":{"rendered":"https:\/\/natus.com\/servicio-y-soporte\/service-programs\/natus-care\/"},"modified":"2026-01-28T16:44:47","modified_gmt":"2026-01-28T16:44:47","slug":"natus-care","status":"publish","type":"page","link":"https:\/\/natus.com\/es\/soporte\/programas-servicios\/natus-care\/","title":{"rendered":"Natus Care"},"content":{"rendered":"","protected":false},"excerpt":{"rendered":"","protected":false},"author":2,"featured_media":0,"parent":11795,"menu_order":0,"comment_status":"closed","ping_status":"closed","template":"","meta":{"_acf_changed":false,"footnotes":""},"categories":[],"tags":[],"class_list":["post-11813","page","type-page","status-publish","hentry"],"acf":{"content_blocks":[{"acf_fc_layout":"hero1","_acfe_flexible_layout_title":null,"_acfe_flexible_toggle":null,"hero_locations":{"unique_id":"n650b16edc0d1b","background":{"ID":930,"id":930,"title":"locations-hero","filename":"locations-hero.jpg","filesize":249977,"url":"https:\/\/natus.com\/wp-content\/uploads\/locations-hero.jpg","link":"https:\/\/natus.com\/es\/ubicaciones\/locations-hero-2\/","alt":"","author":"1","description":"","caption":"","name":"locations-hero-2","status":"inherit","uploaded_to":8346,"date":"2023-07-30 10:59:34","modified":"2023-09-21 15:29:51","menu_order":0,"mime_type":"image\/jpeg","type":"image","subtype":"jpeg","icon":"https:\/\/natus.com\/wp-includes\/images\/media\/default.png","width":1920,"height":500,"sizes":{"thumbnail":"https:\/\/natus.com\/wp-content\/uploads\/locations-hero.jpg","thumbnail-width":128,"thumbnail-height":33,"medium":"https:\/\/natus.com\/wp-content\/uploads\/locations-hero.jpg","medium-width":1920,"medium-height":500,"medium_large":"https:\/\/natus.com\/wp-content\/uploads\/locations-hero-768x200.jpg","medium_large-width":768,"medium_large-height":200,"large":"https:\/\/natus.com\/wp-content\/uploads\/locations-hero.jpg","large-width":1920,"large-height":500,"1536x1536":"https:\/\/natus.com\/wp-content\/uploads\/locations-hero-1536x400.jpg","1536x1536-width":1536,"1536x1536-height":400,"2048x2048":"https:\/\/natus.com\/wp-content\/uploads\/locations-hero.jpg","2048x2048-width":1920,"2048x2048-height":500}},"h1":"Natus Care","description":""}},{"acf_fc_layout":"divider","_acfe_flexible_layout_title":null,"_acfe_flexible_toggle":null,"divider":{"module_options":{"":null,"module_id":"n651469431a294","module_class":"","module_background_type":"color","module_background_color":"","module_background_image":false,"module_background_video":"","activate_custom_padding":false,"padding_top_desktop":"0","padding_top_tablet":"0","padding_top_mobile":"0","padding_bottom_desktop":"0","padding_bottom_tablet":"0","padding_bottom_mobile":"0","activate_custom_margin":false,"margin_top_desktop":"0","margin_top_tablet":"0","margin_top_mobile":"0","margin_bottom_desktop":"0","margin_bottom_tablet":"0","margin_bottom_mobile":"0","disable_on":[],"content_alignment_desktop":"left","content_alignment_tablet":"left","content_alignment_mobile":"left"},"color":"#005e63","height":"12"}},{"acf_fc_layout":"simple_content","_acfe_flexible_layout_title":null,"_acfe_flexible_toggle":null,"content_full_width_landing":{"module_options":{"":null,"module_id":"n6514694325c04","module_class":"","module_background_type":"color","module_background_color":"","module_background_image":false,"module_background_video":"","activate_custom_padding":true,"padding_top_desktop":"0","padding_top_tablet":"0","padding_top_mobile":"0","padding_bottom_desktop":"40","padding_bottom_tablet":"20","padding_bottom_mobile":"20","activate_custom_margin":false,"margin_top_desktop":"0","margin_top_tablet":"0","margin_top_mobile":"0","margin_bottom_desktop":"-40","margin_bottom_tablet":"-20","margin_bottom_mobile":"-20","disable_on":[],"content_alignment_desktop":"left","content_alignment_tablet":"left","content_alignment_mobile":"left"},"content":"<h4><span style=\"color: #008b96;\"><img loading=\"lazy\" decoding=\"async\" class=\"alignleft size-full wp-image-6560\" src=\"https:\/\/natus.com\/wp-content\/uploads\/Natus-Care.png\" alt=\"\" width=\"200\" height=\"200\" \/>Servicio y soporte del equipo que mejor conoce los productos de Natus<\/span><\/h4>\n<h6><\/h6>\n<p>&nbsp;<\/p>\n<p>&nbsp;<\/p>\n<h5><\/h5>\n<h5><span style=\"color: #008b96;\">Soporte que le permite ir un paso por delante<\/span><\/h5>\n<p>Respaldamos la calidad de nuestros productos. Todos y cada uno de los dispositivos que compra a Natus incluyen una garant\u00eda limitada de un a\u00f1o. Adquiera Natus Care para ampliar la cobertura de la garant\u00eda y proteger su inversi\u00f3n. Ofrecemos a nuestros clientes una atenci\u00f3n especial mediante soluciones personalizadas que se ofrecen con rapidez y eficacia.<\/p>\n<p>&nbsp;<\/p>\n<p>Con su contrato de mantenimiento de Natus podr\u00e1 conectarse f\u00e1cilmente con alguien que estar\u00e1 encantado de ayudarle. Estamos con usted en cada paso del proceso, desde el mantenimiento hasta la reparaci\u00f3n de sus equipos y el soporte sobre el terreno.<\/p>\n<p>&nbsp;<\/p>\n<p>Natus Care le garantiza que su equipo seguir\u00e1 proporcionando una monitorizaci\u00f3n del cliente, un cribado y una evaluaci\u00f3n de los pacientes de calidad. Deje que Natus se ocupe de su dispositivo para que usted pueda cuidar de sus pacientes.<\/p>\n"}},{"acf_fc_layout":"content_multiple_columns","_acfe_flexible_layout_title":null,"_acfe_flexible_toggle":null,"content_multiple_columns":{"module_options":{"":null,"module_id":"n650dc759ebc0c","module_class":"","module_background_type":"color","module_background_color":"","module_background_image":false,"module_background_video":"","activate_custom_padding":true,"padding_top_desktop":"0","padding_top_tablet":"0","padding_top_mobile":"0","padding_bottom_desktop":"80","padding_bottom_tablet":"10","padding_bottom_mobile":"10","activate_custom_margin":false,"margin_top_desktop":"0","margin_top_tablet":"0","margin_top_mobile":"0","margin_bottom_desktop":"-81","margin_bottom_tablet":"-10","margin_bottom_mobile":"-10","disable_on":[],"content_alignment_desktop":"left","content_alignment_tablet":"left","content_alignment_mobile":"left"},"columns_per_rows_desktop":"3","columns_per_rows_tablet":"1","columns_per_rows_mobile":"1","columns":[{"column_background":"#f1f1f1","column_size":"two-thirds","column_alignment":"align-right","activate_top_right_border_radius":false,"content_type":[{"acf_fc_layout":"simple_content","content":"<h5 style=\"text-align: left; padding-left: 120px;\"><span style=\"color: #008b96;\">\u00bfPor qu\u00e9 necesito un contrato de servicios?<\/span><\/h5>\n<p style=\"text-align: left; padding-left: 120px;\">Nuestra promesa de ofrecer la excelencia no se acaba despu\u00e9s de haber comprado el producto. Esa compra es solo el principio del soporte continuo que le ofreceremos cada d\u00eda.<\/p>\n<ul>\n<li style=\"list-style-type: none;\">\n<ul>\n<li style=\"list-style-type: none;\">\n<ul>\n<li style=\"list-style-type: none;\">\n<ul style=\"list-style-type: disc;\">\n<li style=\"text-align: left;\">Si\u00e9ntase tranquilo sabiendo que su dispositivo est\u00e1 recibiendo un mantenimiento adecuado<\/li>\n<li style=\"text-align: left;\">Gane en tranquilidad sabiendo que obtendr\u00e1 ayuda simplemente haciendo una llamada de tel\u00e9fono<\/li>\n<li style=\"text-align: left;\">Tendr\u00e1 a su lado un experto durante todo el tiempo que dure su contrato de mantenimiento<\/li>\n<li style=\"text-align: left;\">Si un producto est\u00e1 defectuoso o da\u00f1ado, le prestamos r\u00e1pidamente un equipo sustitutivo para que<br \/>\npueda continuar ofreciendo sus cuidados m\u00e9dicos sin ning\u00fan tipo de interrupci\u00f3n<\/li>\n<\/ul>\n<\/li>\n<\/ul>\n<\/li>\n<\/ul>\n<\/li>\n<\/ul>\n"}]},{"column_background":"#f1f1f1","column_size":"one-third","column_alignment":"align-left","activate_top_right_border_radius":false,"content_type":[{"acf_fc_layout":"simple_content","content":"<p><img loading=\"lazy\" decoding=\"async\" class=\"wp-image-6545 aligncenter\" src=\"\/wp-content\/uploads\/Natus_Care_4xSeals-1-1.png\" alt=\"Natus Care ensures your equipment will continue to provide quality patient screening and assessment.\" width=\"285\" height=\"551\" \/><\/p>\n"}]}]}},{"acf_fc_layout":"simple_content","_acfe_flexible_layout_title":null,"_acfe_flexible_toggle":null,"content_full_width_landing":{"module_options":{"":null,"module_id":"n6514694347e4f","module_class":"","module_background_type":"color","module_background_color":"","module_background_image":false,"module_background_video":"","activate_custom_padding":true,"padding_top_desktop":"60","padding_top_tablet":"0","padding_top_mobile":"0","padding_bottom_desktop":"20","padding_bottom_tablet":"10","padding_bottom_mobile":"10","activate_custom_margin":false,"margin_top_desktop":"-60","margin_top_tablet":"0","margin_top_mobile":"0","margin_bottom_desktop":"-20","margin_bottom_tablet":"-10","margin_bottom_mobile":"-10","disable_on":[],"content_alignment_desktop":"left","content_alignment_tablet":"left","content_alignment_mobile":"left"},"content":"<h5><span style=\"color: #008b96;\">Elija su nivel de cobertura<\/span><\/h5>\n<p>Independientemente de si lo que desea es una cobertura total, una cobertura parcial o mantenimiento preventivo, nuestros paquetes flexibles le ofrecen justo el nivel de asistencia que necesite para lograr una calidad constante. La mayor\u00eda de los problemas pueden solucionarse con tan solo una llamada telef\u00f3nica.<\/p>\n<p>&nbsp;<\/p>\n<p><img loading=\"lazy\" decoding=\"async\" class=\"alignleft wp-image-12797 size-full\" src=\"https:\/\/natus.com\/wp-content\/uploads\/Natus-Care-ES.png\" alt=\"\" width=\"1879\" height=\"1365\" \/><\/p>\n<p>&nbsp;<\/p>\n<p>&nbsp;<\/p>\n<p>&nbsp;<\/p>\n"}},{"acf_fc_layout":"contact_form","_acfe_flexible_layout_title":null,"_acfe_flexible_toggle":null,"contact_form_landing":{"module_options":{"":null,"module_id":"n651469435679d","module_class":"","module_background_type":"color","module_background_color":"","module_background_image":false,"module_background_video":"","activate_custom_padding":false,"padding_top_desktop":"0","padding_top_tablet":"0","padding_top_mobile":"0","padding_bottom_desktop":"0","padding_bottom_tablet":"0","padding_bottom_mobile":"0","activate_custom_margin":false,"margin_top_desktop":"0","margin_top_tablet":"0","margin_top_mobile":"0","margin_bottom_desktop":"0","margin_bottom_tablet":"0","margin_bottom_mobile":"0","disable_on":[],"content_alignment_desktop":"left","content_alignment_tablet":"left","content_alignment_mobile":"left"},"":null,"activate_intro":true,"intro_text":"Contacto","intro_text_color":"#005e63","intro_link":null,"activate_description":true,"description_title":"","description_copy":"P\u00f3ngase en contacto con su delegado comercial de Natus para obtener m\u00e1s informaci\u00f3n.","embed_code":"<script charset=\"utf-8\" type=\"text\/javascript\" src=\"\/\/js.hsforms.net\/forms\/embed\/v2.js\"><\/script>\r\n<script>\r\n  hbspt.forms.create({\r\n    region: \"na1\",\r\n    portalId: \"3002890\",\r\n    formId: \"b4b44060-88cf-439e-8a33-78cfba7b55c2\"\r\n  });\r\n<\/script>"}},{"acf_fc_layout":"simple_content","_acfe_flexible_layout_title":null,"_acfe_flexible_toggle":null,"content_full_width_landing":{"module_options":{"":null,"module_id":"n6514694369785","module_class":"","module_background_type":"color","module_background_color":"","module_background_image":false,"module_background_video":"","activate_custom_padding":false,"padding_top_desktop":"0","padding_top_tablet":"0","padding_top_mobile":"0","padding_bottom_desktop":"0","padding_bottom_tablet":"0","padding_bottom_mobile":"0","activate_custom_margin":false,"margin_top_desktop":"0","margin_top_tablet":"0","margin_top_mobile":"0","margin_bottom_desktop":"0","margin_bottom_tablet":"0","margin_bottom_mobile":"0","disable_on":[],"content_alignment_desktop":"left","content_alignment_tablet":"left","content_alignment_mobile":"left"},"content":"<p><span style=\"font-size: 11px;\">045244 RevB<\/span><\/p>\n"}}]},"_links":{"self":[{"href":"https:\/\/natus.com\/es\/wp-json\/wp\/v2\/pages\/11813","targetHints":{"allow":["GET"]}}],"collection":[{"href":"https:\/\/natus.com\/es\/wp-json\/wp\/v2\/pages"}],"about":[{"href":"https:\/\/natus.com\/es\/wp-json\/wp\/v2\/types\/page"}],"author":[{"embeddable":true,"href":"https:\/\/natus.com\/es\/wp-json\/wp\/v2\/users\/2"}],"replies":[{"embeddable":true,"href":"https:\/\/natus.com\/es\/wp-json\/wp\/v2\/comments?post=11813"}],"version-history":[{"count":6,"href":"https:\/\/natus.com\/es\/wp-json\/wp\/v2\/pages\/11813\/revisions"}],"predecessor-version":[{"id":26090,"href":"https:\/\/natus.com\/es\/wp-json\/wp\/v2\/pages\/11813\/revisions\/26090"}],"up":[{"embeddable":true,"href":"https:\/\/natus.com\/es\/wp-json\/wp\/v2\/pages\/11795"}],"wp:attachment":[{"href":"https:\/\/natus.com\/es\/wp-json\/wp\/v2\/media?parent=11813"}],"wp:term":[{"taxonomy":"category","embeddable":true,"href":"https:\/\/natus.com\/es\/wp-json\/wp\/v2\/categories?post=11813"},{"taxonomy":"post_tag","embeddable":true,"href":"https:\/\/natus.com\/es\/wp-json\/wp\/v2\/tags?post=11813"}],"curies":[{"name":"wp","href":"https:\/\/api.w.org\/{rel}","templated":true}]}}