{"id":11817,"date":"2023-09-20T17:12:29","date_gmt":"2023-09-20T17:12:29","guid":{"rendered":"https:\/\/natus.com\/servicio-y-soporte\/service-programs\/flexselect-subscription\/"},"modified":"2025-10-02T19:21:16","modified_gmt":"2025-10-02T19:21:16","slug":"programa-suscripcion-flexselect","status":"publish","type":"page","link":"https:\/\/natus.com\/es\/soporte\/programas-servicios\/programa-suscripcion-flexselect\/","title":{"rendered":"Programa de suscripci\u00f3n Natus FlexSelect"},"content":{"rendered":"","protected":false},"excerpt":{"rendered":"","protected":false},"author":2,"featured_media":0,"parent":11795,"menu_order":0,"comment_status":"closed","ping_status":"closed","template":"","meta":{"_acf_changed":false,"footnotes":""},"categories":[],"tags":[],"class_list":["post-11817","page","type-page","status-publish","hentry"],"acf":{"content_blocks":[{"acf_fc_layout":"hero1","_acfe_flexible_toggle":"","hero_locations":{"unique_id":"n650b16edc0d1b","background":{"ID":930,"id":930,"title":"locations-hero","filename":"locations-hero.jpg","filesize":249977,"url":"https:\/\/natus.com\/wp-content\/uploads\/locations-hero.jpg","link":"https:\/\/natus.com\/es\/ubicaciones\/locations-hero-2\/","alt":"","author":"1","description":"","caption":"","name":"locations-hero-2","status":"inherit","uploaded_to":8346,"date":"2023-07-30 10:59:34","modified":"2023-09-21 15:29:51","menu_order":0,"mime_type":"image\/jpeg","type":"image","subtype":"jpeg","icon":"https:\/\/natus.com\/wp-includes\/images\/media\/default.png","width":1920,"height":500,"sizes":{"thumbnail":"https:\/\/natus.com\/wp-content\/uploads\/locations-hero.jpg","thumbnail-width":128,"thumbnail-height":33,"medium":"https:\/\/natus.com\/wp-content\/uploads\/locations-hero.jpg","medium-width":1920,"medium-height":500,"medium_large":"https:\/\/natus.com\/wp-content\/uploads\/locations-hero-768x200.jpg","medium_large-width":768,"medium_large-height":200,"large":"https:\/\/natus.com\/wp-content\/uploads\/locations-hero.jpg","large-width":1920,"large-height":500,"1536x1536":"https:\/\/natus.com\/wp-content\/uploads\/locations-hero-1536x400.jpg","1536x1536-width":1536,"1536x1536-height":400,"2048x2048":"https:\/\/natus.com\/wp-content\/uploads\/locations-hero.jpg","2048x2048-width":1920,"2048x2048-height":500}},"h1":"Programa de Suscripci\u00f3n<br \/>\r\nNatus FlexSelect<br \/>\r\n","description":""}},{"acf_fc_layout":"spacer","_acfe_flexible_toggle":"","spacer":{"module_options":{"":null,"module_id":"n651f7fa9462fc","module_class":"","module_background_type":"color","module_background_color":"#f1f1f1","module_background_image":false,"module_background_video":"","activate_custom_padding":false,"padding_top_desktop":0,"padding_top_tablet":"","padding_top_mobile":"","padding_bottom_desktop":"","padding_bottom_tablet":"","padding_bottom_mobile":"","activate_custom_margin":false,"margin_top_desktop":"","margin_top_tablet":"","margin_top_mobile":"","margin_bottom_desktop":"","margin_bottom_tablet":"","margin_bottom_mobile":"","disable_on":[],"content_alignment_desktop":"left","content_alignment_tablet":"left","content_alignment_mobile":"left"},"height":"30"}},{"acf_fc_layout":"divider","_acfe_flexible_toggle":"","divider":{"module_options":{"":null,"module_id":"n651f7fa961549","module_class":"","module_background_type":"color","module_background_color":"","module_background_image":false,"module_background_video":"","activate_custom_padding":false,"padding_top_desktop":0,"padding_top_tablet":"","padding_top_mobile":"","padding_bottom_desktop":"","padding_bottom_tablet":"","padding_bottom_mobile":"","activate_custom_margin":false,"margin_top_desktop":"","margin_top_tablet":"","margin_top_mobile":"","margin_bottom_desktop":"","margin_bottom_tablet":"","margin_bottom_mobile":"","disable_on":[],"content_alignment_desktop":"left","content_alignment_tablet":"left","content_alignment_mobile":"left"},"color":"#005e63","height":"12"}},{"acf_fc_layout":"simple_content","_acfe_flexible_toggle":"","content_full_width_landing":{"module_options":{"":null,"module_id":"n651f7fa965955","module_class":"","module_background_type":"color","module_background_color":"","module_background_image":false,"module_background_video":"","activate_custom_padding":true,"padding_top_desktop":"100","padding_top_tablet":"100","padding_top_mobile":"100","padding_bottom_desktop":"70","padding_bottom_tablet":"50","padding_bottom_mobile":"50","activate_custom_margin":false,"margin_top_desktop":"0","margin_top_tablet":"0","margin_top_mobile":"0","margin_bottom_desktop":"-40","margin_bottom_tablet":"-10","margin_bottom_mobile":"-10","disable_on":[],"content_alignment_desktop":"left","content_alignment_tablet":"left","content_alignment_mobile":"left"},"content":"<h2><span style=\"color: #008b96;\">Experimente el verdadero valor que aportan las soluciones de Natus<br \/>\n<\/span><\/h2>\n<p>Cualquier procedimiento m\u00e9dico debe permitirle elevar el nivel de la atenci\u00f3n sanitaria sin que ello suponga salirse del presupuesto. Gracias a las suscripciones de Natus FlexSelect, los centros de cualquier tama\u00f1o pueden mejorar sus instalaciones con los equipos m\u00e1s avanzados de Natus y confiar en nuestro software l\u00edder en el sector, nuestra asistencia y formaci\u00f3n permanentes, todo ello a trav\u00e9s de una suscripci\u00f3n tipo todo en uno c\u00f3moda y econ\u00f3mica.<\/p>\n"}},{"acf_fc_layout":"video_modal","_acfe_flexible_toggle":"","video_modal":{"module_options":{"":null,"module_id":"n6514674bd6c05","module_class":"","module_background_type":"color","module_background_color":"","module_background_image":false,"module_background_video":"","activate_custom_padding":true,"padding_top_desktop":"50","padding_top_tablet":"0","padding_top_mobile":"0","padding_bottom_desktop":"90","padding_bottom_tablet":"0","padding_bottom_mobile":"0","activate_custom_margin":false,"margin_top_desktop":"","margin_top_tablet":"","margin_top_mobile":"","margin_bottom_desktop":"","margin_bottom_tablet":"","margin_bottom_mobile":"","disable_on":[],"content_alignment_desktop":"left","content_alignment_tablet":"left","content_alignment_mobile":"left"},"thumbnail":{"ID":6020,"id":6020,"title":"AFUQ7ejzaSo-HD","filename":"AFUQ7ejzaSo-HD.jpg","filesize":49115,"url":"https:\/\/natus.com\/wp-content\/uploads\/AFUQ7ejzaSo-HD.jpg","link":"https:\/\/natus.com\/es\/soporte\/programas-servicios\/programa-suscripcion-flexselect\/afuq7ejzaso-hd-2\/","alt":"People holding a glove","author":"2","description":"","caption":"","name":"afuq7ejzaso-hd-2","status":"inherit","uploaded_to":11817,"date":"2023-09-21 00:44:43","modified":"2024-07-26 16:56:58","menu_order":0,"mime_type":"image\/jpeg","type":"image","subtype":"jpeg","icon":"https:\/\/natus.com\/wp-includes\/images\/media\/default.png","width":1280,"height":720,"sizes":{"thumbnail":"https:\/\/natus.com\/wp-content\/uploads\/AFUQ7ejzaSo-HD.jpg","thumbnail-width":128,"thumbnail-height":72,"medium":"https:\/\/natus.com\/wp-content\/uploads\/AFUQ7ejzaSo-HD.jpg","medium-width":1280,"medium-height":720,"medium_large":"https:\/\/natus.com\/wp-content\/uploads\/AFUQ7ejzaSo-HD-768x432.jpg","medium_large-width":768,"medium_large-height":432,"large":"https:\/\/natus.com\/wp-content\/uploads\/AFUQ7ejzaSo-HD.jpg","large-width":1280,"large-height":720,"1536x1536":"https:\/\/natus.com\/wp-content\/uploads\/AFUQ7ejzaSo-HD.jpg","1536x1536-width":1280,"1536x1536-height":720,"2048x2048":"https:\/\/natus.com\/wp-content\/uploads\/AFUQ7ejzaSo-HD.jpg","2048x2048-width":1280,"2048x2048-height":720}},"thumbnail_size":"auto","source":"youtube","youtube_video_id":"Lp88oS-dNt0","vimeo_video_id":""}},{"acf_fc_layout":"simple_content","_acfe_flexible_toggle":"","content_full_width_landing":{"module_options":{"":null,"module_id":"n6514674c2dd99","module_class":"","module_background_type":"color","module_background_color":"","module_background_image":false,"module_background_video":"","activate_custom_padding":true,"padding_top_desktop":"0","padding_top_tablet":"0","padding_top_mobile":"0","padding_bottom_desktop":"40","padding_bottom_tablet":"10","padding_bottom_mobile":"10","activate_custom_margin":false,"margin_top_desktop":"","margin_top_tablet":"","margin_top_mobile":"","margin_bottom_desktop":"","margin_bottom_tablet":"","margin_bottom_mobile":"","disable_on":[],"content_alignment_desktop":"left","content_alignment_tablet":"left","content_alignment_mobile":"left"},"content":"<h4><span style=\"color: #008080;\">Experimente el verdadero valor que aportan las soluciones de Natus<br \/>\n<\/span><\/h4>\n<p>Natus ofrece planes de suscripci\u00f3n FlexSelect para toda nuestra cartera de productos l\u00edderes del sector. Independientemente del modo que est\u00e9 contemplado para mejorar sus cuidados, Natus est\u00e1 a su disposici\u00f3n para contribuir a lograr una transici\u00f3n sin contratiempos y ofrecerle un alto rendimiento con cualquiera de nuestras soluciones, as\u00ed como para ayudarle a ofrecer permanentemente los mejores cuidados posibles sin que ello suponga agotar su presupuesto.<\/p>\n<p style=\"text-align: left;\"><img loading=\"lazy\" decoding=\"async\" class=\"wp-image-12093 size-full aligncenter\" src=\"https:\/\/natus.com\/wp-content\/uploads\/Natus_FlexSelect_Illustration_ES.png\" alt=\"\" width=\"478\" height=\"480\" \/><\/p>\n"}},{"acf_fc_layout":"content_multiple_columns","_acfe_flexible_toggle":"","content_multiple_columns":{"module_options":{"":null,"module_id":"n650b9abcbd55a","module_class":"","module_background_type":"color","module_background_color":"","module_background_image":false,"module_background_video":"","activate_custom_padding":true,"padding_top_desktop":"0","padding_top_tablet":"0","padding_top_mobile":"0","padding_bottom_desktop":"30","padding_bottom_tablet":"10","padding_bottom_mobile":"10","activate_custom_margin":false,"margin_top_desktop":"","margin_top_tablet":"","margin_top_mobile":"","margin_bottom_desktop":"","margin_bottom_tablet":"","margin_bottom_mobile":"","disable_on":[],"content_alignment_desktop":"left","content_alignment_tablet":"left","content_alignment_mobile":"left"},"columns_per_rows_desktop":"2","columns_per_rows_tablet":"1","columns_per_rows_mobile":"1","columns":[{"column_background":"#ffffff","column_size":"one-third","column_alignment":"align-left","activate_top_right_border_radius":true,"content_type":[{"acf_fc_layout":"simple_content","content":"<p><strong>Equipo<\/strong><br \/>\nObtenga todas las ventajas y funciones de la tecnolog\u00eda m\u00e1s moderna y avanzada de Natus y estrene equipo cada cinco a\u00f1os.<\/p>\n"}]},{"column_background":"#ffffff","column_size":"one-third","column_alignment":"align-left","activate_top_right_border_radius":true,"content_type":[{"acf_fc_layout":"simple_content","content":"<p><strong>Software<\/strong><br \/>\nUtilice las versiones m\u00e1s recientes del software de Natus, dise\u00f1ado de manera inteligente para ofrecer seguridad y eficiencia \u00f3ptima del flujo de trabajo<\/p>\n"}]},{"column_background":"#ffffff","column_size":"one-third","column_alignment":"align-left","activate_top_right_border_radius":true,"content_type":[{"acf_fc_layout":"simple_content","content":"<p><strong>Servicio<\/strong><br \/>\nDisfrute del m\u00e1s alto nivel de soporte de hardware y software proporcionado por t\u00e9cnicos de Natus especializados que se encargan de mantener las soluciones seguras y actualizadas, minimizar las interrupciones y el tiempo de inactividad.<\/p>\n"}]},{"column_background":"#ffffff","column_size":"one-third","column_alignment":"align-left","activate_top_right_border_radius":false,"content_type":[{"acf_fc_layout":"simple_content","content":"<p><strong>Formaci\u00f3n<\/strong><br \/>\nReciba consejos y formaci\u00f3n cl\u00ednica y experta sobre nuestros productos para conocer las mejores pr\u00e1cticas, asista a seminarios web y aproveche las oportunidades de establecer contactos con gente del sector.<\/p>\n"}]}]}},{"acf_fc_layout":"content_multiple_columns","_acfe_flexible_toggle":"","content_multiple_columns":{"module_options":{"":null,"module_id":"n650b9abcc2b2a","module_class":"","module_background_type":"color","module_background_color":"","module_background_image":false,"module_background_video":"","activate_custom_padding":true,"padding_top_desktop":"40","padding_top_tablet":"0","padding_top_mobile":"0","padding_bottom_desktop":"40","padding_bottom_tablet":"0","padding_bottom_mobile":"0","activate_custom_margin":false,"margin_top_desktop":"","margin_top_tablet":"","margin_top_mobile":"","margin_bottom_desktop":"","margin_bottom_tablet":"","margin_bottom_mobile":"","disable_on":[],"content_alignment_desktop":"left","content_alignment_tablet":"left","content_alignment_mobile":"left"},"columns_per_rows_desktop":"2","columns_per_rows_tablet":"1","columns_per_rows_mobile":"1","columns":[{"column_background":"#f1f1f1","column_size":"one-third","column_alignment":"align-left","activate_top_right_border_radius":false,"content_type":[{"acf_fc_layout":"simple_content","content":"<h4 style=\"text-align: left;\"><span style=\"color: #008080;\">Ventajas de la suscripci\u00f3n Natus FlexSelect<br \/>\n<\/span><\/h4>\n<ul style=\"text-align: left;\">\n<li><strong>Proporcione el m\u00e1s alto nivel de atenci\u00f3n<\/strong>\u00a0y ampl\u00ede sus servicios con la ayuda de las soluciones de Natus l\u00edderes en el sector<\/li>\n<\/ul>\n<p>&nbsp;<\/p>\n<ul style=\"text-align: left;\">\n<li><strong>Mejore continuamente la eficiencia del flujo de trabajo<\/strong>\u00a0y traslade al software de confianza de Natus la comodidad que supone disponer de unas conexiones seguras y fiables con un acceso total, incluidas actualizaciones peri\u00f3dicas*<\/li>\n<\/ul>\n<p>&nbsp;<\/p>\n<ul style=\"text-align: left;\">\n<li><strong>Minimice el tiempo de inactividad del equipo y evite gastos de reparaci\u00f3n y mantenimiento inesperados<\/strong>\u00a0con asistencia del m\u00e1s alto nivel proporcionada por los t\u00e9cnicos especializados de Natus<\/li>\n<\/ul>\n<p>&nbsp;<\/p>\n<ul style=\"text-align: left;\">\n<li><strong>Conozca m\u00e1s a fondo las funciones y caracter\u00edsticas de su equipo<\/strong>\u00a0asistiendo junto con su personal a cursos de formaci\u00f3n sobre nuestros productos<\/li>\n<\/ul>\n<p>&nbsp;<\/p>\n<ul style=\"text-align: left;\">\n<li><strong>Mejore el control de su presupuesto<\/strong>\u00a0mediante pagos de suscripci\u00f3n trimestrales sencillos y previsibles\u00a0m\u00e1s bajos que el coste de la compra de bienes de capital<\/li>\n<\/ul>\n<p style=\"text-align: left;\">*Es posible que las actualizaciones del software durante el per\u00edodo de suscripci\u00f3n est\u00e9n incluidas en la <span style=\"font-size: 11px;\">suscripci\u00f3n,<\/span> en aquellos casos en los que sea aplicable<\/p>\n"}]},{"column_background":"#f1f1f1","column_size":"one-third","column_alignment":"align-left","activate_top_right_border_radius":false,"content_type":[{"acf_fc_layout":"simple_content","content":"<p><img loading=\"lazy\" decoding=\"async\" class=\"alignleft wp-image-12101 size-full\" src=\"https:\/\/natus.com\/wp-content\/uploads\/Natus_FlexSelect-Breakdown-ES.png\" alt=\"\" width=\"544\" height=\"774\" \/><\/p>\n"}]}]}},{"acf_fc_layout":"contact","_acfe_flexible_toggle":"","contact_form_landing":{"module_options":{"":null,"module_id":"n6514674f65d42","module_class":"","module_background_type":"color","module_background_color":"","module_background_image":false,"module_background_video":"","activate_custom_padding":false,"padding_top_desktop":0,"padding_top_tablet":"","padding_top_mobile":"","padding_bottom_desktop":"","padding_bottom_tablet":"","padding_bottom_mobile":"","activate_custom_margin":false,"margin_top_desktop":"","margin_top_tablet":"","margin_top_mobile":"","margin_bottom_desktop":"","margin_bottom_tablet":"","margin_bottom_mobile":"","disable_on":[],"content_alignment_desktop":"left","content_alignment_tablet":"left","content_alignment_mobile":"left"},"":null,"activate_intro":true,"intro_text":"Aprenda M\u00e1s","intro_text_color":"#005e63","intro_link":null,"activate_description":true,"description_title":"P\u00f3ngase en contacto con nosotros","description_copy":"Para obtener m\u00e1s informaci\u00f3n sobre los productos de Natus o abordar el modo en que una suscripci\u00f3n FlexSelect puede adaptarse a sus necesidades, p\u00f3ngase en contacto con su distribuidor o representante de ventas local, o rellene el formulario de contacto incluido a continuaci\u00f3n y uno de nuestros representantes se pondr\u00e1 en contacto con usted.","embed_code":"<script charset=\"utf-8\" type=\"text\/javascript\" src=\"\/\/js.hsforms.net\/forms\/embed\/v2.js\"><\/script>\r\n<script>\r\n  hbspt.forms.create({\r\n    region: \"na1\",\r\n    portalId: \"3002890\",\r\n    formId: \"b4b44060-88cf-439e-8a33-78cfba7b55c2\"\r\n  });\r\n<\/script>"}},{"acf_fc_layout":"simple_content","_acfe_flexible_toggle":"","content_full_width_landing":{"module_options":{"":null,"module_id":"n651f835d7169d","module_class":"","module_background_type":"color","module_background_color":"","module_background_image":false,"module_background_video":"","activate_custom_padding":false,"padding_top_desktop":0,"padding_top_tablet":"","padding_top_mobile":"","padding_bottom_desktop":"","padding_bottom_tablet":"","padding_bottom_mobile":"","activate_custom_margin":false,"margin_top_desktop":"","margin_top_tablet":"","margin_top_mobile":"","margin_bottom_desktop":"","margin_bottom_tablet":"","margin_bottom_mobile":"","disable_on":[],"content_alignment_desktop":"left","content_alignment_tablet":"left","content_alignment_mobile":"left"},"content":"<p><span style=\"font-size: 11px;\">035331 RevA<\/span><\/p>\n"}}]},"_links":{"self":[{"href":"https:\/\/natus.com\/es\/wp-json\/wp\/v2\/pages\/11817","targetHints":{"allow":["GET"]}}],"collection":[{"href":"https:\/\/natus.com\/es\/wp-json\/wp\/v2\/pages"}],"about":[{"href":"https:\/\/natus.com\/es\/wp-json\/wp\/v2\/types\/page"}],"author":[{"embeddable":true,"href":"https:\/\/natus.com\/es\/wp-json\/wp\/v2\/users\/2"}],"replies":[{"embeddable":true,"href":"https:\/\/natus.com\/es\/wp-json\/wp\/v2\/comments?post=11817"}],"version-history":[{"count":10,"href":"https:\/\/natus.com\/es\/wp-json\/wp\/v2\/pages\/11817\/revisions"}],"predecessor-version":[{"id":20843,"href":"https:\/\/natus.com\/es\/wp-json\/wp\/v2\/pages\/11817\/revisions\/20843"}],"up":[{"embeddable":true,"href":"https:\/\/natus.com\/es\/wp-json\/wp\/v2\/pages\/11795"}],"wp:attachment":[{"href":"https:\/\/natus.com\/es\/wp-json\/wp\/v2\/media?parent=11817"}],"wp:term":[{"taxonomy":"category","embeddable":true,"href":"https:\/\/natus.com\/es\/wp-json\/wp\/v2\/categories?post=11817"},{"taxonomy":"post_tag","embeddable":true,"href":"https:\/\/natus.com\/es\/wp-json\/wp\/v2\/tags?post=11817"}],"curies":[{"name":"wp","href":"https:\/\/api.w.org\/{rel}","templated":true}]}}