{"id":12659,"date":"2023-09-15T18:12:26","date_gmt":"2023-09-15T18:12:26","guid":{"rendered":"https:\/\/natus.com\/neuro\/emg\/emg-supplies\/"},"modified":"2026-01-21T20:03:47","modified_gmt":"2026-01-21T20:03:47","slug":"suministros-emg","status":"publish","type":"page","link":"https:\/\/natus.com\/es\/neuro\/emg\/suministros-emg\/","title":{"rendered":"Suministros EMG"},"content":{"rendered":"","protected":false},"excerpt":{"rendered":"","protected":false},"author":3,"featured_media":0,"parent":9288,"menu_order":0,"comment_status":"closed","ping_status":"closed","template":"templates\/page-neuro-solutions-category-landing.php","meta":{"_acf_changed":false,"footnotes":""},"categories":[],"tags":[],"class_list":["post-12659","page","type-page","status-publish","hentry"],"acf":{"content_blocks":[{"acf_fc_layout":"hero","_acfe_flexible_layout_title":null,"_acfe_flexible_toggle":null,"hero_locations":{"unique_id":"n64e940f42a11a","background":{"ID":1248,"id":1248,"title":"neuro-products-hero","filename":"neuro-products-hero.jpg","filesize":353779,"url":"https:\/\/natus.com\/wp-content\/uploads\/neuro-products-hero.jpg","link":"https:\/\/natus.com\/es\/productos-neuro\/neuro-products-hero-2\/","alt":"","author":"1","description":"","caption":"","name":"neuro-products-hero-2","status":"inherit","uploaded_to":8356,"date":"2023-08-14 16:56:09","modified":"2023-08-14 16:56:09","menu_order":0,"mime_type":"image\/jpeg","type":"image","subtype":"jpeg","icon":"https:\/\/natus.com\/wp-includes\/images\/media\/default.png","width":1920,"height":500,"sizes":{"thumbnail":"https:\/\/natus.com\/wp-content\/uploads\/neuro-products-hero.jpg","thumbnail-width":128,"thumbnail-height":33,"medium":"https:\/\/natus.com\/wp-content\/uploads\/neuro-products-hero.jpg","medium-width":1920,"medium-height":500,"medium_large":"https:\/\/natus.com\/wp-content\/uploads\/neuro-products-hero-768x200.jpg","medium_large-width":768,"medium_large-height":200,"large":"https:\/\/natus.com\/wp-content\/uploads\/neuro-products-hero.jpg","large-width":1920,"large-height":500,"1536x1536":"https:\/\/natus.com\/wp-content\/uploads\/neuro-products-hero-1536x400.jpg","1536x1536-width":1536,"1536x1536-height":400,"2048x2048":"https:\/\/natus.com\/wp-content\/uploads\/neuro-products-hero.jpg","2048x2048-width":1920,"2048x2048-height":500}},"h1":"Suministros de EMG","description":""}},{"acf_fc_layout":"product_tiles","_acfe_flexible_layout_title":null,"_acfe_flexible_toggle":null,"neuro_product_tiles":{"module_options":{"":null,"module_id":"n6514e6269f11f","module_class":"","module_background_type":"color","module_background_color":"","module_background_image":false,"module_background_video":"","activate_custom_padding":false,"padding_top_desktop":"0","padding_top_tablet":"0","padding_top_mobile":"0","padding_bottom_desktop":"0","padding_bottom_tablet":"0","padding_bottom_mobile":"0","activate_custom_margin":false,"margin_top_desktop":"0","margin_top_tablet":"0","margin_top_mobile":"0","margin_bottom_desktop":"0","margin_bottom_tablet":"0","margin_bottom_mobile":"0","disable_on":[],"content_alignment_desktop":"left","content_alignment_tablet":"left","content_alignment_mobile":"left"},"products":[{"category_title":"","subcategories":[{"subcategory_title":"Suministros de EMG","subcategory_products":[{"label":"","image":{"ID":3305,"id":3305,"title":"Teca Concentric Needles Related Product Photo_500x400","filename":"Teca-Concentric-Needles-Related-Product-Photo_500x400.png","filesize":54481,"url":"https:\/\/natus.com\/wp-content\/uploads\/Teca-Concentric-Needles-Related-Product-Photo_500x400.png","link":"https:\/\/natus.com\/es\/neuro\/electrodos-hipodermica-desechables-inyectables-boject-dhn\/teca-concentric-needles-related-product-photo_500x400-2\/","alt":"Teca Concentric Needles","author":"2","description":"","caption":"","name":"teca-concentric-needles-related-product-photo_500x400-2","status":"inherit","uploaded_to":8535,"date":"2023-09-12 03:19:29","modified":"2024-07-29 21:03:07","menu_order":0,"mime_type":"image\/png","type":"image","subtype":"png","icon":"https:\/\/natus.com\/wp-includes\/images\/media\/default.png","width":500,"height":400,"sizes":{"thumbnail":"https:\/\/natus.com\/wp-content\/uploads\/Teca-Concentric-Needles-Related-Product-Photo_500x400.png","thumbnail-width":120,"thumbnail-height":96,"medium":"https:\/\/natus.com\/wp-content\/uploads\/Teca-Concentric-Needles-Related-Product-Photo_500x400.png","medium-width":500,"medium-height":400,"medium_large":"https:\/\/natus.com\/wp-content\/uploads\/Teca-Concentric-Needles-Related-Product-Photo_500x400.png","medium_large-width":500,"medium_large-height":400,"large":"https:\/\/natus.com\/wp-content\/uploads\/Teca-Concentric-Needles-Related-Product-Photo_500x400.png","large-width":500,"large-height":400,"1536x1536":"https:\/\/natus.com\/wp-content\/uploads\/Teca-Concentric-Needles-Related-Product-Photo_500x400.png","1536x1536-width":500,"1536x1536-height":400,"2048x2048":"https:\/\/natus.com\/wp-content\/uploads\/Teca-Concentric-Needles-Related-Product-Photo_500x400.png","2048x2048-width":500,"2048x2048-height":400}},"title":"Electrodos de aguja de EMG conc\u00e9ntrica desechables TECA\u00ae Elite ","link":{"type":"post","value":"8591","url":"https:\/\/natus.com\/es\/neuro\/electrodos-de-aguja-de-emg-concentrica-desechables-teca-elite\/","name":"Electrodos de aguja de EMG conc\u00e9ntrica desechables TECA\u00ae Elite","title":"Saber M\u00e1s","target":""}},{"label":"","image":{"ID":4254,"id":4254,"title":"Dantec DCN EMG Electrodes Related Product Photo - 500x400","filename":"Dantec-DCN-EMG-Electrodes-Related-Product-Photo-500x400-1.png","filesize":52202,"url":"https:\/\/natus.com\/wp-content\/uploads\/Dantec-DCN-EMG-Electrodes-Related-Product-Photo-500x400-1.png","link":"https:\/\/natus.com\/es\/neuro\/emg\/suministros-emg\/dantec-dcn-emg-electrodes-related-product-photo-500x400-2\/","alt":"Dantec DCN EMG Electrodes ","author":"2","description":"","caption":"","name":"dantec-dcn-emg-electrodes-related-product-photo-500x400-2","status":"inherit","uploaded_to":12659,"date":"2023-09-14 17:57:57","modified":"2024-07-29 20:33:11","menu_order":0,"mime_type":"image\/png","type":"image","subtype":"png","icon":"https:\/\/natus.com\/wp-includes\/images\/media\/default.png","width":500,"height":400,"sizes":{"thumbnail":"https:\/\/natus.com\/wp-content\/uploads\/Dantec-DCN-EMG-Electrodes-Related-Product-Photo-500x400-1.png","thumbnail-width":120,"thumbnail-height":96,"medium":"https:\/\/natus.com\/wp-content\/uploads\/Dantec-DCN-EMG-Electrodes-Related-Product-Photo-500x400-1.png","medium-width":500,"medium-height":400,"medium_large":"https:\/\/natus.com\/wp-content\/uploads\/Dantec-DCN-EMG-Electrodes-Related-Product-Photo-500x400-1.png","medium_large-width":500,"medium_large-height":400,"large":"https:\/\/natus.com\/wp-content\/uploads\/Dantec-DCN-EMG-Electrodes-Related-Product-Photo-500x400-1.png","large-width":500,"large-height":400,"1536x1536":"https:\/\/natus.com\/wp-content\/uploads\/Dantec-DCN-EMG-Electrodes-Related-Product-Photo-500x400-1.png","1536x1536-width":500,"1536x1536-height":400,"2048x2048":"https:\/\/natus.com\/wp-content\/uploads\/Dantec-DCN-EMG-Electrodes-Related-Product-Photo-500x400-1.png","2048x2048-width":500,"2048x2048-height":400}},"title":"Electrodos de aguja de EMG conc\u00e9ntrica desechables Dantec\u00ae DCN ","link":{"type":"post","value":"8620","url":"https:\/\/natus.com\/es\/neuro\/electrodos-de-aguja-de-emg-concentrica-desechables-dantec-dcn\/","name":"Electrodos de aguja de EMG conc\u00e9ntrica desechables Dantec\u00ae DCN","title":"Saber M\u00e1s","target":""}},{"label":"","image":{"ID":4306,"id":4306,"title":"Teca Monopolar EMG needles Related Product Photo - 500x400","filename":"TECA-DMN-blue-coating-500x400-Related-Product-Image.png","filesize":49768,"url":"https:\/\/natus.com\/wp-content\/uploads\/TECA-DMN-blue-coating-500x400-Related-Product-Image.png","link":"https:\/\/natus.com\/es\/neuro\/electrodos-de-aguja-de-emg-concentrica-desechables-teca-elite\/teca-monopolar-emg-needles-related-product-photo-500x400-2\/","alt":"TECA DMN blue coating","author":"2","description":"","caption":"","name":"teca-monopolar-emg-needles-related-product-photo-500x400-2","status":"inherit","uploaded_to":8591,"date":"2023-09-14 18:36:35","modified":"2024-07-30 19:21:14","menu_order":0,"mime_type":"image\/png","type":"image","subtype":"png","icon":"https:\/\/natus.com\/wp-includes\/images\/media\/default.png","width":500,"height":400,"sizes":{"thumbnail":"https:\/\/natus.com\/wp-content\/uploads\/TECA-DMN-blue-coating-500x400-Related-Product-Image.png","thumbnail-width":120,"thumbnail-height":96,"medium":"https:\/\/natus.com\/wp-content\/uploads\/TECA-DMN-blue-coating-500x400-Related-Product-Image.png","medium-width":500,"medium-height":400,"medium_large":"https:\/\/natus.com\/wp-content\/uploads\/TECA-DMN-blue-coating-500x400-Related-Product-Image.png","medium_large-width":500,"medium_large-height":400,"large":"https:\/\/natus.com\/wp-content\/uploads\/TECA-DMN-blue-coating-500x400-Related-Product-Image.png","large-width":500,"large-height":400,"1536x1536":"https:\/\/natus.com\/wp-content\/uploads\/TECA-DMN-blue-coating-500x400-Related-Product-Image.png","1536x1536-width":500,"1536x1536-height":400,"2048x2048":"https:\/\/natus.com\/wp-content\/uploads\/TECA-DMN-blue-coating-500x400-Related-Product-Image.png","2048x2048-width":500,"2048x2048-height":400}},"title":"Electrodos de aguja monopolar de EMG desechables TECA\u00ae","link":{"type":"post","value":"8703","url":"https:\/\/natus.com\/es\/neuro\/electrodos-de-aguja-monopolar-de-emg-desechables-teca\/","name":"Electrodos de aguja monopolar de EMG desechables TECA\u00ae","title":"Saber M\u00e1s","target":""}},{"label":"","image":{"ID":2785,"id":2785,"title":"natus_ultra_monopolar_needle_electrodes (1)","filename":"natus_ultra_monopolar_needle_electrodes-1.jpg","filesize":20097,"url":"https:\/\/natus.com\/wp-content\/uploads\/natus_ultra_monopolar_needle_electrodes-1.jpg","link":"https:\/\/natus.com\/es\/neuro\/nicolet-edx-emg\/natus_ultra_monopolar_needle_electrodes-1-2\/","alt":"Natus Monopolar EMG Needles ","author":"2","description":"","caption":"","name":"natus_ultra_monopolar_needle_electrodes-1-2","status":"inherit","uploaded_to":8564,"date":"2023-09-09 15:45:16","modified":"2024-07-29 21:10:24","menu_order":0,"mime_type":"image\/jpeg","type":"image","subtype":"jpeg","icon":"https:\/\/natus.com\/wp-includes\/images\/media\/default.png","width":500,"height":400,"sizes":{"thumbnail":"https:\/\/natus.com\/wp-content\/uploads\/natus_ultra_monopolar_needle_electrodes-1.jpg","thumbnail-width":120,"thumbnail-height":96,"medium":"https:\/\/natus.com\/wp-content\/uploads\/natus_ultra_monopolar_needle_electrodes-1.jpg","medium-width":500,"medium-height":400,"medium_large":"https:\/\/natus.com\/wp-content\/uploads\/natus_ultra_monopolar_needle_electrodes-1.jpg","medium_large-width":500,"medium_large-height":400,"large":"https:\/\/natus.com\/wp-content\/uploads\/natus_ultra_monopolar_needle_electrodes-1.jpg","large-width":500,"large-height":400,"1536x1536":"https:\/\/natus.com\/wp-content\/uploads\/natus_ultra_monopolar_needle_electrodes-1.jpg","1536x1536-width":500,"1536x1536-height":400,"2048x2048":"https:\/\/natus.com\/wp-content\/uploads\/natus_ultra_monopolar_needle_electrodes-1.jpg","2048x2048-width":500,"2048x2048-height":400}},"title":"Electrodos de aguja monopolar desechables Natus\u00ae Ultra con derivaciones conectada","link":{"type":"post","value":"8612","url":"https:\/\/natus.com\/es\/neuro\/electrodes-aiguilles-monopolaires-usage-unique-ultra-natus\/","name":"Electrodos de aguja monopolar desechables Natus\u00ae Ultra","title":"Saber M\u00e1s","target":""}},{"label":"","image":{"ID":3310,"id":3310,"title":"Teca Myoject Luer Lock Related Product Photo_500x400","filename":"TECA-Myoject-GRN-MJT-3726-LL-500x400-1.jpg","filesize":104869,"url":"https:\/\/natus.com\/wp-content\/uploads\/TECA-Myoject-GRN-MJT-3726-LL-500x400-1.jpg","link":"https:\/\/natus.com\/es\/neuro\/electrodos-hipodermica-desechables-inyectables-boject-dhn\/teca-myoject-luer-lock-related-product-photo_500x400-2\/","alt":"Teca Myoject Luer Lock ","author":"2","description":"","caption":"","name":"teca-myoject-luer-lock-related-product-photo_500x400-2","status":"inherit","uploaded_to":8535,"date":"2023-09-12 03:23:13","modified":"2024-07-29 21:03:00","menu_order":0,"mime_type":"image\/png","type":"image","subtype":"png","icon":"https:\/\/natus.com\/wp-includes\/images\/media\/default.png","width":500,"height":400,"sizes":{"thumbnail":"https:\/\/natus.com\/wp-content\/uploads\/TECA-Myoject-GRN-MJT-3726-LL-500x400-1.jpg","thumbnail-width":120,"thumbnail-height":96,"medium":"https:\/\/natus.com\/wp-content\/uploads\/TECA-Myoject-GRN-MJT-3726-LL-500x400-1.jpg","medium-width":500,"medium-height":400,"medium_large":"https:\/\/natus.com\/wp-content\/uploads\/TECA-Myoject-GRN-MJT-3726-LL-500x400-1.jpg","medium_large-width":500,"medium_large-height":400,"large":"https:\/\/natus.com\/wp-content\/uploads\/TECA-Myoject-GRN-MJT-3726-LL-500x400-1.jpg","large-width":500,"large-height":400,"1536x1536":"https:\/\/natus.com\/wp-content\/uploads\/TECA-Myoject-GRN-MJT-3726-LL-500x400-1.jpg","1536x1536-width":500,"1536x1536-height":400,"2048x2048":"https:\/\/natus.com\/wp-content\/uploads\/TECA-Myoject-GRN-MJT-3726-LL-500x400-1.jpg","2048x2048-width":500,"2048x2048-height":400}},"title":"Electrodos de aguja inyectable con sistema de bloqueo Luer desechables TECA\u00ae MyoJect\u00ae","link":{"type":"post","value":"9235","url":"https:\/\/natus.com\/es\/neuro\/electrodos-de-aguja-inyectable-con-sistema-de-bloqueo-luer-desechables-teca-myoject\/","name":"Electrodos de aguja inyectable con sistema de bloqueo Luer desechables TECA\u00ae MyoJect\u00ae","title":"Saber M\u00e1s","target":""}},{"label":"","image":{"ID":3271,"id":3271,"title":"Boject DHN Needle Related Product Image_500x400","filename":"boject-tan-9013S0422-500x400-1.jpg","filesize":129245,"url":"https:\/\/natus.com\/wp-content\/uploads\/boject-tan-9013S0422-500x400-1.jpg","link":"https:\/\/natus.com\/es\/neuro\/emg-portatil-dantec-clavis\/boject-dhn-needle-related-product-image_500x400-2\/","alt":"Bo-ject DHN Needle ","author":"2","description":"","caption":"","name":"boject-dhn-needle-related-product-image_500x400-2","status":"inherit","uploaded_to":8545,"date":"2023-09-11 21:53:05","modified":"2024-07-29 21:03:39","menu_order":0,"mime_type":"image\/png","type":"image","subtype":"png","icon":"https:\/\/natus.com\/wp-includes\/images\/media\/default.png","width":500,"height":400,"sizes":{"thumbnail":"https:\/\/natus.com\/wp-content\/uploads\/boject-tan-9013S0422-500x400-1.jpg","thumbnail-width":120,"thumbnail-height":96,"medium":"https:\/\/natus.com\/wp-content\/uploads\/boject-tan-9013S0422-500x400-1.jpg","medium-width":500,"medium-height":400,"medium_large":"https:\/\/natus.com\/wp-content\/uploads\/boject-tan-9013S0422-500x400-1.jpg","medium_large-width":500,"medium_large-height":400,"large":"https:\/\/natus.com\/wp-content\/uploads\/boject-tan-9013S0422-500x400-1.jpg","large-width":500,"large-height":400,"1536x1536":"https:\/\/natus.com\/wp-content\/uploads\/boject-tan-9013S0422-500x400-1.jpg","1536x1536-width":500,"1536x1536-height":400,"2048x2048":"https:\/\/natus.com\/wp-content\/uploads\/boject-tan-9013S0422-500x400-1.jpg","2048x2048-width":500,"2048x2048-height":400}},"title":"Electrodos de aguja hipod\u00e9rmica desechables inyectables Bo-ject\u00ae DHN","link":{"type":"post","value":"8535","url":"https:\/\/natus.com\/es\/neuro\/electrodos-hipodermica-desechables-inyectables-boject-dhn\/","name":"Electrodos de aguja hipod\u00e9rmica desechables inyectables Bo-ject\u00ae DHN","title":"Saber M\u00e1s","target":""}},{"label":"","image":{"ID":3276,"id":3276,"title":"Natus Adhesive Electrodes Related Product Photo - 500x400","filename":"Natus-Adhesive-Electrodes-Related-Product-Photo-500x400-1.jpg","filesize":134861,"url":"https:\/\/natus.com\/wp-content\/uploads\/Natus-Adhesive-Electrodes-Related-Product-Photo-500x400-1.jpg","link":"https:\/\/natus.com\/es\/neuro\/emg-portatil-dantec-clavis\/natus-adhesive-electrodes-related-product-photo-500x400-2\/","alt":"Natus Adhesive Electrodes ","author":"2","description":"","caption":"Disposable","name":"natus-adhesive-electrodes-related-product-photo-500x400-2","status":"inherit","uploaded_to":8545,"date":"2023-09-11 21:58:17","modified":"2024-07-29 21:03:29","menu_order":0,"mime_type":"image\/jpeg","type":"image","subtype":"jpeg","icon":"https:\/\/natus.com\/wp-includes\/images\/media\/default.png","width":500,"height":400,"sizes":{"thumbnail":"https:\/\/natus.com\/wp-content\/uploads\/Natus-Adhesive-Electrodes-Related-Product-Photo-500x400-1.jpg","thumbnail-width":120,"thumbnail-height":96,"medium":"https:\/\/natus.com\/wp-content\/uploads\/Natus-Adhesive-Electrodes-Related-Product-Photo-500x400-1.jpg","medium-width":500,"medium-height":400,"medium_large":"https:\/\/natus.com\/wp-content\/uploads\/Natus-Adhesive-Electrodes-Related-Product-Photo-500x400-1.jpg","medium_large-width":500,"medium_large-height":400,"large":"https:\/\/natus.com\/wp-content\/uploads\/Natus-Adhesive-Electrodes-Related-Product-Photo-500x400-1.jpg","large-width":500,"large-height":400,"1536x1536":"https:\/\/natus.com\/wp-content\/uploads\/Natus-Adhesive-Electrodes-Related-Product-Photo-500x400-1.jpg","1536x1536-width":500,"1536x1536-height":400,"2048x2048":"https:\/\/natus.com\/wp-content\/uploads\/Natus-Adhesive-Electrodes-Related-Product-Photo-500x400-1.jpg","2048x2048-width":500,"2048x2048-height":400}},"title":"Electrodos adhesivos desechables Natus\u00ae","link":{"type":"post","value":"8615","url":"https:\/\/natus.com\/es\/neuro\/electrodos-adhesivos-desechables-natus\/","name":"Electrodos adhesivos desechables Natus\u00ae","title":"Saber M\u00e1s","target":""}}]}]}]}},{"acf_fc_layout":"contact","_acfe_flexible_layout_title":null,"_acfe_flexible_toggle":null,"left_image_right_content_single_cta_landing":{"module_options":{"":null,"module_id":"n6514e33657cfc","module_class":"","module_background_type":"color","module_background_color":"","module_background_image":false,"module_background_video":"","activate_custom_padding":false,"padding_top_desktop":"0","padding_top_tablet":"0","padding_top_mobile":"0","padding_bottom_desktop":"0","padding_bottom_tablet":"0","padding_bottom_mobile":"0","activate_custom_margin":false,"margin_top_desktop":"0","margin_top_tablet":"0","margin_top_mobile":"0","margin_bottom_desktop":"0","margin_bottom_tablet":"0","margin_bottom_mobile":"0","disable_on":[],"content_alignment_desktop":"left","content_alignment_tablet":"left","content_alignment_mobile":"left"},"":null,"image":{"ID":3847,"id":3847,"title":"NTA banner_800x450","filename":"NTA-banner_800x450.png","filesize":390422,"url":"https:\/\/natus.com\/wp-content\/uploads\/NTA-banner_800x450.png","link":"https:\/\/natus.com\/es\/neuro\/eeg-aeeg\/nta-banner_800x450-2\/","alt":"NTA Banner image","author":"2","description":"","caption":"","name":"nta-banner_800x450-2","status":"inherit","uploaded_to":11406,"date":"2023-09-13 17:16:26","modified":"2024-07-29 20:42:14","menu_order":0,"mime_type":"image\/png","type":"image","subtype":"png","icon":"https:\/\/natus.com\/wp-includes\/images\/media\/default.png","width":800,"height":450,"sizes":{"thumbnail":"https:\/\/natus.com\/wp-content\/uploads\/NTA-banner_800x450.png","thumbnail-width":128,"thumbnail-height":72,"medium":"https:\/\/natus.com\/wp-content\/uploads\/NTA-banner_800x450.png","medium-width":800,"medium-height":450,"medium_large":"https:\/\/natus.com\/wp-content\/uploads\/NTA-banner_800x450-768x432.png","medium_large-width":768,"medium_large-height":432,"large":"https:\/\/natus.com\/wp-content\/uploads\/NTA-banner_800x450.png","large-width":800,"large-height":450,"1536x1536":"https:\/\/natus.com\/wp-content\/uploads\/NTA-banner_800x450.png","1536x1536-width":800,"1536x1536-height":450,"2048x2048":"https:\/\/natus.com\/wp-content\/uploads\/NTA-banner_800x450.png","2048x2048-width":800,"2048x2048-height":450}},"activate_image_caption":false,"image_caption_icon":false,"image_caption_title":"","image_caption_description":"","label":"Educaci\u00f3n","title":"Neuro Training Academy","description":"<p><span class=\"NormalTextRun SCXW123054176 BCX0\">Si desea ampliar sus conocimientos cl\u00ednicos, mejorar sus habilidades o sacar el m\u00e1ximo partido a sus soluciones neurol\u00f3gicas de <\/span><span class=\"NormalTextRun SCXW123054176 BCX0\">Natus<\/span><span class=\"NormalTextRun SCXW123054176 BCX0\">, explore los recursos de nuestra Neuro Training <\/span><span class=\"NormalTextRun SCXW123054176 BCX0\">Academy<\/span><span class=\"NormalTextRun SCXW123054176 BCX0\">.<\/span> <span class=\"NormalTextRun SCXW123054176 BCX0\">Conozca los \u00faltimos avances cient\u00edficos y tecnol\u00f3gicos de la mano de los l\u00edderes en este campo para marcar la diferencia con sus pacientes.<\/span><\/p>\n","link":{"type":"url","value":"https:\/\/neuro-training.academy","url":"https:\/\/neuro-training.academy","name":"https:\/\/neuro-training.academy","title":"M\u00e1s informaci\u00f3n","target":"_blank"}}},{"acf_fc_layout":"contact","_acfe_flexible_layout_title":null,"_acfe_flexible_toggle":null,"left_image_right_content_single_cta_landing":{"module_options":{"":null,"module_id":"n6514e3365d29a","module_class":"","module_background_type":"color","module_background_color":"","module_background_image":false,"module_background_video":"","activate_custom_padding":false,"padding_top_desktop":"0","padding_top_tablet":"0","padding_top_mobile":"0","padding_bottom_desktop":"0","padding_bottom_tablet":"0","padding_bottom_mobile":"0","activate_custom_margin":false,"margin_top_desktop":"0","margin_top_tablet":"0","margin_top_mobile":"0","margin_bottom_desktop":"0","margin_bottom_tablet":"0","margin_bottom_mobile":"0","disable_on":[],"content_alignment_desktop":"left","content_alignment_tablet":"left","content_alignment_mobile":"left"},"":null,"image":{"ID":4241,"id":4241,"title":"Contact Us 800x450","filename":"Contact-Us-800x450-1.png","filesize":437541,"url":"https:\/\/natus.com\/wp-content\/uploads\/Contact-Us-800x450-1.png","link":"https:\/\/natus.com\/es\/neuro\/contact-us-800x450-2\/","alt":"Shaking Hands - Contact Us","author":"2","description":"","caption":"","name":"contact-us-800x450-2","status":"inherit","uploaded_to":10464,"date":"2023-09-14 17:35:31","modified":"2024-07-29 20:33:28","menu_order":0,"mime_type":"image\/png","type":"image","subtype":"png","icon":"https:\/\/natus.com\/wp-includes\/images\/media\/default.png","width":800,"height":450,"sizes":{"thumbnail":"https:\/\/natus.com\/wp-content\/uploads\/Contact-Us-800x450-1.png","thumbnail-width":128,"thumbnail-height":72,"medium":"https:\/\/natus.com\/wp-content\/uploads\/Contact-Us-800x450-1.png","medium-width":800,"medium-height":450,"medium_large":"https:\/\/natus.com\/wp-content\/uploads\/Contact-Us-800x450-1-768x432.png","medium_large-width":768,"medium_large-height":432,"large":"https:\/\/natus.com\/wp-content\/uploads\/Contact-Us-800x450-1.png","large-width":800,"large-height":450,"1536x1536":"https:\/\/natus.com\/wp-content\/uploads\/Contact-Us-800x450-1.png","1536x1536-width":800,"1536x1536-height":450,"2048x2048":"https:\/\/natus.com\/wp-content\/uploads\/Contact-Us-800x450-1.png","2048x2048-width":800,"2048x2048-height":450}},"activate_image_caption":false,"image_caption_icon":false,"image_caption_title":"","image_caption_description":"","label":"P\u00f3ngase en contacto con su representante de Natus Neuro","title":"\u00bfListo para comenzar su viaje con Natus?","description":"<p>Para obtener m\u00e1s informaci\u00f3n sobre cualquiera de nuestras soluciones neuronales l\u00edderes en el sector o sobre c\u00f3mo podemos ayudarle a mejorar sus capacidades de asistencia, p\u00f3ngase en contacto con un representante de Natus.<\/p>\n","link":{"type":"post","value":"8346","url":"https:\/\/natus.com\/es\/ubicaciones\/","name":"Ubicaciones","title":"P\u00f3ngase en contacto con nosotros","target":""}}}]},"_links":{"self":[{"href":"https:\/\/natus.com\/es\/wp-json\/wp\/v2\/pages\/12659","targetHints":{"allow":["GET"]}}],"collection":[{"href":"https:\/\/natus.com\/es\/wp-json\/wp\/v2\/pages"}],"about":[{"href":"https:\/\/natus.com\/es\/wp-json\/wp\/v2\/types\/page"}],"author":[{"embeddable":true,"href":"https:\/\/natus.com\/es\/wp-json\/wp\/v2\/users\/3"}],"replies":[{"embeddable":true,"href":"https:\/\/natus.com\/es\/wp-json\/wp\/v2\/comments?post=12659"}],"version-history":[{"count":4,"href":"https:\/\/natus.com\/es\/wp-json\/wp\/v2\/pages\/12659\/revisions"}],"predecessor-version":[{"id":20266,"href":"https:\/\/natus.com\/es\/wp-json\/wp\/v2\/pages\/12659\/revisions\/20266"}],"up":[{"embeddable":true,"href":"https:\/\/natus.com\/es\/wp-json\/wp\/v2\/pages\/9288"}],"wp:attachment":[{"href":"https:\/\/natus.com\/es\/wp-json\/wp\/v2\/media?parent=12659"}],"wp:term":[{"taxonomy":"category","embeddable":true,"href":"https:\/\/natus.com\/es\/wp-json\/wp\/v2\/categories?post=12659"},{"taxonomy":"post_tag","embeddable":true,"href":"https:\/\/natus.com\/es\/wp-json\/wp\/v2\/tags?post=12659"}],"curies":[{"name":"wp","href":"https:\/\/api.w.org\/{rel}","templated":true}]}}