{"id":12708,"date":"2023-09-15T20:51:08","date_gmt":"2023-09-15T20:51:08","guid":{"rendered":"https:\/\/natus.com\/neuro\/cuidados-neurointensivos-y-lesion-cerebral\/eeg-in-the-icu\/"},"modified":"2026-03-13T20:56:01","modified_gmt":"2026-03-13T20:56:01","slug":"eeg-en-la-uci","status":"publish","type":"page","link":"https:\/\/natus.com\/es\/neuro\/cuidados-neurointensivos-y-lesion-cerebral\/eeg-en-la-uci\/","title":{"rendered":"EEG en la UCI"},"content":{"rendered":"","protected":false},"excerpt":{"rendered":"","protected":false},"author":3,"featured_media":0,"parent":11416,"menu_order":0,"comment_status":"closed","ping_status":"closed","template":"templates\/page-neuro-solutions-category-landing.php","meta":{"_acf_changed":false,"footnotes":""},"categories":[],"tags":[],"class_list":["post-12708","page","type-page","status-publish","hentry"],"acf":{"content_blocks":[{"acf_fc_layout":"hero","_acfe_flexible_layout_title":null,"_acfe_flexible_toggle":null,"hero_locations":{"unique_id":"n64e940f42a11a","background":{"ID":1248,"id":1248,"title":"neuro-products-hero","filename":"neuro-products-hero.jpg","filesize":353779,"url":"https:\/\/natus.com\/wp-content\/uploads\/neuro-products-hero.jpg","link":"https:\/\/natus.com\/es\/productos-neuro\/neuro-products-hero-2\/","alt":"","author":"1","description":"","caption":"","name":"neuro-products-hero-2","status":"inherit","uploaded_to":8356,"date":"2023-08-14 16:56:09","modified":"2023-08-14 16:56:09","menu_order":0,"mime_type":"image\/jpeg","type":"image","subtype":"jpeg","icon":"https:\/\/natus.com\/wp-includes\/images\/media\/default.png","width":1920,"height":500,"sizes":{"thumbnail":"https:\/\/natus.com\/wp-content\/uploads\/neuro-products-hero.jpg","thumbnail-width":128,"thumbnail-height":33,"medium":"https:\/\/natus.com\/wp-content\/uploads\/neuro-products-hero.jpg","medium-width":1920,"medium-height":500,"medium_large":"https:\/\/natus.com\/wp-content\/uploads\/neuro-products-hero-768x200.jpg","medium_large-width":768,"medium_large-height":200,"large":"https:\/\/natus.com\/wp-content\/uploads\/neuro-products-hero.jpg","large-width":1920,"large-height":500,"1536x1536":"https:\/\/natus.com\/wp-content\/uploads\/neuro-products-hero-1536x400.jpg","1536x1536-width":1536,"1536x1536-height":400,"2048x2048":"https:\/\/natus.com\/wp-content\/uploads\/neuro-products-hero.jpg","2048x2048-width":1920,"2048x2048-height":500}},"h1":"EEG en la UCI<br \/>\r\n","description":""}},{"acf_fc_layout":"intro","_acfe_flexible_layout_title":null,"_acfe_flexible_toggle":null,"intro_2_columns_landing":{"module_options":{"":null,"module_id":"n66e1c4b4a3641","module_class":"","module_background_type":"color","module_background_color":"","module_background_image":false,"module_background_video":"","activate_custom_padding":false,"padding_top_desktop":0,"padding_top_tablet":"","padding_top_mobile":"","padding_bottom_desktop":"","padding_bottom_tablet":"","padding_bottom_mobile":"","activate_custom_margin":false,"margin_top_desktop":"","margin_top_tablet":"","margin_top_mobile":"","margin_bottom_desktop":"","margin_bottom_tablet":"","margin_bottom_mobile":"","disable_on":[],"content_alignment_desktop":"left","content_alignment_tablet":"left","content_alignment_mobile":"left"},"top_divider_colour":"","title":"EEG dise\u00f1ado para la UCI","description":"El diagn\u00f3stico oportuno y la monitorizaci\u00f3n avanzada son fundamentales en el tratamiento de pacientes cr\u00edticos con lesiones cerebrales graves y otras afecciones neurol\u00f3gicas. En estos entornos de alto riesgo, la monitorizaci\u00f3n neurol\u00f3gica continua y precisa puede marcar una diferencia significativa en los resultados de los pacientes. Natus ofrece soluciones completas y avanzadas para la monitorizaci\u00f3n de EEG dise\u00f1adas para su uso en la UCI, que permiten a los profesionales sanitarios detectar y responder a los cambios neurol\u00f3gicos en el momento en que se producen.<br \/>\r\n<br \/>\r\nCon funciones que permiten el an\u00e1lisis de datos en tiempo real, la monitorizaci\u00f3n remota y la integraci\u00f3n con otras tecnolog\u00edas de la UCI, las soluciones de EEG de Natus en la UCI permiten a los m\u00e9dicos tomar decisiones informadas con rapidez y confianza, optimizando la atenci\u00f3n al paciente en los escenarios m\u00e1s dif\u00edciles."}},{"acf_fc_layout":"product_tiles","_acfe_flexible_layout_title":null,"_acfe_flexible_toggle":null,"neuro_product_tiles":{"module_options":{"":null,"module_id":"n6514f0009d209","module_class":"","module_background_type":"color","module_background_color":"","module_background_image":false,"module_background_video":"","activate_custom_padding":false,"padding_top_desktop":0,"padding_top_tablet":"","padding_top_mobile":"","padding_bottom_desktop":"","padding_bottom_tablet":"","padding_bottom_mobile":"","activate_custom_margin":false,"margin_top_desktop":"","margin_top_tablet":"","margin_top_mobile":"","margin_bottom_desktop":"","margin_bottom_tablet":"","margin_bottom_mobile":"","disable_on":[],"content_alignment_desktop":"left","content_alignment_tablet":"left","content_alignment_mobile":"left"},"products":[{"category_title":"","subcategories":[{"subcategory_title":"EEG en la UCI","subcategory_products":[{"label":"","image":{"ID":4269,"id":4269,"title":"NeuroWorks Related Product Photo - 500x400","filename":"Neuroworks-10-Related-Product-Photo-500x400-1.png","filesize":211965,"url":"https:\/\/natus.com\/wp-content\/uploads\/Neuroworks-10-Related-Product-Photo-500x400-1.png","link":"https:\/\/natus.com\/es\/neuro\/sistema-eeg-ambulatorio-video-continuo-trex-hd\/neuroworks-related-product-photo-500x400-2\/","alt":"","author":"2","description":"","caption":"","name":"neuroworks-related-product-photo-500x400-2","status":"inherit","uploaded_to":9774,"date":"2023-09-14 18:10:52","modified":"2023-09-28 20:13:16","menu_order":0,"mime_type":"image\/png","type":"image","subtype":"png","icon":"https:\/\/natus.com\/wp-includes\/images\/media\/default.png","width":500,"height":400,"sizes":{"thumbnail":"https:\/\/natus.com\/wp-content\/uploads\/Neuroworks-10-Related-Product-Photo-500x400-1.png","thumbnail-width":120,"thumbnail-height":96,"medium":"https:\/\/natus.com\/wp-content\/uploads\/Neuroworks-10-Related-Product-Photo-500x400-1.png","medium-width":500,"medium-height":400,"medium_large":"https:\/\/natus.com\/wp-content\/uploads\/Neuroworks-10-Related-Product-Photo-500x400-1.png","medium_large-width":500,"medium_large-height":400,"large":"https:\/\/natus.com\/wp-content\/uploads\/Neuroworks-10-Related-Product-Photo-500x400-1.png","large-width":500,"large-height":400,"1536x1536":"https:\/\/natus.com\/wp-content\/uploads\/Neuroworks-10-Related-Product-Photo-500x400-1.png","1536x1536-width":500,"1536x1536-height":400,"2048x2048":"https:\/\/natus.com\/wp-content\/uploads\/Neuroworks-10-Related-Product-Photo-500x400-1.png","2048x2048-width":500,"2048x2048-height":400}},"title":"Software de EEG Natus\u00ae NeuroWorks\u00ae","link":{"type":"post","value":"9424","url":"https:\/\/natus.com\/es\/neuro\/neuroworks-eeg-software\/","name":"Software de EEG Natus\u00ae NeuroWorks\u00ae","title":"Saber M\u00e1s","target":""}},{"label":"","image":{"ID":4217,"id":4217,"title":"Brain Monitor Related Product Photo - 500x400","filename":"Bain-Monitor-related-product-500x400-2.png","filesize":177168,"url":"https:\/\/natus.com\/wp-content\/uploads\/Bain-Monitor-related-product-500x400-2.png","link":"https:\/\/natus.com\/es\/neuro\/neuroworks-eeg-software\/brain-monitor-related-product-photo-500x400-2\/","alt":"Natus Brain Monitor","author":"2","description":"","caption":"","name":"brain-monitor-related-product-photo-500x400-2","status":"inherit","uploaded_to":9424,"date":"2023-09-14 14:44:16","modified":"2024-11-01 16:25:20","menu_order":0,"mime_type":"image\/jpeg","type":"image","subtype":"jpeg","icon":"https:\/\/natus.com\/wp-includes\/images\/media\/default.png","width":500,"height":400,"sizes":{"thumbnail":"https:\/\/natus.com\/wp-content\/uploads\/Bain-Monitor-related-product-500x400-2.png","thumbnail-width":120,"thumbnail-height":96,"medium":"https:\/\/natus.com\/wp-content\/uploads\/Bain-Monitor-related-product-500x400-2.png","medium-width":500,"medium-height":400,"medium_large":"https:\/\/natus.com\/wp-content\/uploads\/Bain-Monitor-related-product-500x400-2.png","medium_large-width":500,"medium_large-height":400,"large":"https:\/\/natus.com\/wp-content\/uploads\/Bain-Monitor-related-product-500x400-2.png","large-width":500,"large-height":400,"1536x1536":"https:\/\/natus.com\/wp-content\/uploads\/Bain-Monitor-related-product-500x400-2.png","1536x1536-width":500,"1536x1536-height":400,"2048x2048":"https:\/\/natus.com\/wp-content\/uploads\/Bain-Monitor-related-product-500x400-2.png","2048x2048-width":500,"2048x2048-height":400}},"title":"Amplificador de EEG Natus\u00ae Brain Monitor","link":{"type":"post","value":"9419","url":"https:\/\/natus.com\/es\/neuro\/amplificador-eeg-natus-brain-monitor\/","name":"Amplificador de EEG Natus\u00ae Brain Monitor","title":"Saber M\u00e1s","target":""}},{"label":"","image":{"ID":5602,"id":5602,"title":"Brain Quick ICU Related Product Photo - 500x400","filename":"BQ-ICU-with-SD-PLUS-FLEXI_Related-Products-Image-500x400-1.png","filesize":145863,"url":"https:\/\/natus.com\/wp-content\/uploads\/BQ-ICU-with-SD-PLUS-FLEXI_Related-Products-Image-500x400-1.png","link":"https:\/\/natus.com\/es\/neuro\/brain-quick-eeg-software\/brain-quick-icu-related-product-photo-500x400-2\/","alt":"Brain Quick ICU ","author":"2","description":"","caption":"","name":"brain-quick-icu-related-product-photo-500x400-2","status":"inherit","uploaded_to":9305,"date":"2023-09-20 00:17:23","modified":"2024-07-26 17:04:30","menu_order":0,"mime_type":"image\/png","type":"image","subtype":"png","icon":"https:\/\/natus.com\/wp-includes\/images\/media\/default.png","width":500,"height":400,"sizes":{"thumbnail":"https:\/\/natus.com\/wp-content\/uploads\/BQ-ICU-with-SD-PLUS-FLEXI_Related-Products-Image-500x400-1.png","thumbnail-width":120,"thumbnail-height":96,"medium":"https:\/\/natus.com\/wp-content\/uploads\/BQ-ICU-with-SD-PLUS-FLEXI_Related-Products-Image-500x400-1.png","medium-width":500,"medium-height":400,"medium_large":"https:\/\/natus.com\/wp-content\/uploads\/BQ-ICU-with-SD-PLUS-FLEXI_Related-Products-Image-500x400-1.png","medium_large-width":500,"medium_large-height":400,"large":"https:\/\/natus.com\/wp-content\/uploads\/BQ-ICU-with-SD-PLUS-FLEXI_Related-Products-Image-500x400-1.png","large-width":500,"large-height":400,"1536x1536":"https:\/\/natus.com\/wp-content\/uploads\/BQ-ICU-with-SD-PLUS-FLEXI_Related-Products-Image-500x400-1.png","1536x1536-width":500,"1536x1536-height":400,"2048x2048":"https:\/\/natus.com\/wp-content\/uploads\/BQ-ICU-with-SD-PLUS-FLEXI_Related-Products-Image-500x400-1.png","2048x2048-width":500,"2048x2048-height":400}},"title":"BRAIN QUICK\u00ae ICU System","link":{"type":"post","value":"9313","url":"https:\/\/natus.com\/es\/neuro\/brain-quick-icu\/","name":"BRAIN QUICK\u00ae ICU System","title":"Saber M\u00e1s","target":""}},{"label":"","image":{"ID":4274,"id":4274,"title":"Brainquick Software Related Product Photo - 500x400","filename":"Brain-quick-EEG-Software-Related-Product-Photo-500x400-1.png","filesize":184768,"url":"https:\/\/natus.com\/wp-content\/uploads\/Brain-quick-EEG-Software-Related-Product-Photo-500x400-1.png","link":"https:\/\/natus.com\/es\/neuro\/cuidados-neurointensivos-y-lesion-cerebral\/eeg-en-la-uci\/brainquick-software-related-product-photo-500x400-2\/","alt":"BRAIN QUICK EEG Software","author":"2","description":"","caption":"","name":"brainquick-software-related-product-photo-500x400-2","status":"inherit","uploaded_to":12708,"date":"2023-09-14 18:13:12","modified":"2024-07-29 20:32:45","menu_order":0,"mime_type":"image\/png","type":"image","subtype":"png","icon":"https:\/\/natus.com\/wp-includes\/images\/media\/default.png","width":500,"height":400,"sizes":{"thumbnail":"https:\/\/natus.com\/wp-content\/uploads\/Brain-quick-EEG-Software-Related-Product-Photo-500x400-1.png","thumbnail-width":120,"thumbnail-height":96,"medium":"https:\/\/natus.com\/wp-content\/uploads\/Brain-quick-EEG-Software-Related-Product-Photo-500x400-1.png","medium-width":500,"medium-height":400,"medium_large":"https:\/\/natus.com\/wp-content\/uploads\/Brain-quick-EEG-Software-Related-Product-Photo-500x400-1.png","medium_large-width":500,"medium_large-height":400,"large":"https:\/\/natus.com\/wp-content\/uploads\/Brain-quick-EEG-Software-Related-Product-Photo-500x400-1.png","large-width":500,"large-height":400,"1536x1536":"https:\/\/natus.com\/wp-content\/uploads\/Brain-quick-EEG-Software-Related-Product-Photo-500x400-1.png","1536x1536-width":500,"1536x1536-height":400,"2048x2048":"https:\/\/natus.com\/wp-content\/uploads\/Brain-quick-EEG-Software-Related-Product-Photo-500x400-1.png","2048x2048-width":500,"2048x2048-height":400}},"title":"Software BRAIN QUICK\u00ae EEG","link":{"type":"post","value":"9305","url":"https:\/\/natus.com\/es\/neuro\/brain-quick-eeg-software\/","name":"BRAIN QUICK\u00ae EEG Software","title":"Saber M\u00e1s","target":""}},{"label":"","image":{"ID":5212,"id":5212,"title":"Moberg CNS Monitor Related Product Photo - 500x400","filename":"Moberg-CNS-Monitor-Related-Product-Photo-500x400-1.png","filesize":114120,"url":"https:\/\/natus.com\/wp-content\/uploads\/Moberg-CNS-Monitor-Related-Product-Photo-500x400-1.png","link":"https:\/\/natus.com\/es\/neuro\/eeg-aeeg\/aeeg\/moberg-cns-monitor-related-product-photo-500x400-2\/","alt":"Moberg CNS Monitor ","author":"2","description":"","caption":"","name":"moberg-cns-monitor-related-product-photo-500x400-2","status":"inherit","uploaded_to":12635,"date":"2023-09-18 20:08:14","modified":"2024-07-26 17:08:29","menu_order":0,"mime_type":"image\/png","type":"image","subtype":"png","icon":"https:\/\/natus.com\/wp-includes\/images\/media\/default.png","width":500,"height":400,"sizes":{"thumbnail":"https:\/\/natus.com\/wp-content\/uploads\/Moberg-CNS-Monitor-Related-Product-Photo-500x400-1.png","thumbnail-width":120,"thumbnail-height":96,"medium":"https:\/\/natus.com\/wp-content\/uploads\/Moberg-CNS-Monitor-Related-Product-Photo-500x400-1.png","medium-width":500,"medium-height":400,"medium_large":"https:\/\/natus.com\/wp-content\/uploads\/Moberg-CNS-Monitor-Related-Product-Photo-500x400-1.png","medium_large-width":500,"medium_large-height":400,"large":"https:\/\/natus.com\/wp-content\/uploads\/Moberg-CNS-Monitor-Related-Product-Photo-500x400-1.png","large-width":500,"large-height":400,"1536x1536":"https:\/\/natus.com\/wp-content\/uploads\/Moberg-CNS-Monitor-Related-Product-Photo-500x400-1.png","1536x1536-width":500,"1536x1536-height":400,"2048x2048":"https:\/\/natus.com\/wp-content\/uploads\/Moberg-CNS-Monitor-Related-Product-Photo-500x400-1.png","2048x2048-width":500,"2048x2048-height":400}},"title":"Monitor Moberg CNS","link":{"type":"post","value":"9329","url":"https:\/\/natus.com\/es\/neuro\/monitor-moberg-cns\/","name":"Monitor Moberg CNS","title":"Saber M\u00e1s","target":""}}]}]}]}},{"acf_fc_layout":"contact","_acfe_flexible_layout_title":null,"_acfe_flexible_toggle":null,"left_image_right_content_single_cta_landing":{"module_options":{"":null,"module_id":"n6514e33657cfc","module_class":"","module_background_type":"color","module_background_color":"","module_background_image":false,"module_background_video":"","activate_custom_padding":false,"padding_top_desktop":"0","padding_top_tablet":"0","padding_top_mobile":"0","padding_bottom_desktop":"0","padding_bottom_tablet":"0","padding_bottom_mobile":"0","activate_custom_margin":false,"margin_top_desktop":"0","margin_top_tablet":"0","margin_top_mobile":"0","margin_bottom_desktop":"0","margin_bottom_tablet":"0","margin_bottom_mobile":"0","disable_on":[],"content_alignment_desktop":"left","content_alignment_tablet":"left","content_alignment_mobile":"left"},"":null,"image":{"ID":3847,"id":3847,"title":"NTA banner_800x450","filename":"NTA-banner_800x450.png","filesize":390422,"url":"https:\/\/natus.com\/wp-content\/uploads\/NTA-banner_800x450.png","link":"https:\/\/natus.com\/es\/neuro\/eeg-aeeg\/nta-banner_800x450-2\/","alt":"NTA Banner image","author":"2","description":"","caption":"","name":"nta-banner_800x450-2","status":"inherit","uploaded_to":11406,"date":"2023-09-13 17:16:26","modified":"2024-07-29 20:42:14","menu_order":0,"mime_type":"image\/png","type":"image","subtype":"png","icon":"https:\/\/natus.com\/wp-includes\/images\/media\/default.png","width":800,"height":450,"sizes":{"thumbnail":"https:\/\/natus.com\/wp-content\/uploads\/NTA-banner_800x450.png","thumbnail-width":128,"thumbnail-height":72,"medium":"https:\/\/natus.com\/wp-content\/uploads\/NTA-banner_800x450.png","medium-width":800,"medium-height":450,"medium_large":"https:\/\/natus.com\/wp-content\/uploads\/NTA-banner_800x450-768x432.png","medium_large-width":768,"medium_large-height":432,"large":"https:\/\/natus.com\/wp-content\/uploads\/NTA-banner_800x450.png","large-width":800,"large-height":450,"1536x1536":"https:\/\/natus.com\/wp-content\/uploads\/NTA-banner_800x450.png","1536x1536-width":800,"1536x1536-height":450,"2048x2048":"https:\/\/natus.com\/wp-content\/uploads\/NTA-banner_800x450.png","2048x2048-width":800,"2048x2048-height":450}},"activate_image_caption":false,"image_caption_icon":false,"image_caption_title":"","image_caption_description":"","label":"Educaci\u00f3n","title":"Neuro Training Academy","description":"<p><span class=\"NormalTextRun SCXW123054176 BCX0\">Si desea ampliar sus conocimientos cl\u00ednicos, mejorar sus habilidades o sacar el m\u00e1ximo partido a sus soluciones neurol\u00f3gicas de <\/span><span class=\"NormalTextRun SCXW123054176 BCX0\">Natus<\/span><span class=\"NormalTextRun SCXW123054176 BCX0\">, explore los recursos de nuestra Neuro Training <\/span><span class=\"NormalTextRun SCXW123054176 BCX0\">Academy<\/span><span class=\"NormalTextRun SCXW123054176 BCX0\">.<\/span> <span class=\"NormalTextRun SCXW123054176 BCX0\">Conozca los \u00faltimos avances cient\u00edficos y tecnol\u00f3gicos de la mano de los l\u00edderes en este campo para marcar la diferencia con sus pacientes.<\/span><\/p>\n","link":{"type":"url","value":"https:\/\/neuro-training.academy","url":"https:\/\/neuro-training.academy","name":"https:\/\/neuro-training.academy","title":"M\u00e1s informaci\u00f3n","target":"_blank"}}},{"acf_fc_layout":"contact","_acfe_flexible_layout_title":null,"_acfe_flexible_toggle":null,"left_image_right_content_single_cta_landing":{"module_options":{"":null,"module_id":"n6514e3365d29a","module_class":"","module_background_type":"color","module_background_color":"","module_background_image":false,"module_background_video":"","activate_custom_padding":false,"padding_top_desktop":0,"padding_top_tablet":"","padding_top_mobile":"","padding_bottom_desktop":"","padding_bottom_tablet":"","padding_bottom_mobile":"","activate_custom_margin":false,"margin_top_desktop":"","margin_top_tablet":"","margin_top_mobile":"","margin_bottom_desktop":"","margin_bottom_tablet":"","margin_bottom_mobile":"","disable_on":[],"content_alignment_desktop":"left","content_alignment_tablet":"left","content_alignment_mobile":"left"},"":null,"image":{"ID":4241,"id":4241,"title":"Contact Us 800x450","filename":"Contact-Us-800x450-1.png","filesize":437541,"url":"https:\/\/natus.com\/wp-content\/uploads\/Contact-Us-800x450-1.png","link":"https:\/\/natus.com\/es\/neuro\/contact-us-800x450-2\/","alt":"Shaking Hands - Contact Us","author":"2","description":"","caption":"","name":"contact-us-800x450-2","status":"inherit","uploaded_to":10464,"date":"2023-09-14 17:35:31","modified":"2024-07-29 20:33:28","menu_order":0,"mime_type":"image\/png","type":"image","subtype":"png","icon":"https:\/\/natus.com\/wp-includes\/images\/media\/default.png","width":800,"height":450,"sizes":{"thumbnail":"https:\/\/natus.com\/wp-content\/uploads\/Contact-Us-800x450-1.png","thumbnail-width":128,"thumbnail-height":72,"medium":"https:\/\/natus.com\/wp-content\/uploads\/Contact-Us-800x450-1.png","medium-width":800,"medium-height":450,"medium_large":"https:\/\/natus.com\/wp-content\/uploads\/Contact-Us-800x450-1-768x432.png","medium_large-width":768,"medium_large-height":432,"large":"https:\/\/natus.com\/wp-content\/uploads\/Contact-Us-800x450-1.png","large-width":800,"large-height":450,"1536x1536":"https:\/\/natus.com\/wp-content\/uploads\/Contact-Us-800x450-1.png","1536x1536-width":800,"1536x1536-height":450,"2048x2048":"https:\/\/natus.com\/wp-content\/uploads\/Contact-Us-800x450-1.png","2048x2048-width":800,"2048x2048-height":450}},"activate_image_caption":false,"image_caption_icon":false,"image_caption_title":"","image_caption_description":"","label":"P\u00f3ngase en contacto con su representante de Natus Neuro","title":"\u00bfListo para comenzar su viaje con Natus?","description":"<p>Para obtener m\u00e1s informaci\u00f3n sobre cualquiera de nuestras soluciones neuronales l\u00edderes en el sector o sobre c\u00f3mo podemos ayudarle a mejorar sus capacidades de asistencia, p\u00f3ngase en contacto con un representante de Natus.<\/p>\n","link":{"type":"post","value":"8346","url":"https:\/\/natus.com\/es\/ubicaciones\/","name":"Ubicaciones","title":"P\u00f3ngase en contacto con nosotros","target":""}}}]},"_links":{"self":[{"href":"https:\/\/natus.com\/es\/wp-json\/wp\/v2\/pages\/12708","targetHints":{"allow":["GET"]}}],"collection":[{"href":"https:\/\/natus.com\/es\/wp-json\/wp\/v2\/pages"}],"about":[{"href":"https:\/\/natus.com\/es\/wp-json\/wp\/v2\/types\/page"}],"author":[{"embeddable":true,"href":"https:\/\/natus.com\/es\/wp-json\/wp\/v2\/users\/3"}],"replies":[{"embeddable":true,"href":"https:\/\/natus.com\/es\/wp-json\/wp\/v2\/comments?post=12708"}],"version-history":[{"count":7,"href":"https:\/\/natus.com\/es\/wp-json\/wp\/v2\/pages\/12708\/revisions"}],"predecessor-version":[{"id":26273,"href":"https:\/\/natus.com\/es\/wp-json\/wp\/v2\/pages\/12708\/revisions\/26273"}],"up":[{"embeddable":true,"href":"https:\/\/natus.com\/es\/wp-json\/wp\/v2\/pages\/11416"}],"wp:attachment":[{"href":"https:\/\/natus.com\/es\/wp-json\/wp\/v2\/media?parent=12708"}],"wp:term":[{"taxonomy":"category","embeddable":true,"href":"https:\/\/natus.com\/es\/wp-json\/wp\/v2\/categories?post=12708"},{"taxonomy":"post_tag","embeddable":true,"href":"https:\/\/natus.com\/es\/wp-json\/wp\/v2\/tags?post=12708"}],"curies":[{"name":"wp","href":"https:\/\/api.w.org\/{rel}","templated":true}]}}