{"id":12719,"date":"2023-08-17T19:15:52","date_gmt":"2023-08-17T19:15:52","guid":{"rendered":"https:\/\/natus.com\/insights\/"},"modified":"2024-02-21T17:05:53","modified_gmt":"2024-02-21T17:05:53","slug":"ideas","status":"publish","type":"page","link":"https:\/\/natus.com\/es\/ideas\/","title":{"rendered":"Ideas"},"content":{"rendered":"","protected":false},"excerpt":{"rendered":"","protected":false},"author":1,"featured_media":0,"parent":0,"menu_order":0,"comment_status":"closed","ping_status":"closed","template":"templates\/page-insights.php","meta":{"_acf_changed":false,"footnotes":""},"categories":[],"tags":[],"class_list":["post-12719","page","type-page","status-publish","hentry"],"acf":{"content_blocks":[{"acf_fc_layout":"hero_insights_category","_acfe_flexible_toggle":"","hero_locations":{"unique_id":"n6528768934e1f","background":{"ID":930,"id":930,"title":"locations-hero","filename":"locations-hero.jpg","filesize":249977,"url":"https:\/\/natus.com\/wp-content\/uploads\/locations-hero.jpg","link":"https:\/\/natus.com\/es\/ubicaciones\/locations-hero-2\/","alt":"","author":"1","description":"","caption":"","name":"locations-hero-2","status":"inherit","uploaded_to":8346,"date":"2023-07-30 10:59:34","modified":"2023-09-21 15:29:51","menu_order":0,"mime_type":"image\/jpeg","type":"image","subtype":"jpeg","icon":"https:\/\/natus.com\/wp-includes\/images\/media\/default.png","width":1920,"height":500,"sizes":{"thumbnail":"https:\/\/natus.com\/wp-content\/uploads\/locations-hero.jpg","thumbnail-width":128,"thumbnail-height":33,"medium":"https:\/\/natus.com\/wp-content\/uploads\/locations-hero.jpg","medium-width":1920,"medium-height":500,"medium_large":"https:\/\/natus.com\/wp-content\/uploads\/locations-hero-768x200.jpg","medium_large-width":768,"medium_large-height":200,"large":"https:\/\/natus.com\/wp-content\/uploads\/locations-hero.jpg","large-width":1920,"large-height":500,"1536x1536":"https:\/\/natus.com\/wp-content\/uploads\/locations-hero-1536x400.jpg","1536x1536-width":1536,"1536x1536-height":400,"2048x2048":"https:\/\/natus.com\/wp-content\/uploads\/locations-hero.jpg","2048x2048-width":1920,"2048x2048-height":500}},"h1":"Ideas","description":""}},{"acf_fc_layout":"insights_tiles","_acfe_flexible_toggle":"","insights_tiles":{"module_options":{"":null,"module_id":"n6528768936a07","module_class":"","module_background_type":"color","module_background_color":"#f1f1f1","module_background_image":false,"module_background_video":"","activate_custom_padding":false,"padding_top_desktop":0,"padding_top_tablet":"","padding_top_mobile":"","padding_bottom_desktop":"","padding_bottom_tablet":"","padding_bottom_mobile":"","activate_custom_margin":false,"margin_top_desktop":"","margin_top_tablet":"","margin_top_mobile":"","margin_bottom_desktop":"","margin_bottom_tablet":"","margin_bottom_mobile":"","disable_on":[],"content_alignment_desktop":"left","content_alignment_tablet":"left","content_alignment_mobile":"left"},"type_filter_title":"Todos los tipos","category_filter_title":"Todas las categor\u00edas","reset_button_title":"Restablecer","read_more_button_title":"M\u00e1s informaci\u00f3n","load_more_button_title":"Cargar m\u00e1s "}},{"acf_fc_layout":"intro2","_acfe_flexible_toggle":"","intro_2_columns_landing":{"module_options":{"":null,"module_id":"n652dc11adbde7","module_class":"","module_background_type":"color","module_background_color":"","module_background_image":false,"module_background_video":"","activate_custom_padding":false,"padding_top_desktop":0,"padding_top_tablet":"","padding_top_mobile":"","padding_bottom_desktop":"","padding_bottom_tablet":"","padding_bottom_mobile":"","activate_custom_margin":false,"margin_top_desktop":"","margin_top_tablet":"","margin_top_mobile":"","margin_bottom_desktop":"","margin_bottom_tablet":"","margin_bottom_mobile":"","disable_on":[],"content_alignment_desktop":"left","content_alignment_tablet":"left","content_alignment_mobile":"left"},"top_divider_colour":"#00aaa7","title":"Aprenda y prop\u00f3ngase a\u00fan m\u00e1s","description":"Ponemos a su servicio m\u00e1s de 50 a\u00f1os de un profundo conocimiento, experiencia e ideas para que estas trabajen para usted. Explore nuestros recursos y obtenga la informaci\u00f3n que necesita para ayudar a m\u00e1s pacientes."}}]},"_links":{"self":[{"href":"https:\/\/natus.com\/es\/wp-json\/wp\/v2\/pages\/12719","targetHints":{"allow":["GET"]}}],"collection":[{"href":"https:\/\/natus.com\/es\/wp-json\/wp\/v2\/pages"}],"about":[{"href":"https:\/\/natus.com\/es\/wp-json\/wp\/v2\/types\/page"}],"author":[{"embeddable":true,"href":"https:\/\/natus.com\/es\/wp-json\/wp\/v2\/users\/1"}],"replies":[{"embeddable":true,"href":"https:\/\/natus.com\/es\/wp-json\/wp\/v2\/comments?post=12719"}],"version-history":[{"count":10,"href":"https:\/\/natus.com\/es\/wp-json\/wp\/v2\/pages\/12719\/revisions"}],"predecessor-version":[{"id":18841,"href":"https:\/\/natus.com\/es\/wp-json\/wp\/v2\/pages\/12719\/revisions\/18841"}],"wp:attachment":[{"href":"https:\/\/natus.com\/es\/wp-json\/wp\/v2\/media?parent=12719"}],"wp:term":[{"taxonomy":"category","embeddable":true,"href":"https:\/\/natus.com\/es\/wp-json\/wp\/v2\/categories?post=12719"},{"taxonomy":"post_tag","embeddable":true,"href":"https:\/\/natus.com\/es\/wp-json\/wp\/v2\/tags?post=12719"}],"curies":[{"name":"wp","href":"https:\/\/api.w.org\/{rel}","templated":true}]}}