{"id":12771,"date":"2023-09-22T20:22:36","date_gmt":"2023-09-22T20:22:36","guid":{"rendered":"https:\/\/natus.com\/weee-statement\/"},"modified":"2024-12-26T19:34:54","modified_gmt":"2024-12-26T19:34:54","slug":"directiva-raee","status":"publish","type":"page","link":"https:\/\/natus.com\/es\/directiva-raee\/","title":{"rendered":"Directiva RAEE"},"content":{"rendered":"","protected":false},"excerpt":{"rendered":"","protected":false},"author":3,"featured_media":0,"parent":0,"menu_order":0,"comment_status":"closed","ping_status":"closed","template":"","meta":{"_acf_changed":false,"footnotes":""},"categories":[],"tags":[],"class_list":["post-12771","page","type-page","status-publish","hentry"],"acf":{"content_blocks":[{"acf_fc_layout":"hero1","_acfe_flexible_toggle":"","hero_locations":{"unique_id":"n6511a22557b37","background":{"ID":930,"id":930,"title":"locations-hero","filename":"locations-hero.jpg","filesize":249977,"url":"https:\/\/natus.com\/wp-content\/uploads\/locations-hero.jpg","link":"https:\/\/natus.com\/es\/ubicaciones\/locations-hero-2\/","alt":"","author":"1","description":"","caption":"","name":"locations-hero-2","status":"inherit","uploaded_to":8346,"date":"2023-07-30 10:59:34","modified":"2023-09-21 15:29:51","menu_order":0,"mime_type":"image\/jpeg","type":"image","subtype":"jpeg","icon":"https:\/\/natus.com\/wp-includes\/images\/media\/default.png","width":1920,"height":500,"sizes":{"thumbnail":"https:\/\/natus.com\/wp-content\/uploads\/locations-hero.jpg","thumbnail-width":128,"thumbnail-height":33,"medium":"https:\/\/natus.com\/wp-content\/uploads\/locations-hero.jpg","medium-width":1920,"medium-height":500,"medium_large":"https:\/\/natus.com\/wp-content\/uploads\/locations-hero-768x200.jpg","medium_large-width":768,"medium_large-height":200,"large":"https:\/\/natus.com\/wp-content\/uploads\/locations-hero.jpg","large-width":1920,"large-height":500,"1536x1536":"https:\/\/natus.com\/wp-content\/uploads\/locations-hero-1536x400.jpg","1536x1536-width":1536,"1536x1536-height":400,"2048x2048":"https:\/\/natus.com\/wp-content\/uploads\/locations-hero.jpg","2048x2048-width":1920,"2048x2048-height":500}},"h1":"Directiva RAEE","description":""}},{"acf_fc_layout":"spacer","_acfe_flexible_toggle":"","spacer":{"module_options":{"":null,"module_id":"n6514a4f9b141d","module_class":"","module_background_type":"color","module_background_color":"#f1f1f1","module_background_image":false,"module_background_video":"","activate_custom_padding":false,"padding_top_desktop":"0","padding_top_tablet":"0","padding_top_mobile":"0","padding_bottom_desktop":"0","padding_bottom_tablet":"0","padding_bottom_mobile":"0","activate_custom_margin":false,"margin_top_desktop":"0","margin_top_tablet":"0","margin_top_mobile":"0","margin_bottom_desktop":"0","margin_bottom_tablet":"0","margin_bottom_mobile":"0","disable_on":[],"content_alignment_desktop":"left","content_alignment_tablet":"left","content_alignment_mobile":"left"},"height":"20"}},{"acf_fc_layout":"divider","_acfe_flexible_toggle":"","divider":{"module_options":{"":null,"module_id":"n6514a4f9b6de0","module_class":"","module_background_type":"color","module_background_color":"#f1f1f1","module_background_image":false,"module_background_video":"","activate_custom_padding":false,"padding_top_desktop":"0","padding_top_tablet":"0","padding_top_mobile":"0","padding_bottom_desktop":"0","padding_bottom_tablet":"0","padding_bottom_mobile":"0","activate_custom_margin":false,"margin_top_desktop":"0","margin_top_tablet":"0","margin_top_mobile":"0","margin_bottom_desktop":"-50","margin_bottom_tablet":"0","margin_bottom_mobile":"0","disable_on":[],"content_alignment_desktop":"left","content_alignment_tablet":"left","content_alignment_mobile":"left"},"color":"#00aaa7","height":"12"}},{"acf_fc_layout":"simple_content","_acfe_flexible_toggle":"","content_full_width_landing":{"module_options":{"":null,"module_id":"n6514a45e97e73","module_class":"","module_background_type":"color","module_background_color":"","module_background_image":false,"module_background_video":"","activate_custom_padding":false,"padding_top_desktop":"0","padding_top_tablet":"0","padding_top_mobile":"0","padding_bottom_desktop":"0","padding_bottom_tablet":"0","padding_bottom_mobile":"0","activate_custom_margin":false,"margin_top_desktop":"0","margin_top_tablet":"0","margin_top_mobile":"0","margin_bottom_desktop":"0","margin_bottom_tablet":"0","margin_bottom_mobile":"0","disable_on":[],"content_alignment_desktop":"left","content_alignment_tablet":"left","content_alignment_mobile":"left"},"content":"<h2>Compromiso Medioambiental<\/h2>\n<p>&nbsp;<\/p>\n<h3>Residuos<\/h3>\n<p>Natus se compromete a desarrollar y a participar en iniciativas para reducir los residuos<\/p>\n<p>&nbsp;<\/p>\n<p>&nbsp;<\/p>\n<h3>Directiva RAEE de la Uni\u00f3n Europea<\/h3>\n<p>La Uni\u00f3n Europea (UE) ha desarrollado la directiva RAEE (Residuos de aparatos el\u00e9ctricos y electr\u00f3nicos) para garantizar que los sistemas de recogida, tratamiento y reciclado de residuos de aparatos electr\u00f3nicos se ponga en pr\u00e1ctica en todos los pa\u00edses de la Uni\u00f3n Europea. A pesar de que la Directiva RAEE es aplicable a la mayor\u00eda de los productos de Natus, no se aplica a dispositivos m\u00e9dicos que puedan ser infecciosos antes del final de su vida \u00fatil, ni a dispositivos m\u00e9dicos implantables activos. Quedan excluidos del \u00e1mbito de aplicaci\u00f3n de la Directiva RAEE solamente los equipos y accesorios m\u00e9dicos de un solo uso (por ejemplo, agujas, cat\u00e9teres, electrodos adhesivos y cinturones para medir el sue\u00f1o desechables) que puedan ser infecciosos antes del final de su vida \u00fatil, y que normalmente se recogen y tratan a trav\u00e9s de un plan espec\u00edfico para residuos sanitarios infecciosos peligrosos.<\/p>\n<p>La informaci\u00f3n sobre la Directiva RAEE de la Comisi\u00f3n Europea est\u00e1 disponible\u00a0<a href=\"https:\/\/environment.ec.europa.eu\/topics\/waste-and-recycling\/waste-electrical-and-electronic-equipment-weee_en\" target=\"_blank\" rel=\"noopener nofollow\">aqu\u00ed.<\/a><\/p>\n<p>&nbsp;<\/p>\n<p>&nbsp;<\/p>\n<h3>Posicionamiento de Natus sobre la Directiva RAEE<\/h3>\n<p>Natus se compromete a cumplir con los requisitos de la Directiva RAEE. La directiva exige que los fabricantes de equipos el\u00e9ctricos y electr\u00f3nicos que venden sus productos en los pa\u00edses de la UE etiqueten los equipos para que se desechen de manera adecuada, y para incentivar a los consumidores de dichos equipos a que los reciclen adecuadamente al final de su vida \u00fatil.<\/p>\n<p>Natus est\u00e1 implementando un proceso en cada uno de los pa\u00edses miembros de la Uni\u00f3n Europea en los que tiene presencia, y tiene previsto adherirse al sistema de reglamentaci\u00f3n nacional o a cualquier otro sistema de cumplimiento autorizado para ese pa\u00eds.<\/p>\n<p>Las novedades sobre este tema se publicar\u00e1n en esta p\u00e1gina web cuando est\u00e9n disponibles. Mientras tanto, puede ponerse en contacto con nosotros si desea obtener m\u00e1s informaci\u00f3n.<\/p>\n<p>&nbsp;<\/p>\n<p>&nbsp;<\/p>\n<h3>Instrucciones para la eliminaci\u00f3n de residuos de aparatos<\/h3>\n<p>La Directiva sobre residuos de aparatos el\u00e9ctricos y electr\u00f3nicos (RAEE) de la Uni\u00f3n Europea mediante el Reglamento del 2014 estipula que los residuos de aparatos el\u00e9ctricos y electr\u00f3nicos deben recogerse por separado para su adecuado tratamiento y recuperaci\u00f3n, con el fin de garantizar que los RAEE sean reutilizados o reciclados de un modo seguro. En l\u00ednea con este compromiso, Natus podr\u00e1 transferir al usuario final la obligaci\u00f3n de reutilizar y reciclar esos residuos, a menos que se haya llegado a otro acuerdo. Para obtener m\u00e1s informaci\u00f3n sobre la recogida y recuperaci\u00f3n de equipos en su sector, p\u00f3ngase en contacto con nosotros.<\/p>\n<p>&nbsp;<\/p>\n<p>Los aparatos el\u00e9ctricos y electr\u00f3nicos (AEE) contienen materiales, componentes y sustancias que pueden resultar peligrosos y que presentan un riesgo potencial para la salud y el medio ambiente si los RAEE no se manipulan de forma correcta. Por lo tanto, los usuarios finales tambi\u00e9n desempe\u00f1an una funci\u00f3n importante a la hora de garantizar que los RAEE se reutilicen y reciclen de manera segura. Los usuarios de equipos el\u00e9ctricos y electr\u00f3nicos no deben eliminar los RAEE junto con otro tipo de residuos. Los usuarios deben utilizar los sistemas de recogida selectiva municipales o hacer valer la obligaci\u00f3n de recogida del fabricante\/importador o bien ponerse en contacto con el transportista autorizado para la gesti\u00f3n de residuos con el fin de reducir el impacto ambiental adverso relacionado con la eliminaci\u00f3n de residuos de aparatos el\u00e9ctricos y equipos electr\u00f3nicos y aumentar las oportunidades para la reutilizaci\u00f3n, el reciclado y la recuperaci\u00f3n de residuos de aparatos el\u00e9ctricos y electr\u00f3nicos.<\/p>\n<p>El equipo marcado con la imagen de un contenedor con ruedas tachado significa que es un aparato el\u00e9ctrico y electr\u00f3nico. El s\u00edmbolo de un contenedor con ruedas tachado indica que el equipo el\u00e9ctrico y electr\u00f3nico no debe ser desechado con el resto de residuos, sino que debe recogerse de forma separada.<\/p>\n<p>Si desea obtener m\u00e1s informaci\u00f3n, puede ponerse en contacto con nosotros en\u00a0<a class=\"mailto\" href=\"mailto:Blanca.Maldonado@natus.com\" data-extlink=\"\">Blanca.Maldonado@natus.com<\/a>.<\/p>\n"}}]},"_links":{"self":[{"href":"https:\/\/natus.com\/es\/wp-json\/wp\/v2\/pages\/12771","targetHints":{"allow":["GET"]}}],"collection":[{"href":"https:\/\/natus.com\/es\/wp-json\/wp\/v2\/pages"}],"about":[{"href":"https:\/\/natus.com\/es\/wp-json\/wp\/v2\/types\/page"}],"author":[{"embeddable":true,"href":"https:\/\/natus.com\/es\/wp-json\/wp\/v2\/users\/3"}],"replies":[{"embeddable":true,"href":"https:\/\/natus.com\/es\/wp-json\/wp\/v2\/comments?post=12771"}],"version-history":[{"count":4,"href":"https:\/\/natus.com\/es\/wp-json\/wp\/v2\/pages\/12771\/revisions"}],"predecessor-version":[{"id":22072,"href":"https:\/\/natus.com\/es\/wp-json\/wp\/v2\/pages\/12771\/revisions\/22072"}],"wp:attachment":[{"href":"https:\/\/natus.com\/es\/wp-json\/wp\/v2\/media?parent=12771"}],"wp:term":[{"taxonomy":"category","embeddable":true,"href":"https:\/\/natus.com\/es\/wp-json\/wp\/v2\/categories?post=12771"},{"taxonomy":"post_tag","embeddable":true,"href":"https:\/\/natus.com\/es\/wp-json\/wp\/v2\/tags?post=12771"}],"curies":[{"name":"wp","href":"https:\/\/api.w.org\/{rel}","templated":true}]}}