{"id":14387,"date":"2023-09-15T20:53:32","date_gmt":"2023-09-15T20:53:32","guid":{"rendered":"https:\/\/natus.com\/neuro\/cuidados-neurointensivos-y-lesion-cerebral\/cranial-access-kits\/"},"modified":"2024-09-11T16:25:20","modified_gmt":"2024-09-11T16:25:20","slug":"kits-de-acceso-craneal","status":"publish","type":"page","link":"https:\/\/natus.com\/es\/neuro\/cuidados-neurointensivos-y-lesion-cerebral\/kits-de-acceso-craneal\/","title":{"rendered":"Kits de acceso craneal"},"content":{"rendered":"","protected":false},"excerpt":{"rendered":"","protected":false},"author":3,"featured_media":0,"parent":11416,"menu_order":0,"comment_status":"closed","ping_status":"closed","template":"templates\/page-neuro-solutions-category-landing.php","meta":{"_acf_changed":false,"footnotes":""},"categories":[],"tags":[],"class_list":["post-14387","page","type-page","status-publish","hentry"],"acf":{"content_blocks":[{"acf_fc_layout":"hero","_acfe_flexible_toggle":"","hero_locations":{"unique_id":"n64e940f42a11a","background":{"ID":1248,"id":1248,"title":"neuro-products-hero","filename":"neuro-products-hero.jpg","filesize":353779,"url":"https:\/\/natus.com\/wp-content\/uploads\/neuro-products-hero.jpg","link":"https:\/\/natus.com\/es\/productos-neuro\/neuro-products-hero-2\/","alt":"","author":"1","description":"","caption":"","name":"neuro-products-hero-2","status":"inherit","uploaded_to":8356,"date":"2023-08-14 16:56:09","modified":"2023-08-14 16:56:09","menu_order":0,"mime_type":"image\/jpeg","type":"image","subtype":"jpeg","icon":"https:\/\/natus.com\/wp-includes\/images\/media\/default.png","width":1920,"height":500,"sizes":{"thumbnail":"https:\/\/natus.com\/wp-content\/uploads\/neuro-products-hero.jpg","thumbnail-width":128,"thumbnail-height":33,"medium":"https:\/\/natus.com\/wp-content\/uploads\/neuro-products-hero.jpg","medium-width":1920,"medium-height":500,"medium_large":"https:\/\/natus.com\/wp-content\/uploads\/neuro-products-hero-768x200.jpg","medium_large-width":768,"medium_large-height":200,"large":"https:\/\/natus.com\/wp-content\/uploads\/neuro-products-hero.jpg","large-width":1920,"large-height":500,"1536x1536":"https:\/\/natus.com\/wp-content\/uploads\/neuro-products-hero-1536x400.jpg","1536x1536-width":1536,"1536x1536-height":400,"2048x2048":"https:\/\/natus.com\/wp-content\/uploads\/neuro-products-hero.jpg","2048x2048-width":1920,"2048x2048-height":500}},"h1":"Kits de acceso craneal<br \/>\r\n","description":""}},{"acf_fc_layout":"intro","_acfe_flexible_toggle":"","intro_2_columns_landing":{"module_options":{"":null,"module_id":"n66e1c470b4719","module_class":"","module_background_type":"color","module_background_color":"","module_background_image":false,"module_background_video":"","activate_custom_padding":false,"padding_top_desktop":0,"padding_top_tablet":"","padding_top_mobile":"","padding_bottom_desktop":"","padding_bottom_tablet":"","padding_bottom_mobile":"","activate_custom_margin":false,"margin_top_desktop":"","margin_top_tablet":"","margin_top_mobile":"","margin_bottom_desktop":"","margin_bottom_tablet":"","margin_bottom_mobile":"","disable_on":[],"content_alignment_desktop":"left","content_alignment_tablet":"left","content_alignment_mobile":"left"},"top_divider_colour":"","title":"Contenidos completos para necesidades emergentes","description":"En los entornos de cuidados neurocr\u00edticos, la precisi\u00f3n y la fiabilidad hacen posible salvar la vida de los pacientes. Como parte de nuestras soluciones de confianza para cuidados neurocr\u00edticos, los kits de acceso craneal de Natus ofrecen a los m\u00e9dicos el m\u00e1ximo nivel de precisi\u00f3n y exactitud para procedimientos craneales seguros y est\u00e9riles. Los kits de acceso craneal de Natus est\u00e1n equipados con instrumentos de calidad dise\u00f1ados para facilitar el acceso craneal y proporcionan los materiales necesarios para garantizar una atenci\u00f3n eficaz al paciente."}},{"acf_fc_layout":"product_tiles","_acfe_flexible_toggle":"","neuro_product_tiles":{"module_options":{"":null,"module_id":"n6514effd23107","module_class":"","module_background_type":"color","module_background_color":"","module_background_image":false,"module_background_video":"","activate_custom_padding":false,"padding_top_desktop":0,"padding_top_tablet":"","padding_top_mobile":"","padding_bottom_desktop":"","padding_bottom_tablet":"","padding_bottom_mobile":"","activate_custom_margin":false,"margin_top_desktop":"","margin_top_tablet":"","margin_top_mobile":"","margin_bottom_desktop":"","margin_bottom_tablet":"","margin_bottom_mobile":"","disable_on":[],"content_alignment_desktop":"left","content_alignment_tablet":"left","content_alignment_mobile":"left"},"products":[{"category_title":"","subcategories":[{"subcategory_title":"Kits de acceso craneal","subcategory_products":[{"label":"","image":{"ID":3579,"id":3579,"title":"CRAK Kit - Drill and Drill Bits","filename":"CRAK-Kit-Drill-and-Drill-Bits.jpg","filesize":65748,"url":"https:\/\/natus.com\/wp-content\/uploads\/CRAK-Kit-Drill-and-Drill-Bits.jpg","link":"https:\/\/natus.com\/es\/neuro\/sistema-de-drenaje-externo-natus-eds-3\/crak-kit-drill-and-drill-bits-2\/","alt":"Natus Cranial Access Kit","author":"2","description":"","caption":"","name":"crak-kit-drill-and-drill-bits-2","status":"inherit","uploaded_to":11119,"date":"2023-09-12 15:03:34","modified":"2024-07-29 20:58:15","menu_order":0,"mime_type":"image\/jpeg","type":"image","subtype":"jpeg","icon":"https:\/\/natus.com\/wp-includes\/images\/media\/default.png","width":500,"height":400,"sizes":{"thumbnail":"https:\/\/natus.com\/wp-content\/uploads\/CRAK-Kit-Drill-and-Drill-Bits.jpg","thumbnail-width":120,"thumbnail-height":96,"medium":"https:\/\/natus.com\/wp-content\/uploads\/CRAK-Kit-Drill-and-Drill-Bits.jpg","medium-width":500,"medium-height":400,"medium_large":"https:\/\/natus.com\/wp-content\/uploads\/CRAK-Kit-Drill-and-Drill-Bits.jpg","medium_large-width":500,"medium_large-height":400,"large":"https:\/\/natus.com\/wp-content\/uploads\/CRAK-Kit-Drill-and-Drill-Bits.jpg","large-width":500,"large-height":400,"1536x1536":"https:\/\/natus.com\/wp-content\/uploads\/CRAK-Kit-Drill-and-Drill-Bits.jpg","1536x1536-width":500,"1536x1536-height":400,"2048x2048":"https:\/\/natus.com\/wp-content\/uploads\/CRAK-Kit-Drill-and-Drill-Bits.jpg","2048x2048-width":500,"2048x2048-height":400}},"title":"Kits de acceso craneal","link":{"type":"post","value":"11124","url":"https:\/\/natus.com\/es\/neuro\/kits-de-acceso-craneal\/","name":"Kits de acceso craneal (CRAK)","title":"Saber M\u00e1s","target":""}}]}]}]}},{"acf_fc_layout":"contact","_acfe_flexible_layout_title":"Education","_acfe_flexible_toggle":"","left_image_right_content_single_cta_landing":{"module_options":{"":null,"module_id":"n6514e33657cfc","module_class":"","module_background_type":"color","module_background_color":"","module_background_image":false,"module_background_video":"","activate_custom_padding":false,"padding_top_desktop":"0","padding_top_tablet":"0","padding_top_mobile":"0","padding_bottom_desktop":"0","padding_bottom_tablet":"0","padding_bottom_mobile":"0","activate_custom_margin":false,"margin_top_desktop":"0","margin_top_tablet":"0","margin_top_mobile":"0","margin_bottom_desktop":"0","margin_bottom_tablet":"0","margin_bottom_mobile":"0","disable_on":[],"content_alignment_desktop":"left","content_alignment_tablet":"left","content_alignment_mobile":"left"},"":null,"image":{"ID":3847,"id":3847,"title":"NTA banner_800x450","filename":"NTA-banner_800x450.png","filesize":390422,"url":"https:\/\/natus.com\/wp-content\/uploads\/NTA-banner_800x450.png","link":"https:\/\/natus.com\/es\/neuro\/eeg-aeeg\/nta-banner_800x450-2\/","alt":"NTA Banner image","author":"2","description":"","caption":"","name":"nta-banner_800x450-2","status":"inherit","uploaded_to":11406,"date":"2023-09-13 17:16:26","modified":"2024-07-29 20:42:14","menu_order":0,"mime_type":"image\/png","type":"image","subtype":"png","icon":"https:\/\/natus.com\/wp-includes\/images\/media\/default.png","width":800,"height":450,"sizes":{"thumbnail":"https:\/\/natus.com\/wp-content\/uploads\/NTA-banner_800x450.png","thumbnail-width":128,"thumbnail-height":72,"medium":"https:\/\/natus.com\/wp-content\/uploads\/NTA-banner_800x450.png","medium-width":800,"medium-height":450,"medium_large":"https:\/\/natus.com\/wp-content\/uploads\/NTA-banner_800x450-768x432.png","medium_large-width":768,"medium_large-height":432,"large":"https:\/\/natus.com\/wp-content\/uploads\/NTA-banner_800x450.png","large-width":800,"large-height":450,"1536x1536":"https:\/\/natus.com\/wp-content\/uploads\/NTA-banner_800x450.png","1536x1536-width":800,"1536x1536-height":450,"2048x2048":"https:\/\/natus.com\/wp-content\/uploads\/NTA-banner_800x450.png","2048x2048-width":800,"2048x2048-height":450}},"activate_image_caption":false,"image_caption_icon":false,"image_caption_title":"","image_caption_description":"","label":"Educaci\u00f3n","title":"Neuro Training Academy","description":"<p><span class=\"NormalTextRun SCXW123054176 BCX0\">Si desea ampliar sus conocimientos cl\u00ednicos, mejorar sus habilidades o sacar el m\u00e1ximo partido a sus soluciones neurol\u00f3gicas de <\/span><span class=\"NormalTextRun SCXW123054176 BCX0\">Natus<\/span><span class=\"NormalTextRun SCXW123054176 BCX0\">, explore los recursos de nuestra Neuro Training <\/span><span class=\"NormalTextRun SCXW123054176 BCX0\">Academy<\/span><span class=\"NormalTextRun SCXW123054176 BCX0\">.<\/span> <span class=\"NormalTextRun SCXW123054176 BCX0\">Conozca los \u00faltimos avances cient\u00edficos y tecnol\u00f3gicos de la mano de los l\u00edderes en este campo para marcar la diferencia con sus pacientes.<\/span><\/p>\n","link":{"type":"url","value":"https:\/\/neuro-training.academy","url":"https:\/\/neuro-training.academy","name":"https:\/\/neuro-training.academy","title":"M\u00e1s informaci\u00f3n","target":"_blank"}}},{"acf_fc_layout":"contact","_acfe_flexible_toggle":"","left_image_right_content_single_cta_landing":{"module_options":{"":null,"module_id":"n6514e3365d29a","module_class":"","module_background_type":"color","module_background_color":"#f1f1f1","module_background_image":false,"module_background_video":"","activate_custom_padding":false,"padding_top_desktop":0,"padding_top_tablet":"","padding_top_mobile":"","padding_bottom_desktop":"","padding_bottom_tablet":"","padding_bottom_mobile":"","activate_custom_margin":false,"margin_top_desktop":"","margin_top_tablet":"","margin_top_mobile":"","margin_bottom_desktop":"","margin_bottom_tablet":"","margin_bottom_mobile":"","disable_on":[],"content_alignment_desktop":"left","content_alignment_tablet":"left","content_alignment_mobile":"left"},"":null,"image":{"ID":4241,"id":4241,"title":"Contact Us 800x450","filename":"Contact-Us-800x450-1.png","filesize":437541,"url":"https:\/\/natus.com\/wp-content\/uploads\/Contact-Us-800x450-1.png","link":"https:\/\/natus.com\/es\/neuro\/contact-us-800x450-2\/","alt":"Shaking Hands - Contact Us","author":"2","description":"","caption":"","name":"contact-us-800x450-2","status":"inherit","uploaded_to":10464,"date":"2023-09-14 17:35:31","modified":"2024-07-29 20:33:28","menu_order":0,"mime_type":"image\/png","type":"image","subtype":"png","icon":"https:\/\/natus.com\/wp-includes\/images\/media\/default.png","width":800,"height":450,"sizes":{"thumbnail":"https:\/\/natus.com\/wp-content\/uploads\/Contact-Us-800x450-1.png","thumbnail-width":128,"thumbnail-height":72,"medium":"https:\/\/natus.com\/wp-content\/uploads\/Contact-Us-800x450-1.png","medium-width":800,"medium-height":450,"medium_large":"https:\/\/natus.com\/wp-content\/uploads\/Contact-Us-800x450-1-768x432.png","medium_large-width":768,"medium_large-height":432,"large":"https:\/\/natus.com\/wp-content\/uploads\/Contact-Us-800x450-1.png","large-width":800,"large-height":450,"1536x1536":"https:\/\/natus.com\/wp-content\/uploads\/Contact-Us-800x450-1.png","1536x1536-width":800,"1536x1536-height":450,"2048x2048":"https:\/\/natus.com\/wp-content\/uploads\/Contact-Us-800x450-1.png","2048x2048-width":800,"2048x2048-height":450}},"activate_image_caption":false,"image_caption_icon":false,"image_caption_title":"","image_caption_description":"","label":"P\u00f3ngase en contacto con su representante de Natus Neuro","title":"\u00bfListo para comenzar su viaje con Natus?","description":"<p>Para obtener m\u00e1s informaci\u00f3n sobre cualquiera de nuestras soluciones neuronales l\u00edderes en el sector o sobre c\u00f3mo podemos ayudarle a mejorar sus capacidades de asistencia, p\u00f3ngase en contacto con un representante de Natus.<\/p>\n","link":{"type":"post","value":"8346","url":"https:\/\/natus.com\/es\/ubicaciones\/","name":"Ubicaciones","title":"P\u00f3ngase en contacto con nosotros","target":""}}}]},"_links":{"self":[{"href":"https:\/\/natus.com\/es\/wp-json\/wp\/v2\/pages\/14387","targetHints":{"allow":["GET"]}}],"collection":[{"href":"https:\/\/natus.com\/es\/wp-json\/wp\/v2\/pages"}],"about":[{"href":"https:\/\/natus.com\/es\/wp-json\/wp\/v2\/types\/page"}],"author":[{"embeddable":true,"href":"https:\/\/natus.com\/es\/wp-json\/wp\/v2\/users\/3"}],"replies":[{"embeddable":true,"href":"https:\/\/natus.com\/es\/wp-json\/wp\/v2\/comments?post=14387"}],"version-history":[{"count":3,"href":"https:\/\/natus.com\/es\/wp-json\/wp\/v2\/pages\/14387\/revisions"}],"predecessor-version":[{"id":21466,"href":"https:\/\/natus.com\/es\/wp-json\/wp\/v2\/pages\/14387\/revisions\/21466"}],"up":[{"embeddable":true,"href":"https:\/\/natus.com\/es\/wp-json\/wp\/v2\/pages\/11416"}],"wp:attachment":[{"href":"https:\/\/natus.com\/es\/wp-json\/wp\/v2\/media?parent=14387"}],"wp:term":[{"taxonomy":"category","embeddable":true,"href":"https:\/\/natus.com\/es\/wp-json\/wp\/v2\/categories?post=14387"},{"taxonomy":"post_tag","embeddable":true,"href":"https:\/\/natus.com\/es\/wp-json\/wp\/v2\/tags?post=14387"}],"curies":[{"name":"wp","href":"https:\/\/api.w.org\/{rel}","templated":true}]}}