{"id":1585,"date":"2023-05-05T11:12:33","date_gmt":"2023-05-05T11:12:33","guid":{"rendered":"https:\/\/natus.com\/home\/"},"modified":"2025-09-22T11:44:17","modified_gmt":"2025-09-22T11:44:17","slug":"natus-medical","status":"publish","type":"page","link":"https:\/\/natus.com\/es\/","title":{"rendered":"Natus Medical Incorporated"},"content":{"rendered":"","protected":false},"excerpt":{"rendered":"","protected":false},"author":1,"featured_media":0,"parent":0,"menu_order":0,"comment_status":"closed","ping_status":"open","template":"templates\/page-home.php","meta":{"_acf_changed":false,"footnotes":""},"categories":[],"tags":[],"class_list":["post-1585","page","type-page","status-publish","hentry"],"acf":{"content_blocks":[{"acf_fc_layout":"hero","_acfe_flexible_layout_title":"Hero Home","_acfe_flexible_toggle":"","hero_home":{"unique_id":"n64de2afc9cb04","background_type":"video","background_image":{"ID":183,"id":183,"title":"home-hero-bg-v1","filename":"home-hero-bg-v1.jpg","filesize":236063,"url":"https:\/\/natus.com\/wp-content\/uploads\/home-hero-bg-v1.jpg","link":"https:\/\/natus.com\/es\/natus-medical\/home-hero-bg-v1-2\/","alt":"Eye Imaging","author":"1","description":"","caption":"","name":"home-hero-bg-v1-2","status":"inherit","uploaded_to":1585,"date":"2023-06-12 12:42:35","modified":"2024-07-26 15:07:53","menu_order":0,"mime_type":"image\/jpeg","type":"image","subtype":"jpeg","icon":"https:\/\/natus.com\/wp-includes\/images\/media\/default.png","width":1920,"height":1000,"sizes":{"thumbnail":"https:\/\/natus.com\/wp-content\/uploads\/home-hero-bg-v1.jpg","thumbnail-width":128,"thumbnail-height":67,"medium":"https:\/\/natus.com\/wp-content\/uploads\/home-hero-bg-v1.jpg","medium-width":1920,"medium-height":1000,"medium_large":"https:\/\/natus.com\/wp-content\/uploads\/home-hero-bg-v1-768x400.jpg","medium_large-width":768,"medium_large-height":400,"large":"https:\/\/natus.com\/wp-content\/uploads\/home-hero-bg-v1.jpg","large-width":1920,"large-height":1000,"1536x1536":"https:\/\/natus.com\/wp-content\/uploads\/home-hero-bg-v1-1536x800.jpg","1536x1536-width":1536,"1536x1536-height":800,"2048x2048":"https:\/\/natus.com\/wp-content\/uploads\/home-hero-bg-v1.jpg","2048x2048-width":1920,"2048x2048-height":1000}},"background_video":"https:\/\/player.vimeo.com\/progressive_redirect\/playback\/855423395\/rendition\/360p\/file.mp4?loc=external&log_user=0&signature=bbc13a86dfce78041c9b7815b77644156ec8c2c8f3f1603dfb1c6dc2ef49f8bf","h1":"Evaluando las <br \/>\r\nse\u00f1ales sensoriales","description":"Simplificamos el cuidado y la investigaci\u00f3n <br \/>\r\nde los sistemas m\u00e1s complejos del organismo, <br \/>\r\npara que usted pueda centrarse en ofrecer <br \/>\r\nuna atenci\u00f3n excepcional a sus pacientes. <br \/>\r\n","links":[{"link":{"type":"post","value":"10464","url":"https:\/\/natus.com\/es\/neuro\/","name":"Soluciones Neuro","title":"Soluciones Neuro","target":""},"arrow_color":"#154284"},{"link":{"type":"url","value":"https:\/\/natussensory.com\/es\/","url":"https:\/\/natussensory.com\/es\/","name":"https:\/\/natussensory.com\/es\/","title":"Sensory website ","target":"_blank"},"arrow_color":"#f0b21c"}]}},{"acf_fc_layout":"intro","_acfe_flexible_toggle":"","intro_2_columns_home":{"module_options":{"":null,"module_id":"n6514d54c1602b","module_class":"","module_background_type":"color","module_background_color":"","module_background_image":false,"module_background_video":"","activate_custom_padding":false,"padding_top_desktop":"0","padding_top_tablet":"0","padding_top_mobile":"0","padding_bottom_desktop":"0","padding_bottom_tablet":"0","padding_bottom_mobile":"0","activate_custom_margin":false,"margin_top_desktop":"0","margin_top_tablet":"0","margin_top_mobile":"0","margin_bottom_desktop":"0","margin_bottom_tablet":"0","margin_bottom_mobile":"0","disable_on":[],"content_alignment_desktop":"left","content_alignment_tablet":"left","content_alignment_mobile":"left"},"unique_id":"not-in-use","h2":"Las mejores soluciones <br \/>\r\nconducen a respuestas reales","links":[{"link_colour":"#154284","label":"Neuro","description":"Diagnosticar y tratar afecciones cerebrales, nerviosas y musculares","link":{"type":"post","value":"10464","url":"https:\/\/natus.com\/es\/neuro\/","name":"Soluciones Neuro","title":"Explorar Neuro","target":""}},{"link_colour":"#f0b21c","label":"Sensory","description":"Evaluar y ayudar a las disfunciones oculares, auditivas y del equilibrio<br \/>\r\n<br \/>\r\n","link":{"type":"url","value":"https:\/\/natussensory.com\/es\/","url":"https:\/\/natussensory.com\/es\/","name":"https:\/\/natussensory.com\/es\/","title":"Visita natussensory.com","target":"_blank"}}]}},{"acf_fc_layout":"solutions_slider","_acfe_flexible_toggle":"","slider_home_with_links":{"module_options":{"":null,"module_id":"n6514d54e2f32f","module_class":"","module_background_type":"color","module_background_color":"","module_background_image":false,"module_background_video":"","activate_custom_padding":false,"padding_top_desktop":"0","padding_top_tablet":"0","padding_top_mobile":"0","padding_bottom_desktop":"0","padding_bottom_tablet":"0","padding_bottom_mobile":"0","activate_custom_margin":false,"margin_top_desktop":"0","margin_top_tablet":"0","margin_top_mobile":"0","margin_bottom_desktop":"0","margin_bottom_tablet":"0","margin_bottom_mobile":"0","disable_on":[],"content_alignment_desktop":"left","content_alignment_tablet":"left","content_alignment_mobile":"left"},"autoplay":"true","autoplay_interval":"2500","slider":[{"slide_type":"video","image":false,"video":"https:\/\/player.vimeo.com\/progressive_redirect\/playback\/859047259\/rendition\/1080p\/file.mp4?loc=external&log_user=0&signature=d0008be80ad4438e24c97a6adebf08839ad42dc7e08f8e39b2d50d9ddd2f6e9f","title":"Soluciones para los retos a los que se enfrenta","description":"<p>Nos inspiran los resultados positivos en los pacientes y nos comprometemos a ayudar a los profesionales sanitarios de todo el mundo a sentirse seguros de que pueden lograr los mejores resultados posibles. Durante m\u00e1s de 80 a\u00f1os, Natus ha proporcionado tecnolog\u00eda l\u00edder en el sector, servicio experto y formaci\u00f3n especializada para marcar la diferencia en las vidas de los profesionales sanitarios y sus pacientes.<\/p>\n","links":[{"link":{"type":"post","value":"10464","url":"https:\/\/natus.com\/es\/neuro\/","name":"Soluciones Neuro","title":"Soluciones Neuro","target":""}},{"link":{"type":"url","value":"https:\/\/natussensory.com\/es\/","url":"https:\/\/natussensory.com\/es\/","name":"https:\/\/natussensory.com\/es\/","title":"Sensory website","target":"_blank"}},{"link":{"type":"post","value":"8369","url":"https:\/\/natus.com\/es\/soporte\/","name":"Servicio y Soporte","title":"Servicio y Soporte","target":""}},{"link":{"type":"post","value":"11304","url":"https:\/\/natus.com\/es\/educacion\/","name":"Educaci\u00f3n","title":"Educaci\u00f3n","target":""}}],"interval":""},{"slide_type":"video","image":{"ID":183,"id":183,"title":"home-hero-bg-v1","filename":"home-hero-bg-v1.jpg","filesize":236063,"url":"https:\/\/natus.com\/wp-content\/uploads\/home-hero-bg-v1.jpg","link":"https:\/\/natus.com\/es\/natus-medical\/home-hero-bg-v1-2\/","alt":"Eye Imaging","author":"1","description":"","caption":"","name":"home-hero-bg-v1-2","status":"inherit","uploaded_to":1585,"date":"2023-06-12 12:42:35","modified":"2024-07-26 15:07:53","menu_order":0,"mime_type":"image\/jpeg","type":"image","subtype":"jpeg","icon":"https:\/\/natus.com\/wp-includes\/images\/media\/default.png","width":1920,"height":1000,"sizes":{"thumbnail":"https:\/\/natus.com\/wp-content\/uploads\/home-hero-bg-v1.jpg","thumbnail-width":128,"thumbnail-height":67,"medium":"https:\/\/natus.com\/wp-content\/uploads\/home-hero-bg-v1.jpg","medium-width":1920,"medium-height":1000,"medium_large":"https:\/\/natus.com\/wp-content\/uploads\/home-hero-bg-v1-768x400.jpg","medium_large-width":768,"medium_large-height":400,"large":"https:\/\/natus.com\/wp-content\/uploads\/home-hero-bg-v1.jpg","large-width":1920,"large-height":1000,"1536x1536":"https:\/\/natus.com\/wp-content\/uploads\/home-hero-bg-v1-1536x800.jpg","1536x1536-width":1536,"1536x1536-height":800,"2048x2048":"https:\/\/natus.com\/wp-content\/uploads\/home-hero-bg-v1.jpg","2048x2048-width":1920,"2048x2048-height":1000}},"video":"https:\/\/player.vimeo.com\/progressive_redirect\/playback\/859047259\/rendition\/1080p\/file.mp4?loc=external&log_user=0&signature=d0008be80ad4438e24c97a6adebf08839ad42dc7e08f8e39b2d50d9ddd2f6e9f","title":"Productos","description":"<p>Ponemos a los m\u00e9dicos en primer lugar a la hora de considerar y desarrollar cada una de las soluciones que ofrecemos.\u202fOfrecemos soluciones innovadoras y fiables para detectar, diagnosticar y tratar los trastornos que afectan al cerebro, las v\u00edas neuronales y los ocho sistemas nerviosos sensoriales.<\/p>\n","links":[{"link":{"type":"post","value":"8356","url":"https:\/\/natus.com\/es\/productos-neuro\/","name":"Productos Neuro","title":"Productos Neuro","target":""}},{"link":{"type":"url","value":"https:\/\/natussensory.com\/es\/","url":"https:\/\/natussensory.com\/es\/","name":"https:\/\/natussensory.com\/es\/","title":"Sensory website","target":"_blank"}}],"interval":""},{"slide_type":"video","image":{"ID":183,"id":183,"title":"home-hero-bg-v1","filename":"home-hero-bg-v1.jpg","filesize":236063,"url":"https:\/\/natus.com\/wp-content\/uploads\/home-hero-bg-v1.jpg","link":"https:\/\/natus.com\/es\/natus-medical\/home-hero-bg-v1-2\/","alt":"Eye Imaging","author":"1","description":"","caption":"","name":"home-hero-bg-v1-2","status":"inherit","uploaded_to":1585,"date":"2023-06-12 12:42:35","modified":"2024-07-26 15:07:53","menu_order":0,"mime_type":"image\/jpeg","type":"image","subtype":"jpeg","icon":"https:\/\/natus.com\/wp-includes\/images\/media\/default.png","width":1920,"height":1000,"sizes":{"thumbnail":"https:\/\/natus.com\/wp-content\/uploads\/home-hero-bg-v1.jpg","thumbnail-width":128,"thumbnail-height":67,"medium":"https:\/\/natus.com\/wp-content\/uploads\/home-hero-bg-v1.jpg","medium-width":1920,"medium-height":1000,"medium_large":"https:\/\/natus.com\/wp-content\/uploads\/home-hero-bg-v1-768x400.jpg","medium_large-width":768,"medium_large-height":400,"large":"https:\/\/natus.com\/wp-content\/uploads\/home-hero-bg-v1.jpg","large-width":1920,"large-height":1000,"1536x1536":"https:\/\/natus.com\/wp-content\/uploads\/home-hero-bg-v1-1536x800.jpg","1536x1536-width":1536,"1536x1536-height":800,"2048x2048":"https:\/\/natus.com\/wp-content\/uploads\/home-hero-bg-v1.jpg","2048x2048-width":1920,"2048x2048-height":1000}},"video":"https:\/\/player.vimeo.com\/progressive_redirect\/playback\/859047259\/rendition\/1080p\/file.mp4?loc=external&log_user=0&signature=d0008be80ad4438e24c97a6adebf08839ad42dc7e08f8e39b2d50d9ddd2f6e9f","title":"Service & Support","description":"<p>Nos dedicamos a prestar un servicio inigualable para garantizar una experiencia perfecta, ayudando a nuestros socios a ofrecer el m\u00e1s alto nivel de atenci\u00f3n y lograr los mejores resultados posibles para los pacientes.<\/p>\n","links":[{"link":{"type":"post","value":"8369","url":"https:\/\/natus.com\/es\/soporte\/","name":"Servicio y Soporte","title":"Servicio y Soporte","target":""}}],"interval":""},{"slide_type":"video","image":{"ID":183,"id":183,"title":"home-hero-bg-v1","filename":"home-hero-bg-v1.jpg","filesize":236063,"url":"https:\/\/natus.com\/wp-content\/uploads\/home-hero-bg-v1.jpg","link":"https:\/\/natus.com\/es\/natus-medical\/home-hero-bg-v1-2\/","alt":"Eye Imaging","author":"1","description":"","caption":"","name":"home-hero-bg-v1-2","status":"inherit","uploaded_to":1585,"date":"2023-06-12 12:42:35","modified":"2024-07-26 15:07:53","menu_order":0,"mime_type":"image\/jpeg","type":"image","subtype":"jpeg","icon":"https:\/\/natus.com\/wp-includes\/images\/media\/default.png","width":1920,"height":1000,"sizes":{"thumbnail":"https:\/\/natus.com\/wp-content\/uploads\/home-hero-bg-v1.jpg","thumbnail-width":128,"thumbnail-height":67,"medium":"https:\/\/natus.com\/wp-content\/uploads\/home-hero-bg-v1.jpg","medium-width":1920,"medium-height":1000,"medium_large":"https:\/\/natus.com\/wp-content\/uploads\/home-hero-bg-v1-768x400.jpg","medium_large-width":768,"medium_large-height":400,"large":"https:\/\/natus.com\/wp-content\/uploads\/home-hero-bg-v1.jpg","large-width":1920,"large-height":1000,"1536x1536":"https:\/\/natus.com\/wp-content\/uploads\/home-hero-bg-v1-1536x800.jpg","1536x1536-width":1536,"1536x1536-height":800,"2048x2048":"https:\/\/natus.com\/wp-content\/uploads\/home-hero-bg-v1.jpg","2048x2048-width":1920,"2048x2048-height":1000}},"video":"https:\/\/player.vimeo.com\/progressive_redirect\/playback\/859047259\/rendition\/1080p\/file.mp4?loc=external&log_user=0&signature=d0008be80ad4438e24c97a6adebf08839ad42dc7e08f8e39b2d50d9ddd2f6e9f","title":"Education","description":"<p>Nos comprometemos a ayudar a los profesionales sanitarios de todo el mundo a sentirse seguros de que pueden lograr los mejores resultados posibles. Las Academias Natus proporcionan conocimientos expertos, experiencia cl\u00ednica y formaci\u00f3n avanzada, independientemente de cu\u00e1l sea su funci\u00f3n y de d\u00f3nde trabaje.<\/p>\n","links":[{"link":{"type":"url","value":"https:\/\/neuro-training.academy","url":"https:\/\/neuro-training.academy","name":"https:\/\/neuro-training.academy","title":"Neuro Training Academy","target":"_blank"}}],"interval":""}]}},{"acf_fc_layout":"products_slider","_acfe_flexible_toggle":"","slider_with_thumbnail_navigation_landing":{"module_options":{"":null,"module_id":"n6514d55070576","module_class":"","module_background_type":"color","module_background_color":"","module_background_image":false,"module_background_video":"","activate_custom_padding":false,"padding_top_desktop":"0","padding_top_tablet":"0","padding_top_mobile":"0","padding_bottom_desktop":"0","padding_bottom_tablet":"0","padding_bottom_mobile":"0","activate_custom_margin":false,"margin_top_desktop":"0","margin_top_tablet":"0","margin_top_mobile":"0","margin_bottom_desktop":"0","margin_bottom_tablet":"0","margin_bottom_mobile":"0","disable_on":[],"content_alignment_desktop":"left","content_alignment_tablet":"left","content_alignment_mobile":"left"},"intro_text":"","intro_text_color":"","intro_link":null,"autoplay":"true","autoplay_interval":"2500","slider":[{"label":"Neuro","label_color":"#154284","title":"Sistema de neurodiagn\u00f3stico UltraPro\u00ae S100 ","description":"UltraPro combina controles f\u00e1ciles de usar para el usuario y flujos de trabajo con excelente calidad de sus se\u00f1ales para ayudar a realizar estudios neuromusculares con un mayor nivel de precisi\u00f3n.","link":{"type":"post","value":"8607","url":"https:\/\/natus.com\/es\/neuro\/ultrapro-s100-emg\/","name":"Sistema de neurodiagn\u00f3stico UltraPro\u00ae S100","title":" SABER M\u00c1S SOBRE UltraPro\u00ae S100","target":""},"image":{"ID":7551,"id":7551,"title":"UltraPro Product Feature Image","filename":"UltraPro-Product-Feature-Image.png","filesize":557387,"url":"https:\/\/natus.com\/wp-content\/uploads\/UltraPro-Product-Feature-Image.png","link":"https:\/\/natus.com\/es\/neuro\/ultrapro-product-feature-image-2\/","alt":"UltraPro S100","author":"2","description":"","caption":"","name":"ultrapro-product-feature-image-2","status":"inherit","uploaded_to":10464,"date":"2023-09-26 23:29:09","modified":"2024-07-26 15:29:03","menu_order":0,"mime_type":"image\/png","type":"image","subtype":"png","icon":"https:\/\/natus.com\/wp-includes\/images\/media\/default.png","width":650,"height":750,"sizes":{"thumbnail":"https:\/\/natus.com\/wp-content\/uploads\/UltraPro-Product-Feature-Image.png","thumbnail-width":83,"thumbnail-height":96,"medium":"https:\/\/natus.com\/wp-content\/uploads\/UltraPro-Product-Feature-Image.png","medium-width":650,"medium-height":750,"medium_large":"https:\/\/natus.com\/wp-content\/uploads\/UltraPro-Product-Feature-Image.png","medium_large-width":650,"medium_large-height":750,"large":"https:\/\/natus.com\/wp-content\/uploads\/UltraPro-Product-Feature-Image.png","large-width":650,"large-height":750,"1536x1536":"https:\/\/natus.com\/wp-content\/uploads\/UltraPro-Product-Feature-Image.png","1536x1536-width":650,"1536x1536-height":750,"2048x2048":"https:\/\/natus.com\/wp-content\/uploads\/UltraPro-Product-Feature-Image.png","2048x2048-width":650,"2048x2048-height":750}},"thumbnail":{"ID":7592,"id":7592,"title":"UltraPro Product Thumbmail","filename":"UltraPro-Product-Thumbmail.png","filesize":15589,"url":"https:\/\/natus.com\/wp-content\/uploads\/UltraPro-Product-Thumbmail.png","link":"https:\/\/natus.com\/es\/neuro\/ultrapro-product-thumbmail-2\/","alt":"UltraPro S100","author":"2","description":"","caption":"","name":"ultrapro-product-thumbmail-2","status":"inherit","uploaded_to":10464,"date":"2023-09-27 00:28:14","modified":"2024-07-26 15:23:59","menu_order":0,"mime_type":"image\/png","type":"image","subtype":"png","icon":"https:\/\/natus.com\/wp-includes\/images\/media\/default.png","width":100,"height":100,"sizes":{"thumbnail":"https:\/\/natus.com\/wp-content\/uploads\/UltraPro-Product-Thumbmail.png","thumbnail-width":96,"thumbnail-height":96,"medium":"https:\/\/natus.com\/wp-content\/uploads\/UltraPro-Product-Thumbmail.png","medium-width":100,"medium-height":100,"medium_large":"https:\/\/natus.com\/wp-content\/uploads\/UltraPro-Product-Thumbmail.png","medium_large-width":100,"medium_large-height":100,"large":"https:\/\/natus.com\/wp-content\/uploads\/UltraPro-Product-Thumbmail.png","large-width":100,"large-height":100,"1536x1536":"https:\/\/natus.com\/wp-content\/uploads\/UltraPro-Product-Thumbmail.png","1536x1536-width":100,"1536x1536-height":100,"2048x2048":"https:\/\/natus.com\/wp-content\/uploads\/UltraPro-Product-Thumbmail.png","2048x2048-width":100,"2048x2048-height":100}},"interval":""},{"label":"Neuro","label_color":"#154284","title":"Software de EEG Natus\u00ae NeuroWorks\u00ae ","description":"La plataforma Natus NeuroWorks simplifica el proceso de recogida, monitorizaci\u00f3n, identificaci\u00f3n de tendencias y gesti\u00f3n de datos para las pruebas rutinarias de EEG, EEG ambulatorio, la monitorizaci\u00f3n a largo plazo, la monitorizaci\u00f3n en UCI y estudios de investigaci\u00f3n.\r\n","link":{"type":"post","value":"9424","url":"https:\/\/natus.com\/es\/neuro\/neuroworks-eeg-software\/","name":"Software de EEG Natus\u00ae NeuroWorks\u00ae","title":"SABER M\u00c1S SOBRE Software de EEG NeuroWorks\u00ae ","target":""},"image":{"ID":7587,"id":7587,"title":"Neuroworks computer screen 850x750","filename":"Neuroworks-computer-screen-850x750-1.png","filesize":554219,"url":"https:\/\/natus.com\/wp-content\/uploads\/Neuroworks-computer-screen-850x750-1.png","link":"https:\/\/natus.com\/es\/neuro\/neuroworks-computer-screen-850x750-2\/","alt":"Neuroworks EEG","author":"2","description":"","caption":"","name":"neuroworks-computer-screen-850x750-2","status":"inherit","uploaded_to":10464,"date":"2023-09-27 00:26:31","modified":"2024-07-26 15:28:06","menu_order":0,"mime_type":"image\/png","type":"image","subtype":"png","icon":"https:\/\/natus.com\/wp-includes\/images\/media\/default.png","width":650,"height":750,"sizes":{"thumbnail":"https:\/\/natus.com\/wp-content\/uploads\/Neuroworks-computer-screen-850x750-1.png","thumbnail-width":83,"thumbnail-height":96,"medium":"https:\/\/natus.com\/wp-content\/uploads\/Neuroworks-computer-screen-850x750-1.png","medium-width":650,"medium-height":750,"medium_large":"https:\/\/natus.com\/wp-content\/uploads\/Neuroworks-computer-screen-850x750-1.png","medium_large-width":650,"medium_large-height":750,"large":"https:\/\/natus.com\/wp-content\/uploads\/Neuroworks-computer-screen-850x750-1.png","large-width":650,"large-height":750,"1536x1536":"https:\/\/natus.com\/wp-content\/uploads\/Neuroworks-computer-screen-850x750-1.png","1536x1536-width":650,"1536x1536-height":750,"2048x2048":"https:\/\/natus.com\/wp-content\/uploads\/Neuroworks-computer-screen-850x750-1.png","2048x2048-width":650,"2048x2048-height":750}},"thumbnail":{"ID":7582,"id":7582,"title":"Neuroworks computer screen 100x100","filename":"Neuroworks-computer-screen-100x100-1.png","filesize":17391,"url":"https:\/\/natus.com\/wp-content\/uploads\/Neuroworks-computer-screen-100x100-1.png","link":"https:\/\/natus.com\/es\/neuro\/neuroworks-computer-screen-100x100-2\/","alt":"Neuroworks EEG ","author":"2","description":"","caption":"","name":"neuroworks-computer-screen-100x100-2","status":"inherit","uploaded_to":10464,"date":"2023-09-27 00:25:45","modified":"2024-07-26 15:28:37","menu_order":0,"mime_type":"image\/png","type":"image","subtype":"png","icon":"https:\/\/natus.com\/wp-includes\/images\/media\/default.png","width":100,"height":100,"sizes":{"thumbnail":"https:\/\/natus.com\/wp-content\/uploads\/Neuroworks-computer-screen-100x100-1.png","thumbnail-width":96,"thumbnail-height":96,"medium":"https:\/\/natus.com\/wp-content\/uploads\/Neuroworks-computer-screen-100x100-1.png","medium-width":100,"medium-height":100,"medium_large":"https:\/\/natus.com\/wp-content\/uploads\/Neuroworks-computer-screen-100x100-1.png","medium_large-width":100,"medium_large-height":100,"large":"https:\/\/natus.com\/wp-content\/uploads\/Neuroworks-computer-screen-100x100-1.png","large-width":100,"large-height":100,"1536x1536":"https:\/\/natus.com\/wp-content\/uploads\/Neuroworks-computer-screen-100x100-1.png","1536x1536-width":100,"1536x1536-height":100,"2048x2048":"https:\/\/natus.com\/wp-content\/uploads\/Neuroworks-computer-screen-100x100-1.png","2048x2048-width":100,"2048x2048-height":100}},"interval":""}]}}]},"_links":{"self":[{"href":"https:\/\/natus.com\/es\/wp-json\/wp\/v2\/pages\/1585","targetHints":{"allow":["GET"]}}],"collection":[{"href":"https:\/\/natus.com\/es\/wp-json\/wp\/v2\/pages"}],"about":[{"href":"https:\/\/natus.com\/es\/wp-json\/wp\/v2\/types\/page"}],"author":[{"embeddable":true,"href":"https:\/\/natus.com\/es\/wp-json\/wp\/v2\/users\/1"}],"replies":[{"embeddable":true,"href":"https:\/\/natus.com\/es\/wp-json\/wp\/v2\/comments?post=1585"}],"version-history":[{"count":10,"href":"https:\/\/natus.com\/es\/wp-json\/wp\/v2\/pages\/1585\/revisions"}],"predecessor-version":[{"id":24985,"href":"https:\/\/natus.com\/es\/wp-json\/wp\/v2\/pages\/1585\/revisions\/24985"}],"wp:attachment":[{"href":"https:\/\/natus.com\/es\/wp-json\/wp\/v2\/media?parent=1585"}],"wp:term":[{"taxonomy":"category","embeddable":true,"href":"https:\/\/natus.com\/es\/wp-json\/wp\/v2\/categories?post=1585"},{"taxonomy":"post_tag","embeddable":true,"href":"https:\/\/natus.com\/es\/wp-json\/wp\/v2\/tags?post=1585"}],"curies":[{"name":"wp","href":"https:\/\/api.w.org\/{rel}","templated":true}]}}