{"id":21933,"date":"2024-11-13T21:11:42","date_gmt":"2024-11-13T21:11:42","guid":{"rendered":"https:\/\/natus.com\/coordinated-vulnerability-disclosure-policy\/"},"modified":"2024-11-22T21:27:15","modified_gmt":"2024-11-22T21:27:15","slug":"politica-coordinada-de-divulgacion-de-vulnerabilidades","status":"publish","type":"page","link":"https:\/\/natus.com\/es\/politica-coordinada-de-divulgacion-de-vulnerabilidades\/","title":{"rendered":"Pol\u00edtica coordinada de divulgaci\u00f3n de vulnerabilidades"},"content":{"rendered":"","protected":false},"excerpt":{"rendered":"","protected":false},"author":2,"featured_media":0,"parent":0,"menu_order":0,"comment_status":"closed","ping_status":"closed","template":"","meta":{"_acf_changed":false,"footnotes":""},"categories":[],"tags":[],"class_list":["post-21933","page","type-page","status-publish","hentry"],"acf":{"content_blocks":[{"acf_fc_layout":"hero1","_acfe_flexible_toggle":"","hero_locations":{"unique_id":"n650dff0a20711","background":{"ID":930,"id":930,"title":"locations-hero","filename":"locations-hero.jpg","filesize":249977,"url":"https:\/\/natus.com\/wp-content\/uploads\/locations-hero.jpg","link":"https:\/\/natus.com\/es\/ubicaciones\/locations-hero-2\/","alt":"","author":"1","description":"","caption":"","name":"locations-hero-2","status":"inherit","uploaded_to":8346,"date":"2023-07-30 10:59:34","modified":"2023-09-21 15:29:51","menu_order":0,"mime_type":"image\/jpeg","type":"image","subtype":"jpeg","icon":"https:\/\/natus.com\/wp-includes\/images\/media\/default.png","width":1920,"height":500,"sizes":{"thumbnail":"https:\/\/natus.com\/wp-content\/uploads\/locations-hero.jpg","thumbnail-width":128,"thumbnail-height":33,"medium":"https:\/\/natus.com\/wp-content\/uploads\/locations-hero.jpg","medium-width":1920,"medium-height":500,"medium_large":"https:\/\/natus.com\/wp-content\/uploads\/locations-hero-768x200.jpg","medium_large-width":768,"medium_large-height":200,"large":"https:\/\/natus.com\/wp-content\/uploads\/locations-hero.jpg","large-width":1920,"large-height":500,"1536x1536":"https:\/\/natus.com\/wp-content\/uploads\/locations-hero-1536x400.jpg","1536x1536-width":1536,"1536x1536-height":400,"2048x2048":"https:\/\/natus.com\/wp-content\/uploads\/locations-hero.jpg","2048x2048-width":1920,"2048x2048-height":500}},"h1":"Pol\u00edtica coordinada de divulgaci\u00f3n de vulnerabilidades","description":""}},{"acf_fc_layout":"spacer","_acfe_flexible_toggle":"","spacer":{"module_options":{"":null,"module_id":"n6514c89a99c29","module_class":"","module_background_type":"color","module_background_color":"#f1f1f1","module_background_image":false,"module_background_video":"","activate_custom_padding":false,"padding_top_desktop":"0","padding_top_tablet":"0","padding_top_mobile":"0","padding_bottom_desktop":"0","padding_bottom_tablet":"0","padding_bottom_mobile":"0","activate_custom_margin":false,"margin_top_desktop":"0","margin_top_tablet":"0","margin_top_mobile":"0","margin_bottom_desktop":"0","margin_bottom_tablet":"0","margin_bottom_mobile":"0","disable_on":[],"content_alignment_desktop":"left","content_alignment_tablet":"left","content_alignment_mobile":"left"},"height":"30"}},{"acf_fc_layout":"divider","_acfe_flexible_toggle":"","divider":{"module_options":{"":null,"module_id":"n6514c89a9faaa","module_class":"","module_background_type":"color","module_background_color":"","module_background_image":false,"module_background_video":"","activate_custom_padding":false,"padding_top_desktop":"0","padding_top_tablet":"0","padding_top_mobile":"0","padding_bottom_desktop":"0","padding_bottom_tablet":"0","padding_bottom_mobile":"0","activate_custom_margin":false,"margin_top_desktop":"0","margin_top_tablet":"0","margin_top_mobile":"0","margin_bottom_desktop":"0","margin_bottom_tablet":"0","margin_bottom_mobile":"0","disable_on":[],"content_alignment_desktop":"left","content_alignment_tablet":"left","content_alignment_mobile":"left"},"color":"#00aaa7","height":"12"}},{"acf_fc_layout":"simple_content","_acfe_flexible_toggle":"","content_full_width_landing":{"module_options":{"":null,"module_id":"n6514c7b77fa50","module_class":"","module_background_type":"color","module_background_color":"","module_background_image":false,"module_background_video":"","activate_custom_padding":false,"padding_top_desktop":"0","padding_top_tablet":"0","padding_top_mobile":"0","padding_bottom_desktop":"0","padding_bottom_tablet":"0","padding_bottom_mobile":"0","activate_custom_margin":false,"margin_top_desktop":"0","margin_top_tablet":"0","margin_top_mobile":"0","margin_bottom_desktop":"0","margin_bottom_tablet":"0","margin_bottom_mobile":"0","disable_on":[],"content_alignment_desktop":"left","content_alignment_tablet":"left","content_alignment_mobile":"left"},"content":"<p><span style=\"font-size: 15px;\">La Pol\u00edtica coordinada de divulgaci\u00f3n de vulnerabilidades de Natus est\u00e1 dise\u00f1ada para proporcionar transparencia a nuestros clientes proporcion\u00e1ndoles informaci\u00f3n y orientaci\u00f3n para ayudarles a gestionar los riesgos de ciberseguridad. Animamos a los clientes y otras partes interesadas externas a colaborar en los planes de respuesta de tratamiento para las vulnerabilidades descubiertas en los productos Natus. El proceso de divulgaci\u00f3n coordinada de vulnerabilidades consta de las cuatro fases siguientes:<\/span><\/p>\n<p>&nbsp;<\/p>\n<ul>\n<li><span style=\"font-size: 15px;\"><strong>Descubrimiento<\/strong>: Se anima a los clientes de Natus, investigadores de seguridad y otras partes interesadas externas a informar de una vulnerabilidad potencial o descubierta, violaci\u00f3n u otras se\u00f1ales e incidentes de ciberseguridad que afecten a un producto de Natus. Estas vulnerabilidades potenciales o descubiertas deben ser reportadas a Natus como una queja de servicio t\u00e9cnico siguiendo el proceso de gesti\u00f3n de las quejas de Natus. Natus acusar\u00e1 recibo de la se\u00f1al notificada con prontitud una vez recibida de la fuente notificante.<\/span><\/li>\n<li><span style=\"font-size: 15px;\"><strong>Clasificaci\u00f3n y an\u00e1lisis<\/strong>: Natus trabaja con la fuente de notificaci\u00f3n de posibles problemas y eventos de seguridad para investigar y verificar las vulnerabilidades notificadas. Si la vulnerabilidad es verificada y calificada para la planificaci\u00f3n del tratamiento, Natus seguir\u00e1 su procedimiento de respuesta a incidentes de seguridad de producto y gesti\u00f3n de vulnerabilidades para establecer planes efectivos de respuesta al tratamiento. Los plazos para el tratamiento y la divulgaci\u00f3n deben comunicarse lo antes posible.<\/span><\/li>\n<li><span style=\"font-size: 15px;\"><strong>Reparaci\u00f3n o mitigaci\u00f3n<\/strong>: La respuesta de tratamiento identificar\u00e1 las estrategias de reparaci\u00f3n y\/o mitigaci\u00f3n para eliminar la vulnerabilidad o reducir el riesgo a un nivel aceptable. Cuando proceda, la respuesta al tratamiento incluir\u00e1 comunicaciones de divulgaci\u00f3n con coordinadores, grupos de intercambio de informaci\u00f3n y organismos reguladores.<\/span><\/li>\n<li><span style=\"font-size: 15px;\"><strong>Divulgaci\u00f3n de vulnerabilidades<\/strong>: Natus publica las divulgaciones de vulnerabilidades coordinadas en forma de aviso de seguridad del producto o bolet\u00edn de seguridad del producto en el sitio web de Natus. Las notas de la versi\u00f3n y otras etiquetas del producto pueden utilizarse para revelar vulnerabilidades. En esta fase, Natus comparte la informaci\u00f3n sobre vulnerabilidad con los coordinadores y\/u otras partes interesadas externas.<\/span><\/li>\n<\/ul>\n"}}]},"_links":{"self":[{"href":"https:\/\/natus.com\/es\/wp-json\/wp\/v2\/pages\/21933","targetHints":{"allow":["GET"]}}],"collection":[{"href":"https:\/\/natus.com\/es\/wp-json\/wp\/v2\/pages"}],"about":[{"href":"https:\/\/natus.com\/es\/wp-json\/wp\/v2\/types\/page"}],"author":[{"embeddable":true,"href":"https:\/\/natus.com\/es\/wp-json\/wp\/v2\/users\/2"}],"replies":[{"embeddable":true,"href":"https:\/\/natus.com\/es\/wp-json\/wp\/v2\/comments?post=21933"}],"version-history":[{"count":2,"href":"https:\/\/natus.com\/es\/wp-json\/wp\/v2\/pages\/21933\/revisions"}],"predecessor-version":[{"id":21941,"href":"https:\/\/natus.com\/es\/wp-json\/wp\/v2\/pages\/21933\/revisions\/21941"}],"wp:attachment":[{"href":"https:\/\/natus.com\/es\/wp-json\/wp\/v2\/media?parent=21933"}],"wp:term":[{"taxonomy":"category","embeddable":true,"href":"https:\/\/natus.com\/es\/wp-json\/wp\/v2\/categories?post=21933"},{"taxonomy":"post_tag","embeddable":true,"href":"https:\/\/natus.com\/es\/wp-json\/wp\/v2\/tags?post=21933"}],"curies":[{"name":"wp","href":"https:\/\/api.w.org\/{rel}","templated":true}]}}