{"id":24667,"date":"2025-05-29T14:02:18","date_gmt":"2025-05-29T14:02:18","guid":{"rendered":"https:\/\/natus.com\/?page_id=24667"},"modified":"2025-11-25T20:25:39","modified_gmt":"2025-11-25T20:25:39","slug":"amplificador-de-eeg-micromed-sd-plus-flexi","status":"publish","type":"page","link":"https:\/\/natus.com\/es\/neuro\/amplificador-de-eeg-micromed-sd-plus-flexi\/","title":{"rendered":"Amplificador de EEG Micromed\u00ae SD PLUS FLEXI"},"content":{"rendered":"","protected":false},"excerpt":{"rendered":"","protected":false},"author":3,"featured_media":0,"parent":10464,"menu_order":0,"comment_status":"closed","ping_status":"closed","template":"templates\/page-neuro-solutions-product-landing.php","meta":{"_acf_changed":false,"footnotes":""},"categories":[162],"tags":[269,227,236],"class_list":["post-24667","page","type-page","status-publish","hentry","category-electroencefalografia-eeg-aeeg-es","tag-eeg-rutina-es","tag-eeg-uci-es","tag-monitorizacion-uci-es"],"acf":{"content_blocks":[{"acf_fc_layout":"spacer","_acfe_flexible_toggle":"","spacer":{"module_options":{"":null,"module_id":"n6514e87cedd36","module_class":"","module_background_type":"color","module_background_color":"#00aaa7","module_background_image":false,"module_background_video":"","activate_custom_padding":false,"padding_top_desktop":"0","padding_top_tablet":"0","padding_top_mobile":"0","padding_bottom_desktop":"0","padding_bottom_tablet":"0","padding_bottom_mobile":"0","activate_custom_margin":false,"margin_top_desktop":"0","margin_top_tablet":"0","margin_top_mobile":"0","margin_bottom_desktop":"0","margin_bottom_tablet":"0","margin_bottom_mobile":"0","disable_on":[],"content_alignment_desktop":"left","content_alignment_tablet":"left","content_alignment_mobile":"left"},"height":"270"}},{"acf_fc_layout":"intro_with_sticky_image","_acfe_flexible_toggle":"","left_content_right_image_sticky":{"module_options":{"":null,"module_id":"n6514e87d00aeb","module_class":"","module_background_type":"color","module_background_color":"#f1f1f1","module_background_image":false,"module_background_video":"","activate_custom_padding":false,"padding_top_desktop":"0","padding_top_tablet":"0","padding_top_mobile":"0","padding_bottom_desktop":"0","padding_bottom_tablet":"0","padding_bottom_mobile":"0","activate_custom_margin":false,"margin_top_desktop":"0","margin_top_tablet":"0","margin_top_mobile":"0","margin_bottom_desktop":"0","margin_bottom_tablet":"0","margin_bottom_mobile":"0","disable_on":[],"content_alignment_desktop":"left","content_alignment_tablet":"left","content_alignment_mobile":"left"},"":null,"title":"Amplificador de EEG Micromed<sup>\u00ae<\/sup> SD PLUS FLEXI","subheader":"<p>Al estar dise\u00f1ada para mejorar la atenci\u00f3n al paciente y la eficiencia cl\u00ednica, la avanzada tecnolog\u00eda de EEG de SD PLUS FLEXI est\u00e1 adaptada a las necesidades de los sanitarios. Su dise\u00f1o compacto y port\u00e1til facilita el uso junto a la cama del paciente, y su interfaz intuitiva simplifica el funcionamiento y mejora los flujos de trabajo.<\/p>\n<p>Gracias a las d\u00e9cadas de experiencia de Micromed en el dise\u00f1o de hardware EEG revolucionario, SD PLUS FLEXI garantiza un rendimiento de \u00faltima generaci\u00f3n para la mayor\u00eda de los casos de uso cl\u00ednico en diagn\u00f3sticos de EEG.<\/p>\n<p><strong>Caracter\u00edsticas principales:<\/strong><\/p>\n<ul>\n<li>Disponible con el BRAIN QUICK Software o el software NeuroWorks<\/li>\n<li>Un total de 36 entradas, grabando hasta 38 canales: 24 entradas referenciales, 8 entradas referenciales\/bipolares, 2 entradas bipolares adicionales, entrada de oximetr\u00eda (SpO2, pulso, HR), 1 entrada de marcador<\/li>\n<li>Alta tasa de muestreo y entradas de bajo nivel de ruido<\/li>\n<li>Las opciones de interfaz USB o de red ofrecen una conectividad flexible en cualquier situaci\u00f3n, como carros o salas de pacientes remotas<\/li>\n<li>Filtro de baja frecuencia configurable por hardware, rango de entrada y resoluci\u00f3n A\/D para un registro \u00f3ptimo de los cambios de CC en la UCI<\/li>\n<li>Listo para usar en quir\u00f3fano: compatible con dispositivo de electrocauterio<\/li>\n<li>Listo para usar en UCI: nivel de ruido por debajo de 1,8 \u03bcVpp<\/li>\n<\/ul>\n<p><span style=\"font-size: 12px;\">La disponibilidad de productos y configuraciones var\u00eda seg\u00fan el mercado. P\u00f3ngase en contacto con su representante de Natus para consultar la disponibilidad. <\/span><\/p>\n","icons":[{"icon":{"ID":2247,"id":2247,"title":"icon-channels","filename":"icon-channels.png","filesize":1062,"url":"https:\/\/natus.com\/wp-content\/uploads\/icon-channels.png","link":"https:\/\/natus.com\/es\/neuro\/icon-channels-2\/","alt":"Icon - Channels","author":"2","description":"","caption":"","name":"icon-channels-2","status":"inherit","uploaded_to":10464,"date":"2023-09-07 23:18:48","modified":"2024-07-29 21:18:55","menu_order":0,"mime_type":"image\/png","type":"image","subtype":"png","icon":"https:\/\/natus.com\/wp-includes\/images\/media\/default.png","width":58,"height":43,"sizes":{"thumbnail":"https:\/\/natus.com\/wp-content\/uploads\/icon-channels.png","thumbnail-width":58,"thumbnail-height":43,"medium":"https:\/\/natus.com\/wp-content\/uploads\/icon-channels.png","medium-width":58,"medium-height":43,"medium_large":"https:\/\/natus.com\/wp-content\/uploads\/icon-channels.png","medium_large-width":58,"medium_large-height":43,"large":"https:\/\/natus.com\/wp-content\/uploads\/icon-channels.png","large-width":58,"large-height":43,"1536x1536":"https:\/\/natus.com\/wp-content\/uploads\/icon-channels.png","1536x1536-width":58,"1536x1536-height":43,"2048x2048":"https:\/\/natus.com\/wp-content\/uploads\/icon-channels.png","2048x2048-width":58,"2048x2048-height":43}},"icon_description":"Grabar Hasta <br \/>\r\n38 Canales"},{"icon":{"ID":2252,"id":2252,"title":"icon-rate","filename":"icon-rate.png","filesize":2246,"url":"https:\/\/natus.com\/wp-content\/uploads\/icon-rate.png","link":"https:\/\/natus.com\/es\/neuro\/icon-rate-2\/","alt":"Icon - Rate","author":"2","description":"","caption":"","name":"icon-rate-2","status":"inherit","uploaded_to":10464,"date":"2023-09-07 23:19:56","modified":"2024-07-29 21:18:51","menu_order":0,"mime_type":"image\/png","type":"image","subtype":"png","icon":"https:\/\/natus.com\/wp-includes\/images\/media\/default.png","width":61,"height":46,"sizes":{"thumbnail":"https:\/\/natus.com\/wp-content\/uploads\/icon-rate.png","thumbnail-width":61,"thumbnail-height":46,"medium":"https:\/\/natus.com\/wp-content\/uploads\/icon-rate.png","medium-width":61,"medium-height":46,"medium_large":"https:\/\/natus.com\/wp-content\/uploads\/icon-rate.png","medium_large-width":61,"medium_large-height":46,"large":"https:\/\/natus.com\/wp-content\/uploads\/icon-rate.png","large-width":61,"large-height":46,"1536x1536":"https:\/\/natus.com\/wp-content\/uploads\/icon-rate.png","1536x1536-width":61,"1536x1536-height":46,"2048x2048":"https:\/\/natus.com\/wp-content\/uploads\/icon-rate.png","2048x2048-width":61,"2048x2048-height":46}},"icon_description":"Flexibles <br \/>\r\nMontaje de<br \/>\r\nOpciones<br \/>\r\n"},{"icon":{"ID":23643,"id":23643,"title":"60x60-embedded-integrated-icon","filename":"60x60-embedded-integrated-icon.png","filesize":1229,"url":"https:\/\/natus.com\/wp-content\/uploads\/60x60-embedded-integrated-icon.png","link":"https:\/\/natus.com\/es\/neuro\/amplificador-de-eeg-micromed-sd-plus-flexi\/60x60-embedded-integrated-icon-2\/","alt":"60x60-embedded-integrated-icon","author":"1","description":"","caption":"","name":"60x60-embedded-integrated-icon-2","status":"inherit","uploaded_to":24667,"date":"2025-05-01 19:51:52","modified":"2025-08-13 20:14:12","menu_order":0,"mime_type":"image\/png","type":"image","subtype":"png","icon":"https:\/\/natus.com\/wp-includes\/images\/media\/default.png","width":60,"height":60,"sizes":{"thumbnail":"https:\/\/natus.com\/wp-content\/uploads\/60x60-embedded-integrated-icon.png","thumbnail-width":60,"thumbnail-height":60,"medium":"https:\/\/natus.com\/wp-content\/uploads\/60x60-embedded-integrated-icon.png","medium-width":60,"medium-height":60,"medium_large":"https:\/\/natus.com\/wp-content\/uploads\/60x60-embedded-integrated-icon.png","medium_large-width":60,"medium_large-height":60,"large":"https:\/\/natus.com\/wp-content\/uploads\/60x60-embedded-integrated-icon.png","large-width":60,"large-height":60,"1536x1536":"https:\/\/natus.com\/wp-content\/uploads\/60x60-embedded-integrated-icon.png","1536x1536-width":60,"1536x1536-height":60,"2048x2048":"https:\/\/natus.com\/wp-content\/uploads\/60x60-embedded-integrated-icon.png","2048x2048-width":60,"2048x2048-height":60}},"icon_description":"Disponible con <br \/>\r\nNeuroWorks\u00ae y <br \/>\r\nBRAIN QUICK\u00ae"}],"quick_navigation":[{"quick_link":{"type":"url","value":"#contact-neuro","url":"#contact-neuro","name":"#contact-neuro","title":"Contactarnos ","target":""}},{"quick_link":{"type":"url","value":"#n6514e87d12389","url":"#n6514e87d12389","name":"#n6514e87d12389","title":"Explore m\u00e1s detalles","target":""}}],"description":"<p><span style=\"font-size: 15px; color: #008b96;\"><strong>EEG inteligente, sencillo y potente<\/strong><\/span><\/p>\n<ul>\n<li><span style=\"font-size: 15px;\">Adquisici\u00f3n robusta de datos para evaluaciones exhaustivas de pacientes, dise\u00f1ada tanto para EEG cl\u00ednicos como para UCI<\/span><\/li>\n<li><span style=\"font-size: 15px;\"> Pantalla LED f\u00e1cil de usar para informaci\u00f3n de estudio en tiempo real y notificaciones <\/span><\/li>\n<li><span style=\"font-size: 15px;\">Opciones de montaje flexibles para la integraci\u00f3n en diversos entornos cl\u00ednicos, incluidos los carros Natus ErgoJust, la abrazadera de escritorio y el soporte de suelo<\/span><\/li>\n<\/ul>\n<p>&nbsp;<\/p>\n<p><span style=\"font-size: 15px; color: #008b96;\"><strong>Una base s\u00f3lida para la innovaci\u00f3n en EEG<\/strong><\/span><\/p>\n<p><span style=\"font-size: 15px;\">NeuroWorks y Micromed BRAIN QUICK de Natus son las plataformas de software de EEG m\u00e1s confiables y utilizadas en el mundo. Natus ofrece la mejor tecnolog\u00eda para crear soluciones f\u00e1ciles de usar que mejoren la atenci\u00f3n al paciente. <\/span><\/p>\n","message_label":"Servicio y Soporte","message_title":"\u00bfBusca un servicio de neuro productos o asistencia t\u00e9cnica?","message_link":{"type":"post","value":"883","url":"https:\/\/natus.com\/support\/","name":"Service &#038; Support","title":"Servicio y soporte de Natus","target":""},"right_sticky_image":{"ID":23689,"id":23689,"title":"SD PLUS FLEXI_Main Product Image 500x370","filename":"SD-PLUS-FLEXI_Main-Product-Image-500x370-1.png","filesize":179857,"url":"https:\/\/natus.com\/wp-content\/uploads\/SD-PLUS-FLEXI_Main-Product-Image-500x370-1.png","link":"https:\/\/natus.com\/es\/neuro\/amplificador-de-eeg-micromed-sd-plus-flexi\/sd-plus-flexi_main-product-image-500x370-2\/","alt":"SD PLUS FLEXI Main Product Image","author":"3","description":"","caption":"","name":"sd-plus-flexi_main-product-image-500x370-2","status":"inherit","uploaded_to":24667,"date":"2025-05-05 21:25:04","modified":"2025-05-05 21:27:22","menu_order":0,"mime_type":"image\/png","type":"image","subtype":"png","icon":"https:\/\/natus.com\/wp-includes\/images\/media\/default.png","width":500,"height":370,"sizes":{"thumbnail":"https:\/\/natus.com\/wp-content\/uploads\/SD-PLUS-FLEXI_Main-Product-Image-500x370-1.png","thumbnail-width":128,"thumbnail-height":96,"medium":"https:\/\/natus.com\/wp-content\/uploads\/SD-PLUS-FLEXI_Main-Product-Image-500x370-1.png","medium-width":500,"medium-height":370,"medium_large":"https:\/\/natus.com\/wp-content\/uploads\/SD-PLUS-FLEXI_Main-Product-Image-500x370-1.png","medium_large-width":500,"medium_large-height":370,"large":"https:\/\/natus.com\/wp-content\/uploads\/SD-PLUS-FLEXI_Main-Product-Image-500x370-1.png","large-width":500,"large-height":370,"1536x1536":"https:\/\/natus.com\/wp-content\/uploads\/SD-PLUS-FLEXI_Main-Product-Image-500x370-1.png","1536x1536-width":500,"1536x1536-height":370,"2048x2048":"https:\/\/natus.com\/wp-content\/uploads\/SD-PLUS-FLEXI_Main-Product-Image-500x370-1.png","2048x2048-width":500,"2048x2048-height":370}}}},{"acf_fc_layout":"product_information","_acfe_flexible_toggle":"","left_accordion_right_image_landing":{"module_options":{"":null,"module_id":"n6514e87d12389","module_class":"","module_background_type":"color","module_background_color":"#f1f1f1","module_background_image":false,"module_background_video":"","activate_custom_padding":false,"padding_top_desktop":"0","padding_top_tablet":"0","padding_top_mobile":"0","padding_bottom_desktop":"0","padding_bottom_tablet":"0","padding_bottom_mobile":"0","activate_custom_margin":false,"margin_top_desktop":"0","margin_top_tablet":"0","margin_top_mobile":"0","margin_bottom_desktop":"0","margin_bottom_tablet":"0","margin_bottom_mobile":"0","disable_on":[],"content_alignment_desktop":"left","content_alignment_tablet":"left","content_alignment_mobile":"left"},"intro":"Informaci\u00f3n del producto","description":"","accordion":[{"title":"Software","accordion_content":[{"acf_fc_layout":"full_content","accordion_description":"<p><a href=\"https:\/\/natus.com\/neuro\/neuroworks-eeg-software\/\">El software EEG NeuroWorks de Natus<\/a> simplifica el proceso de recopilaci\u00f3n, supervisi\u00f3n, an\u00e1lisis de tendencias y gesti\u00f3n de los datos de pruebas de EEG, lo que permite a los sanitarios ahorrar tiempo y centrarse en ofrecer la mejor atenci\u00f3n.<\/p>\n<p>&nbsp;<\/p>\n<p>NeuroWorks, la plataforma de EEG en la que conf\u00edan m\u00e1s sistemas sanitarios y peque\u00f1as consultas de todo el mundo, ha demostrado su fiabilidad en entornos cl\u00ednicos como las pruebas de EEG rutinarias, el EEG ambulatorio, la monitorizaci\u00f3n a largo plazo (LTM), la monitorizaci\u00f3n en UCI y los estudios de investigaci\u00f3n.<\/p>\n"},{"acf_fc_layout":"full_content","accordion_description":"<p>Las soluciones integrales y personalizables del <a href=\"https:\/\/natus.com\/neuro\/brain-quick-eeg-software\/\">BRAIN QUICK Software<\/a> simplifican la revisi\u00f3n y elaboraci\u00f3n de informes de EEG, desde aplicaciones rutinarias hasta la UCI y otras.<\/p>\n<p>BRAIN QUICK, uno de los software m\u00e1s l\u00edderes y fiables, cuenta con herramientas sofisticadas y capacidades avanzadas que son escalables en distintos entornos cl\u00ednicos.<\/p>\n"}]},{"title":"Descargar documentaci\u00f3n sobre el producto","accordion_content":[{"acf_fc_layout":"full_content","accordion_description":"<p><strong>Folleto de SD PLUS FLEXI<\/strong><br \/>\n<a href=\"https:\/\/partner.natus.com\/m\/49a1bbeccfe84b09\/original\/SD-PLUS-FLEXI-Flyer.pdf\" target=\"_blank\" rel=\"noopener\">Ingl\u00e9s<\/a><\/p>\n"}]},{"title":"Suministros","accordion_content":[{"acf_fc_layout":"full_content","accordion_description":"<p>Natus ofrece una l\u00ednea completa de suministros para satisfacer todas las necesidades de EEG.<\/p>\n<ul>\n<li>Un pr\u00e1ctico portal en l\u00ednea: <a href=\"https:\/\/natus.com\/natus-medical-stores\/\">Natus Medical Store<\/a> (disponible en ciertos mercados)<\/li>\n<\/ul>\n<p>&nbsp;<\/p>\n<p><img loading=\"lazy\" decoding=\"async\" class=\"alignleft size-full wp-image-3991\" src=\"https:\/\/natus.com\/wp-content\/uploads\/EEG-Supplies_500w.png\" alt=\"\" width=\"500\" height=\"293\" \/><\/p>\n"}]}],"image_left":false}},{"acf_fc_layout":"related_products","_acfe_flexible_toggle":"","tiles_3_columns_landing":{"module_options":{"":null,"module_id":"n6514e87d1bd86","module_class":"","module_background_type":"color","module_background_color":"#f1f1f1","module_background_image":false,"module_background_video":"","activate_custom_padding":false,"padding_top_desktop":"0","padding_top_tablet":"0","padding_top_mobile":"0","padding_bottom_desktop":"0","padding_bottom_tablet":"0","padding_bottom_mobile":"0","activate_custom_margin":false,"margin_top_desktop":"0","margin_top_tablet":"0","margin_top_mobile":"0","margin_bottom_desktop":"0","margin_bottom_tablet":"0","margin_bottom_mobile":"0","disable_on":[],"content_alignment_desktop":"left","content_alignment_tablet":"left","content_alignment_mobile":"left"},"intro_text":"Productos Neuro Relacionados","intro_text_color":"#005e63","intro_link":{"type":"post","value":"885","url":"https:\/\/natus.com\/neuro-products\/","name":"Neuro Products","title":"Ver todos los productos Neuro","target":""},"tiles":[{"label":"Software EEG","label_background_color":"#154284","image":{"ID":4269,"id":4269,"title":"NeuroWorks Related Product Photo - 500x400","filename":"Neuroworks-10-Related-Product-Photo-500x400-1.png","filesize":211965,"url":"https:\/\/natus.com\/wp-content\/uploads\/Neuroworks-10-Related-Product-Photo-500x400-1.png","link":"https:\/\/natus.com\/es\/neuro\/sistema-eeg-ambulatorio-video-continuo-trex-hd\/neuroworks-related-product-photo-500x400-2\/","alt":"","author":"2","description":"","caption":"","name":"neuroworks-related-product-photo-500x400-2","status":"inherit","uploaded_to":9774,"date":"2023-09-14 18:10:52","modified":"2023-09-28 20:13:16","menu_order":0,"mime_type":"image\/png","type":"image","subtype":"png","icon":"https:\/\/natus.com\/wp-includes\/images\/media\/default.png","width":500,"height":400,"sizes":{"thumbnail":"https:\/\/natus.com\/wp-content\/uploads\/Neuroworks-10-Related-Product-Photo-500x400-1.png","thumbnail-width":120,"thumbnail-height":96,"medium":"https:\/\/natus.com\/wp-content\/uploads\/Neuroworks-10-Related-Product-Photo-500x400-1.png","medium-width":500,"medium-height":400,"medium_large":"https:\/\/natus.com\/wp-content\/uploads\/Neuroworks-10-Related-Product-Photo-500x400-1.png","medium_large-width":500,"medium_large-height":400,"large":"https:\/\/natus.com\/wp-content\/uploads\/Neuroworks-10-Related-Product-Photo-500x400-1.png","large-width":500,"large-height":400,"1536x1536":"https:\/\/natus.com\/wp-content\/uploads\/Neuroworks-10-Related-Product-Photo-500x400-1.png","1536x1536-width":500,"1536x1536-height":400,"2048x2048":"https:\/\/natus.com\/wp-content\/uploads\/Neuroworks-10-Related-Product-Photo-500x400-1.png","2048x2048-width":500,"2048x2048-height":400}},"title":"Software de EEG Natus\u00ae NeuroWorks\u00ae","link":{"type":"post","value":"2210","url":"https:\/\/natus.com\/neuro\/neuroworks-eeg-software\/","name":"Natus\u00ae NeuroWorks\u00ae EEG Software","title":"Saber M\u00e1s","target":"_blank"}},{"label":"Software EEG","label_background_color":"#154284","image":{"ID":4274,"id":4274,"title":"Brainquick Software Related Product Photo - 500x400","filename":"Brain-quick-EEG-Software-Related-Product-Photo-500x400-1.png","filesize":184768,"url":"https:\/\/natus.com\/wp-content\/uploads\/Brain-quick-EEG-Software-Related-Product-Photo-500x400-1.png","link":"https:\/\/natus.com\/es\/neuro\/cuidados-neurointensivos-y-lesion-cerebral\/eeg-en-la-uci\/brainquick-software-related-product-photo-500x400-2\/","alt":"BRAIN QUICK EEG Software","author":"2","description":"","caption":"","name":"brainquick-software-related-product-photo-500x400-2","status":"inherit","uploaded_to":12708,"date":"2023-09-14 18:13:12","modified":"2024-07-29 20:32:45","menu_order":0,"mime_type":"image\/png","type":"image","subtype":"png","icon":"https:\/\/natus.com\/wp-includes\/images\/media\/default.png","width":500,"height":400,"sizes":{"thumbnail":"https:\/\/natus.com\/wp-content\/uploads\/Brain-quick-EEG-Software-Related-Product-Photo-500x400-1.png","thumbnail-width":120,"thumbnail-height":96,"medium":"https:\/\/natus.com\/wp-content\/uploads\/Brain-quick-EEG-Software-Related-Product-Photo-500x400-1.png","medium-width":500,"medium-height":400,"medium_large":"https:\/\/natus.com\/wp-content\/uploads\/Brain-quick-EEG-Software-Related-Product-Photo-500x400-1.png","medium_large-width":500,"medium_large-height":400,"large":"https:\/\/natus.com\/wp-content\/uploads\/Brain-quick-EEG-Software-Related-Product-Photo-500x400-1.png","large-width":500,"large-height":400,"1536x1536":"https:\/\/natus.com\/wp-content\/uploads\/Brain-quick-EEG-Software-Related-Product-Photo-500x400-1.png","1536x1536-width":500,"1536x1536-height":400,"2048x2048":"https:\/\/natus.com\/wp-content\/uploads\/Brain-quick-EEG-Software-Related-Product-Photo-500x400-1.png","2048x2048-width":500,"2048x2048-height":400}},"title":"BRAIN QUICK\u00ae EEG Software","link":{"type":"post","value":"2575","url":"https:\/\/natus.com\/neuro\/brain-quick-eeg-software\/","name":"BRAIN QUICK\u00ae EEG Software for Ambulatory \/ LTM \/ ICU \/ NICU | Natus","title":"Saber M\u00e1s","target":"_blank"}},{"label":"EEG de rutina","label_background_color":"#154284","image":{"ID":5561,"id":5561,"title":"Brain Quick EEG Related Product Photo - 500x400","filename":"BQ-EEG-with-SD-PLUS-FLEXI_Related-Products-Image-500x400-1.png","filesize":157525,"url":"https:\/\/natus.com\/wp-content\/uploads\/BQ-EEG-with-SD-PLUS-FLEXI_Related-Products-Image-500x400-1.png","link":"https:\/\/natus.com\/es\/neuro\/brain-quick-ltm\/brain-quick-eeg-related-product-photo-500x400-2\/","alt":"Brain Quick EEG ","author":"2","description":"","caption":"","name":"brain-quick-eeg-related-product-photo-500x400-2","status":"inherit","uploaded_to":9317,"date":"2023-09-19 23:40:32","modified":"2024-07-26 17:05:13","menu_order":0,"mime_type":"image\/png","type":"image","subtype":"png","icon":"https:\/\/natus.com\/wp-includes\/images\/media\/default.png","width":500,"height":400,"sizes":{"thumbnail":"https:\/\/natus.com\/wp-content\/uploads\/BQ-EEG-with-SD-PLUS-FLEXI_Related-Products-Image-500x400-1.png","thumbnail-width":120,"thumbnail-height":96,"medium":"https:\/\/natus.com\/wp-content\/uploads\/BQ-EEG-with-SD-PLUS-FLEXI_Related-Products-Image-500x400-1.png","medium-width":500,"medium-height":400,"medium_large":"https:\/\/natus.com\/wp-content\/uploads\/BQ-EEG-with-SD-PLUS-FLEXI_Related-Products-Image-500x400-1.png","medium_large-width":500,"medium_large-height":400,"large":"https:\/\/natus.com\/wp-content\/uploads\/BQ-EEG-with-SD-PLUS-FLEXI_Related-Products-Image-500x400-1.png","large-width":500,"large-height":400,"1536x1536":"https:\/\/natus.com\/wp-content\/uploads\/BQ-EEG-with-SD-PLUS-FLEXI_Related-Products-Image-500x400-1.png","1536x1536-width":500,"1536x1536-height":400,"2048x2048":"https:\/\/natus.com\/wp-content\/uploads\/BQ-EEG-with-SD-PLUS-FLEXI_Related-Products-Image-500x400-1.png","2048x2048-width":500,"2048x2048-height":400}},"title":"Sistema BRAIN QUICK\u00ae EEG","link":{"type":"post","value":"2677","url":"https:\/\/natus.com\/neuro\/brain-quick-eeg-system\/","name":"BRAIN QUICK\u00ae EEG System &#8211; Video EEG Monitoring | Natus","title":"Saber M\u00e1s","target":"_blank"}}]}},{"acf_fc_layout":"contact_form","_acfe_flexible_toggle":"","contact_form_landing":{"module_options":{"":null,"module_id":"contact-neuro","module_class":"","module_background_type":"color","module_background_color":"#f1f1f1","module_background_image":false,"module_background_video":"","activate_custom_padding":false,"padding_top_desktop":"0","padding_top_tablet":"0","padding_top_mobile":"0","padding_bottom_desktop":"0","padding_bottom_tablet":"0","padding_bottom_mobile":"0","activate_custom_margin":false,"margin_top_desktop":"0","margin_top_tablet":"0","margin_top_mobile":"0","margin_bottom_desktop":"0","margin_bottom_tablet":"0","margin_bottom_mobile":"0","disable_on":[],"content_alignment_desktop":"left","content_alignment_tablet":"left","content_alignment_mobile":"left"},"":null,"activate_intro":true,"intro_text":"P\u00f3ngase en contacto con su representante Natus","intro_text_color":"#005e63","intro_link":null,"activate_description":true,"description_title":"","description_copy":"Para obtener m\u00e1s informaci\u00f3n sobre este o cualquier producto, env\u00edenos un mensaje a trav\u00e9s del siguiente formulario.","embed_code":"<script charset=\"utf-8\" type=\"text\/javascript\" src=\"\/\/js.hsforms.net\/forms\/embed\/v2.js\"><\/script>\r\n<script>\r\n  hbspt.forms.create({\r\n    region: \"na1\",\r\n    portalId: \"3002890\",\r\n    formId: \"19994ddf-5157-44b4-99ac-309f46ef293a\"\r\n  });\r\n<\/script>"}},{"acf_fc_layout":"simple_content","_acfe_flexible_toggle":"","content_full_width_landing":{"module_options":{"":null,"module_id":"n6514e87d2c178","module_class":"","module_background_type":"color","module_background_color":"","module_background_image":false,"module_background_video":"","activate_custom_padding":false,"padding_top_desktop":"0","padding_top_tablet":"0","padding_top_mobile":"0","padding_bottom_desktop":"0","padding_bottom_tablet":"0","padding_bottom_mobile":"0","activate_custom_margin":false,"margin_top_desktop":"0","margin_top_tablet":"0","margin_top_mobile":"0","margin_bottom_desktop":"0","margin_bottom_tablet":"0","margin_bottom_mobile":"0","disable_on":[],"content_alignment_desktop":"left","content_alignment_tablet":"left","content_alignment_mobile":"left"},"content":"<p><span style=\"font-size: 11px;\">049190 RevA<\/span><\/p>\n"}}],"schema_markup":[{"acf_fc_layout":"schema_markup_product","_acfe_flexible_toggle":"","schema_markup_product":{"enable_schema":true,"":null,"device_name":"Amplificador de EEG Micromed\u00ae SD PLUS FLEXI","device_image":"https:\/\/natus.com\/wp-content\/uploads\/SD-PLUS-FLEXI_Related-Product-Image_500x400.png","device_desc":"Descubra el amplificador de EEG Micromed SD PLUS & FLEXI de Natus: soluciones avanzadas de alto rendimiento para aplicaciones de EEG, LTM, UCI y de investigaci\u00f3n. Compacto, flexible y dise\u00f1ado para una monitorizaci\u00f3n neurodiagn\u00f3stica fiable.","device_purpose":"","manufacturer_name":"Natus Medical Incorporated","manufacturer_url":"https:\/\/natus.com","brand_name":"Natus","page_url":"https:\/\/natus.com\/es\/neuro\/amplificador-de-eeg-micromed-sd-plus-flexi\/","in_language":"es","medical_specialty":[]}}]},"_links":{"self":[{"href":"https:\/\/natus.com\/es\/wp-json\/wp\/v2\/pages\/24667","targetHints":{"allow":["GET"]}}],"collection":[{"href":"https:\/\/natus.com\/es\/wp-json\/wp\/v2\/pages"}],"about":[{"href":"https:\/\/natus.com\/es\/wp-json\/wp\/v2\/types\/page"}],"author":[{"embeddable":true,"href":"https:\/\/natus.com\/es\/wp-json\/wp\/v2\/users\/3"}],"replies":[{"embeddable":true,"href":"https:\/\/natus.com\/es\/wp-json\/wp\/v2\/comments?post=24667"}],"version-history":[{"count":6,"href":"https:\/\/natus.com\/es\/wp-json\/wp\/v2\/pages\/24667\/revisions"}],"predecessor-version":[{"id":25509,"href":"https:\/\/natus.com\/es\/wp-json\/wp\/v2\/pages\/24667\/revisions\/25509"}],"up":[{"embeddable":true,"href":"https:\/\/natus.com\/es\/wp-json\/wp\/v2\/pages\/10464"}],"wp:attachment":[{"href":"https:\/\/natus.com\/es\/wp-json\/wp\/v2\/media?parent=24667"}],"wp:term":[{"taxonomy":"category","embeddable":true,"href":"https:\/\/natus.com\/es\/wp-json\/wp\/v2\/categories?post=24667"},{"taxonomy":"post_tag","embeddable":true,"href":"https:\/\/natus.com\/es\/wp-json\/wp\/v2\/tags?post=24667"}],"curies":[{"name":"wp","href":"https:\/\/api.w.org\/{rel}","templated":true}]}}