{"id":25690,"date":"2025-10-31T19:16:05","date_gmt":"2025-10-31T19:16:05","guid":{"rendered":"https:\/\/natus.com\/autoscore-faqs\/"},"modified":"2026-01-22T19:15:28","modified_gmt":"2026-01-22T19:15:28","slug":"preguntas-frecuentes-sobre-autoscore","status":"publish","type":"page","link":"https:\/\/natus.com\/es\/preguntas-frecuentes-sobre-autoscore\/","title":{"rendered":"Preguntas frecuentes sobre autoSCORE"},"content":{"rendered":"","protected":false},"excerpt":{"rendered":"","protected":false},"author":3,"featured_media":0,"parent":0,"menu_order":0,"comment_status":"closed","ping_status":"closed","template":"","meta":{"_acf_changed":false,"footnotes":""},"categories":[],"tags":[],"class_list":["post-25690","page","type-page","status-publish","hentry"],"acf":{"content_blocks":[{"acf_fc_layout":"simple_content","_acfe_flexible_layout_title":null,"_acfe_flexible_toggle":null,"content_full_width_landing":{"module_options":{"":null,"module_id":"n6900e23aef134","module_class":"","module_background_type":"image","module_background_color":"","module_background_image":"https:\/\/natus.com\/wp-content\/uploads\/Autoscore-CoverImage-HERO.jpg","module_background_video":"","activate_custom_padding":false,"padding_top_desktop":0,"padding_top_tablet":"","padding_top_mobile":"","padding_bottom_desktop":"","padding_bottom_tablet":"","padding_bottom_mobile":"","activate_custom_margin":false,"margin_top_desktop":"","margin_top_tablet":"","margin_top_mobile":"","margin_bottom_desktop":"","margin_bottom_tablet":"","margin_bottom_mobile":"","disable_on":[],"content_alignment_desktop":"left","content_alignment_tablet":"left","content_alignment_mobile":"left"},"content":"<p>&nbsp;<\/p>\n<p>&nbsp;<\/p>\n<p>&nbsp;<\/p>\n<p>&nbsp;<\/p>\n<p>&nbsp;<\/p>\n<p>&nbsp;<\/p>\n<p>&nbsp;<\/p>\n<p>&nbsp;<\/p>\n<h1 style=\"text-align: center;\"><span style=\"color: #ffffff;\">Preguntas frecuentes sobre autoSCORE<\/span><\/h1>\n"}},{"acf_fc_layout":"simple_content","_acfe_flexible_layout_title":null,"_acfe_flexible_toggle":null,"content_full_width_landing":{"module_options":{"":null,"module_id":"n6514c7b77fa50","module_class":"","module_background_type":"color","module_background_color":"","module_background_image":false,"module_background_video":"","activate_custom_padding":false,"padding_top_desktop":0,"padding_top_tablet":"","padding_top_mobile":"","padding_bottom_desktop":"","padding_bottom_tablet":"","padding_bottom_mobile":"","activate_custom_margin":false,"margin_top_desktop":"","margin_top_tablet":"","margin_top_mobile":"","margin_bottom_desktop":"","margin_bottom_tablet":"","margin_bottom_mobile":"","disable_on":[],"content_alignment_desktop":"left","content_alignment_tablet":"left","content_alignment_mobile":"left"},"content":"<h6><span style=\"color: #008c9a;\">\u00bfC\u00f3mo se usa la IA en EEG? <\/span><\/h6>\n<p>Los neur\u00f3logos y epilept\u00f3logos conf\u00edan cada vez m\u00e1s en la IA para realizar an\u00e1lisis de EEG m\u00e1s r\u00e1pidos que ayuden a detectar y priorizar anomal\u00edas en mucho menos tiempo. Como l\u00edder en esta categor\u00eda, Natus autoSCORE es el primer modelo del mundo basado en IA que proporciona una interpretaci\u00f3n cl\u00ednica completa del EEG, con una precisi\u00f3n equiparable a la de los expertos m\u00e9dicos.<\/p>\n<p>&nbsp;<\/p>\n<p>&nbsp;<\/p>\n<h6><span style=\"color: #008c9a;\">\u00bfQui\u00e9nes son los usuarios previstos de autoSCORE?<\/span><\/h6>\n<p>Los usuarios previstos son profesionales adecuadamente formados y cualificados para revisar cl\u00ednicamente las grabaciones de EEG.<\/p>\n<h4><\/h4>\n<p>&nbsp;<\/p>\n<h6><span style=\"color: #008c9a;\">\u00bfPara qu\u00e9 tipos de EEG puede utilizarse autoSCORE? <\/span><\/h6>\n<p>autoSCORE est\u00e1 dise\u00f1ado para el an\u00e1lisis de EEG rutinarios en adultos y pedi\u00e1tricos, EEG de monitorizaci\u00f3n a largo plazo y registros de EEG ambulatorios utilizando un esquema 1020 completo m\u00e1s un canal de EKG. autoSCORE no est\u00e1 dise\u00f1ado para ser utilizado en registros de UCI y neonatales.<\/p>\n<p>&nbsp;<\/p>\n<p>&nbsp;<\/p>\n<h6><span style=\"color: #008c9a;\">\u00bfCon qu\u00e9 software de EEG es compatible autoSCORE? <\/span><\/h6>\n<p>autoSCORE est\u00e1 disponible exclusivamente a trav\u00e9s de Natus y actualmente es compatible con NeuroWorks 10 GMA5.<\/p>\n<p>&nbsp;<\/p>\n<p>&nbsp;<\/p>\n<h6><span style=\"color: #008c9a;\">\u00bfProporciona autoSCORE conclusiones diagn\u00f3sticas que sustituyan a una revisi\u00f3n m\u00e9dica? <\/span><\/h6>\n<p>No, se requiere que el usuario revise el EEG y use su criterio cl\u00ednico para llegar de forma independiente a una conclusi\u00f3n que apoye o no la existencia de una enfermedad cerebral.<\/p>\n<p>&nbsp;<\/p>\n<p>&nbsp;<\/p>\n<h6><span style=\"color: #008c9a;\">\u00bfQu\u00e9 clasificaciones de anomal\u00edas proporciona autoSCORE? <\/span><\/h6>\n<p>autoSCORE es capaz de identificar EEG normales. En el caso de los registros an\u00f3malos, autoSCORE subclasifica las anomal\u00edas en cuatro categor\u00edas cl\u00ednicamente relevantes:<\/p>\n<ul>\n<li>Epileptiforme \u2013 focal<\/li>\n<li>Epileptiforme \u2013 generalizado<\/li>\n<li>No epileptiforme \u2013 focal<\/li>\n<li>No epileptiforme \u2013 difuso<\/li>\n<\/ul>\n<p>&nbsp;<\/p>\n<p>&nbsp;<\/p>\n<h6><span style=\"color: #008c9a;\">\u00bfQu\u00e9 significa el porcentaje de probabilidad (%)? <\/span><\/h6>\n<p>En los algoritmos de IA, los valores en % indican el nivel de confianza de los resultados del an\u00e1lisis, como los marcadores de anomal\u00eda en el estudio, la conclusi\u00f3n de normal\/an\u00f3malo a nivel de estudio y las subcategor\u00edas a nivel de estudio (estudios &lt;4 h). Cuanto m\u00e1s altos sean los porcentajes, m\u00e1s podr\u00e1n confiar los usuarios en los resultados de autoSCORE. Las detecciones con valores de probabilidad en % m\u00e1s bajos requieren m\u00e1s atenci\u00f3n y posiblemente conocimientos especializados para su revisi\u00f3n.<\/p>\n<p>&nbsp;<\/p>\n<p>&nbsp;<\/p>\n<h6><span style=\"color: #008c9a;\">\u00bfCambia o mejora por s\u00ed mismo el algoritmo de IA de autoSCORE con el paso del tiempo? <\/span><\/h6>\n<p>No, autoSCORE es un algoritmo bloqueado entrenado mediante principios de aprendizaje profundo para indicar secciones de EEG que incluyen anomal\u00edas, proporcionando as\u00ed un rendimiento controlado.<\/p>\n<p>&nbsp;<\/p>\n<p>&nbsp;<\/p>\n<h6><span style=\"color: #008c9a;\">\u00bfQu\u00e9 nivel de seguridad ofrece autoSCORE? <\/span><\/h6>\n<p>autoSCORE es un analizador que se ejecuta en el sistema de EEG local, al igual que otros analizadores no basados en IA de NeuroWorks. autoSCORE no cumple la definici\u00f3n de ciberdispositivo: no transmite datos cl\u00ednicos a trav\u00e9s de la red local ni a internet. autoSCORE no interact\u00faa ni recopila informaci\u00f3n de salud protegida.<\/p>\n<p>&nbsp;<\/p>\n<p>&nbsp;<\/p>\n<h6><span style=\"color: #008c9a;\">\u00bfC\u00f3mo se compara autoSCORE con los detectores de picos y convulsiones? <\/span><\/h6>\n<p>autoSCORE proporciona una clasificaci\u00f3n m\u00e1s exhaustiva de las anomal\u00edas del EEG que los detectores actuales del mercado. A diferencia de los detectores tradicionales de picos y convulsiones, autoSCORE eval\u00faa no solo las anomal\u00edas epileptiformes, sino tambi\u00e9n las no epileptiformes, para orientar el diagn\u00f3stico y el tratamiento correspondiente. Los detectores de picos y convulsiones tampoco proporcionan una evaluaci\u00f3n a nivel de estudio que informe a los equipos asistenciales si un EEG es normal o an\u00f3malo. Con una sensibilidad similar a la de los expertos humanos, y superior a la de los detectores basados en IA existentes, autoSCORE est\u00e1 dise\u00f1ado para minimizar las falsas detecciones.<\/p>\n"}},{"acf_fc_layout":"simple_content","_acfe_flexible_layout_title":null,"_acfe_flexible_toggle":null,"content_full_width_landing":{"module_options":{"":null,"module_id":"n69011c8670d51","module_class":"","module_background_type":"color","module_background_color":"","module_background_image":false,"module_background_video":"","activate_custom_padding":false,"padding_top_desktop":0,"padding_top_tablet":"","padding_top_mobile":"","padding_bottom_desktop":"","padding_bottom_tablet":"","padding_bottom_mobile":"","activate_custom_margin":false,"margin_top_desktop":"","margin_top_tablet":"","margin_top_mobile":"","margin_bottom_desktop":"","margin_bottom_tablet":"","margin_bottom_mobile":"","disable_on":[],"content_alignment_desktop":"left","content_alignment_tablet":"left","content_alignment_mobile":"left"},"content":"<p><span style=\"font-size: 11px;\">052142 RevA<\/span><\/p>\n"}}]},"_links":{"self":[{"href":"https:\/\/natus.com\/es\/wp-json\/wp\/v2\/pages\/25690","targetHints":{"allow":["GET"]}}],"collection":[{"href":"https:\/\/natus.com\/es\/wp-json\/wp\/v2\/pages"}],"about":[{"href":"https:\/\/natus.com\/es\/wp-json\/wp\/v2\/types\/page"}],"author":[{"embeddable":true,"href":"https:\/\/natus.com\/es\/wp-json\/wp\/v2\/users\/3"}],"replies":[{"embeddable":true,"href":"https:\/\/natus.com\/es\/wp-json\/wp\/v2\/comments?post=25690"}],"version-history":[{"count":2,"href":"https:\/\/natus.com\/es\/wp-json\/wp\/v2\/pages\/25690\/revisions"}],"predecessor-version":[{"id":25699,"href":"https:\/\/natus.com\/es\/wp-json\/wp\/v2\/pages\/25690\/revisions\/25699"}],"wp:attachment":[{"href":"https:\/\/natus.com\/es\/wp-json\/wp\/v2\/media?parent=25690"}],"wp:term":[{"taxonomy":"category","embeddable":true,"href":"https:\/\/natus.com\/es\/wp-json\/wp\/v2\/categories?post=25690"},{"taxonomy":"post_tag","embeddable":true,"href":"https:\/\/natus.com\/es\/wp-json\/wp\/v2\/tags?post=25690"}],"curies":[{"name":"wp","href":"https:\/\/api.w.org\/{rel}","templated":true}]}}