{"id":8535,"date":"2023-09-11T20:40:35","date_gmt":"2023-09-11T20:40:35","guid":{"rendered":"https:\/\/natus.com\/bo-ject-disposable-injectable-needle-electrodes\/"},"modified":"2024-07-02T19:36:36","modified_gmt":"2024-07-02T19:36:36","slug":"electrodos-hipodermica-desechables-inyectables-boject-dhn","status":"publish","type":"page","link":"https:\/\/natus.com\/es\/neuro\/electrodos-hipodermica-desechables-inyectables-boject-dhn\/","title":{"rendered":"Electrodos de aguja hipod\u00e9rmica desechables inyectables Bo-ject\u00ae DHN"},"content":{"rendered":"","protected":false},"excerpt":{"rendered":"","protected":false},"author":3,"featured_media":0,"parent":10464,"menu_order":0,"comment_status":"closed","ping_status":"closed","template":"templates\/page-neuro-solutions-product-landing.php","meta":{"_acf_changed":false,"footnotes":""},"categories":[171,204],"tags":[462,178],"class_list":["post-8535","page","type-page","status-publish","hentry","category-soluciones-de-electromiografia-emg-es","category-suministros-neurodiagnostico-es","tag-emg-supplies-es","tag-suministros-de-emg"],"acf":{"content_blocks":[{"acf_fc_layout":"spacer","_acfe_flexible_toggle":"","spacer":{"module_options":{"":null,"module_id":"n651445809a8d2","module_class":"","module_background_type":"color","module_background_color":"#00aaa7","module_background_image":false,"module_background_video":"","activate_custom_padding":false,"padding_top_desktop":"0","padding_top_tablet":"0","padding_top_mobile":"0","padding_bottom_desktop":"0","padding_bottom_tablet":"0","padding_bottom_mobile":"0","activate_custom_margin":false,"margin_top_desktop":"0","margin_top_tablet":"0","margin_top_mobile":"0","margin_bottom_desktop":"0","margin_bottom_tablet":"0","margin_bottom_mobile":"0","disable_on":[],"content_alignment_desktop":"left","content_alignment_tablet":"left","content_alignment_mobile":"left"},"height":"270"}},{"acf_fc_layout":"intro_with_sticky_image","_acfe_flexible_toggle":"","left_content_right_image_sticky":{"module_options":{"":null,"module_id":"n651445809fe59","module_class":"","module_background_type":"color","module_background_color":"#f1f1f1","module_background_image":false,"module_background_video":"","activate_custom_padding":false,"padding_top_desktop":"0","padding_top_tablet":"0","padding_top_mobile":"0","padding_bottom_desktop":"0","padding_bottom_tablet":"0","padding_bottom_mobile":"0","activate_custom_margin":false,"margin_top_desktop":"0","margin_top_tablet":"0","margin_top_mobile":"0","margin_bottom_desktop":"0","margin_bottom_tablet":"0","margin_bottom_mobile":"0","disable_on":[],"content_alignment_desktop":"left","content_alignment_tablet":"left","content_alignment_mobile":"left"},"":null,"title":"Electrodos de aguja hipod\u00e9rmica desechables inyectables Bo-ject<sup>\u00ae<\/sup> DHN","subheader":"<p>El electrodo de aguja\u00a0hipod\u00e9rmica desechable inyectable Bo-ject DHN se utiliza en aplicaciones de EMG para registrar la actividad de EMG mientras se inyecta la medicaci\u00f3n.<\/p>\n<p>&nbsp;<\/p>\n<ul>\n<li>Registra la actividad de EMG y al mismo tiempo permite la inyecci\u00f3n de medicaci\u00f3n<\/li>\n<li>Dise\u00f1o de tipo aguja hipod\u00e9rmica de acero inoxidable con afilado uniforme<\/li>\n<li>Revestido con un aislante de baja fricci\u00f3n para facilitar la inserci\u00f3n<\/li>\n<li>Se conecta con jeringuillas con cierre Luer y sistema Slip Tip<\/li>\n<li>Cables de distintos colores para facilitar la identificaci\u00f3n<\/li>\n<li>Longitud del cable de 90 cm (35,5\u201d) acabado en un conector seguro (Touchproof) de 1,5 mm<\/li>\n<li>Preesterilizado<\/li>\n<li>C\u00f3modo portal en l\u00ednea &#8211; <a href=\"https:\/\/natusmedicalstore.com\/\">Natus Medical Store<\/a> (disponible en algunos mercados)<\/li>\n<\/ul>\n<p><span style=\"font-size: 11px;\">No disponibles en todos los pa\u00edses. P\u00f3ngase en contacto con su representante de ventas local para conocer la disponibilidad.<\/span><\/p>\n","icons":[{"icon":{"ID":2228,"id":2228,"title":"icon-feature","filename":"icon-feature.png","filesize":1408,"url":"https:\/\/natus.com\/wp-content\/uploads\/icon-feature.png","link":"https:\/\/natus.com\/es\/neuro\/emg-portatil-dantec-clavis\/icon-feature-2\/","alt":"star","author":"2","description":"Icon - Star","caption":"","name":"icon-feature-2","status":"inherit","uploaded_to":8545,"date":"2023-09-07 22:27:26","modified":"2024-07-29 21:19:16","menu_order":0,"mime_type":"image\/png","type":"image","subtype":"png","icon":"https:\/\/natus.com\/wp-includes\/images\/media\/default.png","width":43,"height":41,"sizes":{"thumbnail":"https:\/\/natus.com\/wp-content\/uploads\/icon-feature.png","thumbnail-width":43,"thumbnail-height":41,"medium":"https:\/\/natus.com\/wp-content\/uploads\/icon-feature.png","medium-width":43,"medium-height":41,"medium_large":"https:\/\/natus.com\/wp-content\/uploads\/icon-feature.png","medium_large-width":43,"medium_large-height":41,"large":"https:\/\/natus.com\/wp-content\/uploads\/icon-feature.png","large-width":43,"large-height":41,"1536x1536":"https:\/\/natus.com\/wp-content\/uploads\/icon-feature.png","1536x1536-width":43,"1536x1536-height":41,"2048x2048":"https:\/\/natus.com\/wp-content\/uploads\/icon-feature.png","2048x2048-width":43,"2048x2048-height":41}},"icon_description":"Cables de <br \/>\r\nDistintos<br \/>\r\nColores"},{"icon":{"ID":1944,"id":1944,"title":"icon-flag","filename":"icon-flag.png","filesize":664,"url":"https:\/\/natus.com\/wp-content\/uploads\/icon-flag.png","link":"https:\/\/natus.com\/es\/neuro\/emg-portatil-dantec-clavis\/icon-flag-2\/","alt":"Icon - Flag","author":"2","description":"","caption":"","name":"icon-flag-2","status":"inherit","uploaded_to":8545,"date":"2023-09-01 19:14:05","modified":"2024-07-29 21:19:56","menu_order":0,"mime_type":"image\/png","type":"image","subtype":"png","icon":"https:\/\/natus.com\/wp-includes\/images\/media\/default.png","width":30,"height":42,"sizes":{"thumbnail":"https:\/\/natus.com\/wp-content\/uploads\/icon-flag.png","thumbnail-width":30,"thumbnail-height":42,"medium":"https:\/\/natus.com\/wp-content\/uploads\/icon-flag.png","medium-width":30,"medium-height":42,"medium_large":"https:\/\/natus.com\/wp-content\/uploads\/icon-flag.png","medium_large-width":30,"medium_large-height":42,"large":"https:\/\/natus.com\/wp-content\/uploads\/icon-flag.png","large-width":30,"large-height":42,"1536x1536":"https:\/\/natus.com\/wp-content\/uploads\/icon-flag.png","1536x1536-width":30,"1536x1536-height":42,"2048x2048":"https:\/\/natus.com\/wp-content\/uploads\/icon-flag.png","2048x2048-width":30,"2048x2048-height":42}},"icon_description":"Preesterilizados"},{"icon":{"ID":2435,"id":2435,"title":"icon-options","filename":"icon-options.png","filesize":1971,"url":"https:\/\/natus.com\/wp-content\/uploads\/icon-options.png","link":"https:\/\/natus.com\/es\/neuro\/icon-options-2\/","alt":"Icon - Multi Option","author":"2","description":"","caption":"","name":"icon-options-2","status":"inherit","uploaded_to":10464,"date":"2023-09-08 17:24:45","modified":"2024-07-29 21:17:09","menu_order":0,"mime_type":"image\/png","type":"image","subtype":"png","icon":"https:\/\/natus.com\/wp-includes\/images\/media\/default.png","width":47,"height":47,"sizes":{"thumbnail":"https:\/\/natus.com\/wp-content\/uploads\/icon-options.png","thumbnail-width":47,"thumbnail-height":47,"medium":"https:\/\/natus.com\/wp-content\/uploads\/icon-options.png","medium-width":47,"medium-height":47,"medium_large":"https:\/\/natus.com\/wp-content\/uploads\/icon-options.png","medium_large-width":47,"medium_large-height":47,"large":"https:\/\/natus.com\/wp-content\/uploads\/icon-options.png","large-width":47,"large-height":47,"1536x1536":"https:\/\/natus.com\/wp-content\/uploads\/icon-options.png","1536x1536-width":47,"1536x1536-height":47,"2048x2048":"https:\/\/natus.com\/wp-content\/uploads\/icon-options.png","2048x2048-width":47,"2048x2048-height":47}},"icon_description":"Conexi\u00f3n De <br \/>\r\nLuer Lock \/ <br \/>\r\nSlip Fit"}],"quick_navigation":[{"quick_link":{"type":"url","value":"#contact-neuro","url":"#contact-neuro","name":"#contact-neuro","title":"Contactarnos ","target":""}},{"quick_link":{"type":"url","value":"#n65144580a8640","url":"#n65144580a8640","name":"#n65144580a8640","title":"Explore m\u00e1s detalles","target":""}}],"description":"","message_label":"Servicio y Soporte","message_title":"\u00bfBusca un servicio de neuro productos o asistencia t\u00e9cnica?","message_link":{"type":"post","value":"8369","url":"https:\/\/natus.com\/es\/soporte\/","name":"Servicio y Soporte","title":"Servicio y Soporte de Natus","target":""},"right_sticky_image":{"ID":3315,"id":3315,"title":"Boject DHN Main Product Photo_500x850","filename":"boject-tan-9013S0422-400x850-rev2.png","filesize":215545,"url":"https:\/\/natus.com\/wp-content\/uploads\/boject-tan-9013S0422-400x850-rev2.png","link":"https:\/\/natus.com\/es\/neuro\/electrodos-hipodermica-desechables-inyectables-boject-dhn\/boject-dhn-main-product-photo_500x850-2\/","alt":"Bo-ject\u00ae DHN Disposable Hypodermic Injectable Needle Electrodes","author":"2","description":"","caption":"","name":"boject-dhn-main-product-photo_500x850-2","status":"inherit","uploaded_to":8535,"date":"2023-09-12 03:23:51","modified":"2024-07-22 16:51:49","menu_order":0,"mime_type":"image\/png","type":"image","subtype":"png","icon":"https:\/\/natus.com\/wp-includes\/images\/media\/default.png","width":500,"height":850,"sizes":{"thumbnail":"https:\/\/natus.com\/wp-content\/uploads\/boject-tan-9013S0422-400x850-rev2.png","thumbnail-width":56,"thumbnail-height":96,"medium":"https:\/\/natus.com\/wp-content\/uploads\/boject-tan-9013S0422-400x850-rev2.png","medium-width":500,"medium-height":850,"medium_large":"https:\/\/natus.com\/wp-content\/uploads\/boject-tan-9013S0422-400x850-rev2.png","medium_large-width":500,"medium_large-height":850,"large":"https:\/\/natus.com\/wp-content\/uploads\/boject-tan-9013S0422-400x850-rev2.png","large-width":500,"large-height":850,"1536x1536":"https:\/\/natus.com\/wp-content\/uploads\/boject-tan-9013S0422-400x850-rev2.png","1536x1536-width":500,"1536x1536-height":850,"2048x2048":"https:\/\/natus.com\/wp-content\/uploads\/boject-tan-9013S0422-400x850-rev2.png","2048x2048-width":500,"2048x2048-height":850}}}},{"acf_fc_layout":"product_information","_acfe_flexible_toggle":"","left_accordion_right_image_landing":{"module_options":{"":null,"module_id":"n65144580a8640","module_class":"","module_background_type":"color","module_background_color":"","module_background_image":false,"module_background_video":"","activate_custom_padding":false,"padding_top_desktop":"0","padding_top_tablet":"0","padding_top_mobile":"0","padding_bottom_desktop":"0","padding_bottom_tablet":"0","padding_bottom_mobile":"0","activate_custom_margin":false,"margin_top_desktop":"0","margin_top_tablet":"0","margin_top_mobile":"0","margin_bottom_desktop":"0","margin_bottom_tablet":"0","margin_bottom_mobile":"0","disable_on":[],"content_alignment_desktop":"left","content_alignment_tablet":"left","content_alignment_mobile":"left"},"intro":"Informaci\u00f3n del Producto","description":"","accordion":[{"title":"Especificaciones","accordion_content":[{"acf_fc_layout":"left_content_right_image","accordion_description":"<p><strong>Electrodo<\/strong><\/p>\n<ul>\n<li><strong>C\u00e1nula:<\/strong>\u00a0Acero inoxidable<\/li>\n<li><strong>Revestimiento:<\/strong>\u00a0PTFE<\/li>\n<li><strong>Centro:<\/strong>\u00a0Polipropileno<\/li>\n<li><strong>Tubo protector:<\/strong>\u00a0Polipropileno<\/li>\n<\/ul>\n<p><strong>Embalaje<\/strong><\/p>\n<ul>\n<li><strong>Cantidad:<\/strong>\u00a010 agujas por caja<\/li>\n<\/ul>\n","accordion_image":{"ID":2463,"id":2463,"title":"bo-ject_needle_tip","filename":"bo-ject_needle_tip.jpg","filesize":48245,"url":"https:\/\/natus.com\/wp-content\/uploads\/bo-ject_needle_tip.jpg","link":"https:\/\/natus.com\/es\/neuro\/electrodos-de-aguja-inyectable-con-sistema-de-bloqueo-luer-desechables-teca-myoject\/bo-ject_needle_tip-2\/","alt":"Bo-ject needle tip","author":"3","description":"","caption":"","name":"bo-ject_needle_tip-2","status":"inherit","uploaded_to":9235,"date":"2023-09-08 18:32:22","modified":"2024-07-29 21:16:35","menu_order":0,"mime_type":"image\/jpeg","type":"image","subtype":"jpeg","icon":"https:\/\/natus.com\/wp-includes\/images\/media\/default.png","width":265,"height":296,"sizes":{"thumbnail":"https:\/\/natus.com\/wp-content\/uploads\/bo-ject_needle_tip.jpg","thumbnail-width":86,"thumbnail-height":96,"medium":"https:\/\/natus.com\/wp-content\/uploads\/bo-ject_needle_tip.jpg","medium-width":265,"medium-height":296,"medium_large":"https:\/\/natus.com\/wp-content\/uploads\/bo-ject_needle_tip.jpg","medium_large-width":265,"medium_large-height":296,"large":"https:\/\/natus.com\/wp-content\/uploads\/bo-ject_needle_tip.jpg","large-width":265,"large-height":296,"1536x1536":"https:\/\/natus.com\/wp-content\/uploads\/bo-ject_needle_tip.jpg","1536x1536-width":265,"1536x1536-height":296,"2048x2048":"https:\/\/natus.com\/wp-content\/uploads\/bo-ject_needle_tip.jpg","2048x2048-width":265,"2048x2048-height":296}}}]},{"title":"Descargar documentaci\u00f3n sobre el producto","accordion_content":[{"acf_fc_layout":"full_content","accordion_description":"<p><strong>Folleto de electrodos de aguja inyectable desechables Dantec Bo-ject DHN<\/strong><br \/>\n<a href=\"https:\/\/natus.bynder.com\/m\/c82d69097d43d557\/original\/Dantec-Bo-Ject-DHN-Disposable-Needle-Electrodes-Flyer.pdf\" target=\"_blank\" rel=\"noopener\">Ingl\u00e9s<\/a><br \/>\n<a href=\"https:\/\/natus.bynder.com\/m\/eafeeaf045c7cb63\/original\/Dantec-Bo-Ject-DHN-Disposable-Needle-Electrodes-Flyer.pdf\" target=\"_blank\" rel=\"noopener\">Franc\u00e9s<\/a><br \/>\n<a href=\"https:\/\/natus.bynder.com\/m\/0a6ce3be3434b43a\/original\/Dantec-Bo-Ject-DHN-Disposable-Needle-Electrodes-Flyer.pdf\" target=\"_blank\" rel=\"noopener\">Alem\u00e1n<\/a><br \/>\n<a href=\"https:\/\/natus.bynder.com\/m\/df63efa40f671450\/original\/Dantec-Bo-Ject-DHN-Disposable-Needle-Electrodes-Flyer.pdf\">Italiano<\/a><br \/>\n<a href=\"https:\/\/natus.bynder.com\/m\/7b1a6c6630b77b82\/original\/Dantec-Bo-Ject-DHN-Disposable-Needle-Electrodes-Flyer.pdf\" target=\"_blank\" rel=\"noopener\">Chino<\/a><\/p>\n<p>&nbsp;<\/p>\n<p><strong>Cat\u00e1logo de suministros para neurodiagn\u00f3sticos de Natus <\/strong><br \/>\n<a href=\"https:\/\/natus.bynder.com\/m\/990029e101bebd22\/original\/Natus-Neurodiagnostic-Supplies-Catalog.pdf\">Ingl\u00e9s<\/a><br \/>\n<a href=\"https:\/\/natus.bynder.com\/m\/158d8472457a8340\/original\/Natus-Neurodiagnostic-Supplies-Catalog.pdf\">Franc\u00e9s<\/a><br \/>\n<a href=\"https:\/\/natus.bynder.com\/m\/2af7bff78ece1e68\/original\/Natus-Neurodiagnostic-Supplies-Catalog.pdf\">Alem\u00e1n<\/a><br \/>\n<a href=\"https:\/\/natus.bynder.com\/m\/381843ac1f7e9034\/original\/Natus-Neurodiagnostic-Supplies-Catalog.pdf\">Espa\u00f1ol<\/a><\/p>\n"}]}],"image_left":false}},{"acf_fc_layout":"related_products","_acfe_flexible_toggle":"","tiles_3_columns_landing":{"module_options":{"":null,"module_id":"n65144580afd5d","module_class":"","module_background_type":"color","module_background_color":"","module_background_image":false,"module_background_video":"","activate_custom_padding":false,"padding_top_desktop":"0","padding_top_tablet":"0","padding_top_mobile":"0","padding_bottom_desktop":"0","padding_bottom_tablet":"0","padding_bottom_mobile":"0","activate_custom_margin":false,"margin_top_desktop":"0","margin_top_tablet":"0","margin_top_mobile":"0","margin_bottom_desktop":"0","margin_bottom_tablet":"0","margin_bottom_mobile":"0","disable_on":[],"content_alignment_desktop":"left","content_alignment_tablet":"left","content_alignment_mobile":"left"},"intro_text":"Productos Neuro Relacionados","intro_text_color":"#005e63","intro_link":{"type":"post","value":"8356","url":"https:\/\/natus.com\/es\/productos-neuro\/","name":"Productos Neuro","title":"Ver todos los productos Neuro","target":""},"tiles":[{"label":"Appareil EMG portatif","label_background_color":"#154284","image":{"ID":3300,"id":3300,"title":"Dantec Clavis Related Product Photo_500x400","filename":"Dantec-Clavis-Related-Product-Photo_500x400.png","filesize":207103,"url":"https:\/\/natus.com\/wp-content\/uploads\/Dantec-Clavis-Related-Product-Photo_500x400.png","link":"https:\/\/natus.com\/es\/neuro\/electrodos-hipodermica-desechables-inyectables-boject-dhn\/dantec-clavis-related-product-photo_500x400-2\/","alt":"Dantec Clavis ","author":"2","description":"","caption":"","name":"dantec-clavis-related-product-photo_500x400-2","status":"inherit","uploaded_to":8535,"date":"2023-09-12 03:11:31","modified":"2024-07-29 21:03:12","menu_order":0,"mime_type":"image\/png","type":"image","subtype":"png","icon":"https:\/\/natus.com\/wp-includes\/images\/media\/default.png","width":500,"height":400,"sizes":{"thumbnail":"https:\/\/natus.com\/wp-content\/uploads\/Dantec-Clavis-Related-Product-Photo_500x400.png","thumbnail-width":120,"thumbnail-height":96,"medium":"https:\/\/natus.com\/wp-content\/uploads\/Dantec-Clavis-Related-Product-Photo_500x400.png","medium-width":500,"medium-height":400,"medium_large":"https:\/\/natus.com\/wp-content\/uploads\/Dantec-Clavis-Related-Product-Photo_500x400.png","medium_large-width":500,"medium_large-height":400,"large":"https:\/\/natus.com\/wp-content\/uploads\/Dantec-Clavis-Related-Product-Photo_500x400.png","large-width":500,"large-height":400,"1536x1536":"https:\/\/natus.com\/wp-content\/uploads\/Dantec-Clavis-Related-Product-Photo_500x400.png","1536x1536-width":500,"1536x1536-height":400,"2048x2048":"https:\/\/natus.com\/wp-content\/uploads\/Dantec-Clavis-Related-Product-Photo_500x400.png","2048x2048-width":500,"2048x2048-height":400}},"title":"\u00c9lectromyographe portatif Dantec\u00ae Clavis\u2122","link":{"type":"post","value":"8545","url":"https:\/\/natus.com\/es\/neuro\/emg-portatil-dantec-clavis\/","name":"EMG port\u00e1til Dantec\u00ae Clavis\u2122","title":"Saber M\u00e1s","target":"_blank"}},{"label":"Suministros de EMG","label_background_color":"#154284","image":{"ID":3310,"id":3310,"title":"Teca Myoject Luer Lock Related Product Photo_500x400","filename":"TECA-Myoject-GRN-MJT-3726-LL-500x400-1.jpg","filesize":104869,"url":"https:\/\/natus.com\/wp-content\/uploads\/TECA-Myoject-GRN-MJT-3726-LL-500x400-1.jpg","link":"https:\/\/natus.com\/es\/neuro\/electrodos-hipodermica-desechables-inyectables-boject-dhn\/teca-myoject-luer-lock-related-product-photo_500x400-2\/","alt":"Teca Myoject Luer Lock ","author":"2","description":"","caption":"","name":"teca-myoject-luer-lock-related-product-photo_500x400-2","status":"inherit","uploaded_to":8535,"date":"2023-09-12 03:23:13","modified":"2024-07-29 21:03:00","menu_order":0,"mime_type":"image\/png","type":"image","subtype":"png","icon":"https:\/\/natus.com\/wp-includes\/images\/media\/default.png","width":500,"height":400,"sizes":{"thumbnail":"https:\/\/natus.com\/wp-content\/uploads\/TECA-Myoject-GRN-MJT-3726-LL-500x400-1.jpg","thumbnail-width":120,"thumbnail-height":96,"medium":"https:\/\/natus.com\/wp-content\/uploads\/TECA-Myoject-GRN-MJT-3726-LL-500x400-1.jpg","medium-width":500,"medium-height":400,"medium_large":"https:\/\/natus.com\/wp-content\/uploads\/TECA-Myoject-GRN-MJT-3726-LL-500x400-1.jpg","medium_large-width":500,"medium_large-height":400,"large":"https:\/\/natus.com\/wp-content\/uploads\/TECA-Myoject-GRN-MJT-3726-LL-500x400-1.jpg","large-width":500,"large-height":400,"1536x1536":"https:\/\/natus.com\/wp-content\/uploads\/TECA-Myoject-GRN-MJT-3726-LL-500x400-1.jpg","1536x1536-width":500,"1536x1536-height":400,"2048x2048":"https:\/\/natus.com\/wp-content\/uploads\/TECA-Myoject-GRN-MJT-3726-LL-500x400-1.jpg","2048x2048-width":500,"2048x2048-height":400}},"title":"Electrodos de aguja inyectable con sistema de bloqueo Luer desechables TECA\u00ae MyoJect\u00ae","link":{"type":"post","value":"9235","url":"https:\/\/natus.com\/es\/neuro\/electrodos-de-aguja-inyectable-con-sistema-de-bloqueo-luer-desechables-teca-myoject\/","name":"Electrodos de aguja inyectable con sistema de bloqueo Luer desechables TECA\u00ae MyoJect\u00ae","title":"Saber M\u00e1s","target":"_blank"}},{"label":"Suministros de EMG","label_background_color":"#154284","image":{"ID":3305,"id":3305,"title":"Teca Concentric Needles Related Product Photo_500x400","filename":"Teca-Concentric-Needles-Related-Product-Photo_500x400.png","filesize":54481,"url":"https:\/\/natus.com\/wp-content\/uploads\/Teca-Concentric-Needles-Related-Product-Photo_500x400.png","link":"https:\/\/natus.com\/es\/neuro\/electrodos-hipodermica-desechables-inyectables-boject-dhn\/teca-concentric-needles-related-product-photo_500x400-2\/","alt":"Teca Concentric Needles","author":"2","description":"","caption":"","name":"teca-concentric-needles-related-product-photo_500x400-2","status":"inherit","uploaded_to":8535,"date":"2023-09-12 03:19:29","modified":"2024-07-29 21:03:07","menu_order":0,"mime_type":"image\/png","type":"image","subtype":"png","icon":"https:\/\/natus.com\/wp-includes\/images\/media\/default.png","width":500,"height":400,"sizes":{"thumbnail":"https:\/\/natus.com\/wp-content\/uploads\/Teca-Concentric-Needles-Related-Product-Photo_500x400.png","thumbnail-width":120,"thumbnail-height":96,"medium":"https:\/\/natus.com\/wp-content\/uploads\/Teca-Concentric-Needles-Related-Product-Photo_500x400.png","medium-width":500,"medium-height":400,"medium_large":"https:\/\/natus.com\/wp-content\/uploads\/Teca-Concentric-Needles-Related-Product-Photo_500x400.png","medium_large-width":500,"medium_large-height":400,"large":"https:\/\/natus.com\/wp-content\/uploads\/Teca-Concentric-Needles-Related-Product-Photo_500x400.png","large-width":500,"large-height":400,"1536x1536":"https:\/\/natus.com\/wp-content\/uploads\/Teca-Concentric-Needles-Related-Product-Photo_500x400.png","1536x1536-width":500,"1536x1536-height":400,"2048x2048":"https:\/\/natus.com\/wp-content\/uploads\/Teca-Concentric-Needles-Related-Product-Photo_500x400.png","2048x2048-width":500,"2048x2048-height":400}},"title":"Electrodos de aguja de EMG conc\u00e9ntrica desechables TECA\u00ae Elite","link":{"type":"post","value":"8591","url":"https:\/\/natus.com\/es\/neuro\/electrodos-de-aguja-de-emg-concentrica-desechables-teca-elite\/","name":"Electrodos de aguja de EMG conc\u00e9ntrica desechables TECA\u00ae Elite","title":"Saber M\u00e1s","target":"_blank"}}]}},{"acf_fc_layout":"contact_form","_acfe_flexible_toggle":"","contact_form_landing":{"module_options":{"":null,"module_id":"contact-neuro","module_class":"","module_background_type":"color","module_background_color":"#f1f1f1","module_background_image":false,"module_background_video":"","activate_custom_padding":false,"padding_top_desktop":"0","padding_top_tablet":"0","padding_top_mobile":"0","padding_bottom_desktop":"0","padding_bottom_tablet":"0","padding_bottom_mobile":"0","activate_custom_margin":false,"margin_top_desktop":"0","margin_top_tablet":"0","margin_top_mobile":"0","margin_bottom_desktop":"0","margin_bottom_tablet":"0","margin_bottom_mobile":"0","disable_on":[],"content_alignment_desktop":"left","content_alignment_tablet":"left","content_alignment_mobile":"left"},"":null,"activate_intro":true,"intro_text":"P\u00f3ngase en contacto con su representante Natus","intro_text_color":"#005e63","intro_link":null,"activate_description":true,"description_title":"","description_copy":"Para obtener m\u00e1s informaci\u00f3n sobre este o cualquier producto, env\u00edenos un mensaje a trav\u00e9s del siguiente formulario.","embed_code":"<script charset=\"utf-8\" type=\"text\/javascript\" src=\"\/\/js.hsforms.net\/forms\/embed\/v2.js\"><\/script>\r\n<script>\r\n  hbspt.forms.create({\r\n    region: \"na1\",\r\n    portalId: \"3002890\",\r\n    formId: \"19994ddf-5157-44b4-99ac-309f46ef293a\"\r\n  });\r\n<\/script>"}},{"acf_fc_layout":"simple_content","_acfe_flexible_toggle":"","content_full_width_landing":{"module_options":{"":null,"module_id":"n65144580bdbd9","module_class":"","module_background_type":"color","module_background_color":"","module_background_image":false,"module_background_video":"","activate_custom_padding":false,"padding_top_desktop":"0","padding_top_tablet":"0","padding_top_mobile":"0","padding_bottom_desktop":"0","padding_bottom_tablet":"0","padding_bottom_mobile":"0","activate_custom_margin":false,"margin_top_desktop":"0","margin_top_tablet":"0","margin_top_mobile":"0","margin_bottom_desktop":"0","margin_bottom_tablet":"0","margin_bottom_mobile":"0","disable_on":[],"content_alignment_desktop":"left","content_alignment_tablet":"left","content_alignment_mobile":"left"},"content":"<p><span style=\"font-size: 11px;\">035214 RevA<\/span><\/p>\n"}}]},"_links":{"self":[{"href":"https:\/\/natus.com\/es\/wp-json\/wp\/v2\/pages\/8535","targetHints":{"allow":["GET"]}}],"collection":[{"href":"https:\/\/natus.com\/es\/wp-json\/wp\/v2\/pages"}],"about":[{"href":"https:\/\/natus.com\/es\/wp-json\/wp\/v2\/types\/page"}],"author":[{"embeddable":true,"href":"https:\/\/natus.com\/es\/wp-json\/wp\/v2\/users\/3"}],"replies":[{"embeddable":true,"href":"https:\/\/natus.com\/es\/wp-json\/wp\/v2\/comments?post=8535"}],"version-history":[{"count":9,"href":"https:\/\/natus.com\/es\/wp-json\/wp\/v2\/pages\/8535\/revisions"}],"predecessor-version":[{"id":20693,"href":"https:\/\/natus.com\/es\/wp-json\/wp\/v2\/pages\/8535\/revisions\/20693"}],"up":[{"embeddable":true,"href":"https:\/\/natus.com\/es\/wp-json\/wp\/v2\/pages\/10464"}],"wp:attachment":[{"href":"https:\/\/natus.com\/es\/wp-json\/wp\/v2\/media?parent=8535"}],"wp:term":[{"taxonomy":"category","embeddable":true,"href":"https:\/\/natus.com\/es\/wp-json\/wp\/v2\/categories?post=8535"},{"taxonomy":"post_tag","embeddable":true,"href":"https:\/\/natus.com\/es\/wp-json\/wp\/v2\/tags?post=8535"}],"curies":[{"name":"wp","href":"https:\/\/api.w.org\/{rel}","templated":true}]}}