{"id":8612,"date":"2023-09-08T19:35:21","date_gmt":"2023-09-08T19:35:21","guid":{"rendered":"https:\/\/natus.com\/natus-ultra-disposable-monopolar-needle-electrodes\/"},"modified":"2024-07-02T19:20:15","modified_gmt":"2024-07-02T19:20:15","slug":"electrodes-aiguilles-monopolaires-usage-unique-ultra-natus","status":"publish","type":"page","link":"https:\/\/natus.com\/es\/neuro\/electrodes-aiguilles-monopolaires-usage-unique-ultra-natus\/","title":{"rendered":"Electrodos de aguja monopolar desechables Natus\u00ae Ultra"},"content":{"rendered":"","protected":false},"excerpt":{"rendered":"","protected":false},"author":3,"featured_media":0,"parent":10464,"menu_order":0,"comment_status":"closed","ping_status":"closed","template":"templates\/page-neuro-solutions-product-landing.php","meta":{"_acf_changed":false,"footnotes":""},"categories":[171,204],"tags":[462,178],"class_list":["post-8612","page","type-page","status-publish","hentry","category-soluciones-de-electromiografia-emg-es","category-suministros-neurodiagnostico-es","tag-emg-supplies-es","tag-suministros-de-emg"],"acf":{"content_blocks":[{"acf_fc_layout":"spacer","_acfe_flexible_toggle":"","spacer":{"module_options":{"":null,"module_id":"n64babb6de86c1","module_class":"","module_background_type":"color","module_background_color":"#00aaa7","module_background_image":false,"module_background_video":"","activate_custom_padding":false,"padding_top_desktop":"0","padding_top_tablet":"0","padding_top_mobile":"0","padding_bottom_desktop":"0","padding_bottom_tablet":"0","padding_bottom_mobile":"0","activate_custom_margin":false,"margin_top_desktop":"0","margin_top_tablet":"0","margin_top_mobile":"0","margin_bottom_desktop":"0","margin_bottom_tablet":"0","margin_bottom_mobile":"0","disable_on":[],"content_alignment_desktop":"left","content_alignment_tablet":"left","content_alignment_mobile":"left"},"height":"270"}},{"acf_fc_layout":"intro_with_sticky_image","_acfe_flexible_toggle":"","left_content_right_image_sticky":{"module_options":{"":null,"module_id":"n64bfe3c147dc3","module_class":"","module_background_type":"color","module_background_color":"#f1f1f1","module_background_image":false,"module_background_video":"","activate_custom_padding":false,"padding_top_desktop":"0","padding_top_tablet":"0","padding_top_mobile":"0","padding_bottom_desktop":"0","padding_bottom_tablet":"0","padding_bottom_mobile":"0","activate_custom_margin":false,"margin_top_desktop":"0","margin_top_tablet":"0","margin_top_mobile":"0","margin_bottom_desktop":"0","margin_bottom_tablet":"0","margin_bottom_mobile":"0","disable_on":[],"content_alignment_desktop":"left","content_alignment_tablet":"left","content_alignment_mobile":"left"},"":null,"title":"Electrodos de aguja monopolar desechables Natus\u00ae Ultra con derivaciones conectadas","subheader":"<p>Los electrodos de aguja de EMG monopolar desechables Natus Ultra est\u00e1n dise\u00f1ados para usarse con equipos de registro, monitorizaci\u00f3n y estimulaci\u00f3n\/registro de se\u00f1ales biopotenciales que incluyen se\u00f1ales de electromiograf\u00eda (EMG),\u00a0se\u00f1ales nerviosas potenciales y se\u00f1ales de electroencefalograf\u00eda (EEG). Las derivaciones conectadas fomentan la eficiencia cl\u00ednica y el control de las infecciones.<\/p>\n<ul>\n<li>Totalmente desechables; las derivaciones conectadas reducen tanto el tiempo de configuraci\u00f3n como las posibles infecciones<\/li>\n<li>La aguja de acero inoxidable revestida con punta ultraafilada facilita la inserci\u00f3n y mejora la comodidad del paciente<\/li>\n<li>Recubrimiento de baja fricci\u00f3n que facilita su recolocaci\u00f3n<\/li>\n<li>Distintos colores seg\u00fan tama\u00f1o de la aguja para facilitar su identificaci\u00f3n<\/li>\n<li>Est\u00e9ril; envases individuales en bolsas selladas<\/li>\n<li>C\u00f3modo portal en l\u00ednea &#8211; <a href=\"https:\/\/natusmedicalstore.com\/\">Natus Medical Store<\/a> (disponible en algunos mercados)<\/li>\n<\/ul>\n<p><span style=\"font-size: 11px;\">No disponibles en todos los pa\u00edses. P\u00f3ngase en contacto con su representante de ventas local para conocer la disponibilidad.<\/span><\/p>\n","icons":[{"icon":{"ID":2228,"id":2228,"title":"icon-feature","filename":"icon-feature.png","filesize":1408,"url":"https:\/\/natus.com\/wp-content\/uploads\/icon-feature.png","link":"https:\/\/natus.com\/es\/neuro\/emg-portatil-dantec-clavis\/icon-feature-2\/","alt":"star","author":"2","description":"Icon - Star","caption":"","name":"icon-feature-2","status":"inherit","uploaded_to":8545,"date":"2023-09-07 22:27:26","modified":"2024-07-29 21:19:16","menu_order":0,"mime_type":"image\/png","type":"image","subtype":"png","icon":"https:\/\/natus.com\/wp-includes\/images\/media\/default.png","width":43,"height":41,"sizes":{"thumbnail":"https:\/\/natus.com\/wp-content\/uploads\/icon-feature.png","thumbnail-width":43,"thumbnail-height":41,"medium":"https:\/\/natus.com\/wp-content\/uploads\/icon-feature.png","medium-width":43,"medium-height":41,"medium_large":"https:\/\/natus.com\/wp-content\/uploads\/icon-feature.png","medium_large-width":43,"medium_large-height":41,"large":"https:\/\/natus.com\/wp-content\/uploads\/icon-feature.png","large-width":43,"large-height":41,"1536x1536":"https:\/\/natus.com\/wp-content\/uploads\/icon-feature.png","1536x1536-width":43,"1536x1536-height":41,"2048x2048":"https:\/\/natus.com\/wp-content\/uploads\/icon-feature.png","2048x2048-width":43,"2048x2048-height":41}},"icon_description":"Centro <br \/>\r\nDiferenciado <br \/>\r\nMediante <br \/>\r\nColores"},{"icon":{"ID":1944,"id":1944,"title":"icon-flag","filename":"icon-flag.png","filesize":664,"url":"https:\/\/natus.com\/wp-content\/uploads\/icon-flag.png","link":"https:\/\/natus.com\/es\/neuro\/emg-portatil-dantec-clavis\/icon-flag-2\/","alt":"Icon - Flag","author":"2","description":"","caption":"","name":"icon-flag-2","status":"inherit","uploaded_to":8545,"date":"2023-09-01 19:14:05","modified":"2024-07-29 21:19:56","menu_order":0,"mime_type":"image\/png","type":"image","subtype":"png","icon":"https:\/\/natus.com\/wp-includes\/images\/media\/default.png","width":30,"height":42,"sizes":{"thumbnail":"https:\/\/natus.com\/wp-content\/uploads\/icon-flag.png","thumbnail-width":30,"thumbnail-height":42,"medium":"https:\/\/natus.com\/wp-content\/uploads\/icon-flag.png","medium-width":30,"medium-height":42,"medium_large":"https:\/\/natus.com\/wp-content\/uploads\/icon-flag.png","medium_large-width":30,"medium_large-height":42,"large":"https:\/\/natus.com\/wp-content\/uploads\/icon-flag.png","large-width":30,"large-height":42,"1536x1536":"https:\/\/natus.com\/wp-content\/uploads\/icon-flag.png","1536x1536-width":30,"1536x1536-height":42,"2048x2048":"https:\/\/natus.com\/wp-content\/uploads\/icon-flag.png","2048x2048-width":30,"2048x2048-height":42}},"icon_description":"Preesterilizados"},{"icon":{"ID":2389,"id":2389,"title":"icon-database","filename":"icon-database.png","filesize":1665,"url":"https:\/\/natus.com\/wp-content\/uploads\/icon-database.png","link":"https:\/\/natus.com\/es\/neuro\/icon-database-2\/","alt":"Icon - Database","author":"2","description":"","caption":"","name":"icon-database-2","status":"inherit","uploaded_to":10464,"date":"2023-09-08 16:17:27","modified":"2024-07-29 21:17:23","menu_order":0,"mime_type":"image\/png","type":"image","subtype":"png","icon":"https:\/\/natus.com\/wp-includes\/images\/media\/default.png","width":35,"height":44,"sizes":{"thumbnail":"https:\/\/natus.com\/wp-content\/uploads\/icon-database.png","thumbnail-width":35,"thumbnail-height":44,"medium":"https:\/\/natus.com\/wp-content\/uploads\/icon-database.png","medium-width":35,"medium-height":44,"medium_large":"https:\/\/natus.com\/wp-content\/uploads\/icon-database.png","medium_large-width":35,"medium_large-height":44,"large":"https:\/\/natus.com\/wp-content\/uploads\/icon-database.png","large-width":35,"large-height":44,"1536x1536":"https:\/\/natus.com\/wp-content\/uploads\/icon-database.png","1536x1536-width":35,"1536x1536-height":44,"2048x2048":"https:\/\/natus.com\/wp-content\/uploads\/icon-database.png","2048x2048-width":35,"2048x2048-height":44}},"icon_description":"Totalmente<br \/>\r\nDesechable"}],"quick_navigation":[{"quick_link":{"type":"url","value":"#n64bfae7691acd","url":"#n64bfae7691acd","name":"#n64bfae7691acd","title":"Contactarnos","target":""}},{"quick_link":{"type":"url","value":"#n64be98eed01eb","url":"#n64be98eed01eb","name":"#n64be98eed01eb","title":"Explore m\u00e1s detalles","target":""}}],"description":"","message_label":"Servicio y Soporte","message_title":"\u00bfBusca un servicio de neuro productos o asistencia t\u00e9cnica?","message_link":{"type":"post","value":"8369","url":"https:\/\/natus.com\/es\/soporte\/","name":"Servicio y Soporte","title":"Servicio y Soporte de Natus","target":""},"right_sticky_image":{"ID":3323,"id":3323,"title":"Ultra-Disp-with-Leads_Main-Image","filename":"Ultra-Disp-with-Leads_Main-Image.png","filesize":37314,"url":"https:\/\/natus.com\/wp-content\/uploads\/Ultra-Disp-with-Leads_Main-Image.png","link":"https:\/\/natus.com\/es\/neuro\/electrodes-aiguilles-monopolaires-usage-unique-ultra-natus\/ultra-disp-with-leads_main-image\/","alt":"Natus Monopolar Needles ","author":"2","description":"","caption":"","name":"ultra-disp-with-leads_main-image","status":"inherit","uploaded_to":8612,"date":"2023-10-10 21:45:06","modified":"2024-07-29 21:02:53","menu_order":0,"mime_type":"image\/png","type":"image","subtype":"png","icon":"https:\/\/natus.com\/wp-includes\/images\/media\/default.png","width":500,"height":403,"sizes":{"thumbnail":"https:\/\/natus.com\/wp-content\/uploads\/Ultra-Disp-with-Leads_Main-Image.png","thumbnail-width":119,"thumbnail-height":96,"medium":"https:\/\/natus.com\/wp-content\/uploads\/Ultra-Disp-with-Leads_Main-Image.png","medium-width":500,"medium-height":403,"medium_large":"https:\/\/natus.com\/wp-content\/uploads\/Ultra-Disp-with-Leads_Main-Image.png","medium_large-width":500,"medium_large-height":403,"large":"https:\/\/natus.com\/wp-content\/uploads\/Ultra-Disp-with-Leads_Main-Image.png","large-width":500,"large-height":403,"1536x1536":"https:\/\/natus.com\/wp-content\/uploads\/Ultra-Disp-with-Leads_Main-Image.png","1536x1536-width":500,"1536x1536-height":403,"2048x2048":"https:\/\/natus.com\/wp-content\/uploads\/Ultra-Disp-with-Leads_Main-Image.png","2048x2048-width":500,"2048x2048-height":403}}}},{"acf_fc_layout":"product_information","_acfe_flexible_toggle":"","left_accordion_right_image_landing":{"module_options":{"":null,"module_id":"n64be98eed01eb","module_class":"","module_background_type":"color","module_background_color":"#f1f1f1","module_background_image":false,"module_background_video":"","activate_custom_padding":false,"padding_top_desktop":"0","padding_top_tablet":"0","padding_top_mobile":"0","padding_bottom_desktop":"0","padding_bottom_tablet":"0","padding_bottom_mobile":"0","activate_custom_margin":false,"margin_top_desktop":"0","margin_top_tablet":"0","margin_top_mobile":"0","margin_bottom_desktop":"0","margin_bottom_tablet":"0","margin_bottom_mobile":"0","disable_on":[],"content_alignment_desktop":"left","content_alignment_tablet":"left","content_alignment_mobile":"left"},"intro":"Informaci\u00f3n del Producto","description":"","accordion":[{"title":"Especificaciones","accordion_content":[{"acf_fc_layout":"left_content_right_image","accordion_description":"<p><strong>Electrodo<\/strong><\/p>\n<ul>\n<li><strong>Aguja:<\/strong>\u00a0Acero inoxidable<\/li>\n<li><strong>Revestimiento de la aguja:<\/strong>\u00a0PTFE verde<\/li>\n<li><strong>Centro:<\/strong>\u00a0Chapados en oro, lat\u00f3n, n\u00edquel<\/li>\n<li><strong>Tapa de color del centro:<\/strong>\u00a0PA-6<\/li>\n<li><strong>Tubo protector:<\/strong>\u00a0Polietileno<\/li>\n<li><strong>Cable:<\/strong>\u00a0Cobre<\/li>\n<li><strong>Aislamiento del cable:<\/strong>\u00a0CVP<\/li>\n<li><strong>Tipo de conector:<\/strong>\u00a0Touchproof, hembra aislada de 1,5 mm (DIN 42 802)<\/li>\n<\/ul>\n<p><strong>Embalaje<\/strong><\/p>\n<ul>\n<li><strong>Cantidad:<\/strong>\u00a024 agujas por caja<\/li>\n<\/ul>\n<p><img loading=\"lazy\" decoding=\"async\" class=\"alignnone size-full wp-image-2523\" src=\"https:\/\/natus.com\/wp-content\/uploads\/natus_ultra_disposable_needle_electrode.jpg\" alt=\"\" width=\"431\" height=\"306\" \/><\/p>\n","accordion_image":{"ID":2532,"id":2532,"title":"natus_ultra_disposable_needle_electrode_tip","filename":"natus_ultra_disposable_needle_electrode_tip.jpg","filesize":45074,"url":"https:\/\/natus.com\/wp-content\/uploads\/natus_ultra_disposable_needle_electrode_tip.jpg","link":"https:\/\/natus.com\/es\/neuro\/electrodes-aiguilles-monopolaires-usage-unique-ultra-natus\/natus_ultra_disposable_needle_electrode_tip-2\/","alt":"Natus\u00ae Ultra Disposable Monopolar Needle Electrode  tip","author":"3","description":"","caption":"","name":"natus_ultra_disposable_needle_electrode_tip-2","status":"inherit","uploaded_to":8612,"date":"2023-09-08 19:33:38","modified":"2024-07-29 21:15:35","menu_order":0,"mime_type":"image\/jpeg","type":"image","subtype":"jpeg","icon":"https:\/\/natus.com\/wp-includes\/images\/media\/default.png","width":247,"height":246,"sizes":{"thumbnail":"https:\/\/natus.com\/wp-content\/uploads\/natus_ultra_disposable_needle_electrode_tip.jpg","thumbnail-width":96,"thumbnail-height":96,"medium":"https:\/\/natus.com\/wp-content\/uploads\/natus_ultra_disposable_needle_electrode_tip.jpg","medium-width":247,"medium-height":246,"medium_large":"https:\/\/natus.com\/wp-content\/uploads\/natus_ultra_disposable_needle_electrode_tip.jpg","medium_large-width":247,"medium_large-height":246,"large":"https:\/\/natus.com\/wp-content\/uploads\/natus_ultra_disposable_needle_electrode_tip.jpg","large-width":247,"large-height":246,"1536x1536":"https:\/\/natus.com\/wp-content\/uploads\/natus_ultra_disposable_needle_electrode_tip.jpg","1536x1536-width":247,"1536x1536-height":246,"2048x2048":"https:\/\/natus.com\/wp-content\/uploads\/natus_ultra_disposable_needle_electrode_tip.jpg","2048x2048-width":247,"2048x2048-height":246}}}]},{"title":"Descargar documentaci\u00f3n sobre el producto","accordion_content":[{"acf_fc_layout":"full_content","accordion_description":"<p><strong>P\u00e1gina del producto Agujas monopolares desechables Natus Ultra<\/strong><br \/>\n<a href=\"https:\/\/natus.bynder.com\/m\/357fc004cb0cacdb\/original\/Natus-Ultra-Disposable-Monopolar-Needle-Electrodes-Flyer.pdf\" target=\"_blank\" rel=\"noopener\">Ingl\u00e9s<\/a><br \/>\n<a href=\"https:\/\/natus.bynder.com\/m\/84b1fadd2a46166e\/original\/Natus-Ultra-Disposable-Monopolar-Needle-Electrodes-Flyer.pdf\">Franc\u00e9s<\/a><br \/>\n<a href=\"https:\/\/natus.bynder.com\/m\/e3fd4b0694eff1f2\/original\/Natus-Ultra-Disposable-Monopolar-Needle-Electrodes-Flyer.pdf\">Alem\u00e1n<\/a><br \/>\n<a href=\"https:\/\/natus.bynder.com\/m\/aa3970cd2a0881c8\/original\/Natus-Ultra-Disposable-Monopolar-Needle-Electrodes-Flyer.pdf\">Italiano<\/a><\/p>\n<p><strong>Cat\u00e1logo de suministros para neurodiagn\u00f3sticos de Natus<\/strong><br \/>\n<a href=\"https:\/\/natus.bynder.com\/m\/990029e101bebd22\/original\/Natus-Neurodiagnostic-Supplies-Catalog.pdf\">Ingl\u00e9s<\/a><br \/>\n<a href=\"https:\/\/natus.bynder.com\/m\/158d8472457a8340\/original\/Natus-Neurodiagnostic-Supplies-Catalog.pdf\">Franc\u00e9s<\/a><br \/>\n<a href=\"https:\/\/natus.bynder.com\/m\/2af7bff78ece1e68\/original\/Natus-Neurodiagnostic-Supplies-Catalog.pdf\">Alem\u00e1n<\/a><br \/>\n<a href=\"https:\/\/natus.bynder.com\/m\/381843ac1f7e9034\/original\/Natus-Neurodiagnostic-Supplies-Catalog.pdf\">Espa\u00f1ol<\/a><\/p>\n"}]}],"image_left":false}},{"acf_fc_layout":"related_products","_acfe_flexible_toggle":"","tiles_3_columns_landing":{"module_options":{"":null,"module_id":"n64bf9a7609a1f","module_class":"","module_background_type":"color","module_background_color":"#f1f1f1","module_background_image":false,"module_background_video":"","activate_custom_padding":false,"padding_top_desktop":"0","padding_top_tablet":"0","padding_top_mobile":"0","padding_bottom_desktop":"0","padding_bottom_tablet":"0","padding_bottom_mobile":"0","activate_custom_margin":false,"margin_top_desktop":"0","margin_top_tablet":"0","margin_top_mobile":"0","margin_bottom_desktop":"0","margin_bottom_tablet":"0","margin_bottom_mobile":"0","disable_on":[],"content_alignment_desktop":"left","content_alignment_tablet":"left","content_alignment_mobile":"left"},"intro_text":"Productos Neuro Relacionados","intro_text_color":"#005e63","intro_link":{"type":"post","value":"8356","url":"https:\/\/natus.com\/es\/productos-neuro\/","name":"Productos Neuro","title":"Ver todos los productos Neuro","target":""},"tiles":[{"label":"Suministros de EMG","label_background_color":"#154284","image":{"ID":2785,"id":2785,"title":"natus_ultra_monopolar_needle_electrodes (1)","filename":"natus_ultra_monopolar_needle_electrodes-1.jpg","filesize":20097,"url":"https:\/\/natus.com\/wp-content\/uploads\/natus_ultra_monopolar_needle_electrodes-1.jpg","link":"https:\/\/natus.com\/es\/neuro\/nicolet-edx-emg\/natus_ultra_monopolar_needle_electrodes-1-2\/","alt":"Natus Monopolar EMG Needles ","author":"2","description":"","caption":"","name":"natus_ultra_monopolar_needle_electrodes-1-2","status":"inherit","uploaded_to":8564,"date":"2023-09-09 15:45:16","modified":"2024-07-29 21:10:24","menu_order":0,"mime_type":"image\/jpeg","type":"image","subtype":"jpeg","icon":"https:\/\/natus.com\/wp-includes\/images\/media\/default.png","width":500,"height":400,"sizes":{"thumbnail":"https:\/\/natus.com\/wp-content\/uploads\/natus_ultra_monopolar_needle_electrodes-1.jpg","thumbnail-width":120,"thumbnail-height":96,"medium":"https:\/\/natus.com\/wp-content\/uploads\/natus_ultra_monopolar_needle_electrodes-1.jpg","medium-width":500,"medium-height":400,"medium_large":"https:\/\/natus.com\/wp-content\/uploads\/natus_ultra_monopolar_needle_electrodes-1.jpg","medium_large-width":500,"medium_large-height":400,"large":"https:\/\/natus.com\/wp-content\/uploads\/natus_ultra_monopolar_needle_electrodes-1.jpg","large-width":500,"large-height":400,"1536x1536":"https:\/\/natus.com\/wp-content\/uploads\/natus_ultra_monopolar_needle_electrodes-1.jpg","1536x1536-width":500,"1536x1536-height":400,"2048x2048":"https:\/\/natus.com\/wp-content\/uploads\/natus_ultra_monopolar_needle_electrodes-1.jpg","2048x2048-width":500,"2048x2048-height":400}},"title":"Electrodos de aguja de EMG conc\u00e9ntrica desechables TECA\u00ae Elite","link":{"type":"post","value":"8591","url":"https:\/\/natus.com\/es\/neuro\/electrodos-de-aguja-de-emg-concentrica-desechables-teca-elite\/","name":"Electrodos de aguja de EMG conc\u00e9ntrica desechables TECA\u00ae Elite","title":"Saber M\u00e1s","target":"_blank"}},{"label":"Suministros de EMG","label_background_color":"#154284","image":{"ID":3276,"id":3276,"title":"Natus Adhesive Electrodes Related Product Photo - 500x400","filename":"Natus-Adhesive-Electrodes-Related-Product-Photo-500x400-1.jpg","filesize":134861,"url":"https:\/\/natus.com\/wp-content\/uploads\/Natus-Adhesive-Electrodes-Related-Product-Photo-500x400-1.jpg","link":"https:\/\/natus.com\/es\/neuro\/emg-portatil-dantec-clavis\/natus-adhesive-electrodes-related-product-photo-500x400-2\/","alt":"Natus Adhesive Electrodes ","author":"2","description":"","caption":"Disposable","name":"natus-adhesive-electrodes-related-product-photo-500x400-2","status":"inherit","uploaded_to":8545,"date":"2023-09-11 21:58:17","modified":"2024-07-29 21:03:29","menu_order":0,"mime_type":"image\/jpeg","type":"image","subtype":"jpeg","icon":"https:\/\/natus.com\/wp-includes\/images\/media\/default.png","width":500,"height":400,"sizes":{"thumbnail":"https:\/\/natus.com\/wp-content\/uploads\/Natus-Adhesive-Electrodes-Related-Product-Photo-500x400-1.jpg","thumbnail-width":120,"thumbnail-height":96,"medium":"https:\/\/natus.com\/wp-content\/uploads\/Natus-Adhesive-Electrodes-Related-Product-Photo-500x400-1.jpg","medium-width":500,"medium-height":400,"medium_large":"https:\/\/natus.com\/wp-content\/uploads\/Natus-Adhesive-Electrodes-Related-Product-Photo-500x400-1.jpg","medium_large-width":500,"medium_large-height":400,"large":"https:\/\/natus.com\/wp-content\/uploads\/Natus-Adhesive-Electrodes-Related-Product-Photo-500x400-1.jpg","large-width":500,"large-height":400,"1536x1536":"https:\/\/natus.com\/wp-content\/uploads\/Natus-Adhesive-Electrodes-Related-Product-Photo-500x400-1.jpg","1536x1536-width":500,"1536x1536-height":400,"2048x2048":"https:\/\/natus.com\/wp-content\/uploads\/Natus-Adhesive-Electrodes-Related-Product-Photo-500x400-1.jpg","2048x2048-width":500,"2048x2048-height":400}},"title":"Electrodos adhesivos desechables Natus\u00ae","link":{"type":"post","value":"8615","url":"https:\/\/natus.com\/es\/neuro\/electrodos-adhesivos-desechables-natus\/","name":"Electrodos adhesivos desechables Natus\u00ae","title":"Saber M\u00e1s","target":"_blank"}},{"label":"Suministros de EMG","label_background_color":"#154284","image":{"ID":3271,"id":3271,"title":"Boject DHN Needle Related Product Image_500x400","filename":"boject-tan-9013S0422-500x400-1.jpg","filesize":129245,"url":"https:\/\/natus.com\/wp-content\/uploads\/boject-tan-9013S0422-500x400-1.jpg","link":"https:\/\/natus.com\/es\/neuro\/emg-portatil-dantec-clavis\/boject-dhn-needle-related-product-image_500x400-2\/","alt":"Bo-ject DHN Needle ","author":"2","description":"","caption":"","name":"boject-dhn-needle-related-product-image_500x400-2","status":"inherit","uploaded_to":8545,"date":"2023-09-11 21:53:05","modified":"2024-07-29 21:03:39","menu_order":0,"mime_type":"image\/png","type":"image","subtype":"png","icon":"https:\/\/natus.com\/wp-includes\/images\/media\/default.png","width":500,"height":400,"sizes":{"thumbnail":"https:\/\/natus.com\/wp-content\/uploads\/boject-tan-9013S0422-500x400-1.jpg","thumbnail-width":120,"thumbnail-height":96,"medium":"https:\/\/natus.com\/wp-content\/uploads\/boject-tan-9013S0422-500x400-1.jpg","medium-width":500,"medium-height":400,"medium_large":"https:\/\/natus.com\/wp-content\/uploads\/boject-tan-9013S0422-500x400-1.jpg","medium_large-width":500,"medium_large-height":400,"large":"https:\/\/natus.com\/wp-content\/uploads\/boject-tan-9013S0422-500x400-1.jpg","large-width":500,"large-height":400,"1536x1536":"https:\/\/natus.com\/wp-content\/uploads\/boject-tan-9013S0422-500x400-1.jpg","1536x1536-width":500,"1536x1536-height":400,"2048x2048":"https:\/\/natus.com\/wp-content\/uploads\/boject-tan-9013S0422-500x400-1.jpg","2048x2048-width":500,"2048x2048-height":400}},"title":"Electrodos de aguja hipod\u00e9rmica desechables inyectables Bo-ject\u00ae DHN","link":{"type":"post","value":"8535","url":"https:\/\/natus.com\/es\/neuro\/electrodos-hipodermica-desechables-inyectables-boject-dhn\/","name":"Electrodos de aguja hipod\u00e9rmica desechables inyectables Bo-ject\u00ae DHN","title":"Saber M\u00e1s","target":"_blank"}}]}},{"acf_fc_layout":"contact_form","_acfe_flexible_toggle":"","contact_form_landing":{"module_options":{"":null,"module_id":"n64bfae7691acd","module_class":"","module_background_type":"color","module_background_color":"#f1f1f1","module_background_image":false,"module_background_video":"","activate_custom_padding":false,"padding_top_desktop":"0","padding_top_tablet":"0","padding_top_mobile":"0","padding_bottom_desktop":"0","padding_bottom_tablet":"0","padding_bottom_mobile":"0","activate_custom_margin":false,"margin_top_desktop":"0","margin_top_tablet":"0","margin_top_mobile":"0","margin_bottom_desktop":"0","margin_bottom_tablet":"0","margin_bottom_mobile":"0","disable_on":[],"content_alignment_desktop":"left","content_alignment_tablet":"left","content_alignment_mobile":"left"},"":null,"activate_intro":true,"intro_text":"P\u00f3ngase en contacto con su representante Natus","intro_text_color":"#005e63","intro_link":null,"activate_description":true,"description_title":"","description_copy":"Para obtener m\u00e1s informaci\u00f3n sobre este o cualquier producto, env\u00edenos un mensaje a trav\u00e9s del siguiente formulario.","embed_code":"<script charset=\"utf-8\" type=\"text\/javascript\" src=\"\/\/js.hsforms.net\/forms\/embed\/v2.js\"><\/script>\r\n<script>\r\n  hbspt.forms.create({\r\n    region: \"na1\",\r\n    portalId: \"3002890\",\r\n    formId: \"19994ddf-5157-44b4-99ac-309f46ef293a\"\r\n  });\r\n<\/script>"}},{"acf_fc_layout":"simple_content","_acfe_flexible_toggle":"","content_full_width_landing":{"module_options":{"":null,"module_id":"n64f8afcd677a5","module_class":"","module_background_type":"color","module_background_color":"","module_background_image":false,"module_background_video":"","activate_custom_padding":false,"padding_top_desktop":"0","padding_top_tablet":"0","padding_top_mobile":"0","padding_bottom_desktop":"0","padding_bottom_tablet":"0","padding_bottom_mobile":"0","activate_custom_margin":false,"margin_top_desktop":"0","margin_top_tablet":"0","margin_top_mobile":"0","margin_bottom_desktop":"0","margin_bottom_tablet":"0","margin_bottom_mobile":"0","disable_on":[],"content_alignment_desktop":"left","content_alignment_tablet":"left","content_alignment_mobile":"left"},"content":"<p><span style=\"font-size: 11px;\">035228 RevA<\/span><\/p>\n"}}]},"_links":{"self":[{"href":"https:\/\/natus.com\/es\/wp-json\/wp\/v2\/pages\/8612","targetHints":{"allow":["GET"]}}],"collection":[{"href":"https:\/\/natus.com\/es\/wp-json\/wp\/v2\/pages"}],"about":[{"href":"https:\/\/natus.com\/es\/wp-json\/wp\/v2\/types\/page"}],"author":[{"embeddable":true,"href":"https:\/\/natus.com\/es\/wp-json\/wp\/v2\/users\/3"}],"replies":[{"embeddable":true,"href":"https:\/\/natus.com\/es\/wp-json\/wp\/v2\/comments?post=8612"}],"version-history":[{"count":9,"href":"https:\/\/natus.com\/es\/wp-json\/wp\/v2\/pages\/8612\/revisions"}],"predecessor-version":[{"id":20685,"href":"https:\/\/natus.com\/es\/wp-json\/wp\/v2\/pages\/8612\/revisions\/20685"}],"up":[{"embeddable":true,"href":"https:\/\/natus.com\/es\/wp-json\/wp\/v2\/pages\/10464"}],"wp:attachment":[{"href":"https:\/\/natus.com\/es\/wp-json\/wp\/v2\/media?parent=8612"}],"wp:term":[{"taxonomy":"category","embeddable":true,"href":"https:\/\/natus.com\/es\/wp-json\/wp\/v2\/categories?post=8612"},{"taxonomy":"post_tag","embeddable":true,"href":"https:\/\/natus.com\/es\/wp-json\/wp\/v2\/tags?post=8612"}],"curies":[{"name":"wp","href":"https:\/\/api.w.org\/{rel}","templated":true}]}}