{"id":8615,"date":"2023-09-08T19:43:52","date_gmt":"2023-09-08T19:43:52","guid":{"rendered":"https:\/\/natus.com\/natus-disposable-adhesive-electrodes\/"},"modified":"2026-01-29T22:09:11","modified_gmt":"2026-01-29T22:09:11","slug":"electrodos-adhesivos-desechables-natus","status":"publish","type":"page","link":"https:\/\/natus.com\/es\/neuro\/electrodos-adhesivos-desechables-natus\/","title":{"rendered":"Electrodos adhesivos desechables Natus\u00ae"},"content":{"rendered":"","protected":false},"excerpt":{"rendered":"","protected":false},"author":3,"featured_media":0,"parent":10464,"menu_order":0,"comment_status":"closed","ping_status":"closed","template":"templates\/page-neuro-solutions-product-landing.php","meta":{"_acf_changed":false,"footnotes":""},"categories":[173,171,185,204],"tags":[462,466,271,247],"class_list":["post-8615","page","type-page","status-publish","hentry","category-psg-polisomnografia-es","category-soluciones-de-electromiografia-emg-es","category-iom-es","category-suministros-neurodiagnostico-es","tag-emg-supplies-es","tag-suministros-de-emg-es","tag-suministros-de-sueno","tag-suministros-oim-es"],"acf":{"content_blocks":[{"acf_fc_layout":"spacer","_acfe_flexible_layout_title":null,"_acfe_flexible_toggle":null,"spacer":{"module_options":{"":null,"module_id":"n6514f26fe3f4d","module_class":"","module_background_type":"color","module_background_color":"#00aaa7","module_background_image":false,"module_background_video":"","activate_custom_padding":false,"padding_top_desktop":"0","padding_top_tablet":"0","padding_top_mobile":"0","padding_bottom_desktop":"0","padding_bottom_tablet":"0","padding_bottom_mobile":"0","activate_custom_margin":false,"margin_top_desktop":"0","margin_top_tablet":"0","margin_top_mobile":"0","margin_bottom_desktop":"0","margin_bottom_tablet":"0","margin_bottom_mobile":"0","disable_on":[],"content_alignment_desktop":"left","content_alignment_tablet":"left","content_alignment_mobile":"left"},"height":"270"}},{"acf_fc_layout":"intro_with_sticky_image","_acfe_flexible_layout_title":null,"_acfe_flexible_toggle":null,"left_content_right_image_sticky":{"module_options":{"":null,"module_id":"n6514f26febf02","module_class":"","module_background_type":"color","module_background_color":"","module_background_image":false,"module_background_video":"","activate_custom_padding":false,"padding_top_desktop":"0","padding_top_tablet":"0","padding_top_mobile":"0","padding_bottom_desktop":"0","padding_bottom_tablet":"0","padding_bottom_mobile":"0","activate_custom_margin":false,"margin_top_desktop":"0","margin_top_tablet":"0","margin_top_mobile":"0","margin_bottom_desktop":"0","margin_bottom_tablet":"0","margin_bottom_mobile":"0","disable_on":[],"content_alignment_desktop":"left","content_alignment_tablet":"left","content_alignment_mobile":"left"},"":null,"title":"Electrodos adhesivos desechables Natus\u00ae","subheader":"<p>Los electrodos adhesivos desechables de Natus disponen de una calidad premium para ofrecer un buen rendimiento en todo momento.<\/p>\n<ul>\n<li>Excelente adherencia para utilizarse en las situaciones cl\u00ednicas m\u00e1s exigentes, incluidos varios cambios de posici\u00f3n<\/li>\n<li>Opciones para satisfacer los requisitos de los estudios de EMG, NCS, SEP, IOM, PSG y ENG<\/li>\n<li>Los electrodos pregelificados se separan f\u00e1cilmente del papel protector sin dejar ning\u00fan tipo de residuo<\/li>\n<li>Los modelos con derivaciones se distinguen mediante colores y acaban en conectores Touchproof<\/li>\n<li>Sellado de calidad en bolsas de papel de aluminio para mantener una frescura \u00f3ptima<\/li>\n<li>C\u00f3modo portal en l\u00ednea &#8211; <a href=\"https:\/\/natusmedicalstore.com\/\">Natus Medical Store<\/a> (disponible en algunos mercados)<\/li>\n<\/ul>\n<p><span style=\"font-size: 12px;\">No disponibles en todos los pa\u00edses. P\u00f3ngase en contacto con su representante de ventas local para conocer la disponibilidad.<\/span><\/p>\n","icons":[{"icon":{"ID":2228,"id":2228,"title":"icon-feature","filename":"icon-feature.png","filesize":1408,"url":"https:\/\/natus.com\/wp-content\/uploads\/icon-feature.png","link":"https:\/\/natus.com\/es\/neuro\/emg-portatil-dantec-clavis\/icon-feature-2\/","alt":"star","author":"2","description":"Icon - Star","caption":"","name":"icon-feature-2","status":"inherit","uploaded_to":8545,"date":"2023-09-07 22:27:26","modified":"2024-07-29 21:19:16","menu_order":0,"mime_type":"image\/png","type":"image","subtype":"png","icon":"https:\/\/natus.com\/wp-includes\/images\/media\/default.png","width":43,"height":41,"sizes":{"thumbnail":"https:\/\/natus.com\/wp-content\/uploads\/icon-feature.png","thumbnail-width":43,"thumbnail-height":41,"medium":"https:\/\/natus.com\/wp-content\/uploads\/icon-feature.png","medium-width":43,"medium-height":41,"medium_large":"https:\/\/natus.com\/wp-content\/uploads\/icon-feature.png","medium_large-width":43,"medium_large-height":41,"large":"https:\/\/natus.com\/wp-content\/uploads\/icon-feature.png","large-width":43,"large-height":41,"1536x1536":"https:\/\/natus.com\/wp-content\/uploads\/icon-feature.png","1536x1536-width":43,"1536x1536-height":41,"2048x2048":"https:\/\/natus.com\/wp-content\/uploads\/icon-feature.png","2048x2048-width":43,"2048x2048-height":41}},"icon_description":"Con Y Sin <br \/>\r\nCables"},{"icon":{"ID":1944,"id":1944,"title":"icon-flag","filename":"icon-flag.png","filesize":664,"url":"https:\/\/natus.com\/wp-content\/uploads\/icon-flag.png","link":"https:\/\/natus.com\/es\/neuro\/emg-portatil-dantec-clavis\/icon-flag-2\/","alt":"Icon - Flag","author":"2","description":"","caption":"","name":"icon-flag-2","status":"inherit","uploaded_to":8545,"date":"2023-09-01 19:14:05","modified":"2024-07-29 21:19:56","menu_order":0,"mime_type":"image\/png","type":"image","subtype":"png","icon":"https:\/\/natus.com\/wp-includes\/images\/media\/default.png","width":30,"height":42,"sizes":{"thumbnail":"https:\/\/natus.com\/wp-content\/uploads\/icon-flag.png","thumbnail-width":30,"thumbnail-height":42,"medium":"https:\/\/natus.com\/wp-content\/uploads\/icon-flag.png","medium-width":30,"medium-height":42,"medium_large":"https:\/\/natus.com\/wp-content\/uploads\/icon-flag.png","medium_large-width":30,"medium_large-height":42,"large":"https:\/\/natus.com\/wp-content\/uploads\/icon-flag.png","large-width":30,"large-height":42,"1536x1536":"https:\/\/natus.com\/wp-content\/uploads\/icon-flag.png","1536x1536-width":30,"1536x1536-height":42,"2048x2048":"https:\/\/natus.com\/wp-content\/uploads\/icon-flag.png","2048x2048-width":30,"2048x2048-height":42}},"icon_description":"Pregelificado <br \/>\r\nAg\/AgCl"},{"icon":{"ID":2435,"id":2435,"title":"icon-options","filename":"icon-options.png","filesize":1971,"url":"https:\/\/natus.com\/wp-content\/uploads\/icon-options.png","link":"https:\/\/natus.com\/es\/neuro\/icon-options-2\/","alt":"Icon - Multi Option","author":"2","description":"","caption":"","name":"icon-options-2","status":"inherit","uploaded_to":10464,"date":"2023-09-08 17:24:45","modified":"2024-07-29 21:17:09","menu_order":0,"mime_type":"image\/png","type":"image","subtype":"png","icon":"https:\/\/natus.com\/wp-includes\/images\/media\/default.png","width":47,"height":47,"sizes":{"thumbnail":"https:\/\/natus.com\/wp-content\/uploads\/icon-options.png","thumbnail-width":47,"thumbnail-height":47,"medium":"https:\/\/natus.com\/wp-content\/uploads\/icon-options.png","medium-width":47,"medium-height":47,"medium_large":"https:\/\/natus.com\/wp-content\/uploads\/icon-options.png","medium_large-width":47,"medium_large-height":47,"large":"https:\/\/natus.com\/wp-content\/uploads\/icon-options.png","large-width":47,"large-height":47,"1536x1536":"https:\/\/natus.com\/wp-content\/uploads\/icon-options.png","1536x1536-width":47,"1536x1536-height":47,"2048x2048":"https:\/\/natus.com\/wp-content\/uploads\/icon-options.png","2048x2048-width":47,"2048x2048-height":47}},"icon_description":"Muchos <br \/>\r\nTama\u00f1os <br \/>\r\nY Tipos"}],"quick_navigation":[{"quick_link":{"type":"url","value":"#contact-neuro","url":"#contact-neuro","name":"#contact-neuro","title":"Contactarnos ","target":""}},{"quick_link":{"type":"url","value":"#n6514f27002c7f","url":"#n6514f27002c7f","name":"#n6514f27002c7f","title":"Explore m\u00e1s detalles","target":""}}],"description":"","message_label":"Servicio y Soporte","message_title":"\u00bfBusca un servicio de neuro productos o asistencia t\u00e9cnica?","message_link":{"type":"post","value":"8369","url":"https:\/\/natus.com\/es\/soporte\/","name":"Servicio y Soporte","title":"Servicio y Soporte de Natus","target":""},"right_sticky_image":{"ID":5146,"id":5146,"title":"Adhesive Electrodes Main Product Photo - 500x850","filename":"Adhesives_Main-Image.png","filesize":266033,"url":"https:\/\/natus.com\/wp-content\/uploads\/Adhesives_Main-Image.png","link":"https:\/\/natus.com\/es\/neuro\/electrodos-adhesivos-desechables-natus\/adhesive-electrodes-main-product-photo-500x850-2\/","alt":"Natus\u00ae Disposable Adhesive Electrodes","author":"2","description":"","caption":"","name":"adhesive-electrodes-main-product-photo-500x850-2","status":"inherit","uploaded_to":8615,"date":"2023-09-18 18:48:22","modified":"2024-07-26 17:09:23","menu_order":0,"mime_type":"image\/png","type":"image","subtype":"png","icon":"https:\/\/natus.com\/wp-includes\/images\/media\/default.png","width":500,"height":850,"sizes":{"thumbnail":"https:\/\/natus.com\/wp-content\/uploads\/Adhesives_Main-Image.png","thumbnail-width":56,"thumbnail-height":96,"medium":"https:\/\/natus.com\/wp-content\/uploads\/Adhesives_Main-Image.png","medium-width":500,"medium-height":850,"medium_large":"https:\/\/natus.com\/wp-content\/uploads\/Adhesives_Main-Image.png","medium_large-width":500,"medium_large-height":850,"large":"https:\/\/natus.com\/wp-content\/uploads\/Adhesives_Main-Image.png","large-width":500,"large-height":850,"1536x1536":"https:\/\/natus.com\/wp-content\/uploads\/Adhesives_Main-Image.png","1536x1536-width":500,"1536x1536-height":850,"2048x2048":"https:\/\/natus.com\/wp-content\/uploads\/Adhesives_Main-Image.png","2048x2048-width":500,"2048x2048-height":850}}}},{"acf_fc_layout":"product_information","_acfe_flexible_layout_title":null,"_acfe_flexible_toggle":null,"left_accordion_right_image_landing":{"module_options":{"":null,"module_id":"n6514f27002c7f","module_class":"","module_background_type":"color","module_background_color":"","module_background_image":false,"module_background_video":"","activate_custom_padding":false,"padding_top_desktop":"0","padding_top_tablet":"0","padding_top_mobile":"0","padding_bottom_desktop":"0","padding_bottom_tablet":"0","padding_bottom_mobile":"0","activate_custom_margin":false,"margin_top_desktop":"0","margin_top_tablet":"0","margin_top_mobile":"0","margin_bottom_desktop":"0","margin_bottom_tablet":"0","margin_bottom_mobile":"0","disable_on":[],"content_alignment_desktop":"left","content_alignment_tablet":"left","content_alignment_mobile":"left"},"intro":"Informaci\u00f3n del Producto","description":"","accordion":[{"title":"Electrodos con cables que terminan en conectores Touchproof de 1,5 mm","accordion_content":[{"acf_fc_layout":"full_content","accordion_description":"<p><img loading=\"lazy\" decoding=\"async\" class=\"alignnone size-full wp-image-2560\" src=\"https:\/\/natus.com\/wp-content\/uploads\/disposable_adhesive_electrodes_with_1.5mm_leads.jpg\" alt=\"\" width=\"859\" height=\"565\" srcset=\"https:\/\/natus.com\/wp-content\/uploads\/disposable_adhesive_electrodes_with_1.5mm_leads.jpg 859w, https:\/\/natus.com\/wp-content\/uploads\/disposable_adhesive_electrodes_with_1.5mm_leads-768x505.jpg 768w\" sizes=\"auto, (max-width: 859px) 100vw, 859px\" \/><\/p>\n"}]},{"title":"Electrodos con cables que terminan en conectores Touchproof macho de 0,7 mm","accordion_content":[{"acf_fc_layout":"full_content","accordion_description":"<p><img loading=\"lazy\" decoding=\"async\" class=\"alignnone wp-image-2555\" src=\"https:\/\/natus.com\/wp-content\/uploads\/disposable_adhesive_electrodes_with_0.7mm_leads.jpg\" alt=\"\" width=\"533\" height=\"87\" \/><\/p>\n"}]},{"title":"Electrodos sin cables (necesitan derivaciones con pinza con dientes reutilizables)","accordion_content":[{"acf_fc_layout":"full_content","accordion_description":"<p><img loading=\"lazy\" decoding=\"async\" class=\"alignnone size-full wp-image-2565\" src=\"https:\/\/natus.com\/wp-content\/uploads\/disposable_adhesive_electrodes_without_leads.jpg\" alt=\"\" width=\"801\" height=\"191\" srcset=\"https:\/\/natus.com\/wp-content\/uploads\/disposable_adhesive_electrodes_without_leads.jpg 801w, https:\/\/natus.com\/wp-content\/uploads\/disposable_adhesive_electrodes_without_leads-768x183.jpg 768w\" sizes=\"auto, (max-width: 801px) 100vw, 801px\" \/><\/p>\n"}]},{"title":"Descargar documentaci\u00f3n sobre el producto","accordion_content":[{"acf_fc_layout":"full_content","accordion_description":"<p><strong>Hoja informativa de electrodos adhesivos de Natus<\/strong><br \/>\n<a href=\"https:\/\/natus.bynder.com\/m\/9a8485625a9da432\/original\/Natus-Disposable-Adhesive-Electrodes-Flyer.pdf\" target=\"_blank\" rel=\"noopener\">Ingl\u00e9s<\/a><br \/>\n<a href=\"https:\/\/natus.bynder.com\/m\/a634b1720977f466\/original\/Natus-Disposable-Adhesive-Electrodes-Flyer.pdf\" target=\"_blank\" rel=\"noopener\">Franc\u00e9s<\/a><br \/>\n<a href=\"https:\/\/natus.bynder.com\/m\/925904218e73210f\/original\/Natus-Disposable-Adhesive-Electrodes-Flyer.pdf\" target=\"_blank\" rel=\"noopener\">Alem\u00e1n<\/a><br \/>\n<a href=\"https:\/\/natus.bynder.com\/m\/a59e9199ec5185c5\/original\/Natus-Disposable-Adhesive-Electrodes-Flyer.pdf\">Italiano<\/a><\/p>\n<p><strong>Cat\u00e1logo de suministros para neurodiagn\u00f3sticos de Natus<\/strong><br \/>\n<a href=\"https:\/\/natus.bynder.com\/m\/990029e101bebd22\/original\/Natus-Neurodiagnostic-Supplies-Catalog.pdf\">Ingl\u00e9s<\/a><br \/>\n<a href=\"https:\/\/natus.bynder.com\/m\/158d8472457a8340\/original\/Natus-Neurodiagnostic-Supplies-Catalog.pdf\">Franc\u00e9s<\/a><br \/>\n<a href=\"https:\/\/natus.bynder.com\/m\/2af7bff78ece1e68\/original\/Natus-Neurodiagnostic-Supplies-Catalog.pdf\">Alem\u00e1n<\/a><br \/>\n<a href=\"https:\/\/natus.bynder.com\/m\/381843ac1f7e9034\/original\/Natus-Neurodiagnostic-Supplies-Catalog.pdf\">Espa\u00f1ol<\/a><\/p>\n"}]}],"image_left":false}},{"acf_fc_layout":"related_products","_acfe_flexible_layout_title":null,"_acfe_flexible_toggle":null,"tiles_3_columns_landing":{"module_options":{"":null,"module_id":"n6514f2700c856","module_class":"","module_background_type":"color","module_background_color":"#f1f1f1","module_background_image":false,"module_background_video":"","activate_custom_padding":false,"padding_top_desktop":"0","padding_top_tablet":"0","padding_top_mobile":"0","padding_bottom_desktop":"0","padding_bottom_tablet":"0","padding_bottom_mobile":"0","activate_custom_margin":false,"margin_top_desktop":"0","margin_top_tablet":"0","margin_top_mobile":"0","margin_bottom_desktop":"0","margin_bottom_tablet":"0","margin_bottom_mobile":"0","disable_on":[],"content_alignment_desktop":"left","content_alignment_tablet":"left","content_alignment_mobile":"left"},"intro_text":"Productos Neuro Relacionados","intro_text_color":"#005e63","intro_link":{"type":"post","value":"8356","url":"https:\/\/natus.com\/es\/productos-neuro\/","name":"Productos Neuro","title":"Ver todos los productos Neuro","target":""},"tiles":[{"label":"Productos para el sue\u00f1o","label_background_color":"#154284","image":{"ID":4328,"id":4328,"title":"XatTrace Belts Related Product Photo - 500x400","filename":"XatTrace-Belts-Related-Product-Photo-500x400-1.png","filesize":88394,"url":"https:\/\/natus.com\/wp-content\/uploads\/XatTrace-Belts-Related-Product-Photo-500x400-1.png","link":"https:\/\/natus.com\/es\/?attachment_id=4328","alt":"Natus\u00ae XactTrace\u00ae RIP Respiratory Effort Belts","author":"2","description":"","caption":"","name":"xattrace-belts-related-product-photo-500x400-2","status":"inherit","uploaded_to":9938,"date":"2023-09-14 18:48:15","modified":"2024-07-29 20:27:23","menu_order":0,"mime_type":"image\/png","type":"image","subtype":"png","icon":"https:\/\/natus.com\/wp-includes\/images\/media\/default.png","width":500,"height":400,"sizes":{"thumbnail":"https:\/\/natus.com\/wp-content\/uploads\/XatTrace-Belts-Related-Product-Photo-500x400-1.png","thumbnail-width":120,"thumbnail-height":96,"medium":"https:\/\/natus.com\/wp-content\/uploads\/XatTrace-Belts-Related-Product-Photo-500x400-1.png","medium-width":500,"medium-height":400,"medium_large":"https:\/\/natus.com\/wp-content\/uploads\/XatTrace-Belts-Related-Product-Photo-500x400-1.png","medium_large-width":500,"medium_large-height":400,"large":"https:\/\/natus.com\/wp-content\/uploads\/XatTrace-Belts-Related-Product-Photo-500x400-1.png","large-width":500,"large-height":400,"1536x1536":"https:\/\/natus.com\/wp-content\/uploads\/XatTrace-Belts-Related-Product-Photo-500x400-1.png","1536x1536-width":500,"1536x1536-height":400,"2048x2048":"https:\/\/natus.com\/wp-content\/uploads\/XatTrace-Belts-Related-Product-Photo-500x400-1.png","2048x2048-width":500,"2048x2048-height":400}},"title":"Cinturones para medir el esfuerzo respiratorio RIP Natus\u00ae XactTrace\u00ae","link":{"type":"post","value":"9412","url":"https:\/\/natus.com\/es\/neuro\/cinturones-para-medir-el-esfuerzo-respiratorio-rip-natus-xacttrace\/","name":"Cinturones para medir el esfuerzo respiratorio RIP Natus\u00ae XactTrace\u00ae","title":"Saber M\u00e1s","target":"_blank"}},{"label":"Suministros de EMG","label_background_color":"#154284","image":{"ID":5139,"id":5139,"title":"Natus Monopolar Needles Related Product Photo - 500x400","filename":"Natus-Monopolar-Needles-Related-Product-Photo-500x400-1.png","filesize":65053,"url":"https:\/\/natus.com\/wp-content\/uploads\/Natus-Monopolar-Needles-Related-Product-Photo-500x400-1.png","link":"https:\/\/natus.com\/es\/neuro\/electrodos-de-aguja-subcutanea-desechables-natus-ultra\/natus-monopolar-needles-related-product-photo-500x400-2\/","alt":"Natus\u00ae Ultra Disposable Subdermal Needle Electrodes","author":"2","description":"","caption":"","name":"natus-monopolar-needles-related-product-photo-500x400-2","status":"inherit","uploaded_to":9529,"date":"2023-09-18 18:42:21","modified":"2024-07-26 17:09:29","menu_order":0,"mime_type":"image\/png","type":"image","subtype":"png","icon":"https:\/\/natus.com\/wp-includes\/images\/media\/default.png","width":500,"height":400,"sizes":{"thumbnail":"https:\/\/natus.com\/wp-content\/uploads\/Natus-Monopolar-Needles-Related-Product-Photo-500x400-1.png","thumbnail-width":120,"thumbnail-height":96,"medium":"https:\/\/natus.com\/wp-content\/uploads\/Natus-Monopolar-Needles-Related-Product-Photo-500x400-1.png","medium-width":500,"medium-height":400,"medium_large":"https:\/\/natus.com\/wp-content\/uploads\/Natus-Monopolar-Needles-Related-Product-Photo-500x400-1.png","medium_large-width":500,"medium_large-height":400,"large":"https:\/\/natus.com\/wp-content\/uploads\/Natus-Monopolar-Needles-Related-Product-Photo-500x400-1.png","large-width":500,"large-height":400,"1536x1536":"https:\/\/natus.com\/wp-content\/uploads\/Natus-Monopolar-Needles-Related-Product-Photo-500x400-1.png","1536x1536-width":500,"1536x1536-height":400,"2048x2048":"https:\/\/natus.com\/wp-content\/uploads\/Natus-Monopolar-Needles-Related-Product-Photo-500x400-1.png","2048x2048-width":500,"2048x2048-height":400}},"title":"Electrodos de aguja monopolar desechables Natus\u00ae Ultra con derivaciones conectadas","link":{"type":"post","value":"8612","url":"https:\/\/natus.com\/es\/neuro\/electrodes-aiguilles-monopolaires-usage-unique-ultra-natus\/","name":"Electrodos de aguja monopolar desechables Natus\u00ae Ultra","title":"Saber M\u00e1s","target":"_blank"}},{"label":"Suministros EEG","label_background_color":"#154284","image":{"ID":4779,"id":4779,"title":"Grass Standard Cup EEG Electrodes Related Product Photo -500x400","filename":"Grass-Disposable-Standard-Cup-EEG-Electrodes-Related-Product-Photo-500x400-1.png","filesize":221785,"url":"https:\/\/natus.com\/wp-content\/uploads\/Grass-Disposable-Standard-Cup-EEG-Electrodes-Related-Product-Photo-500x400-1.png","link":"https:\/\/natus.com\/es\/neuro\/eeg-aeeg\/suministros-eeg\/grass-standard-cup-eeg-electrodes-related-product-photo-500x400-2\/","alt":"Grass Disposable Standard Cup EEG Electrodes","author":"2","description":"","caption":"","name":"grass-standard-cup-eeg-electrodes-related-product-photo-500x400-2","status":"inherit","uploaded_to":12645,"date":"2023-09-15 18:42:55","modified":"2024-07-26 19:14:59","menu_order":0,"mime_type":"image\/png","type":"image","subtype":"png","icon":"https:\/\/natus.com\/wp-includes\/images\/media\/default.png","width":500,"height":400,"sizes":{"thumbnail":"https:\/\/natus.com\/wp-content\/uploads\/Grass-Disposable-Standard-Cup-EEG-Electrodes-Related-Product-Photo-500x400-1.png","thumbnail-width":120,"thumbnail-height":96,"medium":"https:\/\/natus.com\/wp-content\/uploads\/Grass-Disposable-Standard-Cup-EEG-Electrodes-Related-Product-Photo-500x400-1.png","medium-width":500,"medium-height":400,"medium_large":"https:\/\/natus.com\/wp-content\/uploads\/Grass-Disposable-Standard-Cup-EEG-Electrodes-Related-Product-Photo-500x400-1.png","medium_large-width":500,"medium_large-height":400,"large":"https:\/\/natus.com\/wp-content\/uploads\/Grass-Disposable-Standard-Cup-EEG-Electrodes-Related-Product-Photo-500x400-1.png","large-width":500,"large-height":400,"1536x1536":"https:\/\/natus.com\/wp-content\/uploads\/Grass-Disposable-Standard-Cup-EEG-Electrodes-Related-Product-Photo-500x400-1.png","1536x1536-width":500,"1536x1536-height":400,"2048x2048":"https:\/\/natus.com\/wp-content\/uploads\/Grass-Disposable-Standard-Cup-EEG-Electrodes-Related-Product-Photo-500x400-1.png","2048x2048-width":500,"2048x2048-height":400}},"title":"Electrodos de EEG de copa desechables Grass\u00ae","link":{"type":"post","value":"9587","url":"https:\/\/natus.com\/es\/neuro\/electrodos-de-eeg-de-copa-desechables-grass\/","name":"Electrodos de EEG de copa desechables Grass\u00ae","title":"Saber M\u00e1s","target":"_blank"}}]}},{"acf_fc_layout":"contact_form","_acfe_flexible_layout_title":null,"_acfe_flexible_toggle":null,"contact_form_landing":{"module_options":{"":null,"module_id":"contact-neuro","module_class":"","module_background_type":"color","module_background_color":"#f1f1f1","module_background_image":false,"module_background_video":"","activate_custom_padding":false,"padding_top_desktop":"0","padding_top_tablet":"0","padding_top_mobile":"0","padding_bottom_desktop":"0","padding_bottom_tablet":"0","padding_bottom_mobile":"0","activate_custom_margin":false,"margin_top_desktop":"0","margin_top_tablet":"0","margin_top_mobile":"0","margin_bottom_desktop":"0","margin_bottom_tablet":"0","margin_bottom_mobile":"0","disable_on":[],"content_alignment_desktop":"left","content_alignment_tablet":"left","content_alignment_mobile":"left"},"":null,"activate_intro":true,"intro_text":"P\u00f3ngase en contacto con su representante Natus","intro_text_color":"#005e63","intro_link":null,"activate_description":true,"description_title":"","description_copy":"Para obtener m\u00e1s informaci\u00f3n sobre este o cualquier producto, env\u00edenos un mensaje a trav\u00e9s del siguiente formulario.","embed_code":"<script charset=\"utf-8\" type=\"text\/javascript\" src=\"\/\/js.hsforms.net\/forms\/embed\/v2.js\"><\/script>\r\n<script>\r\n  hbspt.forms.create({\r\n    region: \"na1\",\r\n    portalId: \"3002890\",\r\n    formId: \"19994ddf-5157-44b4-99ac-309f46ef293a\"\r\n  });\r\n<\/script>"}},{"acf_fc_layout":"simple_content","_acfe_flexible_layout_title":null,"_acfe_flexible_toggle":null,"content_full_width_landing":{"module_options":{"":null,"module_id":"n6514f2701c05b","module_class":"","module_background_type":"color","module_background_color":"","module_background_image":false,"module_background_video":"","activate_custom_padding":false,"padding_top_desktop":"0","padding_top_tablet":"0","padding_top_mobile":"0","padding_bottom_desktop":"0","padding_bottom_tablet":"0","padding_bottom_mobile":"0","activate_custom_margin":false,"margin_top_desktop":"0","margin_top_tablet":"0","margin_top_mobile":"0","margin_bottom_desktop":"0","margin_bottom_tablet":"0","margin_bottom_mobile":"0","disable_on":[],"content_alignment_desktop":"left","content_alignment_tablet":"left","content_alignment_mobile":"left"},"content":"<p><span style=\"font-size: 11px;\">035221 RevA<\/span><\/p>\n"}}],"schema_markup":[{"acf_fc_layout":"schema_markup_product","_acfe_flexible_layout_title":null,"_acfe_flexible_toggle":null,"schema_markup_product":{"enable_schema":true,"":null,"device_name":"Electrodos adhesivos desechables Natus\u00ae","device_image":"https:\/\/natus.com\/wp-content\/uploads\/Natus-Adhesive-Electrodes-Related-Product-Photo-500x400-1.jpg","device_desc":"Los electrodos adhesivos desechables de Natus disponen de una calidad premium para ofrecer un buen rendimiento en todo momento.","device_purpose":"","manufacturer_name":"Natus Medical Incorporated","manufacturer_url":"https:\/\/natus.com","brand_name":"Natus","page_url":"https:\/\/natus.com\/es\/neuro\/electrodos-adhesivos-desechables-natus\/","in_language":"en","medical_specialty":["Neurologic"]}}]},"_links":{"self":[{"href":"https:\/\/natus.com\/es\/wp-json\/wp\/v2\/pages\/8615","targetHints":{"allow":["GET"]}}],"collection":[{"href":"https:\/\/natus.com\/es\/wp-json\/wp\/v2\/pages"}],"about":[{"href":"https:\/\/natus.com\/es\/wp-json\/wp\/v2\/types\/page"}],"author":[{"embeddable":true,"href":"https:\/\/natus.com\/es\/wp-json\/wp\/v2\/users\/3"}],"replies":[{"embeddable":true,"href":"https:\/\/natus.com\/es\/wp-json\/wp\/v2\/comments?post=8615"}],"version-history":[{"count":10,"href":"https:\/\/natus.com\/es\/wp-json\/wp\/v2\/pages\/8615\/revisions"}],"predecessor-version":[{"id":26132,"href":"https:\/\/natus.com\/es\/wp-json\/wp\/v2\/pages\/8615\/revisions\/26132"}],"up":[{"embeddable":true,"href":"https:\/\/natus.com\/es\/wp-json\/wp\/v2\/pages\/10464"}],"wp:attachment":[{"href":"https:\/\/natus.com\/es\/wp-json\/wp\/v2\/media?parent=8615"}],"wp:term":[{"taxonomy":"category","embeddable":true,"href":"https:\/\/natus.com\/es\/wp-json\/wp\/v2\/categories?post=8615"},{"taxonomy":"post_tag","embeddable":true,"href":"https:\/\/natus.com\/es\/wp-json\/wp\/v2\/tags?post=8615"}],"curies":[{"name":"wp","href":"https:\/\/api.w.org\/{rel}","templated":true}]}}