{"id":9292,"date":"2023-09-15T19:46:28","date_gmt":"2023-09-15T19:46:28","guid":{"rendered":"https:\/\/natus.com\/emg\/emg-ncs-ep-systems\/"},"modified":"2024-07-25T19:01:40","modified_gmt":"2024-07-25T19:01:40","slug":"sistemas-emg-ncs-ep","status":"publish","type":"page","link":"https:\/\/natus.com\/es\/neuro\/emg\/sistemas-emg-ncs-ep\/","title":{"rendered":"Sistemas EMG \/ NCS \/ EP"},"content":{"rendered":"","protected":false},"excerpt":{"rendered":"","protected":false},"author":3,"featured_media":0,"parent":9288,"menu_order":0,"comment_status":"closed","ping_status":"closed","template":"templates\/page-neuro-solutions-category-landing.php","meta":{"_acf_changed":false,"footnotes":""},"categories":[171],"tags":[],"class_list":["post-9292","page","type-page","status-publish","hentry","category-soluciones-de-electromiografia-emg-es"],"acf":{"content_blocks":[{"acf_fc_layout":"hero","_acfe_flexible_toggle":"","hero_locations":{"unique_id":"n64e940f42a11a","background":{"ID":1248,"id":1248,"title":"neuro-products-hero","filename":"neuro-products-hero.jpg","filesize":353779,"url":"https:\/\/natus.com\/wp-content\/uploads\/neuro-products-hero.jpg","link":"https:\/\/natus.com\/es\/productos-neuro\/neuro-products-hero-2\/","alt":"","author":"1","description":"","caption":"","name":"neuro-products-hero-2","status":"inherit","uploaded_to":8356,"date":"2023-08-14 16:56:09","modified":"2023-08-14 16:56:09","menu_order":0,"mime_type":"image\/jpeg","type":"image","subtype":"jpeg","icon":"https:\/\/natus.com\/wp-includes\/images\/media\/default.png","width":1920,"height":500,"sizes":{"thumbnail":"https:\/\/natus.com\/wp-content\/uploads\/neuro-products-hero.jpg","thumbnail-width":128,"thumbnail-height":33,"medium":"https:\/\/natus.com\/wp-content\/uploads\/neuro-products-hero.jpg","medium-width":1920,"medium-height":500,"medium_large":"https:\/\/natus.com\/wp-content\/uploads\/neuro-products-hero-768x200.jpg","medium_large-width":768,"medium_large-height":200,"large":"https:\/\/natus.com\/wp-content\/uploads\/neuro-products-hero.jpg","large-width":1920,"large-height":500,"1536x1536":"https:\/\/natus.com\/wp-content\/uploads\/neuro-products-hero-1536x400.jpg","1536x1536-width":1536,"1536x1536-height":400,"2048x2048":"https:\/\/natus.com\/wp-content\/uploads\/neuro-products-hero.jpg","2048x2048-width":1920,"2048x2048-height":500}},"h1":"Sistemas EMG \/ NCS \/ EP","description":""}},{"acf_fc_layout":"product_tiles","_acfe_flexible_toggle":"","neuro_product_tiles":{"module_options":{"":null,"module_id":"n6514e333b5ca1","module_class":"","module_background_type":"color","module_background_color":"","module_background_image":false,"module_background_video":"","activate_custom_padding":false,"padding_top_desktop":"0","padding_top_tablet":"0","padding_top_mobile":"0","padding_bottom_desktop":"0","padding_bottom_tablet":"0","padding_bottom_mobile":"0","activate_custom_margin":false,"margin_top_desktop":"0","margin_top_tablet":"0","margin_top_mobile":"0","margin_bottom_desktop":"0","margin_bottom_tablet":"0","margin_bottom_mobile":"0","disable_on":[],"content_alignment_desktop":"left","content_alignment_tablet":"left","content_alignment_mobile":"left"},"products":[{"category_title":"","subcategories":[{"subcategory_title":"Sistemas EMG \/ NCS \/ EP","subcategory_products":[{"label":"","image":{"ID":2807,"id":2807,"title":"Nicolet EDX Laptop (1)","filename":"Nicolet-EDX-Laptop-1.jpg","filesize":156568,"url":"https:\/\/natus.com\/wp-content\/uploads\/Nicolet-EDX-Laptop-1.jpg","link":"https:\/\/natus.com\/es\/neuro\/nicolet-edx-laptop-1-2\/","alt":"Nicolet EDX ","author":"2","description":"","caption":"","name":"nicolet-edx-laptop-1-2","status":"inherit","uploaded_to":10464,"date":"2023-09-09 16:24:21","modified":"2024-07-29 21:10:05","menu_order":0,"mime_type":"image\/jpeg","type":"image","subtype":"jpeg","icon":"https:\/\/natus.com\/wp-includes\/images\/media\/default.png","width":500,"height":400,"sizes":{"thumbnail":"https:\/\/natus.com\/wp-content\/uploads\/Nicolet-EDX-Laptop-1.jpg","thumbnail-width":120,"thumbnail-height":96,"medium":"https:\/\/natus.com\/wp-content\/uploads\/Nicolet-EDX-Laptop-1.jpg","medium-width":500,"medium-height":400,"medium_large":"https:\/\/natus.com\/wp-content\/uploads\/Nicolet-EDX-Laptop-1.jpg","medium_large-width":500,"medium_large-height":400,"large":"https:\/\/natus.com\/wp-content\/uploads\/Nicolet-EDX-Laptop-1.jpg","large-width":500,"large-height":400,"1536x1536":"https:\/\/natus.com\/wp-content\/uploads\/Nicolet-EDX-Laptop-1.jpg","1536x1536-width":500,"1536x1536-height":400,"2048x2048":"https:\/\/natus.com\/wp-content\/uploads\/Nicolet-EDX-Laptop-1.jpg","2048x2048-width":500,"2048x2048-height":400}},"title":"Sistema Nicolet\u00ae EDX EMG \/ NCS \/ EP \/ IOM","link":{"type":"post","value":"8564","url":"https:\/\/natus.com\/es\/neuro\/nicolet-edx-emg\/","name":"Sistema Nicolet\u00ae EDX EMG \/ NCS \/ EP \/ IOM","title":"Saber M\u00e1s","target":""}},{"label":"","image":{"ID":2780,"id":2780,"title":"HD EMG Full TM (2) (1)","filename":"HD-EMG-Full-TM-2-1.png","filesize":52962,"url":"https:\/\/natus.com\/wp-content\/uploads\/HD-EMG-Full-TM-2-1.png","link":"https:\/\/natus.com\/es\/neuro\/nicolet-edx-emg\/hd-emg-full-tm-2-1-2\/","alt":"UltraPro","author":"2","description":"","caption":"","name":"hd-emg-full-tm-2-1-2","status":"inherit","uploaded_to":8564,"date":"2023-09-09 15:43:10","modified":"2024-07-29 21:10:32","menu_order":0,"mime_type":"image\/png","type":"image","subtype":"png","icon":"https:\/\/natus.com\/wp-includes\/images\/media\/default.png","width":500,"height":400,"sizes":{"thumbnail":"https:\/\/natus.com\/wp-content\/uploads\/HD-EMG-Full-TM-2-1.png","thumbnail-width":120,"thumbnail-height":96,"medium":"https:\/\/natus.com\/wp-content\/uploads\/HD-EMG-Full-TM-2-1.png","medium-width":500,"medium-height":400,"medium_large":"https:\/\/natus.com\/wp-content\/uploads\/HD-EMG-Full-TM-2-1.png","medium_large-width":500,"medium_large-height":400,"large":"https:\/\/natus.com\/wp-content\/uploads\/HD-EMG-Full-TM-2-1.png","large-width":500,"large-height":400,"1536x1536":"https:\/\/natus.com\/wp-content\/uploads\/HD-EMG-Full-TM-2-1.png","1536x1536-width":500,"1536x1536-height":400,"2048x2048":"https:\/\/natus.com\/wp-content\/uploads\/HD-EMG-Full-TM-2-1.png","2048x2048-width":500,"2048x2048-height":400}},"title":"Sistema de neurodiagn\u00f3stico UltraPro\u00ae S100","link":{"type":"post","value":"8607","url":"https:\/\/natus.com\/es\/neuro\/ultrapro-s100-emg\/","name":"Sistema de neurodiagn\u00f3stico UltraPro\u00ae S100","title":"Saber M\u00e1s","target":""}},{"label":"","image":{"ID":3220,"id":3220,"title":"Dantec Keypoint Focus Related Product Image_500x400","filename":"Web-Related-Products-Natus-Keypoint-Focus-laptop-Needle-EMG-screen_WPI-500x400-1.jpg","filesize":232114,"url":"https:\/\/natus.com\/wp-content\/uploads\/Web-Related-Products-Natus-Keypoint-Focus-laptop-Needle-EMG-screen_WPI-500x400-1.jpg","link":"https:\/\/natus.com\/es\/neuro\/sistema-keypoint-g4-emg-ncs-ep\/dantec-keypoint-focus-related-product-image_500x400-2\/","alt":"Natus Keypoint Focus laptop","author":"2","description":"","caption":"","name":"dantec-keypoint-focus-related-product-image_500x400-2","status":"inherit","uploaded_to":8669,"date":"2023-09-11 21:07:11","modified":"2024-07-30 19:18:32","menu_order":0,"mime_type":"image\/png","type":"image","subtype":"png","icon":"https:\/\/natus.com\/wp-includes\/images\/media\/default.png","width":500,"height":400,"sizes":{"thumbnail":"https:\/\/natus.com\/wp-content\/uploads\/Web-Related-Products-Natus-Keypoint-Focus-laptop-Needle-EMG-screen_WPI-500x400-1.jpg","thumbnail-width":120,"thumbnail-height":96,"medium":"https:\/\/natus.com\/wp-content\/uploads\/Web-Related-Products-Natus-Keypoint-Focus-laptop-Needle-EMG-screen_WPI-500x400-1.jpg","medium-width":500,"medium-height":400,"medium_large":"https:\/\/natus.com\/wp-content\/uploads\/Web-Related-Products-Natus-Keypoint-Focus-laptop-Needle-EMG-screen_WPI-500x400-1.jpg","medium_large-width":500,"medium_large-height":400,"large":"https:\/\/natus.com\/wp-content\/uploads\/Web-Related-Products-Natus-Keypoint-Focus-laptop-Needle-EMG-screen_WPI-500x400-1.jpg","large-width":500,"large-height":400,"1536x1536":"https:\/\/natus.com\/wp-content\/uploads\/Web-Related-Products-Natus-Keypoint-Focus-laptop-Needle-EMG-screen_WPI-500x400-1.jpg","1536x1536-width":500,"1536x1536-height":400,"2048x2048":"https:\/\/natus.com\/wp-content\/uploads\/Web-Related-Products-Natus-Keypoint-Focus-laptop-Needle-EMG-screen_WPI-500x400-1.jpg","2048x2048-width":500,"2048x2048-height":400}},"title":"Sistema Keypoint\u00ae Focus EMG \/ NCS \/ EP","link":{"type":"post","value":"8672","url":"https:\/\/natus.com\/es\/neuro\/sistema-keypoint-focus-emg-ncs-ep\/","name":"Sistema Keypoint\u00ae Focus EMG\/NCS\/EP","title":"Saber M\u00e1s","target":""}},{"label":"","image":{"ID":3236,"id":3236,"title":"Dantec Keypoint G4 Related Product Image_500x400","filename":"Keypoint-G4-related-products-500x400-1-1.jpg","filesize":317492,"url":"https:\/\/natus.com\/wp-content\/uploads\/Keypoint-G4-related-products-500x400-1-1.jpg","link":"https:\/\/natus.com\/es\/neuro\/sistema-keypoint-focus-emg-ncs-ep\/dantec-keypoint-g4-related-product-image_500x400-2\/","alt":"Keypoint G4","author":"2","description":"","caption":"","name":"dantec-keypoint-g4-related-product-image_500x400-2","status":"inherit","uploaded_to":8672,"date":"2023-09-11 21:20:24","modified":"2024-07-30 19:18:42","menu_order":0,"mime_type":"image\/png","type":"image","subtype":"png","icon":"https:\/\/natus.com\/wp-includes\/images\/media\/default.png","width":500,"height":400,"sizes":{"thumbnail":"https:\/\/natus.com\/wp-content\/uploads\/Keypoint-G4-related-products-500x400-1-1.jpg","thumbnail-width":120,"thumbnail-height":96,"medium":"https:\/\/natus.com\/wp-content\/uploads\/Keypoint-G4-related-products-500x400-1-1.jpg","medium-width":500,"medium-height":400,"medium_large":"https:\/\/natus.com\/wp-content\/uploads\/Keypoint-G4-related-products-500x400-1-1.jpg","medium_large-width":500,"medium_large-height":400,"large":"https:\/\/natus.com\/wp-content\/uploads\/Keypoint-G4-related-products-500x400-1-1.jpg","large-width":500,"large-height":400,"1536x1536":"https:\/\/natus.com\/wp-content\/uploads\/Keypoint-G4-related-products-500x400-1-1.jpg","1536x1536-width":500,"1536x1536-height":400,"2048x2048":"https:\/\/natus.com\/wp-content\/uploads\/Keypoint-G4-related-products-500x400-1-1.jpg","2048x2048-width":500,"2048x2048-height":400}},"title":"Keypoint\u00ae G4 EMG \/ NCS \/ EP Workstation","link":{"type":"post","value":"8669","url":"https:\/\/natus.com\/es\/neuro\/sistema-keypoint-g4-emg-ncs-ep\/","name":"Sistema Keypoint\u00ae G4 EMG\/NCS\/EP","title":"Saber M\u00e1s","target":""}},{"label":"","image":{"ID":6410,"id":6410,"title":"NEUROWERK EMG Related Product Photo - 500x400","filename":"Neurowerk-2-Realted-Product-Photo-500x400-1.png","filesize":136868,"url":"https:\/\/natus.com\/wp-content\/uploads\/Neurowerk-2-Realted-Product-Photo-500x400-1.png","link":"https:\/\/natus.com\/es\/neuro\/neurowerk-emg-related-product-photo-500x400-2\/","alt":"Neurowerk 2","author":"2","description":"","caption":"","name":"neurowerk-emg-related-product-photo-500x400-2","status":"inherit","uploaded_to":10464,"date":"2023-09-22 00:56:23","modified":"2024-07-30 19:19:04","menu_order":0,"mime_type":"image\/png","type":"image","subtype":"png","icon":"https:\/\/natus.com\/wp-includes\/images\/media\/default.png","width":500,"height":400,"sizes":{"thumbnail":"https:\/\/natus.com\/wp-content\/uploads\/Neurowerk-2-Realted-Product-Photo-500x400-1.png","thumbnail-width":120,"thumbnail-height":96,"medium":"https:\/\/natus.com\/wp-content\/uploads\/Neurowerk-2-Realted-Product-Photo-500x400-1.png","medium-width":500,"medium-height":400,"medium_large":"https:\/\/natus.com\/wp-content\/uploads\/Neurowerk-2-Realted-Product-Photo-500x400-1.png","medium_large-width":500,"medium_large-height":400,"large":"https:\/\/natus.com\/wp-content\/uploads\/Neurowerk-2-Realted-Product-Photo-500x400-1.png","large-width":500,"large-height":400,"1536x1536":"https:\/\/natus.com\/wp-content\/uploads\/Neurowerk-2-Realted-Product-Photo-500x400-1.png","1536x1536-width":500,"1536x1536-height":400,"2048x2048":"https:\/\/natus.com\/wp-content\/uploads\/Neurowerk-2-Realted-Product-Photo-500x400-1.png","2048x2048-width":500,"2048x2048-height":400}},"title":"NEUROWERK\u00ae EMG","link":{"type":"post","value":"8663","url":"https:\/\/natus.com\/es\/neuro\/sistema-neurowerk-2-emg-ncs-ep\/","name":"Sistema NEUROWERK\u00ae 2 EMG\/NCS\/EP","title":"Saber M\u00e1s","target":""}}]}]}]}},{"acf_fc_layout":"contact","_acfe_flexible_layout_title":"Education","_acfe_flexible_toggle":"","left_image_right_content_single_cta_landing":{"module_options":{"":null,"module_id":"n6514e33657cfc","module_class":"","module_background_type":"color","module_background_color":"","module_background_image":false,"module_background_video":"","activate_custom_padding":false,"padding_top_desktop":"0","padding_top_tablet":"0","padding_top_mobile":"0","padding_bottom_desktop":"0","padding_bottom_tablet":"0","padding_bottom_mobile":"0","activate_custom_margin":false,"margin_top_desktop":"0","margin_top_tablet":"0","margin_top_mobile":"0","margin_bottom_desktop":"0","margin_bottom_tablet":"0","margin_bottom_mobile":"0","disable_on":[],"content_alignment_desktop":"left","content_alignment_tablet":"left","content_alignment_mobile":"left"},"":null,"image":{"ID":3847,"id":3847,"title":"NTA banner_800x450","filename":"NTA-banner_800x450.png","filesize":390422,"url":"https:\/\/natus.com\/wp-content\/uploads\/NTA-banner_800x450.png","link":"https:\/\/natus.com\/es\/neuro\/eeg-aeeg\/nta-banner_800x450-2\/","alt":"NTA Banner image","author":"2","description":"","caption":"","name":"nta-banner_800x450-2","status":"inherit","uploaded_to":11406,"date":"2023-09-13 17:16:26","modified":"2024-07-29 20:42:14","menu_order":0,"mime_type":"image\/png","type":"image","subtype":"png","icon":"https:\/\/natus.com\/wp-includes\/images\/media\/default.png","width":800,"height":450,"sizes":{"thumbnail":"https:\/\/natus.com\/wp-content\/uploads\/NTA-banner_800x450.png","thumbnail-width":128,"thumbnail-height":72,"medium":"https:\/\/natus.com\/wp-content\/uploads\/NTA-banner_800x450.png","medium-width":800,"medium-height":450,"medium_large":"https:\/\/natus.com\/wp-content\/uploads\/NTA-banner_800x450-768x432.png","medium_large-width":768,"medium_large-height":432,"large":"https:\/\/natus.com\/wp-content\/uploads\/NTA-banner_800x450.png","large-width":800,"large-height":450,"1536x1536":"https:\/\/natus.com\/wp-content\/uploads\/NTA-banner_800x450.png","1536x1536-width":800,"1536x1536-height":450,"2048x2048":"https:\/\/natus.com\/wp-content\/uploads\/NTA-banner_800x450.png","2048x2048-width":800,"2048x2048-height":450}},"activate_image_caption":false,"image_caption_icon":false,"image_caption_title":"","image_caption_description":"","label":"Educaci\u00f3n","title":"Neuro Training Academy","description":"<p><span class=\"NormalTextRun SCXW123054176 BCX0\">Si desea ampliar sus conocimientos cl\u00ednicos, mejorar sus habilidades o sacar el m\u00e1ximo partido a sus soluciones neurol\u00f3gicas de <\/span><span class=\"NormalTextRun SCXW123054176 BCX0\">Natus<\/span><span class=\"NormalTextRun SCXW123054176 BCX0\">, explore los recursos de nuestra Neuro Training <\/span><span class=\"NormalTextRun SCXW123054176 BCX0\">Academy<\/span><span class=\"NormalTextRun SCXW123054176 BCX0\">.<\/span> <span class=\"NormalTextRun SCXW123054176 BCX0\">Conozca los \u00faltimos avances cient\u00edficos y tecnol\u00f3gicos de la mano de los l\u00edderes en este campo para marcar la diferencia con sus pacientes.<\/span><\/p>\n","link":{"type":"url","value":"https:\/\/neuro-training.academy","url":"https:\/\/neuro-training.academy","name":"https:\/\/neuro-training.academy","title":"M\u00e1s informaci\u00f3n","target":"_blank"}}},{"acf_fc_layout":"contact","_acfe_flexible_toggle":"","left_image_right_content_single_cta_landing":{"module_options":{"":null,"module_id":"n6514e3365d29a","module_class":"","module_background_type":"color","module_background_color":"","module_background_image":false,"module_background_video":"","activate_custom_padding":false,"padding_top_desktop":"0","padding_top_tablet":"0","padding_top_mobile":"0","padding_bottom_desktop":"0","padding_bottom_tablet":"0","padding_bottom_mobile":"0","activate_custom_margin":false,"margin_top_desktop":"0","margin_top_tablet":"0","margin_top_mobile":"0","margin_bottom_desktop":"0","margin_bottom_tablet":"0","margin_bottom_mobile":"0","disable_on":[],"content_alignment_desktop":"left","content_alignment_tablet":"left","content_alignment_mobile":"left"},"":null,"image":{"ID":4241,"id":4241,"title":"Contact Us 800x450","filename":"Contact-Us-800x450-1.png","filesize":437541,"url":"https:\/\/natus.com\/wp-content\/uploads\/Contact-Us-800x450-1.png","link":"https:\/\/natus.com\/es\/neuro\/contact-us-800x450-2\/","alt":"Shaking Hands - Contact Us","author":"2","description":"","caption":"","name":"contact-us-800x450-2","status":"inherit","uploaded_to":10464,"date":"2023-09-14 17:35:31","modified":"2024-07-29 20:33:28","menu_order":0,"mime_type":"image\/png","type":"image","subtype":"png","icon":"https:\/\/natus.com\/wp-includes\/images\/media\/default.png","width":800,"height":450,"sizes":{"thumbnail":"https:\/\/natus.com\/wp-content\/uploads\/Contact-Us-800x450-1.png","thumbnail-width":128,"thumbnail-height":72,"medium":"https:\/\/natus.com\/wp-content\/uploads\/Contact-Us-800x450-1.png","medium-width":800,"medium-height":450,"medium_large":"https:\/\/natus.com\/wp-content\/uploads\/Contact-Us-800x450-1-768x432.png","medium_large-width":768,"medium_large-height":432,"large":"https:\/\/natus.com\/wp-content\/uploads\/Contact-Us-800x450-1.png","large-width":800,"large-height":450,"1536x1536":"https:\/\/natus.com\/wp-content\/uploads\/Contact-Us-800x450-1.png","1536x1536-width":800,"1536x1536-height":450,"2048x2048":"https:\/\/natus.com\/wp-content\/uploads\/Contact-Us-800x450-1.png","2048x2048-width":800,"2048x2048-height":450}},"activate_image_caption":false,"image_caption_icon":false,"image_caption_title":"","image_caption_description":"","label":"P\u00f3ngase en contacto con su representante de Natus Neuro","title":"\u00bfListo para comenzar su viaje con Natus?","description":"<p>Para obtener m\u00e1s informaci\u00f3n sobre cualquiera de nuestras soluciones neuronales l\u00edderes en el sector o sobre c\u00f3mo podemos ayudarle a mejorar sus capacidades de asistencia, p\u00f3ngase en contacto con un representante de Natus.<\/p>\n","link":{"type":"post","value":"8346","url":"https:\/\/natus.com\/es\/ubicaciones\/","name":"Ubicaciones","title":"P\u00f3ngase en contacto con nosotros","target":""}}}]},"_links":{"self":[{"href":"https:\/\/natus.com\/es\/wp-json\/wp\/v2\/pages\/9292","targetHints":{"allow":["GET"]}}],"collection":[{"href":"https:\/\/natus.com\/es\/wp-json\/wp\/v2\/pages"}],"about":[{"href":"https:\/\/natus.com\/es\/wp-json\/wp\/v2\/types\/page"}],"author":[{"embeddable":true,"href":"https:\/\/natus.com\/es\/wp-json\/wp\/v2\/users\/3"}],"replies":[{"embeddable":true,"href":"https:\/\/natus.com\/es\/wp-json\/wp\/v2\/comments?post=9292"}],"version-history":[{"count":4,"href":"https:\/\/natus.com\/es\/wp-json\/wp\/v2\/pages\/9292\/revisions"}],"predecessor-version":[{"id":20277,"href":"https:\/\/natus.com\/es\/wp-json\/wp\/v2\/pages\/9292\/revisions\/20277"}],"up":[{"embeddable":true,"href":"https:\/\/natus.com\/es\/wp-json\/wp\/v2\/pages\/9288"}],"wp:attachment":[{"href":"https:\/\/natus.com\/es\/wp-json\/wp\/v2\/media?parent=9292"}],"wp:term":[{"taxonomy":"category","embeddable":true,"href":"https:\/\/natus.com\/es\/wp-json\/wp\/v2\/categories?post=9292"},{"taxonomy":"post_tag","embeddable":true,"href":"https:\/\/natus.com\/es\/wp-json\/wp\/v2\/tags?post=9292"}],"curies":[{"name":"wp","href":"https:\/\/api.w.org\/{rel}","templated":true}]}}