{"id":9419,"date":"2023-09-08T15:09:55","date_gmt":"2023-09-08T15:09:55","guid":{"rendered":"https:\/\/natus.com\/natus-brain-monitor-eeg-amplifier\/"},"modified":"2025-12-01T21:11:40","modified_gmt":"2025-12-01T21:11:40","slug":"amplificador-eeg-natus-brain-monitor","status":"publish","type":"page","link":"https:\/\/natus.com\/es\/neuro\/amplificador-eeg-natus-brain-monitor\/","title":{"rendered":"Amplificador de EEG Natus\u00ae Brain Monitor"},"content":{"rendered":"","protected":false},"excerpt":{"rendered":"","protected":false},"author":2,"featured_media":0,"parent":10464,"menu_order":0,"comment_status":"closed","ping_status":"closed","template":"templates\/page-neuro-solutions-product-landing.php","meta":{"_acf_changed":false,"footnotes":""},"categories":[162],"tags":[269,227,236],"class_list":["post-9419","page","type-page","status-publish","hentry","category-electroencefalografia-eeg-aeeg-es","tag-eeg-rutina-es","tag-eeg-uci-es","tag-monitorizacion-uci-es"],"acf":{"content_blocks":[{"acf_fc_layout":"spacer","_acfe_flexible_layout_title":null,"_acfe_flexible_toggle":null,"spacer":{"module_options":{"":null,"module_id":"n6514e87cedd36","module_class":"","module_background_type":"color","module_background_color":"#00aaa7","module_background_image":false,"module_background_video":"","activate_custom_padding":false,"padding_top_desktop":"0","padding_top_tablet":"0","padding_top_mobile":"0","padding_bottom_desktop":"0","padding_bottom_tablet":"0","padding_bottom_mobile":"0","activate_custom_margin":false,"margin_top_desktop":"0","margin_top_tablet":"0","margin_top_mobile":"0","margin_bottom_desktop":"0","margin_bottom_tablet":"0","margin_bottom_mobile":"0","disable_on":[],"content_alignment_desktop":"left","content_alignment_tablet":"left","content_alignment_mobile":"left"},"height":"270"}},{"acf_fc_layout":"intro_with_sticky_image","_acfe_flexible_layout_title":null,"_acfe_flexible_toggle":null,"left_content_right_image_sticky":{"module_options":{"":null,"module_id":"n6514e87d00aeb","module_class":"","module_background_type":"color","module_background_color":"#f1f1f1","module_background_image":false,"module_background_video":"","activate_custom_padding":false,"padding_top_desktop":"0","padding_top_tablet":"0","padding_top_mobile":"0","padding_bottom_desktop":"0","padding_bottom_tablet":"0","padding_bottom_mobile":"0","activate_custom_margin":false,"margin_top_desktop":"0","margin_top_tablet":"0","margin_top_mobile":"0","margin_bottom_desktop":"0","margin_bottom_tablet":"0","margin_bottom_mobile":"0","disable_on":[],"content_alignment_desktop":"left","content_alignment_tablet":"left","content_alignment_mobile":"left"},"":null,"title":"Amplificador de EEG Natus<sup>\u00ae<\/sup>","subheader":"<p>Natus Brain Monitor es el amplificador m\u00e1s avanzado para estudios de EEG, monitorizaci\u00f3n a largo plazo y de UCI. Gracias a velocidades de muestreo m\u00e1s altas, mayor ancho de banda de se\u00f1al y entradas configurables adicionales lo convierten en el amplificador perfecto para cualquier entorno de cl\u00ednica incluidos EEG, LTM y UCI.<\/p>\n<p>El Natus Brain Monitor dispone de 64 canales referenciales para estudios de EEG intracraneales y de contacto con el cuero cabelludo. Al utilizar la misma base que el amplificador Natus Quantum permite la conversi\u00f3n sencilla de la configuraci\u00f3n entre registros del cuero cabelludo con Natus Brain Monitor y estudios intracreaneales con Natus Quantum.<\/p>\n<p>\u00a0<\/p>\n<p><strong>Caracter\u00edsticas principales:<\/strong><\/p>\n<ul>\n<li>Hasta 64 canales de CA (40 de referencia y 24 configurables como de referencia\/diferenciales)<\/li>\n<li>Hasta 16 canales de CC (12 en la unidad base de Natus y 4 en la caja de conexiones de Brain Monitor)<\/li>\n<li>Velocidad de muestreo de hasta 4 kHz<\/li>\n<li>Ox\u00edmetro de pulso integrado<\/li>\n<li>Pantalla t\u00e1ctil en unidad base con interacci\u00f3n en tiempo real con estudios en curso<\/li>\n<li>Comprobaci\u00f3n instant\u00e1nea de la impedancia de los electrodos utilizando la pantalla t\u00e1ctil integrada<\/li>\n<li>Biocalibraciones disponibles al pie de la cama del paciente<\/li>\n<li>El poco peso de la caja de conexiones ayuda a ofrecer una gran movilidad al paciente<\/li>\n<li>Activador de 8 bits integrado para sincronizar eventos externos<\/li>\n<li>Unidad base compatible con Natus Quantum y EMU40EX<\/li>\n<li>Luz de noche incorporada<\/li>\n<li>El ruido se minimiza con la ayuda de un convertidor de A\/D integrado que digitaliza los datos al lado del paciente<\/li>\n<li>Disponible en configuraciones de montaje sobre carro o pared<\/li>\n<\/ul>\n<p><span style=\"font-size: 12px;\">Se necesita NeuroWorks 9.0 o posterior. No disponible en todos los pa\u00edses. P\u00f3ngase en contacto con su representante de ventas local para conocer la disponibilidad.<\/span><\/p>\n","icons":[{"icon":{"ID":2247,"id":2247,"title":"icon-channels","filename":"icon-channels.png","filesize":1062,"url":"https:\/\/natus.com\/wp-content\/uploads\/icon-channels.png","link":"https:\/\/natus.com\/es\/neuro\/icon-channels-2\/","alt":"Icon - Channels","author":"2","description":"","caption":"","name":"icon-channels-2","status":"inherit","uploaded_to":10464,"date":"2023-09-07 23:18:48","modified":"2024-07-29 21:18:55","menu_order":0,"mime_type":"image\/png","type":"image","subtype":"png","icon":"https:\/\/natus.com\/wp-includes\/images\/media\/default.png","width":58,"height":43,"sizes":{"thumbnail":"https:\/\/natus.com\/wp-content\/uploads\/icon-channels.png","thumbnail-width":58,"thumbnail-height":43,"medium":"https:\/\/natus.com\/wp-content\/uploads\/icon-channels.png","medium-width":58,"medium-height":43,"medium_large":"https:\/\/natus.com\/wp-content\/uploads\/icon-channels.png","medium_large-width":58,"medium_large-height":43,"large":"https:\/\/natus.com\/wp-content\/uploads\/icon-channels.png","large-width":58,"large-height":43,"1536x1536":"https:\/\/natus.com\/wp-content\/uploads\/icon-channels.png","1536x1536-width":58,"1536x1536-height":43,"2048x2048":"https:\/\/natus.com\/wp-content\/uploads\/icon-channels.png","2048x2048-width":58,"2048x2048-height":43}},"icon_description":"64<br \/>\r\nCanales "},{"icon":{"ID":2252,"id":2252,"title":"icon-rate","filename":"icon-rate.png","filesize":2246,"url":"https:\/\/natus.com\/wp-content\/uploads\/icon-rate.png","link":"https:\/\/natus.com\/es\/neuro\/icon-rate-2\/","alt":"Icon - Rate","author":"2","description":"","caption":"","name":"icon-rate-2","status":"inherit","uploaded_to":10464,"date":"2023-09-07 23:19:56","modified":"2024-07-29 21:18:51","menu_order":0,"mime_type":"image\/png","type":"image","subtype":"png","icon":"https:\/\/natus.com\/wp-includes\/images\/media\/default.png","width":61,"height":46,"sizes":{"thumbnail":"https:\/\/natus.com\/wp-content\/uploads\/icon-rate.png","thumbnail-width":61,"thumbnail-height":46,"medium":"https:\/\/natus.com\/wp-content\/uploads\/icon-rate.png","medium-width":61,"medium-height":46,"medium_large":"https:\/\/natus.com\/wp-content\/uploads\/icon-rate.png","medium_large-width":61,"medium_large-height":46,"large":"https:\/\/natus.com\/wp-content\/uploads\/icon-rate.png","large-width":61,"large-height":46,"1536x1536":"https:\/\/natus.com\/wp-content\/uploads\/icon-rate.png","1536x1536-width":61,"1536x1536-height":46,"2048x2048":"https:\/\/natus.com\/wp-content\/uploads\/icon-rate.png","2048x2048-width":61,"2048x2048-height":46}},"icon_description":"Velocidad De <br \/>\r\nMuestreo De <br \/>\r\n4 kHz"}],"quick_navigation":[{"quick_link":{"type":"url","value":"#contact-neuro","url":"#contact-neuro","name":"#contact-neuro","title":"Contactarnos","target":""}},{"quick_link":{"type":"url","value":"#n6514e87d12389","url":"#n6514e87d12389","name":"#n6514e87d12389","title":"Explore m\u00e1s detalles","target":""}}],"description":"","message_label":"Servicio y Soporte","message_title":"\u00bfBusca un servicio de neuro productos o asistencia t\u00e9cnica?","message_link":{"type":"post","value":"8369","url":"https:\/\/natus.com\/es\/soporte\/","name":"Servicio y Soporte","title":"Servicio y Soporte de Natus","target":""},"right_sticky_image":{"ID":5021,"id":5021,"title":"Natus Brain Monitor Amp Main Product Photo - 500x850","filename":"Brain-Monitor_Main-Image.png","filesize":297426,"url":"https:\/\/natus.com\/wp-content\/uploads\/Brain-Monitor_Main-Image.png","link":"https:\/\/natus.com\/es\/neuro\/amplificador-eeg-natus-brain-monitor\/natus-brain-monitor-amp-main-product-photo-500x850-2\/","alt":"Natus\u00ae Brain Monitor EEG Amplifier","author":"2","description":"","caption":"","name":"natus-brain-monitor-amp-main-product-photo-500x850-2","status":"inherit","uploaded_to":9419,"date":"2023-09-18 15:37:55","modified":"2024-07-26 18:59:40","menu_order":0,"mime_type":"image\/png","type":"image","subtype":"png","icon":"https:\/\/natus.com\/wp-includes\/images\/media\/default.png","width":500,"height":850,"sizes":{"thumbnail":"https:\/\/natus.com\/wp-content\/uploads\/Brain-Monitor_Main-Image.png","thumbnail-width":56,"thumbnail-height":96,"medium":"https:\/\/natus.com\/wp-content\/uploads\/Brain-Monitor_Main-Image.png","medium-width":500,"medium-height":850,"medium_large":"https:\/\/natus.com\/wp-content\/uploads\/Brain-Monitor_Main-Image.png","medium_large-width":500,"medium_large-height":850,"large":"https:\/\/natus.com\/wp-content\/uploads\/Brain-Monitor_Main-Image.png","large-width":500,"large-height":850,"1536x1536":"https:\/\/natus.com\/wp-content\/uploads\/Brain-Monitor_Main-Image.png","1536x1536-width":500,"1536x1536-height":850,"2048x2048":"https:\/\/natus.com\/wp-content\/uploads\/Brain-Monitor_Main-Image.png","2048x2048-width":500,"2048x2048-height":850}}}},{"acf_fc_layout":"product_information","_acfe_flexible_layout_title":null,"_acfe_flexible_toggle":null,"left_accordion_right_image_landing":{"module_options":{"":null,"module_id":"n6514e87d12389","module_class":"","module_background_type":"color","module_background_color":"#f1f1f1","module_background_image":false,"module_background_video":"","activate_custom_padding":false,"padding_top_desktop":"0","padding_top_tablet":"0","padding_top_mobile":"0","padding_bottom_desktop":"0","padding_bottom_tablet":"0","padding_bottom_mobile":"0","activate_custom_margin":false,"margin_top_desktop":"0","margin_top_tablet":"0","margin_top_mobile":"0","margin_bottom_desktop":"0","margin_bottom_tablet":"0","margin_bottom_mobile":"0","disable_on":[],"content_alignment_desktop":"left","content_alignment_tablet":"left","content_alignment_mobile":"left"},"intro":"Informaci\u00f3n del Producto","description":"","accordion":[{"title":"Software","accordion_content":[{"acf_fc_layout":"full_content","accordion_description":"<p><a href=\"https:\/\/natus.com\/es\/neuro\/neuroworks-eeg-software\/\">El software NeuroWorks EEG<\/a> de Natus simplifica el proceso de recopilaci\u00f3n, supervisi\u00f3n, tendencias y gesti\u00f3n de los datos de las pruebas de EEG, lo que permite a los profesionales sanitarios ahorrar tiempo y centrarse en ofrecer la mejor atenci\u00f3n.<\/p>\n<p>NeuroWorks, la plataforma de EEG en la que conf\u00edan m\u00e1s sistemas sanitarios y peque\u00f1os consultorios de todo el mundo, ha demostrado su fiabilidad en entornos cl\u00ednicos como las pruebas de EEG rutinarias, el EEG ambulatorio, la monitorizaci\u00f3n a largo plazo (LTM), la monitorizaci\u00f3n en UCI y los estudios de investigaci\u00f3n.<\/p>\n"}]},{"title":"Descargar Documentaci\u00f3n Sobre el Producto","accordion_content":[{"acf_fc_layout":"full_content","accordion_description":"<p><strong>Folleto del producto Natus NeuroWorks con Quantum, Brain Monitor, EMU40EX, y Trex HDM<\/strong><br \/>\n<a href=\"https:\/\/partner.natus.com\/m\/20ec46d568b7b45a\/original\/Natus-NeuroWorks-with-Quantum-Brain-Monitor-EMU40EX-EEG32U-Trex-Flyer.pdf\" target=\"_blank\" rel=\"noopener\">Ingl\u00e9s<\/a><br \/>\n<a href=\"https:\/\/natus.bynder.com\/m\/f3fc448ab9aab5c8\/original\/Natus-NeuroWorks-with-Quantum-Brain-Monitor-EMU40EX-EEG32U-Trex-Flyer.pdf\">Espa\u00f1ol<\/a><\/p>\n<p><strong>Folleto de soluciones para EEG de Natus NeuroWorks<\/strong><br \/>\n<a href=\"https:\/\/natus.bynder.com\/m\/39c501248902d32c\/original\/Natus-NeuroWorks-EEG-Solutions-with-Brain-Monitor-EEG32U-Brochure.pdf\" target=\"_blank\" rel=\"noopener\">Ingl\u00e9s<\/a><br \/>\n<a href=\"https:\/\/natus.bynder.com\/m\/b7c09d54354c2ae6\/original\/Natus-NeuroWorks-EEG-Solutions-with-Brain-Monitor-EEG32U-Brochure.pdf\" target=\"_blank\" rel=\"noopener\">Espa\u00f1ol<\/a><\/p>\n<p><strong>Folleto de soluciones para UCI de Natus NeuroWorks<\/strong><br \/>\n<a href=\"https:\/\/natus.bynder.com\/m\/d08eab22d7c135a2\/original\/Natus-NeuroWorks-ICU-with-Brain-Monitor-EMU40EX-Solutions-Brochure.pdf\" target=\"_blank\" rel=\"noopener\">Ingl\u00e9s<\/a><br \/>\n<a href=\"https:\/\/natus.bynder.com\/m\/9d86f95c062ce113\/original\/Natus-NeuroWorks-ICU-with-Brain-Monitor-EMU40EX-Solutions-Brochure.pdf\" target=\"_blank\" rel=\"noopener\">Espa\u00f1ol<\/a><\/p>\n"}]},{"title":"Suministros","accordion_content":[{"acf_fc_layout":"full_content","accordion_description":"<p>Natus ofrece una l\u00ednea completa de suministros para satisfacer todas sus necesidades de EEG.<\/p>\n<p><img loading=\"lazy\" decoding=\"async\" class=\"alignleft size-full wp-image-3991\" src=\"https:\/\/natus.com\/wp-content\/uploads\/EEG-Supplies_500w.png\" alt=\"\" width=\"500\" height=\"293\" \/><\/p>\n<ul>\n<li>Electrodos de copa de EGG reutilizables Genuine Grass<sup>\u00ae<\/sup><\/li>\n<li>Electrodos de copa de EEG estampados reutilizables Grass<\/li>\n<li>Electrodos de copa honda y copa de EEG desechables Grass<\/li>\n<li>Gorros para la cabeza originales\u00a0<strong>wave<\/strong>guard<sup>\u2122<\/sup><\/li>\n<li>Gorros para la cabeza\u00a0<strong>wave<\/strong>guard connect<\/li>\n<li>Productos que se aplican con los electrodos<\/li>\n<li>C\u00f3modo portal en l\u00ednea &#8211; <a href=\"https:\/\/natusmedicalstore.com\/\">Natus Medical Store<\/a> (disponible en algunos mercados)<\/li>\n<\/ul>\n"}]}],"image_left":false}},{"acf_fc_layout":"related_products","_acfe_flexible_layout_title":null,"_acfe_flexible_toggle":null,"tiles_3_columns_landing":{"module_options":{"":null,"module_id":"n6514e87d1bd86","module_class":"","module_background_type":"color","module_background_color":"#f1f1f1","module_background_image":false,"module_background_video":"","activate_custom_padding":false,"padding_top_desktop":"0","padding_top_tablet":"0","padding_top_mobile":"0","padding_bottom_desktop":"0","padding_bottom_tablet":"0","padding_bottom_mobile":"0","activate_custom_margin":false,"margin_top_desktop":"0","margin_top_tablet":"0","margin_top_mobile":"0","margin_bottom_desktop":"0","margin_bottom_tablet":"0","margin_bottom_mobile":"0","disable_on":[],"content_alignment_desktop":"left","content_alignment_tablet":"left","content_alignment_mobile":"left"},"intro_text":"Productos Neuro Relacionados","intro_text_color":"#005e63","intro_link":{"type":"post","value":"8356","url":"https:\/\/natus.com\/es\/productos-neuro\/","name":"Productos Neuro","title":"Ver todos los productos Neuro","target":""},"tiles":[{"label":"Monitorizaci\u00f3n de larga duraci\u00f3n (LTM)","label_background_color":"#154284","image":{"ID":4227,"id":4227,"title":"Quantum LTM Related Product Photo - 500x400","filename":"Quantum-main-image-10-16-B.png","filesize":169525,"url":"https:\/\/natus.com\/wp-content\/uploads\/Quantum-main-image-10-16-B.png","link":"https:\/\/natus.com\/es\/neuro\/neuroworks-eeg-software\/quantum-ltm-related-product-photo-500x400-2\/","alt":"Quantum LTM","author":"2","description":"","caption":"","name":"quantum-ltm-related-product-photo-500x400-2","status":"inherit","uploaded_to":9424,"date":"2023-09-14 15:28:51","modified":"2024-07-29 20:33:52","menu_order":0,"mime_type":"image\/png","type":"image","subtype":"png","icon":"https:\/\/natus.com\/wp-includes\/images\/media\/default.png","width":500,"height":400,"sizes":{"thumbnail":"https:\/\/natus.com\/wp-content\/uploads\/Quantum-main-image-10-16-B.png","thumbnail-width":120,"thumbnail-height":96,"medium":"https:\/\/natus.com\/wp-content\/uploads\/Quantum-main-image-10-16-B.png","medium-width":500,"medium-height":400,"medium_large":"https:\/\/natus.com\/wp-content\/uploads\/Quantum-main-image-10-16-B.png","medium_large-width":500,"medium_large-height":400,"large":"https:\/\/natus.com\/wp-content\/uploads\/Quantum-main-image-10-16-B.png","large-width":500,"large-height":400,"1536x1536":"https:\/\/natus.com\/wp-content\/uploads\/Quantum-main-image-10-16-B.png","1536x1536-width":500,"1536x1536-height":400,"2048x2048":"https:\/\/natus.com\/wp-content\/uploads\/Quantum-main-image-10-16-B.png","2048x2048-width":500,"2048x2048-height":400}},"title":"Amplificador LTM Natus\u00ae Quantum\u00ae ","link":{"type":"post","value":"9488","url":"https:\/\/natus.com\/es\/neuro\/amplificador-ltm-natus-quantum\/","name":"Amplificador LTM Natus\u00ae Quantum\u00ae","title":"Saber M\u00e1s","target":"_blank"}},{"label":" Software de EEG","label_background_color":"#154284","image":{"ID":4269,"id":4269,"title":"NeuroWorks Related Product Photo - 500x400","filename":"Neuroworks-10-Related-Product-Photo-500x400-1.png","filesize":211965,"url":"https:\/\/natus.com\/wp-content\/uploads\/Neuroworks-10-Related-Product-Photo-500x400-1.png","link":"https:\/\/natus.com\/es\/neuro\/sistema-eeg-ambulatorio-video-continuo-trex-hd\/neuroworks-related-product-photo-500x400-2\/","alt":"","author":"2","description":"","caption":"","name":"neuroworks-related-product-photo-500x400-2","status":"inherit","uploaded_to":9774,"date":"2023-09-14 18:10:52","modified":"2023-09-28 20:13:16","menu_order":0,"mime_type":"image\/png","type":"image","subtype":"png","icon":"https:\/\/natus.com\/wp-includes\/images\/media\/default.png","width":500,"height":400,"sizes":{"thumbnail":"https:\/\/natus.com\/wp-content\/uploads\/Neuroworks-10-Related-Product-Photo-500x400-1.png","thumbnail-width":120,"thumbnail-height":96,"medium":"https:\/\/natus.com\/wp-content\/uploads\/Neuroworks-10-Related-Product-Photo-500x400-1.png","medium-width":500,"medium-height":400,"medium_large":"https:\/\/natus.com\/wp-content\/uploads\/Neuroworks-10-Related-Product-Photo-500x400-1.png","medium_large-width":500,"medium_large-height":400,"large":"https:\/\/natus.com\/wp-content\/uploads\/Neuroworks-10-Related-Product-Photo-500x400-1.png","large-width":500,"large-height":400,"1536x1536":"https:\/\/natus.com\/wp-content\/uploads\/Neuroworks-10-Related-Product-Photo-500x400-1.png","1536x1536-width":500,"1536x1536-height":400,"2048x2048":"https:\/\/natus.com\/wp-content\/uploads\/Neuroworks-10-Related-Product-Photo-500x400-1.png","2048x2048-width":500,"2048x2048-height":400}},"title":"Software de EEG Natus\u00ae NeuroWorks\u00ae","link":{"type":"post","value":"9424","url":"https:\/\/natus.com\/es\/neuro\/neuroworks-eeg-software\/","name":"Software de EEG Natus\u00ae NeuroWorks\u00ae","title":"Saber M\u00e1s","target":"_blank"}},{"label":"Monitorizaci\u00f3n de larga duraci\u00f3n (LTM)","label_background_color":"#154284","image":{"ID":4557,"id":4557,"title":"EMU40EX Related Product Photo -500x400","filename":"EMU40-related-product-500x400-1.png","filesize":191407,"url":"https:\/\/natus.com\/wp-content\/uploads\/EMU40-related-product-500x400-1.png","link":"https:\/\/natus.com\/es\/neuro\/amplificador-ltm-natus-quantum\/emu40ex-related-product-photo-500x400-2\/","alt":"Natus\u00ae Quantum\u00ae LTM Amplifier","author":"2","description":"","caption":"","name":"emu40ex-related-product-photo-500x400-2","status":"inherit","uploaded_to":9488,"date":"2023-09-15 01:09:52","modified":"2025-11-14 21:18:44","menu_order":0,"mime_type":"image\/png","type":"image","subtype":"png","icon":"https:\/\/natus.com\/wp-includes\/images\/media\/default.png","width":500,"height":400,"sizes":{"thumbnail":"https:\/\/natus.com\/wp-content\/uploads\/EMU40-related-product-500x400-1.png","thumbnail-width":120,"thumbnail-height":96,"medium":"https:\/\/natus.com\/wp-content\/uploads\/EMU40-related-product-500x400-1.png","medium-width":500,"medium-height":400,"medium_large":"https:\/\/natus.com\/wp-content\/uploads\/EMU40-related-product-500x400-1.png","medium_large-width":500,"medium_large-height":400,"large":"https:\/\/natus.com\/wp-content\/uploads\/EMU40-related-product-500x400-1.png","large-width":500,"large-height":400,"1536x1536":"https:\/\/natus.com\/wp-content\/uploads\/EMU40-related-product-500x400-1.png","1536x1536-width":500,"1536x1536-height":400,"2048x2048":"https:\/\/natus.com\/wp-content\/uploads\/EMU40-related-product-500x400-1.png","2048x2048-width":500,"2048x2048-height":400}},"title":"Amplificador LTM inal\u00e1mbrico Natus\u00ae EMU40EX\u2122","link":{"type":"post","value":"9482","url":"https:\/\/natus.com\/es\/neuro\/amplificador-ltm-inalambrico-natus-emu40ex\/","name":"Amplificador LTM inal\u00e1mbrico Natus\u00ae EMU40EX\u2122","title":"Saber M\u00e1s","target":"_blank"}}]}},{"acf_fc_layout":"contact_form","_acfe_flexible_layout_title":null,"_acfe_flexible_toggle":null,"contact_form_landing":{"module_options":{"":null,"module_id":"contact-neuro","module_class":"","module_background_type":"color","module_background_color":"#f1f1f1","module_background_image":false,"module_background_video":"","activate_custom_padding":false,"padding_top_desktop":"0","padding_top_tablet":"0","padding_top_mobile":"0","padding_bottom_desktop":"0","padding_bottom_tablet":"0","padding_bottom_mobile":"0","activate_custom_margin":false,"margin_top_desktop":"0","margin_top_tablet":"0","margin_top_mobile":"0","margin_bottom_desktop":"0","margin_bottom_tablet":"0","margin_bottom_mobile":"0","disable_on":[],"content_alignment_desktop":"left","content_alignment_tablet":"left","content_alignment_mobile":"left"},"":null,"activate_intro":true,"intro_text":"P\u00f3ngase en contacto con su representante Natus","intro_text_color":"#005e63","intro_link":null,"activate_description":true,"description_title":"","description_copy":"Para obtener m\u00e1s informaci\u00f3n sobre este o cualquier producto, env\u00edenos un mensaje a trav\u00e9s del siguiente formulario.","embed_code":"<script charset=\"utf-8\" type=\"text\/javascript\" src=\"\/\/js.hsforms.net\/forms\/embed\/v2.js\"><\/script>\r\n<script>\r\n  hbspt.forms.create({\r\n    region: \"na1\",\r\n    portalId: \"3002890\",\r\n    formId: \"19994ddf-5157-44b4-99ac-309f46ef293a\"\r\n  });\r\n<\/script>"}},{"acf_fc_layout":"simple_content","_acfe_flexible_layout_title":null,"_acfe_flexible_toggle":null,"content_full_width_landing":{"module_options":{"":null,"module_id":"n6514e87d2c178","module_class":"","module_background_type":"color","module_background_color":"","module_background_image":false,"module_background_video":"","activate_custom_padding":false,"padding_top_desktop":"0","padding_top_tablet":"0","padding_top_mobile":"0","padding_bottom_desktop":"0","padding_bottom_tablet":"0","padding_bottom_mobile":"0","activate_custom_margin":false,"margin_top_desktop":"0","margin_top_tablet":"0","margin_top_mobile":"0","margin_bottom_desktop":"0","margin_bottom_tablet":"0","margin_bottom_mobile":"0","disable_on":[],"content_alignment_desktop":"left","content_alignment_tablet":"left","content_alignment_mobile":"left"},"content":"<p><span style=\"font-size: 11px;\">034903 RevC<\/span><\/p>\n"}}],"schema_markup":[{"acf_fc_layout":"schema_markup_product","_acfe_flexible_layout_title":null,"_acfe_flexible_toggle":null,"schema_markup_product":{"enable_schema":true,"":null,"device_name":"Amplificador de EEG Natus\u00ae Brain Monitor","device_image":"https:\/\/natus.com\/wp-content\/uploads\/Natus-Brain-monitor_315px.png","device_desc":"Natus Brain Monitor es el amplificador m\u00e1s avanzado para estudios de EEG, monitorizaci\u00f3n a largo plazo y de UCI.","device_purpose":"","manufacturer_name":"Natus Medical Incorporated","manufacturer_url":"https:\/\/natus.com","brand_name":"Natus","page_url":"https:\/\/natus.com\/es\/neuro\/amplificador-eeg-natus-brain-monitor\/","in_language":"es","medical_specialty":["Neurologic"]}}]},"_links":{"self":[{"href":"https:\/\/natus.com\/es\/wp-json\/wp\/v2\/pages\/9419","targetHints":{"allow":["GET"]}}],"collection":[{"href":"https:\/\/natus.com\/es\/wp-json\/wp\/v2\/pages"}],"about":[{"href":"https:\/\/natus.com\/es\/wp-json\/wp\/v2\/types\/page"}],"author":[{"embeddable":true,"href":"https:\/\/natus.com\/es\/wp-json\/wp\/v2\/users\/2"}],"replies":[{"embeddable":true,"href":"https:\/\/natus.com\/es\/wp-json\/wp\/v2\/comments?post=9419"}],"version-history":[{"count":10,"href":"https:\/\/natus.com\/es\/wp-json\/wp\/v2\/pages\/9419\/revisions"}],"predecessor-version":[{"id":25546,"href":"https:\/\/natus.com\/es\/wp-json\/wp\/v2\/pages\/9419\/revisions\/25546"}],"up":[{"embeddable":true,"href":"https:\/\/natus.com\/es\/wp-json\/wp\/v2\/pages\/10464"}],"wp:attachment":[{"href":"https:\/\/natus.com\/es\/wp-json\/wp\/v2\/media?parent=9419"}],"wp:term":[{"taxonomy":"category","embeddable":true,"href":"https:\/\/natus.com\/es\/wp-json\/wp\/v2\/categories?post=9419"},{"taxonomy":"post_tag","embeddable":true,"href":"https:\/\/natus.com\/es\/wp-json\/wp\/v2\/tags?post=9419"}],"curies":[{"name":"wp","href":"https:\/\/api.w.org\/{rel}","templated":true}]}}