{"id":9482,"date":"2023-09-05T17:48:34","date_gmt":"2023-09-05T17:48:34","guid":{"rendered":"https:\/\/natus.com\/emu40ex-ltm-amplifier\/"},"modified":"2025-11-25T20:09:15","modified_gmt":"2025-11-25T20:09:15","slug":"amplificador-ltm-inalambrico-natus-emu40ex","status":"publish","type":"page","link":"https:\/\/natus.com\/es\/neuro\/amplificador-ltm-inalambrico-natus-emu40ex\/","title":{"rendered":"Amplificador LTM inal\u00e1mbrico Natus\u00ae EMU40EX\u2122"},"content":{"rendered":"","protected":false},"excerpt":{"rendered":"","protected":false},"author":2,"featured_media":0,"parent":10464,"menu_order":0,"comment_status":"closed","ping_status":"closed","template":"templates\/page-neuro-solutions-product-landing.php","meta":{"_acf_changed":false,"footnotes":""},"categories":[162],"tags":[250],"class_list":["post-9482","page","type-page","status-publish","hentry","category-electroencefalografia-eeg-aeeg-es","tag-ltm-es"],"acf":{"content_blocks":[{"acf_fc_layout":"spacer","_acfe_flexible_toggle":"","spacer":{"module_options":{"":null,"module_id":"n64babb6de86c1","module_class":"","module_background_type":"color","module_background_color":"#00aaa7","module_background_image":false,"module_background_video":"","activate_custom_padding":false,"padding_top_desktop":"0","padding_top_tablet":"0","padding_top_mobile":"0","padding_bottom_desktop":"0","padding_bottom_tablet":"0","padding_bottom_mobile":"0","activate_custom_margin":false,"margin_top_desktop":"0","margin_top_tablet":"0","margin_top_mobile":"0","margin_bottom_desktop":"0","margin_bottom_tablet":"0","margin_bottom_mobile":"0","disable_on":[],"content_alignment_desktop":"left","content_alignment_tablet":"left","content_alignment_mobile":"left"},"height":"270"}},{"acf_fc_layout":"intro_with_sticky_image","_acfe_flexible_toggle":"","left_content_right_image_sticky":{"module_options":{"":null,"module_id":"n64bfe3c147dc3","module_class":"","module_background_type":"color","module_background_color":"#f1f1f1","module_background_image":false,"module_background_video":"","activate_custom_padding":false,"padding_top_desktop":"0","padding_top_tablet":"0","padding_top_mobile":"0","padding_bottom_desktop":"0","padding_bottom_tablet":"0","padding_bottom_mobile":"0","activate_custom_margin":false,"margin_top_desktop":"0","margin_top_tablet":"0","margin_top_mobile":"0","margin_bottom_desktop":"0","margin_bottom_tablet":"0","margin_bottom_mobile":"0","disable_on":[],"content_alignment_desktop":"left","content_alignment_tablet":"left","content_alignment_mobile":"left"},"":null,"title":"Natus<sup>\u00ae<\/sup>  EMU40EX<sup>\u2122<\/sup> Wireless LTM Amplifier","subheader":"<p>La caja de conexiones compacta de Natus EMU40EX con capacidad inal\u00e1mbrica incorporada permite la supervisi\u00f3n de v\u00eddeo-EEG incluso cuando el paciente se desconecta de la unidad principal durante el cuidado rutinario diario. La conectividad inal\u00e1mbrica de mayor alcance no compromete la calidad de los datos gracias a su frecuencia de muestreo de 1 kHz. Los datos de EEG se registran en la memoria flash de la unidad port\u00e1til y se cargan cuando el paciente se conecta nuevamente.<\/p>\n<p>De esta forma, se garantiza que no haya p\u00e9rdida de datos ni que estos puedan quedar expuestos a peligros. La conexi\u00f3n Bluetooth de la caja de conexiones del paciente con la unidad base EMU40EX es estrictamente punto a punto. Los datos no pueden ser interceptados o recibidos por ning\u00fan otro dispositivo compatible con Bluetooth en el \u00e1rea.<\/p>\n<p><span style=\"font-size: 12px;\">No disponible en todos los pa\u00edses. P\u00f3ngase en contacto con su representante de ventas local para conocer la disponibilidad.<\/span><\/p>\n<p><strong>Robusto y fiable<\/strong><\/p>\n<p>Incluye electr\u00f3nica de estado s\u00f3lido reforzada; el EMU40EX se ha dise\u00f1ado para resistir el inevitable desgaste del d\u00eda a d\u00eda al que est\u00e1 expuesto un amplificador EEG. La caja de conexiones\u00a0del EMU40EX ligera y con el tama\u00f1o de la palma de la mano registra los datos directamente en un servidor central, la unidad de disco duro de una estaci\u00f3n local o su propia memoria flash interna.<\/p>\n<p>EMU40EX aporta la confianza de saber\u00a0que\u00a0los datos grabados permitir\u00e1n una interpretaci\u00f3n precisa. Las velocidades de muestro mejoradas (256, 512 o 1024 Hz) garantizan con uniformidad que EMU40EX proporciona un EEG de diagn\u00f3stico vanguardista. El EMU40EX es compatible con conexiones USB o TCP\/IP y puede funcionar sin contratiempos en cualquier arquitectura de red con direcciones est\u00e1ticas y DHCP. El EMU40EX combina calidad premium con flexibilidad y fiabilidad.<\/p>\n","icons":[{"icon":{"ID":2247,"id":2247,"title":"icon-channels","filename":"icon-channels.png","filesize":1062,"url":"https:\/\/natus.com\/wp-content\/uploads\/icon-channels.png","link":"https:\/\/natus.com\/es\/neuro\/icon-channels-2\/","alt":"Icon - Channels","author":"2","description":"","caption":"","name":"icon-channels-2","status":"inherit","uploaded_to":10464,"date":"2023-09-07 23:18:48","modified":"2024-07-29 21:18:55","menu_order":0,"mime_type":"image\/png","type":"image","subtype":"png","icon":"https:\/\/natus.com\/wp-includes\/images\/media\/default.png","width":58,"height":43,"sizes":{"thumbnail":"https:\/\/natus.com\/wp-content\/uploads\/icon-channels.png","thumbnail-width":58,"thumbnail-height":43,"medium":"https:\/\/natus.com\/wp-content\/uploads\/icon-channels.png","medium-width":58,"medium-height":43,"medium_large":"https:\/\/natus.com\/wp-content\/uploads\/icon-channels.png","medium_large-width":58,"medium_large-height":43,"large":"https:\/\/natus.com\/wp-content\/uploads\/icon-channels.png","large-width":58,"large-height":43,"1536x1536":"https:\/\/natus.com\/wp-content\/uploads\/icon-channels.png","1536x1536-width":58,"1536x1536-height":43,"2048x2048":"https:\/\/natus.com\/wp-content\/uploads\/icon-channels.png","2048x2048-width":58,"2048x2048-height":43}},"icon_description":"40 Canales <br \/>\r\nDe Referencia <br \/>\r\n+ 4 Cc"},{"icon":{"ID":2252,"id":2252,"title":"icon-rate","filename":"icon-rate.png","filesize":2246,"url":"https:\/\/natus.com\/wp-content\/uploads\/icon-rate.png","link":"https:\/\/natus.com\/es\/neuro\/icon-rate-2\/","alt":"Icon - Rate","author":"2","description":"","caption":"","name":"icon-rate-2","status":"inherit","uploaded_to":10464,"date":"2023-09-07 23:19:56","modified":"2024-07-29 21:18:51","menu_order":0,"mime_type":"image\/png","type":"image","subtype":"png","icon":"https:\/\/natus.com\/wp-includes\/images\/media\/default.png","width":61,"height":46,"sizes":{"thumbnail":"https:\/\/natus.com\/wp-content\/uploads\/icon-rate.png","thumbnail-width":61,"thumbnail-height":46,"medium":"https:\/\/natus.com\/wp-content\/uploads\/icon-rate.png","medium-width":61,"medium-height":46,"medium_large":"https:\/\/natus.com\/wp-content\/uploads\/icon-rate.png","medium_large-width":61,"medium_large-height":46,"large":"https:\/\/natus.com\/wp-content\/uploads\/icon-rate.png","large-width":61,"large-height":46,"1536x1536":"https:\/\/natus.com\/wp-content\/uploads\/icon-rate.png","1536x1536-width":61,"1536x1536-height":46,"2048x2048":"https:\/\/natus.com\/wp-content\/uploads\/icon-rate.png","2048x2048-width":61,"2048x2048-height":46}},"icon_description":"Velocidades de <br \/>\r\nMuestreo<br \/>\r\n1 kHz"},{"icon":{"ID":4695,"id":4695,"title":"icon-wireless","filename":"icon-wireless.png","filesize":1207,"url":"https:\/\/natus.com\/wp-content\/uploads\/icon-wireless.png","link":"https:\/\/natus.com\/es\/neuro\/amplificador-ltm-inalambrico-natus-emu40ex\/icon-wireless-2\/","alt":"Icon - Wireless","author":"2","description":"","caption":"","name":"icon-wireless-2","status":"inherit","uploaded_to":9482,"date":"2023-09-15 14:22:46","modified":"2024-07-29 20:20:25","menu_order":0,"mime_type":"image\/png","type":"image","subtype":"png","icon":"https:\/\/natus.com\/wp-includes\/images\/media\/default.png","width":47,"height":39,"sizes":{"thumbnail":"https:\/\/natus.com\/wp-content\/uploads\/icon-wireless.png","thumbnail-width":47,"thumbnail-height":39,"medium":"https:\/\/natus.com\/wp-content\/uploads\/icon-wireless.png","medium-width":47,"medium-height":39,"medium_large":"https:\/\/natus.com\/wp-content\/uploads\/icon-wireless.png","medium_large-width":47,"medium_large-height":39,"large":"https:\/\/natus.com\/wp-content\/uploads\/icon-wireless.png","large-width":47,"large-height":39,"1536x1536":"https:\/\/natus.com\/wp-content\/uploads\/icon-wireless.png","1536x1536-width":47,"1536x1536-height":39,"2048x2048":"https:\/\/natus.com\/wp-content\/uploads\/icon-wireless.png","2048x2048-width":47,"2048x2048-height":39}},"icon_description":"Inal\u00e1mbrico <br \/>\r\nCon Memoria <br \/>\r\nIntegrada"}],"quick_navigation":[{"quick_link":{"type":"url","value":"#contact-neuro","url":"#contact-neuro","name":"#contact-neuro","title":"Contactarnos ","target":""}},{"quick_link":{"type":"url","value":"#n64be98eed01eb","url":"#n64be98eed01eb","name":"#n64be98eed01eb","title":"Explore m\u00e1s detalles","target":""}}],"description":"<p>Dise\u00f1ado espec\u00edficamente para instalaciones con unidades de monitorizaci\u00f3n de la epilepsia (EMU), el EMU40EX tambi\u00e9n puede utilizarse para EEG cl\u00ednicos y algunos estudios de sue\u00f1o de laboratorio. Ofrece\u00a040 canales de CA claramente marcados que permiten colocar 10-20 electrodos. A trav\u00e9s del ox\u00edmetro integrado, hay disponibles canales para la saturaci\u00f3n del ox\u00edgeno y la frecuencia card\u00edaca. Adem\u00e1s, existen 4 canales de CC adicionales disponibles en la unidad base. Finalmente, una interfaz de fotoestimulador\u00a0y una interfaz de interruptor paciente-evento completan la funcionalidad de EEG.<\/p>\n<p>El EMU40EX resulta adecuado para una gran variedad de aplicaciones fijas y port\u00e1tiles. Puede adherirse a una pared o montarse a una gran variedad de carros, y\u00a0sus opciones de desconexi\u00f3n r\u00e1pida \u00fanicas permiten mover la unidad de una manera\u00a0sencilla y segura.<\/p>\n<p>Desde una gran variedad de entradas de canales a la monitorizaci\u00f3n inal\u00e1mbrica de rango extendido, este innovador amplificador dispone de todas las funciones que se necesitan para la monitorizaci\u00f3n cerebral en una EMU.<\/p>\n<p><strong>Caracter\u00edsticas principales:<\/strong><\/p>\n<ul>\n<li>Amplificador de 40 canales;\u00a04 CC, SpO<sub>2<\/sub><\/li>\n<li>Velocidades de muestreo: hasta 1024 Hz<\/li>\n<li>Inal\u00e1mbrico con memoria integrada<\/li>\n<li>Ancho de banda: De 0,1 Hz a 400 Hz<\/li>\n<li>Entrada de electrodo ergon\u00f3mica para optimizar la movilidad del paciente<\/li>\n<li>Su dise\u00f1o peque\u00f1o y de poco peso permite que el paciente pueda llevarlo consigo<\/li>\n<\/ul>\n","message_label":"Servicio y Soporte","message_title":"\u00bfBusca un servicio de neuro productos o asistencia t\u00e9cnica?","message_link":{"type":"post","value":"8369","url":"https:\/\/natus.com\/es\/soporte\/","name":"Servicio y Soporte","title":"Servicio y Soporte de Natus","target":""},"right_sticky_image":{"ID":4690,"id":4690,"title":"EMU40EX Main Product Photo - 500x850","filename":"EMU40_Main-Image.png","filesize":234365,"url":"https:\/\/natus.com\/wp-content\/uploads\/EMU40_Main-Image.png","link":"https:\/\/natus.com\/es\/neuro\/amplificador-ltm-inalambrico-natus-emu40ex\/emu40ex-main-product-photo-500x850-2\/","alt":"Natus\u00ae EMU40EX\u2122 Wireless LTM Amplifier","author":"2","description":"","caption":"","name":"emu40ex-main-product-photo-500x850-2","status":"inherit","uploaded_to":9482,"date":"2023-09-15 14:20:37","modified":"2024-07-29 20:20:30","menu_order":0,"mime_type":"image\/png","type":"image","subtype":"png","icon":"https:\/\/natus.com\/wp-includes\/images\/media\/default.png","width":500,"height":850,"sizes":{"thumbnail":"https:\/\/natus.com\/wp-content\/uploads\/EMU40_Main-Image.png","thumbnail-width":56,"thumbnail-height":96,"medium":"https:\/\/natus.com\/wp-content\/uploads\/EMU40_Main-Image.png","medium-width":500,"medium-height":850,"medium_large":"https:\/\/natus.com\/wp-content\/uploads\/EMU40_Main-Image.png","medium_large-width":500,"medium_large-height":850,"large":"https:\/\/natus.com\/wp-content\/uploads\/EMU40_Main-Image.png","large-width":500,"large-height":850,"1536x1536":"https:\/\/natus.com\/wp-content\/uploads\/EMU40_Main-Image.png","1536x1536-width":500,"1536x1536-height":850,"2048x2048":"https:\/\/natus.com\/wp-content\/uploads\/EMU40_Main-Image.png","2048x2048-width":500,"2048x2048-height":850}}}},{"acf_fc_layout":"product_information","_acfe_flexible_toggle":"","left_accordion_right_image_landing":{"module_options":{"":null,"module_id":"n64be98eed01eb","module_class":"","module_background_type":"color","module_background_color":"#f1f1f1","module_background_image":false,"module_background_video":"","activate_custom_padding":false,"padding_top_desktop":"0","padding_top_tablet":"0","padding_top_mobile":"0","padding_bottom_desktop":"0","padding_bottom_tablet":"0","padding_bottom_mobile":"0","activate_custom_margin":false,"margin_top_desktop":"0","margin_top_tablet":"0","margin_top_mobile":"0","margin_bottom_desktop":"0","margin_bottom_tablet":"0","margin_bottom_mobile":"0","disable_on":[],"content_alignment_desktop":"left","content_alignment_tablet":"left","content_alignment_mobile":"left"},"intro":"Informaci\u00f3n del Producto","description":"","accordion":[{"title":"Software","accordion_content":[{"acf_fc_layout":"full_content","accordion_description":"<p><a href=\"https:\/\/natus.com\/es\/neuro\/neuroworks-eeg-software\/\">El software NeuroWorks EEG<\/a> de Natus simplifica el proceso de recopilaci\u00f3n, supervisi\u00f3n, tendencias y gesti\u00f3n de los datos de las pruebas de EEG, lo que permite a los profesionales sanitarios ahorrar tiempo y centrarse en ofrecer la mejor atenci\u00f3n.<\/p>\n<p>NeuroWorks, la plataforma de EEG en la que conf\u00edan m\u00e1s sistemas sanitarios y peque\u00f1os consultorios de todo el mundo, ha demostrado su fiabilidad en entornos cl\u00ednicos como las pruebas de EEG rutinarias, el EEG ambulatorio, la monitorizaci\u00f3n a largo plazo (LTM), la monitorizaci\u00f3n en UCI y los estudios de investigaci\u00f3n.<\/p>\n"}]},{"title":"Descargar Documentaci\u00f3n Sobre el Producto","accordion_content":[{"acf_fc_layout":"full_content","accordion_description":"<p><strong>Folleto del producto Natus NeuroWorks con Quantum, Brain Monitor, EMU40EX, EEG32U y Trex HD<\/strong><br \/>\n<a href=\"https:\/\/partner.natus.com\/m\/20ec46d568b7b45a\/original\/Natus-NeuroWorks-with-Quantum-Brain-Monitor-EMU40EX-EEG32U-Trex-Flyer.pdf\" target=\"_blank\" rel=\"noopener\">Ingl\u00e9s<\/a><br \/>\n<a href=\"https:\/\/natus.bynder.com\/m\/f3fc448ab9aab5c8\/original\/Natus-NeuroWorks-with-Quantum-Brain-Monitor-EMU40EX-EEG32U-Trex-Flyer.pdf\">Espa\u00f1ol<\/a><\/p>\n<p><strong>Folleto de soluciones LTM de Natus NeuroWorks<\/strong><br \/>\n<a href=\"https:\/\/natus.bynder.com\/m\/8caf15a9042fd8f8\/original\/Natus-NeuroWorks-LTM-Solutions-with-Quantum-EMU40EX-Brain-Monitor-Cortical-Stimulator-Brain-Monitor-Brochure.pdf\" target=\"_blank\" rel=\"noopener\">Ingl\u00e9s<\/a><br \/>\n<a href=\"https:\/\/natus.bynder.com\/m\/e2d208b20dbaa2eb\/original\/Natus-NeuroWorks-LTM-Solutions-with-Quantum-EMU40EX-Brain-Monitor-Cortical-Stimulator-Brain-Monitor-Brochure.pdf\" target=\"_blank\" rel=\"noopener\">Espa\u00f1ol<\/a><\/p>\n<p><strong>Folleto de soluciones para UCI de Natus NeuroWorks<\/strong><br \/>\n<a href=\"https:\/\/natus.bynder.com\/m\/d08eab22d7c135a2\/original\/Natus-NeuroWorks-ICU-with-Brain-Monitor-EMU40EX-Solutions-Brochure.pdf\" target=\"_blank\" rel=\"noopener\">Ingl\u00e9s<\/a><br \/>\n<a href=\"https:\/\/natus.bynder.com\/m\/9d86f95c062ce113\/original\/Natus-NeuroWorks-ICU-with-Brain-Monitor-EMU40EX-Solutions-Brochure.pdf\" target=\"_blank\" rel=\"noopener\">Espa\u00f1ol<\/a><\/p>\n"}]},{"title":"Suministros","accordion_content":[{"acf_fc_layout":"full_content","accordion_description":"<p>Natus Neuro ofrece una l\u00ednea completa de suministros para satisfacer todas sus necesidades de registro de EEG.<\/p>\n<p><img loading=\"lazy\" decoding=\"async\" class=\"alignleft size-full wp-image-3991\" src=\"https:\/\/natus.com\/wp-content\/uploads\/EEG-Supplies_500w.png\" alt=\"\" width=\"500\" height=\"293\" \/><\/p>\n<ul>\n<li>Electrodos de copa de EGG reutilizables Genuine Grass<sup>\u00ae<\/sup><\/li>\n<li>Electrodos de copa de EEG estampados reutilizables Grass<\/li>\n<li>Electrodos de copa honda y copa de EEG desechables Grass<\/li>\n<li>Gorros para la cabeza originales\u00a0<strong>wave<\/strong>guard<sup>\u2122<\/sup><\/li>\n<li>Gorros para la cabeza\u00a0<strong>wave<\/strong>guard connect<\/li>\n<li>Productos que se aplican con los electrodos<\/li>\n<li>C\u00f3modo portal en l\u00ednea &#8211; <a href=\"https:\/\/natusmedicalstore.com\/\">Natus Medical Store<\/a> (disponible en algunos mercados)<\/li>\n<\/ul>\n"}]}],"image_left":false}},{"acf_fc_layout":"related_products","_acfe_flexible_toggle":"","tiles_3_columns_landing":{"module_options":{"":null,"module_id":"n64bf9a7609a1f","module_class":"","module_background_type":"color","module_background_color":"#f1f1f1","module_background_image":false,"module_background_video":"","activate_custom_padding":false,"padding_top_desktop":"0","padding_top_tablet":"0","padding_top_mobile":"0","padding_bottom_desktop":"0","padding_bottom_tablet":"0","padding_bottom_mobile":"0","activate_custom_margin":false,"margin_top_desktop":"0","margin_top_tablet":"0","margin_top_mobile":"0","margin_bottom_desktop":"0","margin_bottom_tablet":"0","margin_bottom_mobile":"0","disable_on":[],"content_alignment_desktop":"left","content_alignment_tablet":"left","content_alignment_mobile":"left"},"intro_text":"Productos Neuro Relacionados","intro_text_color":"#005e63","intro_link":{"type":"post","value":"8356","url":"https:\/\/natus.com\/es\/productos-neuro\/","name":"Productos Neuro","title":"Ver todos los productos Neuro","target":""},"tiles":[{"label":"Monitorizaci\u00f3n de Larga Duraci\u00f3n (LTM)","label_background_color":"#154284","image":{"ID":4227,"id":4227,"title":"Quantum LTM Related Product Photo - 500x400","filename":"Quantum-main-image-10-16-B.png","filesize":169525,"url":"https:\/\/natus.com\/wp-content\/uploads\/Quantum-main-image-10-16-B.png","link":"https:\/\/natus.com\/es\/neuro\/neuroworks-eeg-software\/quantum-ltm-related-product-photo-500x400-2\/","alt":"Quantum LTM","author":"2","description":"","caption":"","name":"quantum-ltm-related-product-photo-500x400-2","status":"inherit","uploaded_to":9424,"date":"2023-09-14 15:28:51","modified":"2024-07-29 20:33:52","menu_order":0,"mime_type":"image\/png","type":"image","subtype":"png","icon":"https:\/\/natus.com\/wp-includes\/images\/media\/default.png","width":500,"height":400,"sizes":{"thumbnail":"https:\/\/natus.com\/wp-content\/uploads\/Quantum-main-image-10-16-B.png","thumbnail-width":120,"thumbnail-height":96,"medium":"https:\/\/natus.com\/wp-content\/uploads\/Quantum-main-image-10-16-B.png","medium-width":500,"medium-height":400,"medium_large":"https:\/\/natus.com\/wp-content\/uploads\/Quantum-main-image-10-16-B.png","medium_large-width":500,"medium_large-height":400,"large":"https:\/\/natus.com\/wp-content\/uploads\/Quantum-main-image-10-16-B.png","large-width":500,"large-height":400,"1536x1536":"https:\/\/natus.com\/wp-content\/uploads\/Quantum-main-image-10-16-B.png","1536x1536-width":500,"1536x1536-height":400,"2048x2048":"https:\/\/natus.com\/wp-content\/uploads\/Quantum-main-image-10-16-B.png","2048x2048-width":500,"2048x2048-height":400}},"title":"Amplificador LTM Natus\u00ae Quantum\u00ae ","link":{"type":"post","value":"9488","url":"https:\/\/natus.com\/es\/neuro\/amplificador-ltm-natus-quantum\/","name":"Amplificador LTM Natus\u00ae Quantum\u00ae","title":"Saber M\u00e1s","target":"_blank"}},{"label":"Software de EEG","label_background_color":"#154284","image":{"ID":4269,"id":4269,"title":"NeuroWorks Related Product Photo - 500x400","filename":"Neuroworks-10-Related-Product-Photo-500x400-1.png","filesize":211965,"url":"https:\/\/natus.com\/wp-content\/uploads\/Neuroworks-10-Related-Product-Photo-500x400-1.png","link":"https:\/\/natus.com\/es\/neuro\/sistema-eeg-ambulatorio-video-continuo-trex-hd\/neuroworks-related-product-photo-500x400-2\/","alt":"","author":"2","description":"","caption":"","name":"neuroworks-related-product-photo-500x400-2","status":"inherit","uploaded_to":9774,"date":"2023-09-14 18:10:52","modified":"2023-09-28 20:13:16","menu_order":0,"mime_type":"image\/png","type":"image","subtype":"png","icon":"https:\/\/natus.com\/wp-includes\/images\/media\/default.png","width":500,"height":400,"sizes":{"thumbnail":"https:\/\/natus.com\/wp-content\/uploads\/Neuroworks-10-Related-Product-Photo-500x400-1.png","thumbnail-width":120,"thumbnail-height":96,"medium":"https:\/\/natus.com\/wp-content\/uploads\/Neuroworks-10-Related-Product-Photo-500x400-1.png","medium-width":500,"medium-height":400,"medium_large":"https:\/\/natus.com\/wp-content\/uploads\/Neuroworks-10-Related-Product-Photo-500x400-1.png","medium_large-width":500,"medium_large-height":400,"large":"https:\/\/natus.com\/wp-content\/uploads\/Neuroworks-10-Related-Product-Photo-500x400-1.png","large-width":500,"large-height":400,"1536x1536":"https:\/\/natus.com\/wp-content\/uploads\/Neuroworks-10-Related-Product-Photo-500x400-1.png","1536x1536-width":500,"1536x1536-height":400,"2048x2048":"https:\/\/natus.com\/wp-content\/uploads\/Neuroworks-10-Related-Product-Photo-500x400-1.png","2048x2048-width":500,"2048x2048-height":400}},"title":"Software de EEG Natus\u00ae NeuroWorks\u00ae ","link":{"type":"post","value":"9424","url":"https:\/\/natus.com\/es\/neuro\/neuroworks-eeg-software\/","name":"Software de EEG Natus\u00ae NeuroWorks\u00ae","title":"Saber M\u00e1s","target":"_blank"}},{"label":"Monitorizaci\u00f3n de Larga Duraci\u00f3n (LTM)","label_background_color":"#154284","image":{"ID":4259,"id":4259,"title":"Cort-Stim-500x400-1","filename":"Cort-Stim-500x400-1.png","filesize":88584,"url":"https:\/\/natus.com\/wp-content\/uploads\/Cort-Stim-500x400-1.png","link":"https:\/\/natus.com\/es\/?attachment_id=4259","alt":"Nicolet Cortical Stimulator","author":"2","description":"","caption":"","name":"cort-stim-500x400-1","status":"inherit","uploaded_to":9800,"date":"2023-10-11 05:20:29","modified":"2024-07-29 20:33:04","menu_order":0,"mime_type":"image\/png","type":"image","subtype":"png","icon":"https:\/\/natus.com\/wp-includes\/images\/media\/default.png","width":500,"height":400,"sizes":{"thumbnail":"https:\/\/natus.com\/wp-content\/uploads\/Cort-Stim-500x400-1.png","thumbnail-width":120,"thumbnail-height":96,"medium":"https:\/\/natus.com\/wp-content\/uploads\/Cort-Stim-500x400-1.png","medium-width":500,"medium-height":400,"medium_large":"https:\/\/natus.com\/wp-content\/uploads\/Cort-Stim-500x400-1.png","medium_large-width":500,"medium_large-height":400,"large":"https:\/\/natus.com\/wp-content\/uploads\/Cort-Stim-500x400-1.png","large-width":500,"large-height":400,"1536x1536":"https:\/\/natus.com\/wp-content\/uploads\/Cort-Stim-500x400-1.png","1536x1536-width":500,"1536x1536-height":400,"2048x2048":"https:\/\/natus.com\/wp-content\/uploads\/Cort-Stim-500x400-1.png","2048x2048-width":500,"2048x2048-height":400}},"title":"Estimulador Cortical Nicolet\u00ae","link":{"type":"post","value":"9503","url":"https:\/\/natus.com\/es\/neuro\/estimulador-cortical-nicolet\/","name":"Estimulador Cortical Nicolet\u00ae","title":"Saber M\u00e1s","target":"_blank"}}]}},{"acf_fc_layout":"contact_form","_acfe_flexible_toggle":"","contact_form_landing":{"module_options":{"":null,"module_id":"contact-neuro","module_class":"","module_background_type":"color","module_background_color":"#f1f1f1","module_background_image":false,"module_background_video":"","activate_custom_padding":false,"padding_top_desktop":"0","padding_top_tablet":"0","padding_top_mobile":"0","padding_bottom_desktop":"0","padding_bottom_tablet":"0","padding_bottom_mobile":"0","activate_custom_margin":false,"margin_top_desktop":"0","margin_top_tablet":"0","margin_top_mobile":"0","margin_bottom_desktop":"0","margin_bottom_tablet":"0","margin_bottom_mobile":"0","disable_on":[],"content_alignment_desktop":"left","content_alignment_tablet":"left","content_alignment_mobile":"left"},"":null,"activate_intro":true,"intro_text":"P\u00f3ngase en contacto con su representante Natus","intro_text_color":"#005e63","intro_link":null,"activate_description":true,"description_title":"","description_copy":"Para obtener m\u00e1s informaci\u00f3n sobre este o cualquier producto, env\u00edenos un mensaje a trav\u00e9s del siguiente formulario.","embed_code":"<script charset=\"utf-8\" type=\"text\/javascript\" src=\"\/\/js.hsforms.net\/forms\/embed\/v2.js\"><\/script>\r\n<script>\r\n  hbspt.forms.create({\r\n    region: \"na1\",\r\n    portalId: \"3002890\",\r\n    formId: \"19994ddf-5157-44b4-99ac-309f46ef293a\"\r\n  });\r\n<\/script>"}},{"acf_fc_layout":"simple_content","_acfe_flexible_toggle":"","content_full_width_landing":{"module_options":{"":null,"module_id":"n64f769f3689a2","module_class":"","module_background_type":"color","module_background_color":"","module_background_image":false,"module_background_video":"","activate_custom_padding":false,"padding_top_desktop":"0","padding_top_tablet":"0","padding_top_mobile":"0","padding_bottom_desktop":"0","padding_bottom_tablet":"0","padding_bottom_mobile":"0","activate_custom_margin":false,"margin_top_desktop":"0","margin_top_tablet":"0","margin_top_mobile":"0","margin_bottom_desktop":"0","margin_bottom_tablet":"0","margin_bottom_mobile":"0","disable_on":[],"content_alignment_desktop":"left","content_alignment_tablet":"left","content_alignment_mobile":"left"},"content":"<p><span style=\"font-size: 11px;\">034914 RevI<\/span><\/p>\n"}}],"schema_markup":[{"acf_fc_layout":"schema_markup_product","_acfe_flexible_toggle":"","schema_markup_product":{"enable_schema":true,"":null,"device_name":"Amplificador LTM inal\u00e1mbrico Natus\u00ae EMU40EX\u2122","device_image":"https:\/\/natus.com\/wp-content\/uploads\/EMU40_Main-Image.png","device_desc":"El amplificador LTM de 40 canales con capacidad inal\u00e1mbrica incorporada permite la supervisi\u00f3n de v\u00eddeo-EEG incluso cuando el paciente se desconecta de la unidad principal.","device_purpose":"","manufacturer_name":"Natus Medical Incorporated","manufacturer_url":"https:\/\/natus.com","brand_name":"Natus","page_url":"https:\/\/natus.com\/es\/neuro\/amplificador-ltm-inalambrico-natus-emu40ex\/","in_language":"es","medical_specialty":[]}}]},"_links":{"self":[{"href":"https:\/\/natus.com\/es\/wp-json\/wp\/v2\/pages\/9482","targetHints":{"allow":["GET"]}}],"collection":[{"href":"https:\/\/natus.com\/es\/wp-json\/wp\/v2\/pages"}],"about":[{"href":"https:\/\/natus.com\/es\/wp-json\/wp\/v2\/types\/page"}],"author":[{"embeddable":true,"href":"https:\/\/natus.com\/es\/wp-json\/wp\/v2\/users\/2"}],"replies":[{"embeddable":true,"href":"https:\/\/natus.com\/es\/wp-json\/wp\/v2\/comments?post=9482"}],"version-history":[{"count":10,"href":"https:\/\/natus.com\/es\/wp-json\/wp\/v2\/pages\/9482\/revisions"}],"predecessor-version":[{"id":25494,"href":"https:\/\/natus.com\/es\/wp-json\/wp\/v2\/pages\/9482\/revisions\/25494"}],"up":[{"embeddable":true,"href":"https:\/\/natus.com\/es\/wp-json\/wp\/v2\/pages\/10464"}],"wp:attachment":[{"href":"https:\/\/natus.com\/es\/wp-json\/wp\/v2\/media?parent=9482"}],"wp:term":[{"taxonomy":"category","embeddable":true,"href":"https:\/\/natus.com\/es\/wp-json\/wp\/v2\/categories?post=9482"},{"taxonomy":"post_tag","embeddable":true,"href":"https:\/\/natus.com\/es\/wp-json\/wp\/v2\/tags?post=9482"}],"curies":[{"name":"wp","href":"https:\/\/api.w.org\/{rel}","templated":true}]}}