{"id":9488,"date":"2023-09-06T23:38:10","date_gmt":"2023-09-06T23:38:10","guid":{"rendered":"https:\/\/natus.com\/natus-quantum-ltm-amplifier\/"},"modified":"2025-11-25T20:05:54","modified_gmt":"2025-11-25T20:05:54","slug":"amplificador-ltm-natus-quantum","status":"publish","type":"page","link":"https:\/\/natus.com\/es\/neuro\/amplificador-ltm-natus-quantum\/","title":{"rendered":"Amplificador LTM Natus\u00ae Quantum\u00ae"},"content":{"rendered":"","protected":false},"excerpt":{"rendered":"","protected":false},"author":2,"featured_media":0,"parent":10464,"menu_order":0,"comment_status":"closed","ping_status":"closed","template":"templates\/page-neuro-solutions-product-landing.php","meta":{"_acf_changed":false,"footnotes":""},"categories":[162],"tags":[250],"class_list":["post-9488","page","type-page","status-publish","hentry","category-electroencefalografia-eeg-aeeg-es","tag-ltm-es"],"acf":{"content_blocks":[{"acf_fc_layout":"spacer","_acfe_flexible_toggle":"","spacer":{"module_options":{"":null,"module_id":"n64babb6de86c1","module_class":"","module_background_type":"color","module_background_color":"#00aaa7","module_background_image":false,"module_background_video":"","activate_custom_padding":false,"padding_top_desktop":"0","padding_top_tablet":"0","padding_top_mobile":"0","padding_bottom_desktop":"0","padding_bottom_tablet":"0","padding_bottom_mobile":"0","activate_custom_margin":false,"margin_top_desktop":"0","margin_top_tablet":"0","margin_top_mobile":"0","margin_bottom_desktop":"0","margin_bottom_tablet":"0","margin_bottom_mobile":"0","disable_on":[],"content_alignment_desktop":"left","content_alignment_tablet":"left","content_alignment_mobile":"left"},"height":"270"}},{"acf_fc_layout":"intro_with_sticky_image","_acfe_flexible_toggle":"","left_content_right_image_sticky":{"module_options":{"":null,"module_id":"n64bfe3c147dc3","module_class":"","module_background_type":"color","module_background_color":"#f1f1f1","module_background_image":false,"module_background_video":"","activate_custom_padding":false,"padding_top_desktop":"0","padding_top_tablet":"0","padding_top_mobile":"0","padding_bottom_desktop":"0","padding_bottom_tablet":"0","padding_bottom_mobile":"0","activate_custom_margin":false,"margin_top_desktop":"0","margin_top_tablet":"0","margin_top_mobile":"0","margin_bottom_desktop":"0","margin_bottom_tablet":"0","margin_bottom_mobile":"0","disable_on":[],"content_alignment_desktop":"left","content_alignment_tablet":"left","content_alignment_mobile":"left"},"":null,"title":"Amplificador LTM Natus<sup>\u00ae<\/sup> Quantum<sup>\u00ae<\/sup>","subheader":"<p>Natus presenta su amplificador m\u00e1s innovador para el control y la investigaci\u00f3n de la epilepsia: el Natus Quantum. Un solo paquete compacto que lo tiene todo. Quantum se ha dise\u00f1ado espec\u00edficamente para responder a las necesidades vers\u00e1tiles de las unidades de monitorizaci\u00f3n de la epilepsia y los centros de investigaci\u00f3n modernos de hoy en d\u00eda. Quantum cuenta con altas velocidades de muestreo y una calidad de la se\u00f1al sobresaliente que permite realizar EEG cl\u00ednicos, investigar y monitorizar la epilepsia a largo plazo para estudios intracraneales y de contacto con el cuero cabelludo.<\/p>\n<p>La capacidad para controlar el\u00a0<a title=\"Estimulador cortical Nicolet\u00ae\" href=\"https:\/\/natus.com\/es\/nicolet-cortical-stimulator\/\" target=\"_blank\" rel=\"noopener\" data-entity-substitution=\"canonical\" data-entity-type=\"node\" data-entity-uuid=\"31a85dad-55de-4d33-86a8-0d7460500aaf\">Estimulador cortical Nicolet<\/a>\u00a0de Quantum convierte a esta configuraci\u00f3n en ideal para el mapeado cerebral funcional. Al utilizar la misma base que los amplificadores Natus Brain Monitor y EMU40EX permite la conversi\u00f3n sencilla de la configuraci\u00f3n entre grabaciones del cuero cabelludo con EMU40EX o estudios intracreaneales con Brain Monitor y Natus Quantum.<\/p>\n<p><strong>Caracter\u00edsticas principales:<\/strong><\/p>\n<ul>\n<li>Amplificador de 256 canales; 16 CC, SpO<sub>2<\/sub>, entrada de disparador digital, hasta 8 bipolares por caja de conexiones<\/li>\n<li>Frecuencia de muestreo configurable de hasta 16 kHz<\/li>\n<li>Ancho de banda de 0,01 a 4 kHz<\/li>\n<li>Memoria integrada y bater\u00eda para poder realizar registros sin conexi\u00f3n*<\/li>\n<li>Matriz de conmutaci\u00f3n integrada y control del Estimulador cortical Nicolet*<\/li>\n<li>Cuadro de conexiones 10-10 opcional y conectores tipo bloque\/capucha<\/li>\n<li>Notas del estudio en pantalla t\u00e1ctil<\/li>\n<li>Asistente de flujo de datos con dos secuencias de datos<\/li>\n<\/ul>\n<p><span style=\"font-size: 12px;\">*Se necesita NeuroWorks v9.0 o posterior. No disponible en todos los pa\u00edses. P\u00f3ngase en contacto con su representante de ventas local para conocer la disponibilidad.<\/span><\/p>\n<p>El amplificador Natus Quantum de 256 canales supone un salto cu\u00e1ntico en la tecnolog\u00eda para la supervisi\u00f3n y la investigaci\u00f3n avanzada de la epilepsia. Ofrece una matriz de conmutaci\u00f3n digital (DSM) controlada por software que facilita el mapeado cerebral funcional al permitir el uso de electrodos de registro para la administraci\u00f3n de est\u00edmulos a trav\u00e9s de un estimulador cortical externo. En el registro del estudio se muestra una representaci\u00f3n visual sincronizada de los resultados de la estimulaci\u00f3n. Durante el transcurso de cualquier estudio cl\u00ednico, los investigadores pueden iniciar sin problemas el registro de un gran flujo de datos de muestreo que contendr\u00e1 todas las notas de revisi\u00f3n cl\u00ednica realizadas durante el ciclo cl\u00ednico del estudio antes de su exportaci\u00f3n a un proyecto de investigaci\u00f3n para su posterior an\u00e1lisis.<\/p>\n","icons":[{"icon":{"ID":2247,"id":2247,"title":"icon-channels","filename":"icon-channels.png","filesize":1062,"url":"https:\/\/natus.com\/wp-content\/uploads\/icon-channels.png","link":"https:\/\/natus.com\/es\/neuro\/icon-channels-2\/","alt":"Icon - Channels","author":"2","description":"","caption":"","name":"icon-channels-2","status":"inherit","uploaded_to":10464,"date":"2023-09-07 23:18:48","modified":"2024-07-29 21:18:55","menu_order":0,"mime_type":"image\/png","type":"image","subtype":"png","icon":"https:\/\/natus.com\/wp-includes\/images\/media\/default.png","width":58,"height":43,"sizes":{"thumbnail":"https:\/\/natus.com\/wp-content\/uploads\/icon-channels.png","thumbnail-width":58,"thumbnail-height":43,"medium":"https:\/\/natus.com\/wp-content\/uploads\/icon-channels.png","medium-width":58,"medium-height":43,"medium_large":"https:\/\/natus.com\/wp-content\/uploads\/icon-channels.png","medium_large-width":58,"medium_large-height":43,"large":"https:\/\/natus.com\/wp-content\/uploads\/icon-channels.png","large-width":58,"large-height":43,"1536x1536":"https:\/\/natus.com\/wp-content\/uploads\/icon-channels.png","1536x1536-width":58,"1536x1536-height":43,"2048x2048":"https:\/\/natus.com\/wp-content\/uploads\/icon-channels.png","2048x2048-width":58,"2048x2048-height":43}},"icon_description":"Hasta 256 <br \/>\r\nCanales De <br \/>\r\nReferencia + 16 Cc"},{"icon":{"ID":2252,"id":2252,"title":"icon-rate","filename":"icon-rate.png","filesize":2246,"url":"https:\/\/natus.com\/wp-content\/uploads\/icon-rate.png","link":"https:\/\/natus.com\/es\/neuro\/icon-rate-2\/","alt":"Icon - Rate","author":"2","description":"","caption":"","name":"icon-rate-2","status":"inherit","uploaded_to":10464,"date":"2023-09-07 23:19:56","modified":"2024-07-29 21:18:51","menu_order":0,"mime_type":"image\/png","type":"image","subtype":"png","icon":"https:\/\/natus.com\/wp-includes\/images\/media\/default.png","width":61,"height":46,"sizes":{"thumbnail":"https:\/\/natus.com\/wp-content\/uploads\/icon-rate.png","thumbnail-width":61,"thumbnail-height":46,"medium":"https:\/\/natus.com\/wp-content\/uploads\/icon-rate.png","medium-width":61,"medium-height":46,"medium_large":"https:\/\/natus.com\/wp-content\/uploads\/icon-rate.png","medium_large-width":61,"medium_large-height":46,"large":"https:\/\/natus.com\/wp-content\/uploads\/icon-rate.png","large-width":61,"large-height":46,"1536x1536":"https:\/\/natus.com\/wp-content\/uploads\/icon-rate.png","1536x1536-width":61,"1536x1536-height":46,"2048x2048":"https:\/\/natus.com\/wp-content\/uploads\/icon-rate.png","2048x2048-width":61,"2048x2048-height":46}},"icon_description":"Velocidad De<br \/>\r\nMuestreo De <br \/>\r\n16 kHz"},{"icon":{"ID":2228,"id":2228,"title":"icon-feature","filename":"icon-feature.png","filesize":1408,"url":"https:\/\/natus.com\/wp-content\/uploads\/icon-feature.png","link":"https:\/\/natus.com\/es\/neuro\/emg-portatil-dantec-clavis\/icon-feature-2\/","alt":"star","author":"2","description":"Icon - Star","caption":"","name":"icon-feature-2","status":"inherit","uploaded_to":8545,"date":"2023-09-07 22:27:26","modified":"2024-07-29 21:19:16","menu_order":0,"mime_type":"image\/png","type":"image","subtype":"png","icon":"https:\/\/natus.com\/wp-includes\/images\/media\/default.png","width":43,"height":41,"sizes":{"thumbnail":"https:\/\/natus.com\/wp-content\/uploads\/icon-feature.png","thumbnail-width":43,"thumbnail-height":41,"medium":"https:\/\/natus.com\/wp-content\/uploads\/icon-feature.png","medium-width":43,"medium-height":41,"medium_large":"https:\/\/natus.com\/wp-content\/uploads\/icon-feature.png","medium_large-width":43,"medium_large-height":41,"large":"https:\/\/natus.com\/wp-content\/uploads\/icon-feature.png","large-width":43,"large-height":41,"1536x1536":"https:\/\/natus.com\/wp-content\/uploads\/icon-feature.png","1536x1536-width":43,"1536x1536-height":41,"2048x2048":"https:\/\/natus.com\/wp-content\/uploads\/icon-feature.png","2048x2048-width":43,"2048x2048-height":41}},"icon_description":"Integraci\u00f3n Del <br \/>\r\nEstimulador <br \/>\r\nCortical"}],"quick_navigation":[{"quick_link":{"type":"url","value":"#contact-neuro","url":"#contact-neuro","name":"#contact-neuro","title":"Contactarnos ","target":""}},{"quick_link":{"type":"url","value":"#n64be98eed01eb","url":"#n64be98eed01eb","name":"#n64be98eed01eb","title":"Explore m\u00e1s detalles","target":""}}],"description":"","message_label":"Servicio y Soporte","message_title":"\u00bfBusca un servicio de neuro productos o asistencia t\u00e9cnica?","message_link":{"type":"post","value":"8369","url":"https:\/\/natus.com\/es\/soporte\/","name":"Servicio y Soporte","title":"Servicio y Soporte de Natus","target":""},"right_sticky_image":{"ID":4563,"id":4563,"title":"Natus Quantum Amplifier Main Product Photo - 500x850","filename":"Quantum_Main-Image.png","filesize":282031,"url":"https:\/\/natus.com\/wp-content\/uploads\/Quantum_Main-Image.png","link":"https:\/\/natus.com\/es\/neuro\/amplificador-ltm-natus-quantum\/natus-quantum-amplifier-main-product-photo-500x850-2\/","alt":"Natus\u00ae Quantum\u00ae LTM Amplifier","author":"2","description":"","caption":"","name":"natus-quantum-amplifier-main-product-photo-500x850-2","status":"inherit","uploaded_to":9488,"date":"2023-09-15 01:16:57","modified":"2024-07-29 20:21:04","menu_order":0,"mime_type":"image\/png","type":"image","subtype":"png","icon":"https:\/\/natus.com\/wp-includes\/images\/media\/default.png","width":500,"height":850,"sizes":{"thumbnail":"https:\/\/natus.com\/wp-content\/uploads\/Quantum_Main-Image.png","thumbnail-width":56,"thumbnail-height":96,"medium":"https:\/\/natus.com\/wp-content\/uploads\/Quantum_Main-Image.png","medium-width":500,"medium-height":850,"medium_large":"https:\/\/natus.com\/wp-content\/uploads\/Quantum_Main-Image.png","medium_large-width":500,"medium_large-height":850,"large":"https:\/\/natus.com\/wp-content\/uploads\/Quantum_Main-Image.png","large-width":500,"large-height":850,"1536x1536":"https:\/\/natus.com\/wp-content\/uploads\/Quantum_Main-Image.png","1536x1536-width":500,"1536x1536-height":850,"2048x2048":"https:\/\/natus.com\/wp-content\/uploads\/Quantum_Main-Image.png","2048x2048-width":500,"2048x2048-height":850}}}},{"acf_fc_layout":"product_information","_acfe_flexible_toggle":"","left_accordion_right_image_landing":{"module_options":{"":null,"module_id":"n64be98eed01eb","module_class":"","module_background_type":"color","module_background_color":"#f1f1f1","module_background_image":false,"module_background_video":"","activate_custom_padding":false,"padding_top_desktop":"0","padding_top_tablet":"0","padding_top_mobile":"0","padding_bottom_desktop":"0","padding_bottom_tablet":"0","padding_bottom_mobile":"0","activate_custom_margin":false,"margin_top_desktop":"0","margin_top_tablet":"0","margin_top_mobile":"0","margin_bottom_desktop":"0","margin_bottom_tablet":"0","margin_bottom_mobile":"0","disable_on":[],"content_alignment_desktop":"left","content_alignment_tablet":"left","content_alignment_mobile":"left"},"intro":"Informaci\u00f3n del Producto","description":"","accordion":[{"title":"Software","accordion_content":[{"acf_fc_layout":"full_content","accordion_description":"<p><a href=\"https:\/\/natus.com\/es\/neuro\/neuroworks-eeg-software\/\">El software NeuroWorks EEG<\/a> de Natus simplifica el proceso de recopilaci\u00f3n, supervisi\u00f3n, tendencias y gesti\u00f3n de los datos de las pruebas de EEG, lo que permite a los profesionales sanitarios ahorrar tiempo y centrarse en ofrecer la mejor atenci\u00f3n.<\/p>\n<p>NeuroWorks, la plataforma de EEG en la que conf\u00edan m\u00e1s sistemas sanitarios y peque\u00f1os consultorios de todo el mundo, ha demostrado su fiabilidad en entornos cl\u00ednicos como las pruebas de EEG rutinarias, el EEG ambulatorio, la monitorizaci\u00f3n a largo plazo (LTM), la monitorizaci\u00f3n en UCI y los estudios de investigaci\u00f3n.<\/p>\n"}]},{"title":"Descargar Documentaci\u00f3n Sobre el Producto","accordion_content":[{"acf_fc_layout":"full_content","accordion_description":"<p><strong>Foro Medco: Tecnolog\u00eda centrada en la epilepsia de Natus que ofrece soluciones de monitorizaci\u00f3n de larga duraci\u00f3n integradas y completas<\/strong><br \/>\n<a href=\"https:\/\/natus.bynder.com\/m\/4f449c924070f9f4\/original\/Natus-Neuro-Medco-Forum-Article-Your-Epilepsy-Specialists.pdf\" target=\"_blank\" rel=\"noopener\">Ingl\u00e9s<\/a><\/p>\n<p><strong>Folleto del producto Natus NeuroWorks con Quantum, Brain Monitor, EMU40EX, EEG32U y Trex HD<\/strong><br \/>\n<a href=\"https:\/\/partner.natus.com\/m\/20ec46d568b7b45a\/original\/Natus-NeuroWorks-with-Quantum-Brain-Monitor-EMU40EX-EEG32U-Trex-Flyer.pdf\" target=\"_blank\" rel=\"noopener\">Ingl\u00e9s<\/a><br \/>\n<a href=\"https:\/\/natus.bynder.com\/m\/f3fc448ab9aab5c8\/original\/Natus-NeuroWorks-with-Quantum-Brain-Monitor-EMU40EX-EEG32U-Trex-Flyer.pdf\">Espa\u00f1ol<\/a><\/p>\n<p><strong>Folleto de soluciones LTM de Natus NeuroWorks<\/strong><br \/>\n<a href=\"https:\/\/natus.bynder.com\/m\/8caf15a9042fd8f8\/original\/Natus-NeuroWorks-LTM-Solutions-with-Quantum-EMU40EX-Brain-Monitor-Cortical-Stimulator-Brain-Monitor-Brochure.pdf\" target=\"_blank\" rel=\"noopener\">Ingl\u00e9s<\/a><br \/>\n<a href=\"https:\/\/natus.bynder.com\/m\/e2d208b20dbaa2eb\/original\/Natus-NeuroWorks-LTM-Solutions-with-Quantum-EMU40EX-Brain-Monitor-Cortical-Stimulator-Brain-Monitor-Brochure.pdf\" target=\"_blank\" rel=\"noopener\">Espa\u00f1ol<\/a><\/p>\n<p><strong>Folleto\u00a0del producto Amplificador Natus Quantum<\/strong><br \/>\n<a href=\"https:\/\/partner.natus.com\/m\/28eb84d284fd112a\/original\/Natus-Quantum-Amplifier-Flyer.pdf\" target=\"_blank\" rel=\"noopener\">Ingl\u00e9s<\/a><br \/>\n<a href=\"https:\/\/natus.bynder.com\/m\/f778049f19acd2da\/original\/Natus-Quantum-Amplifier-Flyer.pdf\" target=\"_blank\" rel=\"noopener\">Espa\u00f1ol<\/a><\/p>\n"}]},{"title":"Suministros","accordion_content":[{"acf_fc_layout":"full_content","accordion_description":"<p>Natus ofrece una l\u00ednea completa de suministros para satisfacer todas sus necesidades de registro de EEG.<\/p>\n<p><img loading=\"lazy\" decoding=\"async\" class=\"alignleft size-full wp-image-3991\" src=\"https:\/\/natus.com\/wp-content\/uploads\/EEG-Supplies_500w.png\" alt=\"\" width=\"500\" height=\"293\" \/><\/p>\n<ul>\n<li>Electrodos de copa de EGG reutilizables Genuine Grass<sup>\u00ae<\/sup><\/li>\n<li>Electrodos de copa de EEG estampados reutilizables Grass<\/li>\n<li>Electrodos de copa honda y copa de EEG desechables Grass<\/li>\n<li>Gorros para la cabeza originales\u00a0<strong>wave<\/strong>guard<sup>\u2122<\/sup><\/li>\n<li>Gorros para la cabeza\u00a0<strong>wave<\/strong>guard connect<\/li>\n<li>Productos que se aplican con los electrodos<\/li>\n<li>C\u00f3modo portal en l\u00ednea &#8211; <a href=\"https:\/\/natusmedicalstore.com\/\">Natus Medical Store<\/a> (disponible en algunos mercados)<\/li>\n<\/ul>\n"}]}],"image_left":false}},{"acf_fc_layout":"related_products","_acfe_flexible_toggle":"","tiles_3_columns_landing":{"module_options":{"":null,"module_id":"n64bf9a7609a1f","module_class":"","module_background_type":"color","module_background_color":"#f1f1f1","module_background_image":false,"module_background_video":"","activate_custom_padding":false,"padding_top_desktop":"0","padding_top_tablet":"0","padding_top_mobile":"0","padding_bottom_desktop":"0","padding_bottom_tablet":"0","padding_bottom_mobile":"0","activate_custom_margin":false,"margin_top_desktop":"0","margin_top_tablet":"0","margin_top_mobile":"0","margin_bottom_desktop":"0","margin_bottom_tablet":"0","margin_bottom_mobile":"0","disable_on":[],"content_alignment_desktop":"left","content_alignment_tablet":"left","content_alignment_mobile":"left"},"intro_text":"Productos Neuro Relacionados","intro_text_color":"#005e63","intro_link":{"type":"post","value":"8356","url":"https:\/\/natus.com\/es\/productos-neuro\/","name":"Productos Neuro","title":"Ver todos los productos Neuro","target":""},"tiles":[{"label":"Monitorizaci\u00f3n de Larga Duraci\u00f3n (LTM)","label_background_color":"#154284","image":{"ID":4259,"id":4259,"title":"Cort-Stim-500x400-1","filename":"Cort-Stim-500x400-1.png","filesize":88584,"url":"https:\/\/natus.com\/wp-content\/uploads\/Cort-Stim-500x400-1.png","link":"https:\/\/natus.com\/es\/?attachment_id=4259","alt":"Nicolet Cortical Stimulator","author":"2","description":"","caption":"","name":"cort-stim-500x400-1","status":"inherit","uploaded_to":9800,"date":"2023-10-11 05:20:29","modified":"2024-07-29 20:33:04","menu_order":0,"mime_type":"image\/png","type":"image","subtype":"png","icon":"https:\/\/natus.com\/wp-includes\/images\/media\/default.png","width":500,"height":400,"sizes":{"thumbnail":"https:\/\/natus.com\/wp-content\/uploads\/Cort-Stim-500x400-1.png","thumbnail-width":120,"thumbnail-height":96,"medium":"https:\/\/natus.com\/wp-content\/uploads\/Cort-Stim-500x400-1.png","medium-width":500,"medium-height":400,"medium_large":"https:\/\/natus.com\/wp-content\/uploads\/Cort-Stim-500x400-1.png","medium_large-width":500,"medium_large-height":400,"large":"https:\/\/natus.com\/wp-content\/uploads\/Cort-Stim-500x400-1.png","large-width":500,"large-height":400,"1536x1536":"https:\/\/natus.com\/wp-content\/uploads\/Cort-Stim-500x400-1.png","1536x1536-width":500,"1536x1536-height":400,"2048x2048":"https:\/\/natus.com\/wp-content\/uploads\/Cort-Stim-500x400-1.png","2048x2048-width":500,"2048x2048-height":400}},"title":"Estimulador cortical Nicolet\u00ae","link":{"type":"post","value":"9503","url":"https:\/\/natus.com\/es\/neuro\/estimulador-cortical-nicolet\/","name":"Estimulador Cortical Nicolet\u00ae","title":"Saber M\u00e1s","target":"_blank"}},{"label":"Software de EEG","label_background_color":"#154284","image":{"ID":4269,"id":4269,"title":"NeuroWorks Related Product Photo - 500x400","filename":"Neuroworks-10-Related-Product-Photo-500x400-1.png","filesize":211965,"url":"https:\/\/natus.com\/wp-content\/uploads\/Neuroworks-10-Related-Product-Photo-500x400-1.png","link":"https:\/\/natus.com\/es\/neuro\/sistema-eeg-ambulatorio-video-continuo-trex-hd\/neuroworks-related-product-photo-500x400-2\/","alt":"","author":"2","description":"","caption":"","name":"neuroworks-related-product-photo-500x400-2","status":"inherit","uploaded_to":9774,"date":"2023-09-14 18:10:52","modified":"2023-09-28 20:13:16","menu_order":0,"mime_type":"image\/png","type":"image","subtype":"png","icon":"https:\/\/natus.com\/wp-includes\/images\/media\/default.png","width":500,"height":400,"sizes":{"thumbnail":"https:\/\/natus.com\/wp-content\/uploads\/Neuroworks-10-Related-Product-Photo-500x400-1.png","thumbnail-width":120,"thumbnail-height":96,"medium":"https:\/\/natus.com\/wp-content\/uploads\/Neuroworks-10-Related-Product-Photo-500x400-1.png","medium-width":500,"medium-height":400,"medium_large":"https:\/\/natus.com\/wp-content\/uploads\/Neuroworks-10-Related-Product-Photo-500x400-1.png","medium_large-width":500,"medium_large-height":400,"large":"https:\/\/natus.com\/wp-content\/uploads\/Neuroworks-10-Related-Product-Photo-500x400-1.png","large-width":500,"large-height":400,"1536x1536":"https:\/\/natus.com\/wp-content\/uploads\/Neuroworks-10-Related-Product-Photo-500x400-1.png","1536x1536-width":500,"1536x1536-height":400,"2048x2048":"https:\/\/natus.com\/wp-content\/uploads\/Neuroworks-10-Related-Product-Photo-500x400-1.png","2048x2048-width":500,"2048x2048-height":400}},"title":"Software de EEG Natus\u00ae NeuroWorks\u00ae","link":{"type":"post","value":"9424","url":"https:\/\/natus.com\/es\/neuro\/neuroworks-eeg-software\/","name":"Software de EEG Natus\u00ae NeuroWorks\u00ae","title":"Saber M\u00e1s","target":"_blank"}},{"label":"EEG de Rutina","label_background_color":"#154284","image":{"ID":4217,"id":4217,"title":"Brain Monitor Related Product Photo - 500x400","filename":"Bain-Monitor-related-product-500x400-2.png","filesize":177168,"url":"https:\/\/natus.com\/wp-content\/uploads\/Bain-Monitor-related-product-500x400-2.png","link":"https:\/\/natus.com\/es\/neuro\/neuroworks-eeg-software\/brain-monitor-related-product-photo-500x400-2\/","alt":"Natus Brain Monitor","author":"2","description":"","caption":"","name":"brain-monitor-related-product-photo-500x400-2","status":"inherit","uploaded_to":9424,"date":"2023-09-14 14:44:16","modified":"2024-11-01 16:25:20","menu_order":0,"mime_type":"image\/jpeg","type":"image","subtype":"jpeg","icon":"https:\/\/natus.com\/wp-includes\/images\/media\/default.png","width":500,"height":400,"sizes":{"thumbnail":"https:\/\/natus.com\/wp-content\/uploads\/Bain-Monitor-related-product-500x400-2.png","thumbnail-width":120,"thumbnail-height":96,"medium":"https:\/\/natus.com\/wp-content\/uploads\/Bain-Monitor-related-product-500x400-2.png","medium-width":500,"medium-height":400,"medium_large":"https:\/\/natus.com\/wp-content\/uploads\/Bain-Monitor-related-product-500x400-2.png","medium_large-width":500,"medium_large-height":400,"large":"https:\/\/natus.com\/wp-content\/uploads\/Bain-Monitor-related-product-500x400-2.png","large-width":500,"large-height":400,"1536x1536":"https:\/\/natus.com\/wp-content\/uploads\/Bain-Monitor-related-product-500x400-2.png","1536x1536-width":500,"1536x1536-height":400,"2048x2048":"https:\/\/natus.com\/wp-content\/uploads\/Bain-Monitor-related-product-500x400-2.png","2048x2048-width":500,"2048x2048-height":400}},"title":"Amplificador de EEG Natus\u00ae Brain Monitor","link":{"type":"post","value":"9419","url":"https:\/\/natus.com\/es\/neuro\/amplificador-eeg-natus-brain-monitor\/","name":"Amplificador de EEG Natus\u00ae Brain Monitor","title":"Saber M\u00e1s","target":"_blank"}}]}},{"acf_fc_layout":"contact_form","_acfe_flexible_toggle":"","contact_form_landing":{"module_options":{"":null,"module_id":"contact-neuro","module_class":"","module_background_type":"color","module_background_color":"#f1f1f1","module_background_image":false,"module_background_video":"","activate_custom_padding":false,"padding_top_desktop":"0","padding_top_tablet":"0","padding_top_mobile":"0","padding_bottom_desktop":"0","padding_bottom_tablet":"0","padding_bottom_mobile":"0","activate_custom_margin":false,"margin_top_desktop":"0","margin_top_tablet":"0","margin_top_mobile":"0","margin_bottom_desktop":"0","margin_bottom_tablet":"0","margin_bottom_mobile":"0","disable_on":[],"content_alignment_desktop":"left","content_alignment_tablet":"left","content_alignment_mobile":"left"},"":null,"activate_intro":true,"intro_text":"P\u00f3ngase en contacto con su representante Natus","intro_text_color":"#005e63","intro_link":null,"activate_description":true,"description_title":"","description_copy":"Para obtener m\u00e1s informaci\u00f3n sobre este o cualquier producto, env\u00edenos un mensaje a trav\u00e9s del siguiente formulario.","embed_code":"<script charset=\"utf-8\" type=\"text\/javascript\" src=\"\/\/js.hsforms.net\/forms\/embed\/v2.js\"><\/script>\r\n<script>\r\n  hbspt.forms.create({\r\n    region: \"na1\",\r\n    portalId: \"3002890\",\r\n    formId: \"19994ddf-5157-44b4-99ac-309f46ef293a\"\r\n  });\r\n<\/script>"}},{"acf_fc_layout":"simple_content","_acfe_flexible_toggle":"","content_full_width_landing":{"module_options":{"":null,"module_id":"n64f769f3689a2","module_class":"","module_background_type":"color","module_background_color":"","module_background_image":false,"module_background_video":"","activate_custom_padding":false,"padding_top_desktop":"0","padding_top_tablet":"0","padding_top_mobile":"0","padding_bottom_desktop":"0","padding_bottom_tablet":"0","padding_bottom_mobile":"0","activate_custom_margin":false,"margin_top_desktop":"0","margin_top_tablet":"0","margin_top_mobile":"0","margin_bottom_desktop":"0","margin_bottom_tablet":"0","margin_bottom_mobile":"0","disable_on":[],"content_alignment_desktop":"left","content_alignment_tablet":"left","content_alignment_mobile":"left"},"content":"<p><span style=\"font-size: 11px;\">034923 RevF<\/span><\/p>\n"}}],"schema_markup":[{"acf_fc_layout":"schema_markup_product","_acfe_flexible_toggle":"","schema_markup_product":{"enable_schema":true,"":null,"device_name":"Amplificador LTM Natus\u00ae Quantum\u00ae","device_image":"https:\/\/natus.com\/wp-content\/uploads\/Quantum_Main-Image.png","device_desc":"Natus presenta su amplificador m\u00e1s innovador para el control y la investigaci\u00f3n de la epilepsia: el Natus Quantum. Un solo paquete compacto que lo tiene todo.","device_purpose":"","manufacturer_name":"Natus Medical Incorporated","manufacturer_url":"https:\/\/natus.com","brand_name":"Natus","page_url":"https:\/\/natus.com\/es\/neuro\/amplificador-ltm-natus-quantum\/","in_language":"es","medical_specialty":[]}}]},"_links":{"self":[{"href":"https:\/\/natus.com\/es\/wp-json\/wp\/v2\/pages\/9488","targetHints":{"allow":["GET"]}}],"collection":[{"href":"https:\/\/natus.com\/es\/wp-json\/wp\/v2\/pages"}],"about":[{"href":"https:\/\/natus.com\/es\/wp-json\/wp\/v2\/types\/page"}],"author":[{"embeddable":true,"href":"https:\/\/natus.com\/es\/wp-json\/wp\/v2\/users\/2"}],"replies":[{"embeddable":true,"href":"https:\/\/natus.com\/es\/wp-json\/wp\/v2\/comments?post=9488"}],"version-history":[{"count":10,"href":"https:\/\/natus.com\/es\/wp-json\/wp\/v2\/pages\/9488\/revisions"}],"predecessor-version":[{"id":25489,"href":"https:\/\/natus.com\/es\/wp-json\/wp\/v2\/pages\/9488\/revisions\/25489"}],"up":[{"embeddable":true,"href":"https:\/\/natus.com\/es\/wp-json\/wp\/v2\/pages\/10464"}],"wp:attachment":[{"href":"https:\/\/natus.com\/es\/wp-json\/wp\/v2\/media?parent=9488"}],"wp:term":[{"taxonomy":"category","embeddable":true,"href":"https:\/\/natus.com\/es\/wp-json\/wp\/v2\/categories?post=9488"},{"taxonomy":"post_tag","embeddable":true,"href":"https:\/\/natus.com\/es\/wp-json\/wp\/v2\/tags?post=9488"}],"curies":[{"name":"wp","href":"https:\/\/api.w.org\/{rel}","templated":true}]}}