{"id":9503,"date":"2023-09-07T19:42:06","date_gmt":"2023-09-07T19:42:06","guid":{"rendered":"https:\/\/natus.com\/nicolet-cortical-stimulator\/"},"modified":"2026-03-12T20:45:07","modified_gmt":"2026-03-12T20:45:07","slug":"estimulador-cortical-nicolet","status":"publish","type":"page","link":"https:\/\/natus.com\/es\/neuro\/estimulador-cortical-nicolet\/","title":{"rendered":"Estimulador Cortical Nicolet\u00ae"},"content":{"rendered":"","protected":false},"excerpt":{"rendered":"","protected":false},"author":2,"featured_media":0,"parent":10464,"menu_order":0,"comment_status":"closed","ping_status":"closed","template":"templates\/page-neuro-solutions-product-landing.php","meta":{"_acf_changed":false,"footnotes":""},"categories":[162],"tags":[250],"class_list":["post-9503","page","type-page","status-publish","hentry","category-electroencefalografia-eeg-aeeg-es","tag-ltm-es"],"acf":{"content_blocks":[{"acf_fc_layout":"spacer","_acfe_flexible_layout_title":null,"_acfe_flexible_toggle":null,"spacer":{"module_options":{"":null,"module_id":"n65157a254580d","module_class":"","module_background_type":"color","module_background_color":"#00aaa7","module_background_image":false,"module_background_video":"","activate_custom_padding":false,"padding_top_desktop":"0","padding_top_tablet":"0","padding_top_mobile":"0","padding_bottom_desktop":"0","padding_bottom_tablet":"0","padding_bottom_mobile":"0","activate_custom_margin":false,"margin_top_desktop":"0","margin_top_tablet":"0","margin_top_mobile":"0","margin_bottom_desktop":"0","margin_bottom_tablet":"0","margin_bottom_mobile":"0","disable_on":[],"content_alignment_desktop":"left","content_alignment_tablet":"left","content_alignment_mobile":"left"},"height":"270"}},{"acf_fc_layout":"intro_with_sticky_image","_acfe_flexible_layout_title":null,"_acfe_flexible_toggle":null,"left_content_right_image_sticky":{"module_options":{"":null,"module_id":"n65157a254c7cf","module_class":"","module_background_type":"color","module_background_color":"#f1f1f1","module_background_image":false,"module_background_video":"","activate_custom_padding":false,"padding_top_desktop":"0","padding_top_tablet":"0","padding_top_mobile":"0","padding_bottom_desktop":"0","padding_bottom_tablet":"0","padding_bottom_mobile":"0","activate_custom_margin":false,"margin_top_desktop":"0","margin_top_tablet":"0","margin_top_mobile":"0","margin_bottom_desktop":"0","margin_bottom_tablet":"0","margin_bottom_mobile":"0","disable_on":[],"content_alignment_desktop":"left","content_alignment_tablet":"left","content_alignment_mobile":"left"},"":null,"title":"Estimulador Cortical Nicolet<sup>\u00ae<\/sup>","subheader":"<p>El estimulador cortical\u00a0Nicolet es una unidad compacta, digital y port\u00e1til para ayudar a identificar y mapear aquellas \u00e1reas del cerebro que controlan el habla, los sentidos, la visi\u00f3n y las capacidades motoras. El mapa resultante sirve de ayuda a m\u00e9dicos y cirujanos para planificar los procedimientos y planteamientos quir\u00fargicos tanto en el quir\u00f3fano como en las unidades de monitorizaci\u00f3n de epilepsia durante las resecciones de tumores cerebrales o en casos de cirug\u00eda relacionada con la epilepsia.<\/p>\n<p><span style=\"font-size: 12px;\"><br \/>\nNo disponible en todos los pa\u00edses. P\u00f3ngase en contacto con su representante de ventas local para conocer la disponibilidad.<\/span><\/p>\n","icons":[{"icon":{"ID":2228,"id":2228,"title":"icon-feature","filename":"icon-feature.png","filesize":1408,"url":"https:\/\/natus.com\/wp-content\/uploads\/icon-feature.png","link":"https:\/\/natus.com\/es\/neuro\/emg-portatil-dantec-clavis\/icon-feature-2\/","alt":"star","author":"2","description":"Icon - Star","caption":"","name":"icon-feature-2","status":"inherit","uploaded_to":8545,"date":"2023-09-07 22:27:26","modified":"2024-07-29 21:19:16","menu_order":0,"mime_type":"image\/png","type":"image","subtype":"png","icon":"https:\/\/natus.com\/wp-includes\/images\/media\/default.png","width":43,"height":41,"sizes":{"thumbnail":"https:\/\/natus.com\/wp-content\/uploads\/icon-feature.png","thumbnail-width":43,"thumbnail-height":41,"medium":"https:\/\/natus.com\/wp-content\/uploads\/icon-feature.png","medium-width":43,"medium-height":41,"medium_large":"https:\/\/natus.com\/wp-content\/uploads\/icon-feature.png","medium_large-width":43,"medium_large-height":41,"large":"https:\/\/natus.com\/wp-content\/uploads\/icon-feature.png","large-width":43,"large-height":41,"1536x1536":"https:\/\/natus.com\/wp-content\/uploads\/icon-feature.png","1536x1536-width":43,"1536x1536-height":41,"2048x2048":"https:\/\/natus.com\/wp-content\/uploads\/icon-feature.png","2048x2048-width":43,"2048x2048-height":41}},"icon_description":"Corriente<br \/>\r\nConstante<br \/>\r\nBif\u00e1sica"},{"icon":{"ID":1944,"id":1944,"title":"icon-flag","filename":"icon-flag.png","filesize":664,"url":"https:\/\/natus.com\/wp-content\/uploads\/icon-flag.png","link":"https:\/\/natus.com\/es\/neuro\/emg-portatil-dantec-clavis\/icon-flag-2\/","alt":"Icon - Flag","author":"2","description":"","caption":"","name":"icon-flag-2","status":"inherit","uploaded_to":8545,"date":"2023-09-01 19:14:05","modified":"2024-07-29 21:19:56","menu_order":0,"mime_type":"image\/png","type":"image","subtype":"png","icon":"https:\/\/natus.com\/wp-includes\/images\/media\/default.png","width":30,"height":42,"sizes":{"thumbnail":"https:\/\/natus.com\/wp-content\/uploads\/icon-flag.png","thumbnail-width":30,"thumbnail-height":42,"medium":"https:\/\/natus.com\/wp-content\/uploads\/icon-flag.png","medium-width":30,"medium-height":42,"medium_large":"https:\/\/natus.com\/wp-content\/uploads\/icon-flag.png","medium_large-width":30,"medium_large-height":42,"large":"https:\/\/natus.com\/wp-content\/uploads\/icon-flag.png","large-width":30,"large-height":42,"1536x1536":"https:\/\/natus.com\/wp-content\/uploads\/icon-flag.png","1536x1536-width":30,"1536x1536-height":42,"2048x2048":"https:\/\/natus.com\/wp-content\/uploads\/icon-flag.png","2048x2048-width":30,"2048x2048-height":42}},"icon_description":"Integraci\u00f3n<br \/>\r\nDel <br \/>\r\nSistema"},{"icon":{"ID":2435,"id":2435,"title":"icon-options","filename":"icon-options.png","filesize":1971,"url":"https:\/\/natus.com\/wp-content\/uploads\/icon-options.png","link":"https:\/\/natus.com\/es\/neuro\/icon-options-2\/","alt":"Icon - Multi Option","author":"2","description":"","caption":"","name":"icon-options-2","status":"inherit","uploaded_to":10464,"date":"2023-09-08 17:24:45","modified":"2024-07-29 21:17:09","menu_order":0,"mime_type":"image\/png","type":"image","subtype":"png","icon":"https:\/\/natus.com\/wp-includes\/images\/media\/default.png","width":47,"height":47,"sizes":{"thumbnail":"https:\/\/natus.com\/wp-content\/uploads\/icon-options.png","thumbnail-width":47,"thumbnail-height":47,"medium":"https:\/\/natus.com\/wp-content\/uploads\/icon-options.png","medium-width":47,"medium-height":47,"medium_large":"https:\/\/natus.com\/wp-content\/uploads\/icon-options.png","medium_large-width":47,"medium_large-height":47,"large":"https:\/\/natus.com\/wp-content\/uploads\/icon-options.png","large-width":47,"large-height":47,"1536x1536":"https:\/\/natus.com\/wp-content\/uploads\/icon-options.png","1536x1536-width":47,"1536x1536-height":47,"2048x2048":"https:\/\/natus.com\/wp-content\/uploads\/icon-options.png","2048x2048-width":47,"2048x2048-height":47}},"icon_description":"Varios <br \/>\r\nModos De <br \/>\r\nSuministro"}],"quick_navigation":[{"quick_link":{"type":"url","value":"#contact-neuro","url":"#contact-neuro","name":"#contact-neuro","title":"Contactarnos","target":""}},{"quick_link":{"type":"url","value":"#n64be98eed01eb","url":"#n64be98eed01eb","name":"#n64be98eed01eb","title":"Explore m\u00e1s detalles","target":""}}],"description":"<p>El estimulador cortical Nicolet se integra con los sistemas NicoletOne<sup>\u2122<\/sup> y NeuroWorks<sup>\u00ae <\/sup>y ofrece al usuario distintas funciones como registro de auditor\u00eda de todos los par\u00e1metros de estimulaci\u00f3n y ubicaciones durante la prueba. Esta integraci\u00f3n proporciona ventajas adicionales ya que permite generar informes autom\u00e1ticamente, como por ejemplo los resultados de los procedimientos y las anotaciones en los expedientes m\u00e9dicos de manera m\u00e1s eficaz.<\/p>\n<p><strong>Caracter\u00edsticas principales<\/strong><\/p>\n<ul>\n<li>Muestra la corriente seleccionada y real administrada<\/li>\n<li>Opci\u00f3n de interrupci\u00f3n ictal. para la gesti\u00f3n de \u201cdespu\u00e9s de descargas\u201d<\/li>\n<li>Funci\u00f3n aut\u00f3noma<\/li>\n<li>Software integrado en el sistema opcional<\/li>\n<li>Proporciona series de pulsos de estimulaci\u00f3n de corriente constante bif\u00e1sica<\/li>\n<li>Compatible con sonda bipolar desechable o electrodos intracraneales de Natus<\/li>\n<li>Niveles de frecuencia de pulso, duraci\u00f3n y corriente configurables por el usuario<\/li>\n<li>Pulso de est\u00edmulo individual y modo continuo disponibles<\/li>\n<li>Visualizaci\u00f3n de la corriente real suministrada<\/li>\n<li>Seguridad del paciente garantizada gracias a la monitorizaci\u00f3n continua con detecci\u00f3n de errores<\/li>\n<li>Cuenta atr\u00e1s del tiempo de estimulaci\u00f3n restante<\/li>\n<li>Tama\u00f1o peque\u00f1o y compacto<\/li>\n<li>Controles f\u00e1ciles de utilizar<\/li>\n<\/ul>\n","message_label":"Servicio y Soporte","message_title":"\u00bfBusca un servicio de neuro productos o asistencia t\u00e9cnica?","message_link":{"type":"post","value":"8369","url":"https:\/\/natus.com\/es\/soporte\/","name":"Servicio y Soporte","title":"Servicio y Soporte de Natus","target":""},"right_sticky_image":{"ID":2197,"id":2197,"title":"Nicolet Cortical Stimulator Main_500x850","filename":"Cort-Stim_Main-Image.png","filesize":311722,"url":"https:\/\/natus.com\/wp-content\/uploads\/Cort-Stim_Main-Image.png","link":"https:\/\/natus.com\/es\/neuro\/estimulador-cortical-nicolet\/nicolet-cortical-stimulator-main_500x850-2\/","alt":"The Nicolet\u00a0Cortical Stimulator is a compact, digital and portable unit ","author":"2","description":"","caption":"","name":"nicolet-cortical-stimulator-main_500x850-2","status":"inherit","uploaded_to":9503,"date":"2023-09-07 19:39:34","modified":"2023-09-07 23:04:28","menu_order":0,"mime_type":"image\/png","type":"image","subtype":"png","icon":"https:\/\/natus.com\/wp-includes\/images\/media\/default.png","width":500,"height":850,"sizes":{"thumbnail":"https:\/\/natus.com\/wp-content\/uploads\/Cort-Stim_Main-Image.png","thumbnail-width":56,"thumbnail-height":96,"medium":"https:\/\/natus.com\/wp-content\/uploads\/Cort-Stim_Main-Image.png","medium-width":500,"medium-height":850,"medium_large":"https:\/\/natus.com\/wp-content\/uploads\/Cort-Stim_Main-Image.png","medium_large-width":500,"medium_large-height":850,"large":"https:\/\/natus.com\/wp-content\/uploads\/Cort-Stim_Main-Image.png","large-width":500,"large-height":850,"1536x1536":"https:\/\/natus.com\/wp-content\/uploads\/Cort-Stim_Main-Image.png","1536x1536-width":500,"1536x1536-height":850,"2048x2048":"https:\/\/natus.com\/wp-content\/uploads\/Cort-Stim_Main-Image.png","2048x2048-width":500,"2048x2048-height":850}}}},{"acf_fc_layout":"product_information","_acfe_flexible_layout_title":null,"_acfe_flexible_toggle":null,"left_accordion_right_image_landing":{"module_options":{"":null,"module_id":"n64be98eed01eb","module_class":"","module_background_type":"color","module_background_color":"#f1f1f1","module_background_image":false,"module_background_video":"","activate_custom_padding":false,"padding_top_desktop":"0","padding_top_tablet":"0","padding_top_mobile":"0","padding_bottom_desktop":"0","padding_bottom_tablet":"0","padding_bottom_mobile":"0","activate_custom_margin":false,"margin_top_desktop":"0","margin_top_tablet":"0","margin_top_mobile":"0","margin_bottom_desktop":"0","margin_bottom_tablet":"0","margin_bottom_mobile":"0","disable_on":[],"content_alignment_desktop":"left","content_alignment_tablet":"left","content_alignment_mobile":"left"},"intro":"Informaci\u00f3n del Producto","description":"","accordion":[{"title":"Software","accordion_content":[{"acf_fc_layout":"full_content","accordion_description":"<p><a href=\"https:\/\/natus.com\/es\/neuro\/neuroworks-eeg-software\/\">El software NeuroWorks EEG<\/a> de Natus simplifica el proceso de recopilaci\u00f3n, supervisi\u00f3n, tendencias y gesti\u00f3n de los datos de las pruebas de EEG, lo que permite a los profesionales sanitarios ahorrar tiempo y centrarse en ofrecer la mejor atenci\u00f3n.<\/p>\n<p>\u00a0<\/p>\n<p>NeuroWorks, la plataforma de EEG en la que conf\u00edan m\u00e1s sistemas sanitarios y peque\u00f1os consultorios de todo el mundo, ha demostrado su fiabilidad en entornos cl\u00ednicos como las pruebas de EEG rutinarias, el EEG ambulatorio, la monitorizaci\u00f3n a largo plazo (LTM), la monitorizaci\u00f3n en UCI y los estudios de investigaci\u00f3n.<\/p>\n"}]},{"title":"Descargar Documentaci\u00f3n sobre el Producto","accordion_content":[{"acf_fc_layout":"full_content","accordion_description":"<p><strong>Folleto del Estimulador Cortical Nicolet<br \/>\n<\/strong><a href=\"https:\/\/natus.bynder.com\/m\/d1c126e0b3b244c0\/original\/Nicolet-Cortical-Stimulator-Flyer.pdf\" target=\"_blank\" rel=\"noopener\">Ingl\u00e9s<\/a><br \/>\n<a href=\"https:\/\/natus.bynder.com\/m\/09acf6f44cb24ecf\/original\/Nicolet-Cortical-Stimulator-Flyer.pdf\">Espa\u00f1ol<\/a><\/p>\n<p><strong>Folleto del estimulador cortical Nicolet para neurocirug\u00eda<\/strong><br \/>\n<a href=\"https:\/\/natus.bynder.com\/m\/535a76f52c62681b\/original\/Nicolet-Cortical-Stimulator-for-Neurosurgery-Flyer.pdf\" target=\"_blank\" rel=\"noopener\">Ingl\u00e9s<\/a><br \/>\n<a href=\"https:\/\/natus.bynder.com\/m\/30a70379f7040ed8\/original\/Nicolet-Cortical-Stimulator-for-Neurosurgery-Flyer.pdf\">Espa\u00f1ol<\/a><\/p>\n<p><strong>Foro Medco: Tecnolog\u00eda centrada en la epilepsia de Natus que ofrece soluciones de monitorizaci\u00f3n de larga duraci\u00f3n integradas y completas<\/strong><br \/>\n<a href=\"https:\/\/natus.bynder.com\/m\/4f449c924070f9f4\/original\/Natus-Neuro-Medco-Forum-Article-Your-Epilepsy-Specialists.pdf\" target=\"_blank\" rel=\"noopener\">Ingl\u00e9s<\/a><\/p>\n"}]},{"title":"Suministros","accordion_content":[{"acf_fc_layout":"left_content_right_image","accordion_description":"<p>Natus proporciona suministros para la estimulaci\u00f3n cortical<\/p>\n<ul>\n<li>Sonda de estimulaci\u00f3n cortical desechable Natus<\/li>\n<li>Electrodos intracraneales<\/li>\n<li>C\u00f3modo portal en l\u00ednea &#8211; <a href=\"https:\/\/natusmedicalstore.com\/\">Natus Medical Store<\/a> (disponible en algunos mercados)<\/li>\n<\/ul>\n","accordion_image":{"ID":4547,"id":4547,"title":"Cortical Stimulator Probe","filename":"Cortical-Stimulator-Probe.jpg","filesize":16440,"url":"https:\/\/natus.com\/wp-content\/uploads\/Cortical-Stimulator-Probe.jpg","link":"https:\/\/natus.com\/es\/neuro\/estimulador-cortical-nicolet\/cortical-stimulator-probe-2\/","alt":"Nicolet\u00ae Cortical Stimulator","author":"2","description":"","caption":"","name":"cortical-stimulator-probe-2","status":"inherit","uploaded_to":9503,"date":"2023-09-15 00:58:00","modified":"2024-07-29 20:21:18","menu_order":0,"mime_type":"image\/jpeg","type":"image","subtype":"jpeg","icon":"https:\/\/natus.com\/wp-includes\/images\/media\/default.png","width":480,"height":480,"sizes":{"thumbnail":"https:\/\/natus.com\/wp-content\/uploads\/Cortical-Stimulator-Probe.jpg","thumbnail-width":96,"thumbnail-height":96,"medium":"https:\/\/natus.com\/wp-content\/uploads\/Cortical-Stimulator-Probe.jpg","medium-width":480,"medium-height":480,"medium_large":"https:\/\/natus.com\/wp-content\/uploads\/Cortical-Stimulator-Probe.jpg","medium_large-width":480,"medium_large-height":480,"large":"https:\/\/natus.com\/wp-content\/uploads\/Cortical-Stimulator-Probe.jpg","large-width":480,"large-height":480,"1536x1536":"https:\/\/natus.com\/wp-content\/uploads\/Cortical-Stimulator-Probe.jpg","1536x1536-width":480,"1536x1536-height":480,"2048x2048":"https:\/\/natus.com\/wp-content\/uploads\/Cortical-Stimulator-Probe.jpg","2048x2048-width":480,"2048x2048-height":480}}}]}],"image_left":false}},{"acf_fc_layout":"related_products","_acfe_flexible_layout_title":null,"_acfe_flexible_toggle":null,"tiles_3_columns_landing":{"module_options":{"":null,"module_id":"n65157a255d8a8","module_class":"","module_background_type":"color","module_background_color":"#f1f1f1","module_background_image":false,"module_background_video":"","activate_custom_padding":false,"padding_top_desktop":"0","padding_top_tablet":"0","padding_top_mobile":"0","padding_bottom_desktop":"0","padding_bottom_tablet":"0","padding_bottom_mobile":"0","activate_custom_margin":false,"margin_top_desktop":"0","margin_top_tablet":"0","margin_top_mobile":"0","margin_bottom_desktop":"0","margin_bottom_tablet":"0","margin_bottom_mobile":"0","disable_on":[],"content_alignment_desktop":"left","content_alignment_tablet":"left","content_alignment_mobile":"left"},"intro_text":"Productos Neuro Relacionados","intro_text_color":"#005e63","intro_link":{"type":"post","value":"8356","url":"https:\/\/natus.com\/es\/productos-neuro\/","name":"Productos Neuro","title":"Ver todos los productos Neuro","target":""},"tiles":[{"label":"EEG de Rutina","label_background_color":"#154284","image":{"ID":4217,"id":4217,"title":"Brain Monitor Related Product Photo - 500x400","filename":"Bain-Monitor-related-product-500x400-2.png","filesize":177168,"url":"https:\/\/natus.com\/wp-content\/uploads\/Bain-Monitor-related-product-500x400-2.png","link":"https:\/\/natus.com\/es\/neuro\/neuroworks-eeg-software\/brain-monitor-related-product-photo-500x400-2\/","alt":"Natus Brain Monitor","author":"2","description":"","caption":"","name":"brain-monitor-related-product-photo-500x400-2","status":"inherit","uploaded_to":9424,"date":"2023-09-14 14:44:16","modified":"2024-11-01 16:25:20","menu_order":0,"mime_type":"image\/jpeg","type":"image","subtype":"jpeg","icon":"https:\/\/natus.com\/wp-includes\/images\/media\/default.png","width":500,"height":400,"sizes":{"thumbnail":"https:\/\/natus.com\/wp-content\/uploads\/Bain-Monitor-related-product-500x400-2.png","thumbnail-width":120,"thumbnail-height":96,"medium":"https:\/\/natus.com\/wp-content\/uploads\/Bain-Monitor-related-product-500x400-2.png","medium-width":500,"medium-height":400,"medium_large":"https:\/\/natus.com\/wp-content\/uploads\/Bain-Monitor-related-product-500x400-2.png","medium_large-width":500,"medium_large-height":400,"large":"https:\/\/natus.com\/wp-content\/uploads\/Bain-Monitor-related-product-500x400-2.png","large-width":500,"large-height":400,"1536x1536":"https:\/\/natus.com\/wp-content\/uploads\/Bain-Monitor-related-product-500x400-2.png","1536x1536-width":500,"1536x1536-height":400,"2048x2048":"https:\/\/natus.com\/wp-content\/uploads\/Bain-Monitor-related-product-500x400-2.png","2048x2048-width":500,"2048x2048-height":400}},"title":"Amplificador de EEG Natus\u00ae Brain Monitor","link":{"type":"post","value":"9419","url":"https:\/\/natus.com\/es\/neuro\/amplificador-eeg-natus-brain-monitor\/","name":"Amplificador de EEG Natus\u00ae Brain Monitor","title":"Saber M\u00e1s","target":"_blank"}},{"label":"Software de EEG ","label_background_color":"#154284","image":{"ID":4269,"id":4269,"title":"NeuroWorks Related Product Photo - 500x400","filename":"Neuroworks-10-Related-Product-Photo-500x400-1.png","filesize":211965,"url":"https:\/\/natus.com\/wp-content\/uploads\/Neuroworks-10-Related-Product-Photo-500x400-1.png","link":"https:\/\/natus.com\/es\/neuro\/sistema-eeg-ambulatorio-video-continuo-trex-hd\/neuroworks-related-product-photo-500x400-2\/","alt":"","author":"2","description":"","caption":"","name":"neuroworks-related-product-photo-500x400-2","status":"inherit","uploaded_to":9774,"date":"2023-09-14 18:10:52","modified":"2023-09-28 20:13:16","menu_order":0,"mime_type":"image\/png","type":"image","subtype":"png","icon":"https:\/\/natus.com\/wp-includes\/images\/media\/default.png","width":500,"height":400,"sizes":{"thumbnail":"https:\/\/natus.com\/wp-content\/uploads\/Neuroworks-10-Related-Product-Photo-500x400-1.png","thumbnail-width":120,"thumbnail-height":96,"medium":"https:\/\/natus.com\/wp-content\/uploads\/Neuroworks-10-Related-Product-Photo-500x400-1.png","medium-width":500,"medium-height":400,"medium_large":"https:\/\/natus.com\/wp-content\/uploads\/Neuroworks-10-Related-Product-Photo-500x400-1.png","medium_large-width":500,"medium_large-height":400,"large":"https:\/\/natus.com\/wp-content\/uploads\/Neuroworks-10-Related-Product-Photo-500x400-1.png","large-width":500,"large-height":400,"1536x1536":"https:\/\/natus.com\/wp-content\/uploads\/Neuroworks-10-Related-Product-Photo-500x400-1.png","1536x1536-width":500,"1536x1536-height":400,"2048x2048":"https:\/\/natus.com\/wp-content\/uploads\/Neuroworks-10-Related-Product-Photo-500x400-1.png","2048x2048-width":500,"2048x2048-height":400}},"title":"Software de EEG Natus\u00ae NeuroWorks\u00ae ","link":{"type":"post","value":"9424","url":"https:\/\/natus.com\/es\/neuro\/neuroworks-eeg-software\/","name":"Software de EEG Natus\u00ae NeuroWorks\u00ae","title":"Saber M\u00e1s","target":"_blank"}},{"label":"Monitorizaci\u00f3n de Larga Duraci\u00f3n (LTM)","label_background_color":"#154284","image":{"ID":4227,"id":4227,"title":"Quantum LTM Related Product Photo - 500x400","filename":"Quantum-main-image-10-16-B.png","filesize":169525,"url":"https:\/\/natus.com\/wp-content\/uploads\/Quantum-main-image-10-16-B.png","link":"https:\/\/natus.com\/es\/neuro\/neuroworks-eeg-software\/quantum-ltm-related-product-photo-500x400-2\/","alt":"Quantum LTM","author":"2","description":"","caption":"","name":"quantum-ltm-related-product-photo-500x400-2","status":"inherit","uploaded_to":9424,"date":"2023-09-14 15:28:51","modified":"2024-07-29 20:33:52","menu_order":0,"mime_type":"image\/png","type":"image","subtype":"png","icon":"https:\/\/natus.com\/wp-includes\/images\/media\/default.png","width":500,"height":400,"sizes":{"thumbnail":"https:\/\/natus.com\/wp-content\/uploads\/Quantum-main-image-10-16-B.png","thumbnail-width":120,"thumbnail-height":96,"medium":"https:\/\/natus.com\/wp-content\/uploads\/Quantum-main-image-10-16-B.png","medium-width":500,"medium-height":400,"medium_large":"https:\/\/natus.com\/wp-content\/uploads\/Quantum-main-image-10-16-B.png","medium_large-width":500,"medium_large-height":400,"large":"https:\/\/natus.com\/wp-content\/uploads\/Quantum-main-image-10-16-B.png","large-width":500,"large-height":400,"1536x1536":"https:\/\/natus.com\/wp-content\/uploads\/Quantum-main-image-10-16-B.png","1536x1536-width":500,"1536x1536-height":400,"2048x2048":"https:\/\/natus.com\/wp-content\/uploads\/Quantum-main-image-10-16-B.png","2048x2048-width":500,"2048x2048-height":400}},"title":" Amplificador LTM Natus\u00ae Quantum\u00ae ","link":{"type":"post","value":"9488","url":"https:\/\/natus.com\/es\/neuro\/amplificador-ltm-natus-quantum\/","name":"Amplificador LTM Natus\u00ae Quantum\u00ae","title":"Saber M\u00e1s","target":"_blank"}}]}},{"acf_fc_layout":"contact_form","_acfe_flexible_layout_title":null,"_acfe_flexible_toggle":null,"contact_form_landing":{"module_options":{"":null,"module_id":"contact-neuro","module_class":"","module_background_type":"color","module_background_color":"#f1f1f1","module_background_image":false,"module_background_video":"","activate_custom_padding":false,"padding_top_desktop":"0","padding_top_tablet":"0","padding_top_mobile":"0","padding_bottom_desktop":"0","padding_bottom_tablet":"0","padding_bottom_mobile":"0","activate_custom_margin":false,"margin_top_desktop":"0","margin_top_tablet":"0","margin_top_mobile":"0","margin_bottom_desktop":"0","margin_bottom_tablet":"0","margin_bottom_mobile":"0","disable_on":[],"content_alignment_desktop":"left","content_alignment_tablet":"left","content_alignment_mobile":"left"},"":null,"activate_intro":true,"intro_text":"P\u00f3ngase en contacto con su representante Natus","intro_text_color":"#005e63","intro_link":null,"activate_description":true,"description_title":"","description_copy":"Para obtener m\u00e1s informaci\u00f3n sobre este o cualquier producto, env\u00edenos un mensaje a trav\u00e9s del siguiente formulario.","embed_code":"<script charset=\"utf-8\" type=\"text\/javascript\" src=\"\/\/js.hsforms.net\/forms\/embed\/v2.js\"><\/script>\r\n<script>\r\n  hbspt.forms.create({\r\n    region: \"na1\",\r\n    portalId: \"3002890\",\r\n    formId: \"19994ddf-5157-44b4-99ac-309f46ef293a\"\r\n  });\r\n<\/script>"}},{"acf_fc_layout":"simple_content","_acfe_flexible_layout_title":null,"_acfe_flexible_toggle":null,"content_full_width_landing":{"module_options":{"":null,"module_id":"n65157a256d60a","module_class":"","module_background_type":"color","module_background_color":"","module_background_image":false,"module_background_video":"","activate_custom_padding":false,"padding_top_desktop":"0","padding_top_tablet":"0","padding_top_mobile":"0","padding_bottom_desktop":"0","padding_bottom_tablet":"0","padding_bottom_mobile":"0","activate_custom_margin":false,"margin_top_desktop":"0","margin_top_tablet":"0","margin_top_mobile":"0","margin_bottom_desktop":"0","margin_bottom_tablet":"0","margin_bottom_mobile":"0","disable_on":[],"content_alignment_desktop":"left","content_alignment_tablet":"left","content_alignment_mobile":"left"},"content":"<p><span style=\"font-size: 11px;\">033745 RevD<\/span><\/p>\n"}}],"schema_markup":[{"acf_fc_layout":"schema_markup_product","_acfe_flexible_layout_title":null,"_acfe_flexible_toggle":null,"schema_markup_product":{"enable_schema":true,"":null,"device_name":"Estimulador Cortical Nicolet\u00ae","device_image":"https:\/\/natus.com\/wp-content\/uploads\/Cort-Stim_Main-Image.png","device_desc":"El estimulador cortical Nicolet es una unidad compacta, digital y port\u00e1til para ayudar a identificar y mapear aquellas \u00e1reas del cerebro que controlan el habla, los sentidos, la visi\u00f3n y las capacidades motoras.","device_purpose":"","manufacturer_name":"Natus Medical Incorporated","manufacturer_url":"https:\/\/natus.com","brand_name":"Natus","page_url":"https:\/\/natus.com\/es\/neuro\/estimulador-cortical-nicolet\/","in_language":"es","medical_specialty":["Neurologic"]}}]},"_links":{"self":[{"href":"https:\/\/natus.com\/es\/wp-json\/wp\/v2\/pages\/9503","targetHints":{"allow":["GET"]}}],"collection":[{"href":"https:\/\/natus.com\/es\/wp-json\/wp\/v2\/pages"}],"about":[{"href":"https:\/\/natus.com\/es\/wp-json\/wp\/v2\/types\/page"}],"author":[{"embeddable":true,"href":"https:\/\/natus.com\/es\/wp-json\/wp\/v2\/users\/2"}],"replies":[{"embeddable":true,"href":"https:\/\/natus.com\/es\/wp-json\/wp\/v2\/comments?post=9503"}],"version-history":[{"count":10,"href":"https:\/\/natus.com\/es\/wp-json\/wp\/v2\/pages\/9503\/revisions"}],"predecessor-version":[{"id":26224,"href":"https:\/\/natus.com\/es\/wp-json\/wp\/v2\/pages\/9503\/revisions\/26224"}],"up":[{"embeddable":true,"href":"https:\/\/natus.com\/es\/wp-json\/wp\/v2\/pages\/10464"}],"wp:attachment":[{"href":"https:\/\/natus.com\/es\/wp-json\/wp\/v2\/media?parent=9503"}],"wp:term":[{"taxonomy":"category","embeddable":true,"href":"https:\/\/natus.com\/es\/wp-json\/wp\/v2\/categories?post=9503"},{"taxonomy":"post_tag","embeddable":true,"href":"https:\/\/natus.com\/es\/wp-json\/wp\/v2\/tags?post=9503"}],"curies":[{"name":"wp","href":"https:\/\/api.w.org\/{rel}","templated":true}]}}