{"id":9644,"date":"2023-09-08T16:56:39","date_gmt":"2023-09-08T16:56:39","guid":{"rendered":"https:\/\/natus.com\/grass-disposable-deep-cup-eeg-electrodes\/"},"modified":"2024-06-28T20:38:43","modified_gmt":"2024-06-28T20:38:43","slug":"electrodos-de-eeg-de-copa-profunda-desechables-grass","status":"publish","type":"page","link":"https:\/\/natus.com\/es\/neuro\/electrodos-de-eeg-de-copa-profunda-desechables-grass\/","title":{"rendered":"Electrodos de EEG de copa profunda desechables Grass\u00ae"},"content":{"rendered":"","protected":false},"excerpt":{"rendered":"","protected":false},"author":3,"featured_media":0,"parent":10464,"menu_order":0,"comment_status":"closed","ping_status":"closed","template":"templates\/page-neuro-solutions-product-landing.php","meta":{"_acf_changed":false,"footnotes":""},"categories":[162,204],"tags":[233],"class_list":["post-9644","page","type-page","status-publish","hentry","category-electroencefalografia-eeg-aeeg-es","category-suministros-neurodiagnostico-es","tag-suministros-eeg-es"],"acf":{"content_blocks":[{"acf_fc_layout":"spacer","_acfe_flexible_toggle":"","spacer":{"module_options":{"":null,"module_id":"n6514e8221cc20","module_class":"","module_background_type":"color","module_background_color":"#00aaa7","module_background_image":false,"module_background_video":"","activate_custom_padding":false,"padding_top_desktop":"0","padding_top_tablet":"0","padding_top_mobile":"0","padding_bottom_desktop":"0","padding_bottom_tablet":"0","padding_bottom_mobile":"0","activate_custom_margin":false,"margin_top_desktop":"0","margin_top_tablet":"0","margin_top_mobile":"0","margin_bottom_desktop":"0","margin_bottom_tablet":"0","margin_bottom_mobile":"0","disable_on":[],"content_alignment_desktop":"left","content_alignment_tablet":"left","content_alignment_mobile":"left"},"height":"270"}},{"acf_fc_layout":"intro_with_sticky_image","_acfe_flexible_toggle":"","left_content_right_image_sticky":{"module_options":{"":null,"module_id":"n6514e82224b20","module_class":"","module_background_type":"color","module_background_color":"#f1f1f1","module_background_image":false,"module_background_video":"","activate_custom_padding":false,"padding_top_desktop":"0","padding_top_tablet":"0","padding_top_mobile":"0","padding_bottom_desktop":"0","padding_bottom_tablet":"0","padding_bottom_mobile":"0","activate_custom_margin":false,"margin_top_desktop":"0","margin_top_tablet":"0","margin_top_mobile":"0","margin_bottom_desktop":"0","margin_bottom_tablet":"0","margin_bottom_mobile":"0","disable_on":[],"content_alignment_desktop":"left","content_alignment_tablet":"left","content_alignment_mobile":"left"},"":null,"title":"Electrodos de EEG de copa profunda desechables Grass\u00ae","subheader":"<p>Los electrodos de EEG de copa profunda\u00a0desechables Grass contin\u00faan con la tradici\u00f3n de calidad e innovaci\u00f3n que aporta la marca que m\u00e1s confianza inspira en el \u00e1mbito de los electrodos de EEG. El mayor volumen de la copa permite albergar m\u00e1s pasta y aumentar la capacidad de registro de EEG.<\/p>\n<p>&nbsp;<\/p>\n<ul>\n<li>Copas de 10 mm de di\u00e1metro chapadas en Ag\/AgCl<\/li>\n<li>\u00c1rea de contacto con la superficie un 50 % mayor y una copa un 20 % m\u00e1s profunda que los modelos est\u00e1ndar<\/li>\n<li>Impedancia baja con monitorizaci\u00f3n de EEG rutinaria y tambi\u00e9n de largo plazo<\/li>\n<li>No necesitan limpieza ni mantenimiento; se usan una vez y se desechan<\/li>\n<li>Ajuste del conector Touchproof que permite insertar y extraer f\u00e1cilmente la caja de conexiones<\/li>\n<li>Envase de 10: Derivaciones en 10 colores diferentes: amarillo, rojo, naranja, azul, morado, marr\u00f3n, verde, blanco, gris, negro<\/li>\n<li>Envase de 25: Derivaciones en 12 colores distintos: amarillo, rojo, naranja, azul, morado, marr\u00f3n, verde, blanco, gris, negro, azul claro, rosa, m\u00e1s una adicional de color blanco<\/li>\n<li>C\u00f3modo portal en l\u00ednea &#8211; <a href=\"https:\/\/natusmedicalstore.com\/\">Natus Medical Store<\/a> (disponible en algunos mercados)<\/li>\n<\/ul>\n<p><span style=\"font-size: 11px;\">No disponibles en todos los pa\u00edses. P\u00f3ngase en contacto con su representante de ventas local para conocer la disponibilidad.<\/span><\/p>\n","icons":[{"icon":{"ID":2228,"id":2228,"title":"icon-feature","filename":"icon-feature.png","filesize":1408,"url":"https:\/\/natus.com\/wp-content\/uploads\/icon-feature.png","link":"https:\/\/natus.com\/es\/neuro\/emg-portatil-dantec-clavis\/icon-feature-2\/","alt":"star","author":"2","description":"Icon - Star","caption":"","name":"icon-feature-2","status":"inherit","uploaded_to":8545,"date":"2023-09-07 22:27:26","modified":"2024-07-29 21:19:16","menu_order":0,"mime_type":"image\/png","type":"image","subtype":"png","icon":"https:\/\/natus.com\/wp-includes\/images\/media\/default.png","width":43,"height":41,"sizes":{"thumbnail":"https:\/\/natus.com\/wp-content\/uploads\/icon-feature.png","thumbnail-width":43,"thumbnail-height":41,"medium":"https:\/\/natus.com\/wp-content\/uploads\/icon-feature.png","medium-width":43,"medium-height":41,"medium_large":"https:\/\/natus.com\/wp-content\/uploads\/icon-feature.png","medium_large-width":43,"medium_large-height":41,"large":"https:\/\/natus.com\/wp-content\/uploads\/icon-feature.png","large-width":43,"large-height":41,"1536x1536":"https:\/\/natus.com\/wp-content\/uploads\/icon-feature.png","1536x1536-width":43,"1536x1536-height":41,"2048x2048":"https:\/\/natus.com\/wp-content\/uploads\/icon-feature.png","2048x2048-width":43,"2048x2048-height":41}},"icon_description":"Copa ABS<br \/>\r\nRecubierto <br \/>\r\nDe Ag \/ AgCl"},{"icon":{"ID":1944,"id":1944,"title":"icon-flag","filename":"icon-flag.png","filesize":664,"url":"https:\/\/natus.com\/wp-content\/uploads\/icon-flag.png","link":"https:\/\/natus.com\/es\/neuro\/emg-portatil-dantec-clavis\/icon-flag-2\/","alt":"Icon - Flag","author":"2","description":"","caption":"","name":"icon-flag-2","status":"inherit","uploaded_to":8545,"date":"2023-09-01 19:14:05","modified":"2024-07-29 21:19:56","menu_order":0,"mime_type":"image\/png","type":"image","subtype":"png","icon":"https:\/\/natus.com\/wp-includes\/images\/media\/default.png","width":30,"height":42,"sizes":{"thumbnail":"https:\/\/natus.com\/wp-content\/uploads\/icon-flag.png","thumbnail-width":30,"thumbnail-height":42,"medium":"https:\/\/natus.com\/wp-content\/uploads\/icon-flag.png","medium-width":30,"medium-height":42,"medium_large":"https:\/\/natus.com\/wp-content\/uploads\/icon-flag.png","medium_large-width":30,"medium_large-height":42,"large":"https:\/\/natus.com\/wp-content\/uploads\/icon-flag.png","large-width":30,"large-height":42,"1536x1536":"https:\/\/natus.com\/wp-content\/uploads\/icon-flag.png","1536x1536-width":30,"1536x1536-height":42,"2048x2048":"https:\/\/natus.com\/wp-content\/uploads\/icon-flag.png","2048x2048-width":30,"2048x2048-height":42}},"icon_description":"Sin <br \/>\r\nContaminaci\u00f3n <br \/>\r\nCruzada"}],"quick_navigation":[{"quick_link":{"type":"url","value":"#contact-neuro","url":"#contact-neuro","name":"#contact-neuro","title":"Contactarnos ","target":""}},{"quick_link":{"type":"url","value":"#n64be98eed01eb","url":"#n64be98eed01eb","name":"#n64be98eed01eb","title":"Explore m\u00e1s detalles","target":""}}],"description":"","message_label":"Servicio y Soporte","message_title":"\u00bfBusca un servicio de neuro productos o asistencia t\u00e9cnica?","message_link":{"type":"post","value":"8369","url":"https:\/\/natus.com\/es\/soporte\/","name":"Servicio y Soporte","title":"Servicio y Soporte de Natus","target":""},"right_sticky_image":{"ID":5205,"id":5205,"title":"Grass Disposable Deep Cup Electrodes group_WPI (2)","filename":"Grass-Disposable-Deep-Cup-Electrodes-group_WPI-2.png","filesize":225672,"url":"https:\/\/natus.com\/wp-content\/uploads\/Grass-Disposable-Deep-Cup-Electrodes-group_WPI-2.png","link":"https:\/\/natus.com\/es\/neuro\/electrodos-de-eeg-de-copa-profunda-desechables-grass\/grass-disposable-deep-cup-electrodes-group_wpi-2-2\/","alt":"Grass Disposable Deep Cup Electrodes ","author":"2","description":"","caption":"","name":"grass-disposable-deep-cup-electrodes-group_wpi-2-2","status":"inherit","uploaded_to":9644,"date":"2023-09-18 19:56:29","modified":"2024-07-26 17:08:35","menu_order":0,"mime_type":"image\/png","type":"image","subtype":"png","icon":"https:\/\/natus.com\/wp-includes\/images\/media\/default.png","width":500,"height":454,"sizes":{"thumbnail":"https:\/\/natus.com\/wp-content\/uploads\/Grass-Disposable-Deep-Cup-Electrodes-group_WPI-2.png","thumbnail-width":106,"thumbnail-height":96,"medium":"https:\/\/natus.com\/wp-content\/uploads\/Grass-Disposable-Deep-Cup-Electrodes-group_WPI-2.png","medium-width":500,"medium-height":454,"medium_large":"https:\/\/natus.com\/wp-content\/uploads\/Grass-Disposable-Deep-Cup-Electrodes-group_WPI-2.png","medium_large-width":500,"medium_large-height":454,"large":"https:\/\/natus.com\/wp-content\/uploads\/Grass-Disposable-Deep-Cup-Electrodes-group_WPI-2.png","large-width":500,"large-height":454,"1536x1536":"https:\/\/natus.com\/wp-content\/uploads\/Grass-Disposable-Deep-Cup-Electrodes-group_WPI-2.png","1536x1536-width":500,"1536x1536-height":454,"2048x2048":"https:\/\/natus.com\/wp-content\/uploads\/Grass-Disposable-Deep-Cup-Electrodes-group_WPI-2.png","2048x2048-width":500,"2048x2048-height":454}}}},{"acf_fc_layout":"product_information","_acfe_flexible_toggle":"","left_accordion_right_image_landing":{"module_options":{"":null,"module_id":"n64be98eed01eb","module_class":"","module_background_type":"color","module_background_color":"","module_background_image":false,"module_background_video":"","activate_custom_padding":false,"padding_top_desktop":"0","padding_top_tablet":"0","padding_top_mobile":"0","padding_bottom_desktop":"0","padding_bottom_tablet":"0","padding_bottom_mobile":"0","activate_custom_margin":false,"margin_top_desktop":"0","margin_top_tablet":"0","margin_top_mobile":"0","margin_bottom_desktop":"0","margin_bottom_tablet":"0","margin_bottom_mobile":"0","disable_on":[],"content_alignment_desktop":"left","content_alignment_tablet":"left","content_alignment_mobile":"left"},"intro":"Informaci\u00f3n del Producto","description":"","accordion":[{"title":"Especificaciones","accordion_content":[{"acf_fc_layout":"full_content","accordion_description":"<p><strong>Electrodo<\/strong><\/p>\n<ul>\n<li>Pl\u00e1stico ABS revestido en\u00a0Ag\/AgCI<\/li>\n<\/ul>\n<p><strong>Medidas de la copa<\/strong><\/p>\n<ul>\n<li><strong>Di\u00e1metro de la copa:<\/strong>\u00a010 mm<\/li>\n<li><strong>Altura de la copa:<\/strong>\u00a03,0 mm<\/li>\n<li><strong>Di\u00e1metro de la copa interior:<\/strong>\u00a06,7 mm<\/li>\n<\/ul>\n<p><strong>Cable<\/strong><\/p>\n<ul>\n<li><strong>N\u00facleo:<\/strong>\u00a0Cobre chapado<\/li>\n<li><strong>Camisa:\u00a0<\/strong>CVP<\/li>\n<\/ul>\n<p><strong>Conector Touchproof hembra de 1,5 mm (DIN 42 802)<\/strong><\/p>\n<ul>\n<li><strong>Conector:<\/strong>\u00a0Lat\u00f3n chapado<\/li>\n<li><strong>Aislamiento:<\/strong>\u00a0CVP<\/li>\n<\/ul>\n"}]},{"title":"Descargar documentaci\u00f3n sobre el producto","accordion_content":[{"acf_fc_layout":"full_content","accordion_description":"<p><strong>P\u00e1gina del producto Electrodo de EEG de copa desechable Grass<\/strong><br \/>\n<a href=\"https:\/\/natus.bynder.com\/m\/b88701062802c793\/original\/Grass-Disposable-Cup-Electrodes-Flyer.pdf\" target=\"_blank\" rel=\"noopener\">Ingl\u00e9s<\/a><br \/>\n<a href=\"https:\/\/natus.bynder.com\/m\/8859cc6bbf1c22ae\/original\/Grass-Disposable-Cup-Electrodes-Flyer.pdf\" target=\"_blank\" rel=\"noopener\">Franc\u00e9s<\/a><br \/>\n<a href=\"https:\/\/natus.bynder.com\/m\/b6731a54d83ccf8a\/original\/Grass-Disposable-Cup-Electrodes-Flyer.pdf\" target=\"_blank\" rel=\"noopener\">Alem\u00e1n<\/a><br \/>\n<a href=\"https:\/\/natus.bynder.com\/m\/8643e7b607f2ea5c\/original\/Grass-Disposable-Cup-Electrodes-Flyer.pdf\" target=\"_blank\" rel=\"noopener\">Italiano<\/a><br \/>\n<a href=\"https:\/\/natus.bynder.com\/m\/77e28e57a304f17b\/original\/Grass-Disposable-Cup-Electrodes-Flyer.pdf\" target=\"_blank\" rel=\"noopener\">Espa\u00f1ol<\/a><\/p>\n<p>&nbsp;<\/p>\n<p><strong>Cat\u00e1logo de suministros para neurodiagn\u00f3sticos de Natus <\/strong><br \/>\n<a href=\"https:\/\/natus.bynder.com\/m\/990029e101bebd22\/original\/Natus-Neurodiagnostic-Supplies-Catalog.pdf\">Ingl\u00e9s<\/a><br \/>\n<a href=\"https:\/\/natus.bynder.com\/m\/158d8472457a8340\/original\/Natus-Neurodiagnostic-Supplies-Catalog.pdf\">Franc\u00e9s<\/a><br \/>\n<a href=\"https:\/\/natus.bynder.com\/m\/2af7bff78ece1e68\/original\/Natus-Neurodiagnostic-Supplies-Catalog.pdf\">Alem\u00e1n<\/a><br \/>\n<a href=\"https:\/\/natus.bynder.com\/m\/381843ac1f7e9034\/original\/Natus-Neurodiagnostic-Supplies-Catalog.pdf\">Espa\u00f1ol<\/a><\/p>\n"}]}],"image_left":{"ID":5164,"id":5164,"title":"EEG_0074_clinical_RETv1-0","filename":"EEG_0074_clinical_RETv1-0.png","filesize":315008,"url":"https:\/\/natus.com\/wp-content\/uploads\/EEG_0074_clinical_RETv1-0.png","link":"https:\/\/natus.com\/es\/neuro\/electrodos-de-eeg-de-copa-reutilizables-genuine-grass\/eeg_0074_clinical_retv1-0-2\/","alt":"Man with electrodes on his scalp","author":"2","description":"","caption":"","name":"eeg_0074_clinical_retv1-0-2","status":"inherit","uploaded_to":9545,"date":"2023-09-18 19:22:21","modified":"2024-07-26 17:09:09","menu_order":0,"mime_type":"image\/png","type":"image","subtype":"png","icon":"https:\/\/natus.com\/wp-includes\/images\/media\/default.png","width":525,"height":350,"sizes":{"thumbnail":"https:\/\/natus.com\/wp-content\/uploads\/EEG_0074_clinical_RETv1-0.png","thumbnail-width":128,"thumbnail-height":85,"medium":"https:\/\/natus.com\/wp-content\/uploads\/EEG_0074_clinical_RETv1-0.png","medium-width":525,"medium-height":350,"medium_large":"https:\/\/natus.com\/wp-content\/uploads\/EEG_0074_clinical_RETv1-0.png","medium_large-width":525,"medium_large-height":350,"large":"https:\/\/natus.com\/wp-content\/uploads\/EEG_0074_clinical_RETv1-0.png","large-width":525,"large-height":350,"1536x1536":"https:\/\/natus.com\/wp-content\/uploads\/EEG_0074_clinical_RETv1-0.png","1536x1536-width":525,"1536x1536-height":350,"2048x2048":"https:\/\/natus.com\/wp-content\/uploads\/EEG_0074_clinical_RETv1-0.png","2048x2048-width":525,"2048x2048-height":350}}}},{"acf_fc_layout":"related_products","_acfe_flexible_toggle":"","tiles_3_columns_landing":{"module_options":{"":null,"module_id":"n6514e82235e03","module_class":"","module_background_type":"color","module_background_color":"","module_background_image":false,"module_background_video":"","activate_custom_padding":false,"padding_top_desktop":"0","padding_top_tablet":"0","padding_top_mobile":"0","padding_bottom_desktop":"0","padding_bottom_tablet":"0","padding_bottom_mobile":"0","activate_custom_margin":false,"margin_top_desktop":"0","margin_top_tablet":"0","margin_top_mobile":"0","margin_bottom_desktop":"0","margin_bottom_tablet":"0","margin_bottom_mobile":"0","disable_on":[],"content_alignment_desktop":"left","content_alignment_tablet":"left","content_alignment_mobile":"left"},"intro_text":"Productos Neuro Relacionados","intro_text_color":"#005e63","intro_link":{"type":"post","value":"8356","url":"https:\/\/natus.com\/es\/productos-neuro\/","name":"Productos Neuro","title":"Ver todos los productos Neuro","target":""},"tiles":[{"label":"Suministros EEG","label_background_color":"#154284","image":{"ID":4804,"id":4804,"title":"Grass Reuseable Stamped Electrodes Related Product Photo - 500x400","filename":"Grass-Reuseable-Stamped-Electrodes-Related-Product-Photo-500x400-1.png","filesize":163212,"url":"https:\/\/natus.com\/wp-content\/uploads\/Grass-Reuseable-Stamped-Electrodes-Related-Product-Photo-500x400-1.png","link":"https:\/\/natus.com\/es\/neuro\/eeg-aeeg\/suministros-eeg\/grass-reuseable-stamped-electrodes-related-product-photo-500x400-2\/","alt":"Grass Reusable Stamped Electrodes","author":"2","description":"","caption":"","name":"grass-reuseable-stamped-electrodes-related-product-photo-500x400-2","status":"inherit","uploaded_to":12645,"date":"2023-09-15 19:30:08","modified":"2024-07-26 19:13:55","menu_order":0,"mime_type":"image\/png","type":"image","subtype":"png","icon":"https:\/\/natus.com\/wp-includes\/images\/media\/default.png","width":500,"height":400,"sizes":{"thumbnail":"https:\/\/natus.com\/wp-content\/uploads\/Grass-Reuseable-Stamped-Electrodes-Related-Product-Photo-500x400-1.png","thumbnail-width":120,"thumbnail-height":96,"medium":"https:\/\/natus.com\/wp-content\/uploads\/Grass-Reuseable-Stamped-Electrodes-Related-Product-Photo-500x400-1.png","medium-width":500,"medium-height":400,"medium_large":"https:\/\/natus.com\/wp-content\/uploads\/Grass-Reuseable-Stamped-Electrodes-Related-Product-Photo-500x400-1.png","medium_large-width":500,"medium_large-height":400,"large":"https:\/\/natus.com\/wp-content\/uploads\/Grass-Reuseable-Stamped-Electrodes-Related-Product-Photo-500x400-1.png","large-width":500,"large-height":400,"1536x1536":"https:\/\/natus.com\/wp-content\/uploads\/Grass-Reuseable-Stamped-Electrodes-Related-Product-Photo-500x400-1.png","1536x1536-width":500,"1536x1536-height":400,"2048x2048":"https:\/\/natus.com\/wp-content\/uploads\/Grass-Reuseable-Stamped-Electrodes-Related-Product-Photo-500x400-1.png","2048x2048-width":500,"2048x2048-height":400}},"title":"Electrodos de EEG de copa estampados reutilizables Grass\u00ae","link":{"type":"post","value":"9656","url":"https:\/\/natus.com\/es\/neuro\/electrodos-de-eeg-de-copa-estampados-reutilizables-grass\/","name":"Electrodos de EEG de copa estampados reutilizables Grass\u00ae","title":"Saber M\u00e1s","target":"_blank"}},{"label":"Suministros EEG","label_background_color":"#154284","image":{"ID":4779,"id":4779,"title":"Grass Standard Cup EEG Electrodes Related Product Photo -500x400","filename":"Grass-Disposable-Standard-Cup-EEG-Electrodes-Related-Product-Photo-500x400-1.png","filesize":221785,"url":"https:\/\/natus.com\/wp-content\/uploads\/Grass-Disposable-Standard-Cup-EEG-Electrodes-Related-Product-Photo-500x400-1.png","link":"https:\/\/natus.com\/es\/neuro\/eeg-aeeg\/suministros-eeg\/grass-standard-cup-eeg-electrodes-related-product-photo-500x400-2\/","alt":"Grass Disposable Standard Cup EEG Electrodes","author":"2","description":"","caption":"","name":"grass-standard-cup-eeg-electrodes-related-product-photo-500x400-2","status":"inherit","uploaded_to":12645,"date":"2023-09-15 18:42:55","modified":"2024-07-26 19:14:59","menu_order":0,"mime_type":"image\/png","type":"image","subtype":"png","icon":"https:\/\/natus.com\/wp-includes\/images\/media\/default.png","width":500,"height":400,"sizes":{"thumbnail":"https:\/\/natus.com\/wp-content\/uploads\/Grass-Disposable-Standard-Cup-EEG-Electrodes-Related-Product-Photo-500x400-1.png","thumbnail-width":120,"thumbnail-height":96,"medium":"https:\/\/natus.com\/wp-content\/uploads\/Grass-Disposable-Standard-Cup-EEG-Electrodes-Related-Product-Photo-500x400-1.png","medium-width":500,"medium-height":400,"medium_large":"https:\/\/natus.com\/wp-content\/uploads\/Grass-Disposable-Standard-Cup-EEG-Electrodes-Related-Product-Photo-500x400-1.png","medium_large-width":500,"medium_large-height":400,"large":"https:\/\/natus.com\/wp-content\/uploads\/Grass-Disposable-Standard-Cup-EEG-Electrodes-Related-Product-Photo-500x400-1.png","large-width":500,"large-height":400,"1536x1536":"https:\/\/natus.com\/wp-content\/uploads\/Grass-Disposable-Standard-Cup-EEG-Electrodes-Related-Product-Photo-500x400-1.png","1536x1536-width":500,"1536x1536-height":400,"2048x2048":"https:\/\/natus.com\/wp-content\/uploads\/Grass-Disposable-Standard-Cup-EEG-Electrodes-Related-Product-Photo-500x400-1.png","2048x2048-width":500,"2048x2048-height":400}},"title":"Electrodos de EEG de copa desechables Grass\u00ae","link":{"type":"post","value":"9587","url":"https:\/\/natus.com\/es\/neuro\/electrodos-de-eeg-de-copa-desechables-grass\/","name":"Electrodos de EEG de copa desechables Grass\u00ae","title":"Saber M\u00e1s","target":"_blank"}},{"label":"Suministros EEG","label_background_color":"#154284","image":{"ID":4840,"id":4840,"title":"Grass Reusable Cup EEG Electrodes Related Product Photo - 500x400","filename":"Grass-Reusable-Cup-EEG-Electrodes-Related-Product-Photo-500x400-1.png","filesize":153118,"url":"https:\/\/natus.com\/wp-content\/uploads\/Grass-Reusable-Cup-EEG-Electrodes-Related-Product-Photo-500x400-1.png","link":"https:\/\/natus.com\/es\/neuro\/eeg-aeeg\/suministros-eeg\/grass-reusable-cup-eeg-electrodes-related-product-photo-500x400-2\/","alt":"Grass Reusable Cup EEG Electrodes","author":"2","description":"","caption":"","name":"grass-reusable-cup-eeg-electrodes-related-product-photo-500x400-2","status":"inherit","uploaded_to":12645,"date":"2023-09-15 19:32:46","modified":"2024-07-26 19:12:35","menu_order":0,"mime_type":"image\/png","type":"image","subtype":"png","icon":"https:\/\/natus.com\/wp-includes\/images\/media\/default.png","width":500,"height":400,"sizes":{"thumbnail":"https:\/\/natus.com\/wp-content\/uploads\/Grass-Reusable-Cup-EEG-Electrodes-Related-Product-Photo-500x400-1.png","thumbnail-width":120,"thumbnail-height":96,"medium":"https:\/\/natus.com\/wp-content\/uploads\/Grass-Reusable-Cup-EEG-Electrodes-Related-Product-Photo-500x400-1.png","medium-width":500,"medium-height":400,"medium_large":"https:\/\/natus.com\/wp-content\/uploads\/Grass-Reusable-Cup-EEG-Electrodes-Related-Product-Photo-500x400-1.png","medium_large-width":500,"medium_large-height":400,"large":"https:\/\/natus.com\/wp-content\/uploads\/Grass-Reusable-Cup-EEG-Electrodes-Related-Product-Photo-500x400-1.png","large-width":500,"large-height":400,"1536x1536":"https:\/\/natus.com\/wp-content\/uploads\/Grass-Reusable-Cup-EEG-Electrodes-Related-Product-Photo-500x400-1.png","1536x1536-width":500,"1536x1536-height":400,"2048x2048":"https:\/\/natus.com\/wp-content\/uploads\/Grass-Reusable-Cup-EEG-Electrodes-Related-Product-Photo-500x400-1.png","2048x2048-width":500,"2048x2048-height":400}},"title":"Electrodos de EEG de copa reutilizables Genuine Grass\u00ae","link":{"type":"post","value":"9545","url":"https:\/\/natus.com\/es\/neuro\/electrodos-de-eeg-de-copa-reutilizables-genuine-grass\/","name":"Electrodos de EEG de copa reutilizables Genuine Grass\u00ae","title":"Saber M\u00e1s","target":"_blank"}}]}},{"acf_fc_layout":"contact_form","_acfe_flexible_toggle":"","contact_form_landing":{"module_options":{"":null,"module_id":"contact-neuro","module_class":"","module_background_type":"color","module_background_color":"#f1f1f1","module_background_image":false,"module_background_video":"","activate_custom_padding":false,"padding_top_desktop":"0","padding_top_tablet":"0","padding_top_mobile":"0","padding_bottom_desktop":"0","padding_bottom_tablet":"0","padding_bottom_mobile":"0","activate_custom_margin":false,"margin_top_desktop":"0","margin_top_tablet":"0","margin_top_mobile":"0","margin_bottom_desktop":"0","margin_bottom_tablet":"0","margin_bottom_mobile":"0","disable_on":[],"content_alignment_desktop":"left","content_alignment_tablet":"left","content_alignment_mobile":"left"},"":null,"activate_intro":true,"intro_text":"P\u00f3ngase en contacto con su representante Natus","intro_text_color":"#005e63","intro_link":null,"activate_description":true,"description_title":"","description_copy":"Para obtener m\u00e1s informaci\u00f3n sobre este o cualquier producto, env\u00edenos un mensaje a trav\u00e9s del siguiente formulario.","embed_code":"<script charset=\"utf-8\" type=\"text\/javascript\" src=\"\/\/js.hsforms.net\/forms\/embed\/v2.js\"><\/script>\r\n<script>\r\n  hbspt.forms.create({\r\n    region: \"na1\",\r\n    portalId: \"3002890\",\r\n    formId: \"19994ddf-5157-44b4-99ac-309f46ef293a\"\r\n  });\r\n<\/script>"}},{"acf_fc_layout":"simple_content","_acfe_flexible_toggle":"","content_full_width_landing":{"module_options":{"":null,"module_id":"n6514e82244dff","module_class":"","module_background_type":"color","module_background_color":"","module_background_image":false,"module_background_video":"","activate_custom_padding":false,"padding_top_desktop":"0","padding_top_tablet":"0","padding_top_mobile":"0","padding_bottom_desktop":"0","padding_bottom_tablet":"0","padding_bottom_mobile":"0","activate_custom_margin":false,"margin_top_desktop":"0","margin_top_tablet":"0","margin_top_mobile":"0","margin_bottom_desktop":"0","margin_bottom_tablet":"0","margin_bottom_mobile":"0","disable_on":[],"content_alignment_desktop":"left","content_alignment_tablet":"left","content_alignment_mobile":"left"},"content":"<p><span style=\"font-size: 11px;\">035240 RevA<\/span><\/p>\n"}}]},"_links":{"self":[{"href":"https:\/\/natus.com\/es\/wp-json\/wp\/v2\/pages\/9644","targetHints":{"allow":["GET"]}}],"collection":[{"href":"https:\/\/natus.com\/es\/wp-json\/wp\/v2\/pages"}],"about":[{"href":"https:\/\/natus.com\/es\/wp-json\/wp\/v2\/types\/page"}],"author":[{"embeddable":true,"href":"https:\/\/natus.com\/es\/wp-json\/wp\/v2\/users\/3"}],"replies":[{"embeddable":true,"href":"https:\/\/natus.com\/es\/wp-json\/wp\/v2\/comments?post=9644"}],"version-history":[{"count":5,"href":"https:\/\/natus.com\/es\/wp-json\/wp\/v2\/pages\/9644\/revisions"}],"predecessor-version":[{"id":20620,"href":"https:\/\/natus.com\/es\/wp-json\/wp\/v2\/pages\/9644\/revisions\/20620"}],"up":[{"embeddable":true,"href":"https:\/\/natus.com\/es\/wp-json\/wp\/v2\/pages\/10464"}],"wp:attachment":[{"href":"https:\/\/natus.com\/es\/wp-json\/wp\/v2\/media?parent=9644"}],"wp:term":[{"taxonomy":"category","embeddable":true,"href":"https:\/\/natus.com\/es\/wp-json\/wp\/v2\/categories?post=9644"},{"taxonomy":"post_tag","embeddable":true,"href":"https:\/\/natus.com\/es\/wp-json\/wp\/v2\/tags?post=9644"}],"curies":[{"name":"wp","href":"https:\/\/api.w.org\/{rel}","templated":true}]}}