{"id":9728,"date":"2023-09-08T17:40:41","date_gmt":"2023-09-08T17:40:41","guid":{"rendered":"https:\/\/natus.com\/natus-quantum-ar-amplifier\/"},"modified":"2025-12-02T18:00:30","modified_gmt":"2025-12-02T18:00:30","slug":"amplificador-ar-natus-quantum","status":"publish","type":"page","link":"https:\/\/natus.com\/es\/neuro\/amplificador-ar-natus-quantum\/","title":{"rendered":"Amplificador AR Natus\u00ae Quantum\u00ae para la investigaci\u00f3n animal"},"content":{"rendered":"","protected":false},"excerpt":{"rendered":"","protected":false},"author":2,"featured_media":0,"parent":10464,"menu_order":0,"comment_status":"closed","ping_status":"closed","template":"templates\/page-neuro-solutions-product-landing.php","meta":{"_acf_changed":false,"footnotes":""},"categories":[162],"tags":[221],"class_list":["post-9728","page","type-page","status-publish","hentry","category-electroencefalografia-eeg-aeeg-es","tag-eeg-veterinario-es"],"acf":{"content_blocks":[{"acf_fc_layout":"spacer","_acfe_flexible_layout_title":null,"_acfe_flexible_toggle":null,"spacer":{"module_options":{"":null,"module_id":"n64babb6de86c1","module_class":"","module_background_type":"color","module_background_color":"#00aaa7","module_background_image":false,"module_background_video":"","activate_custom_padding":false,"padding_top_desktop":"0","padding_top_tablet":"0","padding_top_mobile":"0","padding_bottom_desktop":"0","padding_bottom_tablet":"0","padding_bottom_mobile":"0","activate_custom_margin":false,"margin_top_desktop":"0","margin_top_tablet":"0","margin_top_mobile":"0","margin_bottom_desktop":"0","margin_bottom_tablet":"0","margin_bottom_mobile":"0","disable_on":[],"content_alignment_desktop":"left","content_alignment_tablet":"left","content_alignment_mobile":"left"},"height":"270"}},{"acf_fc_layout":"intro_with_sticky_image","_acfe_flexible_layout_title":null,"_acfe_flexible_toggle":null,"left_content_right_image_sticky":{"module_options":{"":null,"module_id":"n64bfe3c147dc3","module_class":"","module_background_type":"color","module_background_color":"#f1f1f1","module_background_image":false,"module_background_video":"","activate_custom_padding":false,"padding_top_desktop":"0","padding_top_tablet":"0","padding_top_mobile":"0","padding_bottom_desktop":"0","padding_bottom_tablet":"0","padding_bottom_mobile":"0","activate_custom_margin":false,"margin_top_desktop":"0","margin_top_tablet":"0","margin_top_mobile":"0","margin_bottom_desktop":"0","margin_bottom_tablet":"0","margin_bottom_mobile":"0","disable_on":[],"content_alignment_desktop":"left","content_alignment_tablet":"left","content_alignment_mobile":"left"},"":null,"title":"Amplificador AR Natus<sup>\u00ae<\/sup> Quantum<sup>\u2122<\/sup> para la investigaci\u00f3n animal","subheader":"<p>El amplificador AR Natus\u00a0Quantum\u00a0est\u00e1\u00a0espec\u00edficamente dise\u00f1ado para la investigaci\u00f3n animal y dispone de un m\u00e1ximo de 7 referencias independientes para mejorar la flexibilidad y precisi\u00f3n de la recopilaci\u00f3n de datos.<\/p>\n<p><span style=\"font-size: 12px;\"><br \/>\nNo disponible en todos los pa\u00edses. P\u00f3ngase en contacto con su representante de ventas local para conocer la disponibilidad.<\/span><\/p>\n<p>&nbsp;<\/p>\n","icons":[{"icon":{"ID":2228,"id":2228,"title":"icon-feature","filename":"icon-feature.png","filesize":1408,"url":"https:\/\/natus.com\/wp-content\/uploads\/icon-feature.png","link":"https:\/\/natus.com\/es\/neuro\/emg-portatil-dantec-clavis\/icon-feature-2\/","alt":"star","author":"2","description":"Icon - Star","caption":"","name":"icon-feature-2","status":"inherit","uploaded_to":8545,"date":"2023-09-07 22:27:26","modified":"2024-07-29 21:19:16","menu_order":0,"mime_type":"image\/png","type":"image","subtype":"png","icon":"https:\/\/natus.com\/wp-includes\/images\/media\/default.png","width":43,"height":41,"sizes":{"thumbnail":"https:\/\/natus.com\/wp-content\/uploads\/icon-feature.png","thumbnail-width":43,"thumbnail-height":41,"medium":"https:\/\/natus.com\/wp-content\/uploads\/icon-feature.png","medium-width":43,"medium-height":41,"medium_large":"https:\/\/natus.com\/wp-content\/uploads\/icon-feature.png","medium_large-width":43,"medium_large-height":41,"large":"https:\/\/natus.com\/wp-content\/uploads\/icon-feature.png","large-width":43,"large-height":41,"1536x1536":"https:\/\/natus.com\/wp-content\/uploads\/icon-feature.png","1536x1536-width":43,"1536x1536-height":41,"2048x2048":"https:\/\/natus.com\/wp-content\/uploads\/icon-feature.png","2048x2048-width":43,"2048x2048-height":41}},"icon_description":"HD<br \/>\r\nVideo"},{"icon":{"ID":2252,"id":2252,"title":"icon-rate","filename":"icon-rate.png","filesize":2246,"url":"https:\/\/natus.com\/wp-content\/uploads\/icon-rate.png","link":"https:\/\/natus.com\/es\/neuro\/icon-rate-2\/","alt":"Icon - Rate","author":"2","description":"","caption":"","name":"icon-rate-2","status":"inherit","uploaded_to":10464,"date":"2023-09-07 23:19:56","modified":"2024-07-29 21:18:51","menu_order":0,"mime_type":"image\/png","type":"image","subtype":"png","icon":"https:\/\/natus.com\/wp-includes\/images\/media\/default.png","width":61,"height":46,"sizes":{"thumbnail":"https:\/\/natus.com\/wp-content\/uploads\/icon-rate.png","thumbnail-width":61,"thumbnail-height":46,"medium":"https:\/\/natus.com\/wp-content\/uploads\/icon-rate.png","medium-width":61,"medium-height":46,"medium_large":"https:\/\/natus.com\/wp-content\/uploads\/icon-rate.png","medium_large-width":61,"medium_large-height":46,"large":"https:\/\/natus.com\/wp-content\/uploads\/icon-rate.png","large-width":61,"large-height":46,"1536x1536":"https:\/\/natus.com\/wp-content\/uploads\/icon-rate.png","1536x1536-width":61,"1536x1536-height":46,"2048x2048":"https:\/\/natus.com\/wp-content\/uploads\/icon-rate.png","2048x2048-width":61,"2048x2048-height":46}},"icon_description":"Velocidad <br \/>\r\nde Muestreo<br \/>\r\nde 16 Khz"},{"icon":{"ID":2247,"id":2247,"title":"icon-channels","filename":"icon-channels.png","filesize":1062,"url":"https:\/\/natus.com\/wp-content\/uploads\/icon-channels.png","link":"https:\/\/natus.com\/es\/neuro\/icon-channels-2\/","alt":"Icon - Channels","author":"2","description":"","caption":"","name":"icon-channels-2","status":"inherit","uploaded_to":10464,"date":"2023-09-07 23:18:48","modified":"2024-07-29 21:18:55","menu_order":0,"mime_type":"image\/png","type":"image","subtype":"png","icon":"https:\/\/natus.com\/wp-includes\/images\/media\/default.png","width":58,"height":43,"sizes":{"thumbnail":"https:\/\/natus.com\/wp-content\/uploads\/icon-channels.png","thumbnail-width":58,"thumbnail-height":43,"medium":"https:\/\/natus.com\/wp-content\/uploads\/icon-channels.png","medium-width":58,"medium-height":43,"medium_large":"https:\/\/natus.com\/wp-content\/uploads\/icon-channels.png","medium_large-width":58,"medium_large-height":43,"large":"https:\/\/natus.com\/wp-content\/uploads\/icon-channels.png","large-width":58,"large-height":43,"1536x1536":"https:\/\/natus.com\/wp-content\/uploads\/icon-channels.png","1536x1536-width":58,"1536x1536-height":43,"2048x2048":"https:\/\/natus.com\/wp-content\/uploads\/icon-channels.png","2048x2048-width":58,"2048x2048-height":43}},"icon_description":"64 Canales<br \/>\r\n+ 16 CC"}],"quick_navigation":[{"quick_link":{"type":"url","value":"#contact-neuro","url":"#contact-neuro","name":"#contact-neuro","title":"Contactarnos ","target":""}},{"quick_link":{"type":"url","value":"#n64be98eed01eb","url":"#n64be98eed01eb","name":"#n64be98eed01eb","title":"Explore m\u00e1s detalles","target":""}}],"description":"<p>El amplificador AR Quantum dispone de funciones de alta calidad, entre las que se incluyen v\u00eddeo de alta definici\u00f3n con zoom digital, velocidades de muestreo de hasta 16 kHZ y detecci\u00f3n de picos y crisis, y est\u00e1 equipado con el intuitivo software\u00a0<a title=\"Software de EEG Natus\u00ae NeuroWorks\u00ae \" href=\"https:\/\/natus.com\/it\/neuro\/software-eeg-neuroworks\/\" data-entity-substitution=\"canonical\" data-entity-type=\"node\" data-entity-uuid=\"e22da8f4-4c74-476a-89af-747a983439a2\">NeuroWorks<sup>\u00ae<\/sup><\/a>. Este sistema puede integrarse con software de an\u00e1lisis de datos de terceros. Tambi\u00e9n es posible acceder directamente a los datos mediante el kit de desarrollo de software.<\/p>\n<p>&nbsp;<\/p>\n<p><strong>Caracter\u00edsticas principales:<\/strong><\/p>\n<ul>\n<li><span style=\"font-size: 15px;\">64 canales de referencia; 16 CC<\/span><\/li>\n<li><span style=\"font-size: 15px;\">7 referencias independientes<\/span><\/li>\n<li><span style=\"font-size: 15px;\">Frecuencia de muestreo de hasta 16 kHz con ancho de banda amplia de entre 0,01 Hz y\u00a04 kHz<\/span><\/li>\n<li><span style=\"font-size: 15px;\">El v\u00eddeo de alta definici\u00f3n permite al investigador configurar una sola c\u00e1mara para varios sujetos y ampliar digitalmente sujetos individuales.<\/span><\/li>\n<li><span style=\"font-size: 15px;\">Kit de desarrollo de software para acceder directamente a los datos<\/span><\/li>\n<li><span style=\"font-size: 15px;\">Software de an\u00e1lisis de terceros<\/span><\/li>\n<li><span style=\"font-size: 15px;\">Importaci\u00f3n y exportaci\u00f3n de EDF\/EDF+<\/span><\/li>\n<li><span style=\"font-size: 15px;\">Capacidad para grabar v\u00eddeo desde varias c\u00e1maras<\/span><\/li>\n<li><span style=\"font-size: 15px;\">Activador externo de 8 bits para sincronizar eventos externos<\/span><\/li>\n<\/ul>\n","message_label":"Servicio y Soporte","message_title":"\u00bfBusca un servicio de neuro productos o asistencia t\u00e9cnica?","message_link":{"type":"post","value":"8369","url":"https:\/\/natus.com\/es\/soporte\/","name":"Servicio y Soporte","title":"Servicio y Soporte de Natus","target":""},"right_sticky_image":{"ID":5045,"id":5045,"title":"Quantum AR Main Product Photo - 500x850","filename":"Quantum-AR_Main-Image.png","filesize":270371,"url":"https:\/\/natus.com\/wp-content\/uploads\/Quantum-AR_Main-Image.png","link":"https:\/\/natus.com\/es\/neuro\/amplificador-ar-natus-quantum\/quantum-ar-main-product-photo-500x850-2\/","alt":"Natus\u00ae Quantum\u00ae AR Amplifier for Animal Research","author":"2","description":"","caption":"","name":"quantum-ar-main-product-photo-500x850-2","status":"inherit","uploaded_to":9728,"date":"2023-09-18 15:49:28","modified":"2024-07-26 18:48:58","menu_order":0,"mime_type":"image\/png","type":"image","subtype":"png","icon":"https:\/\/natus.com\/wp-includes\/images\/media\/default.png","width":500,"height":850,"sizes":{"thumbnail":"https:\/\/natus.com\/wp-content\/uploads\/Quantum-AR_Main-Image.png","thumbnail-width":56,"thumbnail-height":96,"medium":"https:\/\/natus.com\/wp-content\/uploads\/Quantum-AR_Main-Image.png","medium-width":500,"medium-height":850,"medium_large":"https:\/\/natus.com\/wp-content\/uploads\/Quantum-AR_Main-Image.png","medium_large-width":500,"medium_large-height":850,"large":"https:\/\/natus.com\/wp-content\/uploads\/Quantum-AR_Main-Image.png","large-width":500,"large-height":850,"1536x1536":"https:\/\/natus.com\/wp-content\/uploads\/Quantum-AR_Main-Image.png","1536x1536-width":500,"1536x1536-height":850,"2048x2048":"https:\/\/natus.com\/wp-content\/uploads\/Quantum-AR_Main-Image.png","2048x2048-width":500,"2048x2048-height":850}}}},{"acf_fc_layout":"product_information","_acfe_flexible_layout_title":null,"_acfe_flexible_toggle":null,"left_accordion_right_image_landing":{"module_options":{"":null,"module_id":"n64be98eed01eb","module_class":"","module_background_type":"color","module_background_color":"#f1f1f1","module_background_image":false,"module_background_video":"","activate_custom_padding":false,"padding_top_desktop":"0","padding_top_tablet":"0","padding_top_mobile":"0","padding_bottom_desktop":"0","padding_bottom_tablet":"0","padding_bottom_mobile":"0","activate_custom_margin":false,"margin_top_desktop":"0","margin_top_tablet":"0","margin_top_mobile":"0","margin_bottom_desktop":"0","margin_bottom_tablet":"0","margin_bottom_mobile":"0","disable_on":[],"content_alignment_desktop":"left","content_alignment_tablet":"left","content_alignment_mobile":"left"},"intro":"Informaci\u00f3n del Producto","description":"","accordion":[{"title":"Software","accordion_content":[{"acf_fc_layout":"full_content","accordion_description":"<p>La\u00a0<a title=\"Software de EEG Natus\u00ae NeuroWorks\u00ae \" href=\"https:\/\/natus.com\/it\/neuro\/software-eeg-neuroworks\/\" data-entity-substitution=\"canonical\" data-entity-type=\"node\" data-entity-uuid=\"e22da8f4-4c74-476a-89af-747a983439a2\">Plataforma Natus NeuroWorks<sup>\u00ae<\/sup><\/a>\u00a0permite gestionar sin contratiempos sujetos y estudios mediante la adquisici\u00f3n y revisi\u00f3n de estudios fiables y flexibles. Estas funciones son la base de una soluci\u00f3n segura que simplifica la investigaci\u00f3n de EEG.<\/p>\n<ul>\n<li>Compatible con Windows<sup>\u00ae<\/sup>\u00a010<\/li>\n<li>Funciones de seguridad mejoradas<\/li>\n<li>Tendencias de qEEG avanzadas<\/li>\n<li>Varias opciones de analizador de picos y eventos<\/li>\n<li>V\u00eddeo de alta definici\u00f3n totalmente sincronizado<\/li>\n<li>Acceso remoto escalable con Citrix Provisioning<\/li>\n<\/ul>\n"}]},{"title":"Especificaciones F\u00edsicas","accordion_content":[{"acf_fc_layout":"full_content","accordion_description":"<p><strong>Tama\u00f1o:\u00a0<\/strong>(H x A x P)<\/p>\n<ul>\n<li><strong>Unidad base:<\/strong>\u00a029,2 cm x 26,6 cm x 5,2 cm (11,5&#8243; x 10,5&#8243; x 2,0\u201d)<\/li>\n<li><strong>Caja de conexiones:<\/strong>\u00a023,7 cm x 13,3 cm x 5,4 cm (9,3&#8243; x 5,25&#8243; x 2,1\u201d)<\/li>\n<\/ul>\n<p><strong>Peso:<\/strong><\/p>\n<ul>\n<li><strong>Unidad base:\u00a0\u00a0<\/strong>2,14 kg (4,7 lb)<\/li>\n<li><strong>Caja de conexiones:<\/strong>\u00a00,48 kg (1,1 lb)<\/li>\n<\/ul>\n"}]},{"title":"Descargar Documentaci\u00f3n Sobre el Producto","accordion_content":[{"acf_fc_layout":"full_content","accordion_description":"<p><strong>P\u00e1gina del producto Amplificador AR Natus\u00a0Quantum\u00a0 para la investigaci\u00f3n animal<\/strong><\/p>\n<p><a href=\"https:\/\/natus.bynder.com\/m\/634633610c7b35d0\/original\/Natus-Quantum-AR-Amplifier-Flyer.pdf\" target=\"_blank\" rel=\"noopener\">Ingl\u00e9s<\/a><\/p>\n"}]},{"title":"Suministros","accordion_content":[{"acf_fc_layout":"full_content","accordion_description":"<p>Natus Neuro ofrece una l\u00ednea completa de suministros para satisfacer todas sus necesidades de registro de EEG.<\/p>\n<p><img loading=\"lazy\" decoding=\"async\" class=\"alignleft size-full wp-image-3991\" src=\"https:\/\/natus.com\/wp-content\/uploads\/EEG-Supplies_500w.png\" alt=\"\" width=\"500\" height=\"293\" \/><\/p>\n<p>&nbsp;<\/p>\n<ul>\n<li>Electrodos de copa de EGG reutilizables Genuine Grass<sup>\u00ae<\/sup><\/li>\n<li>Electrodos de copa de EEG estampados reutilizables Grass<\/li>\n<li>Electrodos de copa honda y copa de EEG desechables Grass<\/li>\n<li>Electrodos de aguja subcut\u00e1neos de platino reutilizables Genuine Grass<sup>\u00ae<\/sup><\/li>\n<li>Electrodos de aguja subcut\u00e1neos desechables Natus<sup>\u00ae<\/sup>\u00a0Ultra &amp; Classic<\/li>\n<li>Productos que se aplican con los electrodos<\/li>\n<li>C\u00f3modo portal en l\u00ednea &#8211; <a href=\"https:\/\/natusmedicalstore.com\/\">Natus Medical Store<\/a> (disponible en algunos mercados)<\/li>\n<\/ul>\n"}]}],"image_left":false}},{"acf_fc_layout":"related_products","_acfe_flexible_layout_title":null,"_acfe_flexible_toggle":null,"tiles_3_columns_landing":{"module_options":{"":null,"module_id":"n64bf9a7609a1f","module_class":"","module_background_type":"color","module_background_color":"#f1f1f1","module_background_image":false,"module_background_video":"","activate_custom_padding":false,"padding_top_desktop":"0","padding_top_tablet":"0","padding_top_mobile":"0","padding_bottom_desktop":"0","padding_bottom_tablet":"0","padding_bottom_mobile":"0","activate_custom_margin":false,"margin_top_desktop":"0","margin_top_tablet":"0","margin_top_mobile":"0","margin_bottom_desktop":"0","margin_bottom_tablet":"0","margin_bottom_mobile":"0","disable_on":[],"content_alignment_desktop":"left","content_alignment_tablet":"left","content_alignment_mobile":"left"},"intro_text":"Productos Neuro Relacionados","intro_text_color":"#005e63","intro_link":{"type":"post","value":"8356","url":"https:\/\/natus.com\/es\/productos-neuro\/","name":"Productos Neuro","title":"Ver todos los productos Neuro","target":""},"tiles":[{"label":"Software de EEG","label_background_color":"#154284","image":{"ID":4269,"id":4269,"title":"NeuroWorks Related Product Photo - 500x400","filename":"Neuroworks-10-Related-Product-Photo-500x400-1.png","filesize":211965,"url":"https:\/\/natus.com\/wp-content\/uploads\/Neuroworks-10-Related-Product-Photo-500x400-1.png","link":"https:\/\/natus.com\/es\/neuro\/sistema-eeg-ambulatorio-video-continuo-trex-hd\/neuroworks-related-product-photo-500x400-2\/","alt":"","author":"2","description":"","caption":"","name":"neuroworks-related-product-photo-500x400-2","status":"inherit","uploaded_to":9774,"date":"2023-09-14 18:10:52","modified":"2023-09-28 20:13:16","menu_order":0,"mime_type":"image\/png","type":"image","subtype":"png","icon":"https:\/\/natus.com\/wp-includes\/images\/media\/default.png","width":500,"height":400,"sizes":{"thumbnail":"https:\/\/natus.com\/wp-content\/uploads\/Neuroworks-10-Related-Product-Photo-500x400-1.png","thumbnail-width":120,"thumbnail-height":96,"medium":"https:\/\/natus.com\/wp-content\/uploads\/Neuroworks-10-Related-Product-Photo-500x400-1.png","medium-width":500,"medium-height":400,"medium_large":"https:\/\/natus.com\/wp-content\/uploads\/Neuroworks-10-Related-Product-Photo-500x400-1.png","medium_large-width":500,"medium_large-height":400,"large":"https:\/\/natus.com\/wp-content\/uploads\/Neuroworks-10-Related-Product-Photo-500x400-1.png","large-width":500,"large-height":400,"1536x1536":"https:\/\/natus.com\/wp-content\/uploads\/Neuroworks-10-Related-Product-Photo-500x400-1.png","1536x1536-width":500,"1536x1536-height":400,"2048x2048":"https:\/\/natus.com\/wp-content\/uploads\/Neuroworks-10-Related-Product-Photo-500x400-1.png","2048x2048-width":500,"2048x2048-height":400}},"title":"Software de EEG Natus\u00ae NeuroWorks\u00ae ","link":{"type":"post","value":"9424","url":"https:\/\/natus.com\/es\/neuro\/neuroworks-eeg-software\/","name":"Software de EEG Natus\u00ae NeuroWorks\u00ae","title":"Saber M\u00e1s","target":"_blank"}}]}},{"acf_fc_layout":"contact_form","_acfe_flexible_layout_title":null,"_acfe_flexible_toggle":null,"contact_form_landing":{"module_options":{"":null,"module_id":"contact-neuro","module_class":"","module_background_type":"color","module_background_color":"#f1f1f1","module_background_image":false,"module_background_video":"","activate_custom_padding":false,"padding_top_desktop":"0","padding_top_tablet":"0","padding_top_mobile":"0","padding_bottom_desktop":"0","padding_bottom_tablet":"0","padding_bottom_mobile":"0","activate_custom_margin":false,"margin_top_desktop":"0","margin_top_tablet":"0","margin_top_mobile":"0","margin_bottom_desktop":"0","margin_bottom_tablet":"0","margin_bottom_mobile":"0","disable_on":[],"content_alignment_desktop":"left","content_alignment_tablet":"left","content_alignment_mobile":"left"},"":null,"activate_intro":true,"intro_text":"P\u00f3ngase en contacto con su representante Natus","intro_text_color":"#005e63","intro_link":null,"activate_description":true,"description_title":"","description_copy":"Para obtener m\u00e1s informaci\u00f3n sobre este o cualquier producto, env\u00edenos un mensaje a trav\u00e9s del siguiente formulario.","embed_code":"<script charset=\"utf-8\" type=\"text\/javascript\" src=\"\/\/js.hsforms.net\/forms\/embed\/v2.js\"><\/script>\r\n<script>\r\n  hbspt.forms.create({\r\n    region: \"na1\",\r\n    portalId: \"3002890\",\r\n    formId: \"19994ddf-5157-44b4-99ac-309f46ef293a\"\r\n  });\r\n<\/script>"}},{"acf_fc_layout":"simple_content","_acfe_flexible_layout_title":null,"_acfe_flexible_toggle":null,"content_full_width_landing":{"module_options":{"":null,"module_id":"n64f769f3689a2","module_class":"","module_background_type":"color","module_background_color":"","module_background_image":false,"module_background_video":"","activate_custom_padding":false,"padding_top_desktop":"0","padding_top_tablet":"0","padding_top_mobile":"0","padding_bottom_desktop":"0","padding_bottom_tablet":"0","padding_bottom_mobile":"0","activate_custom_margin":false,"margin_top_desktop":"0","margin_top_tablet":"0","margin_top_mobile":"0","margin_bottom_desktop":"0","margin_bottom_tablet":"0","margin_bottom_mobile":"0","disable_on":[],"content_alignment_desktop":"left","content_alignment_tablet":"left","content_alignment_mobile":"left"},"content":"<p><span style=\"font-size: 11px;\">034920 RevA<\/span><\/p>\n"}}],"schema_markup":[{"acf_fc_layout":"schema_markup_product","_acfe_flexible_layout_title":null,"_acfe_flexible_toggle":null,"schema_markup_product":{"enable_schema":true,"":null,"device_name":"Amplificador AR Natus\u00ae Quantum\u00ae para la investigaci\u00f3n animal","device_image":"https:\/\/natus.com\/wp-content\/uploads\/Quantum-AR_Main-Image.png","device_desc":"El amplificador AR est\u00e1 espec\u00edficamente dise\u00f1ado para la investigaci\u00f3n animal y dispone de un m\u00e1ximo de 7 referencias independientes para mejorar la flexibilidad y precisi\u00f3n de la recopilaci\u00f3n de datos.","device_purpose":"","manufacturer_name":"Natus Medical Incorporated","manufacturer_url":"https:\/\/natus.com","brand_name":"Natus","page_url":"https:\/\/natus.com\/es\/neuro\/amplificador-ar-natus-quantum\/","in_language":"es","medical_specialty":["Neurologic"]}}]},"_links":{"self":[{"href":"https:\/\/natus.com\/es\/wp-json\/wp\/v2\/pages\/9728","targetHints":{"allow":["GET"]}}],"collection":[{"href":"https:\/\/natus.com\/es\/wp-json\/wp\/v2\/pages"}],"about":[{"href":"https:\/\/natus.com\/es\/wp-json\/wp\/v2\/types\/page"}],"author":[{"embeddable":true,"href":"https:\/\/natus.com\/es\/wp-json\/wp\/v2\/users\/2"}],"replies":[{"embeddable":true,"href":"https:\/\/natus.com\/es\/wp-json\/wp\/v2\/comments?post=9728"}],"version-history":[{"count":7,"href":"https:\/\/natus.com\/es\/wp-json\/wp\/v2\/pages\/9728\/revisions"}],"predecessor-version":[{"id":25583,"href":"https:\/\/natus.com\/es\/wp-json\/wp\/v2\/pages\/9728\/revisions\/25583"}],"up":[{"embeddable":true,"href":"https:\/\/natus.com\/es\/wp-json\/wp\/v2\/pages\/10464"}],"wp:attachment":[{"href":"https:\/\/natus.com\/es\/wp-json\/wp\/v2\/media?parent=9728"}],"wp:term":[{"taxonomy":"category","embeddable":true,"href":"https:\/\/natus.com\/es\/wp-json\/wp\/v2\/categories?post=9728"},{"taxonomy":"post_tag","embeddable":true,"href":"https:\/\/natus.com\/es\/wp-json\/wp\/v2\/tags?post=9728"}],"curies":[{"name":"wp","href":"https:\/\/api.w.org\/{rel}","templated":true}]}}