{"id":10081,"date":"2023-08-30T15:40:51","date_gmt":"2023-08-30T15:40:51","guid":{"rendered":"https:\/\/natus.com\/natus-embla-ndx-psg-amplifier\/"},"modified":"2026-01-29T18:10:38","modified_gmt":"2026-01-29T18:10:38","slug":"amplificateur-de-psg-embla-ndx-de-natus","status":"publish","type":"page","link":"https:\/\/natus.com\/fr\/neuro\/amplificateur-de-psg-embla-ndx-de-natus\/","title":{"rendered":"Amplificateur de PSG Embla\u00ae NDx de Natus\u00ae"},"content":{"rendered":"","protected":false},"excerpt":{"rendered":"","protected":false},"author":3,"featured_media":0,"parent":10461,"menu_order":0,"comment_status":"closed","ping_status":"closed","template":"templates\/page-neuro-solutions-product-landing.php","meta":{"_acf_changed":false,"footnotes":""},"categories":[179],"tags":[241],"class_list":["post-10081","page","type-page","status-publish","hentry","category-psg-polysomnographie-fr","tag-tests-laboratoire-fr"],"acf":{"content_blocks":[{"acf_fc_layout":"spacer","_acfe_flexible_layout_title":null,"_acfe_flexible_toggle":null,"spacer":{"module_options":{"":null,"module_id":"n651474c4aa6a8","module_class":"","module_background_type":"color","module_background_color":"#00aaa7","module_background_image":false,"module_background_video":"","activate_custom_padding":false,"padding_top_desktop":"0","padding_top_tablet":"0","padding_top_mobile":"0","padding_bottom_desktop":"0","padding_bottom_tablet":"0","padding_bottom_mobile":"0","activate_custom_margin":false,"margin_top_desktop":"0","margin_top_tablet":"0","margin_top_mobile":"0","margin_bottom_desktop":"0","margin_bottom_tablet":"0","margin_bottom_mobile":"0","disable_on":[],"content_alignment_desktop":"left","content_alignment_tablet":"left","content_alignment_mobile":"left"},"height":"270"}},{"acf_fc_layout":"intro_with_sticky_image","_acfe_flexible_layout_title":null,"_acfe_flexible_toggle":null,"left_content_right_image_sticky":{"module_options":{"":null,"module_id":"n651474c4afcfa","module_class":"","module_background_type":"color","module_background_color":"#f1f1f1","module_background_image":false,"module_background_video":"","activate_custom_padding":false,"padding_top_desktop":"0","padding_top_tablet":"0","padding_top_mobile":"0","padding_bottom_desktop":"0","padding_bottom_tablet":"0","padding_bottom_mobile":"0","activate_custom_margin":false,"margin_top_desktop":"0","margin_top_tablet":"0","margin_top_mobile":"0","margin_bottom_desktop":"0","margin_bottom_tablet":"0","margin_bottom_mobile":"0","disable_on":[],"content_alignment_desktop":"left","content_alignment_tablet":"left","content_alignment_mobile":"left"},"":null,"title":"Amplificateur de PSG Embla\u00ae NDx de Natus\u00ae","subheader":"<p>L\u2019amplificateur Embla NDx de Natus \u2013 Une performance de pointe et des fonctionnalit\u00e9s augment\u00e9es pour toutes vos \u00e9tudes de sommeil.\u00a0L\u2019amplificateur Embla NDx de Natus offre 64 canaux r\u00e9f\u00e9rentiels, jusqu\u2019\u00e0 12 canaux bipolaires programmables et 16 canaux CC pour permettre d\u2019effectuer les \u00e9tudes de PSG les plus exigeantes. Technologie Embla XactTrace<sup>\u00ae<\/sup>\u00a0et capteur de pression int\u00e9gr\u00e9s plus d\u2019autres atouts, le tout dans un bo\u00eetier l\u00e9ger et ergonomique.<\/p>\n<p>&nbsp;<\/p>\n<p><strong>Caract\u00e9ristiques principales\u00a0:<\/strong><\/p>\n<ul>\n<li>Jusqu&rsquo;\u00e0 64 canaux CA (40 entr\u00e9es r\u00e9f\u00e9rentielles et 24 entr\u00e9es r\u00e9f\u00e9rentielles\/diff\u00e9rentielles configurables).<\/li>\n<li>16 canaux CC (12 sur l&rsquo;unit\u00e9 principale\u00a0Natus et 4 sur le contr\u00f4leur d&rsquo;interface NDx)<\/li>\n<li>Taux d&rsquo;\u00e9chantillonnage jusqu&rsquo;\u00e0 4 kHz<\/li>\n<li>Oxym\u00e8tre de pouls et capteur de pression int\u00e9gr\u00e9s<\/li>\n<li>\u00c9cran tactile sur l&rsquo;unit\u00e9 de base permettant l&rsquo;interaction en temps r\u00e9el avec les \u00e9tudes en cours<\/li>\n<li>V\u00e9rification instantan\u00e9e de l\u2019imp\u00e9dance des \u00e9lectrodes \u00e0 l\u2019aide de l\u2019\u00e9cran tactile int\u00e9gr\u00e9<\/li>\n<li>Permet d&rsquo;effectuer des bio-\u00e9talonnages au chevet du patient<\/li>\n<li>Le contr\u00f4leur d\u2019interface l\u00e9ger donne au patient davantage de mobilit\u00e9<\/li>\n<li>Trigger 8 bit int\u00e9gr\u00e9 pour synchroniser les \u00e9v\u00e9nements externes<\/li>\n<\/ul>\n<p><span style=\"font-size: 12px;\">N\u00e9cessite NeuroWorks 9.0 ou une version plus r\u00e9cente. Disponible uniquement dans certains pays. Veuillez contacter votre distributeur local pour en savoir plus.<\/span><\/p>\n","icons":[{"icon":{"ID":2244,"id":2244,"title":"icon-channels","filename":"icon-channels.png","filesize":1062,"url":"https:\/\/natus.com\/wp-content\/uploads\/icon-channels.png","link":"https:\/\/natus.com\/fr\/neuro\/icon-channels-2\/","alt":"Icon - Channels","author":"2","description":"","caption":"","name":"icon-channels-2","status":"inherit","uploaded_to":10461,"date":"2023-09-07 23:18:48","modified":"2024-07-29 21:18:55","menu_order":0,"mime_type":"image\/png","type":"image","subtype":"png","icon":"https:\/\/natus.com\/wp-includes\/images\/media\/default.png","width":58,"height":43,"sizes":{"thumbnail":"https:\/\/natus.com\/wp-content\/uploads\/icon-channels.png","thumbnail-width":58,"thumbnail-height":43,"medium":"https:\/\/natus.com\/wp-content\/uploads\/icon-channels.png","medium-width":58,"medium-height":43,"medium_large":"https:\/\/natus.com\/wp-content\/uploads\/icon-channels.png","medium_large-width":58,"medium_large-height":43,"large":"https:\/\/natus.com\/wp-content\/uploads\/icon-channels.png","large-width":58,"large-height":43,"1536x1536":"https:\/\/natus.com\/wp-content\/uploads\/icon-channels.png","1536x1536-width":58,"1536x1536-height":43,"2048x2048":"https:\/\/natus.com\/wp-content\/uploads\/icon-channels.png","2048x2048-width":58,"2048x2048-height":43}},"icon_description":"64 Canaux <br \/>\r\n+ 16 CC"},{"icon":{"ID":2249,"id":2249,"title":"icon-rate","filename":"icon-rate.png","filesize":2246,"url":"https:\/\/natus.com\/wp-content\/uploads\/icon-rate.png","link":"https:\/\/natus.com\/fr\/neuro\/icon-rate-2\/","alt":"Icon - Rate","author":"2","description":"","caption":"","name":"icon-rate-2","status":"inherit","uploaded_to":10461,"date":"2023-09-07 23:19:56","modified":"2024-07-29 21:18:51","menu_order":0,"mime_type":"image\/png","type":"image","subtype":"png","icon":"https:\/\/natus.com\/wp-includes\/images\/media\/default.png","width":61,"height":46,"sizes":{"thumbnail":"https:\/\/natus.com\/wp-content\/uploads\/icon-rate.png","thumbnail-width":61,"thumbnail-height":46,"medium":"https:\/\/natus.com\/wp-content\/uploads\/icon-rate.png","medium-width":61,"medium-height":46,"medium_large":"https:\/\/natus.com\/wp-content\/uploads\/icon-rate.png","medium_large-width":61,"medium_large-height":46,"large":"https:\/\/natus.com\/wp-content\/uploads\/icon-rate.png","large-width":61,"large-height":46,"1536x1536":"https:\/\/natus.com\/wp-content\/uploads\/icon-rate.png","1536x1536-width":61,"1536x1536-height":46,"2048x2048":"https:\/\/natus.com\/wp-content\/uploads\/icon-rate.png","2048x2048-width":61,"2048x2048-height":46}},"icon_description":"Taux <br \/>\r\nD'\u00e9chantillonnage <br \/>\r\nDe kHz"}],"quick_navigation":[{"quick_link":{"type":"url","value":"#contact-neuro","url":"#contact-neuro","name":"#contact-neuro","title":"Contactez Votre Repr\u00e9sentant Natus","target":""}},{"quick_link":{"type":"url","value":"#n651474c4b8066","url":"#n651474c4b8066","name":"#n651474c4b8066","title":"Explorer plus de d\u00e9tails","target":""}}],"description":"","message_label":"Service et Assistance","message_title":"Vous recherchez un service de produit neuro ou une assistance technique ?","message_link":{"type":"post","value":"8358","url":"https:\/\/natus.com\/fr\/assistance\/","name":"Service et Assistance","title":"Service et Assistance Natus","target":""},"right_sticky_image":{"ID":4748,"id":4748,"title":"Embla NDx Main Product Photo - 500x850","filename":"Embla-NDx_Main-Image.png","filesize":278968,"url":"https:\/\/natus.com\/wp-content\/uploads\/Embla-NDx_Main-Image.png","link":"https:\/\/natus.com\/fr\/neuro\/amplificateur-de-psg-embla-ndx-de-natus\/embla-ndx-main-product-photo-500x850-2\/","alt":"Natus\u00ae Embla\u00ae NDx PSG Amplifier","author":"2","description":"","caption":"","name":"embla-ndx-main-product-photo-500x850-2","status":"inherit","uploaded_to":10081,"date":"2023-09-15 17:46:57","modified":"2024-07-29 20:19:46","menu_order":0,"mime_type":"image\/png","type":"image","subtype":"png","icon":"https:\/\/natus.com\/wp-includes\/images\/media\/default.png","width":500,"height":850,"sizes":{"thumbnail":"https:\/\/natus.com\/wp-content\/uploads\/Embla-NDx_Main-Image.png","thumbnail-width":56,"thumbnail-height":96,"medium":"https:\/\/natus.com\/wp-content\/uploads\/Embla-NDx_Main-Image.png","medium-width":500,"medium-height":850,"medium_large":"https:\/\/natus.com\/wp-content\/uploads\/Embla-NDx_Main-Image.png","medium_large-width":500,"medium_large-height":850,"large":"https:\/\/natus.com\/wp-content\/uploads\/Embla-NDx_Main-Image.png","large-width":500,"large-height":850,"1536x1536":"https:\/\/natus.com\/wp-content\/uploads\/Embla-NDx_Main-Image.png","1536x1536-width":500,"1536x1536-height":850,"2048x2048":"https:\/\/natus.com\/wp-content\/uploads\/Embla-NDx_Main-Image.png","2048x2048-width":500,"2048x2048-height":850}}}},{"acf_fc_layout":"product_information","_acfe_flexible_layout_title":null,"_acfe_flexible_toggle":null,"left_accordion_right_image_landing":{"module_options":{"":null,"module_id":"n651474c4b8066","module_class":"","module_background_type":"color","module_background_color":"#f1f1f1","module_background_image":false,"module_background_video":"","activate_custom_padding":false,"padding_top_desktop":"0","padding_top_tablet":"0","padding_top_mobile":"0","padding_bottom_desktop":"0","padding_bottom_tablet":"0","padding_bottom_mobile":"0","activate_custom_margin":false,"margin_top_desktop":"0","margin_top_tablet":"0","margin_top_mobile":"0","margin_bottom_desktop":"0","margin_bottom_tablet":"0","margin_bottom_mobile":"0","disable_on":[],"content_alignment_desktop":"left","content_alignment_tablet":"left","content_alignment_mobile":"left"},"intro":"Information Produit","description":"","accordion":[{"title":"Mat\u00e9riel","accordion_content":[{"acf_fc_layout":"full_content","accordion_description":"<ul>\n<li>Veilleuse int\u00e9gr\u00e9e<\/li>\n<li>Limitation du bruit gr\u00e2ce au convertisseur A\/N qui num\u00e9rise les donn\u00e9es au chevet du patient<\/li>\n<li>Montage mural ou sur chariot<\/li>\n<\/ul>\n"}]},{"title":"Logiciels","accordion_content":[{"acf_fc_layout":"full_content","accordion_description":"<p>Le\u00a0<a title=\"Logiciel de PSG SleepWorks\u2122 de Natus\u00ae\" href=\"https:\/\/natus.com\/fr\/neuro\/logiciel-de-psg-sleepworks-de-natus\/\" data-entity-substitution=\"canonical\" data-entity-type=\"node\" data-entity-uuid=\"2e557d01-eafb-46ef-ae43-976906fd1e58\">logiciel SleepWorks de Natus<\/a>\u00a0est une solution de diagnostic du sommeil compl\u00e8te et robuste qui simplifie l\u2019installation du patient, la collecte des donn\u00e9es et leur consultation, l&rsquo;analyse et la g\u00e9n\u00e9ration de rapports pour les \u00e9tudes de sommeil exhaustives. Le rendement est optimis\u00e9 gr\u00e2ce aux interfaces HL7 permettant l\u2019\u00e9change bi-directionnel des donn\u00e9es avec le syst\u00e8me de dossiers patients informatis\u00e9s. Les donn\u00e9es vid\u00e9o et PSG sont analysables et consultables pendant que l&rsquo;\u00e9tude est en cours.<\/p>\n<ul>\n<li>Affichage \u00ab\u00a0Heads-Up\u00a0\u00bb<\/li>\n<li>Conformes aux directives de l\u2019AASM (American Academy of Sleep Medicine)<\/li>\n<li>Outils avanc\u00e9s\n<ul>\n<li>Boucle de volume du flux<\/li>\n<li>XactTrace<sup>\u2122\u00a0<\/sup>\u2013 XFlow<sup>\u2122<\/sup>, XSum<sup>\u2122<\/sup>, Phase, RMI, XVolume et canaux de la fr\u00e9quence respiratoire<\/li>\n<li>Analyse EEGq<\/li>\n<li>Marquage automatis\u00e9e des \u00e9v\u00e8nements<\/li>\n<\/ul>\n<\/li>\n<li>Transmet les donn\u00e9es directement \u00e0 un serveur pour garantir fiabilit\u00e9 et s\u00e9curit\u00e9<\/li>\n<li>Importation et exportation EDF\/EDF+.<\/li>\n<li>S\u00e9curit\u00e9 simplifi\u00e9e bas\u00e9e sur l\u2019attribution de r\u00f4les avec l&rsquo;int\u00e9gration Active Directory<\/li>\n<li>Partenaire Citrix<sup>\u00ae\u00a0<\/sup><\/li>\n<li>Compatible avec le chiffrement de disque BitLocker<sup>\u2122\u00a0<\/sup>\u00a0de Microsoft<sup>\u00ae\u00a0<\/sup><\/li>\n<\/ul>\n"}]},{"title":"Connectivit\u00e9","accordion_content":[{"acf_fc_layout":"full_content","accordion_description":"<ul>\n<li>Connectivit\u00e9 TCP\/IP\u00a0(statique ou DHCP)<\/li>\n<li>D\u00e9tection DHCP automatique<\/li>\n<li>USB<\/li>\n<\/ul>\n"}]},{"title":"Sp\u00e9cifications physiques","accordion_content":[{"acf_fc_layout":"full_content","accordion_description":"<p><strong>Dimensions\u00a0<\/strong>(HxlxP)\u00a0:<\/p>\n<ul>\n<li><strong>Unit\u00e9 principale\u00a0:<\/strong>\u00a029 cm x 26,5 cm x 5 cm<\/li>\n<li><strong>Contr\u00f4leur d\u2019interface\u00a0:<\/strong>\u00a019 cm x 11,4 cm x 3,2 cm<\/li>\n<\/ul>\n<p><strong>Poids\u00a0:<\/strong><\/p>\n<ul>\n<li><strong>Unit\u00e9 principale\u00a0:<\/strong>\u00a02300\u00a0g<\/li>\n<li><strong>Contr\u00f4leur d\u2019interface\u00a0:<\/strong>\u00a0460\u00a0g<\/li>\n<\/ul>\n"}]},{"title":"T\u00e9l\u00e9charger la documentation produit","accordion_content":[{"acf_fc_layout":"full_content","accordion_description":"<p><strong>Page produit Natus SleepWorks avec NDx, SDx et MPR<\/strong><br \/>\n<a href=\"https:\/\/natus.bynder.com\/m\/3f151ef65f949b7d\/original\/Natus-SleepWorks-Software-w-Embla-NDx-SDx-and-Embletta-MPR-Flyer.pdf\" target=\"_blank\" rel=\"noopener\">Anglais<\/a><br \/>\n<a href=\"https:\/\/natus.bynder.com\/m\/41b7cdeb58d377e0\/original\/Natus-SleepWorks-Software-w-Embla-NDx-SDx-and-Embletta-MPR-Flyer.pdf\" target=\"_blank\" rel=\"noopener\">Fran\u00e7ais<\/a><br \/>\n<a href=\"https:\/\/natus.bynder.com\/m\/793459d804bbf3db\/original\/Natus-SleepWorks-Software-w-Embla-NDx-SDx-and-Embletta-MPR-Flyer.pdf\" target=\"_blank\" rel=\"noopener\">Allemand <\/a><\/p>\n"}]},{"title":"Consommables","accordion_content":[{"acf_fc_layout":"full_content","accordion_description":"<p>Natus Neuro offre une gamme compl\u00e8te de fournitures qui r\u00e9pondra \u00e0 tous vos besoins en mati\u00e8re de diagnostic du sommeil.<\/p>\n<p><img loading=\"lazy\" decoding=\"async\" class=\"size-full wp-image-4409 aligncenter\" src=\"https:\/\/natus.com\/wp-content\/uploads\/PSG-Supplies_500w.png\" alt=\"Natus sleep supplies for PSG testing\" width=\"500\" height=\"161\" \/><\/p>\n<ul>\n<li>\u00c9lectrodes \u00e0 cupule Grass<sup>\u00ae\u00a0<\/sup> Genuine Or<\/li>\n<li>\u00c9lectrodes Grass \u00e0 cupule \u00e0 usage unique<\/li>\n<li>Ceintures d&rsquo;effort respiratoire Embla<sup>\u00ae\u00a0<\/sup>XactTrace<sup>\u00ae\u00a0<\/sup>\n<ul>\n<li>\u00c0 usages multiples<\/li>\n<li>Usage unique.<\/li>\n<li>Coup\u00e9 sur mesure<\/li>\n<\/ul>\n<\/li>\n<li>Capteurs physiologiques<\/li>\n<li>Canules<\/li>\n<li>\u00c9lectrodes \u00e0 pression et c\u00e2bles<\/li>\n<li>Gels et p\u00e2tes \u00e0 \u00e9lectrodes<\/li>\n<li>Portail en ligne pratique &#8211; <a href=\"https:\/\/natus.com\/fr\/magasins-natus-medical\/\">Natus Medical Store<\/a> (disponible sur certains march\u00e9s)<\/li>\n<\/ul>\n"}]}],"image_left":false}},{"acf_fc_layout":"related_products","_acfe_flexible_layout_title":null,"_acfe_flexible_toggle":null,"tiles_3_columns_landing":{"module_options":{"":null,"module_id":"n651474c4bfa27","module_class":"","module_background_type":"color","module_background_color":"#f1f1f1","module_background_image":false,"module_background_video":"","activate_custom_padding":false,"padding_top_desktop":"0","padding_top_tablet":"0","padding_top_mobile":"0","padding_bottom_desktop":"0","padding_bottom_tablet":"0","padding_bottom_mobile":"0","activate_custom_margin":false,"margin_top_desktop":"0","margin_top_tablet":"0","margin_top_mobile":"0","margin_bottom_desktop":"0","margin_bottom_tablet":"0","margin_bottom_mobile":"0","disable_on":[],"content_alignment_desktop":"left","content_alignment_tablet":"left","content_alignment_mobile":"left"},"intro_text":"Produits Neuro Connexes","intro_text_color":"#005e63","intro_link":{"type":"post","value":"8330","url":"https:\/\/natus.com\/fr\/produits-neuro\/","name":"Produits Neuro","title":"Voir Tous les Produits Neuro","target":""},"tiles":[{"label":"Fournitures Pour les \u00c9tudes du Sommeil","label_background_color":"#154284","image":{"ID":4325,"id":4325,"title":"XactTrace Belts Related Product Photo - 500x400","filename":"XatTrace-Belts-Related-Product-Photo-500x400-1.png","filesize":88394,"url":"https:\/\/natus.com\/wp-content\/uploads\/XatTrace-Belts-Related-Product-Photo-500x400-1.png","link":"https:\/\/natus.com\/fr\/?attachment_id=4325","alt":"Natus\u00ae XactTrace\u00ae RIP Respiratory Effort Belts","author":"2","description":"","caption":"","name":"xattrace-belts-related-product-photo-500x400-2","status":"inherit","uploaded_to":9591,"date":"2023-09-14 18:48:15","modified":"2024-07-29 20:27:23","menu_order":0,"mime_type":"image\/png","type":"image","subtype":"png","icon":"https:\/\/natus.com\/wp-includes\/images\/media\/default.png","width":500,"height":400,"sizes":{"thumbnail":"https:\/\/natus.com\/wp-content\/uploads\/XatTrace-Belts-Related-Product-Photo-500x400-1.png","thumbnail-width":120,"thumbnail-height":96,"medium":"https:\/\/natus.com\/wp-content\/uploads\/XatTrace-Belts-Related-Product-Photo-500x400-1.png","medium-width":500,"medium-height":400,"medium_large":"https:\/\/natus.com\/wp-content\/uploads\/XatTrace-Belts-Related-Product-Photo-500x400-1.png","medium_large-width":500,"medium_large-height":400,"large":"https:\/\/natus.com\/wp-content\/uploads\/XatTrace-Belts-Related-Product-Photo-500x400-1.png","large-width":500,"large-height":400,"1536x1536":"https:\/\/natus.com\/wp-content\/uploads\/XatTrace-Belts-Related-Product-Photo-500x400-1.png","1536x1536-width":500,"1536x1536-height":400,"2048x2048":"https:\/\/natus.com\/wp-content\/uploads\/XatTrace-Belts-Related-Product-Photo-500x400-1.png","2048x2048-width":500,"2048x2048-height":400}},"title":"Ceintures d\u2019effort respiratoire XactTrace\u00ae pour PRI de Natus\u00ae ","link":{"type":"post","value":"9409","url":"https:\/\/natus.com\/fr\/neuro\/ceintures-deffort-respiratoire-xacttrace-pour-pri-de-natus\/","name":"Ceintures d&rsquo;effort respiratoire XactTrace\u00ae pour PRI de Natus\u00ae","title":"En Savoir Plus","target":"_blank"}},{"label":"Syst\u00e8mes EMG \/ ECN \/ PE","label_background_color":"#154284","image":{"ID":3327,"id":3327,"title":"Embla SDX Related Product Photo - 500x400","filename":"Embla-SDx-Related-Product-500x400-1.png","filesize":212620,"url":"https:\/\/natus.com\/wp-content\/uploads\/Embla-SDx-Related-Product-500x400-1.png","link":"https:\/\/natus.com\/fr\/neuro\/embla-sdx-related-product-photo-500x400-2\/","alt":"Embla SDx","author":"2","description":"","caption":"","name":"embla-sdx-related-product-photo-500x400-2","status":"inherit","uploaded_to":10461,"date":"2023-09-12 03:59:22","modified":"2024-07-29 21:02:48","menu_order":0,"mime_type":"image\/png","type":"image","subtype":"png","icon":"https:\/\/natus.com\/wp-includes\/images\/media\/default.png","width":500,"height":400,"sizes":{"thumbnail":"https:\/\/natus.com\/wp-content\/uploads\/Embla-SDx-Related-Product-500x400-1.png","thumbnail-width":120,"thumbnail-height":96,"medium":"https:\/\/natus.com\/wp-content\/uploads\/Embla-SDx-Related-Product-500x400-1.png","medium-width":500,"medium-height":400,"medium_large":"https:\/\/natus.com\/wp-content\/uploads\/Embla-SDx-Related-Product-500x400-1.png","medium_large-width":500,"medium_large-height":400,"large":"https:\/\/natus.com\/wp-content\/uploads\/Embla-SDx-Related-Product-500x400-1.png","large-width":500,"large-height":400,"1536x1536":"https:\/\/natus.com\/wp-content\/uploads\/Embla-SDx-Related-Product-500x400-1.png","1536x1536-width":500,"1536x1536-height":400,"2048x2048":"https:\/\/natus.com\/wp-content\/uploads\/Embla-SDx-Related-Product-500x400-1.png","2048x2048-width":500,"2048x2048-height":400}},"title":"Amplificateur de PSG Embla\u00ae SDx de Natus\u00ae ","link":{"type":"post","value":"10904","url":"https:\/\/natus.com\/fr\/neuro\/amplificateur-de-psg-embla-sdx-de-natus\/","name":"Amplificateur de PSG Embla\u00ae SDx de Natus\u00ae","title":"En Savoir Plus","target":"_blank"}},{"label":"Logiciel PSG","label_background_color":"#154284","image":{"ID":4276,"id":4276,"title":"SleepWorks Related Product Photo - 500x400","filename":"Natus-SleepWorks-10-Related-Product-Photo-1.png","filesize":219402,"url":"https:\/\/natus.com\/wp-content\/uploads\/Natus-SleepWorks-10-Related-Product-Photo-1.png","link":"https:\/\/natus.com\/fr\/neuro\/systeme-eeg-ambulatoire-video-trex-hd\/sleepworks-related-product-photo-500x400-2-2\/","alt":"SleepWorks Monitor","author":"2","description":"","caption":"","name":"sleepworks-related-product-photo-500x400-2-2","status":"inherit","uploaded_to":9565,"date":"2023-09-14 18:14:29","modified":"2024-08-28 16:53:50","menu_order":0,"mime_type":"image\/png","type":"image","subtype":"png","icon":"https:\/\/natus.com\/wp-includes\/images\/media\/default.png","width":500,"height":400,"sizes":{"thumbnail":"https:\/\/natus.com\/wp-content\/uploads\/Natus-SleepWorks-10-Related-Product-Photo-1.png","thumbnail-width":120,"thumbnail-height":96,"medium":"https:\/\/natus.com\/wp-content\/uploads\/Natus-SleepWorks-10-Related-Product-Photo-1.png","medium-width":500,"medium-height":400,"medium_large":"https:\/\/natus.com\/wp-content\/uploads\/Natus-SleepWorks-10-Related-Product-Photo-1.png","medium_large-width":500,"medium_large-height":400,"large":"https:\/\/natus.com\/wp-content\/uploads\/Natus-SleepWorks-10-Related-Product-Photo-1.png","large-width":500,"large-height":400,"1536x1536":"https:\/\/natus.com\/wp-content\/uploads\/Natus-SleepWorks-10-Related-Product-Photo-1.png","1536x1536-width":500,"1536x1536-height":400,"2048x2048":"https:\/\/natus.com\/wp-content\/uploads\/Natus-SleepWorks-10-Related-Product-Photo-1.png","2048x2048-width":500,"2048x2048-height":400}},"title":"Logiciel de PSG SleepWorks\u2122 de Natus\u00ae","link":{"type":"post","value":"9749","url":"https:\/\/natus.com\/fr\/neuro\/logiciel-de-psg-sleepworks-de-natus\/","name":"Logiciel de PSG SleepWorks\u2122 de Natus\u00ae","title":"En Savoir Plus","target":"_blank"}}]}},{"acf_fc_layout":"contact_form","_acfe_flexible_layout_title":null,"_acfe_flexible_toggle":null,"contact_form_landing":{"module_options":{"":null,"module_id":"contact-neuro","module_class":"","module_background_type":"color","module_background_color":"#f1f1f1","module_background_image":false,"module_background_video":"","activate_custom_padding":false,"padding_top_desktop":"0","padding_top_tablet":"0","padding_top_mobile":"0","padding_bottom_desktop":"0","padding_bottom_tablet":"0","padding_bottom_mobile":"0","activate_custom_margin":false,"margin_top_desktop":"0","margin_top_tablet":"0","margin_top_mobile":"0","margin_bottom_desktop":"0","margin_bottom_tablet":"0","margin_bottom_mobile":"0","disable_on":[],"content_alignment_desktop":"left","content_alignment_tablet":"left","content_alignment_mobile":"left"},"":null,"activate_intro":true,"intro_text":"Contactez votre repr\u00e9sentant Natus","intro_text_color":"#005e63","intro_link":null,"activate_description":true,"description_title":"","description_copy":"Pour plus d'informations sur ce produit ou tout autre produit, veuillez nous envoyer un message \u00e0 l'aide du formulaire ci-dessous.","embed_code":"<script charset=\"utf-8\" type=\"text\/javascript\" src=\"\/\/js.hsforms.net\/forms\/embed\/v2.js\"><\/script>\r\n<script>\r\n  hbspt.forms.create({\r\n    region: \"na1\",\r\n    portalId: \"3002890\",\r\n    formId: \"0f52793d-5376-4e07-bfe5-62ef62c95d16\"\r\n  });\r\n<\/script>"}},{"acf_fc_layout":"simple_content","_acfe_flexible_layout_title":null,"_acfe_flexible_toggle":null,"content_full_width_landing":{"module_options":{"":null,"module_id":"n651474c4ceecd","module_class":"","module_background_type":"color","module_background_color":"","module_background_image":false,"module_background_video":"","activate_custom_padding":false,"padding_top_desktop":"0","padding_top_tablet":"0","padding_top_mobile":"0","padding_bottom_desktop":"0","padding_bottom_tablet":"0","padding_bottom_mobile":"0","activate_custom_margin":false,"margin_top_desktop":"0","margin_top_tablet":"0","margin_top_mobile":"0","margin_bottom_desktop":"0","margin_bottom_tablet":"0","margin_bottom_mobile":"0","disable_on":[],"content_alignment_desktop":"left","content_alignment_tablet":"left","content_alignment_mobile":"left"},"content":"<p><span style=\"font-size: 12px;\">035017 RevD<\/span><\/p>\n"}}],"schema_markup":[{"acf_fc_layout":"schema_markup_product","_acfe_flexible_layout_title":null,"_acfe_flexible_toggle":null,"schema_markup_product":{"enable_schema":true,"":null,"device_name":"Amplificateur de PSG Embla\u00ae NDx de Natus\u00ae","device_image":"https:\/\/natus.com\/wp-content\/uploads\/Embla-NDx_Main-Image.png","device_desc":"L\u2019amplificateur Embla NDx de Natus \u2013 Une performance de pointe et des fonctionnalit\u00e9s augment\u00e9es pour toutes vos \u00e9tudes de sommeil. L\u2019amplificateur Embla NDx de Natus offre 64 canaux r\u00e9f\u00e9rentiels, jusqu\u2019\u00e0 12 canaux bipolaires programmables et 16 canaux CC pour permettre d\u2019effectuer les \u00e9tudes de PSG les plus exigeantes. ","device_purpose":"","manufacturer_name":"Natus Medical Incorporated","manufacturer_url":"https:\/\/natus.com","brand_name":"Natus","page_url":"https:\/\/natus.com\/fr\/neuro\/amplificateur-de-psg-embla-ndx-de-natus\/","in_language":"en","medical_specialty":["Neurologic"]}}]},"_links":{"self":[{"href":"https:\/\/natus.com\/fr\/wp-json\/wp\/v2\/pages\/10081","targetHints":{"allow":["GET"]}}],"collection":[{"href":"https:\/\/natus.com\/fr\/wp-json\/wp\/v2\/pages"}],"about":[{"href":"https:\/\/natus.com\/fr\/wp-json\/wp\/v2\/types\/page"}],"author":[{"embeddable":true,"href":"https:\/\/natus.com\/fr\/wp-json\/wp\/v2\/users\/3"}],"replies":[{"embeddable":true,"href":"https:\/\/natus.com\/fr\/wp-json\/wp\/v2\/comments?post=10081"}],"version-history":[{"count":10,"href":"https:\/\/natus.com\/fr\/wp-json\/wp\/v2\/pages\/10081\/revisions"}],"predecessor-version":[{"id":26097,"href":"https:\/\/natus.com\/fr\/wp-json\/wp\/v2\/pages\/10081\/revisions\/26097"}],"up":[{"embeddable":true,"href":"https:\/\/natus.com\/fr\/wp-json\/wp\/v2\/pages\/10461"}],"wp:attachment":[{"href":"https:\/\/natus.com\/fr\/wp-json\/wp\/v2\/media?parent=10081"}],"wp:term":[{"taxonomy":"category","embeddable":true,"href":"https:\/\/natus.com\/fr\/wp-json\/wp\/v2\/categories?post=10081"},{"taxonomy":"post_tag","embeddable":true,"href":"https:\/\/natus.com\/fr\/wp-json\/wp\/v2\/tags?post=10081"}],"curies":[{"name":"wp","href":"https:\/\/api.w.org\/{rel}","templated":true}]}}